{"id":137843,"date":"2026-04-28T10:35:32","date_gmt":"2026-04-28T08:35:32","guid":{"rendered":"https:\/\/webshopdistricoscom.webhosting.be\/product\/velona-k3-aiguilles-isolees-steriles-electrolyse-30-pcs-ref-8113\/"},"modified":"2026-04-28T10:35:33","modified_gmt":"2026-04-28T08:35:33","slug":"velona-k3-aiguilles-isolees-steriles-electrolyse-30-pcs-ref-8113","status":"publish","type":"product","link":"https:\/\/districos.standingout.be\/fr\/product\/velona-k3-aiguilles-isolees-steriles-electrolyse-30-pcs-ref-8113\/","title":{"rendered":"Velona K3 Aiguilles Isol\u00e9es St\u00e9riles \u00c9lectrolyse 30 pcs."},"content":{"rendered":"<p >\n<p dir=ltr>Recouvertes d\u2019une fine couche d\u2019isolation r\u00e9sistante \u00e0 la chaleur pour une plus grande s\u00e9curit\u00e9. Mod\u00e8le K, diam\u00e8tre de la tige est de 0,8 mm. Aussi pour \u00e9pilations HF et thermolyse. <\/p>\n<p> Mod\u00e8le : K3, nr.3 poils moyens<br \/> Emballage : 30 pi\u00e8ces<\/p><\/p>\n","protected":false},"excerpt":{"rendered":"<p>Recouvertes d\u2019une fine couche d\u2019isolation r\u00e9sistante \u00e0 la chaleur pour une plus grande s\u00e9curit\u00e9. Mod\u00e8le K, diam\u00e8tre de la tige est de 0,8 mm. Aussi pour \u00e9pilations HF et thermolyse. Mod\u00e8le : K3, nr.3 poils moyens Emballage : 30 pi\u00e8ces<\/p>\n","protected":false},"featured_media":79208,"comment_status":"open","ping_status":"closed","template":"","meta":{"_acf_changed":false},"product_brand":[10598],"product_cat":[9918],"product_tag":[],"class_list":{"0":"post-137843","1":"product","2":"type-product","3":"status-publish","4":"has-post-thumbnail","6":"product_brand-velona-fr","7":"product_cat-beaute-epilation-epilation-laser","9":"first","10":"outofstock","11":"taxable","12":"shipping-taxable","13":"product-type-simple"},"acf":[],"yoast_head":"<!-- This site is optimized with the Yoast SEO plugin v27.3 - https:\/\/yoast.com\/product\/yoast-seo-wordpress\/ -->\n<title>Velona K3 Aiguilles Isol\u00e9es St\u00e9riles \u00c9lectrolyse 30 pcs. - Districos Webshop<\/title>\n<meta name=\"robots\" content=\"noindex, follow, max-snippet:-1, max-image-preview:large, max-video-preview:-1\" \/>\n<meta property=\"og:locale\" content=\"fr_FR\" \/>\n<meta property=\"og:type\" content=\"article\" \/>\n<meta property=\"og:title\" content=\"Velona K3 Aiguilles Isol\u00e9es St\u00e9riles \u00c9lectrolyse 30 pcs. - Districos Webshop\" \/>\n<meta property=\"og:description\" content=\"Recouvertes d\u2019une fine couche d\u2019isolation r\u00e9sistante \u00e0 la chaleur pour une plus grande s\u00e9curit\u00e9. Mod\u00e8le K, diam\u00e8tre de la tige est de 0,8 mm. Aussi pour \u00e9pilations HF et thermolyse. Mod\u00e8le : K3, nr.3 poils moyens Emballage : 30 pi\u00e8ces\" \/>\n<meta property=\"og:url\" content=\"https:\/\/districos.standingout.be\/fr\/product\/velona-k3-aiguilles-isolees-steriles-electrolyse-30-pcs-ref-8113\/\" \/>\n<meta property=\"og:site_name\" content=\"Districos Webshop\" \/>\n<meta property=\"article:modified_time\" content=\"2026-04-28T08:35:33+00:00\" \/>\n<meta name=\"twitter:card\" content=\"summary_large_image\" \/>\n<script type=\"application\/ld+json\" class=\"yoast-schema-graph\">{\"@context\":\"https:\\\/\\\/schema.org\",\"@graph\":[{\"@type\":\"WebPage\",\"@id\":\"https:\\\/\\\/districos.standingout.be\\\/fr\\\/product\\\/velona-k3-aiguilles-isolees-steriles-electrolyse-30-pcs-ref-8113\\\/\",\"url\":\"https:\\\/\\\/districos.standingout.be\\\/fr\\\/product\\\/velona-k3-aiguilles-isolees-steriles-electrolyse-30-pcs-ref-8113\\\/\",\"name\":\"Velona K3 Aiguilles Isol\u00e9es St\u00e9riles \u00c9lectrolyse 30 pcs. - Districos Webshop\",\"isPartOf\":{\"@id\":\"https:\\\/\\\/districos.standingout.be\\\/fr\\\/#website\"},\"primaryImageOfPage\":{\"@id\":\"https:\\\/\\\/districos.standingout.be\\\/fr\\\/product\\\/velona-k3-aiguilles-isolees-steriles-electrolyse-30-pcs-ref-8113\\\/#primaryimage\"},\"image\":{\"@id\":\"https:\\\/\\\/districos.standingout.be\\\/fr\\\/product\\\/velona-k3-aiguilles-isolees-steriles-electrolyse-30-pcs-ref-8113\\\/#primaryimage\"},\"thumbnailUrl\":\"https:\\\/\\\/districos.standingout.be\\\/wp-content\\\/uploads\\\/2025\\\/07\\\/8113@LowRes_1.png\",\"datePublished\":\"2026-04-28T08:35:32+00:00\",\"dateModified\":\"2026-04-28T08:35:33+00:00\",\"breadcrumb\":{\"@id\":\"https:\\\/\\\/districos.standingout.be\\\/fr\\\/product\\\/velona-k3-aiguilles-isolees-steriles-electrolyse-30-pcs-ref-8113\\\/#breadcrumb\"},\"inLanguage\":\"fr-FR\",\"potentialAction\":[{\"@type\":\"ReadAction\",\"target\":[\"https:\\\/\\\/districos.standingout.be\\\/fr\\\/product\\\/velona-k3-aiguilles-isolees-steriles-electrolyse-30-pcs-ref-8113\\\/\"]}]},{\"@type\":\"ImageObject\",\"inLanguage\":\"fr-FR\",\"@id\":\"https:\\\/\\\/districos.standingout.be\\\/fr\\\/product\\\/velona-k3-aiguilles-isolees-steriles-electrolyse-30-pcs-ref-8113\\\/#primaryimage\",\"url\":\"https:\\\/\\\/districos.standingout.be\\\/wp-content\\\/uploads\\\/2025\\\/07\\\/8113@LowRes_1.png\",\"contentUrl\":\"https:\\\/\\\/districos.standingout.be\\\/wp-content\\\/uploads\\\/2025\\\/07\\\/8113@LowRes_1.png\",\"width\":600,\"height\":600},{\"@type\":\"BreadcrumbList\",\"@id\":\"https:\\\/\\\/districos.standingout.be\\\/fr\\\/product\\\/velona-k3-aiguilles-isolees-steriles-electrolyse-30-pcs-ref-8113\\\/#breadcrumb\",\"itemListElement\":[{\"@type\":\"ListItem\",\"position\":1,\"name\":\"Home\",\"item\":\"https:\\\/\\\/districos.standingout.be\\\/fr\\\/bienvenue-chez-districos\\\/\"},{\"@type\":\"ListItem\",\"position\":2,\"name\":\"Boutique\",\"item\":\"https:\\\/\\\/districos.standingout.be\\\/fr\\\/boutique\\\/\"},{\"@type\":\"ListItem\",\"position\":3,\"name\":\"Velona K3 Aiguilles Isol\u00e9es St\u00e9riles \u00c9lectrolyse 30 pcs.\"}]},{\"@type\":\"WebSite\",\"@id\":\"https:\\\/\\\/districos.standingout.be\\\/fr\\\/#website\",\"url\":\"https:\\\/\\\/districos.standingout.be\\\/fr\\\/\",\"name\":\"Districos Webshop\",\"description\":\"\",\"publisher\":{\"@id\":\"https:\\\/\\\/districos.standingout.be\\\/fr\\\/#organization\"},\"potentialAction\":[{\"@type\":\"SearchAction\",\"target\":{\"@type\":\"EntryPoint\",\"urlTemplate\":\"https:\\\/\\\/districos.standingout.be\\\/fr\\\/?s={search_term_string}\"},\"query-input\":{\"@type\":\"PropertyValueSpecification\",\"valueRequired\":true,\"valueName\":\"search_term_string\"}}],\"inLanguage\":\"fr-FR\"},{\"@type\":\"Organization\",\"@id\":\"https:\\\/\\\/districos.standingout.be\\\/fr\\\/#organization\",\"name\":\"Districos Webshop\",\"url\":\"https:\\\/\\\/districos.standingout.be\\\/fr\\\/\",\"logo\":{\"@type\":\"ImageObject\",\"inLanguage\":\"fr-FR\",\"@id\":\"https:\\\/\\\/districos.standingout.be\\\/fr\\\/#\\\/schema\\\/logo\\\/image\\\/\",\"url\":\"https:\\\/\\\/districos.standingout.be\\\/wp-content\\\/uploads\\\/2022\\\/09\\\/Districos_Logo_Webshop.svg\",\"contentUrl\":\"https:\\\/\\\/districos.standingout.be\\\/wp-content\\\/uploads\\\/2022\\\/09\\\/Districos_Logo_Webshop.svg\",\"caption\":\"Districos Webshop\"},\"image\":{\"@id\":\"https:\\\/\\\/districos.standingout.be\\\/fr\\\/#\\\/schema\\\/logo\\\/image\\\/\"}}]}<\/script>\n<!-- \/ Yoast SEO plugin. -->","yoast_head_json":{"title":"Velona K3 Aiguilles Isol\u00e9es St\u00e9riles \u00c9lectrolyse 30 pcs. - Districos Webshop","robots":{"index":"noindex","follow":"follow","max-snippet":"max-snippet:-1","max-image-preview":"max-image-preview:large","max-video-preview":"max-video-preview:-1"},"og_locale":"fr_FR","og_type":"article","og_title":"Velona K3 Aiguilles Isol\u00e9es St\u00e9riles \u00c9lectrolyse 30 pcs. - Districos Webshop","og_description":"Recouvertes d\u2019une fine couche d\u2019isolation r\u00e9sistante \u00e0 la chaleur pour une plus grande s\u00e9curit\u00e9. Mod\u00e8le K, diam\u00e8tre de la tige est de 0,8 mm. Aussi pour \u00e9pilations HF et thermolyse. Mod\u00e8le : K3, nr.3 poils moyens Emballage : 30 pi\u00e8ces","og_url":"https:\/\/districos.standingout.be\/fr\/product\/velona-k3-aiguilles-isolees-steriles-electrolyse-30-pcs-ref-8113\/","og_site_name":"Districos Webshop","article_modified_time":"2026-04-28T08:35:33+00:00","twitter_card":"summary_large_image","schema":{"@context":"https:\/\/schema.org","@graph":[{"@type":"WebPage","@id":"https:\/\/districos.standingout.be\/fr\/product\/velona-k3-aiguilles-isolees-steriles-electrolyse-30-pcs-ref-8113\/","url":"https:\/\/districos.standingout.be\/fr\/product\/velona-k3-aiguilles-isolees-steriles-electrolyse-30-pcs-ref-8113\/","name":"Velona K3 Aiguilles Isol\u00e9es St\u00e9riles \u00c9lectrolyse 30 pcs. - Districos Webshop","isPartOf":{"@id":"https:\/\/districos.standingout.be\/fr\/#website"},"primaryImageOfPage":{"@id":"https:\/\/districos.standingout.be\/fr\/product\/velona-k3-aiguilles-isolees-steriles-electrolyse-30-pcs-ref-8113\/#primaryimage"},"image":{"@id":"https:\/\/districos.standingout.be\/fr\/product\/velona-k3-aiguilles-isolees-steriles-electrolyse-30-pcs-ref-8113\/#primaryimage"},"thumbnailUrl":"https:\/\/districos.standingout.be\/wp-content\/uploads\/2025\/07\/8113@LowRes_1.png","datePublished":"2026-04-28T08:35:32+00:00","dateModified":"2026-04-28T08:35:33+00:00","breadcrumb":{"@id":"https:\/\/districos.standingout.be\/fr\/product\/velona-k3-aiguilles-isolees-steriles-electrolyse-30-pcs-ref-8113\/#breadcrumb"},"inLanguage":"fr-FR","potentialAction":[{"@type":"ReadAction","target":["https:\/\/districos.standingout.be\/fr\/product\/velona-k3-aiguilles-isolees-steriles-electrolyse-30-pcs-ref-8113\/"]}]},{"@type":"ImageObject","inLanguage":"fr-FR","@id":"https:\/\/districos.standingout.be\/fr\/product\/velona-k3-aiguilles-isolees-steriles-electrolyse-30-pcs-ref-8113\/#primaryimage","url":"https:\/\/districos.standingout.be\/wp-content\/uploads\/2025\/07\/8113@LowRes_1.png","contentUrl":"https:\/\/districos.standingout.be\/wp-content\/uploads\/2025\/07\/8113@LowRes_1.png","width":600,"height":600},{"@type":"BreadcrumbList","@id":"https:\/\/districos.standingout.be\/fr\/product\/velona-k3-aiguilles-isolees-steriles-electrolyse-30-pcs-ref-8113\/#breadcrumb","itemListElement":[{"@type":"ListItem","position":1,"name":"Home","item":"https:\/\/districos.standingout.be\/fr\/bienvenue-chez-districos\/"},{"@type":"ListItem","position":2,"name":"Boutique","item":"https:\/\/districos.standingout.be\/fr\/boutique\/"},{"@type":"ListItem","position":3,"name":"Velona K3 Aiguilles Isol\u00e9es St\u00e9riles \u00c9lectrolyse 30 pcs."}]},{"@type":"WebSite","@id":"https:\/\/districos.standingout.be\/fr\/#website","url":"https:\/\/districos.standingout.be\/fr\/","name":"Districos Webshop","description":"","publisher":{"@id":"https:\/\/districos.standingout.be\/fr\/#organization"},"potentialAction":[{"@type":"SearchAction","target":{"@type":"EntryPoint","urlTemplate":"https:\/\/districos.standingout.be\/fr\/?s={search_term_string}"},"query-input":{"@type":"PropertyValueSpecification","valueRequired":true,"valueName":"search_term_string"}}],"inLanguage":"fr-FR"},{"@type":"Organization","@id":"https:\/\/districos.standingout.be\/fr\/#organization","name":"Districos Webshop","url":"https:\/\/districos.standingout.be\/fr\/","logo":{"@type":"ImageObject","inLanguage":"fr-FR","@id":"https:\/\/districos.standingout.be\/fr\/#\/schema\/logo\/image\/","url":"https:\/\/districos.standingout.be\/wp-content\/uploads\/2022\/09\/Districos_Logo_Webshop.svg","contentUrl":"https:\/\/districos.standingout.be\/wp-content\/uploads\/2022\/09\/Districos_Logo_Webshop.svg","caption":"Districos Webshop"},"image":{"@id":"https:\/\/districos.standingout.be\/fr\/#\/schema\/logo\/image\/"}}]}},"_links":{"self":[{"href":"https:\/\/districos.standingout.be\/fr\/wp-json\/wp\/v2\/product\/137843","targetHints":{"allow":["GET"]}}],"collection":[{"href":"https:\/\/districos.standingout.be\/fr\/wp-json\/wp\/v2\/product"}],"about":[{"href":"https:\/\/districos.standingout.be\/fr\/wp-json\/wp\/v2\/types\/product"}],"replies":[{"embeddable":true,"href":"https:\/\/districos.standingout.be\/fr\/wp-json\/wp\/v2\/comments?post=137843"}],"wp:featuredmedia":[{"embeddable":true,"href":"https:\/\/districos.standingout.be\/fr\/wp-json\/wp\/v2\/media\/79208"}],"wp:attachment":[{"href":"https:\/\/districos.standingout.be\/fr\/wp-json\/wp\/v2\/media?parent=137843"}],"wp:term":[{"taxonomy":"product_brand","embeddable":true,"href":"https:\/\/districos.standingout.be\/fr\/wp-json\/wp\/v2\/product_brand?post=137843"},{"taxonomy":"product_cat","embeddable":true,"href":"https:\/\/districos.standingout.be\/fr\/wp-json\/wp\/v2\/product_cat?post=137843"},{"taxonomy":"product_tag","embeddable":true,"href":"https:\/\/districos.standingout.be\/fr\/wp-json\/wp\/v2\/product_tag?post=137843"}],"curies":[{"name":"wp","href":"https:\/\/api.w.org\/{rel}","templated":true}]}}