{"id":137881,"date":"2026-04-28T10:35:58","date_gmt":"2026-04-28T08:35:58","guid":{"rendered":"https:\/\/webshopdistricoscom.webhosting.be\/product\/velona-gel-aloe-vera-500-ml-ref-8193\/"},"modified":"2026-04-28T10:36:00","modified_gmt":"2026-04-28T08:36:00","slug":"velona-gel-aloe-vera-500-ml-ref-8193","status":"publish","type":"product","link":"https:\/\/districos.standingout.be\/fr\/product\/velona-gel-aloe-vera-500-ml-ref-8193\/","title":{"rendered":"Velona Gel Aloe Vera 500 ml"},"content":{"rendered":"<p >\n<p><font size=\"2\"><span lang=\"FR\">Concentr\u00e9 \u00e0 99 % d\u2019Aloe vera avec un effet tr\u00e8s hydratant et apaisant. Le gel s\u2019utilise souvent apr\u00e8s des \u00e9pilations \u00e9lectriques ou du visage.<o:p><\/o:p><\/span><\/font><\/p>\n<p><font size=\"2\"><\/font><\/p>\n<ul>\n<li><font size=\"2\"><span lang=\"FR\">Gel vert frais.<\/span><\/font><\/li>\n<li><font size=\"2\"><span lang=\"FR\">Ne laisse aucune brillance ennuyeuse apr\u00e8s utilisation.<\/span><\/font><\/li>\n<li><font size=\"2\"><span lang=\"FR\">500 ml.<\/span><\/font><\/li>\n<\/ul>\n<p><font size=\"2\"><span lang=\"FR\"><b>Mode d\u2019emploi<o:p><\/o:p><\/b><\/span><\/font><\/p>\n<p><font size=\"2\"><\/font><\/p>\n<ul>\n<li><font size=\"2\"><span lang=\"FR\">Appliquez imm\u00e9diatement apr\u00e8s l\u2019\u00e9pilation pour rafra\u00eechir et apaiser la peau. <\/span><\/font><\/li>\n<li><font size=\"2\"><span lang=\"FR\">Peut \u00e9galement \u00eatre utilis\u00e9 sous la cr\u00e8me de jour pour une hydratation suppl\u00e9mentaire.<\/span><\/font><\/li>\n<\/ul>\n<p><font size=\"2\"><\/font><\/p>\n<p><font size=\"2\"><font size=\"2\"><span lang=\"FR\">Aussi disponible en 50 ml (<u><a href=\"https:\/\/districos.com\/ProductDetail\/8191\" target=\"_blank\" rel=\"noopener noreferrer nofollow\">r\u00e9f. 8191<\/a><\/u>) et en pr\u00e9sentoir de 9 x 50 ml (<u><a href=\"https:\/\/districos.com\/ProductDetail\/8191.01\" target=\"_blank\" rel=\"noopener noreferrer nofollow\">r\u00e9f. 8191.01<\/a><\/u>).<\/span><\/font><\/font><\/p>\n","protected":false},"excerpt":{"rendered":"<p>Concentr\u00e9 \u00e0 99 % d\u2019Aloe vera avec un effet tr\u00e8s hydratant et apaisant. Le gel s\u2019utilise souvent apr\u00e8s des \u00e9pilations \u00e9lectriques ou du visage. Gel vert frais. Ne laisse aucune brillance ennuyeuse apr\u00e8s utilisation. 500 ml. Mode d\u2019emploi Appliquez imm\u00e9diatement apr\u00e8s l\u2019\u00e9pilation pour rafra\u00eechir et apaiser la peau. Peut \u00e9galement \u00eatre utilis\u00e9 sous la cr\u00e8me [&hellip;]<\/p>\n","protected":false},"featured_media":79268,"comment_status":"open","ping_status":"closed","template":"","meta":{"_acf_changed":false},"product_brand":[10598],"product_cat":[9922],"product_tag":[],"class_list":{"0":"post-137881","1":"product","2":"type-product","3":"status-publish","4":"has-post-thumbnail","6":"product_brand-velona-fr","7":"product_cat-beaute-epilation-soins-pre-post-epilation","9":"first","10":"instock","11":"taxable","12":"shipping-taxable","13":"product-type-simple"},"acf":[],"yoast_head":"<!-- This site is optimized with the Yoast SEO plugin v27.3 - https:\/\/yoast.com\/product\/yoast-seo-wordpress\/ -->\n<title>Velona Gel Aloe Vera 500 ml - Districos Webshop<\/title>\n<meta name=\"robots\" content=\"noindex, follow, max-snippet:-1, max-image-preview:large, max-video-preview:-1\" \/>\n<meta property=\"og:locale\" content=\"fr_FR\" \/>\n<meta property=\"og:type\" content=\"article\" \/>\n<meta property=\"og:title\" content=\"Velona Gel Aloe Vera 500 ml - Districos Webshop\" \/>\n<meta property=\"og:description\" content=\"Concentr\u00e9 \u00e0 99 % d\u2019Aloe vera avec un effet tr\u00e8s hydratant et apaisant. Le gel s\u2019utilise souvent apr\u00e8s des \u00e9pilations \u00e9lectriques ou du visage. Gel vert frais. Ne laisse aucune brillance ennuyeuse apr\u00e8s utilisation. 500 ml. Mode d\u2019emploi Appliquez imm\u00e9diatement apr\u00e8s l\u2019\u00e9pilation pour rafra\u00eechir et apaiser la peau. Peut \u00e9galement \u00eatre utilis\u00e9 sous la cr\u00e8me [&hellip;]\" \/>\n<meta property=\"og:url\" content=\"https:\/\/districos.standingout.be\/fr\/product\/velona-gel-aloe-vera-500-ml-ref-8193\/\" \/>\n<meta property=\"og:site_name\" content=\"Districos Webshop\" \/>\n<meta property=\"article:modified_time\" content=\"2026-04-28T08:36:00+00:00\" \/>\n<meta name=\"twitter:card\" content=\"summary_large_image\" \/>\n<script type=\"application\/ld+json\" class=\"yoast-schema-graph\">{\"@context\":\"https:\\\/\\\/schema.org\",\"@graph\":[{\"@type\":\"WebPage\",\"@id\":\"https:\\\/\\\/districos.standingout.be\\\/fr\\\/product\\\/velona-gel-aloe-vera-500-ml-ref-8193\\\/\",\"url\":\"https:\\\/\\\/districos.standingout.be\\\/fr\\\/product\\\/velona-gel-aloe-vera-500-ml-ref-8193\\\/\",\"name\":\"Velona Gel Aloe Vera 500 ml - Districos Webshop\",\"isPartOf\":{\"@id\":\"https:\\\/\\\/districos.standingout.be\\\/fr\\\/#website\"},\"primaryImageOfPage\":{\"@id\":\"https:\\\/\\\/districos.standingout.be\\\/fr\\\/product\\\/velona-gel-aloe-vera-500-ml-ref-8193\\\/#primaryimage\"},\"image\":{\"@id\":\"https:\\\/\\\/districos.standingout.be\\\/fr\\\/product\\\/velona-gel-aloe-vera-500-ml-ref-8193\\\/#primaryimage\"},\"thumbnailUrl\":\"https:\\\/\\\/districos.standingout.be\\\/wp-content\\\/uploads\\\/2025\\\/07\\\/8193@LowRes_1_0.png\",\"datePublished\":\"2026-04-28T08:35:58+00:00\",\"dateModified\":\"2026-04-28T08:36:00+00:00\",\"breadcrumb\":{\"@id\":\"https:\\\/\\\/districos.standingout.be\\\/fr\\\/product\\\/velona-gel-aloe-vera-500-ml-ref-8193\\\/#breadcrumb\"},\"inLanguage\":\"fr-FR\",\"potentialAction\":[{\"@type\":\"ReadAction\",\"target\":[\"https:\\\/\\\/districos.standingout.be\\\/fr\\\/product\\\/velona-gel-aloe-vera-500-ml-ref-8193\\\/\"]}]},{\"@type\":\"ImageObject\",\"inLanguage\":\"fr-FR\",\"@id\":\"https:\\\/\\\/districos.standingout.be\\\/fr\\\/product\\\/velona-gel-aloe-vera-500-ml-ref-8193\\\/#primaryimage\",\"url\":\"https:\\\/\\\/districos.standingout.be\\\/wp-content\\\/uploads\\\/2025\\\/07\\\/8193@LowRes_1_0.png\",\"contentUrl\":\"https:\\\/\\\/districos.standingout.be\\\/wp-content\\\/uploads\\\/2025\\\/07\\\/8193@LowRes_1_0.png\",\"width\":600,\"height\":600},{\"@type\":\"BreadcrumbList\",\"@id\":\"https:\\\/\\\/districos.standingout.be\\\/fr\\\/product\\\/velona-gel-aloe-vera-500-ml-ref-8193\\\/#breadcrumb\",\"itemListElement\":[{\"@type\":\"ListItem\",\"position\":1,\"name\":\"Home\",\"item\":\"https:\\\/\\\/districos.standingout.be\\\/fr\\\/bienvenue-chez-districos\\\/\"},{\"@type\":\"ListItem\",\"position\":2,\"name\":\"Boutique\",\"item\":\"https:\\\/\\\/districos.standingout.be\\\/fr\\\/boutique\\\/\"},{\"@type\":\"ListItem\",\"position\":3,\"name\":\"Velona Gel Aloe Vera 500 ml\"}]},{\"@type\":\"WebSite\",\"@id\":\"https:\\\/\\\/districos.standingout.be\\\/fr\\\/#website\",\"url\":\"https:\\\/\\\/districos.standingout.be\\\/fr\\\/\",\"name\":\"Districos Webshop\",\"description\":\"\",\"publisher\":{\"@id\":\"https:\\\/\\\/districos.standingout.be\\\/fr\\\/#organization\"},\"potentialAction\":[{\"@type\":\"SearchAction\",\"target\":{\"@type\":\"EntryPoint\",\"urlTemplate\":\"https:\\\/\\\/districos.standingout.be\\\/fr\\\/?s={search_term_string}\"},\"query-input\":{\"@type\":\"PropertyValueSpecification\",\"valueRequired\":true,\"valueName\":\"search_term_string\"}}],\"inLanguage\":\"fr-FR\"},{\"@type\":\"Organization\",\"@id\":\"https:\\\/\\\/districos.standingout.be\\\/fr\\\/#organization\",\"name\":\"Districos Webshop\",\"url\":\"https:\\\/\\\/districos.standingout.be\\\/fr\\\/\",\"logo\":{\"@type\":\"ImageObject\",\"inLanguage\":\"fr-FR\",\"@id\":\"https:\\\/\\\/districos.standingout.be\\\/fr\\\/#\\\/schema\\\/logo\\\/image\\\/\",\"url\":\"https:\\\/\\\/districos.standingout.be\\\/wp-content\\\/uploads\\\/2022\\\/09\\\/Districos_Logo_Webshop.svg\",\"contentUrl\":\"https:\\\/\\\/districos.standingout.be\\\/wp-content\\\/uploads\\\/2022\\\/09\\\/Districos_Logo_Webshop.svg\",\"caption\":\"Districos Webshop\"},\"image\":{\"@id\":\"https:\\\/\\\/districos.standingout.be\\\/fr\\\/#\\\/schema\\\/logo\\\/image\\\/\"}}]}<\/script>\n<!-- \/ Yoast SEO plugin. -->","yoast_head_json":{"title":"Velona Gel Aloe Vera 500 ml - Districos Webshop","robots":{"index":"noindex","follow":"follow","max-snippet":"max-snippet:-1","max-image-preview":"max-image-preview:large","max-video-preview":"max-video-preview:-1"},"og_locale":"fr_FR","og_type":"article","og_title":"Velona Gel Aloe Vera 500 ml - Districos Webshop","og_description":"Concentr\u00e9 \u00e0 99 % d\u2019Aloe vera avec un effet tr\u00e8s hydratant et apaisant. Le gel s\u2019utilise souvent apr\u00e8s des \u00e9pilations \u00e9lectriques ou du visage. Gel vert frais. Ne laisse aucune brillance ennuyeuse apr\u00e8s utilisation. 500 ml. Mode d\u2019emploi Appliquez imm\u00e9diatement apr\u00e8s l\u2019\u00e9pilation pour rafra\u00eechir et apaiser la peau. Peut \u00e9galement \u00eatre utilis\u00e9 sous la cr\u00e8me [&hellip;]","og_url":"https:\/\/districos.standingout.be\/fr\/product\/velona-gel-aloe-vera-500-ml-ref-8193\/","og_site_name":"Districos Webshop","article_modified_time":"2026-04-28T08:36:00+00:00","twitter_card":"summary_large_image","schema":{"@context":"https:\/\/schema.org","@graph":[{"@type":"WebPage","@id":"https:\/\/districos.standingout.be\/fr\/product\/velona-gel-aloe-vera-500-ml-ref-8193\/","url":"https:\/\/districos.standingout.be\/fr\/product\/velona-gel-aloe-vera-500-ml-ref-8193\/","name":"Velona Gel Aloe Vera 500 ml - Districos Webshop","isPartOf":{"@id":"https:\/\/districos.standingout.be\/fr\/#website"},"primaryImageOfPage":{"@id":"https:\/\/districos.standingout.be\/fr\/product\/velona-gel-aloe-vera-500-ml-ref-8193\/#primaryimage"},"image":{"@id":"https:\/\/districos.standingout.be\/fr\/product\/velona-gel-aloe-vera-500-ml-ref-8193\/#primaryimage"},"thumbnailUrl":"https:\/\/districos.standingout.be\/wp-content\/uploads\/2025\/07\/8193@LowRes_1_0.png","datePublished":"2026-04-28T08:35:58+00:00","dateModified":"2026-04-28T08:36:00+00:00","breadcrumb":{"@id":"https:\/\/districos.standingout.be\/fr\/product\/velona-gel-aloe-vera-500-ml-ref-8193\/#breadcrumb"},"inLanguage":"fr-FR","potentialAction":[{"@type":"ReadAction","target":["https:\/\/districos.standingout.be\/fr\/product\/velona-gel-aloe-vera-500-ml-ref-8193\/"]}]},{"@type":"ImageObject","inLanguage":"fr-FR","@id":"https:\/\/districos.standingout.be\/fr\/product\/velona-gel-aloe-vera-500-ml-ref-8193\/#primaryimage","url":"https:\/\/districos.standingout.be\/wp-content\/uploads\/2025\/07\/8193@LowRes_1_0.png","contentUrl":"https:\/\/districos.standingout.be\/wp-content\/uploads\/2025\/07\/8193@LowRes_1_0.png","width":600,"height":600},{"@type":"BreadcrumbList","@id":"https:\/\/districos.standingout.be\/fr\/product\/velona-gel-aloe-vera-500-ml-ref-8193\/#breadcrumb","itemListElement":[{"@type":"ListItem","position":1,"name":"Home","item":"https:\/\/districos.standingout.be\/fr\/bienvenue-chez-districos\/"},{"@type":"ListItem","position":2,"name":"Boutique","item":"https:\/\/districos.standingout.be\/fr\/boutique\/"},{"@type":"ListItem","position":3,"name":"Velona Gel Aloe Vera 500 ml"}]},{"@type":"WebSite","@id":"https:\/\/districos.standingout.be\/fr\/#website","url":"https:\/\/districos.standingout.be\/fr\/","name":"Districos Webshop","description":"","publisher":{"@id":"https:\/\/districos.standingout.be\/fr\/#organization"},"potentialAction":[{"@type":"SearchAction","target":{"@type":"EntryPoint","urlTemplate":"https:\/\/districos.standingout.be\/fr\/?s={search_term_string}"},"query-input":{"@type":"PropertyValueSpecification","valueRequired":true,"valueName":"search_term_string"}}],"inLanguage":"fr-FR"},{"@type":"Organization","@id":"https:\/\/districos.standingout.be\/fr\/#organization","name":"Districos Webshop","url":"https:\/\/districos.standingout.be\/fr\/","logo":{"@type":"ImageObject","inLanguage":"fr-FR","@id":"https:\/\/districos.standingout.be\/fr\/#\/schema\/logo\/image\/","url":"https:\/\/districos.standingout.be\/wp-content\/uploads\/2022\/09\/Districos_Logo_Webshop.svg","contentUrl":"https:\/\/districos.standingout.be\/wp-content\/uploads\/2022\/09\/Districos_Logo_Webshop.svg","caption":"Districos Webshop"},"image":{"@id":"https:\/\/districos.standingout.be\/fr\/#\/schema\/logo\/image\/"}}]}},"_links":{"self":[{"href":"https:\/\/districos.standingout.be\/fr\/wp-json\/wp\/v2\/product\/137881","targetHints":{"allow":["GET"]}}],"collection":[{"href":"https:\/\/districos.standingout.be\/fr\/wp-json\/wp\/v2\/product"}],"about":[{"href":"https:\/\/districos.standingout.be\/fr\/wp-json\/wp\/v2\/types\/product"}],"replies":[{"embeddable":true,"href":"https:\/\/districos.standingout.be\/fr\/wp-json\/wp\/v2\/comments?post=137881"}],"wp:featuredmedia":[{"embeddable":true,"href":"https:\/\/districos.standingout.be\/fr\/wp-json\/wp\/v2\/media\/79268"}],"wp:attachment":[{"href":"https:\/\/districos.standingout.be\/fr\/wp-json\/wp\/v2\/media?parent=137881"}],"wp:term":[{"taxonomy":"product_brand","embeddable":true,"href":"https:\/\/districos.standingout.be\/fr\/wp-json\/wp\/v2\/product_brand?post=137881"},{"taxonomy":"product_cat","embeddable":true,"href":"https:\/\/districos.standingout.be\/fr\/wp-json\/wp\/v2\/product_cat?post=137881"},{"taxonomy":"product_tag","embeddable":true,"href":"https:\/\/districos.standingout.be\/fr\/wp-json\/wp\/v2\/product_tag?post=137881"}],"curies":[{"name":"wp","href":"https:\/\/api.w.org\/{rel}","templated":true}]}}