{"id":137883,"date":"2026-04-28T10:36:44","date_gmt":"2026-04-28T08:36:44","guid":{"rendered":"https:\/\/webshopdistricoscom.webhosting.be\/product\/depileve-ingrown-hair-prevention-kit-ref-8198-06-2\/"},"modified":"2026-04-28T10:36:47","modified_gmt":"2026-04-28T08:36:47","slug":"depileve-ingrown-hair-prevention-kit-ref-8198-06","status":"publish","type":"product","link":"https:\/\/districos.standingout.be\/fr\/product\/depileve-ingrown-hair-prevention-kit-ref-8198-06\/","title":{"rendered":"Depil\u00e8ve Ingrown Hair Prevention Kit"},"content":{"rendered":"<p >\n<\/p>\n<p dir=\"ltr\"><font size=\"2\">Profitez d\u2019une \u00e9pilation sans d\u00e9mangeaisons ? Gr\u00e2ce aux produits de soins \u00e0 domicile de Depil\u00e8ve, vous en \u00eates s\u00fbr !<\/font><\/p>\n<p dir=\"ltr\"><font size=\"2\"><\/font><\/p>\n<p dir=\"ltr\"><font size=\"2\"><\/font><\/p>\n<ul>\n<li><font size=\"2\"><font size=\"2\">1 x Foliscrub 150 ml<\/font><\/font><\/li>\n<li><font size=\"2\"><font size=\"2\">1 x Gant de gommage<\/font><\/font><\/li>\n<li><font size=\"2\"><font size=\"2\">1 x Foliserum 50 ml<\/font><\/font><\/li>\n<li><font size=\"2\"><font size=\"2\">1 x Folisan Roll-On 15 ml<\/font><\/font><\/li>\n<li><font size=\"2\"><font size=\"2\">Mode d\u2019emploi<\/font><\/font><\/li>\n<\/ul><\/p>\n","protected":false},"excerpt":{"rendered":"<p>Profitez d\u2019une \u00e9pilation sans d\u00e9mangeaisons ? Gr\u00e2ce aux produits de soins \u00e0 domicile de Depil\u00e8ve, vous en \u00eates s\u00fbr ! 1 x Foliscrub 150 ml 1 x Gant de gommage 1 x Foliserum 50 ml 1 x Folisan Roll-On 15 ml Mode d\u2019emploi<\/p>\n","protected":false},"featured_media":147782,"comment_status":"open","ping_status":"closed","template":"","meta":{"_acf_changed":false},"product_brand":[10376],"product_cat":[9922],"product_tag":[],"class_list":{"0":"post-137883","1":"product","2":"type-product","3":"status-publish","4":"has-post-thumbnail","6":"product_brand-depileve-fr","7":"product_cat-beaute-epilation-soins-pre-post-epilation","9":"first","10":"instock","11":"taxable","12":"shipping-taxable","13":"product-type-simple"},"acf":[],"yoast_head":"<!-- This site is optimized with the Yoast SEO plugin v27.3 - https:\/\/yoast.com\/product\/yoast-seo-wordpress\/ -->\n<title>Depil\u00e8ve Ingrown Hair Prevention Kit - Districos Webshop<\/title>\n<meta name=\"robots\" content=\"noindex, follow, max-snippet:-1, max-image-preview:large, max-video-preview:-1\" \/>\n<meta property=\"og:locale\" content=\"fr_FR\" \/>\n<meta property=\"og:type\" content=\"article\" \/>\n<meta property=\"og:title\" content=\"Depil\u00e8ve Ingrown Hair Prevention Kit - Districos Webshop\" \/>\n<meta property=\"og:description\" content=\"Profitez d\u2019une \u00e9pilation sans d\u00e9mangeaisons ? Gr\u00e2ce aux produits de soins \u00e0 domicile de Depil\u00e8ve, vous en \u00eates s\u00fbr ! 1 x Foliscrub 150 ml 1 x Gant de gommage 1 x Foliserum 50 ml 1 x Folisan Roll-On 15 ml Mode d\u2019emploi\" \/>\n<meta property=\"og:url\" content=\"https:\/\/districos.standingout.be\/fr\/product\/depileve-ingrown-hair-prevention-kit-ref-8198-06\/\" \/>\n<meta property=\"og:site_name\" content=\"Districos Webshop\" \/>\n<meta property=\"article:modified_time\" content=\"2026-04-28T08:36:47+00:00\" \/>\n<meta name=\"twitter:card\" content=\"summary_large_image\" \/>\n<script type=\"application\/ld+json\" class=\"yoast-schema-graph\">{\"@context\":\"https:\\\/\\\/schema.org\",\"@graph\":[{\"@type\":\"WebPage\",\"@id\":\"https:\\\/\\\/districos.standingout.be\\\/fr\\\/product\\\/depileve-ingrown-hair-prevention-kit-ref-8198-06\\\/\",\"url\":\"https:\\\/\\\/districos.standingout.be\\\/fr\\\/product\\\/depileve-ingrown-hair-prevention-kit-ref-8198-06\\\/\",\"name\":\"Depil\u00e8ve Ingrown Hair Prevention Kit - Districos Webshop\",\"isPartOf\":{\"@id\":\"https:\\\/\\\/districos.standingout.be\\\/fr\\\/#website\"},\"primaryImageOfPage\":{\"@id\":\"https:\\\/\\\/districos.standingout.be\\\/fr\\\/product\\\/depileve-ingrown-hair-prevention-kit-ref-8198-06\\\/#primaryimage\"},\"image\":{\"@id\":\"https:\\\/\\\/districos.standingout.be\\\/fr\\\/product\\\/depileve-ingrown-hair-prevention-kit-ref-8198-06\\\/#primaryimage\"},\"thumbnailUrl\":\"https:\\\/\\\/districos.standingout.be\\\/wp-content\\\/uploads\\\/2026\\\/04\\\/8198.06@Ingrown-Hair-Prevention-Verkoopskit_1-1.png\",\"datePublished\":\"2026-04-28T08:36:44+00:00\",\"dateModified\":\"2026-04-28T08:36:47+00:00\",\"breadcrumb\":{\"@id\":\"https:\\\/\\\/districos.standingout.be\\\/fr\\\/product\\\/depileve-ingrown-hair-prevention-kit-ref-8198-06\\\/#breadcrumb\"},\"inLanguage\":\"fr-FR\",\"potentialAction\":[{\"@type\":\"ReadAction\",\"target\":[\"https:\\\/\\\/districos.standingout.be\\\/fr\\\/product\\\/depileve-ingrown-hair-prevention-kit-ref-8198-06\\\/\"]}]},{\"@type\":\"ImageObject\",\"inLanguage\":\"fr-FR\",\"@id\":\"https:\\\/\\\/districos.standingout.be\\\/fr\\\/product\\\/depileve-ingrown-hair-prevention-kit-ref-8198-06\\\/#primaryimage\",\"url\":\"https:\\\/\\\/districos.standingout.be\\\/wp-content\\\/uploads\\\/2026\\\/04\\\/8198.06@Ingrown-Hair-Prevention-Verkoopskit_1-1.png\",\"contentUrl\":\"https:\\\/\\\/districos.standingout.be\\\/wp-content\\\/uploads\\\/2026\\\/04\\\/8198.06@Ingrown-Hair-Prevention-Verkoopskit_1-1.png\",\"width\":600,\"height\":600},{\"@type\":\"BreadcrumbList\",\"@id\":\"https:\\\/\\\/districos.standingout.be\\\/fr\\\/product\\\/depileve-ingrown-hair-prevention-kit-ref-8198-06\\\/#breadcrumb\",\"itemListElement\":[{\"@type\":\"ListItem\",\"position\":1,\"name\":\"Home\",\"item\":\"https:\\\/\\\/districos.standingout.be\\\/fr\\\/bienvenue-chez-districos\\\/\"},{\"@type\":\"ListItem\",\"position\":2,\"name\":\"Boutique\",\"item\":\"https:\\\/\\\/districos.standingout.be\\\/fr\\\/boutique\\\/\"},{\"@type\":\"ListItem\",\"position\":3,\"name\":\"Depil\u00e8ve Ingrown Hair Prevention Kit\"}]},{\"@type\":\"WebSite\",\"@id\":\"https:\\\/\\\/districos.standingout.be\\\/fr\\\/#website\",\"url\":\"https:\\\/\\\/districos.standingout.be\\\/fr\\\/\",\"name\":\"Districos Webshop\",\"description\":\"\",\"publisher\":{\"@id\":\"https:\\\/\\\/districos.standingout.be\\\/fr\\\/#organization\"},\"potentialAction\":[{\"@type\":\"SearchAction\",\"target\":{\"@type\":\"EntryPoint\",\"urlTemplate\":\"https:\\\/\\\/districos.standingout.be\\\/fr\\\/?s={search_term_string}\"},\"query-input\":{\"@type\":\"PropertyValueSpecification\",\"valueRequired\":true,\"valueName\":\"search_term_string\"}}],\"inLanguage\":\"fr-FR\"},{\"@type\":\"Organization\",\"@id\":\"https:\\\/\\\/districos.standingout.be\\\/fr\\\/#organization\",\"name\":\"Districos Webshop\",\"url\":\"https:\\\/\\\/districos.standingout.be\\\/fr\\\/\",\"logo\":{\"@type\":\"ImageObject\",\"inLanguage\":\"fr-FR\",\"@id\":\"https:\\\/\\\/districos.standingout.be\\\/fr\\\/#\\\/schema\\\/logo\\\/image\\\/\",\"url\":\"https:\\\/\\\/districos.standingout.be\\\/wp-content\\\/uploads\\\/2022\\\/09\\\/Districos_Logo_Webshop.svg\",\"contentUrl\":\"https:\\\/\\\/districos.standingout.be\\\/wp-content\\\/uploads\\\/2022\\\/09\\\/Districos_Logo_Webshop.svg\",\"caption\":\"Districos Webshop\"},\"image\":{\"@id\":\"https:\\\/\\\/districos.standingout.be\\\/fr\\\/#\\\/schema\\\/logo\\\/image\\\/\"}}]}<\/script>\n<!-- \/ Yoast SEO plugin. -->","yoast_head_json":{"title":"Depil\u00e8ve Ingrown Hair Prevention Kit - Districos Webshop","robots":{"index":"noindex","follow":"follow","max-snippet":"max-snippet:-1","max-image-preview":"max-image-preview:large","max-video-preview":"max-video-preview:-1"},"og_locale":"fr_FR","og_type":"article","og_title":"Depil\u00e8ve Ingrown Hair Prevention Kit - Districos Webshop","og_description":"Profitez d\u2019une \u00e9pilation sans d\u00e9mangeaisons ? Gr\u00e2ce aux produits de soins \u00e0 domicile de Depil\u00e8ve, vous en \u00eates s\u00fbr ! 1 x Foliscrub 150 ml 1 x Gant de gommage 1 x Foliserum 50 ml 1 x Folisan Roll-On 15 ml Mode d\u2019emploi","og_url":"https:\/\/districos.standingout.be\/fr\/product\/depileve-ingrown-hair-prevention-kit-ref-8198-06\/","og_site_name":"Districos Webshop","article_modified_time":"2026-04-28T08:36:47+00:00","twitter_card":"summary_large_image","schema":{"@context":"https:\/\/schema.org","@graph":[{"@type":"WebPage","@id":"https:\/\/districos.standingout.be\/fr\/product\/depileve-ingrown-hair-prevention-kit-ref-8198-06\/","url":"https:\/\/districos.standingout.be\/fr\/product\/depileve-ingrown-hair-prevention-kit-ref-8198-06\/","name":"Depil\u00e8ve Ingrown Hair Prevention Kit - Districos Webshop","isPartOf":{"@id":"https:\/\/districos.standingout.be\/fr\/#website"},"primaryImageOfPage":{"@id":"https:\/\/districos.standingout.be\/fr\/product\/depileve-ingrown-hair-prevention-kit-ref-8198-06\/#primaryimage"},"image":{"@id":"https:\/\/districos.standingout.be\/fr\/product\/depileve-ingrown-hair-prevention-kit-ref-8198-06\/#primaryimage"},"thumbnailUrl":"https:\/\/districos.standingout.be\/wp-content\/uploads\/2026\/04\/8198.06@Ingrown-Hair-Prevention-Verkoopskit_1-1.png","datePublished":"2026-04-28T08:36:44+00:00","dateModified":"2026-04-28T08:36:47+00:00","breadcrumb":{"@id":"https:\/\/districos.standingout.be\/fr\/product\/depileve-ingrown-hair-prevention-kit-ref-8198-06\/#breadcrumb"},"inLanguage":"fr-FR","potentialAction":[{"@type":"ReadAction","target":["https:\/\/districos.standingout.be\/fr\/product\/depileve-ingrown-hair-prevention-kit-ref-8198-06\/"]}]},{"@type":"ImageObject","inLanguage":"fr-FR","@id":"https:\/\/districos.standingout.be\/fr\/product\/depileve-ingrown-hair-prevention-kit-ref-8198-06\/#primaryimage","url":"https:\/\/districos.standingout.be\/wp-content\/uploads\/2026\/04\/8198.06@Ingrown-Hair-Prevention-Verkoopskit_1-1.png","contentUrl":"https:\/\/districos.standingout.be\/wp-content\/uploads\/2026\/04\/8198.06@Ingrown-Hair-Prevention-Verkoopskit_1-1.png","width":600,"height":600},{"@type":"BreadcrumbList","@id":"https:\/\/districos.standingout.be\/fr\/product\/depileve-ingrown-hair-prevention-kit-ref-8198-06\/#breadcrumb","itemListElement":[{"@type":"ListItem","position":1,"name":"Home","item":"https:\/\/districos.standingout.be\/fr\/bienvenue-chez-districos\/"},{"@type":"ListItem","position":2,"name":"Boutique","item":"https:\/\/districos.standingout.be\/fr\/boutique\/"},{"@type":"ListItem","position":3,"name":"Depil\u00e8ve Ingrown Hair Prevention Kit"}]},{"@type":"WebSite","@id":"https:\/\/districos.standingout.be\/fr\/#website","url":"https:\/\/districos.standingout.be\/fr\/","name":"Districos Webshop","description":"","publisher":{"@id":"https:\/\/districos.standingout.be\/fr\/#organization"},"potentialAction":[{"@type":"SearchAction","target":{"@type":"EntryPoint","urlTemplate":"https:\/\/districos.standingout.be\/fr\/?s={search_term_string}"},"query-input":{"@type":"PropertyValueSpecification","valueRequired":true,"valueName":"search_term_string"}}],"inLanguage":"fr-FR"},{"@type":"Organization","@id":"https:\/\/districos.standingout.be\/fr\/#organization","name":"Districos Webshop","url":"https:\/\/districos.standingout.be\/fr\/","logo":{"@type":"ImageObject","inLanguage":"fr-FR","@id":"https:\/\/districos.standingout.be\/fr\/#\/schema\/logo\/image\/","url":"https:\/\/districos.standingout.be\/wp-content\/uploads\/2022\/09\/Districos_Logo_Webshop.svg","contentUrl":"https:\/\/districos.standingout.be\/wp-content\/uploads\/2022\/09\/Districos_Logo_Webshop.svg","caption":"Districos Webshop"},"image":{"@id":"https:\/\/districos.standingout.be\/fr\/#\/schema\/logo\/image\/"}}]}},"_links":{"self":[{"href":"https:\/\/districos.standingout.be\/fr\/wp-json\/wp\/v2\/product\/137883","targetHints":{"allow":["GET"]}}],"collection":[{"href":"https:\/\/districos.standingout.be\/fr\/wp-json\/wp\/v2\/product"}],"about":[{"href":"https:\/\/districos.standingout.be\/fr\/wp-json\/wp\/v2\/types\/product"}],"replies":[{"embeddable":true,"href":"https:\/\/districos.standingout.be\/fr\/wp-json\/wp\/v2\/comments?post=137883"}],"wp:featuredmedia":[{"embeddable":true,"href":"https:\/\/districos.standingout.be\/fr\/wp-json\/wp\/v2\/media\/147782"}],"wp:attachment":[{"href":"https:\/\/districos.standingout.be\/fr\/wp-json\/wp\/v2\/media?parent=137883"}],"wp:term":[{"taxonomy":"product_brand","embeddable":true,"href":"https:\/\/districos.standingout.be\/fr\/wp-json\/wp\/v2\/product_brand?post=137883"},{"taxonomy":"product_cat","embeddable":true,"href":"https:\/\/districos.standingout.be\/fr\/wp-json\/wp\/v2\/product_cat?post=137883"},{"taxonomy":"product_tag","embeddable":true,"href":"https:\/\/districos.standingout.be\/fr\/wp-json\/wp\/v2\/product_tag?post=137883"}],"curies":[{"name":"wp","href":"https:\/\/api.w.org\/{rel}","templated":true}]}}