{"id":137887,"date":"2026-04-28T10:36:52","date_gmt":"2026-04-28T08:36:52","guid":{"rendered":"https:\/\/webshopdistricoscom.webhosting.be\/product\/depileve-intimate-folisan-roll-on-15-ml-ref-8198-071-2\/"},"modified":"2026-04-28T10:36:54","modified_gmt":"2026-04-28T08:36:54","slug":"depileve-intimate-folisan-roll-on-15-ml-ref-8198-071","status":"publish","type":"product","link":"https:\/\/districos.standingout.be\/fr\/product\/depileve-intimate-folisan-roll-on-15-ml-ref-8198-071\/","title":{"rendered":"Depil\u00e8ve Intimate Folisan Roll-On 15 ml"},"content":{"rendered":"<p >\n<\/p>\n<\/p>\n<\/p>\n<p><font size=\"2\"><span lang=\"FR\"><b>Fini les poils incarn\u00e9s et les irritations cutan\u00e9es !<\/b><\/span><\/font><\/p>\n<p><font size=\"2\"><span lang=\"FR\">Vous avez des client(e)s qui \u00e9prouvent des probl\u00e8mes de poils incarn\u00e9s, d\u2019irritations cutan\u00e9es apr\u00e8s l\u2019\u00e9pilation \u00e0 la cire ou \u00e9lectrique ? Vous connaissez des hommes qui souffrent d\u2019une peau irrit\u00e9e apr\u00e8s le rasage ? Depil\u00e8ve vous pr\u00e9sente la vraie solution : Folisan.<\/span><\/font><\/p>\n<p><font size=\"2\"><span lang=\"FR\">Les ingr\u00e9dients actifs de cette lotion proviennent de l\u2019acide ac\u00e9tylsalicylique, adapt\u00e9 \u00e0 des applications cosm\u00e9tiques. La lotion combat tr\u00e8s efficacement les poils incarn\u00e9s (un probl\u00e8me fr\u00e9quent dans les environs de l\u2019aine apr\u00e8s l\u2019\u00e9pilation du bikini), des rougeurs et des irritations cutan\u00e9es.<\/span><\/font><\/p>\n<p><font size=\"2\"><span lang=\"FR\">Le produit convient aussi bien aux hommes qu\u2019aux femmes. Les hommes peuvent appliquer le Folisan pour traiter les poils incarn\u00e9s de barbe et de nuque et les femmes pour le bikini, les jambes, les aisselles et le visage. La lotion permet une exfoliation douce, ce qui stimule le renouvellement des tissus cutan\u00e9s et le rajeunissement de la peau. Les poils ont moins de difficult\u00e9s \u00e0 percer la peau et ne poussent plus dans la peau.<\/span><\/font><\/p>\n<p><font size=\"2\"><span lang=\"FR\"><b>ASTUCE<\/b><o:p><\/o:p><\/span><\/font><\/p>\n<p><font size=\"2\"><span lang=\"FR\">La combinaison id\u00e9ale : utilisez d\u2019abord le Folisan contre les poils incarn\u00e9s (\u00e0 partir de jour 1 jusqu\u2019\u00e0 ce que tous les poils aient perc\u00e9 l\u2019\u00e9piderme) et tout de suite apr\u00e8s le Foliprime + Folifree pour supprimer la repousse des poils (1 \u00e0 10 jours apr\u00e8s l\u2019\u00e9pilation).<\/span><\/font><\/p>\n<p><font size=\"2\"><span lang=\"FR\"><b>Mode d\u2019emploi<o:p><\/o:p><\/b><\/span><\/font><\/p>\n<p><font size=\"2\"><\/font><\/p>\n<ul>\n<li><font size=\"2\"><span lang=\"FR\">Rasage : appliquez quotidiennement apr\u00e8s le rasage comme aftershave.<\/span><\/font><\/li>\n<li><font size=\"2\"><span lang=\"FR\">\u00c9pilation \u00e0 la cire : appliquez 2 fois par jour, id\u00e9alement apr\u00e8s la douche ou le bain, jusqu\u2019\u00e0 ce que les poils percent la surface de la peau et ne peuvent plus pousser sous la peau. Peut \u00e9galement \u00eatre appliqu\u00e9 juste apr\u00e8s l\u2019\u00e9pilation afin d\u2019\u00e9viter des inflammations des follicules pileux. Utilisez le flacon de 150 ml avec un coton, le roll-on peut \u00eatre appliqu\u00e9 directement sur la peau.<\/span><\/font><\/li>\n<li><font size=\"2\"><span lang=\"FR\">\u00c9pilation \u00e9lectrique : utilisez tout de suite apr\u00e8s le soin pour r\u00e9duire des rougeurs et irritations.<\/span><\/font><\/li>\n<\/ul>\n<p><font size=\"2\"><span lang=\"FR\"><b>Conseils d\u2019utilisation<o:p><\/o:p><\/b><\/span><\/font><\/p>\n<p><font size=\"2\"><\/font><\/p>\n<ul>\n<li><font size=\"2\"><span lang=\"FR\">Ne convient pas aux client(e)s allergiques \u00e0 l\u2019acide ac\u00e9tylsalicylique.<\/span><\/font><\/li>\n<li><font size=\"2\"><span lang=\"FR\">Ne convient pas aux femmes enceintes.<\/span><\/font><\/li>\n<li><font size=\"2\"><span lang=\"FR\">Vendez cette lotion \u00e0 vos client(e)s et proposez de l\u2019utiliser 2 fois par jour jusqu\u2019\u00e0 ce que les poils percent la peau.<\/span><\/font><\/li>\n<li><font size=\"2\"><span lang=\"FR\">\u00c9vitez de prendre des bains de soleil imm\u00e9diatement apr\u00e8s usage du Folisan et appliquez une cr\u00e8me solaire \u00e0 haut indice de protection sur les zones trait\u00e9es.<\/span><\/font><\/li>\n<li><font size=\"2\"><span lang=\"FR\">Quand la lotion se trouve dans un endroit froid, l\u2019acide salicylique se cristallise et vous pourriez remarquer des cristaux blancs dans le flacon. C\u2019est normal et ne pose pas de probl\u00e8mes. Une fois que la temp\u00e9rature augmente, l\u2019acide salicylique se r\u00e9sout et les cristaux disparaissent.<\/span><\/font><\/li>\n<\/ul>\n<div><font size=\"2\"><b>\u00c9galement disponible :<\/b><\/font><\/div>\n<div>\n<div>\n<ul>\n<li>Pr\u00e9sentoir Depil\u00e8ve Folisan Roll-On 6 x 15 ml (<a href=\"https:\/\/webshop.districos.com\/ProductDetail\/8198.07\" target=\"_blank\" rel=\"noopener noreferrer nofollow\">r\u00e9f. 8198.07<\/a>)<\/li>\n<li>Depil\u00e8ve Folisan 150 ml (<a href=\"https:\/\/webshop.districos.com\/ProductDetail\/8198.1\" target=\"_blank\" rel=\"noopener noreferrer nofollow\">r\u00e9f. 8198.1<\/a>)<\/li>\n<\/ul>\n<\/div>\n<\/div>\n","protected":false},"excerpt":{"rendered":"<p>Fini les poils incarn\u00e9s et les irritations cutan\u00e9es ! Vous avez des client(e)s qui \u00e9prouvent des probl\u00e8mes de poils incarn\u00e9s, d\u2019irritations cutan\u00e9es apr\u00e8s l\u2019\u00e9pilation \u00e0 la cire ou \u00e9lectrique ? Vous connaissez des hommes qui souffrent d\u2019une peau irrit\u00e9e apr\u00e8s le rasage ? Depil\u00e8ve vous pr\u00e9sente la vraie solution : Folisan. Les ingr\u00e9dients actifs de [&hellip;]<\/p>\n","protected":false},"featured_media":147788,"comment_status":"open","ping_status":"closed","template":"","meta":{"_acf_changed":false},"product_brand":[10376],"product_cat":[9922],"product_tag":[],"class_list":{"0":"post-137887","1":"product","2":"type-product","3":"status-publish","4":"has-post-thumbnail","6":"product_brand-depileve-fr","7":"product_cat-beaute-epilation-soins-pre-post-epilation","9":"first","10":"instock","11":"taxable","12":"shipping-taxable","13":"product-type-simple"},"acf":[],"yoast_head":"<!-- This site is optimized with the Yoast SEO plugin v27.3 - https:\/\/yoast.com\/product\/yoast-seo-wordpress\/ -->\n<title>Depil\u00e8ve Intimate Folisan Roll-On 15 ml - Districos Webshop<\/title>\n<meta name=\"robots\" content=\"noindex, follow, max-snippet:-1, max-image-preview:large, max-video-preview:-1\" \/>\n<meta property=\"og:locale\" content=\"fr_FR\" \/>\n<meta property=\"og:type\" content=\"article\" \/>\n<meta property=\"og:title\" content=\"Depil\u00e8ve Intimate Folisan Roll-On 15 ml - Districos Webshop\" \/>\n<meta property=\"og:description\" content=\"Fini les poils incarn\u00e9s et les irritations cutan\u00e9es ! Vous avez des client(e)s qui \u00e9prouvent des probl\u00e8mes de poils incarn\u00e9s, d\u2019irritations cutan\u00e9es apr\u00e8s l\u2019\u00e9pilation \u00e0 la cire ou \u00e9lectrique ? Vous connaissez des hommes qui souffrent d\u2019une peau irrit\u00e9e apr\u00e8s le rasage ? Depil\u00e8ve vous pr\u00e9sente la vraie solution : Folisan. Les ingr\u00e9dients actifs de [&hellip;]\" \/>\n<meta property=\"og:url\" content=\"https:\/\/districos.standingout.be\/fr\/product\/depileve-intimate-folisan-roll-on-15-ml-ref-8198-071\/\" \/>\n<meta property=\"og:site_name\" content=\"Districos Webshop\" \/>\n<meta property=\"article:modified_time\" content=\"2026-04-28T08:36:54+00:00\" \/>\n<meta name=\"twitter:card\" content=\"summary_large_image\" \/>\n<meta name=\"twitter:label1\" content=\"Dur\u00e9e de lecture estim\u00e9e\" \/>\n\t<meta name=\"twitter:data1\" content=\"2 minutes\" \/>\n<script type=\"application\/ld+json\" class=\"yoast-schema-graph\">{\"@context\":\"https:\\\/\\\/schema.org\",\"@graph\":[{\"@type\":\"WebPage\",\"@id\":\"https:\\\/\\\/districos.standingout.be\\\/fr\\\/product\\\/depileve-intimate-folisan-roll-on-15-ml-ref-8198-071\\\/\",\"url\":\"https:\\\/\\\/districos.standingout.be\\\/fr\\\/product\\\/depileve-intimate-folisan-roll-on-15-ml-ref-8198-071\\\/\",\"name\":\"Depil\u00e8ve Intimate Folisan Roll-On 15 ml - Districos Webshop\",\"isPartOf\":{\"@id\":\"https:\\\/\\\/districos.standingout.be\\\/fr\\\/#website\"},\"primaryImageOfPage\":{\"@id\":\"https:\\\/\\\/districos.standingout.be\\\/fr\\\/product\\\/depileve-intimate-folisan-roll-on-15-ml-ref-8198-071\\\/#primaryimage\"},\"image\":{\"@id\":\"https:\\\/\\\/districos.standingout.be\\\/fr\\\/product\\\/depileve-intimate-folisan-roll-on-15-ml-ref-8198-071\\\/#primaryimage\"},\"thumbnailUrl\":\"https:\\\/\\\/districos.standingout.be\\\/wp-content\\\/uploads\\\/2026\\\/04\\\/8198.071@Depileve-Folisan-Roll-On-15-ml_1-1.png\",\"datePublished\":\"2026-04-28T08:36:52+00:00\",\"dateModified\":\"2026-04-28T08:36:54+00:00\",\"breadcrumb\":{\"@id\":\"https:\\\/\\\/districos.standingout.be\\\/fr\\\/product\\\/depileve-intimate-folisan-roll-on-15-ml-ref-8198-071\\\/#breadcrumb\"},\"inLanguage\":\"fr-FR\",\"potentialAction\":[{\"@type\":\"ReadAction\",\"target\":[\"https:\\\/\\\/districos.standingout.be\\\/fr\\\/product\\\/depileve-intimate-folisan-roll-on-15-ml-ref-8198-071\\\/\"]}]},{\"@type\":\"ImageObject\",\"inLanguage\":\"fr-FR\",\"@id\":\"https:\\\/\\\/districos.standingout.be\\\/fr\\\/product\\\/depileve-intimate-folisan-roll-on-15-ml-ref-8198-071\\\/#primaryimage\",\"url\":\"https:\\\/\\\/districos.standingout.be\\\/wp-content\\\/uploads\\\/2026\\\/04\\\/8198.071@Depileve-Folisan-Roll-On-15-ml_1-1.png\",\"contentUrl\":\"https:\\\/\\\/districos.standingout.be\\\/wp-content\\\/uploads\\\/2026\\\/04\\\/8198.071@Depileve-Folisan-Roll-On-15-ml_1-1.png\",\"width\":600,\"height\":600},{\"@type\":\"BreadcrumbList\",\"@id\":\"https:\\\/\\\/districos.standingout.be\\\/fr\\\/product\\\/depileve-intimate-folisan-roll-on-15-ml-ref-8198-071\\\/#breadcrumb\",\"itemListElement\":[{\"@type\":\"ListItem\",\"position\":1,\"name\":\"Home\",\"item\":\"https:\\\/\\\/districos.standingout.be\\\/fr\\\/bienvenue-chez-districos\\\/\"},{\"@type\":\"ListItem\",\"position\":2,\"name\":\"Boutique\",\"item\":\"https:\\\/\\\/districos.standingout.be\\\/fr\\\/boutique\\\/\"},{\"@type\":\"ListItem\",\"position\":3,\"name\":\"Depil\u00e8ve Intimate Folisan Roll-On 15 ml\"}]},{\"@type\":\"WebSite\",\"@id\":\"https:\\\/\\\/districos.standingout.be\\\/fr\\\/#website\",\"url\":\"https:\\\/\\\/districos.standingout.be\\\/fr\\\/\",\"name\":\"Districos Webshop\",\"description\":\"\",\"publisher\":{\"@id\":\"https:\\\/\\\/districos.standingout.be\\\/fr\\\/#organization\"},\"potentialAction\":[{\"@type\":\"SearchAction\",\"target\":{\"@type\":\"EntryPoint\",\"urlTemplate\":\"https:\\\/\\\/districos.standingout.be\\\/fr\\\/?s={search_term_string}\"},\"query-input\":{\"@type\":\"PropertyValueSpecification\",\"valueRequired\":true,\"valueName\":\"search_term_string\"}}],\"inLanguage\":\"fr-FR\"},{\"@type\":\"Organization\",\"@id\":\"https:\\\/\\\/districos.standingout.be\\\/fr\\\/#organization\",\"name\":\"Districos Webshop\",\"url\":\"https:\\\/\\\/districos.standingout.be\\\/fr\\\/\",\"logo\":{\"@type\":\"ImageObject\",\"inLanguage\":\"fr-FR\",\"@id\":\"https:\\\/\\\/districos.standingout.be\\\/fr\\\/#\\\/schema\\\/logo\\\/image\\\/\",\"url\":\"https:\\\/\\\/districos.standingout.be\\\/wp-content\\\/uploads\\\/2022\\\/09\\\/Districos_Logo_Webshop.svg\",\"contentUrl\":\"https:\\\/\\\/districos.standingout.be\\\/wp-content\\\/uploads\\\/2022\\\/09\\\/Districos_Logo_Webshop.svg\",\"caption\":\"Districos Webshop\"},\"image\":{\"@id\":\"https:\\\/\\\/districos.standingout.be\\\/fr\\\/#\\\/schema\\\/logo\\\/image\\\/\"}}]}<\/script>\n<!-- \/ Yoast SEO plugin. -->","yoast_head_json":{"title":"Depil\u00e8ve Intimate Folisan Roll-On 15 ml - Districos Webshop","robots":{"index":"noindex","follow":"follow","max-snippet":"max-snippet:-1","max-image-preview":"max-image-preview:large","max-video-preview":"max-video-preview:-1"},"og_locale":"fr_FR","og_type":"article","og_title":"Depil\u00e8ve Intimate Folisan Roll-On 15 ml - Districos Webshop","og_description":"Fini les poils incarn\u00e9s et les irritations cutan\u00e9es ! Vous avez des client(e)s qui \u00e9prouvent des probl\u00e8mes de poils incarn\u00e9s, d\u2019irritations cutan\u00e9es apr\u00e8s l\u2019\u00e9pilation \u00e0 la cire ou \u00e9lectrique ? Vous connaissez des hommes qui souffrent d\u2019une peau irrit\u00e9e apr\u00e8s le rasage ? Depil\u00e8ve vous pr\u00e9sente la vraie solution : Folisan. Les ingr\u00e9dients actifs de [&hellip;]","og_url":"https:\/\/districos.standingout.be\/fr\/product\/depileve-intimate-folisan-roll-on-15-ml-ref-8198-071\/","og_site_name":"Districos Webshop","article_modified_time":"2026-04-28T08:36:54+00:00","twitter_card":"summary_large_image","twitter_misc":{"Dur\u00e9e de lecture estim\u00e9e":"2 minutes"},"schema":{"@context":"https:\/\/schema.org","@graph":[{"@type":"WebPage","@id":"https:\/\/districos.standingout.be\/fr\/product\/depileve-intimate-folisan-roll-on-15-ml-ref-8198-071\/","url":"https:\/\/districos.standingout.be\/fr\/product\/depileve-intimate-folisan-roll-on-15-ml-ref-8198-071\/","name":"Depil\u00e8ve Intimate Folisan Roll-On 15 ml - Districos Webshop","isPartOf":{"@id":"https:\/\/districos.standingout.be\/fr\/#website"},"primaryImageOfPage":{"@id":"https:\/\/districos.standingout.be\/fr\/product\/depileve-intimate-folisan-roll-on-15-ml-ref-8198-071\/#primaryimage"},"image":{"@id":"https:\/\/districos.standingout.be\/fr\/product\/depileve-intimate-folisan-roll-on-15-ml-ref-8198-071\/#primaryimage"},"thumbnailUrl":"https:\/\/districos.standingout.be\/wp-content\/uploads\/2026\/04\/8198.071@Depileve-Folisan-Roll-On-15-ml_1-1.png","datePublished":"2026-04-28T08:36:52+00:00","dateModified":"2026-04-28T08:36:54+00:00","breadcrumb":{"@id":"https:\/\/districos.standingout.be\/fr\/product\/depileve-intimate-folisan-roll-on-15-ml-ref-8198-071\/#breadcrumb"},"inLanguage":"fr-FR","potentialAction":[{"@type":"ReadAction","target":["https:\/\/districos.standingout.be\/fr\/product\/depileve-intimate-folisan-roll-on-15-ml-ref-8198-071\/"]}]},{"@type":"ImageObject","inLanguage":"fr-FR","@id":"https:\/\/districos.standingout.be\/fr\/product\/depileve-intimate-folisan-roll-on-15-ml-ref-8198-071\/#primaryimage","url":"https:\/\/districos.standingout.be\/wp-content\/uploads\/2026\/04\/8198.071@Depileve-Folisan-Roll-On-15-ml_1-1.png","contentUrl":"https:\/\/districos.standingout.be\/wp-content\/uploads\/2026\/04\/8198.071@Depileve-Folisan-Roll-On-15-ml_1-1.png","width":600,"height":600},{"@type":"BreadcrumbList","@id":"https:\/\/districos.standingout.be\/fr\/product\/depileve-intimate-folisan-roll-on-15-ml-ref-8198-071\/#breadcrumb","itemListElement":[{"@type":"ListItem","position":1,"name":"Home","item":"https:\/\/districos.standingout.be\/fr\/bienvenue-chez-districos\/"},{"@type":"ListItem","position":2,"name":"Boutique","item":"https:\/\/districos.standingout.be\/fr\/boutique\/"},{"@type":"ListItem","position":3,"name":"Depil\u00e8ve Intimate Folisan Roll-On 15 ml"}]},{"@type":"WebSite","@id":"https:\/\/districos.standingout.be\/fr\/#website","url":"https:\/\/districos.standingout.be\/fr\/","name":"Districos Webshop","description":"","publisher":{"@id":"https:\/\/districos.standingout.be\/fr\/#organization"},"potentialAction":[{"@type":"SearchAction","target":{"@type":"EntryPoint","urlTemplate":"https:\/\/districos.standingout.be\/fr\/?s={search_term_string}"},"query-input":{"@type":"PropertyValueSpecification","valueRequired":true,"valueName":"search_term_string"}}],"inLanguage":"fr-FR"},{"@type":"Organization","@id":"https:\/\/districos.standingout.be\/fr\/#organization","name":"Districos Webshop","url":"https:\/\/districos.standingout.be\/fr\/","logo":{"@type":"ImageObject","inLanguage":"fr-FR","@id":"https:\/\/districos.standingout.be\/fr\/#\/schema\/logo\/image\/","url":"https:\/\/districos.standingout.be\/wp-content\/uploads\/2022\/09\/Districos_Logo_Webshop.svg","contentUrl":"https:\/\/districos.standingout.be\/wp-content\/uploads\/2022\/09\/Districos_Logo_Webshop.svg","caption":"Districos Webshop"},"image":{"@id":"https:\/\/districos.standingout.be\/fr\/#\/schema\/logo\/image\/"}}]}},"_links":{"self":[{"href":"https:\/\/districos.standingout.be\/fr\/wp-json\/wp\/v2\/product\/137887","targetHints":{"allow":["GET"]}}],"collection":[{"href":"https:\/\/districos.standingout.be\/fr\/wp-json\/wp\/v2\/product"}],"about":[{"href":"https:\/\/districos.standingout.be\/fr\/wp-json\/wp\/v2\/types\/product"}],"replies":[{"embeddable":true,"href":"https:\/\/districos.standingout.be\/fr\/wp-json\/wp\/v2\/comments?post=137887"}],"wp:featuredmedia":[{"embeddable":true,"href":"https:\/\/districos.standingout.be\/fr\/wp-json\/wp\/v2\/media\/147788"}],"wp:attachment":[{"href":"https:\/\/districos.standingout.be\/fr\/wp-json\/wp\/v2\/media?parent=137887"}],"wp:term":[{"taxonomy":"product_brand","embeddable":true,"href":"https:\/\/districos.standingout.be\/fr\/wp-json\/wp\/v2\/product_brand?post=137887"},{"taxonomy":"product_cat","embeddable":true,"href":"https:\/\/districos.standingout.be\/fr\/wp-json\/wp\/v2\/product_cat?post=137887"},{"taxonomy":"product_tag","embeddable":true,"href":"https:\/\/districos.standingout.be\/fr\/wp-json\/wp\/v2\/product_tag?post=137887"}],"curies":[{"name":"wp","href":"https:\/\/api.w.org\/{rel}","templated":true}]}}