{"id":137895,"date":"2026-04-28T10:37:05","date_gmt":"2026-04-28T08:37:05","guid":{"rendered":"https:\/\/webshopdistricoscom.webhosting.be\/product\/depileve-foliserum-50-ml-ref-8198-32-2\/"},"modified":"2026-04-28T10:37:06","modified_gmt":"2026-04-28T08:37:06","slug":"depileve-foliserum-50-ml-ref-8198-32","status":"publish","type":"product","link":"https:\/\/districos.standingout.be\/fr\/product\/depileve-foliserum-50-ml-ref-8198-32\/","title":{"rendered":"Depil\u00e8ve Foliserum 50 ml"},"content":{"rendered":"<p >\n<\/p>\n<\/p>\n<p><font size=\"2\"><span lang=\"FR\">Le Foliserum est un s\u00e9rum intens\u00e9ment hydratant qui pr\u00e9vient les poils incarn\u00e9s apr\u00e8s l\u2019\u00e9pilation ou le rasage gr\u00e2ce \u00e0 l\u2019acide salicylique.<o:p><\/o:p><\/span><\/font><\/p>\n<p><font size=\"2\"><\/font><\/p>\n<ul>\n<li><font size=\"2\"><span lang=\"FR\">50 ml.<\/span><\/font><\/li>\n<\/ul>\n<p><font size=\"2\"><span lang=\"FR\"><b>Substances actives<o:p><\/o:p><\/b><\/span><\/font><\/p>\n<p><font size=\"2\"><\/font><\/p>\n<ul>\n<li><font size=\"2\"><span lang=\"FR\">L&rsquo;acide salicylique acc\u00e9l\u00e8re le renouvellement de la couche corn\u00e9e et \u00e9limine les cellules mortes de la peau&nbsp;afin que de nouveaux poils puissent pousser plus facilement.<\/span><\/font><\/li>\n<li><font size=\"2\"><span lang=\"FR\">La coenzyme Q10 et la vitamine E sont des antioxydants qui prot\u00e8gent et r\u00e9parent la peau apr\u00e8s l\u2019\u00e9pilation ou le rasage.<\/span><\/font><\/li>\n<li><font size=\"2\"><span lang=\"FR\">C\u00e9ramides sont des lipides (graisses) naturellement pr\u00e9sents dans la peau et essentiels pour soutenir la barri\u00e8re cutan\u00e9e et maintenir l\u2019hydratation de la peau.<\/span><\/font><\/li>\n<\/ul>\n<p><font size=\"2\"><span lang=\"FR\"><b>Mode d\u2019emploi<o:p><\/o:p><\/b><\/span><\/font><\/p>\n<p><font size=\"2\"><\/font><\/p>\n<ul>\n<li><font size=\"2\"><span lang=\"FR\">Appliquez g\u00e9n\u00e9reusement sur la zone \u00e0 traiter en massant doucement.<\/span><\/font><\/li>\n<li><font size=\"2\"><span lang=\"FR\">Appliquez le Foliserum sur une peau nettoy\u00e9e, le matin et le soir, jusqu&rsquo;\u00e0 10 jours apr\u00e8s le traitement.<\/span><\/font><\/li>\n<\/ul>\n<p><font size=\"2\"><span lang=\"FR\"><b>Conseils d\u2019utilisation<o:p><\/o:p><\/b><\/span><\/font><\/p>\n<p><font size=\"2\"><span lang=\"FR\">En cas de poils fortement incarn\u00e9es, utilisez le Foliserum en combinaison avec le <a href=\"https:\/\/districos.com\/ProductDetail\/8198.1\" target=\"_blank\" rel=\"noopener noreferrer nofollow\">Folisan<\/a>. <\/span><\/font><\/p>\n<p><font size=\"2\"><\/font><\/p>\n<p><font size=\"2\"><\/font><\/p>\n<p><font size=\"2\"><font size=\"2\"><font size=\"2\"><span lang=\"FR\">Aussi disponible en pr\u00e9sentoir avec 6 x 50 ml&nbsp;<\/span><\/font><\/font><\/font><span>(<\/span><a href=\"https:\/\/www.districos.com\/ProductDetail\/8198.3\"style=\"font-size: small;\" target=\"_blank\" rel=\"noopener noreferrer nofollow\"><font color=\"#0004ff\">r\u00e9f. 8198.3<\/font><\/a><span>).<\/span><\/p>\n","protected":false},"excerpt":{"rendered":"<p>Le Foliserum est un s\u00e9rum intens\u00e9ment hydratant qui pr\u00e9vient les poils incarn\u00e9s apr\u00e8s l\u2019\u00e9pilation ou le rasage gr\u00e2ce \u00e0 l\u2019acide salicylique. 50 ml. Substances actives L&rsquo;acide salicylique acc\u00e9l\u00e8re le renouvellement de la couche corn\u00e9e et \u00e9limine les cellules mortes de la peau&nbsp;afin que de nouveaux poils puissent pousser plus facilement. La coenzyme Q10 et la [&hellip;]<\/p>\n","protected":false},"featured_media":147796,"comment_status":"open","ping_status":"closed","template":"","meta":{"_acf_changed":false},"product_brand":[10376],"product_cat":[9922],"product_tag":[],"class_list":{"0":"post-137895","1":"product","2":"type-product","3":"status-publish","4":"has-post-thumbnail","6":"product_brand-depileve-fr","7":"product_cat-beaute-epilation-soins-pre-post-epilation","9":"first","10":"instock","11":"taxable","12":"shipping-taxable","13":"product-type-simple"},"acf":[],"yoast_head":"<!-- This site is optimized with the Yoast SEO plugin v27.3 - https:\/\/yoast.com\/product\/yoast-seo-wordpress\/ -->\n<title>Depil\u00e8ve Foliserum 50 ml - Districos Webshop<\/title>\n<meta name=\"robots\" content=\"noindex, follow, max-snippet:-1, max-image-preview:large, max-video-preview:-1\" \/>\n<meta property=\"og:locale\" content=\"fr_FR\" \/>\n<meta property=\"og:type\" content=\"article\" \/>\n<meta property=\"og:title\" content=\"Depil\u00e8ve Foliserum 50 ml - Districos Webshop\" \/>\n<meta property=\"og:description\" content=\"Le Foliserum est un s\u00e9rum intens\u00e9ment hydratant qui pr\u00e9vient les poils incarn\u00e9s apr\u00e8s l\u2019\u00e9pilation ou le rasage gr\u00e2ce \u00e0 l\u2019acide salicylique. 50 ml. Substances actives L&rsquo;acide salicylique acc\u00e9l\u00e8re le renouvellement de la couche corn\u00e9e et \u00e9limine les cellules mortes de la peau&nbsp;afin que de nouveaux poils puissent pousser plus facilement. La coenzyme Q10 et la [&hellip;]\" \/>\n<meta property=\"og:url\" content=\"https:\/\/districos.standingout.be\/fr\/product\/depileve-foliserum-50-ml-ref-8198-32\/\" \/>\n<meta property=\"og:site_name\" content=\"Districos Webshop\" \/>\n<meta property=\"article:modified_time\" content=\"2026-04-28T08:37:06+00:00\" \/>\n<meta name=\"twitter:card\" content=\"summary_large_image\" \/>\n<meta name=\"twitter:label1\" content=\"Dur\u00e9e de lecture estim\u00e9e\" \/>\n\t<meta name=\"twitter:data1\" content=\"1 minute\" \/>\n<script type=\"application\/ld+json\" class=\"yoast-schema-graph\">{\"@context\":\"https:\\\/\\\/schema.org\",\"@graph\":[{\"@type\":\"WebPage\",\"@id\":\"https:\\\/\\\/districos.standingout.be\\\/fr\\\/product\\\/depileve-foliserum-50-ml-ref-8198-32\\\/\",\"url\":\"https:\\\/\\\/districos.standingout.be\\\/fr\\\/product\\\/depileve-foliserum-50-ml-ref-8198-32\\\/\",\"name\":\"Depil\u00e8ve Foliserum 50 ml - Districos Webshop\",\"isPartOf\":{\"@id\":\"https:\\\/\\\/districos.standingout.be\\\/fr\\\/#website\"},\"primaryImageOfPage\":{\"@id\":\"https:\\\/\\\/districos.standingout.be\\\/fr\\\/product\\\/depileve-foliserum-50-ml-ref-8198-32\\\/#primaryimage\"},\"image\":{\"@id\":\"https:\\\/\\\/districos.standingout.be\\\/fr\\\/product\\\/depileve-foliserum-50-ml-ref-8198-32\\\/#primaryimage\"},\"thumbnailUrl\":\"https:\\\/\\\/districos.standingout.be\\\/wp-content\\\/uploads\\\/2026\\\/04\\\/8198.32@Depileve-Foliserum-50-ml_1-1.png\",\"datePublished\":\"2026-04-28T08:37:05+00:00\",\"dateModified\":\"2026-04-28T08:37:06+00:00\",\"breadcrumb\":{\"@id\":\"https:\\\/\\\/districos.standingout.be\\\/fr\\\/product\\\/depileve-foliserum-50-ml-ref-8198-32\\\/#breadcrumb\"},\"inLanguage\":\"fr-FR\",\"potentialAction\":[{\"@type\":\"ReadAction\",\"target\":[\"https:\\\/\\\/districos.standingout.be\\\/fr\\\/product\\\/depileve-foliserum-50-ml-ref-8198-32\\\/\"]}]},{\"@type\":\"ImageObject\",\"inLanguage\":\"fr-FR\",\"@id\":\"https:\\\/\\\/districos.standingout.be\\\/fr\\\/product\\\/depileve-foliserum-50-ml-ref-8198-32\\\/#primaryimage\",\"url\":\"https:\\\/\\\/districos.standingout.be\\\/wp-content\\\/uploads\\\/2026\\\/04\\\/8198.32@Depileve-Foliserum-50-ml_1-1.png\",\"contentUrl\":\"https:\\\/\\\/districos.standingout.be\\\/wp-content\\\/uploads\\\/2026\\\/04\\\/8198.32@Depileve-Foliserum-50-ml_1-1.png\",\"width\":600,\"height\":600},{\"@type\":\"BreadcrumbList\",\"@id\":\"https:\\\/\\\/districos.standingout.be\\\/fr\\\/product\\\/depileve-foliserum-50-ml-ref-8198-32\\\/#breadcrumb\",\"itemListElement\":[{\"@type\":\"ListItem\",\"position\":1,\"name\":\"Home\",\"item\":\"https:\\\/\\\/districos.standingout.be\\\/fr\\\/bienvenue-chez-districos\\\/\"},{\"@type\":\"ListItem\",\"position\":2,\"name\":\"Boutique\",\"item\":\"https:\\\/\\\/districos.standingout.be\\\/fr\\\/boutique\\\/\"},{\"@type\":\"ListItem\",\"position\":3,\"name\":\"Depil\u00e8ve Foliserum 50 ml\"}]},{\"@type\":\"WebSite\",\"@id\":\"https:\\\/\\\/districos.standingout.be\\\/fr\\\/#website\",\"url\":\"https:\\\/\\\/districos.standingout.be\\\/fr\\\/\",\"name\":\"Districos Webshop\",\"description\":\"\",\"publisher\":{\"@id\":\"https:\\\/\\\/districos.standingout.be\\\/fr\\\/#organization\"},\"potentialAction\":[{\"@type\":\"SearchAction\",\"target\":{\"@type\":\"EntryPoint\",\"urlTemplate\":\"https:\\\/\\\/districos.standingout.be\\\/fr\\\/?s={search_term_string}\"},\"query-input\":{\"@type\":\"PropertyValueSpecification\",\"valueRequired\":true,\"valueName\":\"search_term_string\"}}],\"inLanguage\":\"fr-FR\"},{\"@type\":\"Organization\",\"@id\":\"https:\\\/\\\/districos.standingout.be\\\/fr\\\/#organization\",\"name\":\"Districos Webshop\",\"url\":\"https:\\\/\\\/districos.standingout.be\\\/fr\\\/\",\"logo\":{\"@type\":\"ImageObject\",\"inLanguage\":\"fr-FR\",\"@id\":\"https:\\\/\\\/districos.standingout.be\\\/fr\\\/#\\\/schema\\\/logo\\\/image\\\/\",\"url\":\"https:\\\/\\\/districos.standingout.be\\\/wp-content\\\/uploads\\\/2022\\\/09\\\/Districos_Logo_Webshop.svg\",\"contentUrl\":\"https:\\\/\\\/districos.standingout.be\\\/wp-content\\\/uploads\\\/2022\\\/09\\\/Districos_Logo_Webshop.svg\",\"caption\":\"Districos Webshop\"},\"image\":{\"@id\":\"https:\\\/\\\/districos.standingout.be\\\/fr\\\/#\\\/schema\\\/logo\\\/image\\\/\"}}]}<\/script>\n<!-- \/ Yoast SEO plugin. -->","yoast_head_json":{"title":"Depil\u00e8ve Foliserum 50 ml - Districos Webshop","robots":{"index":"noindex","follow":"follow","max-snippet":"max-snippet:-1","max-image-preview":"max-image-preview:large","max-video-preview":"max-video-preview:-1"},"og_locale":"fr_FR","og_type":"article","og_title":"Depil\u00e8ve Foliserum 50 ml - Districos Webshop","og_description":"Le Foliserum est un s\u00e9rum intens\u00e9ment hydratant qui pr\u00e9vient les poils incarn\u00e9s apr\u00e8s l\u2019\u00e9pilation ou le rasage gr\u00e2ce \u00e0 l\u2019acide salicylique. 50 ml. Substances actives L&rsquo;acide salicylique acc\u00e9l\u00e8re le renouvellement de la couche corn\u00e9e et \u00e9limine les cellules mortes de la peau&nbsp;afin que de nouveaux poils puissent pousser plus facilement. La coenzyme Q10 et la [&hellip;]","og_url":"https:\/\/districos.standingout.be\/fr\/product\/depileve-foliserum-50-ml-ref-8198-32\/","og_site_name":"Districos Webshop","article_modified_time":"2026-04-28T08:37:06+00:00","twitter_card":"summary_large_image","twitter_misc":{"Dur\u00e9e de lecture estim\u00e9e":"1 minute"},"schema":{"@context":"https:\/\/schema.org","@graph":[{"@type":"WebPage","@id":"https:\/\/districos.standingout.be\/fr\/product\/depileve-foliserum-50-ml-ref-8198-32\/","url":"https:\/\/districos.standingout.be\/fr\/product\/depileve-foliserum-50-ml-ref-8198-32\/","name":"Depil\u00e8ve Foliserum 50 ml - Districos Webshop","isPartOf":{"@id":"https:\/\/districos.standingout.be\/fr\/#website"},"primaryImageOfPage":{"@id":"https:\/\/districos.standingout.be\/fr\/product\/depileve-foliserum-50-ml-ref-8198-32\/#primaryimage"},"image":{"@id":"https:\/\/districos.standingout.be\/fr\/product\/depileve-foliserum-50-ml-ref-8198-32\/#primaryimage"},"thumbnailUrl":"https:\/\/districos.standingout.be\/wp-content\/uploads\/2026\/04\/8198.32@Depileve-Foliserum-50-ml_1-1.png","datePublished":"2026-04-28T08:37:05+00:00","dateModified":"2026-04-28T08:37:06+00:00","breadcrumb":{"@id":"https:\/\/districos.standingout.be\/fr\/product\/depileve-foliserum-50-ml-ref-8198-32\/#breadcrumb"},"inLanguage":"fr-FR","potentialAction":[{"@type":"ReadAction","target":["https:\/\/districos.standingout.be\/fr\/product\/depileve-foliserum-50-ml-ref-8198-32\/"]}]},{"@type":"ImageObject","inLanguage":"fr-FR","@id":"https:\/\/districos.standingout.be\/fr\/product\/depileve-foliserum-50-ml-ref-8198-32\/#primaryimage","url":"https:\/\/districos.standingout.be\/wp-content\/uploads\/2026\/04\/8198.32@Depileve-Foliserum-50-ml_1-1.png","contentUrl":"https:\/\/districos.standingout.be\/wp-content\/uploads\/2026\/04\/8198.32@Depileve-Foliserum-50-ml_1-1.png","width":600,"height":600},{"@type":"BreadcrumbList","@id":"https:\/\/districos.standingout.be\/fr\/product\/depileve-foliserum-50-ml-ref-8198-32\/#breadcrumb","itemListElement":[{"@type":"ListItem","position":1,"name":"Home","item":"https:\/\/districos.standingout.be\/fr\/bienvenue-chez-districos\/"},{"@type":"ListItem","position":2,"name":"Boutique","item":"https:\/\/districos.standingout.be\/fr\/boutique\/"},{"@type":"ListItem","position":3,"name":"Depil\u00e8ve Foliserum 50 ml"}]},{"@type":"WebSite","@id":"https:\/\/districos.standingout.be\/fr\/#website","url":"https:\/\/districos.standingout.be\/fr\/","name":"Districos Webshop","description":"","publisher":{"@id":"https:\/\/districos.standingout.be\/fr\/#organization"},"potentialAction":[{"@type":"SearchAction","target":{"@type":"EntryPoint","urlTemplate":"https:\/\/districos.standingout.be\/fr\/?s={search_term_string}"},"query-input":{"@type":"PropertyValueSpecification","valueRequired":true,"valueName":"search_term_string"}}],"inLanguage":"fr-FR"},{"@type":"Organization","@id":"https:\/\/districos.standingout.be\/fr\/#organization","name":"Districos Webshop","url":"https:\/\/districos.standingout.be\/fr\/","logo":{"@type":"ImageObject","inLanguage":"fr-FR","@id":"https:\/\/districos.standingout.be\/fr\/#\/schema\/logo\/image\/","url":"https:\/\/districos.standingout.be\/wp-content\/uploads\/2022\/09\/Districos_Logo_Webshop.svg","contentUrl":"https:\/\/districos.standingout.be\/wp-content\/uploads\/2022\/09\/Districos_Logo_Webshop.svg","caption":"Districos Webshop"},"image":{"@id":"https:\/\/districos.standingout.be\/fr\/#\/schema\/logo\/image\/"}}]}},"_links":{"self":[{"href":"https:\/\/districos.standingout.be\/fr\/wp-json\/wp\/v2\/product\/137895","targetHints":{"allow":["GET"]}}],"collection":[{"href":"https:\/\/districos.standingout.be\/fr\/wp-json\/wp\/v2\/product"}],"about":[{"href":"https:\/\/districos.standingout.be\/fr\/wp-json\/wp\/v2\/types\/product"}],"replies":[{"embeddable":true,"href":"https:\/\/districos.standingout.be\/fr\/wp-json\/wp\/v2\/comments?post=137895"}],"wp:featuredmedia":[{"embeddable":true,"href":"https:\/\/districos.standingout.be\/fr\/wp-json\/wp\/v2\/media\/147796"}],"wp:attachment":[{"href":"https:\/\/districos.standingout.be\/fr\/wp-json\/wp\/v2\/media?parent=137895"}],"wp:term":[{"taxonomy":"product_brand","embeddable":true,"href":"https:\/\/districos.standingout.be\/fr\/wp-json\/wp\/v2\/product_brand?post=137895"},{"taxonomy":"product_cat","embeddable":true,"href":"https:\/\/districos.standingout.be\/fr\/wp-json\/wp\/v2\/product_cat?post=137895"},{"taxonomy":"product_tag","embeddable":true,"href":"https:\/\/districos.standingout.be\/fr\/wp-json\/wp\/v2\/product_tag?post=137895"}],"curies":[{"name":"wp","href":"https:\/\/api.w.org\/{rel}","templated":true}]}}