{"id":137897,"date":"2026-04-28T10:37:08","date_gmt":"2026-04-28T08:37:08","guid":{"rendered":"https:\/\/webshopdistricoscom.webhosting.be\/product\/depileve-folimousse-190-ml-ref-8198-4-2\/"},"modified":"2026-04-28T10:37:10","modified_gmt":"2026-04-28T08:37:10","slug":"depileve-folimousse-190-ml-ref-8198-4","status":"publish","type":"product","link":"https:\/\/districos.standingout.be\/fr\/product\/depileve-folimousse-190-ml-ref-8198-4\/","title":{"rendered":"Depil\u00e8ve Folimousse 190 ml"},"content":{"rendered":"<p >\n<p><font size=\"2\"><font face=\"Verdana\">Mousse qui rafra\u00eechit la peau, qui la d\u00e9gonfle apr\u00e8s l&rsquo;\u00e9pilation et qui aide en m\u00eame temps \u00e0 enlever les r\u00e9sidus de cire. Le produit procure \u00e0 la peau une sensation satin\u00e9e. Sa formule est bas\u00e9e sur un complexe v\u00e9g\u00e9tal qui freine la pousse des poils corporels.<\/font><\/font><\/p>\n<div>\n<ul>\n<li><font size=\"2\"><font face=\"Verdana\">190 ml.<\/font><\/font><\/li>\n<\/ul>\n<\/div>\n<div><b>Mode d&#8217;emploi<\/b><\/div>\n<p><font size=\"2\"><\/font><\/p>\n<div>\n<ul>\n<li><font size=\"2\">Appliquez le matin et le soir sur une peau nettoy\u00e9e pendant 10 jours apr\u00e8s l&rsquo;\u00e9pilation.<\/font><\/li>\n<li><font size=\"2\">Massez jusqu&rsquo;\u00e0 ce que la mousse soit compl\u00e8tement absorb\u00e9e.<\/font><\/li>\n<\/ul>\n<\/div>\n","protected":false},"excerpt":{"rendered":"<p>Mousse qui rafra\u00eechit la peau, qui la d\u00e9gonfle apr\u00e8s l&rsquo;\u00e9pilation et qui aide en m\u00eame temps \u00e0 enlever les r\u00e9sidus de cire. Le produit procure \u00e0 la peau une sensation satin\u00e9e. Sa formule est bas\u00e9e sur un complexe v\u00e9g\u00e9tal qui freine la pousse des poils corporels. 190 ml. Mode d&#8217;emploi Appliquez le matin et le [&hellip;]<\/p>\n","protected":false},"featured_media":79295,"comment_status":"open","ping_status":"closed","template":"","meta":{"_acf_changed":false},"product_brand":[10376],"product_cat":[9922],"product_tag":[],"class_list":{"0":"post-137897","1":"product","2":"type-product","3":"status-publish","4":"has-post-thumbnail","6":"product_brand-depileve-fr","7":"product_cat-beaute-epilation-soins-pre-post-epilation","9":"first","10":"instock","11":"taxable","12":"shipping-taxable","13":"product-type-simple"},"acf":[],"yoast_head":"<!-- This site is optimized with the Yoast SEO plugin v27.3 - https:\/\/yoast.com\/product\/yoast-seo-wordpress\/ -->\n<title>Depil\u00e8ve Folimousse 190 ml - Districos Webshop<\/title>\n<meta name=\"robots\" content=\"noindex, follow, max-snippet:-1, max-image-preview:large, max-video-preview:-1\" \/>\n<meta property=\"og:locale\" content=\"fr_FR\" \/>\n<meta property=\"og:type\" content=\"article\" \/>\n<meta property=\"og:title\" content=\"Depil\u00e8ve Folimousse 190 ml - Districos Webshop\" \/>\n<meta property=\"og:description\" content=\"Mousse qui rafra\u00eechit la peau, qui la d\u00e9gonfle apr\u00e8s l&rsquo;\u00e9pilation et qui aide en m\u00eame temps \u00e0 enlever les r\u00e9sidus de cire. Le produit procure \u00e0 la peau une sensation satin\u00e9e. Sa formule est bas\u00e9e sur un complexe v\u00e9g\u00e9tal qui freine la pousse des poils corporels. 190 ml. Mode d&#8217;emploi Appliquez le matin et le [&hellip;]\" \/>\n<meta property=\"og:url\" content=\"https:\/\/districos.standingout.be\/fr\/product\/depileve-folimousse-190-ml-ref-8198-4\/\" \/>\n<meta property=\"og:site_name\" content=\"Districos Webshop\" \/>\n<meta property=\"article:modified_time\" content=\"2026-04-28T08:37:10+00:00\" \/>\n<meta name=\"twitter:card\" content=\"summary_large_image\" \/>\n<script type=\"application\/ld+json\" class=\"yoast-schema-graph\">{\"@context\":\"https:\\\/\\\/schema.org\",\"@graph\":[{\"@type\":\"WebPage\",\"@id\":\"https:\\\/\\\/districos.standingout.be\\\/fr\\\/product\\\/depileve-folimousse-190-ml-ref-8198-4\\\/\",\"url\":\"https:\\\/\\\/districos.standingout.be\\\/fr\\\/product\\\/depileve-folimousse-190-ml-ref-8198-4\\\/\",\"name\":\"Depil\u00e8ve Folimousse 190 ml - Districos Webshop\",\"isPartOf\":{\"@id\":\"https:\\\/\\\/districos.standingout.be\\\/fr\\\/#website\"},\"primaryImageOfPage\":{\"@id\":\"https:\\\/\\\/districos.standingout.be\\\/fr\\\/product\\\/depileve-folimousse-190-ml-ref-8198-4\\\/#primaryimage\"},\"image\":{\"@id\":\"https:\\\/\\\/districos.standingout.be\\\/fr\\\/product\\\/depileve-folimousse-190-ml-ref-8198-4\\\/#primaryimage\"},\"thumbnailUrl\":\"https:\\\/\\\/districos.standingout.be\\\/wp-content\\\/uploads\\\/2025\\\/07\\\/8198.4@LowRes_1_0.png\",\"datePublished\":\"2026-04-28T08:37:08+00:00\",\"dateModified\":\"2026-04-28T08:37:10+00:00\",\"breadcrumb\":{\"@id\":\"https:\\\/\\\/districos.standingout.be\\\/fr\\\/product\\\/depileve-folimousse-190-ml-ref-8198-4\\\/#breadcrumb\"},\"inLanguage\":\"fr-FR\",\"potentialAction\":[{\"@type\":\"ReadAction\",\"target\":[\"https:\\\/\\\/districos.standingout.be\\\/fr\\\/product\\\/depileve-folimousse-190-ml-ref-8198-4\\\/\"]}]},{\"@type\":\"ImageObject\",\"inLanguage\":\"fr-FR\",\"@id\":\"https:\\\/\\\/districos.standingout.be\\\/fr\\\/product\\\/depileve-folimousse-190-ml-ref-8198-4\\\/#primaryimage\",\"url\":\"https:\\\/\\\/districos.standingout.be\\\/wp-content\\\/uploads\\\/2025\\\/07\\\/8198.4@LowRes_1_0.png\",\"contentUrl\":\"https:\\\/\\\/districos.standingout.be\\\/wp-content\\\/uploads\\\/2025\\\/07\\\/8198.4@LowRes_1_0.png\",\"width\":600,\"height\":600},{\"@type\":\"BreadcrumbList\",\"@id\":\"https:\\\/\\\/districos.standingout.be\\\/fr\\\/product\\\/depileve-folimousse-190-ml-ref-8198-4\\\/#breadcrumb\",\"itemListElement\":[{\"@type\":\"ListItem\",\"position\":1,\"name\":\"Home\",\"item\":\"https:\\\/\\\/districos.standingout.be\\\/fr\\\/bienvenue-chez-districos\\\/\"},{\"@type\":\"ListItem\",\"position\":2,\"name\":\"Boutique\",\"item\":\"https:\\\/\\\/districos.standingout.be\\\/fr\\\/boutique\\\/\"},{\"@type\":\"ListItem\",\"position\":3,\"name\":\"Depil\u00e8ve Folimousse 190 ml\"}]},{\"@type\":\"WebSite\",\"@id\":\"https:\\\/\\\/districos.standingout.be\\\/fr\\\/#website\",\"url\":\"https:\\\/\\\/districos.standingout.be\\\/fr\\\/\",\"name\":\"Districos Webshop\",\"description\":\"\",\"publisher\":{\"@id\":\"https:\\\/\\\/districos.standingout.be\\\/fr\\\/#organization\"},\"potentialAction\":[{\"@type\":\"SearchAction\",\"target\":{\"@type\":\"EntryPoint\",\"urlTemplate\":\"https:\\\/\\\/districos.standingout.be\\\/fr\\\/?s={search_term_string}\"},\"query-input\":{\"@type\":\"PropertyValueSpecification\",\"valueRequired\":true,\"valueName\":\"search_term_string\"}}],\"inLanguage\":\"fr-FR\"},{\"@type\":\"Organization\",\"@id\":\"https:\\\/\\\/districos.standingout.be\\\/fr\\\/#organization\",\"name\":\"Districos Webshop\",\"url\":\"https:\\\/\\\/districos.standingout.be\\\/fr\\\/\",\"logo\":{\"@type\":\"ImageObject\",\"inLanguage\":\"fr-FR\",\"@id\":\"https:\\\/\\\/districos.standingout.be\\\/fr\\\/#\\\/schema\\\/logo\\\/image\\\/\",\"url\":\"https:\\\/\\\/districos.standingout.be\\\/wp-content\\\/uploads\\\/2022\\\/09\\\/Districos_Logo_Webshop.svg\",\"contentUrl\":\"https:\\\/\\\/districos.standingout.be\\\/wp-content\\\/uploads\\\/2022\\\/09\\\/Districos_Logo_Webshop.svg\",\"caption\":\"Districos Webshop\"},\"image\":{\"@id\":\"https:\\\/\\\/districos.standingout.be\\\/fr\\\/#\\\/schema\\\/logo\\\/image\\\/\"}}]}<\/script>\n<!-- \/ Yoast SEO plugin. -->","yoast_head_json":{"title":"Depil\u00e8ve Folimousse 190 ml - Districos Webshop","robots":{"index":"noindex","follow":"follow","max-snippet":"max-snippet:-1","max-image-preview":"max-image-preview:large","max-video-preview":"max-video-preview:-1"},"og_locale":"fr_FR","og_type":"article","og_title":"Depil\u00e8ve Folimousse 190 ml - Districos Webshop","og_description":"Mousse qui rafra\u00eechit la peau, qui la d\u00e9gonfle apr\u00e8s l&rsquo;\u00e9pilation et qui aide en m\u00eame temps \u00e0 enlever les r\u00e9sidus de cire. Le produit procure \u00e0 la peau une sensation satin\u00e9e. Sa formule est bas\u00e9e sur un complexe v\u00e9g\u00e9tal qui freine la pousse des poils corporels. 190 ml. Mode d&#8217;emploi Appliquez le matin et le [&hellip;]","og_url":"https:\/\/districos.standingout.be\/fr\/product\/depileve-folimousse-190-ml-ref-8198-4\/","og_site_name":"Districos Webshop","article_modified_time":"2026-04-28T08:37:10+00:00","twitter_card":"summary_large_image","schema":{"@context":"https:\/\/schema.org","@graph":[{"@type":"WebPage","@id":"https:\/\/districos.standingout.be\/fr\/product\/depileve-folimousse-190-ml-ref-8198-4\/","url":"https:\/\/districos.standingout.be\/fr\/product\/depileve-folimousse-190-ml-ref-8198-4\/","name":"Depil\u00e8ve Folimousse 190 ml - Districos Webshop","isPartOf":{"@id":"https:\/\/districos.standingout.be\/fr\/#website"},"primaryImageOfPage":{"@id":"https:\/\/districos.standingout.be\/fr\/product\/depileve-folimousse-190-ml-ref-8198-4\/#primaryimage"},"image":{"@id":"https:\/\/districos.standingout.be\/fr\/product\/depileve-folimousse-190-ml-ref-8198-4\/#primaryimage"},"thumbnailUrl":"https:\/\/districos.standingout.be\/wp-content\/uploads\/2025\/07\/8198.4@LowRes_1_0.png","datePublished":"2026-04-28T08:37:08+00:00","dateModified":"2026-04-28T08:37:10+00:00","breadcrumb":{"@id":"https:\/\/districos.standingout.be\/fr\/product\/depileve-folimousse-190-ml-ref-8198-4\/#breadcrumb"},"inLanguage":"fr-FR","potentialAction":[{"@type":"ReadAction","target":["https:\/\/districos.standingout.be\/fr\/product\/depileve-folimousse-190-ml-ref-8198-4\/"]}]},{"@type":"ImageObject","inLanguage":"fr-FR","@id":"https:\/\/districos.standingout.be\/fr\/product\/depileve-folimousse-190-ml-ref-8198-4\/#primaryimage","url":"https:\/\/districos.standingout.be\/wp-content\/uploads\/2025\/07\/8198.4@LowRes_1_0.png","contentUrl":"https:\/\/districos.standingout.be\/wp-content\/uploads\/2025\/07\/8198.4@LowRes_1_0.png","width":600,"height":600},{"@type":"BreadcrumbList","@id":"https:\/\/districos.standingout.be\/fr\/product\/depileve-folimousse-190-ml-ref-8198-4\/#breadcrumb","itemListElement":[{"@type":"ListItem","position":1,"name":"Home","item":"https:\/\/districos.standingout.be\/fr\/bienvenue-chez-districos\/"},{"@type":"ListItem","position":2,"name":"Boutique","item":"https:\/\/districos.standingout.be\/fr\/boutique\/"},{"@type":"ListItem","position":3,"name":"Depil\u00e8ve Folimousse 190 ml"}]},{"@type":"WebSite","@id":"https:\/\/districos.standingout.be\/fr\/#website","url":"https:\/\/districos.standingout.be\/fr\/","name":"Districos Webshop","description":"","publisher":{"@id":"https:\/\/districos.standingout.be\/fr\/#organization"},"potentialAction":[{"@type":"SearchAction","target":{"@type":"EntryPoint","urlTemplate":"https:\/\/districos.standingout.be\/fr\/?s={search_term_string}"},"query-input":{"@type":"PropertyValueSpecification","valueRequired":true,"valueName":"search_term_string"}}],"inLanguage":"fr-FR"},{"@type":"Organization","@id":"https:\/\/districos.standingout.be\/fr\/#organization","name":"Districos Webshop","url":"https:\/\/districos.standingout.be\/fr\/","logo":{"@type":"ImageObject","inLanguage":"fr-FR","@id":"https:\/\/districos.standingout.be\/fr\/#\/schema\/logo\/image\/","url":"https:\/\/districos.standingout.be\/wp-content\/uploads\/2022\/09\/Districos_Logo_Webshop.svg","contentUrl":"https:\/\/districos.standingout.be\/wp-content\/uploads\/2022\/09\/Districos_Logo_Webshop.svg","caption":"Districos Webshop"},"image":{"@id":"https:\/\/districos.standingout.be\/fr\/#\/schema\/logo\/image\/"}}]}},"_links":{"self":[{"href":"https:\/\/districos.standingout.be\/fr\/wp-json\/wp\/v2\/product\/137897","targetHints":{"allow":["GET"]}}],"collection":[{"href":"https:\/\/districos.standingout.be\/fr\/wp-json\/wp\/v2\/product"}],"about":[{"href":"https:\/\/districos.standingout.be\/fr\/wp-json\/wp\/v2\/types\/product"}],"replies":[{"embeddable":true,"href":"https:\/\/districos.standingout.be\/fr\/wp-json\/wp\/v2\/comments?post=137897"}],"wp:featuredmedia":[{"embeddable":true,"href":"https:\/\/districos.standingout.be\/fr\/wp-json\/wp\/v2\/media\/79295"}],"wp:attachment":[{"href":"https:\/\/districos.standingout.be\/fr\/wp-json\/wp\/v2\/media?parent=137897"}],"wp:term":[{"taxonomy":"product_brand","embeddable":true,"href":"https:\/\/districos.standingout.be\/fr\/wp-json\/wp\/v2\/product_brand?post=137897"},{"taxonomy":"product_cat","embeddable":true,"href":"https:\/\/districos.standingout.be\/fr\/wp-json\/wp\/v2\/product_cat?post=137897"},{"taxonomy":"product_tag","embeddable":true,"href":"https:\/\/districos.standingout.be\/fr\/wp-json\/wp\/v2\/product_tag?post=137897"}],"curies":[{"name":"wp","href":"https:\/\/api.w.org\/{rel}","templated":true}]}}