{"id":137901,"date":"2026-04-28T10:37:15","date_gmt":"2026-04-28T08:37:15","guid":{"rendered":"https:\/\/webshopdistricoscom.webhosting.be\/product\/presentoir-barbepil-folisan-man-6-x-10-ml-ref-8198-50\/"},"modified":"2026-04-28T10:37:18","modified_gmt":"2026-04-28T08:37:18","slug":"presentoir-barbepil-folisan-man-6-x-10-ml-ref-8198-50","status":"publish","type":"product","link":"https:\/\/districos.standingout.be\/fr\/product\/presentoir-barbepil-folisan-man-6-x-10-ml-ref-8198-50\/","title":{"rendered":"Pr\u00e9sentoir Barbepil Folisan Man 6 x 10 ml"},"content":{"rendered":"<p >\n<\/p>\n<p dir=\"ltr\">Folisan Man est le produit id\u00e9al pour une utilisation quotidienne \u00e0 domicile apr\u00e8s l&rsquo;\u00e9pilation ou le rasage. Le gel a \u00e9t\u00e9 sp\u00e9cialement d\u00e9velopp\u00e9 pour les zones les plus sensibles, telles le visage et la zone intime. La t\u00eate de rouleau pratique rend l&rsquo;application simple et efficace. Gr\u00e2ce \u00e0 l&rsquo;acide salicylique ajout\u00e9, Folisan Man est utilis\u00e9 pour le traitement local et la pr\u00e9vention des poils incarn\u00e9s et des inflammations des follicules pileux. La propri\u00e9t\u00e9 l\u00e9g\u00e8rement exfoliante de l&rsquo;acide salicylique garantit que les nouveaux poils peuvent percer plus rapidement et ne pas se coincer.<\/p>\n<p dir=\"ltr\">\n<ul>\n<li>Pr\u00e9sentoir : 6 x 10 ml.<\/li>\n<\/ul><\/p>\n","protected":false},"excerpt":{"rendered":"<p>Folisan Man est le produit id\u00e9al pour une utilisation quotidienne \u00e0 domicile apr\u00e8s l&rsquo;\u00e9pilation ou le rasage. Le gel a \u00e9t\u00e9 sp\u00e9cialement d\u00e9velopp\u00e9 pour les zones les plus sensibles, telles le visage et la zone intime. La t\u00eate de rouleau pratique rend l&rsquo;application simple et efficace. Gr\u00e2ce \u00e0 l&rsquo;acide salicylique ajout\u00e9, Folisan Man est utilis\u00e9 [&hellip;]<\/p>\n","protected":false},"featured_media":79301,"comment_status":"open","ping_status":"closed","template":"","meta":{"_acf_changed":false},"product_brand":[10376],"product_cat":[9922],"product_tag":[],"class_list":{"0":"post-137901","1":"product","2":"type-product","3":"status-publish","4":"has-post-thumbnail","6":"product_brand-depileve-fr","7":"product_cat-beaute-epilation-soins-pre-post-epilation","9":"first","10":"instock","11":"taxable","12":"shipping-taxable","13":"product-type-simple"},"acf":[],"yoast_head":"<!-- This site is optimized with the Yoast SEO plugin v27.3 - https:\/\/yoast.com\/product\/yoast-seo-wordpress\/ -->\n<title>Pr\u00e9sentoir Barbepil Folisan Man 6 x 10 ml - Districos Webshop<\/title>\n<meta name=\"robots\" content=\"noindex, follow, max-snippet:-1, max-image-preview:large, max-video-preview:-1\" \/>\n<meta property=\"og:locale\" content=\"fr_FR\" \/>\n<meta property=\"og:type\" content=\"article\" \/>\n<meta property=\"og:title\" content=\"Pr\u00e9sentoir Barbepil Folisan Man 6 x 10 ml - Districos Webshop\" \/>\n<meta property=\"og:description\" content=\"Folisan Man est le produit id\u00e9al pour une utilisation quotidienne \u00e0 domicile apr\u00e8s l&rsquo;\u00e9pilation ou le rasage. Le gel a \u00e9t\u00e9 sp\u00e9cialement d\u00e9velopp\u00e9 pour les zones les plus sensibles, telles le visage et la zone intime. La t\u00eate de rouleau pratique rend l&rsquo;application simple et efficace. Gr\u00e2ce \u00e0 l&rsquo;acide salicylique ajout\u00e9, Folisan Man est utilis\u00e9 [&hellip;]\" \/>\n<meta property=\"og:url\" content=\"https:\/\/districos.standingout.be\/fr\/product\/presentoir-barbepil-folisan-man-6-x-10-ml-ref-8198-50\/\" \/>\n<meta property=\"og:site_name\" content=\"Districos Webshop\" \/>\n<meta property=\"article:modified_time\" content=\"2026-04-28T08:37:18+00:00\" \/>\n<meta name=\"twitter:card\" content=\"summary_large_image\" \/>\n<meta name=\"twitter:label1\" content=\"Dur\u00e9e de lecture estim\u00e9e\" \/>\n\t<meta name=\"twitter:data1\" content=\"1 minute\" \/>\n<script type=\"application\/ld+json\" class=\"yoast-schema-graph\">{\"@context\":\"https:\\\/\\\/schema.org\",\"@graph\":[{\"@type\":\"WebPage\",\"@id\":\"https:\\\/\\\/districos.standingout.be\\\/fr\\\/product\\\/presentoir-barbepil-folisan-man-6-x-10-ml-ref-8198-50\\\/\",\"url\":\"https:\\\/\\\/districos.standingout.be\\\/fr\\\/product\\\/presentoir-barbepil-folisan-man-6-x-10-ml-ref-8198-50\\\/\",\"name\":\"Pr\u00e9sentoir Barbepil Folisan Man 6 x 10 ml - Districos Webshop\",\"isPartOf\":{\"@id\":\"https:\\\/\\\/districos.standingout.be\\\/fr\\\/#website\"},\"primaryImageOfPage\":{\"@id\":\"https:\\\/\\\/districos.standingout.be\\\/fr\\\/product\\\/presentoir-barbepil-folisan-man-6-x-10-ml-ref-8198-50\\\/#primaryimage\"},\"image\":{\"@id\":\"https:\\\/\\\/districos.standingout.be\\\/fr\\\/product\\\/presentoir-barbepil-folisan-man-6-x-10-ml-ref-8198-50\\\/#primaryimage\"},\"thumbnailUrl\":\"https:\\\/\\\/districos.standingout.be\\\/wp-content\\\/uploads\\\/2025\\\/07\\\/8198.50@LowRes_0.png\",\"datePublished\":\"2026-04-28T08:37:15+00:00\",\"dateModified\":\"2026-04-28T08:37:18+00:00\",\"breadcrumb\":{\"@id\":\"https:\\\/\\\/districos.standingout.be\\\/fr\\\/product\\\/presentoir-barbepil-folisan-man-6-x-10-ml-ref-8198-50\\\/#breadcrumb\"},\"inLanguage\":\"fr-FR\",\"potentialAction\":[{\"@type\":\"ReadAction\",\"target\":[\"https:\\\/\\\/districos.standingout.be\\\/fr\\\/product\\\/presentoir-barbepil-folisan-man-6-x-10-ml-ref-8198-50\\\/\"]}]},{\"@type\":\"ImageObject\",\"inLanguage\":\"fr-FR\",\"@id\":\"https:\\\/\\\/districos.standingout.be\\\/fr\\\/product\\\/presentoir-barbepil-folisan-man-6-x-10-ml-ref-8198-50\\\/#primaryimage\",\"url\":\"https:\\\/\\\/districos.standingout.be\\\/wp-content\\\/uploads\\\/2025\\\/07\\\/8198.50@LowRes_0.png\",\"contentUrl\":\"https:\\\/\\\/districos.standingout.be\\\/wp-content\\\/uploads\\\/2025\\\/07\\\/8198.50@LowRes_0.png\",\"width\":600,\"height\":600},{\"@type\":\"BreadcrumbList\",\"@id\":\"https:\\\/\\\/districos.standingout.be\\\/fr\\\/product\\\/presentoir-barbepil-folisan-man-6-x-10-ml-ref-8198-50\\\/#breadcrumb\",\"itemListElement\":[{\"@type\":\"ListItem\",\"position\":1,\"name\":\"Home\",\"item\":\"https:\\\/\\\/districos.standingout.be\\\/fr\\\/bienvenue-chez-districos\\\/\"},{\"@type\":\"ListItem\",\"position\":2,\"name\":\"Boutique\",\"item\":\"https:\\\/\\\/districos.standingout.be\\\/fr\\\/boutique\\\/\"},{\"@type\":\"ListItem\",\"position\":3,\"name\":\"Pr\u00e9sentoir Barbepil Folisan Man 6 x 10 ml\"}]},{\"@type\":\"WebSite\",\"@id\":\"https:\\\/\\\/districos.standingout.be\\\/fr\\\/#website\",\"url\":\"https:\\\/\\\/districos.standingout.be\\\/fr\\\/\",\"name\":\"Districos Webshop\",\"description\":\"\",\"publisher\":{\"@id\":\"https:\\\/\\\/districos.standingout.be\\\/fr\\\/#organization\"},\"potentialAction\":[{\"@type\":\"SearchAction\",\"target\":{\"@type\":\"EntryPoint\",\"urlTemplate\":\"https:\\\/\\\/districos.standingout.be\\\/fr\\\/?s={search_term_string}\"},\"query-input\":{\"@type\":\"PropertyValueSpecification\",\"valueRequired\":true,\"valueName\":\"search_term_string\"}}],\"inLanguage\":\"fr-FR\"},{\"@type\":\"Organization\",\"@id\":\"https:\\\/\\\/districos.standingout.be\\\/fr\\\/#organization\",\"name\":\"Districos Webshop\",\"url\":\"https:\\\/\\\/districos.standingout.be\\\/fr\\\/\",\"logo\":{\"@type\":\"ImageObject\",\"inLanguage\":\"fr-FR\",\"@id\":\"https:\\\/\\\/districos.standingout.be\\\/fr\\\/#\\\/schema\\\/logo\\\/image\\\/\",\"url\":\"https:\\\/\\\/districos.standingout.be\\\/wp-content\\\/uploads\\\/2022\\\/09\\\/Districos_Logo_Webshop.svg\",\"contentUrl\":\"https:\\\/\\\/districos.standingout.be\\\/wp-content\\\/uploads\\\/2022\\\/09\\\/Districos_Logo_Webshop.svg\",\"caption\":\"Districos Webshop\"},\"image\":{\"@id\":\"https:\\\/\\\/districos.standingout.be\\\/fr\\\/#\\\/schema\\\/logo\\\/image\\\/\"}}]}<\/script>\n<!-- \/ Yoast SEO plugin. -->","yoast_head_json":{"title":"Pr\u00e9sentoir Barbepil Folisan Man 6 x 10 ml - Districos Webshop","robots":{"index":"noindex","follow":"follow","max-snippet":"max-snippet:-1","max-image-preview":"max-image-preview:large","max-video-preview":"max-video-preview:-1"},"og_locale":"fr_FR","og_type":"article","og_title":"Pr\u00e9sentoir Barbepil Folisan Man 6 x 10 ml - Districos Webshop","og_description":"Folisan Man est le produit id\u00e9al pour une utilisation quotidienne \u00e0 domicile apr\u00e8s l&rsquo;\u00e9pilation ou le rasage. Le gel a \u00e9t\u00e9 sp\u00e9cialement d\u00e9velopp\u00e9 pour les zones les plus sensibles, telles le visage et la zone intime. La t\u00eate de rouleau pratique rend l&rsquo;application simple et efficace. Gr\u00e2ce \u00e0 l&rsquo;acide salicylique ajout\u00e9, Folisan Man est utilis\u00e9 [&hellip;]","og_url":"https:\/\/districos.standingout.be\/fr\/product\/presentoir-barbepil-folisan-man-6-x-10-ml-ref-8198-50\/","og_site_name":"Districos Webshop","article_modified_time":"2026-04-28T08:37:18+00:00","twitter_card":"summary_large_image","twitter_misc":{"Dur\u00e9e de lecture estim\u00e9e":"1 minute"},"schema":{"@context":"https:\/\/schema.org","@graph":[{"@type":"WebPage","@id":"https:\/\/districos.standingout.be\/fr\/product\/presentoir-barbepil-folisan-man-6-x-10-ml-ref-8198-50\/","url":"https:\/\/districos.standingout.be\/fr\/product\/presentoir-barbepil-folisan-man-6-x-10-ml-ref-8198-50\/","name":"Pr\u00e9sentoir Barbepil Folisan Man 6 x 10 ml - Districos Webshop","isPartOf":{"@id":"https:\/\/districos.standingout.be\/fr\/#website"},"primaryImageOfPage":{"@id":"https:\/\/districos.standingout.be\/fr\/product\/presentoir-barbepil-folisan-man-6-x-10-ml-ref-8198-50\/#primaryimage"},"image":{"@id":"https:\/\/districos.standingout.be\/fr\/product\/presentoir-barbepil-folisan-man-6-x-10-ml-ref-8198-50\/#primaryimage"},"thumbnailUrl":"https:\/\/districos.standingout.be\/wp-content\/uploads\/2025\/07\/8198.50@LowRes_0.png","datePublished":"2026-04-28T08:37:15+00:00","dateModified":"2026-04-28T08:37:18+00:00","breadcrumb":{"@id":"https:\/\/districos.standingout.be\/fr\/product\/presentoir-barbepil-folisan-man-6-x-10-ml-ref-8198-50\/#breadcrumb"},"inLanguage":"fr-FR","potentialAction":[{"@type":"ReadAction","target":["https:\/\/districos.standingout.be\/fr\/product\/presentoir-barbepil-folisan-man-6-x-10-ml-ref-8198-50\/"]}]},{"@type":"ImageObject","inLanguage":"fr-FR","@id":"https:\/\/districos.standingout.be\/fr\/product\/presentoir-barbepil-folisan-man-6-x-10-ml-ref-8198-50\/#primaryimage","url":"https:\/\/districos.standingout.be\/wp-content\/uploads\/2025\/07\/8198.50@LowRes_0.png","contentUrl":"https:\/\/districos.standingout.be\/wp-content\/uploads\/2025\/07\/8198.50@LowRes_0.png","width":600,"height":600},{"@type":"BreadcrumbList","@id":"https:\/\/districos.standingout.be\/fr\/product\/presentoir-barbepil-folisan-man-6-x-10-ml-ref-8198-50\/#breadcrumb","itemListElement":[{"@type":"ListItem","position":1,"name":"Home","item":"https:\/\/districos.standingout.be\/fr\/bienvenue-chez-districos\/"},{"@type":"ListItem","position":2,"name":"Boutique","item":"https:\/\/districos.standingout.be\/fr\/boutique\/"},{"@type":"ListItem","position":3,"name":"Pr\u00e9sentoir Barbepil Folisan Man 6 x 10 ml"}]},{"@type":"WebSite","@id":"https:\/\/districos.standingout.be\/fr\/#website","url":"https:\/\/districos.standingout.be\/fr\/","name":"Districos Webshop","description":"","publisher":{"@id":"https:\/\/districos.standingout.be\/fr\/#organization"},"potentialAction":[{"@type":"SearchAction","target":{"@type":"EntryPoint","urlTemplate":"https:\/\/districos.standingout.be\/fr\/?s={search_term_string}"},"query-input":{"@type":"PropertyValueSpecification","valueRequired":true,"valueName":"search_term_string"}}],"inLanguage":"fr-FR"},{"@type":"Organization","@id":"https:\/\/districos.standingout.be\/fr\/#organization","name":"Districos Webshop","url":"https:\/\/districos.standingout.be\/fr\/","logo":{"@type":"ImageObject","inLanguage":"fr-FR","@id":"https:\/\/districos.standingout.be\/fr\/#\/schema\/logo\/image\/","url":"https:\/\/districos.standingout.be\/wp-content\/uploads\/2022\/09\/Districos_Logo_Webshop.svg","contentUrl":"https:\/\/districos.standingout.be\/wp-content\/uploads\/2022\/09\/Districos_Logo_Webshop.svg","caption":"Districos Webshop"},"image":{"@id":"https:\/\/districos.standingout.be\/fr\/#\/schema\/logo\/image\/"}}]}},"_links":{"self":[{"href":"https:\/\/districos.standingout.be\/fr\/wp-json\/wp\/v2\/product\/137901","targetHints":{"allow":["GET"]}}],"collection":[{"href":"https:\/\/districos.standingout.be\/fr\/wp-json\/wp\/v2\/product"}],"about":[{"href":"https:\/\/districos.standingout.be\/fr\/wp-json\/wp\/v2\/types\/product"}],"replies":[{"embeddable":true,"href":"https:\/\/districos.standingout.be\/fr\/wp-json\/wp\/v2\/comments?post=137901"}],"wp:featuredmedia":[{"embeddable":true,"href":"https:\/\/districos.standingout.be\/fr\/wp-json\/wp\/v2\/media\/79301"}],"wp:attachment":[{"href":"https:\/\/districos.standingout.be\/fr\/wp-json\/wp\/v2\/media?parent=137901"}],"wp:term":[{"taxonomy":"product_brand","embeddable":true,"href":"https:\/\/districos.standingout.be\/fr\/wp-json\/wp\/v2\/product_brand?post=137901"},{"taxonomy":"product_cat","embeddable":true,"href":"https:\/\/districos.standingout.be\/fr\/wp-json\/wp\/v2\/product_cat?post=137901"},{"taxonomy":"product_tag","embeddable":true,"href":"https:\/\/districos.standingout.be\/fr\/wp-json\/wp\/v2\/product_tag?post=137901"}],"curies":[{"name":"wp","href":"https:\/\/api.w.org\/{rel}","templated":true}]}}