{"id":137913,"date":"2026-04-28T10:37:26","date_gmt":"2026-04-28T08:37:26","guid":{"rendered":"https:\/\/webshopdistricoscom.webhosting.be\/product\/laserskin-modele-de-table-ref-8210-002\/"},"modified":"2026-04-28T10:37:26","modified_gmt":"2026-04-28T08:37:26","slug":"laserskin-modele-de-table-ref-8210-002","status":"publish","type":"product","link":"https:\/\/districos.standingout.be\/fr\/product\/laserskin-modele-de-table-ref-8210-002\/","title":{"rendered":"LASERSKIN Mod\u00e8le de Table"},"content":{"rendered":"<p >\n<p><b>LASERSKIN : laser professionnel pour l&rsquo;\u00e9pilation permanente<\/b><\/p>\n<p>Ce laser pour l&rsquo;\u00e9pilation d\u00e9finitive fonctionne simultan\u00e9ment sur 4 longueurs d&rsquo;ondes diff\u00e9rentes et est id\u00e9al pour les femmes et les hommes, convient \u00e0 tous les types de poils, m\u00eame les plus clairs (\u00e0 l&rsquo;exception des poils blancs), \u00e0 tous les types de peaux (y compris les peaux fonc\u00e9es).<\/p>\n<p><b>La t\u00eate est refroidie (-10\u00b0C) pour une sensation de chaleur minimale. Gr\u00e2ce \u00e0 la technologie in-motion o\u00f9 le laser est effectu\u00e9 pendant que la t\u00eate est en mouvement, l&rsquo;\u00e9nergie et la chaleur ne s&rsquo;accumulent pas et le traitement est agr\u00e9able pour le client.<\/b><\/p>\n<p>Gr\u00e2ce \u00e0 ses roues, \u00e0 sa poign\u00e9e ergonomique et \u00e0 son grand \u00e9cran inclinable, le LASERSKIN est facile \u00e0 man\u0153uvrer.&nbsp;<b>Cela signifie que vous pouvez facilement vous d\u00e9placer autour du client et que vous pouvez toujours travailler sous le bon angle.<\/b><\/p>\n<p>La poign\u00e9e est \u00e9quip\u00e9e d&rsquo;une t\u00eate amovible pour traiter les plus petites zones du visage (<b>nez, oreilles, sourcils et contour de la barbe<\/b>).<\/p>\n<p>L&rsquo;interface utilisateur est tr\u00e8s intuitive, ce qui rend l&rsquo;appareil facile et s\u00fbr \u00e0 utiliser. En s\u00e9lectionnant la zone du corps et la couleur de peau appropri\u00e9es, les param\u00e8tres s&rsquo;affichent automatiquement.<\/p>\n<p><b>Sa technologie \u00e0 la pointe permet :<\/b><\/p>\n<\/p>\n<ul>\n<li><b>Un soin indolore<\/b>&nbsp;: gr\u00e2ce \u00e0 la technologie \u00ab Permanent Pulse \u00bb qui permet un balayage continu et au cristal r\u00e9frig\u00e9r\u00e9 (-10\u00b0C) qui \u00e9vite une surchauffe de la peau.<\/li>\n<li><b>Un soin rapide<\/b>&nbsp;: 10 minutes \u00e0 30 minutes pour les zones \u00e9tendues comme les jambes, le torse, le dos.<\/li>\n<li><b>Un soin efficace<\/b>&nbsp;d\u00e8s la premi\u00e8re s\u00e9ance d\u2019\u00e9pilation<\/li>\n<li><b>Des r\u00e9sultats durables<\/b>&nbsp;: r\u00e9sultats d\u00e9finitifs apr\u00e8s 6 \u00e0 8 s\u00e9ances (selon la zone et le type de poils).<\/li>\n<\/ul>\n<p><b>Les caract\u00e9ristiques techniques<\/b><\/p>\n<\/p>\n<ul>\n<li>Saphir : 12&#215;30 mm (1 \u00e0 10 Hz)<\/li>\n<li>T\u00eate r\u00e9frig\u00e9r\u00e9e : \u2013 10\u00b0C<\/li>\n<li>Intensit\u00e9 r\u00e9glable : 1 \u00e0 120 J\/cm2<\/li>\n<li>Mode : balayage continu<\/li>\n<li>Longueurs d\u2019ondes : 755 \u2013 808 \u2013 940 \u2013 1065 nm<\/li>\n<li>3 en 1 : Alexandrite \u2013 Diode Laser \u2013 NdYag<\/li>\n<li>\u00c9cran tactile<\/li>\n<li>Puissance : 3000 W<\/li>\n<li>Poids : 35 kg<\/li>\n<\/ul>\n","protected":false},"excerpt":{"rendered":"<p>LASERSKIN : laser professionnel pour l&rsquo;\u00e9pilation permanente Ce laser pour l&rsquo;\u00e9pilation d\u00e9finitive fonctionne simultan\u00e9ment sur 4 longueurs d&rsquo;ondes diff\u00e9rentes et est id\u00e9al pour les femmes et les hommes, convient \u00e0 tous les types de poils, m\u00eame les plus clairs (\u00e0 l&rsquo;exception des poils blancs), \u00e0 tous les types de peaux (y compris les peaux fonc\u00e9es). [&hellip;]<\/p>\n","protected":false},"featured_media":147802,"comment_status":"open","ping_status":"closed","template":"","meta":{"_acf_changed":false},"product_brand":[10466],"product_cat":[9918,9878],"product_tag":[],"class_list":{"0":"post-137913","1":"product","2":"type-product","3":"status-publish","4":"has-post-thumbnail","6":"product_brand-laserskin-fr","7":"product_cat-beaute-epilation-epilation-laser","8":"product_cat-beaute-corps-equipement","10":"first","11":"instock","12":"taxable","13":"shipping-taxable","14":"product-type-simple"},"acf":[],"yoast_head":"<!-- This site is optimized with the Yoast SEO plugin v27.3 - https:\/\/yoast.com\/product\/yoast-seo-wordpress\/ -->\n<title>LASERSKIN Mod\u00e8le de Table - Districos Webshop<\/title>\n<meta name=\"robots\" content=\"noindex, follow, max-snippet:-1, max-image-preview:large, max-video-preview:-1\" \/>\n<meta property=\"og:locale\" content=\"fr_FR\" \/>\n<meta property=\"og:type\" content=\"article\" \/>\n<meta property=\"og:title\" content=\"LASERSKIN Mod\u00e8le de Table - Districos Webshop\" \/>\n<meta property=\"og:description\" content=\"LASERSKIN : laser professionnel pour l&rsquo;\u00e9pilation permanente Ce laser pour l&rsquo;\u00e9pilation d\u00e9finitive fonctionne simultan\u00e9ment sur 4 longueurs d&rsquo;ondes diff\u00e9rentes et est id\u00e9al pour les femmes et les hommes, convient \u00e0 tous les types de poils, m\u00eame les plus clairs (\u00e0 l&rsquo;exception des poils blancs), \u00e0 tous les types de peaux (y compris les peaux fonc\u00e9es). [&hellip;]\" \/>\n<meta property=\"og:url\" content=\"https:\/\/districos.standingout.be\/fr\/product\/laserskin-modele-de-table-ref-8210-002\/\" \/>\n<meta property=\"og:site_name\" content=\"Districos Webshop\" \/>\n<meta name=\"twitter:card\" content=\"summary_large_image\" \/>\n<meta name=\"twitter:label1\" content=\"Dur\u00e9e de lecture estim\u00e9e\" \/>\n\t<meta name=\"twitter:data1\" content=\"2 minutes\" \/>\n<script type=\"application\/ld+json\" class=\"yoast-schema-graph\">{\"@context\":\"https:\\\/\\\/schema.org\",\"@graph\":[{\"@type\":\"WebPage\",\"@id\":\"https:\\\/\\\/districos.standingout.be\\\/fr\\\/product\\\/laserskin-modele-de-table-ref-8210-002\\\/\",\"url\":\"https:\\\/\\\/districos.standingout.be\\\/fr\\\/product\\\/laserskin-modele-de-table-ref-8210-002\\\/\",\"name\":\"LASERSKIN Mod\u00e8le de Table - Districos Webshop\",\"isPartOf\":{\"@id\":\"https:\\\/\\\/districos.standingout.be\\\/fr\\\/#website\"},\"primaryImageOfPage\":{\"@id\":\"https:\\\/\\\/districos.standingout.be\\\/fr\\\/product\\\/laserskin-modele-de-table-ref-8210-002\\\/#primaryimage\"},\"image\":{\"@id\":\"https:\\\/\\\/districos.standingout.be\\\/fr\\\/product\\\/laserskin-modele-de-table-ref-8210-002\\\/#primaryimage\"},\"thumbnailUrl\":\"https:\\\/\\\/districos.standingout.be\\\/wp-content\\\/uploads\\\/2026\\\/04\\\/8210.002@LASERSKIN-Tafelmodel_1-1.png\",\"datePublished\":\"2026-04-28T08:37:26+00:00\",\"breadcrumb\":{\"@id\":\"https:\\\/\\\/districos.standingout.be\\\/fr\\\/product\\\/laserskin-modele-de-table-ref-8210-002\\\/#breadcrumb\"},\"inLanguage\":\"fr-FR\",\"potentialAction\":[{\"@type\":\"ReadAction\",\"target\":[\"https:\\\/\\\/districos.standingout.be\\\/fr\\\/product\\\/laserskin-modele-de-table-ref-8210-002\\\/\"]}]},{\"@type\":\"ImageObject\",\"inLanguage\":\"fr-FR\",\"@id\":\"https:\\\/\\\/districos.standingout.be\\\/fr\\\/product\\\/laserskin-modele-de-table-ref-8210-002\\\/#primaryimage\",\"url\":\"https:\\\/\\\/districos.standingout.be\\\/wp-content\\\/uploads\\\/2026\\\/04\\\/8210.002@LASERSKIN-Tafelmodel_1-1.png\",\"contentUrl\":\"https:\\\/\\\/districos.standingout.be\\\/wp-content\\\/uploads\\\/2026\\\/04\\\/8210.002@LASERSKIN-Tafelmodel_1-1.png\",\"width\":600,\"height\":600},{\"@type\":\"BreadcrumbList\",\"@id\":\"https:\\\/\\\/districos.standingout.be\\\/fr\\\/product\\\/laserskin-modele-de-table-ref-8210-002\\\/#breadcrumb\",\"itemListElement\":[{\"@type\":\"ListItem\",\"position\":1,\"name\":\"Home\",\"item\":\"https:\\\/\\\/districos.standingout.be\\\/fr\\\/bienvenue-chez-districos\\\/\"},{\"@type\":\"ListItem\",\"position\":2,\"name\":\"Boutique\",\"item\":\"https:\\\/\\\/districos.standingout.be\\\/fr\\\/boutique\\\/\"},{\"@type\":\"ListItem\",\"position\":3,\"name\":\"LASERSKIN Mod\u00e8le de Table\"}]},{\"@type\":\"WebSite\",\"@id\":\"https:\\\/\\\/districos.standingout.be\\\/fr\\\/#website\",\"url\":\"https:\\\/\\\/districos.standingout.be\\\/fr\\\/\",\"name\":\"Districos Webshop\",\"description\":\"\",\"publisher\":{\"@id\":\"https:\\\/\\\/districos.standingout.be\\\/fr\\\/#organization\"},\"potentialAction\":[{\"@type\":\"SearchAction\",\"target\":{\"@type\":\"EntryPoint\",\"urlTemplate\":\"https:\\\/\\\/districos.standingout.be\\\/fr\\\/?s={search_term_string}\"},\"query-input\":{\"@type\":\"PropertyValueSpecification\",\"valueRequired\":true,\"valueName\":\"search_term_string\"}}],\"inLanguage\":\"fr-FR\"},{\"@type\":\"Organization\",\"@id\":\"https:\\\/\\\/districos.standingout.be\\\/fr\\\/#organization\",\"name\":\"Districos Webshop\",\"url\":\"https:\\\/\\\/districos.standingout.be\\\/fr\\\/\",\"logo\":{\"@type\":\"ImageObject\",\"inLanguage\":\"fr-FR\",\"@id\":\"https:\\\/\\\/districos.standingout.be\\\/fr\\\/#\\\/schema\\\/logo\\\/image\\\/\",\"url\":\"https:\\\/\\\/districos.standingout.be\\\/wp-content\\\/uploads\\\/2022\\\/09\\\/Districos_Logo_Webshop.svg\",\"contentUrl\":\"https:\\\/\\\/districos.standingout.be\\\/wp-content\\\/uploads\\\/2022\\\/09\\\/Districos_Logo_Webshop.svg\",\"caption\":\"Districos Webshop\"},\"image\":{\"@id\":\"https:\\\/\\\/districos.standingout.be\\\/fr\\\/#\\\/schema\\\/logo\\\/image\\\/\"}}]}<\/script>\n<!-- \/ Yoast SEO plugin. -->","yoast_head_json":{"title":"LASERSKIN Mod\u00e8le de Table - Districos Webshop","robots":{"index":"noindex","follow":"follow","max-snippet":"max-snippet:-1","max-image-preview":"max-image-preview:large","max-video-preview":"max-video-preview:-1"},"og_locale":"fr_FR","og_type":"article","og_title":"LASERSKIN Mod\u00e8le de Table - Districos Webshop","og_description":"LASERSKIN : laser professionnel pour l&rsquo;\u00e9pilation permanente Ce laser pour l&rsquo;\u00e9pilation d\u00e9finitive fonctionne simultan\u00e9ment sur 4 longueurs d&rsquo;ondes diff\u00e9rentes et est id\u00e9al pour les femmes et les hommes, convient \u00e0 tous les types de poils, m\u00eame les plus clairs (\u00e0 l&rsquo;exception des poils blancs), \u00e0 tous les types de peaux (y compris les peaux fonc\u00e9es). [&hellip;]","og_url":"https:\/\/districos.standingout.be\/fr\/product\/laserskin-modele-de-table-ref-8210-002\/","og_site_name":"Districos Webshop","twitter_card":"summary_large_image","twitter_misc":{"Dur\u00e9e de lecture estim\u00e9e":"2 minutes"},"schema":{"@context":"https:\/\/schema.org","@graph":[{"@type":"WebPage","@id":"https:\/\/districos.standingout.be\/fr\/product\/laserskin-modele-de-table-ref-8210-002\/","url":"https:\/\/districos.standingout.be\/fr\/product\/laserskin-modele-de-table-ref-8210-002\/","name":"LASERSKIN Mod\u00e8le de Table - Districos Webshop","isPartOf":{"@id":"https:\/\/districos.standingout.be\/fr\/#website"},"primaryImageOfPage":{"@id":"https:\/\/districos.standingout.be\/fr\/product\/laserskin-modele-de-table-ref-8210-002\/#primaryimage"},"image":{"@id":"https:\/\/districos.standingout.be\/fr\/product\/laserskin-modele-de-table-ref-8210-002\/#primaryimage"},"thumbnailUrl":"https:\/\/districos.standingout.be\/wp-content\/uploads\/2026\/04\/8210.002@LASERSKIN-Tafelmodel_1-1.png","datePublished":"2026-04-28T08:37:26+00:00","breadcrumb":{"@id":"https:\/\/districos.standingout.be\/fr\/product\/laserskin-modele-de-table-ref-8210-002\/#breadcrumb"},"inLanguage":"fr-FR","potentialAction":[{"@type":"ReadAction","target":["https:\/\/districos.standingout.be\/fr\/product\/laserskin-modele-de-table-ref-8210-002\/"]}]},{"@type":"ImageObject","inLanguage":"fr-FR","@id":"https:\/\/districos.standingout.be\/fr\/product\/laserskin-modele-de-table-ref-8210-002\/#primaryimage","url":"https:\/\/districos.standingout.be\/wp-content\/uploads\/2026\/04\/8210.002@LASERSKIN-Tafelmodel_1-1.png","contentUrl":"https:\/\/districos.standingout.be\/wp-content\/uploads\/2026\/04\/8210.002@LASERSKIN-Tafelmodel_1-1.png","width":600,"height":600},{"@type":"BreadcrumbList","@id":"https:\/\/districos.standingout.be\/fr\/product\/laserskin-modele-de-table-ref-8210-002\/#breadcrumb","itemListElement":[{"@type":"ListItem","position":1,"name":"Home","item":"https:\/\/districos.standingout.be\/fr\/bienvenue-chez-districos\/"},{"@type":"ListItem","position":2,"name":"Boutique","item":"https:\/\/districos.standingout.be\/fr\/boutique\/"},{"@type":"ListItem","position":3,"name":"LASERSKIN Mod\u00e8le de Table"}]},{"@type":"WebSite","@id":"https:\/\/districos.standingout.be\/fr\/#website","url":"https:\/\/districos.standingout.be\/fr\/","name":"Districos Webshop","description":"","publisher":{"@id":"https:\/\/districos.standingout.be\/fr\/#organization"},"potentialAction":[{"@type":"SearchAction","target":{"@type":"EntryPoint","urlTemplate":"https:\/\/districos.standingout.be\/fr\/?s={search_term_string}"},"query-input":{"@type":"PropertyValueSpecification","valueRequired":true,"valueName":"search_term_string"}}],"inLanguage":"fr-FR"},{"@type":"Organization","@id":"https:\/\/districos.standingout.be\/fr\/#organization","name":"Districos Webshop","url":"https:\/\/districos.standingout.be\/fr\/","logo":{"@type":"ImageObject","inLanguage":"fr-FR","@id":"https:\/\/districos.standingout.be\/fr\/#\/schema\/logo\/image\/","url":"https:\/\/districos.standingout.be\/wp-content\/uploads\/2022\/09\/Districos_Logo_Webshop.svg","contentUrl":"https:\/\/districos.standingout.be\/wp-content\/uploads\/2022\/09\/Districos_Logo_Webshop.svg","caption":"Districos Webshop"},"image":{"@id":"https:\/\/districos.standingout.be\/fr\/#\/schema\/logo\/image\/"}}]}},"_links":{"self":[{"href":"https:\/\/districos.standingout.be\/fr\/wp-json\/wp\/v2\/product\/137913","targetHints":{"allow":["GET"]}}],"collection":[{"href":"https:\/\/districos.standingout.be\/fr\/wp-json\/wp\/v2\/product"}],"about":[{"href":"https:\/\/districos.standingout.be\/fr\/wp-json\/wp\/v2\/types\/product"}],"replies":[{"embeddable":true,"href":"https:\/\/districos.standingout.be\/fr\/wp-json\/wp\/v2\/comments?post=137913"}],"wp:featuredmedia":[{"embeddable":true,"href":"https:\/\/districos.standingout.be\/fr\/wp-json\/wp\/v2\/media\/147802"}],"wp:attachment":[{"href":"https:\/\/districos.standingout.be\/fr\/wp-json\/wp\/v2\/media?parent=137913"}],"wp:term":[{"taxonomy":"product_brand","embeddable":true,"href":"https:\/\/districos.standingout.be\/fr\/wp-json\/wp\/v2\/product_brand?post=137913"},{"taxonomy":"product_cat","embeddable":true,"href":"https:\/\/districos.standingout.be\/fr\/wp-json\/wp\/v2\/product_cat?post=137913"},{"taxonomy":"product_tag","embeddable":true,"href":"https:\/\/districos.standingout.be\/fr\/wp-json\/wp\/v2\/product_tag?post=137913"}],"curies":[{"name":"wp","href":"https:\/\/api.w.org\/{rel}","templated":true}]}}