{"id":137931,"date":"2026-04-28T10:39:21","date_gmt":"2026-04-28T08:39:21","guid":{"rendered":"https:\/\/webshopdistricoscom.webhosting.be\/product\/kt-3111-appareil-a-haute-frequence-ref-8347-02\/"},"modified":"2026-04-28T10:39:25","modified_gmt":"2026-04-28T08:39:25","slug":"kt-3111-appareil-a-haute-frequence-ref-8347-02","status":"publish","type":"product","link":"https:\/\/districos.standingout.be\/fr\/product\/kt-3111-appareil-a-haute-frequence-ref-8347-02\/","title":{"rendered":"KT-3111 Appareil \u00e0 Haute Fr\u00e9quence"},"content":{"rendered":"<p >\n<p dir=ltr>Les appareils \u00e0 haute fr\u00e9quence s\u2019emploient d\u00e9j\u00e0 depuis plusieurs ann\u00e9es dans le monde m\u00e9dical, mais font aussi leurs preuves dans le domaine des soins de beaut\u00e9. Ils assurent une p\u00e9n\u00e9tration plus profonde et plus rapide des produits de soins appliqu\u00e9s. Les rayons infrarouges ou ultraviolets augmentent l\u2019effet de drainage et stimulent la circulation sanguine afin de favoriser le m\u00e9tabolisme et de garantir l\u2019\u00e9limination de toxines.<\/p>\n<p> Livr\u00e9 avec : <\/p>\n<ul> <\/p>\n<li>\u00e9lectrode champignon : d\u00e9sinfecte et oxyg\u00e8ne les peaux grasses, acn\u00e9iques et ternes (massage direct). <\/li>\n<p> <\/p>\n<li>\u00e9lectrode bomb\u00e9e : stimule la production d\u2019ozone pour les peaux enflamm\u00e9es, peaux acn\u00e9iques, par exemple. Elle est aussi employ\u00e9 pour le traitement de peaux rel\u00e2ch\u00e9es (massage indirect). <\/li>\n<p> <\/p>\n<li>\u00e9lectrode cuill\u00e8re et pointue : stimule les bouts de nerfs et rajeunit visiblement la peau (massage indirect). <\/li>\n<p> <\/ul>\n<p> Dimensions appareil :<\/p>\n<p> 30 x 20 x 15 cm (l x l x h) <\/p>\n<p> Haute fr\u00e9quence KT-3111, 8347.02<\/p><\/p>\n","protected":false},"excerpt":{"rendered":"<p>Les appareils \u00e0 haute fr\u00e9quence s\u2019emploient d\u00e9j\u00e0 depuis plusieurs ann\u00e9es dans le monde m\u00e9dical, mais font aussi leurs preuves dans le domaine des soins de beaut\u00e9. Ils assurent une p\u00e9n\u00e9tration plus profonde et plus rapide des produits de soins appliqu\u00e9s. Les rayons infrarouges ou ultraviolets augmentent l\u2019effet de drainage et stimulent la circulation sanguine afin [&hellip;]<\/p>\n","protected":false},"featured_media":79361,"comment_status":"open","ping_status":"closed","template":"","meta":{"_acf_changed":false},"product_brand":[10464],"product_cat":[9862,10090],"product_tag":[],"class_list":{"0":"post-137931","1":"product","2":"type-product","3":"status-publish","4":"has-post-thumbnail","6":"product_brand-kuang-fr","7":"product_cat-beaute-visage-equipement","8":"product_cat-amenagement-equipement-visage","10":"first","11":"instock","12":"taxable","13":"shipping-taxable","14":"product-type-simple"},"acf":[],"yoast_head":"<!-- This site is optimized with the Yoast SEO plugin v27.3 - https:\/\/yoast.com\/product\/yoast-seo-wordpress\/ -->\n<title>KT-3111 Appareil \u00e0 Haute Fr\u00e9quence - Districos Webshop<\/title>\n<meta name=\"robots\" content=\"noindex, follow, max-snippet:-1, max-image-preview:large, max-video-preview:-1\" \/>\n<meta property=\"og:locale\" content=\"fr_FR\" \/>\n<meta property=\"og:type\" content=\"article\" \/>\n<meta property=\"og:title\" content=\"KT-3111 Appareil \u00e0 Haute Fr\u00e9quence - Districos Webshop\" \/>\n<meta property=\"og:description\" content=\"Les appareils \u00e0 haute fr\u00e9quence s\u2019emploient d\u00e9j\u00e0 depuis plusieurs ann\u00e9es dans le monde m\u00e9dical, mais font aussi leurs preuves dans le domaine des soins de beaut\u00e9. Ils assurent une p\u00e9n\u00e9tration plus profonde et plus rapide des produits de soins appliqu\u00e9s. Les rayons infrarouges ou ultraviolets augmentent l\u2019effet de drainage et stimulent la circulation sanguine afin [&hellip;]\" \/>\n<meta property=\"og:url\" content=\"https:\/\/districos.standingout.be\/fr\/product\/kt-3111-appareil-a-haute-frequence-ref-8347-02\/\" \/>\n<meta property=\"og:site_name\" content=\"Districos Webshop\" \/>\n<meta property=\"article:modified_time\" content=\"2026-04-28T08:39:25+00:00\" \/>\n<meta name=\"twitter:card\" content=\"summary_large_image\" \/>\n<meta name=\"twitter:label1\" content=\"Dur\u00e9e de lecture estim\u00e9e\" \/>\n\t<meta name=\"twitter:data1\" content=\"1 minute\" \/>\n<script type=\"application\/ld+json\" class=\"yoast-schema-graph\">{\"@context\":\"https:\\\/\\\/schema.org\",\"@graph\":[{\"@type\":\"WebPage\",\"@id\":\"https:\\\/\\\/districos.standingout.be\\\/fr\\\/product\\\/kt-3111-appareil-a-haute-frequence-ref-8347-02\\\/\",\"url\":\"https:\\\/\\\/districos.standingout.be\\\/fr\\\/product\\\/kt-3111-appareil-a-haute-frequence-ref-8347-02\\\/\",\"name\":\"KT-3111 Appareil \u00e0 Haute Fr\u00e9quence - Districos Webshop\",\"isPartOf\":{\"@id\":\"https:\\\/\\\/districos.standingout.be\\\/fr\\\/#website\"},\"primaryImageOfPage\":{\"@id\":\"https:\\\/\\\/districos.standingout.be\\\/fr\\\/product\\\/kt-3111-appareil-a-haute-frequence-ref-8347-02\\\/#primaryimage\"},\"image\":{\"@id\":\"https:\\\/\\\/districos.standingout.be\\\/fr\\\/product\\\/kt-3111-appareil-a-haute-frequence-ref-8347-02\\\/#primaryimage\"},\"thumbnailUrl\":\"https:\\\/\\\/districos.standingout.be\\\/wp-content\\\/uploads\\\/2025\\\/07\\\/8347.02@LowRes_1_0.png\",\"datePublished\":\"2026-04-28T08:39:21+00:00\",\"dateModified\":\"2026-04-28T08:39:25+00:00\",\"breadcrumb\":{\"@id\":\"https:\\\/\\\/districos.standingout.be\\\/fr\\\/product\\\/kt-3111-appareil-a-haute-frequence-ref-8347-02\\\/#breadcrumb\"},\"inLanguage\":\"fr-FR\",\"potentialAction\":[{\"@type\":\"ReadAction\",\"target\":[\"https:\\\/\\\/districos.standingout.be\\\/fr\\\/product\\\/kt-3111-appareil-a-haute-frequence-ref-8347-02\\\/\"]}]},{\"@type\":\"ImageObject\",\"inLanguage\":\"fr-FR\",\"@id\":\"https:\\\/\\\/districos.standingout.be\\\/fr\\\/product\\\/kt-3111-appareil-a-haute-frequence-ref-8347-02\\\/#primaryimage\",\"url\":\"https:\\\/\\\/districos.standingout.be\\\/wp-content\\\/uploads\\\/2025\\\/07\\\/8347.02@LowRes_1_0.png\",\"contentUrl\":\"https:\\\/\\\/districos.standingout.be\\\/wp-content\\\/uploads\\\/2025\\\/07\\\/8347.02@LowRes_1_0.png\",\"width\":600,\"height\":600},{\"@type\":\"BreadcrumbList\",\"@id\":\"https:\\\/\\\/districos.standingout.be\\\/fr\\\/product\\\/kt-3111-appareil-a-haute-frequence-ref-8347-02\\\/#breadcrumb\",\"itemListElement\":[{\"@type\":\"ListItem\",\"position\":1,\"name\":\"Home\",\"item\":\"https:\\\/\\\/districos.standingout.be\\\/fr\\\/bienvenue-chez-districos\\\/\"},{\"@type\":\"ListItem\",\"position\":2,\"name\":\"Boutique\",\"item\":\"https:\\\/\\\/districos.standingout.be\\\/fr\\\/boutique\\\/\"},{\"@type\":\"ListItem\",\"position\":3,\"name\":\"KT-3111 Appareil \u00e0 Haute Fr\u00e9quence\"}]},{\"@type\":\"WebSite\",\"@id\":\"https:\\\/\\\/districos.standingout.be\\\/fr\\\/#website\",\"url\":\"https:\\\/\\\/districos.standingout.be\\\/fr\\\/\",\"name\":\"Districos Webshop\",\"description\":\"\",\"publisher\":{\"@id\":\"https:\\\/\\\/districos.standingout.be\\\/fr\\\/#organization\"},\"potentialAction\":[{\"@type\":\"SearchAction\",\"target\":{\"@type\":\"EntryPoint\",\"urlTemplate\":\"https:\\\/\\\/districos.standingout.be\\\/fr\\\/?s={search_term_string}\"},\"query-input\":{\"@type\":\"PropertyValueSpecification\",\"valueRequired\":true,\"valueName\":\"search_term_string\"}}],\"inLanguage\":\"fr-FR\"},{\"@type\":\"Organization\",\"@id\":\"https:\\\/\\\/districos.standingout.be\\\/fr\\\/#organization\",\"name\":\"Districos Webshop\",\"url\":\"https:\\\/\\\/districos.standingout.be\\\/fr\\\/\",\"logo\":{\"@type\":\"ImageObject\",\"inLanguage\":\"fr-FR\",\"@id\":\"https:\\\/\\\/districos.standingout.be\\\/fr\\\/#\\\/schema\\\/logo\\\/image\\\/\",\"url\":\"https:\\\/\\\/districos.standingout.be\\\/wp-content\\\/uploads\\\/2022\\\/09\\\/Districos_Logo_Webshop.svg\",\"contentUrl\":\"https:\\\/\\\/districos.standingout.be\\\/wp-content\\\/uploads\\\/2022\\\/09\\\/Districos_Logo_Webshop.svg\",\"caption\":\"Districos Webshop\"},\"image\":{\"@id\":\"https:\\\/\\\/districos.standingout.be\\\/fr\\\/#\\\/schema\\\/logo\\\/image\\\/\"}}]}<\/script>\n<!-- \/ Yoast SEO plugin. -->","yoast_head_json":{"title":"KT-3111 Appareil \u00e0 Haute Fr\u00e9quence - Districos Webshop","robots":{"index":"noindex","follow":"follow","max-snippet":"max-snippet:-1","max-image-preview":"max-image-preview:large","max-video-preview":"max-video-preview:-1"},"og_locale":"fr_FR","og_type":"article","og_title":"KT-3111 Appareil \u00e0 Haute Fr\u00e9quence - Districos Webshop","og_description":"Les appareils \u00e0 haute fr\u00e9quence s\u2019emploient d\u00e9j\u00e0 depuis plusieurs ann\u00e9es dans le monde m\u00e9dical, mais font aussi leurs preuves dans le domaine des soins de beaut\u00e9. Ils assurent une p\u00e9n\u00e9tration plus profonde et plus rapide des produits de soins appliqu\u00e9s. Les rayons infrarouges ou ultraviolets augmentent l\u2019effet de drainage et stimulent la circulation sanguine afin [&hellip;]","og_url":"https:\/\/districos.standingout.be\/fr\/product\/kt-3111-appareil-a-haute-frequence-ref-8347-02\/","og_site_name":"Districos Webshop","article_modified_time":"2026-04-28T08:39:25+00:00","twitter_card":"summary_large_image","twitter_misc":{"Dur\u00e9e de lecture estim\u00e9e":"1 minute"},"schema":{"@context":"https:\/\/schema.org","@graph":[{"@type":"WebPage","@id":"https:\/\/districos.standingout.be\/fr\/product\/kt-3111-appareil-a-haute-frequence-ref-8347-02\/","url":"https:\/\/districos.standingout.be\/fr\/product\/kt-3111-appareil-a-haute-frequence-ref-8347-02\/","name":"KT-3111 Appareil \u00e0 Haute Fr\u00e9quence - Districos Webshop","isPartOf":{"@id":"https:\/\/districos.standingout.be\/fr\/#website"},"primaryImageOfPage":{"@id":"https:\/\/districos.standingout.be\/fr\/product\/kt-3111-appareil-a-haute-frequence-ref-8347-02\/#primaryimage"},"image":{"@id":"https:\/\/districos.standingout.be\/fr\/product\/kt-3111-appareil-a-haute-frequence-ref-8347-02\/#primaryimage"},"thumbnailUrl":"https:\/\/districos.standingout.be\/wp-content\/uploads\/2025\/07\/8347.02@LowRes_1_0.png","datePublished":"2026-04-28T08:39:21+00:00","dateModified":"2026-04-28T08:39:25+00:00","breadcrumb":{"@id":"https:\/\/districos.standingout.be\/fr\/product\/kt-3111-appareil-a-haute-frequence-ref-8347-02\/#breadcrumb"},"inLanguage":"fr-FR","potentialAction":[{"@type":"ReadAction","target":["https:\/\/districos.standingout.be\/fr\/product\/kt-3111-appareil-a-haute-frequence-ref-8347-02\/"]}]},{"@type":"ImageObject","inLanguage":"fr-FR","@id":"https:\/\/districos.standingout.be\/fr\/product\/kt-3111-appareil-a-haute-frequence-ref-8347-02\/#primaryimage","url":"https:\/\/districos.standingout.be\/wp-content\/uploads\/2025\/07\/8347.02@LowRes_1_0.png","contentUrl":"https:\/\/districos.standingout.be\/wp-content\/uploads\/2025\/07\/8347.02@LowRes_1_0.png","width":600,"height":600},{"@type":"BreadcrumbList","@id":"https:\/\/districos.standingout.be\/fr\/product\/kt-3111-appareil-a-haute-frequence-ref-8347-02\/#breadcrumb","itemListElement":[{"@type":"ListItem","position":1,"name":"Home","item":"https:\/\/districos.standingout.be\/fr\/bienvenue-chez-districos\/"},{"@type":"ListItem","position":2,"name":"Boutique","item":"https:\/\/districos.standingout.be\/fr\/boutique\/"},{"@type":"ListItem","position":3,"name":"KT-3111 Appareil \u00e0 Haute Fr\u00e9quence"}]},{"@type":"WebSite","@id":"https:\/\/districos.standingout.be\/fr\/#website","url":"https:\/\/districos.standingout.be\/fr\/","name":"Districos Webshop","description":"","publisher":{"@id":"https:\/\/districos.standingout.be\/fr\/#organization"},"potentialAction":[{"@type":"SearchAction","target":{"@type":"EntryPoint","urlTemplate":"https:\/\/districos.standingout.be\/fr\/?s={search_term_string}"},"query-input":{"@type":"PropertyValueSpecification","valueRequired":true,"valueName":"search_term_string"}}],"inLanguage":"fr-FR"},{"@type":"Organization","@id":"https:\/\/districos.standingout.be\/fr\/#organization","name":"Districos Webshop","url":"https:\/\/districos.standingout.be\/fr\/","logo":{"@type":"ImageObject","inLanguage":"fr-FR","@id":"https:\/\/districos.standingout.be\/fr\/#\/schema\/logo\/image\/","url":"https:\/\/districos.standingout.be\/wp-content\/uploads\/2022\/09\/Districos_Logo_Webshop.svg","contentUrl":"https:\/\/districos.standingout.be\/wp-content\/uploads\/2022\/09\/Districos_Logo_Webshop.svg","caption":"Districos Webshop"},"image":{"@id":"https:\/\/districos.standingout.be\/fr\/#\/schema\/logo\/image\/"}}]}},"_links":{"self":[{"href":"https:\/\/districos.standingout.be\/fr\/wp-json\/wp\/v2\/product\/137931","targetHints":{"allow":["GET"]}}],"collection":[{"href":"https:\/\/districos.standingout.be\/fr\/wp-json\/wp\/v2\/product"}],"about":[{"href":"https:\/\/districos.standingout.be\/fr\/wp-json\/wp\/v2\/types\/product"}],"replies":[{"embeddable":true,"href":"https:\/\/districos.standingout.be\/fr\/wp-json\/wp\/v2\/comments?post=137931"}],"wp:featuredmedia":[{"embeddable":true,"href":"https:\/\/districos.standingout.be\/fr\/wp-json\/wp\/v2\/media\/79361"}],"wp:attachment":[{"href":"https:\/\/districos.standingout.be\/fr\/wp-json\/wp\/v2\/media?parent=137931"}],"wp:term":[{"taxonomy":"product_brand","embeddable":true,"href":"https:\/\/districos.standingout.be\/fr\/wp-json\/wp\/v2\/product_brand?post=137931"},{"taxonomy":"product_cat","embeddable":true,"href":"https:\/\/districos.standingout.be\/fr\/wp-json\/wp\/v2\/product_cat?post=137931"},{"taxonomy":"product_tag","embeddable":true,"href":"https:\/\/districos.standingout.be\/fr\/wp-json\/wp\/v2\/product_tag?post=137931"}],"curies":[{"name":"wp","href":"https:\/\/api.w.org\/{rel}","templated":true}]}}