{"id":137933,"date":"2026-04-28T10:39:43","date_gmt":"2026-04-28T08:39:43","guid":{"rendered":"https:\/\/webshopdistricoscom.webhosting.be\/product\/mirage-led-lampe-loupe-ref-8352-01\/"},"modified":"2026-04-28T10:39:47","modified_gmt":"2026-04-28T08:39:47","slug":"mirage-led-lampe-loupe-ref-8352-01","status":"publish","type":"product","link":"https:\/\/districos.standingout.be\/fr\/product\/mirage-led-lampe-loupe-ref-8352-01\/","title":{"rendered":"Mirage LED Lampe Loupe"},"content":{"rendered":"<p >\n<\/p>\n<\/p>\n<p dir=\"ltr\">Avec bras tr\u00e8s flexible et facilement maniable.<\/p>\n<p> Caract\u00e9ristiques Techniques :<\/p>\n<ul>\n<li>Livr\u00e9e avec pince de table<\/li>\n<li>Bras tr\u00e8s flexible et facilement maniable<\/li>\n<li>Pourvue d\u2019un cache protecteur pour lampe et loupe<\/li>\n<li>Source lumineuse : 48LED (5W)<\/li>\n<li>Diam\u00e8tre loupe : 120 mm<\/li>\n<li>Grossissement : 3 dioptrie<\/li>\n<p> <\/ul>\n<p> Options : statif roulant (R\u00e9f. : 8352.05) ou fixation murale (R\u00e9f. : 8360.93)<\/p>\n<p> Toutes nos lampes loupes ont 4 possibilit\u00e9s d\u2019installation : <\/p>\n<ul> <\/p>\n<li>Fixation sur chariot dans l\u2019emplacement pr\u00e9vu.<\/li>\n<p> <\/p>\n<li>Fixation par pince de table.<\/li>\n<p> <\/p>\n<li>Fixation sur statif roulant.<\/li>\n<p> <\/p>\n<li>Fixation murale.<\/li>\n<p> <\/ul>\n<p> Lampe Loupe Mirage avec Pince de Table, 8352.01 <\/p>\n<ul> <\/ul><\/p>\n","protected":false},"excerpt":{"rendered":"<p>Avec bras tr\u00e8s flexible et facilement maniable. Caract\u00e9ristiques Techniques : Livr\u00e9e avec pince de table Bras tr\u00e8s flexible et facilement maniable Pourvue d\u2019un cache protecteur pour lampe et loupe Source lumineuse : 48LED (5W) Diam\u00e8tre loupe : 120 mm Grossissement : 3 dioptrie Options : statif roulant (R\u00e9f. : 8352.05) ou fixation murale (R\u00e9f. : [&hellip;]<\/p>\n","protected":false},"featured_media":79364,"comment_status":"open","ping_status":"closed","template":"","meta":{"_acf_changed":false},"product_brand":[10380],"product_cat":[9862,10070,10108],"product_tag":[],"class_list":{"0":"post-137933","1":"product","2":"type-product","3":"status-publish","4":"has-post-thumbnail","6":"product_brand-districos-fr","7":"product_cat-beaute-visage-equipement","8":"product_cat-soins-des-pieds-podologie-amenagement-du-cabinet-lampes","9":"product_cat-amenagement-amenagement-lampes","11":"first","12":"instock","13":"taxable","14":"shipping-taxable","15":"product-type-simple"},"acf":[],"yoast_head":"<!-- This site is optimized with the Yoast SEO plugin v27.3 - https:\/\/yoast.com\/product\/yoast-seo-wordpress\/ -->\n<title>Mirage LED Lampe Loupe - Districos Webshop<\/title>\n<meta name=\"robots\" content=\"noindex, follow, max-snippet:-1, max-image-preview:large, max-video-preview:-1\" \/>\n<meta property=\"og:locale\" content=\"fr_FR\" \/>\n<meta property=\"og:type\" content=\"article\" \/>\n<meta property=\"og:title\" content=\"Mirage LED Lampe Loupe - Districos Webshop\" \/>\n<meta property=\"og:description\" content=\"Avec bras tr\u00e8s flexible et facilement maniable. Caract\u00e9ristiques Techniques : Livr\u00e9e avec pince de table Bras tr\u00e8s flexible et facilement maniable Pourvue d\u2019un cache protecteur pour lampe et loupe Source lumineuse : 48LED (5W) Diam\u00e8tre loupe : 120 mm Grossissement : 3 dioptrie Options : statif roulant (R\u00e9f. : 8352.05) ou fixation murale (R\u00e9f. : [&hellip;]\" \/>\n<meta property=\"og:url\" content=\"https:\/\/districos.standingout.be\/fr\/product\/mirage-led-lampe-loupe-ref-8352-01\/\" \/>\n<meta property=\"og:site_name\" content=\"Districos Webshop\" \/>\n<meta property=\"article:modified_time\" content=\"2026-04-28T08:39:47+00:00\" \/>\n<meta name=\"twitter:card\" content=\"summary_large_image\" \/>\n<script type=\"application\/ld+json\" class=\"yoast-schema-graph\">{\"@context\":\"https:\\\/\\\/schema.org\",\"@graph\":[{\"@type\":\"WebPage\",\"@id\":\"https:\\\/\\\/districos.standingout.be\\\/fr\\\/product\\\/mirage-led-lampe-loupe-ref-8352-01\\\/\",\"url\":\"https:\\\/\\\/districos.standingout.be\\\/fr\\\/product\\\/mirage-led-lampe-loupe-ref-8352-01\\\/\",\"name\":\"Mirage LED Lampe Loupe - Districos Webshop\",\"isPartOf\":{\"@id\":\"https:\\\/\\\/districos.standingout.be\\\/fr\\\/#website\"},\"primaryImageOfPage\":{\"@id\":\"https:\\\/\\\/districos.standingout.be\\\/fr\\\/product\\\/mirage-led-lampe-loupe-ref-8352-01\\\/#primaryimage\"},\"image\":{\"@id\":\"https:\\\/\\\/districos.standingout.be\\\/fr\\\/product\\\/mirage-led-lampe-loupe-ref-8352-01\\\/#primaryimage\"},\"thumbnailUrl\":\"https:\\\/\\\/districos.standingout.be\\\/wp-content\\\/uploads\\\/2025\\\/07\\\/8352.01@LowRes_1.png\",\"datePublished\":\"2026-04-28T08:39:43+00:00\",\"dateModified\":\"2026-04-28T08:39:47+00:00\",\"breadcrumb\":{\"@id\":\"https:\\\/\\\/districos.standingout.be\\\/fr\\\/product\\\/mirage-led-lampe-loupe-ref-8352-01\\\/#breadcrumb\"},\"inLanguage\":\"fr-FR\",\"potentialAction\":[{\"@type\":\"ReadAction\",\"target\":[\"https:\\\/\\\/districos.standingout.be\\\/fr\\\/product\\\/mirage-led-lampe-loupe-ref-8352-01\\\/\"]}]},{\"@type\":\"ImageObject\",\"inLanguage\":\"fr-FR\",\"@id\":\"https:\\\/\\\/districos.standingout.be\\\/fr\\\/product\\\/mirage-led-lampe-loupe-ref-8352-01\\\/#primaryimage\",\"url\":\"https:\\\/\\\/districos.standingout.be\\\/wp-content\\\/uploads\\\/2025\\\/07\\\/8352.01@LowRes_1.png\",\"contentUrl\":\"https:\\\/\\\/districos.standingout.be\\\/wp-content\\\/uploads\\\/2025\\\/07\\\/8352.01@LowRes_1.png\",\"width\":600,\"height\":600},{\"@type\":\"BreadcrumbList\",\"@id\":\"https:\\\/\\\/districos.standingout.be\\\/fr\\\/product\\\/mirage-led-lampe-loupe-ref-8352-01\\\/#breadcrumb\",\"itemListElement\":[{\"@type\":\"ListItem\",\"position\":1,\"name\":\"Home\",\"item\":\"https:\\\/\\\/districos.standingout.be\\\/fr\\\/bienvenue-chez-districos\\\/\"},{\"@type\":\"ListItem\",\"position\":2,\"name\":\"Boutique\",\"item\":\"https:\\\/\\\/districos.standingout.be\\\/fr\\\/boutique\\\/\"},{\"@type\":\"ListItem\",\"position\":3,\"name\":\"Mirage LED Lampe Loupe\"}]},{\"@type\":\"WebSite\",\"@id\":\"https:\\\/\\\/districos.standingout.be\\\/fr\\\/#website\",\"url\":\"https:\\\/\\\/districos.standingout.be\\\/fr\\\/\",\"name\":\"Districos Webshop\",\"description\":\"\",\"publisher\":{\"@id\":\"https:\\\/\\\/districos.standingout.be\\\/fr\\\/#organization\"},\"potentialAction\":[{\"@type\":\"SearchAction\",\"target\":{\"@type\":\"EntryPoint\",\"urlTemplate\":\"https:\\\/\\\/districos.standingout.be\\\/fr\\\/?s={search_term_string}\"},\"query-input\":{\"@type\":\"PropertyValueSpecification\",\"valueRequired\":true,\"valueName\":\"search_term_string\"}}],\"inLanguage\":\"fr-FR\"},{\"@type\":\"Organization\",\"@id\":\"https:\\\/\\\/districos.standingout.be\\\/fr\\\/#organization\",\"name\":\"Districos Webshop\",\"url\":\"https:\\\/\\\/districos.standingout.be\\\/fr\\\/\",\"logo\":{\"@type\":\"ImageObject\",\"inLanguage\":\"fr-FR\",\"@id\":\"https:\\\/\\\/districos.standingout.be\\\/fr\\\/#\\\/schema\\\/logo\\\/image\\\/\",\"url\":\"https:\\\/\\\/districos.standingout.be\\\/wp-content\\\/uploads\\\/2022\\\/09\\\/Districos_Logo_Webshop.svg\",\"contentUrl\":\"https:\\\/\\\/districos.standingout.be\\\/wp-content\\\/uploads\\\/2022\\\/09\\\/Districos_Logo_Webshop.svg\",\"caption\":\"Districos Webshop\"},\"image\":{\"@id\":\"https:\\\/\\\/districos.standingout.be\\\/fr\\\/#\\\/schema\\\/logo\\\/image\\\/\"}}]}<\/script>\n<!-- \/ Yoast SEO plugin. -->","yoast_head_json":{"title":"Mirage LED Lampe Loupe - Districos Webshop","robots":{"index":"noindex","follow":"follow","max-snippet":"max-snippet:-1","max-image-preview":"max-image-preview:large","max-video-preview":"max-video-preview:-1"},"og_locale":"fr_FR","og_type":"article","og_title":"Mirage LED Lampe Loupe - Districos Webshop","og_description":"Avec bras tr\u00e8s flexible et facilement maniable. Caract\u00e9ristiques Techniques : Livr\u00e9e avec pince de table Bras tr\u00e8s flexible et facilement maniable Pourvue d\u2019un cache protecteur pour lampe et loupe Source lumineuse : 48LED (5W) Diam\u00e8tre loupe : 120 mm Grossissement : 3 dioptrie Options : statif roulant (R\u00e9f. : 8352.05) ou fixation murale (R\u00e9f. : [&hellip;]","og_url":"https:\/\/districos.standingout.be\/fr\/product\/mirage-led-lampe-loupe-ref-8352-01\/","og_site_name":"Districos Webshop","article_modified_time":"2026-04-28T08:39:47+00:00","twitter_card":"summary_large_image","schema":{"@context":"https:\/\/schema.org","@graph":[{"@type":"WebPage","@id":"https:\/\/districos.standingout.be\/fr\/product\/mirage-led-lampe-loupe-ref-8352-01\/","url":"https:\/\/districos.standingout.be\/fr\/product\/mirage-led-lampe-loupe-ref-8352-01\/","name":"Mirage LED Lampe Loupe - Districos Webshop","isPartOf":{"@id":"https:\/\/districos.standingout.be\/fr\/#website"},"primaryImageOfPage":{"@id":"https:\/\/districos.standingout.be\/fr\/product\/mirage-led-lampe-loupe-ref-8352-01\/#primaryimage"},"image":{"@id":"https:\/\/districos.standingout.be\/fr\/product\/mirage-led-lampe-loupe-ref-8352-01\/#primaryimage"},"thumbnailUrl":"https:\/\/districos.standingout.be\/wp-content\/uploads\/2025\/07\/8352.01@LowRes_1.png","datePublished":"2026-04-28T08:39:43+00:00","dateModified":"2026-04-28T08:39:47+00:00","breadcrumb":{"@id":"https:\/\/districos.standingout.be\/fr\/product\/mirage-led-lampe-loupe-ref-8352-01\/#breadcrumb"},"inLanguage":"fr-FR","potentialAction":[{"@type":"ReadAction","target":["https:\/\/districos.standingout.be\/fr\/product\/mirage-led-lampe-loupe-ref-8352-01\/"]}]},{"@type":"ImageObject","inLanguage":"fr-FR","@id":"https:\/\/districos.standingout.be\/fr\/product\/mirage-led-lampe-loupe-ref-8352-01\/#primaryimage","url":"https:\/\/districos.standingout.be\/wp-content\/uploads\/2025\/07\/8352.01@LowRes_1.png","contentUrl":"https:\/\/districos.standingout.be\/wp-content\/uploads\/2025\/07\/8352.01@LowRes_1.png","width":600,"height":600},{"@type":"BreadcrumbList","@id":"https:\/\/districos.standingout.be\/fr\/product\/mirage-led-lampe-loupe-ref-8352-01\/#breadcrumb","itemListElement":[{"@type":"ListItem","position":1,"name":"Home","item":"https:\/\/districos.standingout.be\/fr\/bienvenue-chez-districos\/"},{"@type":"ListItem","position":2,"name":"Boutique","item":"https:\/\/districos.standingout.be\/fr\/boutique\/"},{"@type":"ListItem","position":3,"name":"Mirage LED Lampe Loupe"}]},{"@type":"WebSite","@id":"https:\/\/districos.standingout.be\/fr\/#website","url":"https:\/\/districos.standingout.be\/fr\/","name":"Districos Webshop","description":"","publisher":{"@id":"https:\/\/districos.standingout.be\/fr\/#organization"},"potentialAction":[{"@type":"SearchAction","target":{"@type":"EntryPoint","urlTemplate":"https:\/\/districos.standingout.be\/fr\/?s={search_term_string}"},"query-input":{"@type":"PropertyValueSpecification","valueRequired":true,"valueName":"search_term_string"}}],"inLanguage":"fr-FR"},{"@type":"Organization","@id":"https:\/\/districos.standingout.be\/fr\/#organization","name":"Districos Webshop","url":"https:\/\/districos.standingout.be\/fr\/","logo":{"@type":"ImageObject","inLanguage":"fr-FR","@id":"https:\/\/districos.standingout.be\/fr\/#\/schema\/logo\/image\/","url":"https:\/\/districos.standingout.be\/wp-content\/uploads\/2022\/09\/Districos_Logo_Webshop.svg","contentUrl":"https:\/\/districos.standingout.be\/wp-content\/uploads\/2022\/09\/Districos_Logo_Webshop.svg","caption":"Districos Webshop"},"image":{"@id":"https:\/\/districos.standingout.be\/fr\/#\/schema\/logo\/image\/"}}]}},"_links":{"self":[{"href":"https:\/\/districos.standingout.be\/fr\/wp-json\/wp\/v2\/product\/137933","targetHints":{"allow":["GET"]}}],"collection":[{"href":"https:\/\/districos.standingout.be\/fr\/wp-json\/wp\/v2\/product"}],"about":[{"href":"https:\/\/districos.standingout.be\/fr\/wp-json\/wp\/v2\/types\/product"}],"replies":[{"embeddable":true,"href":"https:\/\/districos.standingout.be\/fr\/wp-json\/wp\/v2\/comments?post=137933"}],"wp:featuredmedia":[{"embeddable":true,"href":"https:\/\/districos.standingout.be\/fr\/wp-json\/wp\/v2\/media\/79364"}],"wp:attachment":[{"href":"https:\/\/districos.standingout.be\/fr\/wp-json\/wp\/v2\/media?parent=137933"}],"wp:term":[{"taxonomy":"product_brand","embeddable":true,"href":"https:\/\/districos.standingout.be\/fr\/wp-json\/wp\/v2\/product_brand?post=137933"},{"taxonomy":"product_cat","embeddable":true,"href":"https:\/\/districos.standingout.be\/fr\/wp-json\/wp\/v2\/product_cat?post=137933"},{"taxonomy":"product_tag","embeddable":true,"href":"https:\/\/districos.standingout.be\/fr\/wp-json\/wp\/v2\/product_tag?post=137933"}],"curies":[{"name":"wp","href":"https:\/\/api.w.org\/{rel}","templated":true}]}}