{"id":137943,"date":"2026-04-28T10:40:21","date_gmt":"2026-04-28T08:40:21","guid":{"rendered":"https:\/\/webshopdistricoscom.webhosting.be\/product\/bain-de-pieds-sur-roulettes-avec-poignee-ref-8360-018\/"},"modified":"2026-04-28T10:40:22","modified_gmt":"2026-04-28T08:40:22","slug":"bain-de-pieds-sur-roulettes-avec-poignee-ref-8360-018","status":"publish","type":"product","link":"https:\/\/districos.standingout.be\/fr\/product\/bain-de-pieds-sur-roulettes-avec-poignee-ref-8360-018\/","title":{"rendered":"Bain de Pieds sur Roulettes avec Poign\u00e9e"},"content":{"rendered":"<p >\n<p dir=ltr>Gr\u00e2ce \u00e0 la poign\u00e9e, vous ne devez plus vous pencher pour d\u00e9placer le pieds. La hauteur du bain vous permet d\u2019incliner les genoux en angle de 90\u00b0 pour un positionnement confortable du dos de votre client(e). Avec syst\u00e8me de blocage pratique. <\/p>\n<p> Dimensions poign\u00e9e incl. : 42 x 40 x 91 cm (L x l x h)<br \/> Dimensions bain : 38 x 38 x 15 cm (L x l x p)<br \/> Couleur :<br \/> &#8211; Support : blanc<br \/> &#8211; Bain : anthracite<br \/> Mati\u00e8re :<br \/> &#8211; Support : m\u00e9tal<br \/> &#8211; Bain : synth\u00e9tique<\/p><\/p>\n","protected":false},"excerpt":{"rendered":"<p>Gr\u00e2ce \u00e0 la poign\u00e9e, vous ne devez plus vous pencher pour d\u00e9placer le pieds. La hauteur du bain vous permet d\u2019incliner les genoux en angle de 90\u00b0 pour un positionnement confortable du dos de votre client(e). Avec syst\u00e8me de blocage pratique. Dimensions poign\u00e9e incl. : 42 x 40 x 91 cm (L x l x [&hellip;]<\/p>\n","protected":false},"featured_media":79376,"comment_status":"open","ping_status":"closed","template":"","meta":{"_acf_changed":false},"product_brand":[10380],"product_cat":[9960,10066,10233],"product_tag":[],"class_list":{"0":"post-137943","1":"product","2":"type-product","3":"status-publish","4":"has-post-thumbnail","6":"product_brand-districos-fr","7":"product_cat-beaute-pedicure-amenagement-du-cabinet","8":"product_cat-soins-des-pieds-podologie-amenagement-du-cabinet-fauteuils-de-traitement","9":"product_cat-amenagement-fauteuils-de-traitement-pedicure","11":"first","12":"instock","13":"taxable","14":"shipping-taxable","15":"product-type-simple"},"acf":[],"yoast_head":"<!-- This site is optimized with the Yoast SEO plugin v27.3 - https:\/\/yoast.com\/product\/yoast-seo-wordpress\/ -->\n<title>Bain de Pieds sur Roulettes avec Poign\u00e9e - Districos Webshop<\/title>\n<meta name=\"robots\" content=\"noindex, follow, max-snippet:-1, max-image-preview:large, max-video-preview:-1\" \/>\n<meta property=\"og:locale\" content=\"fr_FR\" \/>\n<meta property=\"og:type\" content=\"article\" \/>\n<meta property=\"og:title\" content=\"Bain de Pieds sur Roulettes avec Poign\u00e9e - Districos Webshop\" \/>\n<meta property=\"og:description\" content=\"Gr\u00e2ce \u00e0 la poign\u00e9e, vous ne devez plus vous pencher pour d\u00e9placer le pieds. La hauteur du bain vous permet d\u2019incliner les genoux en angle de 90\u00b0 pour un positionnement confortable du dos de votre client(e). Avec syst\u00e8me de blocage pratique. Dimensions poign\u00e9e incl. : 42 x 40 x 91 cm (L x l x [&hellip;]\" \/>\n<meta property=\"og:url\" content=\"https:\/\/districos.standingout.be\/fr\/product\/bain-de-pieds-sur-roulettes-avec-poignee-ref-8360-018\/\" \/>\n<meta property=\"og:site_name\" content=\"Districos Webshop\" \/>\n<meta property=\"article:modified_time\" content=\"2026-04-28T08:40:22+00:00\" \/>\n<meta name=\"twitter:card\" content=\"summary_large_image\" \/>\n<script type=\"application\/ld+json\" class=\"yoast-schema-graph\">{\"@context\":\"https:\\\/\\\/schema.org\",\"@graph\":[{\"@type\":\"WebPage\",\"@id\":\"https:\\\/\\\/districos.standingout.be\\\/fr\\\/product\\\/bain-de-pieds-sur-roulettes-avec-poignee-ref-8360-018\\\/\",\"url\":\"https:\\\/\\\/districos.standingout.be\\\/fr\\\/product\\\/bain-de-pieds-sur-roulettes-avec-poignee-ref-8360-018\\\/\",\"name\":\"Bain de Pieds sur Roulettes avec Poign\u00e9e - Districos Webshop\",\"isPartOf\":{\"@id\":\"https:\\\/\\\/districos.standingout.be\\\/fr\\\/#website\"},\"primaryImageOfPage\":{\"@id\":\"https:\\\/\\\/districos.standingout.be\\\/fr\\\/product\\\/bain-de-pieds-sur-roulettes-avec-poignee-ref-8360-018\\\/#primaryimage\"},\"image\":{\"@id\":\"https:\\\/\\\/districos.standingout.be\\\/fr\\\/product\\\/bain-de-pieds-sur-roulettes-avec-poignee-ref-8360-018\\\/#primaryimage\"},\"thumbnailUrl\":\"https:\\\/\\\/districos.standingout.be\\\/wp-content\\\/uploads\\\/2025\\\/07\\\/8360.018@LowRes_1.png\",\"datePublished\":\"2026-04-28T08:40:21+00:00\",\"dateModified\":\"2026-04-28T08:40:22+00:00\",\"breadcrumb\":{\"@id\":\"https:\\\/\\\/districos.standingout.be\\\/fr\\\/product\\\/bain-de-pieds-sur-roulettes-avec-poignee-ref-8360-018\\\/#breadcrumb\"},\"inLanguage\":\"fr-FR\",\"potentialAction\":[{\"@type\":\"ReadAction\",\"target\":[\"https:\\\/\\\/districos.standingout.be\\\/fr\\\/product\\\/bain-de-pieds-sur-roulettes-avec-poignee-ref-8360-018\\\/\"]}]},{\"@type\":\"ImageObject\",\"inLanguage\":\"fr-FR\",\"@id\":\"https:\\\/\\\/districos.standingout.be\\\/fr\\\/product\\\/bain-de-pieds-sur-roulettes-avec-poignee-ref-8360-018\\\/#primaryimage\",\"url\":\"https:\\\/\\\/districos.standingout.be\\\/wp-content\\\/uploads\\\/2025\\\/07\\\/8360.018@LowRes_1.png\",\"contentUrl\":\"https:\\\/\\\/districos.standingout.be\\\/wp-content\\\/uploads\\\/2025\\\/07\\\/8360.018@LowRes_1.png\",\"width\":600,\"height\":600},{\"@type\":\"BreadcrumbList\",\"@id\":\"https:\\\/\\\/districos.standingout.be\\\/fr\\\/product\\\/bain-de-pieds-sur-roulettes-avec-poignee-ref-8360-018\\\/#breadcrumb\",\"itemListElement\":[{\"@type\":\"ListItem\",\"position\":1,\"name\":\"Home\",\"item\":\"https:\\\/\\\/districos.standingout.be\\\/fr\\\/bienvenue-chez-districos\\\/\"},{\"@type\":\"ListItem\",\"position\":2,\"name\":\"Boutique\",\"item\":\"https:\\\/\\\/districos.standingout.be\\\/fr\\\/boutique\\\/\"},{\"@type\":\"ListItem\",\"position\":3,\"name\":\"Bain de Pieds sur Roulettes avec Poign\u00e9e\"}]},{\"@type\":\"WebSite\",\"@id\":\"https:\\\/\\\/districos.standingout.be\\\/fr\\\/#website\",\"url\":\"https:\\\/\\\/districos.standingout.be\\\/fr\\\/\",\"name\":\"Districos Webshop\",\"description\":\"\",\"publisher\":{\"@id\":\"https:\\\/\\\/districos.standingout.be\\\/fr\\\/#organization\"},\"potentialAction\":[{\"@type\":\"SearchAction\",\"target\":{\"@type\":\"EntryPoint\",\"urlTemplate\":\"https:\\\/\\\/districos.standingout.be\\\/fr\\\/?s={search_term_string}\"},\"query-input\":{\"@type\":\"PropertyValueSpecification\",\"valueRequired\":true,\"valueName\":\"search_term_string\"}}],\"inLanguage\":\"fr-FR\"},{\"@type\":\"Organization\",\"@id\":\"https:\\\/\\\/districos.standingout.be\\\/fr\\\/#organization\",\"name\":\"Districos Webshop\",\"url\":\"https:\\\/\\\/districos.standingout.be\\\/fr\\\/\",\"logo\":{\"@type\":\"ImageObject\",\"inLanguage\":\"fr-FR\",\"@id\":\"https:\\\/\\\/districos.standingout.be\\\/fr\\\/#\\\/schema\\\/logo\\\/image\\\/\",\"url\":\"https:\\\/\\\/districos.standingout.be\\\/wp-content\\\/uploads\\\/2022\\\/09\\\/Districos_Logo_Webshop.svg\",\"contentUrl\":\"https:\\\/\\\/districos.standingout.be\\\/wp-content\\\/uploads\\\/2022\\\/09\\\/Districos_Logo_Webshop.svg\",\"caption\":\"Districos Webshop\"},\"image\":{\"@id\":\"https:\\\/\\\/districos.standingout.be\\\/fr\\\/#\\\/schema\\\/logo\\\/image\\\/\"}}]}<\/script>\n<!-- \/ Yoast SEO plugin. -->","yoast_head_json":{"title":"Bain de Pieds sur Roulettes avec Poign\u00e9e - Districos Webshop","robots":{"index":"noindex","follow":"follow","max-snippet":"max-snippet:-1","max-image-preview":"max-image-preview:large","max-video-preview":"max-video-preview:-1"},"og_locale":"fr_FR","og_type":"article","og_title":"Bain de Pieds sur Roulettes avec Poign\u00e9e - Districos Webshop","og_description":"Gr\u00e2ce \u00e0 la poign\u00e9e, vous ne devez plus vous pencher pour d\u00e9placer le pieds. La hauteur du bain vous permet d\u2019incliner les genoux en angle de 90\u00b0 pour un positionnement confortable du dos de votre client(e). Avec syst\u00e8me de blocage pratique. Dimensions poign\u00e9e incl. : 42 x 40 x 91 cm (L x l x [&hellip;]","og_url":"https:\/\/districos.standingout.be\/fr\/product\/bain-de-pieds-sur-roulettes-avec-poignee-ref-8360-018\/","og_site_name":"Districos Webshop","article_modified_time":"2026-04-28T08:40:22+00:00","twitter_card":"summary_large_image","schema":{"@context":"https:\/\/schema.org","@graph":[{"@type":"WebPage","@id":"https:\/\/districos.standingout.be\/fr\/product\/bain-de-pieds-sur-roulettes-avec-poignee-ref-8360-018\/","url":"https:\/\/districos.standingout.be\/fr\/product\/bain-de-pieds-sur-roulettes-avec-poignee-ref-8360-018\/","name":"Bain de Pieds sur Roulettes avec Poign\u00e9e - Districos Webshop","isPartOf":{"@id":"https:\/\/districos.standingout.be\/fr\/#website"},"primaryImageOfPage":{"@id":"https:\/\/districos.standingout.be\/fr\/product\/bain-de-pieds-sur-roulettes-avec-poignee-ref-8360-018\/#primaryimage"},"image":{"@id":"https:\/\/districos.standingout.be\/fr\/product\/bain-de-pieds-sur-roulettes-avec-poignee-ref-8360-018\/#primaryimage"},"thumbnailUrl":"https:\/\/districos.standingout.be\/wp-content\/uploads\/2025\/07\/8360.018@LowRes_1.png","datePublished":"2026-04-28T08:40:21+00:00","dateModified":"2026-04-28T08:40:22+00:00","breadcrumb":{"@id":"https:\/\/districos.standingout.be\/fr\/product\/bain-de-pieds-sur-roulettes-avec-poignee-ref-8360-018\/#breadcrumb"},"inLanguage":"fr-FR","potentialAction":[{"@type":"ReadAction","target":["https:\/\/districos.standingout.be\/fr\/product\/bain-de-pieds-sur-roulettes-avec-poignee-ref-8360-018\/"]}]},{"@type":"ImageObject","inLanguage":"fr-FR","@id":"https:\/\/districos.standingout.be\/fr\/product\/bain-de-pieds-sur-roulettes-avec-poignee-ref-8360-018\/#primaryimage","url":"https:\/\/districos.standingout.be\/wp-content\/uploads\/2025\/07\/8360.018@LowRes_1.png","contentUrl":"https:\/\/districos.standingout.be\/wp-content\/uploads\/2025\/07\/8360.018@LowRes_1.png","width":600,"height":600},{"@type":"BreadcrumbList","@id":"https:\/\/districos.standingout.be\/fr\/product\/bain-de-pieds-sur-roulettes-avec-poignee-ref-8360-018\/#breadcrumb","itemListElement":[{"@type":"ListItem","position":1,"name":"Home","item":"https:\/\/districos.standingout.be\/fr\/bienvenue-chez-districos\/"},{"@type":"ListItem","position":2,"name":"Boutique","item":"https:\/\/districos.standingout.be\/fr\/boutique\/"},{"@type":"ListItem","position":3,"name":"Bain de Pieds sur Roulettes avec Poign\u00e9e"}]},{"@type":"WebSite","@id":"https:\/\/districos.standingout.be\/fr\/#website","url":"https:\/\/districos.standingout.be\/fr\/","name":"Districos Webshop","description":"","publisher":{"@id":"https:\/\/districos.standingout.be\/fr\/#organization"},"potentialAction":[{"@type":"SearchAction","target":{"@type":"EntryPoint","urlTemplate":"https:\/\/districos.standingout.be\/fr\/?s={search_term_string}"},"query-input":{"@type":"PropertyValueSpecification","valueRequired":true,"valueName":"search_term_string"}}],"inLanguage":"fr-FR"},{"@type":"Organization","@id":"https:\/\/districos.standingout.be\/fr\/#organization","name":"Districos Webshop","url":"https:\/\/districos.standingout.be\/fr\/","logo":{"@type":"ImageObject","inLanguage":"fr-FR","@id":"https:\/\/districos.standingout.be\/fr\/#\/schema\/logo\/image\/","url":"https:\/\/districos.standingout.be\/wp-content\/uploads\/2022\/09\/Districos_Logo_Webshop.svg","contentUrl":"https:\/\/districos.standingout.be\/wp-content\/uploads\/2022\/09\/Districos_Logo_Webshop.svg","caption":"Districos Webshop"},"image":{"@id":"https:\/\/districos.standingout.be\/fr\/#\/schema\/logo\/image\/"}}]}},"_links":{"self":[{"href":"https:\/\/districos.standingout.be\/fr\/wp-json\/wp\/v2\/product\/137943","targetHints":{"allow":["GET"]}}],"collection":[{"href":"https:\/\/districos.standingout.be\/fr\/wp-json\/wp\/v2\/product"}],"about":[{"href":"https:\/\/districos.standingout.be\/fr\/wp-json\/wp\/v2\/types\/product"}],"replies":[{"embeddable":true,"href":"https:\/\/districos.standingout.be\/fr\/wp-json\/wp\/v2\/comments?post=137943"}],"wp:featuredmedia":[{"embeddable":true,"href":"https:\/\/districos.standingout.be\/fr\/wp-json\/wp\/v2\/media\/79376"}],"wp:attachment":[{"href":"https:\/\/districos.standingout.be\/fr\/wp-json\/wp\/v2\/media?parent=137943"}],"wp:term":[{"taxonomy":"product_brand","embeddable":true,"href":"https:\/\/districos.standingout.be\/fr\/wp-json\/wp\/v2\/product_brand?post=137943"},{"taxonomy":"product_cat","embeddable":true,"href":"https:\/\/districos.standingout.be\/fr\/wp-json\/wp\/v2\/product_cat?post=137943"},{"taxonomy":"product_tag","embeddable":true,"href":"https:\/\/districos.standingout.be\/fr\/wp-json\/wp\/v2\/product_tag?post=137943"}],"curies":[{"name":"wp","href":"https:\/\/api.w.org\/{rel}","templated":true}]}}