{"id":137967,"date":"2026-04-28T10:41:44","date_gmt":"2026-04-28T08:41:44","guid":{"rendered":"https:\/\/webshopdistricoscom.webhosting.be\/product\/buddy-siege-selle-avec-dossier-lombaire-couleur-a-choisir-ref-8368-010\/"},"modified":"2026-04-28T10:41:51","modified_gmt":"2026-04-28T08:41:51","slug":"buddy-siege-selle-avec-dossier-lombaire-couleur-a-choisir-ref-8368-010","status":"publish","type":"product","link":"https:\/\/districos.standingout.be\/fr\/product\/buddy-siege-selle-avec-dossier-lombaire-couleur-a-choisir-ref-8368-010\/","title":{"rendered":"Buddy Si\u00e8ge-Selle avec Dossier Lombaire (couleur \u00e0 choisir)"},"content":{"rendered":"<p >\n<p><font face=\"Verdana\">Si\u00e8ge-selle ergonomique qui a \u00e9t\u00e9 d\u00e9velopp\u00e9 pour travailler toute la journ\u00e9e sans complaintes. Le si\u00e8ge peut \u00eatre inclin\u00e9 vers l&rsquo;avant et l\u2019arri\u00e8re pour une position assise ergonomique. Le dossier est r\u00e9glable en hauteur et peut \u00e9galement \u00eatre inclin\u00e9 vers l\u2019avant et l&rsquo;arri\u00e8re pour un soutien optimal du dos. Aves des roulettes robustes et durables qui roulent tr\u00e8s facilement. Rev\u00eatement en Ska\u00ef (similicuir) d\u00e9sinfectable : utilisez le D\u00fcrr FD 366 (r\u00e9f. 7091.85\/87) pour le d\u00e9sinfecter et le D\u00fcrr FD 360 (r\u00e9f. 7091.89) pour un nettoyage suppl\u00e9mentaire et pour nourrir r\u00e9guli\u00e8rement le rev\u00eatement. <\/p>\n<p><\/font><\/p>\n<div><font face=\"Verdana\"><b>Propri\u00e9t\u00e9s<\/b><\/p>\n<ul>\n<li><font face=\"Verdana\">Si\u00e8ge-selle ergonomique pour un confort d&rsquo;assise tout au long de la journ\u00e9e<\/font><\/li>\n<li><font face=\"Verdana\">Avec dossier plus \u00e9troit \u00ab Lende \u00bb (= bas du dos) : sp\u00e9cialement con\u00e7u pour soutenir la partie la plus basse du dos<\/font><\/li>\n<li><font face=\"Verdana\">Roulettes robustes et durables<\/font><\/li>\n<li><font face=\"Verdana\">R\u00e9glable en hauteur de 48 \u00e0 64 cm avec un v\u00e9rin \u00e0 gaz <\/font><\/li>\n<li><font face=\"Verdana\">Dossier r\u00e9glable en hauteur et en distance si\u00e8ge-dossier<\/font><\/li>\n<li><font face=\"Verdana\">Largeur du si\u00e8ge : 40 cm<\/font><\/li>\n<li><font face=\"Verdana\">Inclinaison si\u00e8ge adaptable<\/font><\/li>\n<li><font face=\"Verdana\">Rev\u00eatement en Ska\u00ef (similicuir) d\u00e9sinfectable<\/font><\/li>\n<li><font face=\"Verdana\">Disponible en 38 couleurs modernes !<\/font><\/li>\n<\/ul>\n<p><b>ATTENTION : VEUILLEZ INDIQUER LE CODE DE LA COULEUR SOUHAIT\u00c9E DANS LES COMMENTAIRES DE VOTRE COMMANDE.<\/b><br \/>La disponibilit\u00e9 d\u00e9pend de la couleur choisie. Pr\u00e9voyez un d\u00e9lai de livraison de 2 \u00e0 3 semaines. Voulez-vous savoir si le si\u00e8ge-selle dans votre couleur pr\u00e9f\u00e9r\u00e9e est disponible ? Contactez alors notre service client\u00e8le au num\u00e9ro 015\/236683 ou envoyez un e-mail \u00e0 info@districos.com.<br \/>Disponible en 38 couleurs :<br \/> 01 \u2013 Blanc<br \/> 02 \u2013 Citron Vert<br \/> 03 \u2013 Anthracite<br \/> 04 \u2013 Noir<br \/> 05 \u2013 Chrome<br \/> 06 \u2013 Perle (gris clair)<br \/> 07 \u2013 Argent<br \/> 08 \u2013 Menthe<br \/> 09 \u2013 Cyclamen<br \/> 10 \u2013 Orchid\u00e9e<br \/> 11 \u2013 Violet<br \/> 12 \u2013 Pistache<br \/> 13 \u2013 Vert Pomme<br \/> 14 \u2013 \u00c9meraude<br \/> 15 \u2013 Aqua<br \/> 16 \u2013 Turquoise<br \/> 17 \u2013 Agave<br \/> 18 \u2013 Dauphin<br \/> 19 \u2013 Stone (bleu-gris)<br \/> 20 \u2013 Bleu<br \/> 21 \u2013 Sky<br \/> 22 \u2013 Atoll<br \/> 23 \u2013 Royal<br \/> 24 \u2013 Oc\u00e9an<br \/> 25 \u2013 Bordeaux<br \/> 26 \u2013 Choco<br \/> 27 \u2013 Beige<br \/> 28 \u2013 Cr\u00e8me<br \/> 29 \u2013 Sable<br \/> 30 \u2013 Ma\u00efs<br \/> 31 \u2013 Abricot<br \/> 32 \u2013 Mangue<br \/> 33 \u2013 Safran<br \/> 34 \u2013 Limonade<br \/> 35 \u2013 Orange<br \/> 36 \u2013 Cornaline<br \/> 37 \u2013 Rouge Feu<br \/> 38 \u2013 Cerise<\/font><\/div>\n","protected":false},"excerpt":{"rendered":"<p>Si\u00e8ge-selle ergonomique qui a \u00e9t\u00e9 d\u00e9velopp\u00e9 pour travailler toute la journ\u00e9e sans complaintes. Le si\u00e8ge peut \u00eatre inclin\u00e9 vers l&rsquo;avant et l\u2019arri\u00e8re pour une position assise ergonomique. Le dossier est r\u00e9glable en hauteur et peut \u00e9galement \u00eatre inclin\u00e9 vers l\u2019avant et l&rsquo;arri\u00e8re pour un soutien optimal du dos. Aves des roulettes robustes et durables qui [&hellip;]<\/p>\n","protected":false},"featured_media":79487,"comment_status":"open","ping_status":"closed","template":"","meta":{"_acf_changed":false},"product_brand":[],"product_cat":[9960,10233,10068,10106],"product_tag":[],"class_list":{"0":"post-137967","1":"product","2":"type-product","3":"status-publish","4":"has-post-thumbnail","6":"product_cat-beaute-pedicure-amenagement-du-cabinet","7":"product_cat-amenagement-fauteuils-de-traitement-pedicure","8":"product_cat-soins-des-pieds-podologie-amenagement-du-cabinet-tabourets","9":"product_cat-amenagement-amenagement-tabourets","11":"first","12":"outofstock","13":"taxable","14":"shipping-taxable","15":"product-type-simple"},"acf":[],"yoast_head":"<!-- This site is optimized with the Yoast SEO plugin v27.3 - https:\/\/yoast.com\/product\/yoast-seo-wordpress\/ -->\n<title>Buddy Si\u00e8ge-Selle avec Dossier Lombaire (couleur \u00e0 choisir) - Districos Webshop<\/title>\n<meta name=\"robots\" content=\"noindex, follow, max-snippet:-1, max-image-preview:large, max-video-preview:-1\" \/>\n<meta property=\"og:locale\" content=\"fr_FR\" \/>\n<meta property=\"og:type\" content=\"article\" \/>\n<meta property=\"og:title\" content=\"Buddy Si\u00e8ge-Selle avec Dossier Lombaire (couleur \u00e0 choisir) - Districos Webshop\" \/>\n<meta property=\"og:description\" content=\"Si\u00e8ge-selle ergonomique qui a \u00e9t\u00e9 d\u00e9velopp\u00e9 pour travailler toute la journ\u00e9e sans complaintes. Le si\u00e8ge peut \u00eatre inclin\u00e9 vers l&rsquo;avant et l\u2019arri\u00e8re pour une position assise ergonomique. Le dossier est r\u00e9glable en hauteur et peut \u00e9galement \u00eatre inclin\u00e9 vers l\u2019avant et l&rsquo;arri\u00e8re pour un soutien optimal du dos. Aves des roulettes robustes et durables qui [&hellip;]\" \/>\n<meta property=\"og:url\" content=\"https:\/\/districos.standingout.be\/fr\/product\/buddy-siege-selle-avec-dossier-lombaire-couleur-a-choisir-ref-8368-010\/\" \/>\n<meta property=\"og:site_name\" content=\"Districos Webshop\" \/>\n<meta property=\"article:modified_time\" content=\"2026-04-28T08:41:51+00:00\" \/>\n<meta name=\"twitter:card\" content=\"summary_large_image\" \/>\n<meta name=\"twitter:label1\" content=\"Dur\u00e9e de lecture estim\u00e9e\" \/>\n\t<meta name=\"twitter:data1\" content=\"1 minute\" \/>\n<script type=\"application\/ld+json\" class=\"yoast-schema-graph\">{\"@context\":\"https:\\\/\\\/schema.org\",\"@graph\":[{\"@type\":\"WebPage\",\"@id\":\"https:\\\/\\\/districos.standingout.be\\\/fr\\\/product\\\/buddy-siege-selle-avec-dossier-lombaire-couleur-a-choisir-ref-8368-010\\\/\",\"url\":\"https:\\\/\\\/districos.standingout.be\\\/fr\\\/product\\\/buddy-siege-selle-avec-dossier-lombaire-couleur-a-choisir-ref-8368-010\\\/\",\"name\":\"Buddy Si\u00e8ge-Selle avec Dossier Lombaire (couleur \u00e0 choisir) - Districos Webshop\",\"isPartOf\":{\"@id\":\"https:\\\/\\\/districos.standingout.be\\\/fr\\\/#website\"},\"primaryImageOfPage\":{\"@id\":\"https:\\\/\\\/districos.standingout.be\\\/fr\\\/product\\\/buddy-siege-selle-avec-dossier-lombaire-couleur-a-choisir-ref-8368-010\\\/#primaryimage\"},\"image\":{\"@id\":\"https:\\\/\\\/districos.standingout.be\\\/fr\\\/product\\\/buddy-siege-selle-avec-dossier-lombaire-couleur-a-choisir-ref-8368-010\\\/#primaryimage\"},\"thumbnailUrl\":\"https:\\\/\\\/districos.standingout.be\\\/wp-content\\\/uploads\\\/2025\\\/07\\\/8368.010@LowRes_1.png\",\"datePublished\":\"2026-04-28T08:41:44+00:00\",\"dateModified\":\"2026-04-28T08:41:51+00:00\",\"breadcrumb\":{\"@id\":\"https:\\\/\\\/districos.standingout.be\\\/fr\\\/product\\\/buddy-siege-selle-avec-dossier-lombaire-couleur-a-choisir-ref-8368-010\\\/#breadcrumb\"},\"inLanguage\":\"fr-FR\",\"potentialAction\":[{\"@type\":\"ReadAction\",\"target\":[\"https:\\\/\\\/districos.standingout.be\\\/fr\\\/product\\\/buddy-siege-selle-avec-dossier-lombaire-couleur-a-choisir-ref-8368-010\\\/\"]}]},{\"@type\":\"ImageObject\",\"inLanguage\":\"fr-FR\",\"@id\":\"https:\\\/\\\/districos.standingout.be\\\/fr\\\/product\\\/buddy-siege-selle-avec-dossier-lombaire-couleur-a-choisir-ref-8368-010\\\/#primaryimage\",\"url\":\"https:\\\/\\\/districos.standingout.be\\\/wp-content\\\/uploads\\\/2025\\\/07\\\/8368.010@LowRes_1.png\",\"contentUrl\":\"https:\\\/\\\/districos.standingout.be\\\/wp-content\\\/uploads\\\/2025\\\/07\\\/8368.010@LowRes_1.png\",\"width\":600,\"height\":600},{\"@type\":\"BreadcrumbList\",\"@id\":\"https:\\\/\\\/districos.standingout.be\\\/fr\\\/product\\\/buddy-siege-selle-avec-dossier-lombaire-couleur-a-choisir-ref-8368-010\\\/#breadcrumb\",\"itemListElement\":[{\"@type\":\"ListItem\",\"position\":1,\"name\":\"Home\",\"item\":\"https:\\\/\\\/districos.standingout.be\\\/fr\\\/bienvenue-chez-districos\\\/\"},{\"@type\":\"ListItem\",\"position\":2,\"name\":\"Boutique\",\"item\":\"https:\\\/\\\/districos.standingout.be\\\/fr\\\/boutique\\\/\"},{\"@type\":\"ListItem\",\"position\":3,\"name\":\"Buddy Si\u00e8ge-Selle avec Dossier Lombaire (couleur \u00e0 choisir)\"}]},{\"@type\":\"WebSite\",\"@id\":\"https:\\\/\\\/districos.standingout.be\\\/fr\\\/#website\",\"url\":\"https:\\\/\\\/districos.standingout.be\\\/fr\\\/\",\"name\":\"Districos Webshop\",\"description\":\"\",\"publisher\":{\"@id\":\"https:\\\/\\\/districos.standingout.be\\\/fr\\\/#organization\"},\"potentialAction\":[{\"@type\":\"SearchAction\",\"target\":{\"@type\":\"EntryPoint\",\"urlTemplate\":\"https:\\\/\\\/districos.standingout.be\\\/fr\\\/?s={search_term_string}\"},\"query-input\":{\"@type\":\"PropertyValueSpecification\",\"valueRequired\":true,\"valueName\":\"search_term_string\"}}],\"inLanguage\":\"fr-FR\"},{\"@type\":\"Organization\",\"@id\":\"https:\\\/\\\/districos.standingout.be\\\/fr\\\/#organization\",\"name\":\"Districos Webshop\",\"url\":\"https:\\\/\\\/districos.standingout.be\\\/fr\\\/\",\"logo\":{\"@type\":\"ImageObject\",\"inLanguage\":\"fr-FR\",\"@id\":\"https:\\\/\\\/districos.standingout.be\\\/fr\\\/#\\\/schema\\\/logo\\\/image\\\/\",\"url\":\"https:\\\/\\\/districos.standingout.be\\\/wp-content\\\/uploads\\\/2022\\\/09\\\/Districos_Logo_Webshop.svg\",\"contentUrl\":\"https:\\\/\\\/districos.standingout.be\\\/wp-content\\\/uploads\\\/2022\\\/09\\\/Districos_Logo_Webshop.svg\",\"caption\":\"Districos Webshop\"},\"image\":{\"@id\":\"https:\\\/\\\/districos.standingout.be\\\/fr\\\/#\\\/schema\\\/logo\\\/image\\\/\"}}]}<\/script>\n<!-- \/ Yoast SEO plugin. -->","yoast_head_json":{"title":"Buddy Si\u00e8ge-Selle avec Dossier Lombaire (couleur \u00e0 choisir) - Districos Webshop","robots":{"index":"noindex","follow":"follow","max-snippet":"max-snippet:-1","max-image-preview":"max-image-preview:large","max-video-preview":"max-video-preview:-1"},"og_locale":"fr_FR","og_type":"article","og_title":"Buddy Si\u00e8ge-Selle avec Dossier Lombaire (couleur \u00e0 choisir) - Districos Webshop","og_description":"Si\u00e8ge-selle ergonomique qui a \u00e9t\u00e9 d\u00e9velopp\u00e9 pour travailler toute la journ\u00e9e sans complaintes. Le si\u00e8ge peut \u00eatre inclin\u00e9 vers l&rsquo;avant et l\u2019arri\u00e8re pour une position assise ergonomique. Le dossier est r\u00e9glable en hauteur et peut \u00e9galement \u00eatre inclin\u00e9 vers l\u2019avant et l&rsquo;arri\u00e8re pour un soutien optimal du dos. Aves des roulettes robustes et durables qui [&hellip;]","og_url":"https:\/\/districos.standingout.be\/fr\/product\/buddy-siege-selle-avec-dossier-lombaire-couleur-a-choisir-ref-8368-010\/","og_site_name":"Districos Webshop","article_modified_time":"2026-04-28T08:41:51+00:00","twitter_card":"summary_large_image","twitter_misc":{"Dur\u00e9e de lecture estim\u00e9e":"1 minute"},"schema":{"@context":"https:\/\/schema.org","@graph":[{"@type":"WebPage","@id":"https:\/\/districos.standingout.be\/fr\/product\/buddy-siege-selle-avec-dossier-lombaire-couleur-a-choisir-ref-8368-010\/","url":"https:\/\/districos.standingout.be\/fr\/product\/buddy-siege-selle-avec-dossier-lombaire-couleur-a-choisir-ref-8368-010\/","name":"Buddy Si\u00e8ge-Selle avec Dossier Lombaire (couleur \u00e0 choisir) - Districos Webshop","isPartOf":{"@id":"https:\/\/districos.standingout.be\/fr\/#website"},"primaryImageOfPage":{"@id":"https:\/\/districos.standingout.be\/fr\/product\/buddy-siege-selle-avec-dossier-lombaire-couleur-a-choisir-ref-8368-010\/#primaryimage"},"image":{"@id":"https:\/\/districos.standingout.be\/fr\/product\/buddy-siege-selle-avec-dossier-lombaire-couleur-a-choisir-ref-8368-010\/#primaryimage"},"thumbnailUrl":"https:\/\/districos.standingout.be\/wp-content\/uploads\/2025\/07\/8368.010@LowRes_1.png","datePublished":"2026-04-28T08:41:44+00:00","dateModified":"2026-04-28T08:41:51+00:00","breadcrumb":{"@id":"https:\/\/districos.standingout.be\/fr\/product\/buddy-siege-selle-avec-dossier-lombaire-couleur-a-choisir-ref-8368-010\/#breadcrumb"},"inLanguage":"fr-FR","potentialAction":[{"@type":"ReadAction","target":["https:\/\/districos.standingout.be\/fr\/product\/buddy-siege-selle-avec-dossier-lombaire-couleur-a-choisir-ref-8368-010\/"]}]},{"@type":"ImageObject","inLanguage":"fr-FR","@id":"https:\/\/districos.standingout.be\/fr\/product\/buddy-siege-selle-avec-dossier-lombaire-couleur-a-choisir-ref-8368-010\/#primaryimage","url":"https:\/\/districos.standingout.be\/wp-content\/uploads\/2025\/07\/8368.010@LowRes_1.png","contentUrl":"https:\/\/districos.standingout.be\/wp-content\/uploads\/2025\/07\/8368.010@LowRes_1.png","width":600,"height":600},{"@type":"BreadcrumbList","@id":"https:\/\/districos.standingout.be\/fr\/product\/buddy-siege-selle-avec-dossier-lombaire-couleur-a-choisir-ref-8368-010\/#breadcrumb","itemListElement":[{"@type":"ListItem","position":1,"name":"Home","item":"https:\/\/districos.standingout.be\/fr\/bienvenue-chez-districos\/"},{"@type":"ListItem","position":2,"name":"Boutique","item":"https:\/\/districos.standingout.be\/fr\/boutique\/"},{"@type":"ListItem","position":3,"name":"Buddy Si\u00e8ge-Selle avec Dossier Lombaire (couleur \u00e0 choisir)"}]},{"@type":"WebSite","@id":"https:\/\/districos.standingout.be\/fr\/#website","url":"https:\/\/districos.standingout.be\/fr\/","name":"Districos Webshop","description":"","publisher":{"@id":"https:\/\/districos.standingout.be\/fr\/#organization"},"potentialAction":[{"@type":"SearchAction","target":{"@type":"EntryPoint","urlTemplate":"https:\/\/districos.standingout.be\/fr\/?s={search_term_string}"},"query-input":{"@type":"PropertyValueSpecification","valueRequired":true,"valueName":"search_term_string"}}],"inLanguage":"fr-FR"},{"@type":"Organization","@id":"https:\/\/districos.standingout.be\/fr\/#organization","name":"Districos Webshop","url":"https:\/\/districos.standingout.be\/fr\/","logo":{"@type":"ImageObject","inLanguage":"fr-FR","@id":"https:\/\/districos.standingout.be\/fr\/#\/schema\/logo\/image\/","url":"https:\/\/districos.standingout.be\/wp-content\/uploads\/2022\/09\/Districos_Logo_Webshop.svg","contentUrl":"https:\/\/districos.standingout.be\/wp-content\/uploads\/2022\/09\/Districos_Logo_Webshop.svg","caption":"Districos Webshop"},"image":{"@id":"https:\/\/districos.standingout.be\/fr\/#\/schema\/logo\/image\/"}}]}},"_links":{"self":[{"href":"https:\/\/districos.standingout.be\/fr\/wp-json\/wp\/v2\/product\/137967","targetHints":{"allow":["GET"]}}],"collection":[{"href":"https:\/\/districos.standingout.be\/fr\/wp-json\/wp\/v2\/product"}],"about":[{"href":"https:\/\/districos.standingout.be\/fr\/wp-json\/wp\/v2\/types\/product"}],"replies":[{"embeddable":true,"href":"https:\/\/districos.standingout.be\/fr\/wp-json\/wp\/v2\/comments?post=137967"}],"wp:featuredmedia":[{"embeddable":true,"href":"https:\/\/districos.standingout.be\/fr\/wp-json\/wp\/v2\/media\/79487"}],"wp:attachment":[{"href":"https:\/\/districos.standingout.be\/fr\/wp-json\/wp\/v2\/media?parent=137967"}],"wp:term":[{"taxonomy":"product_brand","embeddable":true,"href":"https:\/\/districos.standingout.be\/fr\/wp-json\/wp\/v2\/product_brand?post=137967"},{"taxonomy":"product_cat","embeddable":true,"href":"https:\/\/districos.standingout.be\/fr\/wp-json\/wp\/v2\/product_cat?post=137967"},{"taxonomy":"product_tag","embeddable":true,"href":"https:\/\/districos.standingout.be\/fr\/wp-json\/wp\/v2\/product_tag?post=137967"}],"curies":[{"name":"wp","href":"https:\/\/api.w.org\/{rel}","templated":true}]}}