{"id":137975,"date":"2026-04-28T10:43:39","date_gmt":"2026-04-28T08:43:39","guid":{"rendered":"https:\/\/webshopdistricoscom.webhosting.be\/product\/vapo-easy-mini-facial-steamer-ref-8370-22-2\/"},"modified":"2026-04-28T10:43:43","modified_gmt":"2026-04-28T08:43:43","slug":"vapo-easy-mini-facial-steamer-ref-8370-22","status":"publish","type":"product","link":"https:\/\/districos.standingout.be\/fr\/product\/vapo-easy-mini-facial-steamer-ref-8370-22\/","title":{"rendered":"Vapo Easy Mini Facial Steamer"},"content":{"rendered":"<p >\n<ul>\n<p><b>D\u00e9couvrez le Vapo Easy &#8211; votre arme secr\u00e8te pour une peau radieuse \u00e0 la maison !<\/b><br \/>Vous voulez profiter d&rsquo;une exp\u00e9rience wellness \u00e0 la maison ? Le mini-vaporisateur facial est la solution pour une peau profond\u00e9ment nettoy\u00e9e et hydrat\u00e9e en quelques minutes seulement ! Son design compact le rend id\u00e9al pour une utilisation quotidienne et garantit que votre peau reste fra\u00eeche, douce et \u00e9clatante. Offrez-vous une peau \u00e9clatante de sant\u00e9 &#8211; chaque jour !<\/p>\n<ul>\n<li>Ouvre les pores pour mieux \u00e9liminer les impuret\u00e9s.<\/li>\n<li>Am\u00e9liore l&rsquo;absorption de vos produits de soin pr\u00e9f\u00e9r\u00e9s.<\/li>\n<li>Format pratique : parfait pour la maison et les d\u00e9placements.<\/li>\n<\/ul>\n<p><b>Attention<\/b>: N&rsquo;utilisez que de l&rsquo;eau d\u00e9min\u00e9ralis\u00e9e (<a href=\"https:\/\/webshop.districos.com\/ProductDetail\/8825\" target=\"_blank\" rel=\"noopener noreferrer nofollow\">r\u00e9f. 8825<\/a>) dans votre steamer et n&rsquo;ajoutez PAS d&rsquo;huiles essentielles dans le grand r\u00e9servoir ! Les huiles essentielles peuvent toutefois \u00eatre ajout\u00e9es dans le petit r\u00e9servoir pr\u00e9vu \u00e0 cet effet \u00e0 l&rsquo;extr\u00e9mit\u00e9 du bras.<br \/><b>Caract\u00e9ristiques :<\/b><\/p>\n<ul>\n<li>T\u00eate de vapeur rotative \u00e0 360<\/li>\n<li>Lampe \u00e0 ozone int\u00e9gr\u00e9e avec bouton marche\/arr\u00eat ind\u00e9pendant<\/li>\n<li>Temp\u00e9rature : 60-80\u00b0C<\/li>\n<li>Consommation \u00e9lectrique : 500 W<\/li>\n<li>R\u00e9servoir s\u00e9par\u00e9 pour les huiles essentielles<\/li>\n<li>Base stable<\/li>\n<li>Portable et donc id\u00e9al pour les traitements en d\u00e9placement<\/li>\n<li>Dimensions : 17,5 x 21 x 49,5 cm<\/li>\n<\/ul>\n<\/ul>\n","protected":false},"excerpt":{"rendered":"<p>D\u00e9couvrez le Vapo Easy &#8211; votre arme secr\u00e8te pour une peau radieuse \u00e0 la maison !Vous voulez profiter d&rsquo;une exp\u00e9rience wellness \u00e0 la maison ? Le mini-vaporisateur facial est la solution pour une peau profond\u00e9ment nettoy\u00e9e et hydrat\u00e9e en quelques minutes seulement ! Son design compact le rend id\u00e9al pour une utilisation quotidienne et garantit [&hellip;]<\/p>\n","protected":false},"featured_media":147812,"comment_status":"open","ping_status":"closed","template":"","meta":{"_acf_changed":false},"product_brand":[],"product_cat":[9862,10090],"product_tag":[],"class_list":{"0":"post-137975","1":"product","2":"type-product","3":"status-publish","4":"has-post-thumbnail","6":"product_cat-beaute-visage-equipement","7":"product_cat-amenagement-equipement-visage","9":"first","10":"instock","11":"taxable","12":"shipping-taxable","13":"product-type-simple"},"acf":[],"yoast_head":"<!-- This site is optimized with the Yoast SEO plugin v27.3 - https:\/\/yoast.com\/product\/yoast-seo-wordpress\/ -->\n<title>Vapo Easy Mini Facial Steamer - Districos Webshop<\/title>\n<meta name=\"robots\" content=\"noindex, follow, max-snippet:-1, max-image-preview:large, max-video-preview:-1\" \/>\n<meta property=\"og:locale\" content=\"fr_FR\" \/>\n<meta property=\"og:type\" content=\"article\" \/>\n<meta property=\"og:title\" content=\"Vapo Easy Mini Facial Steamer - Districos Webshop\" \/>\n<meta property=\"og:description\" content=\"D\u00e9couvrez le Vapo Easy &#8211; votre arme secr\u00e8te pour une peau radieuse \u00e0 la maison !Vous voulez profiter d&rsquo;une exp\u00e9rience wellness \u00e0 la maison ? Le mini-vaporisateur facial est la solution pour une peau profond\u00e9ment nettoy\u00e9e et hydrat\u00e9e en quelques minutes seulement ! Son design compact le rend id\u00e9al pour une utilisation quotidienne et garantit [&hellip;]\" \/>\n<meta property=\"og:url\" content=\"https:\/\/districos.standingout.be\/fr\/product\/vapo-easy-mini-facial-steamer-ref-8370-22\/\" \/>\n<meta property=\"og:site_name\" content=\"Districos Webshop\" \/>\n<meta property=\"article:modified_time\" content=\"2026-04-28T08:43:43+00:00\" \/>\n<meta name=\"twitter:card\" content=\"summary_large_image\" \/>\n<meta name=\"twitter:label1\" content=\"Dur\u00e9e de lecture estim\u00e9e\" \/>\n\t<meta name=\"twitter:data1\" content=\"1 minute\" \/>\n<script type=\"application\/ld+json\" class=\"yoast-schema-graph\">{\"@context\":\"https:\\\/\\\/schema.org\",\"@graph\":[{\"@type\":\"WebPage\",\"@id\":\"https:\\\/\\\/districos.standingout.be\\\/fr\\\/product\\\/vapo-easy-mini-facial-steamer-ref-8370-22\\\/\",\"url\":\"https:\\\/\\\/districos.standingout.be\\\/fr\\\/product\\\/vapo-easy-mini-facial-steamer-ref-8370-22\\\/\",\"name\":\"Vapo Easy Mini Facial Steamer - Districos Webshop\",\"isPartOf\":{\"@id\":\"https:\\\/\\\/districos.standingout.be\\\/fr\\\/#website\"},\"primaryImageOfPage\":{\"@id\":\"https:\\\/\\\/districos.standingout.be\\\/fr\\\/product\\\/vapo-easy-mini-facial-steamer-ref-8370-22\\\/#primaryimage\"},\"image\":{\"@id\":\"https:\\\/\\\/districos.standingout.be\\\/fr\\\/product\\\/vapo-easy-mini-facial-steamer-ref-8370-22\\\/#primaryimage\"},\"thumbnailUrl\":\"https:\\\/\\\/districos.standingout.be\\\/wp-content\\\/uploads\\\/2026\\\/04\\\/8370.22@Vapo-Easy_1-1.png\",\"datePublished\":\"2026-04-28T08:43:39+00:00\",\"dateModified\":\"2026-04-28T08:43:43+00:00\",\"breadcrumb\":{\"@id\":\"https:\\\/\\\/districos.standingout.be\\\/fr\\\/product\\\/vapo-easy-mini-facial-steamer-ref-8370-22\\\/#breadcrumb\"},\"inLanguage\":\"fr-FR\",\"potentialAction\":[{\"@type\":\"ReadAction\",\"target\":[\"https:\\\/\\\/districos.standingout.be\\\/fr\\\/product\\\/vapo-easy-mini-facial-steamer-ref-8370-22\\\/\"]}]},{\"@type\":\"ImageObject\",\"inLanguage\":\"fr-FR\",\"@id\":\"https:\\\/\\\/districos.standingout.be\\\/fr\\\/product\\\/vapo-easy-mini-facial-steamer-ref-8370-22\\\/#primaryimage\",\"url\":\"https:\\\/\\\/districos.standingout.be\\\/wp-content\\\/uploads\\\/2026\\\/04\\\/8370.22@Vapo-Easy_1-1.png\",\"contentUrl\":\"https:\\\/\\\/districos.standingout.be\\\/wp-content\\\/uploads\\\/2026\\\/04\\\/8370.22@Vapo-Easy_1-1.png\",\"width\":600,\"height\":600},{\"@type\":\"BreadcrumbList\",\"@id\":\"https:\\\/\\\/districos.standingout.be\\\/fr\\\/product\\\/vapo-easy-mini-facial-steamer-ref-8370-22\\\/#breadcrumb\",\"itemListElement\":[{\"@type\":\"ListItem\",\"position\":1,\"name\":\"Home\",\"item\":\"https:\\\/\\\/districos.standingout.be\\\/fr\\\/bienvenue-chez-districos\\\/\"},{\"@type\":\"ListItem\",\"position\":2,\"name\":\"Boutique\",\"item\":\"https:\\\/\\\/districos.standingout.be\\\/fr\\\/boutique\\\/\"},{\"@type\":\"ListItem\",\"position\":3,\"name\":\"Vapo Easy Mini Facial Steamer\"}]},{\"@type\":\"WebSite\",\"@id\":\"https:\\\/\\\/districos.standingout.be\\\/fr\\\/#website\",\"url\":\"https:\\\/\\\/districos.standingout.be\\\/fr\\\/\",\"name\":\"Districos Webshop\",\"description\":\"\",\"publisher\":{\"@id\":\"https:\\\/\\\/districos.standingout.be\\\/fr\\\/#organization\"},\"potentialAction\":[{\"@type\":\"SearchAction\",\"target\":{\"@type\":\"EntryPoint\",\"urlTemplate\":\"https:\\\/\\\/districos.standingout.be\\\/fr\\\/?s={search_term_string}\"},\"query-input\":{\"@type\":\"PropertyValueSpecification\",\"valueRequired\":true,\"valueName\":\"search_term_string\"}}],\"inLanguage\":\"fr-FR\"},{\"@type\":\"Organization\",\"@id\":\"https:\\\/\\\/districos.standingout.be\\\/fr\\\/#organization\",\"name\":\"Districos Webshop\",\"url\":\"https:\\\/\\\/districos.standingout.be\\\/fr\\\/\",\"logo\":{\"@type\":\"ImageObject\",\"inLanguage\":\"fr-FR\",\"@id\":\"https:\\\/\\\/districos.standingout.be\\\/fr\\\/#\\\/schema\\\/logo\\\/image\\\/\",\"url\":\"https:\\\/\\\/districos.standingout.be\\\/wp-content\\\/uploads\\\/2022\\\/09\\\/Districos_Logo_Webshop.svg\",\"contentUrl\":\"https:\\\/\\\/districos.standingout.be\\\/wp-content\\\/uploads\\\/2022\\\/09\\\/Districos_Logo_Webshop.svg\",\"caption\":\"Districos Webshop\"},\"image\":{\"@id\":\"https:\\\/\\\/districos.standingout.be\\\/fr\\\/#\\\/schema\\\/logo\\\/image\\\/\"}}]}<\/script>\n<!-- \/ Yoast SEO plugin. -->","yoast_head_json":{"title":"Vapo Easy Mini Facial Steamer - Districos Webshop","robots":{"index":"noindex","follow":"follow","max-snippet":"max-snippet:-1","max-image-preview":"max-image-preview:large","max-video-preview":"max-video-preview:-1"},"og_locale":"fr_FR","og_type":"article","og_title":"Vapo Easy Mini Facial Steamer - Districos Webshop","og_description":"D\u00e9couvrez le Vapo Easy &#8211; votre arme secr\u00e8te pour une peau radieuse \u00e0 la maison !Vous voulez profiter d&rsquo;une exp\u00e9rience wellness \u00e0 la maison ? Le mini-vaporisateur facial est la solution pour une peau profond\u00e9ment nettoy\u00e9e et hydrat\u00e9e en quelques minutes seulement ! Son design compact le rend id\u00e9al pour une utilisation quotidienne et garantit [&hellip;]","og_url":"https:\/\/districos.standingout.be\/fr\/product\/vapo-easy-mini-facial-steamer-ref-8370-22\/","og_site_name":"Districos Webshop","article_modified_time":"2026-04-28T08:43:43+00:00","twitter_card":"summary_large_image","twitter_misc":{"Dur\u00e9e de lecture estim\u00e9e":"1 minute"},"schema":{"@context":"https:\/\/schema.org","@graph":[{"@type":"WebPage","@id":"https:\/\/districos.standingout.be\/fr\/product\/vapo-easy-mini-facial-steamer-ref-8370-22\/","url":"https:\/\/districos.standingout.be\/fr\/product\/vapo-easy-mini-facial-steamer-ref-8370-22\/","name":"Vapo Easy Mini Facial Steamer - Districos Webshop","isPartOf":{"@id":"https:\/\/districos.standingout.be\/fr\/#website"},"primaryImageOfPage":{"@id":"https:\/\/districos.standingout.be\/fr\/product\/vapo-easy-mini-facial-steamer-ref-8370-22\/#primaryimage"},"image":{"@id":"https:\/\/districos.standingout.be\/fr\/product\/vapo-easy-mini-facial-steamer-ref-8370-22\/#primaryimage"},"thumbnailUrl":"https:\/\/districos.standingout.be\/wp-content\/uploads\/2026\/04\/8370.22@Vapo-Easy_1-1.png","datePublished":"2026-04-28T08:43:39+00:00","dateModified":"2026-04-28T08:43:43+00:00","breadcrumb":{"@id":"https:\/\/districos.standingout.be\/fr\/product\/vapo-easy-mini-facial-steamer-ref-8370-22\/#breadcrumb"},"inLanguage":"fr-FR","potentialAction":[{"@type":"ReadAction","target":["https:\/\/districos.standingout.be\/fr\/product\/vapo-easy-mini-facial-steamer-ref-8370-22\/"]}]},{"@type":"ImageObject","inLanguage":"fr-FR","@id":"https:\/\/districos.standingout.be\/fr\/product\/vapo-easy-mini-facial-steamer-ref-8370-22\/#primaryimage","url":"https:\/\/districos.standingout.be\/wp-content\/uploads\/2026\/04\/8370.22@Vapo-Easy_1-1.png","contentUrl":"https:\/\/districos.standingout.be\/wp-content\/uploads\/2026\/04\/8370.22@Vapo-Easy_1-1.png","width":600,"height":600},{"@type":"BreadcrumbList","@id":"https:\/\/districos.standingout.be\/fr\/product\/vapo-easy-mini-facial-steamer-ref-8370-22\/#breadcrumb","itemListElement":[{"@type":"ListItem","position":1,"name":"Home","item":"https:\/\/districos.standingout.be\/fr\/bienvenue-chez-districos\/"},{"@type":"ListItem","position":2,"name":"Boutique","item":"https:\/\/districos.standingout.be\/fr\/boutique\/"},{"@type":"ListItem","position":3,"name":"Vapo Easy Mini Facial Steamer"}]},{"@type":"WebSite","@id":"https:\/\/districos.standingout.be\/fr\/#website","url":"https:\/\/districos.standingout.be\/fr\/","name":"Districos Webshop","description":"","publisher":{"@id":"https:\/\/districos.standingout.be\/fr\/#organization"},"potentialAction":[{"@type":"SearchAction","target":{"@type":"EntryPoint","urlTemplate":"https:\/\/districos.standingout.be\/fr\/?s={search_term_string}"},"query-input":{"@type":"PropertyValueSpecification","valueRequired":true,"valueName":"search_term_string"}}],"inLanguage":"fr-FR"},{"@type":"Organization","@id":"https:\/\/districos.standingout.be\/fr\/#organization","name":"Districos Webshop","url":"https:\/\/districos.standingout.be\/fr\/","logo":{"@type":"ImageObject","inLanguage":"fr-FR","@id":"https:\/\/districos.standingout.be\/fr\/#\/schema\/logo\/image\/","url":"https:\/\/districos.standingout.be\/wp-content\/uploads\/2022\/09\/Districos_Logo_Webshop.svg","contentUrl":"https:\/\/districos.standingout.be\/wp-content\/uploads\/2022\/09\/Districos_Logo_Webshop.svg","caption":"Districos Webshop"},"image":{"@id":"https:\/\/districos.standingout.be\/fr\/#\/schema\/logo\/image\/"}}]}},"_links":{"self":[{"href":"https:\/\/districos.standingout.be\/fr\/wp-json\/wp\/v2\/product\/137975","targetHints":{"allow":["GET"]}}],"collection":[{"href":"https:\/\/districos.standingout.be\/fr\/wp-json\/wp\/v2\/product"}],"about":[{"href":"https:\/\/districos.standingout.be\/fr\/wp-json\/wp\/v2\/types\/product"}],"replies":[{"embeddable":true,"href":"https:\/\/districos.standingout.be\/fr\/wp-json\/wp\/v2\/comments?post=137975"}],"wp:featuredmedia":[{"embeddable":true,"href":"https:\/\/districos.standingout.be\/fr\/wp-json\/wp\/v2\/media\/147812"}],"wp:attachment":[{"href":"https:\/\/districos.standingout.be\/fr\/wp-json\/wp\/v2\/media?parent=137975"}],"wp:term":[{"taxonomy":"product_brand","embeddable":true,"href":"https:\/\/districos.standingout.be\/fr\/wp-json\/wp\/v2\/product_brand?post=137975"},{"taxonomy":"product_cat","embeddable":true,"href":"https:\/\/districos.standingout.be\/fr\/wp-json\/wp\/v2\/product_cat?post=137975"},{"taxonomy":"product_tag","embeddable":true,"href":"https:\/\/districos.standingout.be\/fr\/wp-json\/wp\/v2\/product_tag?post=137975"}],"curies":[{"name":"wp","href":"https:\/\/api.w.org\/{rel}","templated":true}]}}