{"id":137989,"date":"2026-04-28T10:44:32","date_gmt":"2026-04-28T08:44:32","guid":{"rendered":"https:\/\/webshopdistricoscom.webhosting.be\/product\/namrol-dama-fauteuil-de-beaute-4-moteurs-ref-8375-014\/"},"modified":"2026-04-28T10:44:40","modified_gmt":"2026-04-28T08:44:40","slug":"namrol-dama-fauteuil-de-beaute-4-moteurs-ref-8375-014","status":"publish","type":"product","link":"https:\/\/districos.standingout.be\/fr\/product\/namrol-dama-fauteuil-de-beaute-4-moteurs-ref-8375-014\/","title":{"rendered":"Namrol Dama Fauteuil de Beaut\u00e9 4 moteurs"},"content":{"rendered":"<p >\n<\/p>\n<\/p>\n<p><b>NAMROL\u00ae &#8211; 5 ANS DE GARANTIE POUR UNE TRANQUILLIT\u00c9 D&rsquo;ESPRIT DURABLE<br \/>Design, Fontionnalit\u00e9 &amp; Confort<\/b><br \/>Ce fauteuil multifonctionnel est le plus avanc\u00e9 dans sa cat\u00e9gorie ! Le fauteuil est disponible en 3 ou 4 moteurs. Ce mod\u00e8le dispose d\u2019une p\u00e9dale \u00e9lectrique ayant une position d\u2019accueil qui remet le fauteuil dans sa position initiale. Gr\u00e2ce \u00e0 la haute qualit\u00e9 du rev\u00eatement en Skai\u00ae, le fauteuil est tr\u00e8s facilement lavable. Disponible en 18 couleurs ! 2 couleurs combinables !<\/p>\n<ul>\n<li>\u00c9quip\u00e9 de base d\u2019une p\u00e9dale \u00e9lectrique<\/li>\n<li>R\u00e9glage \u00e9lectrique de hauteur : 58-95 cm<\/li>\n<li>R\u00e9glage \u00e9lectrique du basculement du bassin, du dossier et du repose-jambes<\/li>\n<li>Appuie-t\u00eate et repose-pieds \u00e9tirables<\/li>\n<li>Accoudoirs \u00e9l\u00e9vables<\/li>\n<li>Fonction programmable : oui, 2 positions pr\u00e9f\u00e9rentielles<\/li>\n<li>Fonction d\u2019acceuil, il suffit d\u2019appuyer sur le bouton pour ramener le fauteuil dans sa position initiale<\/li>\n<li>Chauffage : non<\/li>\n<li>Largeur : 75 cm (avec accoudoirs)<\/li>\n<li>Dimensions : 193 x 75 x 58-95 cm (L x l x h)<\/li>\n<li>Rev\u00eatement : Ska\u00ef\u00ae d\u00e9sinfectable de haute qualit\u00e9 (Martindale : 50.000). D\u00e9sinfection \u00e0 l\u2019aide de D\u00fcrr FD 366 (r\u00e9f. 7091.85\/87) avec un nettoyage suppl\u00e9mentaire r\u00e9gulier avec le nettoyant et hydratant D\u00fcrr FD 360 (r\u00e9f. 7091.89).<\/li>\n<li>Force portative : 225 kg en cas d\u2032usage normal<\/li>\n<li>Poids : 78 kg<\/li>\n<li>Disponible en 18 couleurs modernes, combinaison de 2 couleurs possible<\/li>\n<\/ul>\n<p><b>Contactez notre service client\u00e8le pour plus d\u2019informations concernant les options du fauteuil Namrol\u00ae Dama :<\/b><\/p>\n<ul>\n<li>Chauffage (r\u00e9f. 8375.015)<\/li>\n<li>Porte-rouleau (r\u00e9f. 8375.017)<\/li>\n<li>Appuie-t\u00eate de massage 2D (r\u00e9f. 8375.018)<\/li>\n<li>Appuie-t\u00eate de massage 3D (r\u00e9f. 8375.019)<\/li>\n<li>Bol pour manucure &amp; support (r\u00e9f. 8375.020)<\/li>\n<li>Support pour lampe loupe (r\u00e9f. 8375.021)<\/li>\n<li>Roulettes 4 pcs. (r\u00e9f. 8375.022)<\/li>\n<li>Housse stretch (r\u00e9f. 8375.023)<\/li>\n<li>Commande \u00e0 main (r\u00e9f. 8376.113)<\/li>\n<\/ul>\n<p><b>Disponible avec :<\/b><\/p>\n<ul>\n<li>3 moteurs sans\/avec chauffage (r\u00e9f. 8375.013\/8375.0131)<\/li>\n<li>4 moteurs&nbsp;<span>sans\/avec chauffage&nbsp;<\/span>(r\u00e9f. 8375.014\/8375.0141)<\/li>\n<\/ul>\n<p><b>\u00c9galement variante avec partie jambes s\u00e9parable disponible :<\/b><\/p>\n<ul>\n<li>Namrol\u00ae Elyse 3 Moteurs (r\u00e9f. 8375.025)<\/li>\n<\/ul>\n<div><b>Les tabourets assortis :<\/b><\/p>\n<ul>\n<li>Cosmos (r\u00e9f. 8376.020)<\/li>\n<li>Corsa (r\u00e9f. 8376.021\/0211)<\/li>\n<li>Monza (r<span>\u00e9f. 8376.022)<\/span><\/li>\n<\/ul>\n<div><b>ATTENTION :<\/b>&nbsp;Cet article est livr\u00e9 par nos propres services apr\u00e8s que nous vous ayons appel\u00e9 pour prendre rendez-vous. Vous devez donc tenir compte que le d\u00e9lai de livraison peut atteindre jusqu\u2019\u00e0 7 \u00e0 10 jours ouvrables, d\u00e9pendant de la disponibilit\u00e9 et la route de notre chauffeur. Lorsque vous passez une commande, veuillez toujours donner une indication de l\u2019urgence dans la case remarques, afin de garantir un traitement rapide de votre commande. Dans le cas o\u00f9 vous n\u2019avez pas re\u00e7u d\u2019appel de notre part, n\u2019h\u00e9sitez pas \u00e0 nous contacter. Pour plus d\u2019informations, nous vous renvoyons vers nos conditions g\u00e9n\u00e9rales.<br \/><b>ATTENTION :<\/b>&nbsp;En raison du grand choix de couleurs, ce fauteuil est sur commande. Veuillez tenir compte d\u2019un d\u00e9lai de livraison de 6 \u00e0 8 semaines quand la couleur choisie n\u2019est pas en stock. Veuillez contacter notre service client\u00e8le afin de confirmer le d\u00e9lai de livraison exact.<\/div>\n<\/div>\n","protected":false},"excerpt":{"rendered":"<p>NAMROL\u00ae &#8211; 5 ANS DE GARANTIE POUR UNE TRANQUILLIT\u00c9 D&rsquo;ESPRIT DURABLEDesign, Fontionnalit\u00e9 &amp; ConfortCe fauteuil multifonctionnel est le plus avanc\u00e9 dans sa cat\u00e9gorie ! Le fauteuil est disponible en 3 ou 4 moteurs. Ce mod\u00e8le dispose d\u2019une p\u00e9dale \u00e9lectrique ayant une position d\u2019accueil qui remet le fauteuil dans sa position initiale. Gr\u00e2ce \u00e0 la haute [&hellip;]<\/p>\n","protected":false},"featured_media":79685,"comment_status":"open","ping_status":"closed","template":"","meta":{"_acf_changed":false},"product_brand":[10492],"product_cat":[9960],"product_tag":[],"class_list":{"0":"post-137989","1":"product","2":"type-product","3":"status-publish","4":"has-post-thumbnail","6":"product_brand-namrol-fr","7":"product_cat-beaute-pedicure-amenagement-du-cabinet","9":"first","10":"instock","11":"taxable","12":"shipping-taxable","13":"product-type-simple"},"acf":[],"yoast_head":"<!-- This site is optimized with the Yoast SEO plugin v27.3 - https:\/\/yoast.com\/product\/yoast-seo-wordpress\/ -->\n<title>Namrol Dama Fauteuil de Beaut\u00e9 4 moteurs - Districos Webshop<\/title>\n<meta name=\"robots\" content=\"noindex, follow, max-snippet:-1, max-image-preview:large, max-video-preview:-1\" \/>\n<meta property=\"og:locale\" content=\"fr_FR\" \/>\n<meta property=\"og:type\" content=\"article\" \/>\n<meta property=\"og:title\" content=\"Namrol Dama Fauteuil de Beaut\u00e9 4 moteurs - Districos Webshop\" \/>\n<meta property=\"og:description\" content=\"NAMROL\u00ae &#8211; 5 ANS DE GARANTIE POUR UNE TRANQUILLIT\u00c9 D&rsquo;ESPRIT DURABLEDesign, Fontionnalit\u00e9 &amp; ConfortCe fauteuil multifonctionnel est le plus avanc\u00e9 dans sa cat\u00e9gorie ! Le fauteuil est disponible en 3 ou 4 moteurs. Ce mod\u00e8le dispose d\u2019une p\u00e9dale \u00e9lectrique ayant une position d\u2019accueil qui remet le fauteuil dans sa position initiale. Gr\u00e2ce \u00e0 la haute [&hellip;]\" \/>\n<meta property=\"og:url\" content=\"https:\/\/districos.standingout.be\/fr\/product\/namrol-dama-fauteuil-de-beaute-4-moteurs-ref-8375-014\/\" \/>\n<meta property=\"og:site_name\" content=\"Districos Webshop\" \/>\n<meta property=\"article:modified_time\" content=\"2026-04-28T08:44:40+00:00\" \/>\n<meta name=\"twitter:card\" content=\"summary_large_image\" \/>\n<meta name=\"twitter:label1\" content=\"Dur\u00e9e de lecture estim\u00e9e\" \/>\n\t<meta name=\"twitter:data1\" content=\"2 minutes\" \/>\n<script type=\"application\/ld+json\" class=\"yoast-schema-graph\">{\"@context\":\"https:\\\/\\\/schema.org\",\"@graph\":[{\"@type\":\"WebPage\",\"@id\":\"https:\\\/\\\/districos.standingout.be\\\/fr\\\/product\\\/namrol-dama-fauteuil-de-beaute-4-moteurs-ref-8375-014\\\/\",\"url\":\"https:\\\/\\\/districos.standingout.be\\\/fr\\\/product\\\/namrol-dama-fauteuil-de-beaute-4-moteurs-ref-8375-014\\\/\",\"name\":\"Namrol Dama Fauteuil de Beaut\u00e9 4 moteurs - Districos Webshop\",\"isPartOf\":{\"@id\":\"https:\\\/\\\/districos.standingout.be\\\/fr\\\/#website\"},\"primaryImageOfPage\":{\"@id\":\"https:\\\/\\\/districos.standingout.be\\\/fr\\\/product\\\/namrol-dama-fauteuil-de-beaute-4-moteurs-ref-8375-014\\\/#primaryimage\"},\"image\":{\"@id\":\"https:\\\/\\\/districos.standingout.be\\\/fr\\\/product\\\/namrol-dama-fauteuil-de-beaute-4-moteurs-ref-8375-014\\\/#primaryimage\"},\"thumbnailUrl\":\"https:\\\/\\\/districos.standingout.be\\\/wp-content\\\/uploads\\\/2025\\\/07\\\/8375.014@LowRes_1.png\",\"datePublished\":\"2026-04-28T08:44:32+00:00\",\"dateModified\":\"2026-04-28T08:44:40+00:00\",\"breadcrumb\":{\"@id\":\"https:\\\/\\\/districos.standingout.be\\\/fr\\\/product\\\/namrol-dama-fauteuil-de-beaute-4-moteurs-ref-8375-014\\\/#breadcrumb\"},\"inLanguage\":\"fr-FR\",\"potentialAction\":[{\"@type\":\"ReadAction\",\"target\":[\"https:\\\/\\\/districos.standingout.be\\\/fr\\\/product\\\/namrol-dama-fauteuil-de-beaute-4-moteurs-ref-8375-014\\\/\"]}]},{\"@type\":\"ImageObject\",\"inLanguage\":\"fr-FR\",\"@id\":\"https:\\\/\\\/districos.standingout.be\\\/fr\\\/product\\\/namrol-dama-fauteuil-de-beaute-4-moteurs-ref-8375-014\\\/#primaryimage\",\"url\":\"https:\\\/\\\/districos.standingout.be\\\/wp-content\\\/uploads\\\/2025\\\/07\\\/8375.014@LowRes_1.png\",\"contentUrl\":\"https:\\\/\\\/districos.standingout.be\\\/wp-content\\\/uploads\\\/2025\\\/07\\\/8375.014@LowRes_1.png\",\"width\":600,\"height\":600},{\"@type\":\"BreadcrumbList\",\"@id\":\"https:\\\/\\\/districos.standingout.be\\\/fr\\\/product\\\/namrol-dama-fauteuil-de-beaute-4-moteurs-ref-8375-014\\\/#breadcrumb\",\"itemListElement\":[{\"@type\":\"ListItem\",\"position\":1,\"name\":\"Home\",\"item\":\"https:\\\/\\\/districos.standingout.be\\\/fr\\\/bienvenue-chez-districos\\\/\"},{\"@type\":\"ListItem\",\"position\":2,\"name\":\"Boutique\",\"item\":\"https:\\\/\\\/districos.standingout.be\\\/fr\\\/boutique\\\/\"},{\"@type\":\"ListItem\",\"position\":3,\"name\":\"Namrol Dama Fauteuil de Beaut\u00e9 4 moteurs\"}]},{\"@type\":\"WebSite\",\"@id\":\"https:\\\/\\\/districos.standingout.be\\\/fr\\\/#website\",\"url\":\"https:\\\/\\\/districos.standingout.be\\\/fr\\\/\",\"name\":\"Districos Webshop\",\"description\":\"\",\"publisher\":{\"@id\":\"https:\\\/\\\/districos.standingout.be\\\/fr\\\/#organization\"},\"potentialAction\":[{\"@type\":\"SearchAction\",\"target\":{\"@type\":\"EntryPoint\",\"urlTemplate\":\"https:\\\/\\\/districos.standingout.be\\\/fr\\\/?s={search_term_string}\"},\"query-input\":{\"@type\":\"PropertyValueSpecification\",\"valueRequired\":true,\"valueName\":\"search_term_string\"}}],\"inLanguage\":\"fr-FR\"},{\"@type\":\"Organization\",\"@id\":\"https:\\\/\\\/districos.standingout.be\\\/fr\\\/#organization\",\"name\":\"Districos Webshop\",\"url\":\"https:\\\/\\\/districos.standingout.be\\\/fr\\\/\",\"logo\":{\"@type\":\"ImageObject\",\"inLanguage\":\"fr-FR\",\"@id\":\"https:\\\/\\\/districos.standingout.be\\\/fr\\\/#\\\/schema\\\/logo\\\/image\\\/\",\"url\":\"https:\\\/\\\/districos.standingout.be\\\/wp-content\\\/uploads\\\/2022\\\/09\\\/Districos_Logo_Webshop.svg\",\"contentUrl\":\"https:\\\/\\\/districos.standingout.be\\\/wp-content\\\/uploads\\\/2022\\\/09\\\/Districos_Logo_Webshop.svg\",\"caption\":\"Districos Webshop\"},\"image\":{\"@id\":\"https:\\\/\\\/districos.standingout.be\\\/fr\\\/#\\\/schema\\\/logo\\\/image\\\/\"}}]}<\/script>\n<!-- \/ Yoast SEO plugin. -->","yoast_head_json":{"title":"Namrol Dama Fauteuil de Beaut\u00e9 4 moteurs - Districos Webshop","robots":{"index":"noindex","follow":"follow","max-snippet":"max-snippet:-1","max-image-preview":"max-image-preview:large","max-video-preview":"max-video-preview:-1"},"og_locale":"fr_FR","og_type":"article","og_title":"Namrol Dama Fauteuil de Beaut\u00e9 4 moteurs - Districos Webshop","og_description":"NAMROL\u00ae &#8211; 5 ANS DE GARANTIE POUR UNE TRANQUILLIT\u00c9 D&rsquo;ESPRIT DURABLEDesign, Fontionnalit\u00e9 &amp; ConfortCe fauteuil multifonctionnel est le plus avanc\u00e9 dans sa cat\u00e9gorie ! Le fauteuil est disponible en 3 ou 4 moteurs. Ce mod\u00e8le dispose d\u2019une p\u00e9dale \u00e9lectrique ayant une position d\u2019accueil qui remet le fauteuil dans sa position initiale. Gr\u00e2ce \u00e0 la haute [&hellip;]","og_url":"https:\/\/districos.standingout.be\/fr\/product\/namrol-dama-fauteuil-de-beaute-4-moteurs-ref-8375-014\/","og_site_name":"Districos Webshop","article_modified_time":"2026-04-28T08:44:40+00:00","twitter_card":"summary_large_image","twitter_misc":{"Dur\u00e9e de lecture estim\u00e9e":"2 minutes"},"schema":{"@context":"https:\/\/schema.org","@graph":[{"@type":"WebPage","@id":"https:\/\/districos.standingout.be\/fr\/product\/namrol-dama-fauteuil-de-beaute-4-moteurs-ref-8375-014\/","url":"https:\/\/districos.standingout.be\/fr\/product\/namrol-dama-fauteuil-de-beaute-4-moteurs-ref-8375-014\/","name":"Namrol Dama Fauteuil de Beaut\u00e9 4 moteurs - Districos Webshop","isPartOf":{"@id":"https:\/\/districos.standingout.be\/fr\/#website"},"primaryImageOfPage":{"@id":"https:\/\/districos.standingout.be\/fr\/product\/namrol-dama-fauteuil-de-beaute-4-moteurs-ref-8375-014\/#primaryimage"},"image":{"@id":"https:\/\/districos.standingout.be\/fr\/product\/namrol-dama-fauteuil-de-beaute-4-moteurs-ref-8375-014\/#primaryimage"},"thumbnailUrl":"https:\/\/districos.standingout.be\/wp-content\/uploads\/2025\/07\/8375.014@LowRes_1.png","datePublished":"2026-04-28T08:44:32+00:00","dateModified":"2026-04-28T08:44:40+00:00","breadcrumb":{"@id":"https:\/\/districos.standingout.be\/fr\/product\/namrol-dama-fauteuil-de-beaute-4-moteurs-ref-8375-014\/#breadcrumb"},"inLanguage":"fr-FR","potentialAction":[{"@type":"ReadAction","target":["https:\/\/districos.standingout.be\/fr\/product\/namrol-dama-fauteuil-de-beaute-4-moteurs-ref-8375-014\/"]}]},{"@type":"ImageObject","inLanguage":"fr-FR","@id":"https:\/\/districos.standingout.be\/fr\/product\/namrol-dama-fauteuil-de-beaute-4-moteurs-ref-8375-014\/#primaryimage","url":"https:\/\/districos.standingout.be\/wp-content\/uploads\/2025\/07\/8375.014@LowRes_1.png","contentUrl":"https:\/\/districos.standingout.be\/wp-content\/uploads\/2025\/07\/8375.014@LowRes_1.png","width":600,"height":600},{"@type":"BreadcrumbList","@id":"https:\/\/districos.standingout.be\/fr\/product\/namrol-dama-fauteuil-de-beaute-4-moteurs-ref-8375-014\/#breadcrumb","itemListElement":[{"@type":"ListItem","position":1,"name":"Home","item":"https:\/\/districos.standingout.be\/fr\/bienvenue-chez-districos\/"},{"@type":"ListItem","position":2,"name":"Boutique","item":"https:\/\/districos.standingout.be\/fr\/boutique\/"},{"@type":"ListItem","position":3,"name":"Namrol Dama Fauteuil de Beaut\u00e9 4 moteurs"}]},{"@type":"WebSite","@id":"https:\/\/districos.standingout.be\/fr\/#website","url":"https:\/\/districos.standingout.be\/fr\/","name":"Districos Webshop","description":"","publisher":{"@id":"https:\/\/districos.standingout.be\/fr\/#organization"},"potentialAction":[{"@type":"SearchAction","target":{"@type":"EntryPoint","urlTemplate":"https:\/\/districos.standingout.be\/fr\/?s={search_term_string}"},"query-input":{"@type":"PropertyValueSpecification","valueRequired":true,"valueName":"search_term_string"}}],"inLanguage":"fr-FR"},{"@type":"Organization","@id":"https:\/\/districos.standingout.be\/fr\/#organization","name":"Districos Webshop","url":"https:\/\/districos.standingout.be\/fr\/","logo":{"@type":"ImageObject","inLanguage":"fr-FR","@id":"https:\/\/districos.standingout.be\/fr\/#\/schema\/logo\/image\/","url":"https:\/\/districos.standingout.be\/wp-content\/uploads\/2022\/09\/Districos_Logo_Webshop.svg","contentUrl":"https:\/\/districos.standingout.be\/wp-content\/uploads\/2022\/09\/Districos_Logo_Webshop.svg","caption":"Districos Webshop"},"image":{"@id":"https:\/\/districos.standingout.be\/fr\/#\/schema\/logo\/image\/"}}]}},"_links":{"self":[{"href":"https:\/\/districos.standingout.be\/fr\/wp-json\/wp\/v2\/product\/137989","targetHints":{"allow":["GET"]}}],"collection":[{"href":"https:\/\/districos.standingout.be\/fr\/wp-json\/wp\/v2\/product"}],"about":[{"href":"https:\/\/districos.standingout.be\/fr\/wp-json\/wp\/v2\/types\/product"}],"replies":[{"embeddable":true,"href":"https:\/\/districos.standingout.be\/fr\/wp-json\/wp\/v2\/comments?post=137989"}],"wp:featuredmedia":[{"embeddable":true,"href":"https:\/\/districos.standingout.be\/fr\/wp-json\/wp\/v2\/media\/79685"}],"wp:attachment":[{"href":"https:\/\/districos.standingout.be\/fr\/wp-json\/wp\/v2\/media?parent=137989"}],"wp:term":[{"taxonomy":"product_brand","embeddable":true,"href":"https:\/\/districos.standingout.be\/fr\/wp-json\/wp\/v2\/product_brand?post=137989"},{"taxonomy":"product_cat","embeddable":true,"href":"https:\/\/districos.standingout.be\/fr\/wp-json\/wp\/v2\/product_cat?post=137989"},{"taxonomy":"product_tag","embeddable":true,"href":"https:\/\/districos.standingout.be\/fr\/wp-json\/wp\/v2\/product_tag?post=137989"}],"curies":[{"name":"wp","href":"https:\/\/api.w.org\/{rel}","templated":true}]}}