{"id":138009,"date":"2026-04-28T10:45:32","date_gmt":"2026-04-28T08:45:32","guid":{"rendered":"https:\/\/webshopdistricoscom.webhosting.be\/product\/namrol-elyse-fauteuil-de-pedicure-3-moteurs-ref-8375-025\/"},"modified":"2026-04-28T10:45:42","modified_gmt":"2026-04-28T08:45:42","slug":"namrol-elyse-fauteuil-de-pedicure-3-moteurs-ref-8375-025","status":"publish","type":"product","link":"https:\/\/districos.standingout.be\/fr\/product\/namrol-elyse-fauteuil-de-pedicure-3-moteurs-ref-8375-025\/","title":{"rendered":"Namrol Elyse Fauteuil de P\u00e9dicure 3 moteurs"},"content":{"rendered":"<p >\n<p><b>NAMROL\u00ae &#8211; 5 ANS DE GARANTIE POUR UNE TRANQUILLIT\u00c9 D&rsquo;ESPRIT DURABLE<br \/>All-in-one<\/b><br \/>Vous souhaitez un fauteuil avec la stabilit\u00e9 et la fonctionnalit\u00e9 d\u2019un fauteuil de soins de haute qualit\u00e9 mais avec des reposes-jambes de p\u00e9dicure, alors voici votre fauteuil! Le Namrol Elyse combine les avantages de 2 reposes-jambes s\u00e9par\u00e9s avec les propri\u00e9t\u00e9s d\u2019un fauteuil de soins multifonctionnel pour tout type de soins de beaut\u00e9. Ce mod\u00e8le dispose d\u2019une p\u00e9dale \u00e9lectrique ayant une position d\u2019accueil qui remet le fauteuil dans sa position initiale. Gr\u00e2ce \u00e0 la haute qualit\u00e9 du rev\u00eatement en skai, le fauteuil est tr\u00e8s facilement lavable. Disponible en 18 couleurs! 2 couleurs combinables!<\/p>\n<ul>\n<li>3 moteurs: hauteur, basculement du bassin et dossier<\/li>\n<li>Hauteur r\u00e9glable \u00e9lectriquement de 58 \u00e0 95 cm<\/li>\n<li>Basculement du bassin: \u00e9lectrique<\/li>\n<li>Dossier: \u00e9lectrique<\/li>\n<li>Repose-jambes: manuellement r\u00e9glable en hauteur avec v\u00e9rin \u00e0 gaz<\/li>\n<li>Longueur: 193 cm<\/li>\n<li>Largeur: 75 cm (avec accoudoirs)<\/li>\n<li>Rev\u00eatement : Ska\u00ef\u00ae d\u00e9sinfectable de haute qualit\u00e9 (Martindale : 50.000). D\u00e9sinfection \u00e0 l\u2019aide de D\u00fcrr FD 366 (r\u00e9f. 7091.85\/87) avec un nettoyage suppl\u00e9mentaire r\u00e9gulier avec le nettoyant et hydratant D\u00fcrr FD 360 (r\u00e9f. 7091.89).<\/li>\n<li>Force portative: 225 kg (en cas d\u2032un emploi normal)<\/li>\n<li>Poids: 78 kg<\/li>\n<li>Fonctiond\u2019acceuil, il suffit d\u2019appuyer sur le bouton pour ramener le fauteuil dans sa position initiale<\/li>\n<li>2 Positions programmables Single Touch<\/li>\n<li>Disponible en 18 couleurs modernes, combinaison de 2 couleurs possible<\/li>\n<\/ul>\n<p><b>Contactez notre service client\u00e8le pour plus d\u2019informations concernant les options du fauteuil Namrol Elyse 3 moteurs!<\/b><br \/><b>Les tabourets assortis :<\/b><\/p>\n<ul>\n<li>Cosmos (r\u00e9f. 8376.020)<\/li>\n<li>Corsa (r\u00e9f. 8376.021\/0211)<\/li>\n<li>Monza (r\u00e9f. 8376.022)<\/li>\n<\/ul>\n<p><b>ATTENTION : <\/b>Cet article est livr\u00e9 par nos propres services apr\u00e8s que nous vous ayons appel\u00e9 pour prendre rendez-vous. Vous devez donc tenir compte que le d\u00e9lai de livraison peut atteindre jusqu\u2019\u00e0 7 \u00e0 10 jours ouvrables, d\u00e9pendant de la disponibilit\u00e9 et la route de notre chauffeur. Lorsque vous passez une commande, veuillez toujours donner une indication de l\u2019urgence dans la case remarques, afin de garantir un traitement rapide de votre commande. Dans le cas o\u00f9 vous n\u2019avez pas re\u00e7u d\u2019appel de notre part, n\u2019h\u00e9sitez pas \u00e0 nous contacter. Pour plus d\u2019informations, nous vous renvoyons vers nos conditions g\u00e9n\u00e9rales.<br \/><b>ATTENTION :<\/b> En raison du grand choix de couleurs, ce fauteuil est sur commande. Veuillez tenir compte d\u2019un d\u00e9lai de livraison de 6 \u00e0 8 semaines quand la couleur choisie n\u2019est pas en stock. Veuillez contacter notre service client\u00e8le afin de confirmer le d\u00e9lai de livraison exact. <\/p>\n","protected":false},"excerpt":{"rendered":"<p>NAMROL\u00ae &#8211; 5 ANS DE GARANTIE POUR UNE TRANQUILLIT\u00c9 D&rsquo;ESPRIT DURABLEAll-in-oneVous souhaitez un fauteuil avec la stabilit\u00e9 et la fonctionnalit\u00e9 d\u2019un fauteuil de soins de haute qualit\u00e9 mais avec des reposes-jambes de p\u00e9dicure, alors voici votre fauteuil! Le Namrol Elyse combine les avantages de 2 reposes-jambes s\u00e9par\u00e9s avec les propri\u00e9t\u00e9s d\u2019un fauteuil de soins multifonctionnel [&hellip;]<\/p>\n","protected":false},"featured_media":79760,"comment_status":"open","ping_status":"closed","template":"","meta":{"_acf_changed":false},"product_brand":[10492],"product_cat":[9960],"product_tag":[],"class_list":{"0":"post-138009","1":"product","2":"type-product","3":"status-publish","4":"has-post-thumbnail","6":"product_brand-namrol-fr","7":"product_cat-beaute-pedicure-amenagement-du-cabinet","9":"first","10":"instock","11":"taxable","12":"shipping-taxable","13":"product-type-simple"},"acf":[],"yoast_head":"<!-- This site is optimized with the Yoast SEO plugin v27.3 - https:\/\/yoast.com\/product\/yoast-seo-wordpress\/ -->\n<title>Namrol Elyse Fauteuil de P\u00e9dicure 3 moteurs - Districos Webshop<\/title>\n<meta name=\"robots\" content=\"noindex, follow, max-snippet:-1, max-image-preview:large, max-video-preview:-1\" \/>\n<meta property=\"og:locale\" content=\"fr_FR\" \/>\n<meta property=\"og:type\" content=\"article\" \/>\n<meta property=\"og:title\" content=\"Namrol Elyse Fauteuil de P\u00e9dicure 3 moteurs - Districos Webshop\" \/>\n<meta property=\"og:description\" content=\"NAMROL\u00ae &#8211; 5 ANS DE GARANTIE POUR UNE TRANQUILLIT\u00c9 D&rsquo;ESPRIT DURABLEAll-in-oneVous souhaitez un fauteuil avec la stabilit\u00e9 et la fonctionnalit\u00e9 d\u2019un fauteuil de soins de haute qualit\u00e9 mais avec des reposes-jambes de p\u00e9dicure, alors voici votre fauteuil! Le Namrol Elyse combine les avantages de 2 reposes-jambes s\u00e9par\u00e9s avec les propri\u00e9t\u00e9s d\u2019un fauteuil de soins multifonctionnel [&hellip;]\" \/>\n<meta property=\"og:url\" content=\"https:\/\/districos.standingout.be\/fr\/product\/namrol-elyse-fauteuil-de-pedicure-3-moteurs-ref-8375-025\/\" \/>\n<meta property=\"og:site_name\" content=\"Districos Webshop\" \/>\n<meta property=\"article:modified_time\" content=\"2026-04-28T08:45:42+00:00\" \/>\n<meta name=\"twitter:card\" content=\"summary_large_image\" \/>\n<meta name=\"twitter:label1\" content=\"Dur\u00e9e de lecture estim\u00e9e\" \/>\n\t<meta name=\"twitter:data1\" content=\"2 minutes\" \/>\n<script type=\"application\/ld+json\" class=\"yoast-schema-graph\">{\"@context\":\"https:\\\/\\\/schema.org\",\"@graph\":[{\"@type\":\"WebPage\",\"@id\":\"https:\\\/\\\/districos.standingout.be\\\/fr\\\/product\\\/namrol-elyse-fauteuil-de-pedicure-3-moteurs-ref-8375-025\\\/\",\"url\":\"https:\\\/\\\/districos.standingout.be\\\/fr\\\/product\\\/namrol-elyse-fauteuil-de-pedicure-3-moteurs-ref-8375-025\\\/\",\"name\":\"Namrol Elyse Fauteuil de P\u00e9dicure 3 moteurs - Districos Webshop\",\"isPartOf\":{\"@id\":\"https:\\\/\\\/districos.standingout.be\\\/fr\\\/#website\"},\"primaryImageOfPage\":{\"@id\":\"https:\\\/\\\/districos.standingout.be\\\/fr\\\/product\\\/namrol-elyse-fauteuil-de-pedicure-3-moteurs-ref-8375-025\\\/#primaryimage\"},\"image\":{\"@id\":\"https:\\\/\\\/districos.standingout.be\\\/fr\\\/product\\\/namrol-elyse-fauteuil-de-pedicure-3-moteurs-ref-8375-025\\\/#primaryimage\"},\"thumbnailUrl\":\"https:\\\/\\\/districos.standingout.be\\\/wp-content\\\/uploads\\\/2025\\\/07\\\/8375.025@LowRes_1.png\",\"datePublished\":\"2026-04-28T08:45:32+00:00\",\"dateModified\":\"2026-04-28T08:45:42+00:00\",\"breadcrumb\":{\"@id\":\"https:\\\/\\\/districos.standingout.be\\\/fr\\\/product\\\/namrol-elyse-fauteuil-de-pedicure-3-moteurs-ref-8375-025\\\/#breadcrumb\"},\"inLanguage\":\"fr-FR\",\"potentialAction\":[{\"@type\":\"ReadAction\",\"target\":[\"https:\\\/\\\/districos.standingout.be\\\/fr\\\/product\\\/namrol-elyse-fauteuil-de-pedicure-3-moteurs-ref-8375-025\\\/\"]}]},{\"@type\":\"ImageObject\",\"inLanguage\":\"fr-FR\",\"@id\":\"https:\\\/\\\/districos.standingout.be\\\/fr\\\/product\\\/namrol-elyse-fauteuil-de-pedicure-3-moteurs-ref-8375-025\\\/#primaryimage\",\"url\":\"https:\\\/\\\/districos.standingout.be\\\/wp-content\\\/uploads\\\/2025\\\/07\\\/8375.025@LowRes_1.png\",\"contentUrl\":\"https:\\\/\\\/districos.standingout.be\\\/wp-content\\\/uploads\\\/2025\\\/07\\\/8375.025@LowRes_1.png\",\"width\":600,\"height\":600},{\"@type\":\"BreadcrumbList\",\"@id\":\"https:\\\/\\\/districos.standingout.be\\\/fr\\\/product\\\/namrol-elyse-fauteuil-de-pedicure-3-moteurs-ref-8375-025\\\/#breadcrumb\",\"itemListElement\":[{\"@type\":\"ListItem\",\"position\":1,\"name\":\"Home\",\"item\":\"https:\\\/\\\/districos.standingout.be\\\/fr\\\/bienvenue-chez-districos\\\/\"},{\"@type\":\"ListItem\",\"position\":2,\"name\":\"Boutique\",\"item\":\"https:\\\/\\\/districos.standingout.be\\\/fr\\\/boutique\\\/\"},{\"@type\":\"ListItem\",\"position\":3,\"name\":\"Namrol Elyse Fauteuil de P\u00e9dicure 3 moteurs\"}]},{\"@type\":\"WebSite\",\"@id\":\"https:\\\/\\\/districos.standingout.be\\\/fr\\\/#website\",\"url\":\"https:\\\/\\\/districos.standingout.be\\\/fr\\\/\",\"name\":\"Districos Webshop\",\"description\":\"\",\"publisher\":{\"@id\":\"https:\\\/\\\/districos.standingout.be\\\/fr\\\/#organization\"},\"potentialAction\":[{\"@type\":\"SearchAction\",\"target\":{\"@type\":\"EntryPoint\",\"urlTemplate\":\"https:\\\/\\\/districos.standingout.be\\\/fr\\\/?s={search_term_string}\"},\"query-input\":{\"@type\":\"PropertyValueSpecification\",\"valueRequired\":true,\"valueName\":\"search_term_string\"}}],\"inLanguage\":\"fr-FR\"},{\"@type\":\"Organization\",\"@id\":\"https:\\\/\\\/districos.standingout.be\\\/fr\\\/#organization\",\"name\":\"Districos Webshop\",\"url\":\"https:\\\/\\\/districos.standingout.be\\\/fr\\\/\",\"logo\":{\"@type\":\"ImageObject\",\"inLanguage\":\"fr-FR\",\"@id\":\"https:\\\/\\\/districos.standingout.be\\\/fr\\\/#\\\/schema\\\/logo\\\/image\\\/\",\"url\":\"https:\\\/\\\/districos.standingout.be\\\/wp-content\\\/uploads\\\/2022\\\/09\\\/Districos_Logo_Webshop.svg\",\"contentUrl\":\"https:\\\/\\\/districos.standingout.be\\\/wp-content\\\/uploads\\\/2022\\\/09\\\/Districos_Logo_Webshop.svg\",\"caption\":\"Districos Webshop\"},\"image\":{\"@id\":\"https:\\\/\\\/districos.standingout.be\\\/fr\\\/#\\\/schema\\\/logo\\\/image\\\/\"}}]}<\/script>\n<!-- \/ Yoast SEO plugin. -->","yoast_head_json":{"title":"Namrol Elyse Fauteuil de P\u00e9dicure 3 moteurs - Districos Webshop","robots":{"index":"noindex","follow":"follow","max-snippet":"max-snippet:-1","max-image-preview":"max-image-preview:large","max-video-preview":"max-video-preview:-1"},"og_locale":"fr_FR","og_type":"article","og_title":"Namrol Elyse Fauteuil de P\u00e9dicure 3 moteurs - Districos Webshop","og_description":"NAMROL\u00ae &#8211; 5 ANS DE GARANTIE POUR UNE TRANQUILLIT\u00c9 D&rsquo;ESPRIT DURABLEAll-in-oneVous souhaitez un fauteuil avec la stabilit\u00e9 et la fonctionnalit\u00e9 d\u2019un fauteuil de soins de haute qualit\u00e9 mais avec des reposes-jambes de p\u00e9dicure, alors voici votre fauteuil! Le Namrol Elyse combine les avantages de 2 reposes-jambes s\u00e9par\u00e9s avec les propri\u00e9t\u00e9s d\u2019un fauteuil de soins multifonctionnel [&hellip;]","og_url":"https:\/\/districos.standingout.be\/fr\/product\/namrol-elyse-fauteuil-de-pedicure-3-moteurs-ref-8375-025\/","og_site_name":"Districos Webshop","article_modified_time":"2026-04-28T08:45:42+00:00","twitter_card":"summary_large_image","twitter_misc":{"Dur\u00e9e de lecture estim\u00e9e":"2 minutes"},"schema":{"@context":"https:\/\/schema.org","@graph":[{"@type":"WebPage","@id":"https:\/\/districos.standingout.be\/fr\/product\/namrol-elyse-fauteuil-de-pedicure-3-moteurs-ref-8375-025\/","url":"https:\/\/districos.standingout.be\/fr\/product\/namrol-elyse-fauteuil-de-pedicure-3-moteurs-ref-8375-025\/","name":"Namrol Elyse Fauteuil de P\u00e9dicure 3 moteurs - Districos Webshop","isPartOf":{"@id":"https:\/\/districos.standingout.be\/fr\/#website"},"primaryImageOfPage":{"@id":"https:\/\/districos.standingout.be\/fr\/product\/namrol-elyse-fauteuil-de-pedicure-3-moteurs-ref-8375-025\/#primaryimage"},"image":{"@id":"https:\/\/districos.standingout.be\/fr\/product\/namrol-elyse-fauteuil-de-pedicure-3-moteurs-ref-8375-025\/#primaryimage"},"thumbnailUrl":"https:\/\/districos.standingout.be\/wp-content\/uploads\/2025\/07\/8375.025@LowRes_1.png","datePublished":"2026-04-28T08:45:32+00:00","dateModified":"2026-04-28T08:45:42+00:00","breadcrumb":{"@id":"https:\/\/districos.standingout.be\/fr\/product\/namrol-elyse-fauteuil-de-pedicure-3-moteurs-ref-8375-025\/#breadcrumb"},"inLanguage":"fr-FR","potentialAction":[{"@type":"ReadAction","target":["https:\/\/districos.standingout.be\/fr\/product\/namrol-elyse-fauteuil-de-pedicure-3-moteurs-ref-8375-025\/"]}]},{"@type":"ImageObject","inLanguage":"fr-FR","@id":"https:\/\/districos.standingout.be\/fr\/product\/namrol-elyse-fauteuil-de-pedicure-3-moteurs-ref-8375-025\/#primaryimage","url":"https:\/\/districos.standingout.be\/wp-content\/uploads\/2025\/07\/8375.025@LowRes_1.png","contentUrl":"https:\/\/districos.standingout.be\/wp-content\/uploads\/2025\/07\/8375.025@LowRes_1.png","width":600,"height":600},{"@type":"BreadcrumbList","@id":"https:\/\/districos.standingout.be\/fr\/product\/namrol-elyse-fauteuil-de-pedicure-3-moteurs-ref-8375-025\/#breadcrumb","itemListElement":[{"@type":"ListItem","position":1,"name":"Home","item":"https:\/\/districos.standingout.be\/fr\/bienvenue-chez-districos\/"},{"@type":"ListItem","position":2,"name":"Boutique","item":"https:\/\/districos.standingout.be\/fr\/boutique\/"},{"@type":"ListItem","position":3,"name":"Namrol Elyse Fauteuil de P\u00e9dicure 3 moteurs"}]},{"@type":"WebSite","@id":"https:\/\/districos.standingout.be\/fr\/#website","url":"https:\/\/districos.standingout.be\/fr\/","name":"Districos Webshop","description":"","publisher":{"@id":"https:\/\/districos.standingout.be\/fr\/#organization"},"potentialAction":[{"@type":"SearchAction","target":{"@type":"EntryPoint","urlTemplate":"https:\/\/districos.standingout.be\/fr\/?s={search_term_string}"},"query-input":{"@type":"PropertyValueSpecification","valueRequired":true,"valueName":"search_term_string"}}],"inLanguage":"fr-FR"},{"@type":"Organization","@id":"https:\/\/districos.standingout.be\/fr\/#organization","name":"Districos Webshop","url":"https:\/\/districos.standingout.be\/fr\/","logo":{"@type":"ImageObject","inLanguage":"fr-FR","@id":"https:\/\/districos.standingout.be\/fr\/#\/schema\/logo\/image\/","url":"https:\/\/districos.standingout.be\/wp-content\/uploads\/2022\/09\/Districos_Logo_Webshop.svg","contentUrl":"https:\/\/districos.standingout.be\/wp-content\/uploads\/2022\/09\/Districos_Logo_Webshop.svg","caption":"Districos Webshop"},"image":{"@id":"https:\/\/districos.standingout.be\/fr\/#\/schema\/logo\/image\/"}}]}},"_links":{"self":[{"href":"https:\/\/districos.standingout.be\/fr\/wp-json\/wp\/v2\/product\/138009","targetHints":{"allow":["GET"]}}],"collection":[{"href":"https:\/\/districos.standingout.be\/fr\/wp-json\/wp\/v2\/product"}],"about":[{"href":"https:\/\/districos.standingout.be\/fr\/wp-json\/wp\/v2\/types\/product"}],"replies":[{"embeddable":true,"href":"https:\/\/districos.standingout.be\/fr\/wp-json\/wp\/v2\/comments?post=138009"}],"wp:featuredmedia":[{"embeddable":true,"href":"https:\/\/districos.standingout.be\/fr\/wp-json\/wp\/v2\/media\/79760"}],"wp:attachment":[{"href":"https:\/\/districos.standingout.be\/fr\/wp-json\/wp\/v2\/media?parent=138009"}],"wp:term":[{"taxonomy":"product_brand","embeddable":true,"href":"https:\/\/districos.standingout.be\/fr\/wp-json\/wp\/v2\/product_brand?post=138009"},{"taxonomy":"product_cat","embeddable":true,"href":"https:\/\/districos.standingout.be\/fr\/wp-json\/wp\/v2\/product_cat?post=138009"},{"taxonomy":"product_tag","embeddable":true,"href":"https:\/\/districos.standingout.be\/fr\/wp-json\/wp\/v2\/product_tag?post=138009"}],"curies":[{"name":"wp","href":"https:\/\/api.w.org\/{rel}","templated":true}]}}