{"id":138017,"date":"2026-04-28T10:46:47","date_gmt":"2026-04-28T08:46:47","guid":{"rendered":"https:\/\/webshopdistricoscom.webhosting.be\/product\/namrol-delta-plus-fauteuil-de-pedicure-2-moteurs-ref-8376-004\/"},"modified":"2026-04-28T10:46:52","modified_gmt":"2026-04-28T08:46:52","slug":"namrol-delta-plus-fauteuil-de-pedicure-2-moteurs-ref-8376-004","status":"publish","type":"product","link":"https:\/\/districos.standingout.be\/fr\/product\/namrol-delta-plus-fauteuil-de-pedicure-2-moteurs-ref-8376-004\/","title":{"rendered":"Namrol Delta Plus Fauteuil de P\u00e9dicure 2 moteurs"},"content":{"rendered":"<p >\n<p><b>NAMROL\u00ae &#8211; 5 ANS DE GARANTIE POUR UNE TRANQUILLIT\u00c9 D&rsquo;ESPRIT DURABLE<br \/>Faites travailler votre fauteuil<\/b><br \/>Cette s\u00e9rie de fauteuils podo satisfait aussi bien \u00e0 vos demandes qu\u2019\u00e0 celles de votre patient(e). Vous pouvez facilement mettre votre patient(e) dans une position confortable sans faire d\u2019efforts ou charger votre dos. Ces fauteuils sont extr\u00eamement stables \u00e0 chaque hauteur et leur rotation \u00e0 360\u00b0 vous permet de travailler ergonomiquement. Autrement dit, faites travailler votre fauteuil au lieu de votre dos et votre nuque. Cette s\u00e9rie comprend diff\u00e9rents mod\u00e8les ayant 1 moteur (Beta), 2 moteurs (Delta \/ Delta Plus) et 3 ou 4 moteurs (Omega). De plus, le fauteuil Omega a deux positions de travail pr\u00e9r\u00e9glables afin de remettre facilement le fauteuil \u00e0 votre position favorite. Chacun de ces mod\u00e8les peut \u00eatre adapt\u00e9 \u00e0 vos propres besoins gr\u00e2ce aux diff\u00e9rentes options. Gr\u00e2ce \u00e0 la haute qualit\u00e9 du rev\u00eatement de Ska\u00ef\u00ae, le fauteuil est tr\u00e8s facilement lavable. Disponible en 18 couleurs !<\/p>\n<ul>\n<li>\u00c9quip\u00e9 de base d\u2019une p\u00e9dale \u00e9lectrique<\/li>\n<li>R\u00e9glage \u00e9lectrique de hauteur : 53-130 cm<\/li>\n<li>R\u00e9glage \u00e9lectrique du basculement du bassin<\/li>\n<li>Dossier et repose-jambes manuellement r\u00e9glables \u00e0 l\u2019aide d\u2019un v\u00e9rin \u00e0 gaz, command\u00e9 par levier<\/li>\n<li>Deux repose-jambes s\u00e9par\u00e9ment r\u00e9glables et faciles \u00e0 \u00e9carter<\/li>\n<li>Repose-pieds \u00e9tirables : longueur 182-202 cm<\/li>\n<li>Accoudoirs \u00e9l\u00e9vables<\/li>\n<li>Fonction programmable : non<\/li>\n<li>Fonction d\u2019acceuil, il suffit d\u2019appuyer sur le bouton pour ramener le fauteuil dans sa position initiale<\/li>\n<li>Pivote de 360\u00b0<\/li>\n<li>Dispositif m\u00e9dical classe 1<\/li>\n<li>Largeur : 70 cm (avec accoudoirs)<\/li>\n<li>Dimensions : 182-202 x 70 x 53-130 cm (L x l x h)<\/li>\n<li>Rev\u00eatement : Ska\u00ef\u00ae d\u00e9sinfectable de haute qualit\u00e9 (Martindale : 50.000). D\u00e9sinfection \u00e0 l\u2019aide de D\u00fcrr FD 366 (r\u00e9f. 7091.85\/87) avec un nettoyage suppl\u00e9mentaire r\u00e9gulier avec le nettoyant et hydratant D\u00fcrr FD 360 (r\u00e9f. 7091.89).<\/li>\n<li>Force portative : 200 kg en cas d\u2032usage normal<\/li>\n<li>Poids : 95 kg<\/li>\n<\/ul>\n<p><b>Contactez notre service client\u00e8le pour plus d\u2019informations concernant les options du fauteuil Namrol\u00ae Beta 1 moteur :<\/b><\/p>\n<ul>\n<li>Appuie-t\u00eate ergonomique (r\u00e9f. 8376.101)<\/li>\n<li>Augette de r\u00e9cup\u00e9ration (1 paire) (r\u00e9f. 8376.102)<\/li>\n<li>Augette de r\u00e9cup\u00e9ration (1 paire) pour partie jambes s\u00e9parable (r\u00e9f. 8376.103)<\/li>\n<li>Support pour lampe dentaire (r\u00e9f. 8376.104)<\/li>\n<li>Bras pivotant Namrol\u00ae pour appareil podo (r\u00e9f. 8376.105)<\/li>\n<li>Support lampe loupe Namrol\u00ae pour bras pivotant (r\u00e9f. 8376.1051)<\/li>\n<li>Plateau d\u2019instruments Namrol\u00ae pour bras pivotant (r\u00e9f. 8376.1052)<\/li>\n<li>Support pour lampe loupe (r\u00e9f. 8376.106)<\/li>\n<li>P\u00e9dale sans fil (r\u00e9f. 8376.107)<\/li>\n<li>Repose-jambes en deux parties (r\u00e9f. 8376.108)<\/li>\n<li>Housse stretch podo sans repose-jambes s\u00e9parables (r\u00e9f. 8376.110)<\/li>\n<li>Housse stretch podo avec repose-jambes s\u00e9parables (r\u00e9f. 8376.109)<\/li>\n<li>Repose-jambes coulissant en une pi\u00e8ce (r\u00e9f. 8376.112)<\/li>\n<li>Commande \u00e0 main (r\u00e9f. 8376.113)<\/li>\n<\/ul>\n<p><b>ATTENTION : VEUILLEZ INDIQUER LE CODE DE LA COULEUR SOUHAIT\u00c9E DANS LES COMMENTAIRES DE VOTRE COMMANDE.<\/b><br \/><span>La disponibilit\u00e9 d\u00e9pend de la couleur choisie. Pr\u00e9voyez un d\u00e9lai de livraison de 2 \u00e0 3 semaines. Voulez-vous savoir si le si\u00e8ge-selle dans votre couleur pr\u00e9f\u00e9r\u00e9e est disponible ? Contactez alors notre service client\u00e8le au num\u00e9ro 015\/236683 ou envoyez un e-mail \u00e0 info@districos.com.<\/span><br \/><b>Disponible en 18 couleurs :<\/b><br \/><span>01 \u2013 Blanc<\/span><br \/><span>02 \u2013 Citron Vert<\/span><br \/><span>03 \u2013 Anthracite<\/span><br \/><span>05 \u2013 Chrome<\/span><br \/><span>06 \u2013 Perle (gris clair)<\/span><br \/><span>07 \u2013 Argent<\/span><br \/><span>09 \u2013 Cyclamen<\/span><br \/><span>10 \u2013 Orchid\u00e9e<\/span><br \/><span>11 \u2013 Violet<\/span><br \/><span>16 \u2013 Turquoise<\/span><br \/><span>17 \u2013 Agave<\/span><br \/><span>18 \u2013 Dauphin<\/span><br \/><span>19 \u2013 Stone (bleu-gris)<\/span><br \/><span>22 \u2013 Atoll<\/span><br \/><span>31 \u2013 Abricot<\/span><br \/><span>35 \u2013 Orange<\/span><br \/><span>37 \u2013 Rouge Feu<\/span><br \/><span>39 \u2013 Azul Agua<\/span><br \/><b>Disponible avec :<\/b><\/p>\n<ul>\n<li>1 moteur &#8211; Beta (r\u00e9f. 8376.002)<\/li>\n<li>2 moteurs &#8211; Delta \/ Delta Plus (r\u00e9f. 8376.003\/004)<\/li>\n<li>3 moteurs &#8211; Omega (r\u00e9f. 8376.005)<\/li>\n<li>4 moteurs &#8211; Omega (r\u00e9f. 8376.006)<\/li>\n<\/ul>\n<p><b>Les tabourets assortis :<\/b><\/p>\n<ul>\n<li>Cosmos (r\u00e9f. 8376.020)<\/li>\n<li>Corsa (r\u00e9f. 8376.021\/0211)<\/li>\n<li>Monza (r\u00e9f. 8376.022)<\/li>\n<\/ul>\n<p><b>ATTENTION :&nbsp;<\/b><span>Cet article est livr\u00e9 par nos propres services apr\u00e8s que nous vous ayons appel\u00e9 pour prendre rendez-vous. Vous devez donc tenir compte que le d\u00e9lai de livraison peut atteindre jusqu\u2019\u00e0 7 \u00e0 10 jours ouvrables, d\u00e9pendant de la disponibilit\u00e9 et la route de notre chauffeur. Lorsque vous passez une commande, veuillez toujours donner une indication de l\u2019urgence dans la case remarques, afin de garantir un traitement rapide de votre commande. Dans le cas o\u00f9 vous n\u2019avez pas re\u00e7u d\u2019appel de notre part, n\u2019h\u00e9sitez pas \u00e0 nous contacter. Pour plus d\u2019informations, nous vous renvoyons vers nos conditions g\u00e9n\u00e9rales.<\/span><br \/><b>ATTENTION :<\/b><span>&nbsp;En raison du grand choix de couleurs, ce fauteuil est sur commande. Veuillez tenir compte d\u2019un d\u00e9lai de livraison de 6 \u00e0 8 semaines quand la couleur choisie n\u2019est pas en stock. Veuillez contacter notre service client\u00e8le afin de confirmer le d\u00e9lai de livraison exact.<\/span> <\/p>\n","protected":false},"excerpt":{"rendered":"<p>NAMROL\u00ae &#8211; 5 ANS DE GARANTIE POUR UNE TRANQUILLIT\u00c9 D&rsquo;ESPRIT DURABLEFaites travailler votre fauteuilCette s\u00e9rie de fauteuils podo satisfait aussi bien \u00e0 vos demandes qu\u2019\u00e0 celles de votre patient(e). Vous pouvez facilement mettre votre patient(e) dans une position confortable sans faire d\u2019efforts ou charger votre dos. Ces fauteuils sont extr\u00eamement stables \u00e0 chaque hauteur et [&hellip;]<\/p>\n","protected":false},"featured_media":79856,"comment_status":"open","ping_status":"closed","template":"","meta":{"_acf_changed":false},"product_brand":[10492],"product_cat":[9960,10066,10233],"product_tag":[],"class_list":{"0":"post-138017","1":"product","2":"type-product","3":"status-publish","4":"has-post-thumbnail","6":"product_brand-namrol-fr","7":"product_cat-beaute-pedicure-amenagement-du-cabinet","8":"product_cat-soins-des-pieds-podologie-amenagement-du-cabinet-fauteuils-de-traitement","9":"product_cat-amenagement-fauteuils-de-traitement-pedicure","11":"first","12":"instock","13":"taxable","14":"shipping-taxable","15":"product-type-simple"},"acf":[],"yoast_head":"<!-- This site is optimized with the Yoast SEO plugin v27.3 - https:\/\/yoast.com\/product\/yoast-seo-wordpress\/ -->\n<title>Namrol Delta Plus Fauteuil de P\u00e9dicure 2 moteurs - Districos Webshop<\/title>\n<meta name=\"robots\" content=\"noindex, follow, max-snippet:-1, max-image-preview:large, max-video-preview:-1\" \/>\n<meta property=\"og:locale\" content=\"fr_FR\" \/>\n<meta property=\"og:type\" content=\"article\" \/>\n<meta property=\"og:title\" content=\"Namrol Delta Plus Fauteuil de P\u00e9dicure 2 moteurs - Districos Webshop\" \/>\n<meta property=\"og:description\" content=\"NAMROL\u00ae &#8211; 5 ANS DE GARANTIE POUR UNE TRANQUILLIT\u00c9 D&rsquo;ESPRIT DURABLEFaites travailler votre fauteuilCette s\u00e9rie de fauteuils podo satisfait aussi bien \u00e0 vos demandes qu\u2019\u00e0 celles de votre patient(e). Vous pouvez facilement mettre votre patient(e) dans une position confortable sans faire d\u2019efforts ou charger votre dos. Ces fauteuils sont extr\u00eamement stables \u00e0 chaque hauteur et [&hellip;]\" \/>\n<meta property=\"og:url\" content=\"https:\/\/districos.standingout.be\/fr\/product\/namrol-delta-plus-fauteuil-de-pedicure-2-moteurs-ref-8376-004\/\" \/>\n<meta property=\"og:site_name\" content=\"Districos Webshop\" \/>\n<meta property=\"article:modified_time\" content=\"2026-04-28T08:46:52+00:00\" \/>\n<meta name=\"twitter:card\" content=\"summary_large_image\" \/>\n<meta name=\"twitter:label1\" content=\"Dur\u00e9e de lecture estim\u00e9e\" \/>\n\t<meta name=\"twitter:data1\" content=\"3 minutes\" \/>\n<script type=\"application\/ld+json\" class=\"yoast-schema-graph\">{\"@context\":\"https:\\\/\\\/schema.org\",\"@graph\":[{\"@type\":\"WebPage\",\"@id\":\"https:\\\/\\\/districos.standingout.be\\\/fr\\\/product\\\/namrol-delta-plus-fauteuil-de-pedicure-2-moteurs-ref-8376-004\\\/\",\"url\":\"https:\\\/\\\/districos.standingout.be\\\/fr\\\/product\\\/namrol-delta-plus-fauteuil-de-pedicure-2-moteurs-ref-8376-004\\\/\",\"name\":\"Namrol Delta Plus Fauteuil de P\u00e9dicure 2 moteurs - Districos Webshop\",\"isPartOf\":{\"@id\":\"https:\\\/\\\/districos.standingout.be\\\/fr\\\/#website\"},\"primaryImageOfPage\":{\"@id\":\"https:\\\/\\\/districos.standingout.be\\\/fr\\\/product\\\/namrol-delta-plus-fauteuil-de-pedicure-2-moteurs-ref-8376-004\\\/#primaryimage\"},\"image\":{\"@id\":\"https:\\\/\\\/districos.standingout.be\\\/fr\\\/product\\\/namrol-delta-plus-fauteuil-de-pedicure-2-moteurs-ref-8376-004\\\/#primaryimage\"},\"thumbnailUrl\":\"https:\\\/\\\/districos.standingout.be\\\/wp-content\\\/uploads\\\/2025\\\/07\\\/8376.004@LowRes_1.png\",\"datePublished\":\"2026-04-28T08:46:47+00:00\",\"dateModified\":\"2026-04-28T08:46:52+00:00\",\"breadcrumb\":{\"@id\":\"https:\\\/\\\/districos.standingout.be\\\/fr\\\/product\\\/namrol-delta-plus-fauteuil-de-pedicure-2-moteurs-ref-8376-004\\\/#breadcrumb\"},\"inLanguage\":\"fr-FR\",\"potentialAction\":[{\"@type\":\"ReadAction\",\"target\":[\"https:\\\/\\\/districos.standingout.be\\\/fr\\\/product\\\/namrol-delta-plus-fauteuil-de-pedicure-2-moteurs-ref-8376-004\\\/\"]}]},{\"@type\":\"ImageObject\",\"inLanguage\":\"fr-FR\",\"@id\":\"https:\\\/\\\/districos.standingout.be\\\/fr\\\/product\\\/namrol-delta-plus-fauteuil-de-pedicure-2-moteurs-ref-8376-004\\\/#primaryimage\",\"url\":\"https:\\\/\\\/districos.standingout.be\\\/wp-content\\\/uploads\\\/2025\\\/07\\\/8376.004@LowRes_1.png\",\"contentUrl\":\"https:\\\/\\\/districos.standingout.be\\\/wp-content\\\/uploads\\\/2025\\\/07\\\/8376.004@LowRes_1.png\",\"width\":600,\"height\":600},{\"@type\":\"BreadcrumbList\",\"@id\":\"https:\\\/\\\/districos.standingout.be\\\/fr\\\/product\\\/namrol-delta-plus-fauteuil-de-pedicure-2-moteurs-ref-8376-004\\\/#breadcrumb\",\"itemListElement\":[{\"@type\":\"ListItem\",\"position\":1,\"name\":\"Home\",\"item\":\"https:\\\/\\\/districos.standingout.be\\\/fr\\\/bienvenue-chez-districos\\\/\"},{\"@type\":\"ListItem\",\"position\":2,\"name\":\"Boutique\",\"item\":\"https:\\\/\\\/districos.standingout.be\\\/fr\\\/boutique\\\/\"},{\"@type\":\"ListItem\",\"position\":3,\"name\":\"Namrol Delta Plus Fauteuil de P\u00e9dicure 2 moteurs\"}]},{\"@type\":\"WebSite\",\"@id\":\"https:\\\/\\\/districos.standingout.be\\\/fr\\\/#website\",\"url\":\"https:\\\/\\\/districos.standingout.be\\\/fr\\\/\",\"name\":\"Districos Webshop\",\"description\":\"\",\"publisher\":{\"@id\":\"https:\\\/\\\/districos.standingout.be\\\/fr\\\/#organization\"},\"potentialAction\":[{\"@type\":\"SearchAction\",\"target\":{\"@type\":\"EntryPoint\",\"urlTemplate\":\"https:\\\/\\\/districos.standingout.be\\\/fr\\\/?s={search_term_string}\"},\"query-input\":{\"@type\":\"PropertyValueSpecification\",\"valueRequired\":true,\"valueName\":\"search_term_string\"}}],\"inLanguage\":\"fr-FR\"},{\"@type\":\"Organization\",\"@id\":\"https:\\\/\\\/districos.standingout.be\\\/fr\\\/#organization\",\"name\":\"Districos Webshop\",\"url\":\"https:\\\/\\\/districos.standingout.be\\\/fr\\\/\",\"logo\":{\"@type\":\"ImageObject\",\"inLanguage\":\"fr-FR\",\"@id\":\"https:\\\/\\\/districos.standingout.be\\\/fr\\\/#\\\/schema\\\/logo\\\/image\\\/\",\"url\":\"https:\\\/\\\/districos.standingout.be\\\/wp-content\\\/uploads\\\/2022\\\/09\\\/Districos_Logo_Webshop.svg\",\"contentUrl\":\"https:\\\/\\\/districos.standingout.be\\\/wp-content\\\/uploads\\\/2022\\\/09\\\/Districos_Logo_Webshop.svg\",\"caption\":\"Districos Webshop\"},\"image\":{\"@id\":\"https:\\\/\\\/districos.standingout.be\\\/fr\\\/#\\\/schema\\\/logo\\\/image\\\/\"}}]}<\/script>\n<!-- \/ Yoast SEO plugin. -->","yoast_head_json":{"title":"Namrol Delta Plus Fauteuil de P\u00e9dicure 2 moteurs - Districos Webshop","robots":{"index":"noindex","follow":"follow","max-snippet":"max-snippet:-1","max-image-preview":"max-image-preview:large","max-video-preview":"max-video-preview:-1"},"og_locale":"fr_FR","og_type":"article","og_title":"Namrol Delta Plus Fauteuil de P\u00e9dicure 2 moteurs - Districos Webshop","og_description":"NAMROL\u00ae &#8211; 5 ANS DE GARANTIE POUR UNE TRANQUILLIT\u00c9 D&rsquo;ESPRIT DURABLEFaites travailler votre fauteuilCette s\u00e9rie de fauteuils podo satisfait aussi bien \u00e0 vos demandes qu\u2019\u00e0 celles de votre patient(e). Vous pouvez facilement mettre votre patient(e) dans une position confortable sans faire d\u2019efforts ou charger votre dos. Ces fauteuils sont extr\u00eamement stables \u00e0 chaque hauteur et [&hellip;]","og_url":"https:\/\/districos.standingout.be\/fr\/product\/namrol-delta-plus-fauteuil-de-pedicure-2-moteurs-ref-8376-004\/","og_site_name":"Districos Webshop","article_modified_time":"2026-04-28T08:46:52+00:00","twitter_card":"summary_large_image","twitter_misc":{"Dur\u00e9e de lecture estim\u00e9e":"3 minutes"},"schema":{"@context":"https:\/\/schema.org","@graph":[{"@type":"WebPage","@id":"https:\/\/districos.standingout.be\/fr\/product\/namrol-delta-plus-fauteuil-de-pedicure-2-moteurs-ref-8376-004\/","url":"https:\/\/districos.standingout.be\/fr\/product\/namrol-delta-plus-fauteuil-de-pedicure-2-moteurs-ref-8376-004\/","name":"Namrol Delta Plus Fauteuil de P\u00e9dicure 2 moteurs - Districos Webshop","isPartOf":{"@id":"https:\/\/districos.standingout.be\/fr\/#website"},"primaryImageOfPage":{"@id":"https:\/\/districos.standingout.be\/fr\/product\/namrol-delta-plus-fauteuil-de-pedicure-2-moteurs-ref-8376-004\/#primaryimage"},"image":{"@id":"https:\/\/districos.standingout.be\/fr\/product\/namrol-delta-plus-fauteuil-de-pedicure-2-moteurs-ref-8376-004\/#primaryimage"},"thumbnailUrl":"https:\/\/districos.standingout.be\/wp-content\/uploads\/2025\/07\/8376.004@LowRes_1.png","datePublished":"2026-04-28T08:46:47+00:00","dateModified":"2026-04-28T08:46:52+00:00","breadcrumb":{"@id":"https:\/\/districos.standingout.be\/fr\/product\/namrol-delta-plus-fauteuil-de-pedicure-2-moteurs-ref-8376-004\/#breadcrumb"},"inLanguage":"fr-FR","potentialAction":[{"@type":"ReadAction","target":["https:\/\/districos.standingout.be\/fr\/product\/namrol-delta-plus-fauteuil-de-pedicure-2-moteurs-ref-8376-004\/"]}]},{"@type":"ImageObject","inLanguage":"fr-FR","@id":"https:\/\/districos.standingout.be\/fr\/product\/namrol-delta-plus-fauteuil-de-pedicure-2-moteurs-ref-8376-004\/#primaryimage","url":"https:\/\/districos.standingout.be\/wp-content\/uploads\/2025\/07\/8376.004@LowRes_1.png","contentUrl":"https:\/\/districos.standingout.be\/wp-content\/uploads\/2025\/07\/8376.004@LowRes_1.png","width":600,"height":600},{"@type":"BreadcrumbList","@id":"https:\/\/districos.standingout.be\/fr\/product\/namrol-delta-plus-fauteuil-de-pedicure-2-moteurs-ref-8376-004\/#breadcrumb","itemListElement":[{"@type":"ListItem","position":1,"name":"Home","item":"https:\/\/districos.standingout.be\/fr\/bienvenue-chez-districos\/"},{"@type":"ListItem","position":2,"name":"Boutique","item":"https:\/\/districos.standingout.be\/fr\/boutique\/"},{"@type":"ListItem","position":3,"name":"Namrol Delta Plus Fauteuil de P\u00e9dicure 2 moteurs"}]},{"@type":"WebSite","@id":"https:\/\/districos.standingout.be\/fr\/#website","url":"https:\/\/districos.standingout.be\/fr\/","name":"Districos Webshop","description":"","publisher":{"@id":"https:\/\/districos.standingout.be\/fr\/#organization"},"potentialAction":[{"@type":"SearchAction","target":{"@type":"EntryPoint","urlTemplate":"https:\/\/districos.standingout.be\/fr\/?s={search_term_string}"},"query-input":{"@type":"PropertyValueSpecification","valueRequired":true,"valueName":"search_term_string"}}],"inLanguage":"fr-FR"},{"@type":"Organization","@id":"https:\/\/districos.standingout.be\/fr\/#organization","name":"Districos Webshop","url":"https:\/\/districos.standingout.be\/fr\/","logo":{"@type":"ImageObject","inLanguage":"fr-FR","@id":"https:\/\/districos.standingout.be\/fr\/#\/schema\/logo\/image\/","url":"https:\/\/districos.standingout.be\/wp-content\/uploads\/2022\/09\/Districos_Logo_Webshop.svg","contentUrl":"https:\/\/districos.standingout.be\/wp-content\/uploads\/2022\/09\/Districos_Logo_Webshop.svg","caption":"Districos Webshop"},"image":{"@id":"https:\/\/districos.standingout.be\/fr\/#\/schema\/logo\/image\/"}}]}},"_links":{"self":[{"href":"https:\/\/districos.standingout.be\/fr\/wp-json\/wp\/v2\/product\/138017","targetHints":{"allow":["GET"]}}],"collection":[{"href":"https:\/\/districos.standingout.be\/fr\/wp-json\/wp\/v2\/product"}],"about":[{"href":"https:\/\/districos.standingout.be\/fr\/wp-json\/wp\/v2\/types\/product"}],"replies":[{"embeddable":true,"href":"https:\/\/districos.standingout.be\/fr\/wp-json\/wp\/v2\/comments?post=138017"}],"wp:featuredmedia":[{"embeddable":true,"href":"https:\/\/districos.standingout.be\/fr\/wp-json\/wp\/v2\/media\/79856"}],"wp:attachment":[{"href":"https:\/\/districos.standingout.be\/fr\/wp-json\/wp\/v2\/media?parent=138017"}],"wp:term":[{"taxonomy":"product_brand","embeddable":true,"href":"https:\/\/districos.standingout.be\/fr\/wp-json\/wp\/v2\/product_brand?post=138017"},{"taxonomy":"product_cat","embeddable":true,"href":"https:\/\/districos.standingout.be\/fr\/wp-json\/wp\/v2\/product_cat?post=138017"},{"taxonomy":"product_tag","embeddable":true,"href":"https:\/\/districos.standingout.be\/fr\/wp-json\/wp\/v2\/product_tag?post=138017"}],"curies":[{"name":"wp","href":"https:\/\/api.w.org\/{rel}","templated":true}]}}