{"id":138055,"date":"2026-04-28T10:50:18","date_gmt":"2026-04-28T08:50:18","guid":{"rendered":"https:\/\/webshopdistricoscom.webhosting.be\/product\/namrol-corsa-siege-selle-chrome-ref-8376-0218\/"},"modified":"2026-04-28T10:50:28","modified_gmt":"2026-04-28T08:50:28","slug":"namrol-corsa-siege-selle-chrome-ref-8376-0218","status":"publish","type":"product","link":"https:\/\/districos.standingout.be\/fr\/product\/namrol-corsa-siege-selle-chrome-ref-8376-0218\/","title":{"rendered":"Namrol Corsa Si\u00e8ge-Selle Chrome"},"content":{"rendered":"<p >\n<div><b>NAMROL\u00ae &#8211; 5 ANS DE GARANTIE POUR UNE TRANQUILLIT\u00c9 D&rsquo;ESPRIT DURABLE<\/b><\/div>\n<p><span>Si\u00e8ge-selle ergonomique et basculant sans dossier avec une exp\u00e9rience de si\u00e8ge unique. Tabouret assorti avec les fauteuils de soins et p\u00e9dicure de Namrol\u00ae (disponibles s\u00e9par\u00e9ment). Disponible en 18 couleurs afin de pouvoir adapter la couleur de votre si\u00e8ge-selle \u00e0 celle de votre fauteuil Namrol\u00ae.<\/span><\/p>\n<ul>\n<li>Pied pentagonal chrom\u00e9<\/li>\n<li>Dispositif d\u2019\u00e9l\u00e9vation \u00e0 gaz avec levier<\/li>\n<li>R\u00e9glable en hauteur de 45 \u00e0 54 cm<\/li>\n<li>Inclinaison ajustable du si\u00e8ge<\/li>\n<li>Largeur du si\u00e8ge : 40 cm<\/li>\n<li>Rev\u00e8tement : Skai\u00ae d\u00e9sinfectable de haute qualit\u00e9 (Martindale : 50.000)<\/li>\n<li>Mat\u00e9riel ultra-r\u00e9sistant<\/li>\n<\/ul>\n<p><b>Option :<\/b><span>&nbsp;Housse stretch si\u00e8ge Corsa (r\u00e9f. 8376.115)<\/span><\/p>\n<p><b>Disponible en 18 couleurs !<\/b>&nbsp;<\/p>\n","protected":false},"excerpt":{"rendered":"<p>NAMROL\u00ae &#8211; 5 ANS DE GARANTIE POUR UNE TRANQUILLIT\u00c9 D&rsquo;ESPRIT DURABLE Si\u00e8ge-selle ergonomique et basculant sans dossier avec une exp\u00e9rience de si\u00e8ge unique. Tabouret assorti avec les fauteuils de soins et p\u00e9dicure de Namrol\u00ae (disponibles s\u00e9par\u00e9ment). Disponible en 18 couleurs afin de pouvoir adapter la couleur de votre si\u00e8ge-selle \u00e0 celle de votre fauteuil Namrol\u00ae. [&hellip;]<\/p>\n","protected":false},"featured_media":80270,"comment_status":"open","ping_status":"closed","template":"","meta":{"_acf_changed":false},"product_brand":[10492],"product_cat":[9960,10233,10068,10106],"product_tag":[],"class_list":{"0":"post-138055","1":"product","2":"type-product","3":"status-publish","4":"has-post-thumbnail","6":"product_brand-namrol-fr","7":"product_cat-beaute-pedicure-amenagement-du-cabinet","8":"product_cat-amenagement-fauteuils-de-traitement-pedicure","9":"product_cat-soins-des-pieds-podologie-amenagement-du-cabinet-tabourets","10":"product_cat-amenagement-amenagement-tabourets","12":"first","13":"instock","14":"taxable","15":"shipping-taxable","16":"product-type-simple"},"acf":[],"yoast_head":"<!-- This site is optimized with the Yoast SEO plugin v27.3 - https:\/\/yoast.com\/product\/yoast-seo-wordpress\/ -->\n<title>Namrol Corsa Si\u00e8ge-Selle Chrome - Districos Webshop<\/title>\n<meta name=\"robots\" content=\"noindex, follow, max-snippet:-1, max-image-preview:large, max-video-preview:-1\" \/>\n<meta property=\"og:locale\" content=\"fr_FR\" \/>\n<meta property=\"og:type\" content=\"article\" \/>\n<meta property=\"og:title\" content=\"Namrol Corsa Si\u00e8ge-Selle Chrome - Districos Webshop\" \/>\n<meta property=\"og:description\" content=\"NAMROL\u00ae &#8211; 5 ANS DE GARANTIE POUR UNE TRANQUILLIT\u00c9 D&rsquo;ESPRIT DURABLE Si\u00e8ge-selle ergonomique et basculant sans dossier avec une exp\u00e9rience de si\u00e8ge unique. Tabouret assorti avec les fauteuils de soins et p\u00e9dicure de Namrol\u00ae (disponibles s\u00e9par\u00e9ment). Disponible en 18 couleurs afin de pouvoir adapter la couleur de votre si\u00e8ge-selle \u00e0 celle de votre fauteuil Namrol\u00ae. [&hellip;]\" \/>\n<meta property=\"og:url\" content=\"https:\/\/districos.standingout.be\/fr\/product\/namrol-corsa-siege-selle-chrome-ref-8376-0218\/\" \/>\n<meta property=\"og:site_name\" content=\"Districos Webshop\" \/>\n<meta property=\"article:modified_time\" content=\"2026-04-28T08:50:28+00:00\" \/>\n<meta name=\"twitter:card\" content=\"summary_large_image\" \/>\n<meta name=\"twitter:label1\" content=\"Dur\u00e9e de lecture estim\u00e9e\" \/>\n\t<meta name=\"twitter:data1\" content=\"1 minute\" \/>\n<script type=\"application\/ld+json\" class=\"yoast-schema-graph\">{\"@context\":\"https:\\\/\\\/schema.org\",\"@graph\":[{\"@type\":\"WebPage\",\"@id\":\"https:\\\/\\\/districos.standingout.be\\\/fr\\\/product\\\/namrol-corsa-siege-selle-chrome-ref-8376-0218\\\/\",\"url\":\"https:\\\/\\\/districos.standingout.be\\\/fr\\\/product\\\/namrol-corsa-siege-selle-chrome-ref-8376-0218\\\/\",\"name\":\"Namrol Corsa Si\u00e8ge-Selle Chrome - Districos Webshop\",\"isPartOf\":{\"@id\":\"https:\\\/\\\/districos.standingout.be\\\/fr\\\/#website\"},\"primaryImageOfPage\":{\"@id\":\"https:\\\/\\\/districos.standingout.be\\\/fr\\\/product\\\/namrol-corsa-siege-selle-chrome-ref-8376-0218\\\/#primaryimage\"},\"image\":{\"@id\":\"https:\\\/\\\/districos.standingout.be\\\/fr\\\/product\\\/namrol-corsa-siege-selle-chrome-ref-8376-0218\\\/#primaryimage\"},\"thumbnailUrl\":\"https:\\\/\\\/districos.standingout.be\\\/wp-content\\\/uploads\\\/2025\\\/07\\\/8376.0218@LowRes_0_99.png\",\"datePublished\":\"2026-04-28T08:50:18+00:00\",\"dateModified\":\"2026-04-28T08:50:28+00:00\",\"breadcrumb\":{\"@id\":\"https:\\\/\\\/districos.standingout.be\\\/fr\\\/product\\\/namrol-corsa-siege-selle-chrome-ref-8376-0218\\\/#breadcrumb\"},\"inLanguage\":\"fr-FR\",\"potentialAction\":[{\"@type\":\"ReadAction\",\"target\":[\"https:\\\/\\\/districos.standingout.be\\\/fr\\\/product\\\/namrol-corsa-siege-selle-chrome-ref-8376-0218\\\/\"]}]},{\"@type\":\"ImageObject\",\"inLanguage\":\"fr-FR\",\"@id\":\"https:\\\/\\\/districos.standingout.be\\\/fr\\\/product\\\/namrol-corsa-siege-selle-chrome-ref-8376-0218\\\/#primaryimage\",\"url\":\"https:\\\/\\\/districos.standingout.be\\\/wp-content\\\/uploads\\\/2025\\\/07\\\/8376.0218@LowRes_0_99.png\",\"contentUrl\":\"https:\\\/\\\/districos.standingout.be\\\/wp-content\\\/uploads\\\/2025\\\/07\\\/8376.0218@LowRes_0_99.png\",\"width\":600,\"height\":600},{\"@type\":\"BreadcrumbList\",\"@id\":\"https:\\\/\\\/districos.standingout.be\\\/fr\\\/product\\\/namrol-corsa-siege-selle-chrome-ref-8376-0218\\\/#breadcrumb\",\"itemListElement\":[{\"@type\":\"ListItem\",\"position\":1,\"name\":\"Home\",\"item\":\"https:\\\/\\\/districos.standingout.be\\\/fr\\\/bienvenue-chez-districos\\\/\"},{\"@type\":\"ListItem\",\"position\":2,\"name\":\"Boutique\",\"item\":\"https:\\\/\\\/districos.standingout.be\\\/fr\\\/boutique\\\/\"},{\"@type\":\"ListItem\",\"position\":3,\"name\":\"Namrol Corsa Si\u00e8ge-Selle Chrome\"}]},{\"@type\":\"WebSite\",\"@id\":\"https:\\\/\\\/districos.standingout.be\\\/fr\\\/#website\",\"url\":\"https:\\\/\\\/districos.standingout.be\\\/fr\\\/\",\"name\":\"Districos Webshop\",\"description\":\"\",\"publisher\":{\"@id\":\"https:\\\/\\\/districos.standingout.be\\\/fr\\\/#organization\"},\"potentialAction\":[{\"@type\":\"SearchAction\",\"target\":{\"@type\":\"EntryPoint\",\"urlTemplate\":\"https:\\\/\\\/districos.standingout.be\\\/fr\\\/?s={search_term_string}\"},\"query-input\":{\"@type\":\"PropertyValueSpecification\",\"valueRequired\":true,\"valueName\":\"search_term_string\"}}],\"inLanguage\":\"fr-FR\"},{\"@type\":\"Organization\",\"@id\":\"https:\\\/\\\/districos.standingout.be\\\/fr\\\/#organization\",\"name\":\"Districos Webshop\",\"url\":\"https:\\\/\\\/districos.standingout.be\\\/fr\\\/\",\"logo\":{\"@type\":\"ImageObject\",\"inLanguage\":\"fr-FR\",\"@id\":\"https:\\\/\\\/districos.standingout.be\\\/fr\\\/#\\\/schema\\\/logo\\\/image\\\/\",\"url\":\"https:\\\/\\\/districos.standingout.be\\\/wp-content\\\/uploads\\\/2022\\\/09\\\/Districos_Logo_Webshop.svg\",\"contentUrl\":\"https:\\\/\\\/districos.standingout.be\\\/wp-content\\\/uploads\\\/2022\\\/09\\\/Districos_Logo_Webshop.svg\",\"caption\":\"Districos Webshop\"},\"image\":{\"@id\":\"https:\\\/\\\/districos.standingout.be\\\/fr\\\/#\\\/schema\\\/logo\\\/image\\\/\"}}]}<\/script>\n<!-- \/ Yoast SEO plugin. -->","yoast_head_json":{"title":"Namrol Corsa Si\u00e8ge-Selle Chrome - Districos Webshop","robots":{"index":"noindex","follow":"follow","max-snippet":"max-snippet:-1","max-image-preview":"max-image-preview:large","max-video-preview":"max-video-preview:-1"},"og_locale":"fr_FR","og_type":"article","og_title":"Namrol Corsa Si\u00e8ge-Selle Chrome - Districos Webshop","og_description":"NAMROL\u00ae &#8211; 5 ANS DE GARANTIE POUR UNE TRANQUILLIT\u00c9 D&rsquo;ESPRIT DURABLE Si\u00e8ge-selle ergonomique et basculant sans dossier avec une exp\u00e9rience de si\u00e8ge unique. Tabouret assorti avec les fauteuils de soins et p\u00e9dicure de Namrol\u00ae (disponibles s\u00e9par\u00e9ment). Disponible en 18 couleurs afin de pouvoir adapter la couleur de votre si\u00e8ge-selle \u00e0 celle de votre fauteuil Namrol\u00ae. [&hellip;]","og_url":"https:\/\/districos.standingout.be\/fr\/product\/namrol-corsa-siege-selle-chrome-ref-8376-0218\/","og_site_name":"Districos Webshop","article_modified_time":"2026-04-28T08:50:28+00:00","twitter_card":"summary_large_image","twitter_misc":{"Dur\u00e9e de lecture estim\u00e9e":"1 minute"},"schema":{"@context":"https:\/\/schema.org","@graph":[{"@type":"WebPage","@id":"https:\/\/districos.standingout.be\/fr\/product\/namrol-corsa-siege-selle-chrome-ref-8376-0218\/","url":"https:\/\/districos.standingout.be\/fr\/product\/namrol-corsa-siege-selle-chrome-ref-8376-0218\/","name":"Namrol Corsa Si\u00e8ge-Selle Chrome - Districos Webshop","isPartOf":{"@id":"https:\/\/districos.standingout.be\/fr\/#website"},"primaryImageOfPage":{"@id":"https:\/\/districos.standingout.be\/fr\/product\/namrol-corsa-siege-selle-chrome-ref-8376-0218\/#primaryimage"},"image":{"@id":"https:\/\/districos.standingout.be\/fr\/product\/namrol-corsa-siege-selle-chrome-ref-8376-0218\/#primaryimage"},"thumbnailUrl":"https:\/\/districos.standingout.be\/wp-content\/uploads\/2025\/07\/8376.0218@LowRes_0_99.png","datePublished":"2026-04-28T08:50:18+00:00","dateModified":"2026-04-28T08:50:28+00:00","breadcrumb":{"@id":"https:\/\/districos.standingout.be\/fr\/product\/namrol-corsa-siege-selle-chrome-ref-8376-0218\/#breadcrumb"},"inLanguage":"fr-FR","potentialAction":[{"@type":"ReadAction","target":["https:\/\/districos.standingout.be\/fr\/product\/namrol-corsa-siege-selle-chrome-ref-8376-0218\/"]}]},{"@type":"ImageObject","inLanguage":"fr-FR","@id":"https:\/\/districos.standingout.be\/fr\/product\/namrol-corsa-siege-selle-chrome-ref-8376-0218\/#primaryimage","url":"https:\/\/districos.standingout.be\/wp-content\/uploads\/2025\/07\/8376.0218@LowRes_0_99.png","contentUrl":"https:\/\/districos.standingout.be\/wp-content\/uploads\/2025\/07\/8376.0218@LowRes_0_99.png","width":600,"height":600},{"@type":"BreadcrumbList","@id":"https:\/\/districos.standingout.be\/fr\/product\/namrol-corsa-siege-selle-chrome-ref-8376-0218\/#breadcrumb","itemListElement":[{"@type":"ListItem","position":1,"name":"Home","item":"https:\/\/districos.standingout.be\/fr\/bienvenue-chez-districos\/"},{"@type":"ListItem","position":2,"name":"Boutique","item":"https:\/\/districos.standingout.be\/fr\/boutique\/"},{"@type":"ListItem","position":3,"name":"Namrol Corsa Si\u00e8ge-Selle Chrome"}]},{"@type":"WebSite","@id":"https:\/\/districos.standingout.be\/fr\/#website","url":"https:\/\/districos.standingout.be\/fr\/","name":"Districos Webshop","description":"","publisher":{"@id":"https:\/\/districos.standingout.be\/fr\/#organization"},"potentialAction":[{"@type":"SearchAction","target":{"@type":"EntryPoint","urlTemplate":"https:\/\/districos.standingout.be\/fr\/?s={search_term_string}"},"query-input":{"@type":"PropertyValueSpecification","valueRequired":true,"valueName":"search_term_string"}}],"inLanguage":"fr-FR"},{"@type":"Organization","@id":"https:\/\/districos.standingout.be\/fr\/#organization","name":"Districos Webshop","url":"https:\/\/districos.standingout.be\/fr\/","logo":{"@type":"ImageObject","inLanguage":"fr-FR","@id":"https:\/\/districos.standingout.be\/fr\/#\/schema\/logo\/image\/","url":"https:\/\/districos.standingout.be\/wp-content\/uploads\/2022\/09\/Districos_Logo_Webshop.svg","contentUrl":"https:\/\/districos.standingout.be\/wp-content\/uploads\/2022\/09\/Districos_Logo_Webshop.svg","caption":"Districos Webshop"},"image":{"@id":"https:\/\/districos.standingout.be\/fr\/#\/schema\/logo\/image\/"}}]}},"_links":{"self":[{"href":"https:\/\/districos.standingout.be\/fr\/wp-json\/wp\/v2\/product\/138055","targetHints":{"allow":["GET"]}}],"collection":[{"href":"https:\/\/districos.standingout.be\/fr\/wp-json\/wp\/v2\/product"}],"about":[{"href":"https:\/\/districos.standingout.be\/fr\/wp-json\/wp\/v2\/types\/product"}],"replies":[{"embeddable":true,"href":"https:\/\/districos.standingout.be\/fr\/wp-json\/wp\/v2\/comments?post=138055"}],"wp:featuredmedia":[{"embeddable":true,"href":"https:\/\/districos.standingout.be\/fr\/wp-json\/wp\/v2\/media\/80270"}],"wp:attachment":[{"href":"https:\/\/districos.standingout.be\/fr\/wp-json\/wp\/v2\/media?parent=138055"}],"wp:term":[{"taxonomy":"product_brand","embeddable":true,"href":"https:\/\/districos.standingout.be\/fr\/wp-json\/wp\/v2\/product_brand?post=138055"},{"taxonomy":"product_cat","embeddable":true,"href":"https:\/\/districos.standingout.be\/fr\/wp-json\/wp\/v2\/product_cat?post=138055"},{"taxonomy":"product_tag","embeddable":true,"href":"https:\/\/districos.standingout.be\/fr\/wp-json\/wp\/v2\/product_tag?post=138055"}],"curies":[{"name":"wp","href":"https:\/\/api.w.org\/{rel}","templated":true}]}}