{"id":138059,"date":"2026-04-28T10:50:39","date_gmt":"2026-04-28T08:50:39","guid":{"rendered":"https:\/\/webshopdistricoscom.webhosting.be\/product\/namrol-monza-tabouret-avec-dos-ref-8376-022\/"},"modified":"2026-04-28T10:50:48","modified_gmt":"2026-04-28T08:50:48","slug":"namrol-monza-tabouret-avec-dos-ref-8376-022","status":"publish","type":"product","link":"https:\/\/districos.standingout.be\/fr\/product\/namrol-monza-tabouret-avec-dos-ref-8376-022\/","title":{"rendered":"Namrol Monza Tabouret avec dos"},"content":{"rendered":"<p >\n<p dir=ltr>Tabouret ergonomique avec si\u00e8ge arrondi et dossier creus\u00e9. Tabouret assorti avec les fauteuils de soins et p\u00e9dicure de \u00aeNamrol (disponibles s\u00e9par\u00e9ment). Disponible en 18 couleurs afin de pouvoir adapter la couleur de votre tabouret \u00e0 celle de votre fauteuil Namrol\u00ae. <\/p>\n<ul> <\/p>\n<li>Pied pentagonal chrom\u00e9<\/li>\n<p> <\/p>\n<li>Dispositif d\u2019\u00e9l\u00e9vation \u00e0 gaz avec levier<\/li>\n<p> <\/p>\n<li>R\u00e9glable en hauteur de 45 \u00e0 54 cm<\/li>\n<p> <\/p>\n<li>Dossier ajustable en hauteur<\/li>\n<p> <\/p>\n<li>Distance entre dossier et si\u00e8ge ajustable<\/li>\n<p> <\/p>\n<li>Largeur du si\u00e8ge : 37 cm<\/li>\n<p> <\/p>\n<li>Rev\u00e8tement : Skai\u00ae d\u00e9sinfectable de haute qualit\u00e9 (Martindale : 50.000)<\/li>\n<p> <\/p>\n<li>Mat\u00e9riel ultra-r\u00e9sistant<\/li>\n<p> <\/ul>\n<p> Option : housses universelles pour tabourets en coton stretch ou stretch velours, blanches ou vanille<\/p>\n<p> Disponible en 18 couleurs !<\/p><\/p>\n","protected":false},"excerpt":{"rendered":"<p>Tabouret ergonomique avec si\u00e8ge arrondi et dossier creus\u00e9. Tabouret assorti avec les fauteuils de soins et p\u00e9dicure de \u00aeNamrol (disponibles s\u00e9par\u00e9ment). Disponible en 18 couleurs afin de pouvoir adapter la couleur de votre tabouret \u00e0 celle de votre fauteuil Namrol\u00ae. Pied pentagonal chrom\u00e9 Dispositif d\u2019\u00e9l\u00e9vation \u00e0 gaz avec levier R\u00e9glable en hauteur de 45 \u00e0 [&hellip;]<\/p>\n","protected":false},"featured_media":80276,"comment_status":"open","ping_status":"closed","template":"","meta":{"_acf_changed":false},"product_brand":[10492],"product_cat":[9960,10233,10106,10068],"product_tag":[],"class_list":{"0":"post-138059","1":"product","2":"type-product","3":"status-publish","4":"has-post-thumbnail","6":"product_brand-namrol-fr","7":"product_cat-beaute-pedicure-amenagement-du-cabinet","8":"product_cat-amenagement-fauteuils-de-traitement-pedicure","9":"product_cat-amenagement-amenagement-tabourets","10":"product_cat-soins-des-pieds-podologie-amenagement-du-cabinet-tabourets","12":"first","13":"instock","14":"taxable","15":"shipping-taxable","16":"product-type-simple"},"acf":[],"yoast_head":"<!-- This site is optimized with the Yoast SEO plugin v27.3 - https:\/\/yoast.com\/product\/yoast-seo-wordpress\/ -->\n<title>Namrol Monza Tabouret avec dos - Districos Webshop<\/title>\n<meta name=\"robots\" content=\"noindex, follow, max-snippet:-1, max-image-preview:large, max-video-preview:-1\" \/>\n<meta property=\"og:locale\" content=\"fr_FR\" \/>\n<meta property=\"og:type\" content=\"article\" \/>\n<meta property=\"og:title\" content=\"Namrol Monza Tabouret avec dos - Districos Webshop\" \/>\n<meta property=\"og:description\" content=\"Tabouret ergonomique avec si\u00e8ge arrondi et dossier creus\u00e9. Tabouret assorti avec les fauteuils de soins et p\u00e9dicure de \u00aeNamrol (disponibles s\u00e9par\u00e9ment). Disponible en 18 couleurs afin de pouvoir adapter la couleur de votre tabouret \u00e0 celle de votre fauteuil Namrol\u00ae. Pied pentagonal chrom\u00e9 Dispositif d\u2019\u00e9l\u00e9vation \u00e0 gaz avec levier R\u00e9glable en hauteur de 45 \u00e0 [&hellip;]\" \/>\n<meta property=\"og:url\" content=\"https:\/\/districos.standingout.be\/fr\/product\/namrol-monza-tabouret-avec-dos-ref-8376-022\/\" \/>\n<meta property=\"og:site_name\" content=\"Districos Webshop\" \/>\n<meta property=\"article:modified_time\" content=\"2026-04-28T08:50:48+00:00\" \/>\n<meta name=\"twitter:card\" content=\"summary_large_image\" \/>\n<meta name=\"twitter:label1\" content=\"Dur\u00e9e de lecture estim\u00e9e\" \/>\n\t<meta name=\"twitter:data1\" content=\"1 minute\" \/>\n<script type=\"application\/ld+json\" class=\"yoast-schema-graph\">{\"@context\":\"https:\\\/\\\/schema.org\",\"@graph\":[{\"@type\":\"WebPage\",\"@id\":\"https:\\\/\\\/districos.standingout.be\\\/fr\\\/product\\\/namrol-monza-tabouret-avec-dos-ref-8376-022\\\/\",\"url\":\"https:\\\/\\\/districos.standingout.be\\\/fr\\\/product\\\/namrol-monza-tabouret-avec-dos-ref-8376-022\\\/\",\"name\":\"Namrol Monza Tabouret avec dos - Districos Webshop\",\"isPartOf\":{\"@id\":\"https:\\\/\\\/districos.standingout.be\\\/fr\\\/#website\"},\"primaryImageOfPage\":{\"@id\":\"https:\\\/\\\/districos.standingout.be\\\/fr\\\/product\\\/namrol-monza-tabouret-avec-dos-ref-8376-022\\\/#primaryimage\"},\"image\":{\"@id\":\"https:\\\/\\\/districos.standingout.be\\\/fr\\\/product\\\/namrol-monza-tabouret-avec-dos-ref-8376-022\\\/#primaryimage\"},\"thumbnailUrl\":\"https:\\\/\\\/districos.standingout.be\\\/wp-content\\\/uploads\\\/2025\\\/07\\\/8376.022@LowRes_1.png\",\"datePublished\":\"2026-04-28T08:50:39+00:00\",\"dateModified\":\"2026-04-28T08:50:48+00:00\",\"breadcrumb\":{\"@id\":\"https:\\\/\\\/districos.standingout.be\\\/fr\\\/product\\\/namrol-monza-tabouret-avec-dos-ref-8376-022\\\/#breadcrumb\"},\"inLanguage\":\"fr-FR\",\"potentialAction\":[{\"@type\":\"ReadAction\",\"target\":[\"https:\\\/\\\/districos.standingout.be\\\/fr\\\/product\\\/namrol-monza-tabouret-avec-dos-ref-8376-022\\\/\"]}]},{\"@type\":\"ImageObject\",\"inLanguage\":\"fr-FR\",\"@id\":\"https:\\\/\\\/districos.standingout.be\\\/fr\\\/product\\\/namrol-monza-tabouret-avec-dos-ref-8376-022\\\/#primaryimage\",\"url\":\"https:\\\/\\\/districos.standingout.be\\\/wp-content\\\/uploads\\\/2025\\\/07\\\/8376.022@LowRes_1.png\",\"contentUrl\":\"https:\\\/\\\/districos.standingout.be\\\/wp-content\\\/uploads\\\/2025\\\/07\\\/8376.022@LowRes_1.png\",\"width\":600,\"height\":600},{\"@type\":\"BreadcrumbList\",\"@id\":\"https:\\\/\\\/districos.standingout.be\\\/fr\\\/product\\\/namrol-monza-tabouret-avec-dos-ref-8376-022\\\/#breadcrumb\",\"itemListElement\":[{\"@type\":\"ListItem\",\"position\":1,\"name\":\"Home\",\"item\":\"https:\\\/\\\/districos.standingout.be\\\/fr\\\/bienvenue-chez-districos\\\/\"},{\"@type\":\"ListItem\",\"position\":2,\"name\":\"Boutique\",\"item\":\"https:\\\/\\\/districos.standingout.be\\\/fr\\\/boutique\\\/\"},{\"@type\":\"ListItem\",\"position\":3,\"name\":\"Namrol Monza Tabouret avec dos\"}]},{\"@type\":\"WebSite\",\"@id\":\"https:\\\/\\\/districos.standingout.be\\\/fr\\\/#website\",\"url\":\"https:\\\/\\\/districos.standingout.be\\\/fr\\\/\",\"name\":\"Districos Webshop\",\"description\":\"\",\"publisher\":{\"@id\":\"https:\\\/\\\/districos.standingout.be\\\/fr\\\/#organization\"},\"potentialAction\":[{\"@type\":\"SearchAction\",\"target\":{\"@type\":\"EntryPoint\",\"urlTemplate\":\"https:\\\/\\\/districos.standingout.be\\\/fr\\\/?s={search_term_string}\"},\"query-input\":{\"@type\":\"PropertyValueSpecification\",\"valueRequired\":true,\"valueName\":\"search_term_string\"}}],\"inLanguage\":\"fr-FR\"},{\"@type\":\"Organization\",\"@id\":\"https:\\\/\\\/districos.standingout.be\\\/fr\\\/#organization\",\"name\":\"Districos Webshop\",\"url\":\"https:\\\/\\\/districos.standingout.be\\\/fr\\\/\",\"logo\":{\"@type\":\"ImageObject\",\"inLanguage\":\"fr-FR\",\"@id\":\"https:\\\/\\\/districos.standingout.be\\\/fr\\\/#\\\/schema\\\/logo\\\/image\\\/\",\"url\":\"https:\\\/\\\/districos.standingout.be\\\/wp-content\\\/uploads\\\/2022\\\/09\\\/Districos_Logo_Webshop.svg\",\"contentUrl\":\"https:\\\/\\\/districos.standingout.be\\\/wp-content\\\/uploads\\\/2022\\\/09\\\/Districos_Logo_Webshop.svg\",\"caption\":\"Districos Webshop\"},\"image\":{\"@id\":\"https:\\\/\\\/districos.standingout.be\\\/fr\\\/#\\\/schema\\\/logo\\\/image\\\/\"}}]}<\/script>\n<!-- \/ Yoast SEO plugin. -->","yoast_head_json":{"title":"Namrol Monza Tabouret avec dos - Districos Webshop","robots":{"index":"noindex","follow":"follow","max-snippet":"max-snippet:-1","max-image-preview":"max-image-preview:large","max-video-preview":"max-video-preview:-1"},"og_locale":"fr_FR","og_type":"article","og_title":"Namrol Monza Tabouret avec dos - Districos Webshop","og_description":"Tabouret ergonomique avec si\u00e8ge arrondi et dossier creus\u00e9. Tabouret assorti avec les fauteuils de soins et p\u00e9dicure de \u00aeNamrol (disponibles s\u00e9par\u00e9ment). Disponible en 18 couleurs afin de pouvoir adapter la couleur de votre tabouret \u00e0 celle de votre fauteuil Namrol\u00ae. Pied pentagonal chrom\u00e9 Dispositif d\u2019\u00e9l\u00e9vation \u00e0 gaz avec levier R\u00e9glable en hauteur de 45 \u00e0 [&hellip;]","og_url":"https:\/\/districos.standingout.be\/fr\/product\/namrol-monza-tabouret-avec-dos-ref-8376-022\/","og_site_name":"Districos Webshop","article_modified_time":"2026-04-28T08:50:48+00:00","twitter_card":"summary_large_image","twitter_misc":{"Dur\u00e9e de lecture estim\u00e9e":"1 minute"},"schema":{"@context":"https:\/\/schema.org","@graph":[{"@type":"WebPage","@id":"https:\/\/districos.standingout.be\/fr\/product\/namrol-monza-tabouret-avec-dos-ref-8376-022\/","url":"https:\/\/districos.standingout.be\/fr\/product\/namrol-monza-tabouret-avec-dos-ref-8376-022\/","name":"Namrol Monza Tabouret avec dos - Districos Webshop","isPartOf":{"@id":"https:\/\/districos.standingout.be\/fr\/#website"},"primaryImageOfPage":{"@id":"https:\/\/districos.standingout.be\/fr\/product\/namrol-monza-tabouret-avec-dos-ref-8376-022\/#primaryimage"},"image":{"@id":"https:\/\/districos.standingout.be\/fr\/product\/namrol-monza-tabouret-avec-dos-ref-8376-022\/#primaryimage"},"thumbnailUrl":"https:\/\/districos.standingout.be\/wp-content\/uploads\/2025\/07\/8376.022@LowRes_1.png","datePublished":"2026-04-28T08:50:39+00:00","dateModified":"2026-04-28T08:50:48+00:00","breadcrumb":{"@id":"https:\/\/districos.standingout.be\/fr\/product\/namrol-monza-tabouret-avec-dos-ref-8376-022\/#breadcrumb"},"inLanguage":"fr-FR","potentialAction":[{"@type":"ReadAction","target":["https:\/\/districos.standingout.be\/fr\/product\/namrol-monza-tabouret-avec-dos-ref-8376-022\/"]}]},{"@type":"ImageObject","inLanguage":"fr-FR","@id":"https:\/\/districos.standingout.be\/fr\/product\/namrol-monza-tabouret-avec-dos-ref-8376-022\/#primaryimage","url":"https:\/\/districos.standingout.be\/wp-content\/uploads\/2025\/07\/8376.022@LowRes_1.png","contentUrl":"https:\/\/districos.standingout.be\/wp-content\/uploads\/2025\/07\/8376.022@LowRes_1.png","width":600,"height":600},{"@type":"BreadcrumbList","@id":"https:\/\/districos.standingout.be\/fr\/product\/namrol-monza-tabouret-avec-dos-ref-8376-022\/#breadcrumb","itemListElement":[{"@type":"ListItem","position":1,"name":"Home","item":"https:\/\/districos.standingout.be\/fr\/bienvenue-chez-districos\/"},{"@type":"ListItem","position":2,"name":"Boutique","item":"https:\/\/districos.standingout.be\/fr\/boutique\/"},{"@type":"ListItem","position":3,"name":"Namrol Monza Tabouret avec dos"}]},{"@type":"WebSite","@id":"https:\/\/districos.standingout.be\/fr\/#website","url":"https:\/\/districos.standingout.be\/fr\/","name":"Districos Webshop","description":"","publisher":{"@id":"https:\/\/districos.standingout.be\/fr\/#organization"},"potentialAction":[{"@type":"SearchAction","target":{"@type":"EntryPoint","urlTemplate":"https:\/\/districos.standingout.be\/fr\/?s={search_term_string}"},"query-input":{"@type":"PropertyValueSpecification","valueRequired":true,"valueName":"search_term_string"}}],"inLanguage":"fr-FR"},{"@type":"Organization","@id":"https:\/\/districos.standingout.be\/fr\/#organization","name":"Districos Webshop","url":"https:\/\/districos.standingout.be\/fr\/","logo":{"@type":"ImageObject","inLanguage":"fr-FR","@id":"https:\/\/districos.standingout.be\/fr\/#\/schema\/logo\/image\/","url":"https:\/\/districos.standingout.be\/wp-content\/uploads\/2022\/09\/Districos_Logo_Webshop.svg","contentUrl":"https:\/\/districos.standingout.be\/wp-content\/uploads\/2022\/09\/Districos_Logo_Webshop.svg","caption":"Districos Webshop"},"image":{"@id":"https:\/\/districos.standingout.be\/fr\/#\/schema\/logo\/image\/"}}]}},"_links":{"self":[{"href":"https:\/\/districos.standingout.be\/fr\/wp-json\/wp\/v2\/product\/138059","targetHints":{"allow":["GET"]}}],"collection":[{"href":"https:\/\/districos.standingout.be\/fr\/wp-json\/wp\/v2\/product"}],"about":[{"href":"https:\/\/districos.standingout.be\/fr\/wp-json\/wp\/v2\/types\/product"}],"replies":[{"embeddable":true,"href":"https:\/\/districos.standingout.be\/fr\/wp-json\/wp\/v2\/comments?post=138059"}],"wp:featuredmedia":[{"embeddable":true,"href":"https:\/\/districos.standingout.be\/fr\/wp-json\/wp\/v2\/media\/80276"}],"wp:attachment":[{"href":"https:\/\/districos.standingout.be\/fr\/wp-json\/wp\/v2\/media?parent=138059"}],"wp:term":[{"taxonomy":"product_brand","embeddable":true,"href":"https:\/\/districos.standingout.be\/fr\/wp-json\/wp\/v2\/product_brand?post=138059"},{"taxonomy":"product_cat","embeddable":true,"href":"https:\/\/districos.standingout.be\/fr\/wp-json\/wp\/v2\/product_cat?post=138059"},{"taxonomy":"product_tag","embeddable":true,"href":"https:\/\/districos.standingout.be\/fr\/wp-json\/wp\/v2\/product_tag?post=138059"}],"curies":[{"name":"wp","href":"https:\/\/api.w.org\/{rel}","templated":true}]}}