{"id":138061,"date":"2026-04-28T10:50:58","date_gmt":"2026-04-28T08:50:58","guid":{"rendered":"https:\/\/webshopdistricoscom.webhosting.be\/product\/namrol-monza-tabouret-sans-dossier-ref-8376-024\/"},"modified":"2026-04-28T10:51:07","modified_gmt":"2026-04-28T08:51:07","slug":"namrol-monza-tabouret-sans-dossier-ref-8376-024","status":"publish","type":"product","link":"https:\/\/districos.standingout.be\/fr\/product\/namrol-monza-tabouret-sans-dossier-ref-8376-024\/","title":{"rendered":"Namrol Monza Tabouret sans Dossier"},"content":{"rendered":"<p >\n<p><span lang=\"FR\">Tabouret&nbsp; avec si\u00e8ge rond sans dossier. Le tabouret est assorti avec les fauteuils de soins et p\u00e9dicure de Namrol (disponibles s\u00e9par\u00e9ment).<o:p><\/o:p><\/span><\/p>\n<\/p>\n<ul>\n<li><span lang=\"FR\">Pied pentagonal chrom\u00e9.<\/span><\/li>\n<li><span lang=\"FR\">R\u00e9glable en hauteur de 45 \u00e0 54 cm \u00e0 l&rsquo;aide d&rsquo;un verrin \u00e0 gaz.<\/span><\/li>\n<li><span lang=\"FR\">Disponible avec ou sans dossier.<\/span><\/li>\n<li><span lang=\"FR\">Largeur du si\u00e8ge : 37 cm.<\/span><\/li>\n<li><span lang=\"FR\">Rev\u00eatement : Ska\u00ef d\u00e9sinfectable de haute qualit\u00e9 (Martindale : 50.000).<\/span><\/li>\n<li><span lang=\"FR\">Mat\u00e9riel ultra-r\u00e9sistant.<\/span><\/li>\n<li><span lang=\"FR\">Disponible en 18 couleurs afin de pouvoir adapter la couleur de votre tabouret \u00e0 celle de votre fauteuil Namrol.<\/span><\/li>\n<\/ul>\n<p><span lang=\"FR\"><br \/><\/span><\/p>\n<p><span lang=\"FR\">Option : housses universelles pour tabourets en coton stretch ou velours stretch (blanc ou vanille).<o:p><\/o:p><\/span><\/p>\n<p><\/p>\n<p>&nbsp;<\/p>\n","protected":false},"excerpt":{"rendered":"<p>Tabouret&nbsp; avec si\u00e8ge rond sans dossier. Le tabouret est assorti avec les fauteuils de soins et p\u00e9dicure de Namrol (disponibles s\u00e9par\u00e9ment). Pied pentagonal chrom\u00e9. R\u00e9glable en hauteur de 45 \u00e0 54 cm \u00e0 l&rsquo;aide d&rsquo;un verrin \u00e0 gaz. Disponible avec ou sans dossier. Largeur du si\u00e8ge : 37 cm. Rev\u00eatement : Ska\u00ef d\u00e9sinfectable de haute [&hellip;]<\/p>\n","protected":false},"featured_media":80279,"comment_status":"open","ping_status":"closed","template":"","meta":{"_acf_changed":false},"product_brand":[10492],"product_cat":[9960,10233,10106,10068],"product_tag":[],"class_list":{"0":"post-138061","1":"product","2":"type-product","3":"status-publish","4":"has-post-thumbnail","6":"product_brand-namrol-fr","7":"product_cat-beaute-pedicure-amenagement-du-cabinet","8":"product_cat-amenagement-fauteuils-de-traitement-pedicure","9":"product_cat-amenagement-amenagement-tabourets","10":"product_cat-soins-des-pieds-podologie-amenagement-du-cabinet-tabourets","12":"first","13":"instock","14":"taxable","15":"shipping-taxable","16":"product-type-simple"},"acf":[],"yoast_head":"<!-- This site is optimized with the Yoast SEO plugin v27.3 - https:\/\/yoast.com\/product\/yoast-seo-wordpress\/ -->\n<title>Namrol Monza Tabouret sans Dossier - Districos Webshop<\/title>\n<meta name=\"robots\" content=\"noindex, follow, max-snippet:-1, max-image-preview:large, max-video-preview:-1\" \/>\n<meta property=\"og:locale\" content=\"fr_FR\" \/>\n<meta property=\"og:type\" content=\"article\" \/>\n<meta property=\"og:title\" content=\"Namrol Monza Tabouret sans Dossier - Districos Webshop\" \/>\n<meta property=\"og:description\" content=\"Tabouret&nbsp; avec si\u00e8ge rond sans dossier. Le tabouret est assorti avec les fauteuils de soins et p\u00e9dicure de Namrol (disponibles s\u00e9par\u00e9ment). Pied pentagonal chrom\u00e9. R\u00e9glable en hauteur de 45 \u00e0 54 cm \u00e0 l&rsquo;aide d&rsquo;un verrin \u00e0 gaz. Disponible avec ou sans dossier. Largeur du si\u00e8ge : 37 cm. Rev\u00eatement : Ska\u00ef d\u00e9sinfectable de haute [&hellip;]\" \/>\n<meta property=\"og:url\" content=\"https:\/\/districos.standingout.be\/fr\/product\/namrol-monza-tabouret-sans-dossier-ref-8376-024\/\" \/>\n<meta property=\"og:site_name\" content=\"Districos Webshop\" \/>\n<meta property=\"article:modified_time\" content=\"2026-04-28T08:51:07+00:00\" \/>\n<meta name=\"twitter:card\" content=\"summary_large_image\" \/>\n<script type=\"application\/ld+json\" class=\"yoast-schema-graph\">{\"@context\":\"https:\\\/\\\/schema.org\",\"@graph\":[{\"@type\":\"WebPage\",\"@id\":\"https:\\\/\\\/districos.standingout.be\\\/fr\\\/product\\\/namrol-monza-tabouret-sans-dossier-ref-8376-024\\\/\",\"url\":\"https:\\\/\\\/districos.standingout.be\\\/fr\\\/product\\\/namrol-monza-tabouret-sans-dossier-ref-8376-024\\\/\",\"name\":\"Namrol Monza Tabouret sans Dossier - Districos Webshop\",\"isPartOf\":{\"@id\":\"https:\\\/\\\/districos.standingout.be\\\/fr\\\/#website\"},\"primaryImageOfPage\":{\"@id\":\"https:\\\/\\\/districos.standingout.be\\\/fr\\\/product\\\/namrol-monza-tabouret-sans-dossier-ref-8376-024\\\/#primaryimage\"},\"image\":{\"@id\":\"https:\\\/\\\/districos.standingout.be\\\/fr\\\/product\\\/namrol-monza-tabouret-sans-dossier-ref-8376-024\\\/#primaryimage\"},\"thumbnailUrl\":\"https:\\\/\\\/districos.standingout.be\\\/wp-content\\\/uploads\\\/2025\\\/07\\\/8376.024@LowRes_0_99.png\",\"datePublished\":\"2026-04-28T08:50:58+00:00\",\"dateModified\":\"2026-04-28T08:51:07+00:00\",\"breadcrumb\":{\"@id\":\"https:\\\/\\\/districos.standingout.be\\\/fr\\\/product\\\/namrol-monza-tabouret-sans-dossier-ref-8376-024\\\/#breadcrumb\"},\"inLanguage\":\"fr-FR\",\"potentialAction\":[{\"@type\":\"ReadAction\",\"target\":[\"https:\\\/\\\/districos.standingout.be\\\/fr\\\/product\\\/namrol-monza-tabouret-sans-dossier-ref-8376-024\\\/\"]}]},{\"@type\":\"ImageObject\",\"inLanguage\":\"fr-FR\",\"@id\":\"https:\\\/\\\/districos.standingout.be\\\/fr\\\/product\\\/namrol-monza-tabouret-sans-dossier-ref-8376-024\\\/#primaryimage\",\"url\":\"https:\\\/\\\/districos.standingout.be\\\/wp-content\\\/uploads\\\/2025\\\/07\\\/8376.024@LowRes_0_99.png\",\"contentUrl\":\"https:\\\/\\\/districos.standingout.be\\\/wp-content\\\/uploads\\\/2025\\\/07\\\/8376.024@LowRes_0_99.png\",\"width\":600,\"height\":600},{\"@type\":\"BreadcrumbList\",\"@id\":\"https:\\\/\\\/districos.standingout.be\\\/fr\\\/product\\\/namrol-monza-tabouret-sans-dossier-ref-8376-024\\\/#breadcrumb\",\"itemListElement\":[{\"@type\":\"ListItem\",\"position\":1,\"name\":\"Home\",\"item\":\"https:\\\/\\\/districos.standingout.be\\\/fr\\\/bienvenue-chez-districos\\\/\"},{\"@type\":\"ListItem\",\"position\":2,\"name\":\"Boutique\",\"item\":\"https:\\\/\\\/districos.standingout.be\\\/fr\\\/boutique\\\/\"},{\"@type\":\"ListItem\",\"position\":3,\"name\":\"Namrol Monza Tabouret sans Dossier\"}]},{\"@type\":\"WebSite\",\"@id\":\"https:\\\/\\\/districos.standingout.be\\\/fr\\\/#website\",\"url\":\"https:\\\/\\\/districos.standingout.be\\\/fr\\\/\",\"name\":\"Districos Webshop\",\"description\":\"\",\"publisher\":{\"@id\":\"https:\\\/\\\/districos.standingout.be\\\/fr\\\/#organization\"},\"potentialAction\":[{\"@type\":\"SearchAction\",\"target\":{\"@type\":\"EntryPoint\",\"urlTemplate\":\"https:\\\/\\\/districos.standingout.be\\\/fr\\\/?s={search_term_string}\"},\"query-input\":{\"@type\":\"PropertyValueSpecification\",\"valueRequired\":true,\"valueName\":\"search_term_string\"}}],\"inLanguage\":\"fr-FR\"},{\"@type\":\"Organization\",\"@id\":\"https:\\\/\\\/districos.standingout.be\\\/fr\\\/#organization\",\"name\":\"Districos Webshop\",\"url\":\"https:\\\/\\\/districos.standingout.be\\\/fr\\\/\",\"logo\":{\"@type\":\"ImageObject\",\"inLanguage\":\"fr-FR\",\"@id\":\"https:\\\/\\\/districos.standingout.be\\\/fr\\\/#\\\/schema\\\/logo\\\/image\\\/\",\"url\":\"https:\\\/\\\/districos.standingout.be\\\/wp-content\\\/uploads\\\/2022\\\/09\\\/Districos_Logo_Webshop.svg\",\"contentUrl\":\"https:\\\/\\\/districos.standingout.be\\\/wp-content\\\/uploads\\\/2022\\\/09\\\/Districos_Logo_Webshop.svg\",\"caption\":\"Districos Webshop\"},\"image\":{\"@id\":\"https:\\\/\\\/districos.standingout.be\\\/fr\\\/#\\\/schema\\\/logo\\\/image\\\/\"}}]}<\/script>\n<!-- \/ Yoast SEO plugin. -->","yoast_head_json":{"title":"Namrol Monza Tabouret sans Dossier - Districos Webshop","robots":{"index":"noindex","follow":"follow","max-snippet":"max-snippet:-1","max-image-preview":"max-image-preview:large","max-video-preview":"max-video-preview:-1"},"og_locale":"fr_FR","og_type":"article","og_title":"Namrol Monza Tabouret sans Dossier - Districos Webshop","og_description":"Tabouret&nbsp; avec si\u00e8ge rond sans dossier. Le tabouret est assorti avec les fauteuils de soins et p\u00e9dicure de Namrol (disponibles s\u00e9par\u00e9ment). Pied pentagonal chrom\u00e9. R\u00e9glable en hauteur de 45 \u00e0 54 cm \u00e0 l&rsquo;aide d&rsquo;un verrin \u00e0 gaz. Disponible avec ou sans dossier. Largeur du si\u00e8ge : 37 cm. Rev\u00eatement : Ska\u00ef d\u00e9sinfectable de haute [&hellip;]","og_url":"https:\/\/districos.standingout.be\/fr\/product\/namrol-monza-tabouret-sans-dossier-ref-8376-024\/","og_site_name":"Districos Webshop","article_modified_time":"2026-04-28T08:51:07+00:00","twitter_card":"summary_large_image","schema":{"@context":"https:\/\/schema.org","@graph":[{"@type":"WebPage","@id":"https:\/\/districos.standingout.be\/fr\/product\/namrol-monza-tabouret-sans-dossier-ref-8376-024\/","url":"https:\/\/districos.standingout.be\/fr\/product\/namrol-monza-tabouret-sans-dossier-ref-8376-024\/","name":"Namrol Monza Tabouret sans Dossier - Districos Webshop","isPartOf":{"@id":"https:\/\/districos.standingout.be\/fr\/#website"},"primaryImageOfPage":{"@id":"https:\/\/districos.standingout.be\/fr\/product\/namrol-monza-tabouret-sans-dossier-ref-8376-024\/#primaryimage"},"image":{"@id":"https:\/\/districos.standingout.be\/fr\/product\/namrol-monza-tabouret-sans-dossier-ref-8376-024\/#primaryimage"},"thumbnailUrl":"https:\/\/districos.standingout.be\/wp-content\/uploads\/2025\/07\/8376.024@LowRes_0_99.png","datePublished":"2026-04-28T08:50:58+00:00","dateModified":"2026-04-28T08:51:07+00:00","breadcrumb":{"@id":"https:\/\/districos.standingout.be\/fr\/product\/namrol-monza-tabouret-sans-dossier-ref-8376-024\/#breadcrumb"},"inLanguage":"fr-FR","potentialAction":[{"@type":"ReadAction","target":["https:\/\/districos.standingout.be\/fr\/product\/namrol-monza-tabouret-sans-dossier-ref-8376-024\/"]}]},{"@type":"ImageObject","inLanguage":"fr-FR","@id":"https:\/\/districos.standingout.be\/fr\/product\/namrol-monza-tabouret-sans-dossier-ref-8376-024\/#primaryimage","url":"https:\/\/districos.standingout.be\/wp-content\/uploads\/2025\/07\/8376.024@LowRes_0_99.png","contentUrl":"https:\/\/districos.standingout.be\/wp-content\/uploads\/2025\/07\/8376.024@LowRes_0_99.png","width":600,"height":600},{"@type":"BreadcrumbList","@id":"https:\/\/districos.standingout.be\/fr\/product\/namrol-monza-tabouret-sans-dossier-ref-8376-024\/#breadcrumb","itemListElement":[{"@type":"ListItem","position":1,"name":"Home","item":"https:\/\/districos.standingout.be\/fr\/bienvenue-chez-districos\/"},{"@type":"ListItem","position":2,"name":"Boutique","item":"https:\/\/districos.standingout.be\/fr\/boutique\/"},{"@type":"ListItem","position":3,"name":"Namrol Monza Tabouret sans Dossier"}]},{"@type":"WebSite","@id":"https:\/\/districos.standingout.be\/fr\/#website","url":"https:\/\/districos.standingout.be\/fr\/","name":"Districos Webshop","description":"","publisher":{"@id":"https:\/\/districos.standingout.be\/fr\/#organization"},"potentialAction":[{"@type":"SearchAction","target":{"@type":"EntryPoint","urlTemplate":"https:\/\/districos.standingout.be\/fr\/?s={search_term_string}"},"query-input":{"@type":"PropertyValueSpecification","valueRequired":true,"valueName":"search_term_string"}}],"inLanguage":"fr-FR"},{"@type":"Organization","@id":"https:\/\/districos.standingout.be\/fr\/#organization","name":"Districos Webshop","url":"https:\/\/districos.standingout.be\/fr\/","logo":{"@type":"ImageObject","inLanguage":"fr-FR","@id":"https:\/\/districos.standingout.be\/fr\/#\/schema\/logo\/image\/","url":"https:\/\/districos.standingout.be\/wp-content\/uploads\/2022\/09\/Districos_Logo_Webshop.svg","contentUrl":"https:\/\/districos.standingout.be\/wp-content\/uploads\/2022\/09\/Districos_Logo_Webshop.svg","caption":"Districos Webshop"},"image":{"@id":"https:\/\/districos.standingout.be\/fr\/#\/schema\/logo\/image\/"}}]}},"_links":{"self":[{"href":"https:\/\/districos.standingout.be\/fr\/wp-json\/wp\/v2\/product\/138061","targetHints":{"allow":["GET"]}}],"collection":[{"href":"https:\/\/districos.standingout.be\/fr\/wp-json\/wp\/v2\/product"}],"about":[{"href":"https:\/\/districos.standingout.be\/fr\/wp-json\/wp\/v2\/types\/product"}],"replies":[{"embeddable":true,"href":"https:\/\/districos.standingout.be\/fr\/wp-json\/wp\/v2\/comments?post=138061"}],"wp:featuredmedia":[{"embeddable":true,"href":"https:\/\/districos.standingout.be\/fr\/wp-json\/wp\/v2\/media\/80279"}],"wp:attachment":[{"href":"https:\/\/districos.standingout.be\/fr\/wp-json\/wp\/v2\/media?parent=138061"}],"wp:term":[{"taxonomy":"product_brand","embeddable":true,"href":"https:\/\/districos.standingout.be\/fr\/wp-json\/wp\/v2\/product_brand?post=138061"},{"taxonomy":"product_cat","embeddable":true,"href":"https:\/\/districos.standingout.be\/fr\/wp-json\/wp\/v2\/product_cat?post=138061"},{"taxonomy":"product_tag","embeddable":true,"href":"https:\/\/districos.standingout.be\/fr\/wp-json\/wp\/v2\/product_tag?post=138061"}],"curies":[{"name":"wp","href":"https:\/\/api.w.org\/{rel}","templated":true}]}}