{"id":138099,"date":"2026-04-28T10:52:31","date_gmt":"2026-04-28T08:52:31","guid":{"rendered":"https:\/\/webshopdistricoscom.webhosting.be\/product\/namrol-activ-v-unite-base-aspiration-ref-8377-002\/"},"modified":"2026-04-28T10:52:35","modified_gmt":"2026-04-28T08:52:35","slug":"namrol-activ-v-unite-base-aspiration-ref-8377-002","status":"publish","type":"product","link":"https:\/\/districos.standingout.be\/fr\/product\/namrol-activ-v-unite-base-aspiration-ref-8377-002\/","title":{"rendered":"Namrol Activ-V Unit\u00e9 Base Aspiration"},"content":{"rendered":"<p >\n<p dir=ltr>\n<blockquote><p>Compacte &amp; mobile<\/p>\n<\/blockquote>\n<p> Cette unit\u00e9 de soins mobile et compact sur roulettes r\u00e9pond parfaitement aux demandes d&rsquo;un p\u00e9dicure sp\u00e9cialis\u00e9 actuel. Ne vous laissez pas tromper par le beau et simple design. Derri\u00e8re cette simplicit\u00e9 se cache beaucoup de technique et d&rsquo;exp\u00e9rience afin de rendre vos traitements aussi ergonomique et efficace que possible. L&rsquo;Activ est facile \u00e0 positionner afin que vous ayez toujours une position de travail correct.<\/p>\n<p> L&rsquo;unit\u00e9 est \u00e9quip\u00e9 d&rsquo;un compresseur \u00e0 piston silencieux, dispose de 4 tiroirs \u00e0 fermeture automatique et \u00e0 de la place pour 3 pi\u00e8ces \u00e0 main. Toute cette unit\u00e9 est parfaitement d\u00e9sinfectable, ce qui rend un travail hygi\u00e9nique possible. <\/p>\n<ul> <\/p>\n<li>\u200bTechnique: technique au spray<\/li>\n<p> <\/p>\n<li>Mat\u00e9riel: ensemble en acier<\/li>\n<p> <\/p>\n<li>Particularit\u00e9: Roulettes avec frein, p\u00e9dale marche\/arr\u00eat, s\u00e9lection automatique de la pi\u00e8ce \u00e0 main choisie, support pour lampe loupe et prise \u00e9lectrique inclus<\/li>\n<p> <\/p>\n<li>R\u00e9glage du spray: Continu ou \u00e0 intervalles (3 ou 6 secondes)<\/li>\n<p> <\/p>\n<li>Support pi\u00e8ce \u00e0 main: max. 3 pi\u00e8ces \u00e0 main<\/li>\n<p> <\/p>\n<li>Dimensions (Lxlxh): 59 x 53 x 80,5 cm<\/li>\n<p> <\/p>\n<li>Couleur poign\u00e9e: Choix parmi les 18 couleurs des fauteuils Namrol<\/li>\n<p> <\/p>\n<li>Propri\u00e9t\u00e9s tiroirs: 3, poign\u00e9es ergonomiques avec fermeture automatique<\/li>\n<p> <\/p>\n<li>Compresseur: Compresseur \u00e0 pistons compacte (sans r\u00e9servoir sous pression)<\/li>\n<p> <\/p>\n<li>Pi\u00e8ces \u00e0 main: &#8211; Micromoteur spray interne NSK NBX\/PX65 40.000 tpm \/ -Seringue \u00e0 3 fonctions r\u00e9glable: spray, air &amp; combinaison<\/li>\n<p> <\/ul><\/p>\n","protected":false},"excerpt":{"rendered":"<p>Compacte &amp; mobile Cette unit\u00e9 de soins mobile et compact sur roulettes r\u00e9pond parfaitement aux demandes d&rsquo;un p\u00e9dicure sp\u00e9cialis\u00e9 actuel. Ne vous laissez pas tromper par le beau et simple design. Derri\u00e8re cette simplicit\u00e9 se cache beaucoup de technique et d&rsquo;exp\u00e9rience afin de rendre vos traitements aussi ergonomique et efficace que possible. L&rsquo;Activ est facile [&hellip;]<\/p>\n","protected":false},"featured_media":111362,"comment_status":"open","ping_status":"closed","template":"","meta":{"_acf_changed":false},"product_brand":[10492],"product_cat":[10112,10040,10074],"product_tag":[],"class_list":{"0":"post-138099","1":"product","2":"type-product","3":"status-publish","4":"has-post-thumbnail","6":"product_brand-namrol-fr","7":"product_cat-amenagement-amenagement-unites","8":"product_cat-soins-des-pieds-podologie-fraiseuses-unites","9":"product_cat-soins-des-pieds-podologie-amenagement-du-cabinet-unites","11":"first","12":"instock","13":"taxable","14":"shipping-taxable","15":"product-type-simple"},"acf":[],"yoast_head":"<!-- This site is optimized with the Yoast SEO plugin v27.3 - https:\/\/yoast.com\/product\/yoast-seo-wordpress\/ -->\n<title>Namrol Activ-V Unit\u00e9 Base Aspiration - Districos Webshop<\/title>\n<meta name=\"robots\" content=\"noindex, follow, max-snippet:-1, max-image-preview:large, max-video-preview:-1\" \/>\n<meta property=\"og:locale\" content=\"fr_FR\" \/>\n<meta property=\"og:type\" content=\"article\" \/>\n<meta property=\"og:title\" content=\"Namrol Activ-V Unit\u00e9 Base Aspiration - Districos Webshop\" \/>\n<meta property=\"og:description\" content=\"Compacte &amp; mobile Cette unit\u00e9 de soins mobile et compact sur roulettes r\u00e9pond parfaitement aux demandes d&rsquo;un p\u00e9dicure sp\u00e9cialis\u00e9 actuel. Ne vous laissez pas tromper par le beau et simple design. Derri\u00e8re cette simplicit\u00e9 se cache beaucoup de technique et d&rsquo;exp\u00e9rience afin de rendre vos traitements aussi ergonomique et efficace que possible. L&rsquo;Activ est facile [&hellip;]\" \/>\n<meta property=\"og:url\" content=\"https:\/\/districos.standingout.be\/fr\/product\/namrol-activ-v-unite-base-aspiration-ref-8377-002\/\" \/>\n<meta property=\"og:site_name\" content=\"Districos Webshop\" \/>\n<meta property=\"article:modified_time\" content=\"2026-04-28T08:52:35+00:00\" \/>\n<meta name=\"twitter:card\" content=\"summary_large_image\" \/>\n<meta name=\"twitter:label1\" content=\"Dur\u00e9e de lecture estim\u00e9e\" \/>\n\t<meta name=\"twitter:data1\" content=\"1 minute\" \/>\n<script type=\"application\/ld+json\" class=\"yoast-schema-graph\">{\"@context\":\"https:\\\/\\\/schema.org\",\"@graph\":[{\"@type\":\"WebPage\",\"@id\":\"https:\\\/\\\/districos.standingout.be\\\/fr\\\/product\\\/namrol-activ-v-unite-base-aspiration-ref-8377-002\\\/\",\"url\":\"https:\\\/\\\/districos.standingout.be\\\/fr\\\/product\\\/namrol-activ-v-unite-base-aspiration-ref-8377-002\\\/\",\"name\":\"Namrol Activ-V Unit\u00e9 Base Aspiration - Districos Webshop\",\"isPartOf\":{\"@id\":\"https:\\\/\\\/districos.standingout.be\\\/fr\\\/#website\"},\"primaryImageOfPage\":{\"@id\":\"https:\\\/\\\/districos.standingout.be\\\/fr\\\/product\\\/namrol-activ-v-unite-base-aspiration-ref-8377-002\\\/#primaryimage\"},\"image\":{\"@id\":\"https:\\\/\\\/districos.standingout.be\\\/fr\\\/product\\\/namrol-activ-v-unite-base-aspiration-ref-8377-002\\\/#primaryimage\"},\"thumbnailUrl\":\"https:\\\/\\\/districos.standingout.be\\\/wp-content\\\/uploads\\\/2026\\\/03\\\/8377.002@LowRes_0_99.png\",\"datePublished\":\"2026-04-28T08:52:31+00:00\",\"dateModified\":\"2026-04-28T08:52:35+00:00\",\"breadcrumb\":{\"@id\":\"https:\\\/\\\/districos.standingout.be\\\/fr\\\/product\\\/namrol-activ-v-unite-base-aspiration-ref-8377-002\\\/#breadcrumb\"},\"inLanguage\":\"fr-FR\",\"potentialAction\":[{\"@type\":\"ReadAction\",\"target\":[\"https:\\\/\\\/districos.standingout.be\\\/fr\\\/product\\\/namrol-activ-v-unite-base-aspiration-ref-8377-002\\\/\"]}]},{\"@type\":\"ImageObject\",\"inLanguage\":\"fr-FR\",\"@id\":\"https:\\\/\\\/districos.standingout.be\\\/fr\\\/product\\\/namrol-activ-v-unite-base-aspiration-ref-8377-002\\\/#primaryimage\",\"url\":\"https:\\\/\\\/districos.standingout.be\\\/wp-content\\\/uploads\\\/2026\\\/03\\\/8377.002@LowRes_0_99.png\",\"contentUrl\":\"https:\\\/\\\/districos.standingout.be\\\/wp-content\\\/uploads\\\/2026\\\/03\\\/8377.002@LowRes_0_99.png\",\"width\":600,\"height\":600},{\"@type\":\"BreadcrumbList\",\"@id\":\"https:\\\/\\\/districos.standingout.be\\\/fr\\\/product\\\/namrol-activ-v-unite-base-aspiration-ref-8377-002\\\/#breadcrumb\",\"itemListElement\":[{\"@type\":\"ListItem\",\"position\":1,\"name\":\"Home\",\"item\":\"https:\\\/\\\/districos.standingout.be\\\/fr\\\/bienvenue-chez-districos\\\/\"},{\"@type\":\"ListItem\",\"position\":2,\"name\":\"Boutique\",\"item\":\"https:\\\/\\\/districos.standingout.be\\\/fr\\\/boutique\\\/\"},{\"@type\":\"ListItem\",\"position\":3,\"name\":\"Namrol Activ-V Unit\u00e9 Base Aspiration\"}]},{\"@type\":\"WebSite\",\"@id\":\"https:\\\/\\\/districos.standingout.be\\\/fr\\\/#website\",\"url\":\"https:\\\/\\\/districos.standingout.be\\\/fr\\\/\",\"name\":\"Districos Webshop\",\"description\":\"\",\"publisher\":{\"@id\":\"https:\\\/\\\/districos.standingout.be\\\/fr\\\/#organization\"},\"potentialAction\":[{\"@type\":\"SearchAction\",\"target\":{\"@type\":\"EntryPoint\",\"urlTemplate\":\"https:\\\/\\\/districos.standingout.be\\\/fr\\\/?s={search_term_string}\"},\"query-input\":{\"@type\":\"PropertyValueSpecification\",\"valueRequired\":true,\"valueName\":\"search_term_string\"}}],\"inLanguage\":\"fr-FR\"},{\"@type\":\"Organization\",\"@id\":\"https:\\\/\\\/districos.standingout.be\\\/fr\\\/#organization\",\"name\":\"Districos Webshop\",\"url\":\"https:\\\/\\\/districos.standingout.be\\\/fr\\\/\",\"logo\":{\"@type\":\"ImageObject\",\"inLanguage\":\"fr-FR\",\"@id\":\"https:\\\/\\\/districos.standingout.be\\\/fr\\\/#\\\/schema\\\/logo\\\/image\\\/\",\"url\":\"https:\\\/\\\/districos.standingout.be\\\/wp-content\\\/uploads\\\/2022\\\/09\\\/Districos_Logo_Webshop.svg\",\"contentUrl\":\"https:\\\/\\\/districos.standingout.be\\\/wp-content\\\/uploads\\\/2022\\\/09\\\/Districos_Logo_Webshop.svg\",\"caption\":\"Districos Webshop\"},\"image\":{\"@id\":\"https:\\\/\\\/districos.standingout.be\\\/fr\\\/#\\\/schema\\\/logo\\\/image\\\/\"}}]}<\/script>\n<!-- \/ Yoast SEO plugin. -->","yoast_head_json":{"title":"Namrol Activ-V Unit\u00e9 Base Aspiration - Districos Webshop","robots":{"index":"noindex","follow":"follow","max-snippet":"max-snippet:-1","max-image-preview":"max-image-preview:large","max-video-preview":"max-video-preview:-1"},"og_locale":"fr_FR","og_type":"article","og_title":"Namrol Activ-V Unit\u00e9 Base Aspiration - Districos Webshop","og_description":"Compacte &amp; mobile Cette unit\u00e9 de soins mobile et compact sur roulettes r\u00e9pond parfaitement aux demandes d&rsquo;un p\u00e9dicure sp\u00e9cialis\u00e9 actuel. Ne vous laissez pas tromper par le beau et simple design. Derri\u00e8re cette simplicit\u00e9 se cache beaucoup de technique et d&rsquo;exp\u00e9rience afin de rendre vos traitements aussi ergonomique et efficace que possible. L&rsquo;Activ est facile [&hellip;]","og_url":"https:\/\/districos.standingout.be\/fr\/product\/namrol-activ-v-unite-base-aspiration-ref-8377-002\/","og_site_name":"Districos Webshop","article_modified_time":"2026-04-28T08:52:35+00:00","twitter_card":"summary_large_image","twitter_misc":{"Dur\u00e9e de lecture estim\u00e9e":"1 minute"},"schema":{"@context":"https:\/\/schema.org","@graph":[{"@type":"WebPage","@id":"https:\/\/districos.standingout.be\/fr\/product\/namrol-activ-v-unite-base-aspiration-ref-8377-002\/","url":"https:\/\/districos.standingout.be\/fr\/product\/namrol-activ-v-unite-base-aspiration-ref-8377-002\/","name":"Namrol Activ-V Unit\u00e9 Base Aspiration - Districos Webshop","isPartOf":{"@id":"https:\/\/districos.standingout.be\/fr\/#website"},"primaryImageOfPage":{"@id":"https:\/\/districos.standingout.be\/fr\/product\/namrol-activ-v-unite-base-aspiration-ref-8377-002\/#primaryimage"},"image":{"@id":"https:\/\/districos.standingout.be\/fr\/product\/namrol-activ-v-unite-base-aspiration-ref-8377-002\/#primaryimage"},"thumbnailUrl":"https:\/\/districos.standingout.be\/wp-content\/uploads\/2026\/03\/8377.002@LowRes_0_99.png","datePublished":"2026-04-28T08:52:31+00:00","dateModified":"2026-04-28T08:52:35+00:00","breadcrumb":{"@id":"https:\/\/districos.standingout.be\/fr\/product\/namrol-activ-v-unite-base-aspiration-ref-8377-002\/#breadcrumb"},"inLanguage":"fr-FR","potentialAction":[{"@type":"ReadAction","target":["https:\/\/districos.standingout.be\/fr\/product\/namrol-activ-v-unite-base-aspiration-ref-8377-002\/"]}]},{"@type":"ImageObject","inLanguage":"fr-FR","@id":"https:\/\/districos.standingout.be\/fr\/product\/namrol-activ-v-unite-base-aspiration-ref-8377-002\/#primaryimage","url":"https:\/\/districos.standingout.be\/wp-content\/uploads\/2026\/03\/8377.002@LowRes_0_99.png","contentUrl":"https:\/\/districos.standingout.be\/wp-content\/uploads\/2026\/03\/8377.002@LowRes_0_99.png","width":600,"height":600},{"@type":"BreadcrumbList","@id":"https:\/\/districos.standingout.be\/fr\/product\/namrol-activ-v-unite-base-aspiration-ref-8377-002\/#breadcrumb","itemListElement":[{"@type":"ListItem","position":1,"name":"Home","item":"https:\/\/districos.standingout.be\/fr\/bienvenue-chez-districos\/"},{"@type":"ListItem","position":2,"name":"Boutique","item":"https:\/\/districos.standingout.be\/fr\/boutique\/"},{"@type":"ListItem","position":3,"name":"Namrol Activ-V Unit\u00e9 Base Aspiration"}]},{"@type":"WebSite","@id":"https:\/\/districos.standingout.be\/fr\/#website","url":"https:\/\/districos.standingout.be\/fr\/","name":"Districos Webshop","description":"","publisher":{"@id":"https:\/\/districos.standingout.be\/fr\/#organization"},"potentialAction":[{"@type":"SearchAction","target":{"@type":"EntryPoint","urlTemplate":"https:\/\/districos.standingout.be\/fr\/?s={search_term_string}"},"query-input":{"@type":"PropertyValueSpecification","valueRequired":true,"valueName":"search_term_string"}}],"inLanguage":"fr-FR"},{"@type":"Organization","@id":"https:\/\/districos.standingout.be\/fr\/#organization","name":"Districos Webshop","url":"https:\/\/districos.standingout.be\/fr\/","logo":{"@type":"ImageObject","inLanguage":"fr-FR","@id":"https:\/\/districos.standingout.be\/fr\/#\/schema\/logo\/image\/","url":"https:\/\/districos.standingout.be\/wp-content\/uploads\/2022\/09\/Districos_Logo_Webshop.svg","contentUrl":"https:\/\/districos.standingout.be\/wp-content\/uploads\/2022\/09\/Districos_Logo_Webshop.svg","caption":"Districos Webshop"},"image":{"@id":"https:\/\/districos.standingout.be\/fr\/#\/schema\/logo\/image\/"}}]}},"_links":{"self":[{"href":"https:\/\/districos.standingout.be\/fr\/wp-json\/wp\/v2\/product\/138099","targetHints":{"allow":["GET"]}}],"collection":[{"href":"https:\/\/districos.standingout.be\/fr\/wp-json\/wp\/v2\/product"}],"about":[{"href":"https:\/\/districos.standingout.be\/fr\/wp-json\/wp\/v2\/types\/product"}],"replies":[{"embeddable":true,"href":"https:\/\/districos.standingout.be\/fr\/wp-json\/wp\/v2\/comments?post=138099"}],"wp:featuredmedia":[{"embeddable":true,"href":"https:\/\/districos.standingout.be\/fr\/wp-json\/wp\/v2\/media\/111362"}],"wp:attachment":[{"href":"https:\/\/districos.standingout.be\/fr\/wp-json\/wp\/v2\/media?parent=138099"}],"wp:term":[{"taxonomy":"product_brand","embeddable":true,"href":"https:\/\/districos.standingout.be\/fr\/wp-json\/wp\/v2\/product_brand?post=138099"},{"taxonomy":"product_cat","embeddable":true,"href":"https:\/\/districos.standingout.be\/fr\/wp-json\/wp\/v2\/product_cat?post=138099"},{"taxonomy":"product_tag","embeddable":true,"href":"https:\/\/districos.standingout.be\/fr\/wp-json\/wp\/v2\/product_tag?post=138099"}],"curies":[{"name":"wp","href":"https:\/\/api.w.org\/{rel}","templated":true}]}}