{"id":138103,"date":"2026-04-28T10:52:40","date_gmt":"2026-04-28T08:52:40","guid":{"rendered":"https:\/\/webshopdistricoscom.webhosting.be\/product\/namrol-futura-plus-unite-base-ref-8377-004\/"},"modified":"2026-04-28T10:52:44","modified_gmt":"2026-04-28T08:52:44","slug":"namrol-futura-plus-unite-base-ref-8377-004","status":"publish","type":"product","link":"https:\/\/districos.standingout.be\/fr\/product\/namrol-futura-plus-unite-base-ref-8377-004\/","title":{"rendered":"Namrol Futura Plus Unit\u00e9 Base"},"content":{"rendered":"<p >\n<p dir=ltr>\n<blockquote><p>All-in-one<\/p>\n<\/blockquote>\n<p> Avec le Namrol Futura vous ne perdez rien en fonctionnalit\u00e9. Vous savez sans probl\u00e8me combiner la technique au spray \u00e0 la technique \u00e0 sec, aspiration incluse ainsi qu\u2019une turbine si vous le souhaitez. Il est bien s\u00fbr possible de moter votre lampe-loupe sur cette unit\u00e9, cependant les lampes dentales sont plus souvent choisies pour leur intensit\u00e9 de lumi\u00e8re supp\u00e9rieure. Vous \u00e9vitez ainsi des plaintes oculaires et vous voyez mieux!<\/p>\n<p> Bien s\u00fbr, cette Unit\u00e9 de Namrol est durable et de qualit\u00e9. Cette unit\u00e9 est compos\u00e9e d\u2019une armoire en m\u00e9tal, 4 tiroirs avec fermeture automatique, et il y a de la place pour 3 pi\u00e8ce \u00e0 main. Toute cette unit\u00e9 est parfaitement d\u00e9sinfectable, ce qui rend un travail hygi\u00e9nique possible. Le compresseur standard int\u00e9gr\u00e9 est \u00e0 peine audible (comme votre frigo) et dispose d\u2019une cuve sous pression ce qui fait qu\u2019il ne se met en marche que de temps en temps. <\/p>\n<ul> <\/p>\n<li>\u200bTechnique: technique au spray<\/li>\n<p> <\/p>\n<li>Mat\u00e9riel: ensemble en acier<\/li>\n<p> <\/p>\n<li>Particularit\u00e9: p\u00e9dale marche\/arr\u00eat, s\u00e9lection automatique de la pi\u00e8ce \u00e0 main choisie, panneau de configuration inclus<\/li>\n<p> <\/p>\n<li>R\u00e9glage du spray: continu ou \u00e0 intervalles (3 ou 6 secondes), quantit\u00e9 et intensit\u00e9 du spray et courant d\u2019air r\u00e9glable analogiquement<\/li>\n<p> <\/p>\n<li>Support pi\u00e8ce \u00e0 main: pivotant sur bras pivotant pour max, 4 pi\u00e8ces \u00e0 main<\/li>\n<p> <\/p>\n<li>Dimensions (Lxlxh): 76 x 47,5 x 85 cm<\/li>\n<p> <\/p>\n<li>Couleur poign\u00e9e: Choix parmi les 18 couleurs des fauteuils Namrol<\/li>\n<p> <\/p>\n<li>Propri\u00e9t\u00e9s tiroirs: 4, poign\u00e9es ergonomiques avec fermeture automatique<\/li>\n<p> <\/p>\n<li>Compresseur:Compresseur silencieux \u00e0 entretien minime Quiro-Air, aussi appropri\u00e9 pour turbines<\/li>\n<p> <\/p>\n<li>Pi\u00e8ces \u00e0 main: &#8211; Micromoteur spray interne NSK NBX\/PX65 40.000 tpm \/ -Seringue \u00e0 3 fonctions r\u00e9glable: spray, air &amp; combinaison<\/li>\n<p> <\/ul><\/p>\n","protected":false},"excerpt":{"rendered":"<p>All-in-one Avec le Namrol Futura vous ne perdez rien en fonctionnalit\u00e9. Vous savez sans probl\u00e8me combiner la technique au spray \u00e0 la technique \u00e0 sec, aspiration incluse ainsi qu\u2019une turbine si vous le souhaitez. Il est bien s\u00fbr possible de moter votre lampe-loupe sur cette unit\u00e9, cependant les lampes dentales sont plus souvent choisies pour [&hellip;]<\/p>\n","protected":false},"featured_media":80369,"comment_status":"open","ping_status":"closed","template":"","meta":{"_acf_changed":false},"product_brand":[10492],"product_cat":[10112,10040,10074],"product_tag":[],"class_list":{"0":"post-138103","1":"product","2":"type-product","3":"status-publish","4":"has-post-thumbnail","6":"product_brand-namrol-fr","7":"product_cat-amenagement-amenagement-unites","8":"product_cat-soins-des-pieds-podologie-fraiseuses-unites","9":"product_cat-soins-des-pieds-podologie-amenagement-du-cabinet-unites","11":"first","12":"instock","13":"taxable","14":"shipping-taxable","15":"product-type-simple"},"acf":[],"yoast_head":"<!-- This site is optimized with the Yoast SEO plugin v27.3 - https:\/\/yoast.com\/product\/yoast-seo-wordpress\/ -->\n<title>Namrol Futura Plus Unit\u00e9 Base - Districos Webshop<\/title>\n<meta name=\"robots\" content=\"noindex, follow, max-snippet:-1, max-image-preview:large, max-video-preview:-1\" \/>\n<meta property=\"og:locale\" content=\"fr_FR\" \/>\n<meta property=\"og:type\" content=\"article\" \/>\n<meta property=\"og:title\" content=\"Namrol Futura Plus Unit\u00e9 Base - Districos Webshop\" \/>\n<meta property=\"og:description\" content=\"All-in-one Avec le Namrol Futura vous ne perdez rien en fonctionnalit\u00e9. Vous savez sans probl\u00e8me combiner la technique au spray \u00e0 la technique \u00e0 sec, aspiration incluse ainsi qu\u2019une turbine si vous le souhaitez. Il est bien s\u00fbr possible de moter votre lampe-loupe sur cette unit\u00e9, cependant les lampes dentales sont plus souvent choisies pour [&hellip;]\" \/>\n<meta property=\"og:url\" content=\"https:\/\/districos.standingout.be\/fr\/product\/namrol-futura-plus-unite-base-ref-8377-004\/\" \/>\n<meta property=\"og:site_name\" content=\"Districos Webshop\" \/>\n<meta property=\"article:modified_time\" content=\"2026-04-28T08:52:44+00:00\" \/>\n<meta name=\"twitter:card\" content=\"summary_large_image\" \/>\n<meta name=\"twitter:label1\" content=\"Dur\u00e9e de lecture estim\u00e9e\" \/>\n\t<meta name=\"twitter:data1\" content=\"1 minute\" \/>\n<script type=\"application\/ld+json\" class=\"yoast-schema-graph\">{\"@context\":\"https:\\\/\\\/schema.org\",\"@graph\":[{\"@type\":\"WebPage\",\"@id\":\"https:\\\/\\\/districos.standingout.be\\\/fr\\\/product\\\/namrol-futura-plus-unite-base-ref-8377-004\\\/\",\"url\":\"https:\\\/\\\/districos.standingout.be\\\/fr\\\/product\\\/namrol-futura-plus-unite-base-ref-8377-004\\\/\",\"name\":\"Namrol Futura Plus Unit\u00e9 Base - Districos Webshop\",\"isPartOf\":{\"@id\":\"https:\\\/\\\/districos.standingout.be\\\/fr\\\/#website\"},\"primaryImageOfPage\":{\"@id\":\"https:\\\/\\\/districos.standingout.be\\\/fr\\\/product\\\/namrol-futura-plus-unite-base-ref-8377-004\\\/#primaryimage\"},\"image\":{\"@id\":\"https:\\\/\\\/districos.standingout.be\\\/fr\\\/product\\\/namrol-futura-plus-unite-base-ref-8377-004\\\/#primaryimage\"},\"thumbnailUrl\":\"https:\\\/\\\/districos.standingout.be\\\/wp-content\\\/uploads\\\/2025\\\/07\\\/8377.004@LowRes_1.png\",\"datePublished\":\"2026-04-28T08:52:40+00:00\",\"dateModified\":\"2026-04-28T08:52:44+00:00\",\"breadcrumb\":{\"@id\":\"https:\\\/\\\/districos.standingout.be\\\/fr\\\/product\\\/namrol-futura-plus-unite-base-ref-8377-004\\\/#breadcrumb\"},\"inLanguage\":\"fr-FR\",\"potentialAction\":[{\"@type\":\"ReadAction\",\"target\":[\"https:\\\/\\\/districos.standingout.be\\\/fr\\\/product\\\/namrol-futura-plus-unite-base-ref-8377-004\\\/\"]}]},{\"@type\":\"ImageObject\",\"inLanguage\":\"fr-FR\",\"@id\":\"https:\\\/\\\/districos.standingout.be\\\/fr\\\/product\\\/namrol-futura-plus-unite-base-ref-8377-004\\\/#primaryimage\",\"url\":\"https:\\\/\\\/districos.standingout.be\\\/wp-content\\\/uploads\\\/2025\\\/07\\\/8377.004@LowRes_1.png\",\"contentUrl\":\"https:\\\/\\\/districos.standingout.be\\\/wp-content\\\/uploads\\\/2025\\\/07\\\/8377.004@LowRes_1.png\",\"width\":600,\"height\":600},{\"@type\":\"BreadcrumbList\",\"@id\":\"https:\\\/\\\/districos.standingout.be\\\/fr\\\/product\\\/namrol-futura-plus-unite-base-ref-8377-004\\\/#breadcrumb\",\"itemListElement\":[{\"@type\":\"ListItem\",\"position\":1,\"name\":\"Home\",\"item\":\"https:\\\/\\\/districos.standingout.be\\\/fr\\\/bienvenue-chez-districos\\\/\"},{\"@type\":\"ListItem\",\"position\":2,\"name\":\"Boutique\",\"item\":\"https:\\\/\\\/districos.standingout.be\\\/fr\\\/boutique\\\/\"},{\"@type\":\"ListItem\",\"position\":3,\"name\":\"Namrol Futura Plus Unit\u00e9 Base\"}]},{\"@type\":\"WebSite\",\"@id\":\"https:\\\/\\\/districos.standingout.be\\\/fr\\\/#website\",\"url\":\"https:\\\/\\\/districos.standingout.be\\\/fr\\\/\",\"name\":\"Districos Webshop\",\"description\":\"\",\"publisher\":{\"@id\":\"https:\\\/\\\/districos.standingout.be\\\/fr\\\/#organization\"},\"potentialAction\":[{\"@type\":\"SearchAction\",\"target\":{\"@type\":\"EntryPoint\",\"urlTemplate\":\"https:\\\/\\\/districos.standingout.be\\\/fr\\\/?s={search_term_string}\"},\"query-input\":{\"@type\":\"PropertyValueSpecification\",\"valueRequired\":true,\"valueName\":\"search_term_string\"}}],\"inLanguage\":\"fr-FR\"},{\"@type\":\"Organization\",\"@id\":\"https:\\\/\\\/districos.standingout.be\\\/fr\\\/#organization\",\"name\":\"Districos Webshop\",\"url\":\"https:\\\/\\\/districos.standingout.be\\\/fr\\\/\",\"logo\":{\"@type\":\"ImageObject\",\"inLanguage\":\"fr-FR\",\"@id\":\"https:\\\/\\\/districos.standingout.be\\\/fr\\\/#\\\/schema\\\/logo\\\/image\\\/\",\"url\":\"https:\\\/\\\/districos.standingout.be\\\/wp-content\\\/uploads\\\/2022\\\/09\\\/Districos_Logo_Webshop.svg\",\"contentUrl\":\"https:\\\/\\\/districos.standingout.be\\\/wp-content\\\/uploads\\\/2022\\\/09\\\/Districos_Logo_Webshop.svg\",\"caption\":\"Districos Webshop\"},\"image\":{\"@id\":\"https:\\\/\\\/districos.standingout.be\\\/fr\\\/#\\\/schema\\\/logo\\\/image\\\/\"}}]}<\/script>\n<!-- \/ Yoast SEO plugin. -->","yoast_head_json":{"title":"Namrol Futura Plus Unit\u00e9 Base - Districos Webshop","robots":{"index":"noindex","follow":"follow","max-snippet":"max-snippet:-1","max-image-preview":"max-image-preview:large","max-video-preview":"max-video-preview:-1"},"og_locale":"fr_FR","og_type":"article","og_title":"Namrol Futura Plus Unit\u00e9 Base - Districos Webshop","og_description":"All-in-one Avec le Namrol Futura vous ne perdez rien en fonctionnalit\u00e9. Vous savez sans probl\u00e8me combiner la technique au spray \u00e0 la technique \u00e0 sec, aspiration incluse ainsi qu\u2019une turbine si vous le souhaitez. Il est bien s\u00fbr possible de moter votre lampe-loupe sur cette unit\u00e9, cependant les lampes dentales sont plus souvent choisies pour [&hellip;]","og_url":"https:\/\/districos.standingout.be\/fr\/product\/namrol-futura-plus-unite-base-ref-8377-004\/","og_site_name":"Districos Webshop","article_modified_time":"2026-04-28T08:52:44+00:00","twitter_card":"summary_large_image","twitter_misc":{"Dur\u00e9e de lecture estim\u00e9e":"1 minute"},"schema":{"@context":"https:\/\/schema.org","@graph":[{"@type":"WebPage","@id":"https:\/\/districos.standingout.be\/fr\/product\/namrol-futura-plus-unite-base-ref-8377-004\/","url":"https:\/\/districos.standingout.be\/fr\/product\/namrol-futura-plus-unite-base-ref-8377-004\/","name":"Namrol Futura Plus Unit\u00e9 Base - Districos Webshop","isPartOf":{"@id":"https:\/\/districos.standingout.be\/fr\/#website"},"primaryImageOfPage":{"@id":"https:\/\/districos.standingout.be\/fr\/product\/namrol-futura-plus-unite-base-ref-8377-004\/#primaryimage"},"image":{"@id":"https:\/\/districos.standingout.be\/fr\/product\/namrol-futura-plus-unite-base-ref-8377-004\/#primaryimage"},"thumbnailUrl":"https:\/\/districos.standingout.be\/wp-content\/uploads\/2025\/07\/8377.004@LowRes_1.png","datePublished":"2026-04-28T08:52:40+00:00","dateModified":"2026-04-28T08:52:44+00:00","breadcrumb":{"@id":"https:\/\/districos.standingout.be\/fr\/product\/namrol-futura-plus-unite-base-ref-8377-004\/#breadcrumb"},"inLanguage":"fr-FR","potentialAction":[{"@type":"ReadAction","target":["https:\/\/districos.standingout.be\/fr\/product\/namrol-futura-plus-unite-base-ref-8377-004\/"]}]},{"@type":"ImageObject","inLanguage":"fr-FR","@id":"https:\/\/districos.standingout.be\/fr\/product\/namrol-futura-plus-unite-base-ref-8377-004\/#primaryimage","url":"https:\/\/districos.standingout.be\/wp-content\/uploads\/2025\/07\/8377.004@LowRes_1.png","contentUrl":"https:\/\/districos.standingout.be\/wp-content\/uploads\/2025\/07\/8377.004@LowRes_1.png","width":600,"height":600},{"@type":"BreadcrumbList","@id":"https:\/\/districos.standingout.be\/fr\/product\/namrol-futura-plus-unite-base-ref-8377-004\/#breadcrumb","itemListElement":[{"@type":"ListItem","position":1,"name":"Home","item":"https:\/\/districos.standingout.be\/fr\/bienvenue-chez-districos\/"},{"@type":"ListItem","position":2,"name":"Boutique","item":"https:\/\/districos.standingout.be\/fr\/boutique\/"},{"@type":"ListItem","position":3,"name":"Namrol Futura Plus Unit\u00e9 Base"}]},{"@type":"WebSite","@id":"https:\/\/districos.standingout.be\/fr\/#website","url":"https:\/\/districos.standingout.be\/fr\/","name":"Districos Webshop","description":"","publisher":{"@id":"https:\/\/districos.standingout.be\/fr\/#organization"},"potentialAction":[{"@type":"SearchAction","target":{"@type":"EntryPoint","urlTemplate":"https:\/\/districos.standingout.be\/fr\/?s={search_term_string}"},"query-input":{"@type":"PropertyValueSpecification","valueRequired":true,"valueName":"search_term_string"}}],"inLanguage":"fr-FR"},{"@type":"Organization","@id":"https:\/\/districos.standingout.be\/fr\/#organization","name":"Districos Webshop","url":"https:\/\/districos.standingout.be\/fr\/","logo":{"@type":"ImageObject","inLanguage":"fr-FR","@id":"https:\/\/districos.standingout.be\/fr\/#\/schema\/logo\/image\/","url":"https:\/\/districos.standingout.be\/wp-content\/uploads\/2022\/09\/Districos_Logo_Webshop.svg","contentUrl":"https:\/\/districos.standingout.be\/wp-content\/uploads\/2022\/09\/Districos_Logo_Webshop.svg","caption":"Districos Webshop"},"image":{"@id":"https:\/\/districos.standingout.be\/fr\/#\/schema\/logo\/image\/"}}]}},"_links":{"self":[{"href":"https:\/\/districos.standingout.be\/fr\/wp-json\/wp\/v2\/product\/138103","targetHints":{"allow":["GET"]}}],"collection":[{"href":"https:\/\/districos.standingout.be\/fr\/wp-json\/wp\/v2\/product"}],"about":[{"href":"https:\/\/districos.standingout.be\/fr\/wp-json\/wp\/v2\/types\/product"}],"replies":[{"embeddable":true,"href":"https:\/\/districos.standingout.be\/fr\/wp-json\/wp\/v2\/comments?post=138103"}],"wp:featuredmedia":[{"embeddable":true,"href":"https:\/\/districos.standingout.be\/fr\/wp-json\/wp\/v2\/media\/80369"}],"wp:attachment":[{"href":"https:\/\/districos.standingout.be\/fr\/wp-json\/wp\/v2\/media?parent=138103"}],"wp:term":[{"taxonomy":"product_brand","embeddable":true,"href":"https:\/\/districos.standingout.be\/fr\/wp-json\/wp\/v2\/product_brand?post=138103"},{"taxonomy":"product_cat","embeddable":true,"href":"https:\/\/districos.standingout.be\/fr\/wp-json\/wp\/v2\/product_cat?post=138103"},{"taxonomy":"product_tag","embeddable":true,"href":"https:\/\/districos.standingout.be\/fr\/wp-json\/wp\/v2\/product_tag?post=138103"}],"curies":[{"name":"wp","href":"https:\/\/api.w.org\/{rel}","templated":true}]}}