{"id":138109,"date":"2026-04-28T10:52:53","date_gmt":"2026-04-28T08:52:53","guid":{"rendered":"https:\/\/webshopdistricoscom.webhosting.be\/product\/namrol-epsylon-plus-ref-8377-006-2\/"},"modified":"2026-04-28T10:52:56","modified_gmt":"2026-04-28T08:52:56","slug":"namrol-epsylon-plus-ref-8377-006","status":"publish","type":"product","link":"https:\/\/districos.standingout.be\/fr\/product\/namrol-epsylon-plus-ref-8377-006\/","title":{"rendered":"Namrol Epsylon Plus"},"content":{"rendered":"<p >\n<\/p>\n<p dir=\"ltr\">\n<div><span>Compact &amp; pratique, facile \u00e0 utiliser comme aucun autre<\/span><\/div>\n<div><\/div>\n<div>D\u00e9couvrez une libert\u00e9 de mouvement jamais vue avec le Namrol Epsylon Plus avec \u00e9cran digital, m\u00eame dans les plus petits cabinets! Ce bras peut \u00eatre instal\u00e9 sur chaque fauteuil Namrol Beta, Delta, Omega et Vela afin de toujours avoir vos instruments \u00e0 port\u00e9e de main. Gagnez de la place gr\u00e2ce \u00e0 cette magnifique unit\u00e9 dentale sans perte de qualit\u00e9. Profitez d\u2019une solution durable, ergonomique et efficace!<\/p>\n<p> D\u00e9placez le bras pivotable sans effort vers la position souhait\u00e9e afin de pouvoir travailler le plus ergonomiquement possible. Il y a de la place pour 4 pi\u00e8ces \u00e0 main, donc vous ne perdez rien en fonctionnalit\u00e9. Combinez sans probl\u00e8mes la technique au spray avec la technique \u00e0 sec, aspiration incluse ainsi qu\u2019une turbine si vous le souhaitez. Votre lampe-loupe ou lampe dentale peut \u00e9galement \u00eatre mont\u00e9e \u00e0 votre fauteuil pour un confort de travail optimal.<\/p>\n<ul>\n<li>Technique : technique au spray<\/li>\n<li>Mat\u00e9riel : bras dentaire attach\u00e9 au fauteuil podo<\/li>\n<li>Particularit\u00e9 : Compact et pratique, p\u00e9dale marche\/arr\u00eat, s\u00e9lection automatique de la pi\u00e8ce \u00e0 main choisie<\/li>\n<li>R\u00e9glage du spray : continu ou \u00e0 intervalles (3 ou 6 secondes)<\/li>\n<li>Maniement : digital<\/li>\n<li>Support pi\u00e8ce \u00e0 main : pivotant sur bras pivotant pour max, 4 pi\u00e8ces \u00e0 main<\/li>\n<li>Dimensions (L x l x h) : fauteuil inclus 190 x 100 x 130 cm<\/li>\n<li>Compresseur :Compresseur silencieux \u00e0 entretien minime Quiro-Air, aussi appropri\u00e9 pour turbines<\/li>\n<li>Pi\u00e8ces \u00e0 main : <br \/>&#8211; Micromoteur spray interne NSK NBX\/PX65 40.000 tpm <br \/>&#8211; Seringue \u00e0 3 fonctions r\u00e9glable: spray, air &amp; combinaison<\/li>\n<p> <\/ul>\n<\/p>\n<\/p><\/div>\n","protected":false},"excerpt":{"rendered":"<p>Compact &amp; pratique, facile \u00e0 utiliser comme aucun autre D\u00e9couvrez une libert\u00e9 de mouvement jamais vue avec le Namrol Epsylon Plus avec \u00e9cran digital, m\u00eame dans les plus petits cabinets! Ce bras peut \u00eatre instal\u00e9 sur chaque fauteuil Namrol Beta, Delta, Omega et Vela afin de toujours avoir vos instruments \u00e0 port\u00e9e de main. Gagnez [&hellip;]<\/p>\n","protected":false},"featured_media":80408,"comment_status":"open","ping_status":"closed","template":"","meta":{"_acf_changed":false},"product_brand":[10492],"product_cat":[10040,10074,10112],"product_tag":[],"class_list":{"0":"post-138109","1":"product","2":"type-product","3":"status-publish","4":"has-post-thumbnail","6":"product_brand-namrol-fr","7":"product_cat-soins-des-pieds-podologie-fraiseuses-unites","8":"product_cat-soins-des-pieds-podologie-amenagement-du-cabinet-unites","9":"product_cat-amenagement-amenagement-unites","11":"first","12":"instock","13":"taxable","14":"shipping-taxable","15":"product-type-simple"},"acf":[],"yoast_head":"<!-- This site is optimized with the Yoast SEO plugin v27.3 - https:\/\/yoast.com\/product\/yoast-seo-wordpress\/ -->\n<title>Namrol Epsylon Plus - Districos Webshop<\/title>\n<meta name=\"robots\" content=\"noindex, follow, max-snippet:-1, max-image-preview:large, max-video-preview:-1\" \/>\n<meta property=\"og:locale\" content=\"fr_FR\" \/>\n<meta property=\"og:type\" content=\"article\" \/>\n<meta property=\"og:title\" content=\"Namrol Epsylon Plus - Districos Webshop\" \/>\n<meta property=\"og:description\" content=\"Compact &amp; pratique, facile \u00e0 utiliser comme aucun autre D\u00e9couvrez une libert\u00e9 de mouvement jamais vue avec le Namrol Epsylon Plus avec \u00e9cran digital, m\u00eame dans les plus petits cabinets! Ce bras peut \u00eatre instal\u00e9 sur chaque fauteuil Namrol Beta, Delta, Omega et Vela afin de toujours avoir vos instruments \u00e0 port\u00e9e de main. Gagnez [&hellip;]\" \/>\n<meta property=\"og:url\" content=\"https:\/\/districos.standingout.be\/fr\/product\/namrol-epsylon-plus-ref-8377-006\/\" \/>\n<meta property=\"og:site_name\" content=\"Districos Webshop\" \/>\n<meta property=\"article:modified_time\" content=\"2026-04-28T08:52:56+00:00\" \/>\n<meta name=\"twitter:card\" content=\"summary_large_image\" \/>\n<meta name=\"twitter:label1\" content=\"Dur\u00e9e de lecture estim\u00e9e\" \/>\n\t<meta name=\"twitter:data1\" content=\"1 minute\" \/>\n<script type=\"application\/ld+json\" class=\"yoast-schema-graph\">{\"@context\":\"https:\\\/\\\/schema.org\",\"@graph\":[{\"@type\":\"WebPage\",\"@id\":\"https:\\\/\\\/districos.standingout.be\\\/fr\\\/product\\\/namrol-epsylon-plus-ref-8377-006\\\/\",\"url\":\"https:\\\/\\\/districos.standingout.be\\\/fr\\\/product\\\/namrol-epsylon-plus-ref-8377-006\\\/\",\"name\":\"Namrol Epsylon Plus - Districos Webshop\",\"isPartOf\":{\"@id\":\"https:\\\/\\\/districos.standingout.be\\\/fr\\\/#website\"},\"primaryImageOfPage\":{\"@id\":\"https:\\\/\\\/districos.standingout.be\\\/fr\\\/product\\\/namrol-epsylon-plus-ref-8377-006\\\/#primaryimage\"},\"image\":{\"@id\":\"https:\\\/\\\/districos.standingout.be\\\/fr\\\/product\\\/namrol-epsylon-plus-ref-8377-006\\\/#primaryimage\"},\"thumbnailUrl\":\"https:\\\/\\\/districos.standingout.be\\\/wp-content\\\/uploads\\\/2025\\\/07\\\/8377.006@LowRes_1.png\",\"datePublished\":\"2026-04-28T08:52:53+00:00\",\"dateModified\":\"2026-04-28T08:52:56+00:00\",\"breadcrumb\":{\"@id\":\"https:\\\/\\\/districos.standingout.be\\\/fr\\\/product\\\/namrol-epsylon-plus-ref-8377-006\\\/#breadcrumb\"},\"inLanguage\":\"fr-FR\",\"potentialAction\":[{\"@type\":\"ReadAction\",\"target\":[\"https:\\\/\\\/districos.standingout.be\\\/fr\\\/product\\\/namrol-epsylon-plus-ref-8377-006\\\/\"]}]},{\"@type\":\"ImageObject\",\"inLanguage\":\"fr-FR\",\"@id\":\"https:\\\/\\\/districos.standingout.be\\\/fr\\\/product\\\/namrol-epsylon-plus-ref-8377-006\\\/#primaryimage\",\"url\":\"https:\\\/\\\/districos.standingout.be\\\/wp-content\\\/uploads\\\/2025\\\/07\\\/8377.006@LowRes_1.png\",\"contentUrl\":\"https:\\\/\\\/districos.standingout.be\\\/wp-content\\\/uploads\\\/2025\\\/07\\\/8377.006@LowRes_1.png\",\"width\":600,\"height\":600},{\"@type\":\"BreadcrumbList\",\"@id\":\"https:\\\/\\\/districos.standingout.be\\\/fr\\\/product\\\/namrol-epsylon-plus-ref-8377-006\\\/#breadcrumb\",\"itemListElement\":[{\"@type\":\"ListItem\",\"position\":1,\"name\":\"Home\",\"item\":\"https:\\\/\\\/districos.standingout.be\\\/fr\\\/bienvenue-chez-districos\\\/\"},{\"@type\":\"ListItem\",\"position\":2,\"name\":\"Boutique\",\"item\":\"https:\\\/\\\/districos.standingout.be\\\/fr\\\/boutique\\\/\"},{\"@type\":\"ListItem\",\"position\":3,\"name\":\"Namrol Epsylon Plus\"}]},{\"@type\":\"WebSite\",\"@id\":\"https:\\\/\\\/districos.standingout.be\\\/fr\\\/#website\",\"url\":\"https:\\\/\\\/districos.standingout.be\\\/fr\\\/\",\"name\":\"Districos Webshop\",\"description\":\"\",\"publisher\":{\"@id\":\"https:\\\/\\\/districos.standingout.be\\\/fr\\\/#organization\"},\"potentialAction\":[{\"@type\":\"SearchAction\",\"target\":{\"@type\":\"EntryPoint\",\"urlTemplate\":\"https:\\\/\\\/districos.standingout.be\\\/fr\\\/?s={search_term_string}\"},\"query-input\":{\"@type\":\"PropertyValueSpecification\",\"valueRequired\":true,\"valueName\":\"search_term_string\"}}],\"inLanguage\":\"fr-FR\"},{\"@type\":\"Organization\",\"@id\":\"https:\\\/\\\/districos.standingout.be\\\/fr\\\/#organization\",\"name\":\"Districos Webshop\",\"url\":\"https:\\\/\\\/districos.standingout.be\\\/fr\\\/\",\"logo\":{\"@type\":\"ImageObject\",\"inLanguage\":\"fr-FR\",\"@id\":\"https:\\\/\\\/districos.standingout.be\\\/fr\\\/#\\\/schema\\\/logo\\\/image\\\/\",\"url\":\"https:\\\/\\\/districos.standingout.be\\\/wp-content\\\/uploads\\\/2022\\\/09\\\/Districos_Logo_Webshop.svg\",\"contentUrl\":\"https:\\\/\\\/districos.standingout.be\\\/wp-content\\\/uploads\\\/2022\\\/09\\\/Districos_Logo_Webshop.svg\",\"caption\":\"Districos Webshop\"},\"image\":{\"@id\":\"https:\\\/\\\/districos.standingout.be\\\/fr\\\/#\\\/schema\\\/logo\\\/image\\\/\"}}]}<\/script>\n<!-- \/ Yoast SEO plugin. -->","yoast_head_json":{"title":"Namrol Epsylon Plus - Districos Webshop","robots":{"index":"noindex","follow":"follow","max-snippet":"max-snippet:-1","max-image-preview":"max-image-preview:large","max-video-preview":"max-video-preview:-1"},"og_locale":"fr_FR","og_type":"article","og_title":"Namrol Epsylon Plus - Districos Webshop","og_description":"Compact &amp; pratique, facile \u00e0 utiliser comme aucun autre D\u00e9couvrez une libert\u00e9 de mouvement jamais vue avec le Namrol Epsylon Plus avec \u00e9cran digital, m\u00eame dans les plus petits cabinets! Ce bras peut \u00eatre instal\u00e9 sur chaque fauteuil Namrol Beta, Delta, Omega et Vela afin de toujours avoir vos instruments \u00e0 port\u00e9e de main. Gagnez [&hellip;]","og_url":"https:\/\/districos.standingout.be\/fr\/product\/namrol-epsylon-plus-ref-8377-006\/","og_site_name":"Districos Webshop","article_modified_time":"2026-04-28T08:52:56+00:00","twitter_card":"summary_large_image","twitter_misc":{"Dur\u00e9e de lecture estim\u00e9e":"1 minute"},"schema":{"@context":"https:\/\/schema.org","@graph":[{"@type":"WebPage","@id":"https:\/\/districos.standingout.be\/fr\/product\/namrol-epsylon-plus-ref-8377-006\/","url":"https:\/\/districos.standingout.be\/fr\/product\/namrol-epsylon-plus-ref-8377-006\/","name":"Namrol Epsylon Plus - Districos Webshop","isPartOf":{"@id":"https:\/\/districos.standingout.be\/fr\/#website"},"primaryImageOfPage":{"@id":"https:\/\/districos.standingout.be\/fr\/product\/namrol-epsylon-plus-ref-8377-006\/#primaryimage"},"image":{"@id":"https:\/\/districos.standingout.be\/fr\/product\/namrol-epsylon-plus-ref-8377-006\/#primaryimage"},"thumbnailUrl":"https:\/\/districos.standingout.be\/wp-content\/uploads\/2025\/07\/8377.006@LowRes_1.png","datePublished":"2026-04-28T08:52:53+00:00","dateModified":"2026-04-28T08:52:56+00:00","breadcrumb":{"@id":"https:\/\/districos.standingout.be\/fr\/product\/namrol-epsylon-plus-ref-8377-006\/#breadcrumb"},"inLanguage":"fr-FR","potentialAction":[{"@type":"ReadAction","target":["https:\/\/districos.standingout.be\/fr\/product\/namrol-epsylon-plus-ref-8377-006\/"]}]},{"@type":"ImageObject","inLanguage":"fr-FR","@id":"https:\/\/districos.standingout.be\/fr\/product\/namrol-epsylon-plus-ref-8377-006\/#primaryimage","url":"https:\/\/districos.standingout.be\/wp-content\/uploads\/2025\/07\/8377.006@LowRes_1.png","contentUrl":"https:\/\/districos.standingout.be\/wp-content\/uploads\/2025\/07\/8377.006@LowRes_1.png","width":600,"height":600},{"@type":"BreadcrumbList","@id":"https:\/\/districos.standingout.be\/fr\/product\/namrol-epsylon-plus-ref-8377-006\/#breadcrumb","itemListElement":[{"@type":"ListItem","position":1,"name":"Home","item":"https:\/\/districos.standingout.be\/fr\/bienvenue-chez-districos\/"},{"@type":"ListItem","position":2,"name":"Boutique","item":"https:\/\/districos.standingout.be\/fr\/boutique\/"},{"@type":"ListItem","position":3,"name":"Namrol Epsylon Plus"}]},{"@type":"WebSite","@id":"https:\/\/districos.standingout.be\/fr\/#website","url":"https:\/\/districos.standingout.be\/fr\/","name":"Districos Webshop","description":"","publisher":{"@id":"https:\/\/districos.standingout.be\/fr\/#organization"},"potentialAction":[{"@type":"SearchAction","target":{"@type":"EntryPoint","urlTemplate":"https:\/\/districos.standingout.be\/fr\/?s={search_term_string}"},"query-input":{"@type":"PropertyValueSpecification","valueRequired":true,"valueName":"search_term_string"}}],"inLanguage":"fr-FR"},{"@type":"Organization","@id":"https:\/\/districos.standingout.be\/fr\/#organization","name":"Districos Webshop","url":"https:\/\/districos.standingout.be\/fr\/","logo":{"@type":"ImageObject","inLanguage":"fr-FR","@id":"https:\/\/districos.standingout.be\/fr\/#\/schema\/logo\/image\/","url":"https:\/\/districos.standingout.be\/wp-content\/uploads\/2022\/09\/Districos_Logo_Webshop.svg","contentUrl":"https:\/\/districos.standingout.be\/wp-content\/uploads\/2022\/09\/Districos_Logo_Webshop.svg","caption":"Districos Webshop"},"image":{"@id":"https:\/\/districos.standingout.be\/fr\/#\/schema\/logo\/image\/"}}]}},"_links":{"self":[{"href":"https:\/\/districos.standingout.be\/fr\/wp-json\/wp\/v2\/product\/138109","targetHints":{"allow":["GET"]}}],"collection":[{"href":"https:\/\/districos.standingout.be\/fr\/wp-json\/wp\/v2\/product"}],"about":[{"href":"https:\/\/districos.standingout.be\/fr\/wp-json\/wp\/v2\/types\/product"}],"replies":[{"embeddable":true,"href":"https:\/\/districos.standingout.be\/fr\/wp-json\/wp\/v2\/comments?post=138109"}],"wp:featuredmedia":[{"embeddable":true,"href":"https:\/\/districos.standingout.be\/fr\/wp-json\/wp\/v2\/media\/80408"}],"wp:attachment":[{"href":"https:\/\/districos.standingout.be\/fr\/wp-json\/wp\/v2\/media?parent=138109"}],"wp:term":[{"taxonomy":"product_brand","embeddable":true,"href":"https:\/\/districos.standingout.be\/fr\/wp-json\/wp\/v2\/product_brand?post=138109"},{"taxonomy":"product_cat","embeddable":true,"href":"https:\/\/districos.standingout.be\/fr\/wp-json\/wp\/v2\/product_cat?post=138109"},{"taxonomy":"product_tag","embeddable":true,"href":"https:\/\/districos.standingout.be\/fr\/wp-json\/wp\/v2\/product_tag?post=138109"}],"curies":[{"name":"wp","href":"https:\/\/api.w.org\/{rel}","templated":true}]}}