{"id":138111,"date":"2026-04-28T10:52:57","date_gmt":"2026-04-28T08:52:57","guid":{"rendered":"https:\/\/webshopdistricoscom.webhosting.be\/product\/namrol-maxima-unite-ref-8377-007\/"},"modified":"2026-04-28T10:52:59","modified_gmt":"2026-04-28T08:52:59","slug":"namrol-maxima-unite-ref-8377-007","status":"publish","type":"product","link":"https:\/\/districos.standingout.be\/fr\/product\/namrol-maxima-unite-ref-8377-007\/","title":{"rendered":"Namrol Maxima Unit\u00e9"},"content":{"rendered":"<p >\n<p> L&rsquo;appareil tout-en-un Namrol Maxima vous offre toutes les fonctionnalit\u00e9s. Vous pouvez facilement y fixer une lampe loupe ou une lampe dentaire. Pour une meilleure visibilit\u00e9 et pour pr\u00e9venir les troubles oculaires, il est pr\u00e9f\u00e9rable d&rsquo;opter pour une lampe dentaire en raison de son intensit\u00e9 lumineuse plus \u00e9lev\u00e9e. Le Maxima est synonyme de qualit\u00e9, de durabilit\u00e9, d&rsquo;ergonomie et d&rsquo;efficacit\u00e9. Equip\u00e9 d&rsquo;un meuble m\u00e9tallique, de 4 tiroirs \u00e0 fermeture automatique, d&rsquo;un bras pivotant et d&rsquo;un porte-pi\u00e8ce, vous b\u00e9n\u00e9ficierez de tout le confort d&rsquo;utilisation. L&rsquo;ensemble de l&rsquo;unit\u00e9 est parfaitement et facilement d\u00e9sinfectable, ce qui permet un travail hygi\u00e9nique. Le compresseur standard int\u00e9gr\u00e9 est \u00e0 peine audible (comme votre r\u00e9frig\u00e9rateur \u00e0 la maison) et ne se met en marche qu&rsquo;occasionnellement gr\u00e2ce au r\u00e9servoir de pression int\u00e9gr\u00e9.<\/p>\n<ul>\n<li>Armoire : construction en acier d&rsquo;une seule pi\u00e8ce<\/li>\n<li>Compresseur : compresseur Quiro-Air \u00e0 faible entretien et \u00e0 faible niveau sonore, \u00e9galement adapt\u00e9 aux turbines.<\/li>\n<li>Pi\u00e8ces \u00e0 main : &#8211; Micromoteur \u00e0 pulv\u00e9risation interne NSK NBX\/PX65 : 40 000 tr\/min \/ &#8211; Pulv\u00e9risation \u00e0 3 fonctions : eau, air et combin\u00e9e<\/li>\n<li>Porte-pi\u00e8ces \u00e0 main plac\u00e9 sur la console rotative : espace pour jusqu&rsquo;\u00e0 5 pi\u00e8ces \u00e0 main, pivotant sur le bras pivotant \u00e0 2 axes<\/li>\n<li>Technologie au spray<\/li>\n<li>Contr\u00f4le du jet : &#8211; Continu ou \u00e0 intervalles (3 ou 6 secondes)\/ &#8211; Intensit\u00e9 du jet et de l&rsquo;air : r\u00e9glable de mani\u00e8re analogique (idem que l&rsquo;option turbine)<\/li>\n<li>Caract\u00e9ristiques : p\u00e9dale marche\/arr\u00eat, pas de joints o\u00f9 la salet\u00e9 peut s&rsquo;infiltrer, reconnaissance automatique de la pi\u00e8ce \u00e0 main s\u00e9lectionn\u00e9e, affichage num\u00e9rique<\/li>\n<li>Couleur des poign\u00e9es de tiroirs : couleurs idem Chaises Namrol (18 couleurs)<\/li>\n<\/ul>\n<p> <\/p>\n","protected":false},"excerpt":{"rendered":"<p>L&rsquo;appareil tout-en-un Namrol Maxima vous offre toutes les fonctionnalit\u00e9s. Vous pouvez facilement y fixer une lampe loupe ou une lampe dentaire. Pour une meilleure visibilit\u00e9 et pour pr\u00e9venir les troubles oculaires, il est pr\u00e9f\u00e9rable d&rsquo;opter pour une lampe dentaire en raison de son intensit\u00e9 lumineuse plus \u00e9lev\u00e9e. Le Maxima est synonyme de qualit\u00e9, de durabilit\u00e9, [&hellip;]<\/p>\n","protected":false},"featured_media":147818,"comment_status":"open","ping_status":"closed","template":"","meta":{"_acf_changed":false},"product_brand":[10492],"product_cat":[10040,10074,10112],"product_tag":[],"class_list":{"0":"post-138111","1":"product","2":"type-product","3":"status-publish","4":"has-post-thumbnail","6":"product_brand-namrol-fr","7":"product_cat-soins-des-pieds-podologie-fraiseuses-unites","8":"product_cat-soins-des-pieds-podologie-amenagement-du-cabinet-unites","9":"product_cat-amenagement-amenagement-unites","11":"first","12":"instock","13":"taxable","14":"shipping-taxable","15":"product-type-simple"},"acf":[],"yoast_head":"<!-- This site is optimized with the Yoast SEO plugin v27.3 - https:\/\/yoast.com\/product\/yoast-seo-wordpress\/ -->\n<title>Namrol Maxima Unit\u00e9 - Districos Webshop<\/title>\n<meta name=\"robots\" content=\"noindex, follow, max-snippet:-1, max-image-preview:large, max-video-preview:-1\" \/>\n<meta property=\"og:locale\" content=\"fr_FR\" \/>\n<meta property=\"og:type\" content=\"article\" \/>\n<meta property=\"og:title\" content=\"Namrol Maxima Unit\u00e9 - Districos Webshop\" \/>\n<meta property=\"og:description\" content=\"L&rsquo;appareil tout-en-un Namrol Maxima vous offre toutes les fonctionnalit\u00e9s. Vous pouvez facilement y fixer une lampe loupe ou une lampe dentaire. Pour une meilleure visibilit\u00e9 et pour pr\u00e9venir les troubles oculaires, il est pr\u00e9f\u00e9rable d&rsquo;opter pour une lampe dentaire en raison de son intensit\u00e9 lumineuse plus \u00e9lev\u00e9e. Le Maxima est synonyme de qualit\u00e9, de durabilit\u00e9, [&hellip;]\" \/>\n<meta property=\"og:url\" content=\"https:\/\/districos.standingout.be\/fr\/product\/namrol-maxima-unite-ref-8377-007\/\" \/>\n<meta property=\"og:site_name\" content=\"Districos Webshop\" \/>\n<meta property=\"article:modified_time\" content=\"2026-04-28T08:52:59+00:00\" \/>\n<meta name=\"twitter:card\" content=\"summary_large_image\" \/>\n<meta name=\"twitter:label1\" content=\"Dur\u00e9e de lecture estim\u00e9e\" \/>\n\t<meta name=\"twitter:data1\" content=\"1 minute\" \/>\n<script type=\"application\/ld+json\" class=\"yoast-schema-graph\">{\"@context\":\"https:\\\/\\\/schema.org\",\"@graph\":[{\"@type\":\"WebPage\",\"@id\":\"https:\\\/\\\/districos.standingout.be\\\/fr\\\/product\\\/namrol-maxima-unite-ref-8377-007\\\/\",\"url\":\"https:\\\/\\\/districos.standingout.be\\\/fr\\\/product\\\/namrol-maxima-unite-ref-8377-007\\\/\",\"name\":\"Namrol Maxima Unit\u00e9 - Districos Webshop\",\"isPartOf\":{\"@id\":\"https:\\\/\\\/districos.standingout.be\\\/fr\\\/#website\"},\"primaryImageOfPage\":{\"@id\":\"https:\\\/\\\/districos.standingout.be\\\/fr\\\/product\\\/namrol-maxima-unite-ref-8377-007\\\/#primaryimage\"},\"image\":{\"@id\":\"https:\\\/\\\/districos.standingout.be\\\/fr\\\/product\\\/namrol-maxima-unite-ref-8377-007\\\/#primaryimage\"},\"thumbnailUrl\":\"https:\\\/\\\/districos.standingout.be\\\/wp-content\\\/uploads\\\/2026\\\/04\\\/8377.007@Namrol-Maxima-Unit_1-1.png\",\"datePublished\":\"2026-04-28T08:52:57+00:00\",\"dateModified\":\"2026-04-28T08:52:59+00:00\",\"breadcrumb\":{\"@id\":\"https:\\\/\\\/districos.standingout.be\\\/fr\\\/product\\\/namrol-maxima-unite-ref-8377-007\\\/#breadcrumb\"},\"inLanguage\":\"fr-FR\",\"potentialAction\":[{\"@type\":\"ReadAction\",\"target\":[\"https:\\\/\\\/districos.standingout.be\\\/fr\\\/product\\\/namrol-maxima-unite-ref-8377-007\\\/\"]}]},{\"@type\":\"ImageObject\",\"inLanguage\":\"fr-FR\",\"@id\":\"https:\\\/\\\/districos.standingout.be\\\/fr\\\/product\\\/namrol-maxima-unite-ref-8377-007\\\/#primaryimage\",\"url\":\"https:\\\/\\\/districos.standingout.be\\\/wp-content\\\/uploads\\\/2026\\\/04\\\/8377.007@Namrol-Maxima-Unit_1-1.png\",\"contentUrl\":\"https:\\\/\\\/districos.standingout.be\\\/wp-content\\\/uploads\\\/2026\\\/04\\\/8377.007@Namrol-Maxima-Unit_1-1.png\",\"width\":600,\"height\":400},{\"@type\":\"BreadcrumbList\",\"@id\":\"https:\\\/\\\/districos.standingout.be\\\/fr\\\/product\\\/namrol-maxima-unite-ref-8377-007\\\/#breadcrumb\",\"itemListElement\":[{\"@type\":\"ListItem\",\"position\":1,\"name\":\"Home\",\"item\":\"https:\\\/\\\/districos.standingout.be\\\/fr\\\/bienvenue-chez-districos\\\/\"},{\"@type\":\"ListItem\",\"position\":2,\"name\":\"Boutique\",\"item\":\"https:\\\/\\\/districos.standingout.be\\\/fr\\\/boutique\\\/\"},{\"@type\":\"ListItem\",\"position\":3,\"name\":\"Namrol Maxima Unit\u00e9\"}]},{\"@type\":\"WebSite\",\"@id\":\"https:\\\/\\\/districos.standingout.be\\\/fr\\\/#website\",\"url\":\"https:\\\/\\\/districos.standingout.be\\\/fr\\\/\",\"name\":\"Districos Webshop\",\"description\":\"\",\"publisher\":{\"@id\":\"https:\\\/\\\/districos.standingout.be\\\/fr\\\/#organization\"},\"potentialAction\":[{\"@type\":\"SearchAction\",\"target\":{\"@type\":\"EntryPoint\",\"urlTemplate\":\"https:\\\/\\\/districos.standingout.be\\\/fr\\\/?s={search_term_string}\"},\"query-input\":{\"@type\":\"PropertyValueSpecification\",\"valueRequired\":true,\"valueName\":\"search_term_string\"}}],\"inLanguage\":\"fr-FR\"},{\"@type\":\"Organization\",\"@id\":\"https:\\\/\\\/districos.standingout.be\\\/fr\\\/#organization\",\"name\":\"Districos Webshop\",\"url\":\"https:\\\/\\\/districos.standingout.be\\\/fr\\\/\",\"logo\":{\"@type\":\"ImageObject\",\"inLanguage\":\"fr-FR\",\"@id\":\"https:\\\/\\\/districos.standingout.be\\\/fr\\\/#\\\/schema\\\/logo\\\/image\\\/\",\"url\":\"https:\\\/\\\/districos.standingout.be\\\/wp-content\\\/uploads\\\/2022\\\/09\\\/Districos_Logo_Webshop.svg\",\"contentUrl\":\"https:\\\/\\\/districos.standingout.be\\\/wp-content\\\/uploads\\\/2022\\\/09\\\/Districos_Logo_Webshop.svg\",\"caption\":\"Districos Webshop\"},\"image\":{\"@id\":\"https:\\\/\\\/districos.standingout.be\\\/fr\\\/#\\\/schema\\\/logo\\\/image\\\/\"}}]}<\/script>\n<!-- \/ Yoast SEO plugin. -->","yoast_head_json":{"title":"Namrol Maxima Unit\u00e9 - Districos Webshop","robots":{"index":"noindex","follow":"follow","max-snippet":"max-snippet:-1","max-image-preview":"max-image-preview:large","max-video-preview":"max-video-preview:-1"},"og_locale":"fr_FR","og_type":"article","og_title":"Namrol Maxima Unit\u00e9 - Districos Webshop","og_description":"L&rsquo;appareil tout-en-un Namrol Maxima vous offre toutes les fonctionnalit\u00e9s. Vous pouvez facilement y fixer une lampe loupe ou une lampe dentaire. Pour une meilleure visibilit\u00e9 et pour pr\u00e9venir les troubles oculaires, il est pr\u00e9f\u00e9rable d&rsquo;opter pour une lampe dentaire en raison de son intensit\u00e9 lumineuse plus \u00e9lev\u00e9e. Le Maxima est synonyme de qualit\u00e9, de durabilit\u00e9, [&hellip;]","og_url":"https:\/\/districos.standingout.be\/fr\/product\/namrol-maxima-unite-ref-8377-007\/","og_site_name":"Districos Webshop","article_modified_time":"2026-04-28T08:52:59+00:00","twitter_card":"summary_large_image","twitter_misc":{"Dur\u00e9e de lecture estim\u00e9e":"1 minute"},"schema":{"@context":"https:\/\/schema.org","@graph":[{"@type":"WebPage","@id":"https:\/\/districos.standingout.be\/fr\/product\/namrol-maxima-unite-ref-8377-007\/","url":"https:\/\/districos.standingout.be\/fr\/product\/namrol-maxima-unite-ref-8377-007\/","name":"Namrol Maxima Unit\u00e9 - Districos Webshop","isPartOf":{"@id":"https:\/\/districos.standingout.be\/fr\/#website"},"primaryImageOfPage":{"@id":"https:\/\/districos.standingout.be\/fr\/product\/namrol-maxima-unite-ref-8377-007\/#primaryimage"},"image":{"@id":"https:\/\/districos.standingout.be\/fr\/product\/namrol-maxima-unite-ref-8377-007\/#primaryimage"},"thumbnailUrl":"https:\/\/districos.standingout.be\/wp-content\/uploads\/2026\/04\/8377.007@Namrol-Maxima-Unit_1-1.png","datePublished":"2026-04-28T08:52:57+00:00","dateModified":"2026-04-28T08:52:59+00:00","breadcrumb":{"@id":"https:\/\/districos.standingout.be\/fr\/product\/namrol-maxima-unite-ref-8377-007\/#breadcrumb"},"inLanguage":"fr-FR","potentialAction":[{"@type":"ReadAction","target":["https:\/\/districos.standingout.be\/fr\/product\/namrol-maxima-unite-ref-8377-007\/"]}]},{"@type":"ImageObject","inLanguage":"fr-FR","@id":"https:\/\/districos.standingout.be\/fr\/product\/namrol-maxima-unite-ref-8377-007\/#primaryimage","url":"https:\/\/districos.standingout.be\/wp-content\/uploads\/2026\/04\/8377.007@Namrol-Maxima-Unit_1-1.png","contentUrl":"https:\/\/districos.standingout.be\/wp-content\/uploads\/2026\/04\/8377.007@Namrol-Maxima-Unit_1-1.png","width":600,"height":400},{"@type":"BreadcrumbList","@id":"https:\/\/districos.standingout.be\/fr\/product\/namrol-maxima-unite-ref-8377-007\/#breadcrumb","itemListElement":[{"@type":"ListItem","position":1,"name":"Home","item":"https:\/\/districos.standingout.be\/fr\/bienvenue-chez-districos\/"},{"@type":"ListItem","position":2,"name":"Boutique","item":"https:\/\/districos.standingout.be\/fr\/boutique\/"},{"@type":"ListItem","position":3,"name":"Namrol Maxima Unit\u00e9"}]},{"@type":"WebSite","@id":"https:\/\/districos.standingout.be\/fr\/#website","url":"https:\/\/districos.standingout.be\/fr\/","name":"Districos Webshop","description":"","publisher":{"@id":"https:\/\/districos.standingout.be\/fr\/#organization"},"potentialAction":[{"@type":"SearchAction","target":{"@type":"EntryPoint","urlTemplate":"https:\/\/districos.standingout.be\/fr\/?s={search_term_string}"},"query-input":{"@type":"PropertyValueSpecification","valueRequired":true,"valueName":"search_term_string"}}],"inLanguage":"fr-FR"},{"@type":"Organization","@id":"https:\/\/districos.standingout.be\/fr\/#organization","name":"Districos Webshop","url":"https:\/\/districos.standingout.be\/fr\/","logo":{"@type":"ImageObject","inLanguage":"fr-FR","@id":"https:\/\/districos.standingout.be\/fr\/#\/schema\/logo\/image\/","url":"https:\/\/districos.standingout.be\/wp-content\/uploads\/2022\/09\/Districos_Logo_Webshop.svg","contentUrl":"https:\/\/districos.standingout.be\/wp-content\/uploads\/2022\/09\/Districos_Logo_Webshop.svg","caption":"Districos Webshop"},"image":{"@id":"https:\/\/districos.standingout.be\/fr\/#\/schema\/logo\/image\/"}}]}},"_links":{"self":[{"href":"https:\/\/districos.standingout.be\/fr\/wp-json\/wp\/v2\/product\/138111","targetHints":{"allow":["GET"]}}],"collection":[{"href":"https:\/\/districos.standingout.be\/fr\/wp-json\/wp\/v2\/product"}],"about":[{"href":"https:\/\/districos.standingout.be\/fr\/wp-json\/wp\/v2\/types\/product"}],"replies":[{"embeddable":true,"href":"https:\/\/districos.standingout.be\/fr\/wp-json\/wp\/v2\/comments?post=138111"}],"wp:featuredmedia":[{"embeddable":true,"href":"https:\/\/districos.standingout.be\/fr\/wp-json\/wp\/v2\/media\/147818"}],"wp:attachment":[{"href":"https:\/\/districos.standingout.be\/fr\/wp-json\/wp\/v2\/media?parent=138111"}],"wp:term":[{"taxonomy":"product_brand","embeddable":true,"href":"https:\/\/districos.standingout.be\/fr\/wp-json\/wp\/v2\/product_brand?post=138111"},{"taxonomy":"product_cat","embeddable":true,"href":"https:\/\/districos.standingout.be\/fr\/wp-json\/wp\/v2\/product_cat?post=138111"},{"taxonomy":"product_tag","embeddable":true,"href":"https:\/\/districos.standingout.be\/fr\/wp-json\/wp\/v2\/product_tag?post=138111"}],"curies":[{"name":"wp","href":"https:\/\/api.w.org\/{rel}","templated":true}]}}