{"id":138113,"date":"2026-04-28T10:52:59","date_gmt":"2026-04-28T08:52:59","guid":{"rendered":"https:\/\/webshopdistricoscom.webhosting.be\/product\/namrol-unit-unite-configuration-de-base-ref-8377-008\/"},"modified":"2026-04-28T10:53:01","modified_gmt":"2026-04-28T08:53:01","slug":"namrol-unit-unite-configuration-de-base-ref-8377-008","status":"publish","type":"product","link":"https:\/\/districos.standingout.be\/fr\/product\/namrol-unit-unite-configuration-de-base-ref-8377-008\/","title":{"rendered":"Namrol Unit Unit\u00e9 Configuration de Base"},"content":{"rendered":"<p >\n<\/p>\n<p>Tout-en-un<\/p>\n<p><\/p>\n<p>L&rsquo;unit\u00e9 tout-en-un Namrol Duna vous offre toutes les fonctionnalit\u00e9s. L&rsquo;appareil peut combiner la technologie humide, la technologie de s\u00e9chage, l&rsquo;extraction ainsi qu&rsquo;une turbine.<\/p>\n<p><\/p>\n<p>Vous pouvez facilement fixer une lampe loupe ou une lampe dentaire \u00e0 l&rsquo;appareil. Pour une meilleure visibilit\u00e9 et pour \u00e9viter les troubles oculaires, il est pr\u00e9f\u00e9rable d&rsquo;opter pour une lampe dentaire en raison de son intensit\u00e9 lumineuse plus \u00e9lev\u00e9e. L&rsquo;unit\u00e9 Duna est synonyme de qualit\u00e9, de durabilit\u00e9, d&rsquo;ergonomie et d&rsquo;efficacit\u00e9. Equip\u00e9 d&rsquo;un meuble m\u00e9tallique, de 4 tiroirs \u00e0 fermeture automatique et d&rsquo;un porte-pi\u00e8ce \u00e0 main, vous b\u00e9n\u00e9ficierez de toutes les commodit\u00e9s. De plus, vous pouvez utiliser votre Si\u00e8ge Namrol \u00e0 l&rsquo;aide des commandes de l&rsquo;unit\u00e9.&nbsp;<\/p>\n<p><\/p>\n<p>L&rsquo;ensemble de l&rsquo;appareil est parfaitement et facilement d\u00e9sinfectable, ce qui permet un travail hygi\u00e9nique. Le compresseur standard int\u00e9gr\u00e9 est \u00e0 peine audible (comme votre r\u00e9frig\u00e9rateur \u00e0 la maison) et ne se d\u00e9clenche qu&rsquo;occasionnellement gr\u00e2ce au r\u00e9servoir de pression int\u00e9gr\u00e9.<\/p>\n<p><\/p>\n<\/p>\n<ul>\n<li>\u200bTechnique: technique au spray<\/li>\n<li>Mat\u00e9riel: ensemble en acier<\/li>\n<li>Particularit\u00e9: p\u00e9dale marche\/arr\u00eat, s\u00e9lection automatique de la pi\u00e8ce \u00e0 main choisie, panneau de configuration inclus<\/li>\n<li>R\u00e9glage du spray: continu ou \u00e0 intervalles (3 ou 6 secondes), quantit\u00e9 et intensit\u00e9 du spray et courant d\u2019air r\u00e9glable analogiquement<\/li>\n<li>Support pi\u00e8ce \u00e0 main: pivotant sur bras pivotant pour max, 4 pi\u00e8ces \u00e0 main<\/li>\n<li>Dimensions (Lxlxh): 76 x 47,5 x 85 cm<\/li>\n<li>Couleur poign\u00e9e: Choix parmi les 18 couleurs des fauteuils Namrol<\/li>\n<li>Propri\u00e9t\u00e9s tiroirs: 4, poign\u00e9es ergonomiques avec fermeture automatique<\/li>\n<li>Compresseur:Compresseur silencieux \u00e0 entretien minime Quiro-Air, aussi appropri\u00e9 pour turbines<\/li>\n<li>Pi\u00e8ces \u00e0 main:&nbsp;<\/li>\n<ul>\n<li>Micromoteur spray interne NSK NBX\/PX65 40.000 tpm<\/li>\n<li>Seringue \u00e0 3 fonctions r\u00e9glable: spray, air &amp; combinaison<\/li>\n<\/ul>\n<\/ul>\n<div><\/div>\n<div><\/div>\n<\/p>\n<div>\n<div>Options :&nbsp;<\/div>\n<div>\n<ul>\n<li>8377.100 : P\u00e9dale progressive (contr\u00f4le de la vitesse)<\/li>\n<li>8377.101 : Turbine Bien-Air 310 000 tr\/min<\/li>\n<li>8377.102 : Pi\u00e8ce \u00e0 main avec \u00e9clairage LED NSK NBX LED\/PX65L<\/li>\n<li>8377.103 : Pi\u00e8ce \u00e0 main sans balais avec \u00e9clairage LED NSK NLX nano\/ PX65L<\/li>\n<li>8377.104 : Moteur de s\u00e9chage 40 000 tr\/min Namrol GT40\/NSK PM40- auto-ventil\u00e9<\/li>\n<li>8377.105 : Extraction de la poussi\u00e8re pour la technique de s\u00e9chage + moteur de la technique de s\u00e9chage n\u00e9cessaire (8377.104)<\/li>\n<li>8377.109 : 4 roues int\u00e9gr\u00e9es<\/li>\n<li>8377.110 : Support pour lampe loupe<\/li>\n<li>8377.121 : Lampe halog\u00e8ne dentaire EDI avec bras de fixation<\/li>\n<li>8377.123 : Lampe dentaire LED Maia avec bras de fixation<\/li>\n<li>8377.125 : Lampe LED dentaire MP3020 avec bras de fixation<\/li>\n<\/ul>\n<\/div>\n<\/div>\n","protected":false},"excerpt":{"rendered":"<p>Tout-en-un L&rsquo;unit\u00e9 tout-en-un Namrol Duna vous offre toutes les fonctionnalit\u00e9s. L&rsquo;appareil peut combiner la technologie humide, la technologie de s\u00e9chage, l&rsquo;extraction ainsi qu&rsquo;une turbine. Vous pouvez facilement fixer une lampe loupe ou une lampe dentaire \u00e0 l&rsquo;appareil. Pour une meilleure visibilit\u00e9 et pour \u00e9viter les troubles oculaires, il est pr\u00e9f\u00e9rable d&rsquo;opter pour une lampe dentaire [&hellip;]<\/p>\n","protected":false},"featured_media":147820,"comment_status":"open","ping_status":"closed","template":"","meta":{"_acf_changed":false},"product_brand":[10492],"product_cat":[10074,10112,10040],"product_tag":[],"class_list":{"0":"post-138113","1":"product","2":"type-product","3":"status-publish","4":"has-post-thumbnail","6":"product_brand-namrol-fr","7":"product_cat-soins-des-pieds-podologie-amenagement-du-cabinet-unites","8":"product_cat-amenagement-amenagement-unites","9":"product_cat-soins-des-pieds-podologie-fraiseuses-unites","11":"first","12":"instock","13":"taxable","14":"shipping-taxable","15":"product-type-simple"},"acf":[],"yoast_head":"<!-- This site is optimized with the Yoast SEO plugin v27.3 - https:\/\/yoast.com\/product\/yoast-seo-wordpress\/ -->\n<title>Namrol Unit Unit\u00e9 Configuration de Base - Districos Webshop<\/title>\n<meta name=\"robots\" content=\"noindex, follow, max-snippet:-1, max-image-preview:large, max-video-preview:-1\" \/>\n<meta property=\"og:locale\" content=\"fr_FR\" \/>\n<meta property=\"og:type\" content=\"article\" \/>\n<meta property=\"og:title\" content=\"Namrol Unit Unit\u00e9 Configuration de Base - Districos Webshop\" \/>\n<meta property=\"og:description\" content=\"Tout-en-un L&rsquo;unit\u00e9 tout-en-un Namrol Duna vous offre toutes les fonctionnalit\u00e9s. L&rsquo;appareil peut combiner la technologie humide, la technologie de s\u00e9chage, l&rsquo;extraction ainsi qu&rsquo;une turbine. Vous pouvez facilement fixer une lampe loupe ou une lampe dentaire \u00e0 l&rsquo;appareil. Pour une meilleure visibilit\u00e9 et pour \u00e9viter les troubles oculaires, il est pr\u00e9f\u00e9rable d&rsquo;opter pour une lampe dentaire [&hellip;]\" \/>\n<meta property=\"og:url\" content=\"https:\/\/districos.standingout.be\/fr\/product\/namrol-unit-unite-configuration-de-base-ref-8377-008\/\" \/>\n<meta property=\"og:site_name\" content=\"Districos Webshop\" \/>\n<meta property=\"article:modified_time\" content=\"2026-04-28T08:53:01+00:00\" \/>\n<meta name=\"twitter:card\" content=\"summary_large_image\" \/>\n<meta name=\"twitter:label1\" content=\"Dur\u00e9e de lecture estim\u00e9e\" \/>\n\t<meta name=\"twitter:data1\" content=\"2 minutes\" \/>\n<script type=\"application\/ld+json\" class=\"yoast-schema-graph\">{\"@context\":\"https:\\\/\\\/schema.org\",\"@graph\":[{\"@type\":\"WebPage\",\"@id\":\"https:\\\/\\\/districos.standingout.be\\\/fr\\\/product\\\/namrol-unit-unite-configuration-de-base-ref-8377-008\\\/\",\"url\":\"https:\\\/\\\/districos.standingout.be\\\/fr\\\/product\\\/namrol-unit-unite-configuration-de-base-ref-8377-008\\\/\",\"name\":\"Namrol Unit Unit\u00e9 Configuration de Base - Districos Webshop\",\"isPartOf\":{\"@id\":\"https:\\\/\\\/districos.standingout.be\\\/fr\\\/#website\"},\"primaryImageOfPage\":{\"@id\":\"https:\\\/\\\/districos.standingout.be\\\/fr\\\/product\\\/namrol-unit-unite-configuration-de-base-ref-8377-008\\\/#primaryimage\"},\"image\":{\"@id\":\"https:\\\/\\\/districos.standingout.be\\\/fr\\\/product\\\/namrol-unit-unite-configuration-de-base-ref-8377-008\\\/#primaryimage\"},\"thumbnailUrl\":\"https:\\\/\\\/districos.standingout.be\\\/wp-content\\\/uploads\\\/2026\\\/04\\\/8377.008@Namrol-Duna-Unit-Basis-Configuratie_1-1.png\",\"datePublished\":\"2026-04-28T08:52:59+00:00\",\"dateModified\":\"2026-04-28T08:53:01+00:00\",\"breadcrumb\":{\"@id\":\"https:\\\/\\\/districos.standingout.be\\\/fr\\\/product\\\/namrol-unit-unite-configuration-de-base-ref-8377-008\\\/#breadcrumb\"},\"inLanguage\":\"fr-FR\",\"potentialAction\":[{\"@type\":\"ReadAction\",\"target\":[\"https:\\\/\\\/districos.standingout.be\\\/fr\\\/product\\\/namrol-unit-unite-configuration-de-base-ref-8377-008\\\/\"]}]},{\"@type\":\"ImageObject\",\"inLanguage\":\"fr-FR\",\"@id\":\"https:\\\/\\\/districos.standingout.be\\\/fr\\\/product\\\/namrol-unit-unite-configuration-de-base-ref-8377-008\\\/#primaryimage\",\"url\":\"https:\\\/\\\/districos.standingout.be\\\/wp-content\\\/uploads\\\/2026\\\/04\\\/8377.008@Namrol-Duna-Unit-Basis-Configuratie_1-1.png\",\"contentUrl\":\"https:\\\/\\\/districos.standingout.be\\\/wp-content\\\/uploads\\\/2026\\\/04\\\/8377.008@Namrol-Duna-Unit-Basis-Configuratie_1-1.png\",\"width\":600,\"height\":600},{\"@type\":\"BreadcrumbList\",\"@id\":\"https:\\\/\\\/districos.standingout.be\\\/fr\\\/product\\\/namrol-unit-unite-configuration-de-base-ref-8377-008\\\/#breadcrumb\",\"itemListElement\":[{\"@type\":\"ListItem\",\"position\":1,\"name\":\"Home\",\"item\":\"https:\\\/\\\/districos.standingout.be\\\/fr\\\/bienvenue-chez-districos\\\/\"},{\"@type\":\"ListItem\",\"position\":2,\"name\":\"Boutique\",\"item\":\"https:\\\/\\\/districos.standingout.be\\\/fr\\\/boutique\\\/\"},{\"@type\":\"ListItem\",\"position\":3,\"name\":\"Namrol Unit Unit\u00e9 Configuration de Base\"}]},{\"@type\":\"WebSite\",\"@id\":\"https:\\\/\\\/districos.standingout.be\\\/fr\\\/#website\",\"url\":\"https:\\\/\\\/districos.standingout.be\\\/fr\\\/\",\"name\":\"Districos Webshop\",\"description\":\"\",\"publisher\":{\"@id\":\"https:\\\/\\\/districos.standingout.be\\\/fr\\\/#organization\"},\"potentialAction\":[{\"@type\":\"SearchAction\",\"target\":{\"@type\":\"EntryPoint\",\"urlTemplate\":\"https:\\\/\\\/districos.standingout.be\\\/fr\\\/?s={search_term_string}\"},\"query-input\":{\"@type\":\"PropertyValueSpecification\",\"valueRequired\":true,\"valueName\":\"search_term_string\"}}],\"inLanguage\":\"fr-FR\"},{\"@type\":\"Organization\",\"@id\":\"https:\\\/\\\/districos.standingout.be\\\/fr\\\/#organization\",\"name\":\"Districos Webshop\",\"url\":\"https:\\\/\\\/districos.standingout.be\\\/fr\\\/\",\"logo\":{\"@type\":\"ImageObject\",\"inLanguage\":\"fr-FR\",\"@id\":\"https:\\\/\\\/districos.standingout.be\\\/fr\\\/#\\\/schema\\\/logo\\\/image\\\/\",\"url\":\"https:\\\/\\\/districos.standingout.be\\\/wp-content\\\/uploads\\\/2022\\\/09\\\/Districos_Logo_Webshop.svg\",\"contentUrl\":\"https:\\\/\\\/districos.standingout.be\\\/wp-content\\\/uploads\\\/2022\\\/09\\\/Districos_Logo_Webshop.svg\",\"caption\":\"Districos Webshop\"},\"image\":{\"@id\":\"https:\\\/\\\/districos.standingout.be\\\/fr\\\/#\\\/schema\\\/logo\\\/image\\\/\"}}]}<\/script>\n<!-- \/ Yoast SEO plugin. -->","yoast_head_json":{"title":"Namrol Unit Unit\u00e9 Configuration de Base - Districos Webshop","robots":{"index":"noindex","follow":"follow","max-snippet":"max-snippet:-1","max-image-preview":"max-image-preview:large","max-video-preview":"max-video-preview:-1"},"og_locale":"fr_FR","og_type":"article","og_title":"Namrol Unit Unit\u00e9 Configuration de Base - Districos Webshop","og_description":"Tout-en-un L&rsquo;unit\u00e9 tout-en-un Namrol Duna vous offre toutes les fonctionnalit\u00e9s. L&rsquo;appareil peut combiner la technologie humide, la technologie de s\u00e9chage, l&rsquo;extraction ainsi qu&rsquo;une turbine. Vous pouvez facilement fixer une lampe loupe ou une lampe dentaire \u00e0 l&rsquo;appareil. Pour une meilleure visibilit\u00e9 et pour \u00e9viter les troubles oculaires, il est pr\u00e9f\u00e9rable d&rsquo;opter pour une lampe dentaire [&hellip;]","og_url":"https:\/\/districos.standingout.be\/fr\/product\/namrol-unit-unite-configuration-de-base-ref-8377-008\/","og_site_name":"Districos Webshop","article_modified_time":"2026-04-28T08:53:01+00:00","twitter_card":"summary_large_image","twitter_misc":{"Dur\u00e9e de lecture estim\u00e9e":"2 minutes"},"schema":{"@context":"https:\/\/schema.org","@graph":[{"@type":"WebPage","@id":"https:\/\/districos.standingout.be\/fr\/product\/namrol-unit-unite-configuration-de-base-ref-8377-008\/","url":"https:\/\/districos.standingout.be\/fr\/product\/namrol-unit-unite-configuration-de-base-ref-8377-008\/","name":"Namrol Unit Unit\u00e9 Configuration de Base - Districos Webshop","isPartOf":{"@id":"https:\/\/districos.standingout.be\/fr\/#website"},"primaryImageOfPage":{"@id":"https:\/\/districos.standingout.be\/fr\/product\/namrol-unit-unite-configuration-de-base-ref-8377-008\/#primaryimage"},"image":{"@id":"https:\/\/districos.standingout.be\/fr\/product\/namrol-unit-unite-configuration-de-base-ref-8377-008\/#primaryimage"},"thumbnailUrl":"https:\/\/districos.standingout.be\/wp-content\/uploads\/2026\/04\/8377.008@Namrol-Duna-Unit-Basis-Configuratie_1-1.png","datePublished":"2026-04-28T08:52:59+00:00","dateModified":"2026-04-28T08:53:01+00:00","breadcrumb":{"@id":"https:\/\/districos.standingout.be\/fr\/product\/namrol-unit-unite-configuration-de-base-ref-8377-008\/#breadcrumb"},"inLanguage":"fr-FR","potentialAction":[{"@type":"ReadAction","target":["https:\/\/districos.standingout.be\/fr\/product\/namrol-unit-unite-configuration-de-base-ref-8377-008\/"]}]},{"@type":"ImageObject","inLanguage":"fr-FR","@id":"https:\/\/districos.standingout.be\/fr\/product\/namrol-unit-unite-configuration-de-base-ref-8377-008\/#primaryimage","url":"https:\/\/districos.standingout.be\/wp-content\/uploads\/2026\/04\/8377.008@Namrol-Duna-Unit-Basis-Configuratie_1-1.png","contentUrl":"https:\/\/districos.standingout.be\/wp-content\/uploads\/2026\/04\/8377.008@Namrol-Duna-Unit-Basis-Configuratie_1-1.png","width":600,"height":600},{"@type":"BreadcrumbList","@id":"https:\/\/districos.standingout.be\/fr\/product\/namrol-unit-unite-configuration-de-base-ref-8377-008\/#breadcrumb","itemListElement":[{"@type":"ListItem","position":1,"name":"Home","item":"https:\/\/districos.standingout.be\/fr\/bienvenue-chez-districos\/"},{"@type":"ListItem","position":2,"name":"Boutique","item":"https:\/\/districos.standingout.be\/fr\/boutique\/"},{"@type":"ListItem","position":3,"name":"Namrol Unit Unit\u00e9 Configuration de Base"}]},{"@type":"WebSite","@id":"https:\/\/districos.standingout.be\/fr\/#website","url":"https:\/\/districos.standingout.be\/fr\/","name":"Districos Webshop","description":"","publisher":{"@id":"https:\/\/districos.standingout.be\/fr\/#organization"},"potentialAction":[{"@type":"SearchAction","target":{"@type":"EntryPoint","urlTemplate":"https:\/\/districos.standingout.be\/fr\/?s={search_term_string}"},"query-input":{"@type":"PropertyValueSpecification","valueRequired":true,"valueName":"search_term_string"}}],"inLanguage":"fr-FR"},{"@type":"Organization","@id":"https:\/\/districos.standingout.be\/fr\/#organization","name":"Districos Webshop","url":"https:\/\/districos.standingout.be\/fr\/","logo":{"@type":"ImageObject","inLanguage":"fr-FR","@id":"https:\/\/districos.standingout.be\/fr\/#\/schema\/logo\/image\/","url":"https:\/\/districos.standingout.be\/wp-content\/uploads\/2022\/09\/Districos_Logo_Webshop.svg","contentUrl":"https:\/\/districos.standingout.be\/wp-content\/uploads\/2022\/09\/Districos_Logo_Webshop.svg","caption":"Districos Webshop"},"image":{"@id":"https:\/\/districos.standingout.be\/fr\/#\/schema\/logo\/image\/"}}]}},"_links":{"self":[{"href":"https:\/\/districos.standingout.be\/fr\/wp-json\/wp\/v2\/product\/138113","targetHints":{"allow":["GET"]}}],"collection":[{"href":"https:\/\/districos.standingout.be\/fr\/wp-json\/wp\/v2\/product"}],"about":[{"href":"https:\/\/districos.standingout.be\/fr\/wp-json\/wp\/v2\/types\/product"}],"replies":[{"embeddable":true,"href":"https:\/\/districos.standingout.be\/fr\/wp-json\/wp\/v2\/comments?post=138113"}],"wp:featuredmedia":[{"embeddable":true,"href":"https:\/\/districos.standingout.be\/fr\/wp-json\/wp\/v2\/media\/147820"}],"wp:attachment":[{"href":"https:\/\/districos.standingout.be\/fr\/wp-json\/wp\/v2\/media?parent=138113"}],"wp:term":[{"taxonomy":"product_brand","embeddable":true,"href":"https:\/\/districos.standingout.be\/fr\/wp-json\/wp\/v2\/product_brand?post=138113"},{"taxonomy":"product_cat","embeddable":true,"href":"https:\/\/districos.standingout.be\/fr\/wp-json\/wp\/v2\/product_cat?post=138113"},{"taxonomy":"product_tag","embeddable":true,"href":"https:\/\/districos.standingout.be\/fr\/wp-json\/wp\/v2\/product_tag?post=138113"}],"curies":[{"name":"wp","href":"https:\/\/api.w.org\/{rel}","templated":true}]}}