{"id":138119,"date":"2026-04-28T10:53:19","date_gmt":"2026-04-28T08:53:19","guid":{"rendered":"https:\/\/webshopdistricoscom.webhosting.be\/product\/namrol-meuble-3-tiroirs-bac-de-rangement-ref-8377-022\/"},"modified":"2026-04-28T10:53:28","modified_gmt":"2026-04-28T08:53:28","slug":"namrol-meuble-3-tiroirs-bac-de-rangement-ref-8377-022","status":"publish","type":"product","link":"https:\/\/districos.standingout.be\/fr\/product\/namrol-meuble-3-tiroirs-bac-de-rangement-ref-8377-022\/","title":{"rendered":"Namrol Meuble 3 tiroirs + Bac de Rangement"},"content":{"rendered":"<p >\n<p dir=ltr>\n<blockquote style=&quot;display: inline !important;&quot;>\n<div style=&quot;display: inline !important;&quot;>Pratique et facile d\u2019entretien<\/div>\n<\/blockquote>\n<div>De l&rsquo;ordre et de la nettet\u00e9 dans votre cabinet gr\u00e2ce \u00e0 ce meuble fixe pratique de Namrol avec 3 tiroirs et un grand espace de rangement. Fabriqu\u00e9 en acier facile d&rsquo;entretien pour une hygi\u00ebne parfaite. Avec cette station de travail vous choisissez non seulement pour une solution durable, mais \u00e9galement pour le designe et la couleur. Choisissez vous m\u00eame la couleur des poign\u00e9es et accordez les \u00e0 l&rsquo;am\u00e9nagement de votre cabinet.<\/p><\/div>\n<ul> <\/p>\n<li>Mat\u00e9riel: Acier<\/li>\n<p> <\/p>\n<li>Particularit\u00e9s: Sans roulettes, grand compartiment de rangement en bas<\/li>\n<p> <\/p>\n<li>Dimensions (l x l x h): 40,5 x 47,5 x 80,5 cm<\/li>\n<p> <\/p>\n<li>Nombre de tiroirs: 3<\/li>\n<p> <\/p>\n<li>Poign\u00e9es disponibles en 18 couleurs<\/li>\n<p> <\/ul><\/p>\n","protected":false},"excerpt":{"rendered":"<p>Pratique et facile d\u2019entretien De l&rsquo;ordre et de la nettet\u00e9 dans votre cabinet gr\u00e2ce \u00e0 ce meuble fixe pratique de Namrol avec 3 tiroirs et un grand espace de rangement. Fabriqu\u00e9 en acier facile d&rsquo;entretien pour une hygi\u00ebne parfaite. Avec cette station de travail vous choisissez non seulement pour une solution durable, mais \u00e9galement pour [&hellip;]<\/p>\n","protected":false},"featured_media":80450,"comment_status":"open","ping_status":"closed","template":"","meta":{"_acf_changed":false},"product_brand":[10492],"product_cat":[9960,10110,10233,10072],"product_tag":[],"class_list":{"0":"post-138119","1":"product","2":"type-product","3":"status-publish","4":"has-post-thumbnail","6":"product_brand-namrol-fr","7":"product_cat-beaute-pedicure-amenagement-du-cabinet","8":"product_cat-amenagement-amenagement-gueridons","9":"product_cat-amenagement-fauteuils-de-traitement-pedicure","10":"product_cat-soins-des-pieds-podologie-amenagement-du-cabinet-tables-de-travail","12":"first","13":"instock","14":"taxable","15":"shipping-taxable","16":"product-type-simple"},"acf":[],"yoast_head":"<!-- This site is optimized with the Yoast SEO plugin v27.3 - https:\/\/yoast.com\/product\/yoast-seo-wordpress\/ -->\n<title>Namrol Meuble 3 tiroirs + Bac de Rangement - Districos Webshop<\/title>\n<meta name=\"robots\" content=\"noindex, follow, max-snippet:-1, max-image-preview:large, max-video-preview:-1\" \/>\n<meta property=\"og:locale\" content=\"fr_FR\" \/>\n<meta property=\"og:type\" content=\"article\" \/>\n<meta property=\"og:title\" content=\"Namrol Meuble 3 tiroirs + Bac de Rangement - Districos Webshop\" \/>\n<meta property=\"og:description\" content=\"Pratique et facile d\u2019entretien De l&rsquo;ordre et de la nettet\u00e9 dans votre cabinet gr\u00e2ce \u00e0 ce meuble fixe pratique de Namrol avec 3 tiroirs et un grand espace de rangement. Fabriqu\u00e9 en acier facile d&rsquo;entretien pour une hygi\u00ebne parfaite. Avec cette station de travail vous choisissez non seulement pour une solution durable, mais \u00e9galement pour [&hellip;]\" \/>\n<meta property=\"og:url\" content=\"https:\/\/districos.standingout.be\/fr\/product\/namrol-meuble-3-tiroirs-bac-de-rangement-ref-8377-022\/\" \/>\n<meta property=\"og:site_name\" content=\"Districos Webshop\" \/>\n<meta property=\"article:modified_time\" content=\"2026-04-28T08:53:28+00:00\" \/>\n<meta name=\"twitter:card\" content=\"summary_large_image\" \/>\n<meta name=\"twitter:label1\" content=\"Dur\u00e9e de lecture estim\u00e9e\" \/>\n\t<meta name=\"twitter:data1\" content=\"1 minute\" \/>\n<script type=\"application\/ld+json\" class=\"yoast-schema-graph\">{\"@context\":\"https:\\\/\\\/schema.org\",\"@graph\":[{\"@type\":\"WebPage\",\"@id\":\"https:\\\/\\\/districos.standingout.be\\\/fr\\\/product\\\/namrol-meuble-3-tiroirs-bac-de-rangement-ref-8377-022\\\/\",\"url\":\"https:\\\/\\\/districos.standingout.be\\\/fr\\\/product\\\/namrol-meuble-3-tiroirs-bac-de-rangement-ref-8377-022\\\/\",\"name\":\"Namrol Meuble 3 tiroirs + Bac de Rangement - Districos Webshop\",\"isPartOf\":{\"@id\":\"https:\\\/\\\/districos.standingout.be\\\/fr\\\/#website\"},\"primaryImageOfPage\":{\"@id\":\"https:\\\/\\\/districos.standingout.be\\\/fr\\\/product\\\/namrol-meuble-3-tiroirs-bac-de-rangement-ref-8377-022\\\/#primaryimage\"},\"image\":{\"@id\":\"https:\\\/\\\/districos.standingout.be\\\/fr\\\/product\\\/namrol-meuble-3-tiroirs-bac-de-rangement-ref-8377-022\\\/#primaryimage\"},\"thumbnailUrl\":\"https:\\\/\\\/districos.standingout.be\\\/wp-content\\\/uploads\\\/2025\\\/07\\\/8377.022@LowRes_0_99.png\",\"datePublished\":\"2026-04-28T08:53:19+00:00\",\"dateModified\":\"2026-04-28T08:53:28+00:00\",\"breadcrumb\":{\"@id\":\"https:\\\/\\\/districos.standingout.be\\\/fr\\\/product\\\/namrol-meuble-3-tiroirs-bac-de-rangement-ref-8377-022\\\/#breadcrumb\"},\"inLanguage\":\"fr-FR\",\"potentialAction\":[{\"@type\":\"ReadAction\",\"target\":[\"https:\\\/\\\/districos.standingout.be\\\/fr\\\/product\\\/namrol-meuble-3-tiroirs-bac-de-rangement-ref-8377-022\\\/\"]}]},{\"@type\":\"ImageObject\",\"inLanguage\":\"fr-FR\",\"@id\":\"https:\\\/\\\/districos.standingout.be\\\/fr\\\/product\\\/namrol-meuble-3-tiroirs-bac-de-rangement-ref-8377-022\\\/#primaryimage\",\"url\":\"https:\\\/\\\/districos.standingout.be\\\/wp-content\\\/uploads\\\/2025\\\/07\\\/8377.022@LowRes_0_99.png\",\"contentUrl\":\"https:\\\/\\\/districos.standingout.be\\\/wp-content\\\/uploads\\\/2025\\\/07\\\/8377.022@LowRes_0_99.png\",\"width\":600,\"height\":600},{\"@type\":\"BreadcrumbList\",\"@id\":\"https:\\\/\\\/districos.standingout.be\\\/fr\\\/product\\\/namrol-meuble-3-tiroirs-bac-de-rangement-ref-8377-022\\\/#breadcrumb\",\"itemListElement\":[{\"@type\":\"ListItem\",\"position\":1,\"name\":\"Home\",\"item\":\"https:\\\/\\\/districos.standingout.be\\\/fr\\\/bienvenue-chez-districos\\\/\"},{\"@type\":\"ListItem\",\"position\":2,\"name\":\"Boutique\",\"item\":\"https:\\\/\\\/districos.standingout.be\\\/fr\\\/boutique\\\/\"},{\"@type\":\"ListItem\",\"position\":3,\"name\":\"Namrol Meuble 3 tiroirs + Bac de Rangement\"}]},{\"@type\":\"WebSite\",\"@id\":\"https:\\\/\\\/districos.standingout.be\\\/fr\\\/#website\",\"url\":\"https:\\\/\\\/districos.standingout.be\\\/fr\\\/\",\"name\":\"Districos Webshop\",\"description\":\"\",\"publisher\":{\"@id\":\"https:\\\/\\\/districos.standingout.be\\\/fr\\\/#organization\"},\"potentialAction\":[{\"@type\":\"SearchAction\",\"target\":{\"@type\":\"EntryPoint\",\"urlTemplate\":\"https:\\\/\\\/districos.standingout.be\\\/fr\\\/?s={search_term_string}\"},\"query-input\":{\"@type\":\"PropertyValueSpecification\",\"valueRequired\":true,\"valueName\":\"search_term_string\"}}],\"inLanguage\":\"fr-FR\"},{\"@type\":\"Organization\",\"@id\":\"https:\\\/\\\/districos.standingout.be\\\/fr\\\/#organization\",\"name\":\"Districos Webshop\",\"url\":\"https:\\\/\\\/districos.standingout.be\\\/fr\\\/\",\"logo\":{\"@type\":\"ImageObject\",\"inLanguage\":\"fr-FR\",\"@id\":\"https:\\\/\\\/districos.standingout.be\\\/fr\\\/#\\\/schema\\\/logo\\\/image\\\/\",\"url\":\"https:\\\/\\\/districos.standingout.be\\\/wp-content\\\/uploads\\\/2022\\\/09\\\/Districos_Logo_Webshop.svg\",\"contentUrl\":\"https:\\\/\\\/districos.standingout.be\\\/wp-content\\\/uploads\\\/2022\\\/09\\\/Districos_Logo_Webshop.svg\",\"caption\":\"Districos Webshop\"},\"image\":{\"@id\":\"https:\\\/\\\/districos.standingout.be\\\/fr\\\/#\\\/schema\\\/logo\\\/image\\\/\"}}]}<\/script>\n<!-- \/ Yoast SEO plugin. -->","yoast_head_json":{"title":"Namrol Meuble 3 tiroirs + Bac de Rangement - Districos Webshop","robots":{"index":"noindex","follow":"follow","max-snippet":"max-snippet:-1","max-image-preview":"max-image-preview:large","max-video-preview":"max-video-preview:-1"},"og_locale":"fr_FR","og_type":"article","og_title":"Namrol Meuble 3 tiroirs + Bac de Rangement - Districos Webshop","og_description":"Pratique et facile d\u2019entretien De l&rsquo;ordre et de la nettet\u00e9 dans votre cabinet gr\u00e2ce \u00e0 ce meuble fixe pratique de Namrol avec 3 tiroirs et un grand espace de rangement. Fabriqu\u00e9 en acier facile d&rsquo;entretien pour une hygi\u00ebne parfaite. Avec cette station de travail vous choisissez non seulement pour une solution durable, mais \u00e9galement pour [&hellip;]","og_url":"https:\/\/districos.standingout.be\/fr\/product\/namrol-meuble-3-tiroirs-bac-de-rangement-ref-8377-022\/","og_site_name":"Districos Webshop","article_modified_time":"2026-04-28T08:53:28+00:00","twitter_card":"summary_large_image","twitter_misc":{"Dur\u00e9e de lecture estim\u00e9e":"1 minute"},"schema":{"@context":"https:\/\/schema.org","@graph":[{"@type":"WebPage","@id":"https:\/\/districos.standingout.be\/fr\/product\/namrol-meuble-3-tiroirs-bac-de-rangement-ref-8377-022\/","url":"https:\/\/districos.standingout.be\/fr\/product\/namrol-meuble-3-tiroirs-bac-de-rangement-ref-8377-022\/","name":"Namrol Meuble 3 tiroirs + Bac de Rangement - Districos Webshop","isPartOf":{"@id":"https:\/\/districos.standingout.be\/fr\/#website"},"primaryImageOfPage":{"@id":"https:\/\/districos.standingout.be\/fr\/product\/namrol-meuble-3-tiroirs-bac-de-rangement-ref-8377-022\/#primaryimage"},"image":{"@id":"https:\/\/districos.standingout.be\/fr\/product\/namrol-meuble-3-tiroirs-bac-de-rangement-ref-8377-022\/#primaryimage"},"thumbnailUrl":"https:\/\/districos.standingout.be\/wp-content\/uploads\/2025\/07\/8377.022@LowRes_0_99.png","datePublished":"2026-04-28T08:53:19+00:00","dateModified":"2026-04-28T08:53:28+00:00","breadcrumb":{"@id":"https:\/\/districos.standingout.be\/fr\/product\/namrol-meuble-3-tiroirs-bac-de-rangement-ref-8377-022\/#breadcrumb"},"inLanguage":"fr-FR","potentialAction":[{"@type":"ReadAction","target":["https:\/\/districos.standingout.be\/fr\/product\/namrol-meuble-3-tiroirs-bac-de-rangement-ref-8377-022\/"]}]},{"@type":"ImageObject","inLanguage":"fr-FR","@id":"https:\/\/districos.standingout.be\/fr\/product\/namrol-meuble-3-tiroirs-bac-de-rangement-ref-8377-022\/#primaryimage","url":"https:\/\/districos.standingout.be\/wp-content\/uploads\/2025\/07\/8377.022@LowRes_0_99.png","contentUrl":"https:\/\/districos.standingout.be\/wp-content\/uploads\/2025\/07\/8377.022@LowRes_0_99.png","width":600,"height":600},{"@type":"BreadcrumbList","@id":"https:\/\/districos.standingout.be\/fr\/product\/namrol-meuble-3-tiroirs-bac-de-rangement-ref-8377-022\/#breadcrumb","itemListElement":[{"@type":"ListItem","position":1,"name":"Home","item":"https:\/\/districos.standingout.be\/fr\/bienvenue-chez-districos\/"},{"@type":"ListItem","position":2,"name":"Boutique","item":"https:\/\/districos.standingout.be\/fr\/boutique\/"},{"@type":"ListItem","position":3,"name":"Namrol Meuble 3 tiroirs + Bac de Rangement"}]},{"@type":"WebSite","@id":"https:\/\/districos.standingout.be\/fr\/#website","url":"https:\/\/districos.standingout.be\/fr\/","name":"Districos Webshop","description":"","publisher":{"@id":"https:\/\/districos.standingout.be\/fr\/#organization"},"potentialAction":[{"@type":"SearchAction","target":{"@type":"EntryPoint","urlTemplate":"https:\/\/districos.standingout.be\/fr\/?s={search_term_string}"},"query-input":{"@type":"PropertyValueSpecification","valueRequired":true,"valueName":"search_term_string"}}],"inLanguage":"fr-FR"},{"@type":"Organization","@id":"https:\/\/districos.standingout.be\/fr\/#organization","name":"Districos Webshop","url":"https:\/\/districos.standingout.be\/fr\/","logo":{"@type":"ImageObject","inLanguage":"fr-FR","@id":"https:\/\/districos.standingout.be\/fr\/#\/schema\/logo\/image\/","url":"https:\/\/districos.standingout.be\/wp-content\/uploads\/2022\/09\/Districos_Logo_Webshop.svg","contentUrl":"https:\/\/districos.standingout.be\/wp-content\/uploads\/2022\/09\/Districos_Logo_Webshop.svg","caption":"Districos Webshop"},"image":{"@id":"https:\/\/districos.standingout.be\/fr\/#\/schema\/logo\/image\/"}}]}},"_links":{"self":[{"href":"https:\/\/districos.standingout.be\/fr\/wp-json\/wp\/v2\/product\/138119","targetHints":{"allow":["GET"]}}],"collection":[{"href":"https:\/\/districos.standingout.be\/fr\/wp-json\/wp\/v2\/product"}],"about":[{"href":"https:\/\/districos.standingout.be\/fr\/wp-json\/wp\/v2\/types\/product"}],"replies":[{"embeddable":true,"href":"https:\/\/districos.standingout.be\/fr\/wp-json\/wp\/v2\/comments?post=138119"}],"wp:featuredmedia":[{"embeddable":true,"href":"https:\/\/districos.standingout.be\/fr\/wp-json\/wp\/v2\/media\/80450"}],"wp:attachment":[{"href":"https:\/\/districos.standingout.be\/fr\/wp-json\/wp\/v2\/media?parent=138119"}],"wp:term":[{"taxonomy":"product_brand","embeddable":true,"href":"https:\/\/districos.standingout.be\/fr\/wp-json\/wp\/v2\/product_brand?post=138119"},{"taxonomy":"product_cat","embeddable":true,"href":"https:\/\/districos.standingout.be\/fr\/wp-json\/wp\/v2\/product_cat?post=138119"},{"taxonomy":"product_tag","embeddable":true,"href":"https:\/\/districos.standingout.be\/fr\/wp-json\/wp\/v2\/product_tag?post=138119"}],"curies":[{"name":"wp","href":"https:\/\/api.w.org\/{rel}","templated":true}]}}