{"id":138137,"date":"2026-04-28T10:54:39","date_gmt":"2026-04-28T08:54:39","guid":{"rendered":"https:\/\/webshopdistricoscom.webhosting.be\/product\/namrol-option-aspiration-technique-a-sec-hors-micromoteur-ref-8377-105\/"},"modified":"2026-04-28T10:54:44","modified_gmt":"2026-04-28T08:54:44","slug":"namrol-option-aspiration-technique-a-sec-hors-micromoteur-ref-8377-105","status":"publish","type":"product","link":"https:\/\/districos.standingout.be\/fr\/product\/namrol-option-aspiration-technique-a-sec-hors-micromoteur-ref-8377-105\/","title":{"rendered":"Namrol Option Aspiration Technique \u00e0 Sec (hors micromoteur)"},"content":{"rendered":"<p >\n<p dir=ltr>Aspiration pour technique \u00e0 sec:&nbsp; <\/p>\n<ul> <\/p>\n<li>Moteur technique \u00e0 sec requis (8377.104) <\/li>\n<p> <\/p>\n<li>Combinaison avec technique \u00e0 spray possible <\/li>\n<p> <\/p>\n<li>Technique \u00e0 spray, aspiration et turbine peuvent \u00eatre activ\u00e9s simultan\u00e9ment <\/li>\n<p> <\/p>\n<li>\u00c9galement disponible sans technique \u00e0 spray <\/li>\n<p> <\/ul>\n<p> Pour l\u2019Activ, choissisez l\u2019option 8377.108. <\/p><\/p>\n","protected":false},"excerpt":{"rendered":"<p>Aspiration pour technique \u00e0 sec:&nbsp; Moteur technique \u00e0 sec requis (8377.104) Combinaison avec technique \u00e0 spray possible Technique \u00e0 spray, aspiration et turbine peuvent \u00eatre activ\u00e9s simultan\u00e9ment \u00c9galement disponible sans technique \u00e0 spray Pour l\u2019Activ, choissisez l\u2019option 8377.108.<\/p>\n","protected":false},"featured_media":80486,"comment_status":"open","ping_status":"closed","template":"","meta":{"_acf_changed":false},"product_brand":[10492],"product_cat":[10040,10074,10112],"product_tag":[],"class_list":{"0":"post-138137","1":"product","2":"type-product","3":"status-publish","4":"has-post-thumbnail","6":"product_brand-namrol-fr","7":"product_cat-soins-des-pieds-podologie-fraiseuses-unites","8":"product_cat-soins-des-pieds-podologie-amenagement-du-cabinet-unites","9":"product_cat-amenagement-amenagement-unites","11":"first","12":"instock","13":"taxable","14":"shipping-taxable","15":"product-type-simple"},"acf":[],"yoast_head":"<!-- This site is optimized with the Yoast SEO plugin v27.3 - https:\/\/yoast.com\/product\/yoast-seo-wordpress\/ -->\n<title>Namrol Option Aspiration Technique \u00e0 Sec (hors micromoteur) - Districos Webshop<\/title>\n<meta name=\"robots\" content=\"noindex, follow, max-snippet:-1, max-image-preview:large, max-video-preview:-1\" \/>\n<meta property=\"og:locale\" content=\"fr_FR\" \/>\n<meta property=\"og:type\" content=\"article\" \/>\n<meta property=\"og:title\" content=\"Namrol Option Aspiration Technique \u00e0 Sec (hors micromoteur) - Districos Webshop\" \/>\n<meta property=\"og:description\" content=\"Aspiration pour technique \u00e0 sec:&nbsp; Moteur technique \u00e0 sec requis (8377.104) Combinaison avec technique \u00e0 spray possible Technique \u00e0 spray, aspiration et turbine peuvent \u00eatre activ\u00e9s simultan\u00e9ment \u00c9galement disponible sans technique \u00e0 spray Pour l\u2019Activ, choissisez l\u2019option 8377.108.\" \/>\n<meta property=\"og:url\" content=\"https:\/\/districos.standingout.be\/fr\/product\/namrol-option-aspiration-technique-a-sec-hors-micromoteur-ref-8377-105\/\" \/>\n<meta property=\"og:site_name\" content=\"Districos Webshop\" \/>\n<meta property=\"article:modified_time\" content=\"2026-04-28T08:54:44+00:00\" \/>\n<meta name=\"twitter:card\" content=\"summary_large_image\" \/>\n<script type=\"application\/ld+json\" class=\"yoast-schema-graph\">{\"@context\":\"https:\\\/\\\/schema.org\",\"@graph\":[{\"@type\":\"WebPage\",\"@id\":\"https:\\\/\\\/districos.standingout.be\\\/fr\\\/product\\\/namrol-option-aspiration-technique-a-sec-hors-micromoteur-ref-8377-105\\\/\",\"url\":\"https:\\\/\\\/districos.standingout.be\\\/fr\\\/product\\\/namrol-option-aspiration-technique-a-sec-hors-micromoteur-ref-8377-105\\\/\",\"name\":\"Namrol Option Aspiration Technique \u00e0 Sec (hors micromoteur) - Districos Webshop\",\"isPartOf\":{\"@id\":\"https:\\\/\\\/districos.standingout.be\\\/fr\\\/#website\"},\"primaryImageOfPage\":{\"@id\":\"https:\\\/\\\/districos.standingout.be\\\/fr\\\/product\\\/namrol-option-aspiration-technique-a-sec-hors-micromoteur-ref-8377-105\\\/#primaryimage\"},\"image\":{\"@id\":\"https:\\\/\\\/districos.standingout.be\\\/fr\\\/product\\\/namrol-option-aspiration-technique-a-sec-hors-micromoteur-ref-8377-105\\\/#primaryimage\"},\"thumbnailUrl\":\"https:\\\/\\\/districos.standingout.be\\\/wp-content\\\/uploads\\\/2025\\\/07\\\/8377.105@LowRes_1.png\",\"datePublished\":\"2026-04-28T08:54:39+00:00\",\"dateModified\":\"2026-04-28T08:54:44+00:00\",\"breadcrumb\":{\"@id\":\"https:\\\/\\\/districos.standingout.be\\\/fr\\\/product\\\/namrol-option-aspiration-technique-a-sec-hors-micromoteur-ref-8377-105\\\/#breadcrumb\"},\"inLanguage\":\"fr-FR\",\"potentialAction\":[{\"@type\":\"ReadAction\",\"target\":[\"https:\\\/\\\/districos.standingout.be\\\/fr\\\/product\\\/namrol-option-aspiration-technique-a-sec-hors-micromoteur-ref-8377-105\\\/\"]}]},{\"@type\":\"ImageObject\",\"inLanguage\":\"fr-FR\",\"@id\":\"https:\\\/\\\/districos.standingout.be\\\/fr\\\/product\\\/namrol-option-aspiration-technique-a-sec-hors-micromoteur-ref-8377-105\\\/#primaryimage\",\"url\":\"https:\\\/\\\/districos.standingout.be\\\/wp-content\\\/uploads\\\/2025\\\/07\\\/8377.105@LowRes_1.png\",\"contentUrl\":\"https:\\\/\\\/districos.standingout.be\\\/wp-content\\\/uploads\\\/2025\\\/07\\\/8377.105@LowRes_1.png\",\"width\":600,\"height\":600},{\"@type\":\"BreadcrumbList\",\"@id\":\"https:\\\/\\\/districos.standingout.be\\\/fr\\\/product\\\/namrol-option-aspiration-technique-a-sec-hors-micromoteur-ref-8377-105\\\/#breadcrumb\",\"itemListElement\":[{\"@type\":\"ListItem\",\"position\":1,\"name\":\"Home\",\"item\":\"https:\\\/\\\/districos.standingout.be\\\/fr\\\/bienvenue-chez-districos\\\/\"},{\"@type\":\"ListItem\",\"position\":2,\"name\":\"Boutique\",\"item\":\"https:\\\/\\\/districos.standingout.be\\\/fr\\\/boutique\\\/\"},{\"@type\":\"ListItem\",\"position\":3,\"name\":\"Namrol Option Aspiration Technique \u00e0 Sec (hors micromoteur)\"}]},{\"@type\":\"WebSite\",\"@id\":\"https:\\\/\\\/districos.standingout.be\\\/fr\\\/#website\",\"url\":\"https:\\\/\\\/districos.standingout.be\\\/fr\\\/\",\"name\":\"Districos Webshop\",\"description\":\"\",\"publisher\":{\"@id\":\"https:\\\/\\\/districos.standingout.be\\\/fr\\\/#organization\"},\"potentialAction\":[{\"@type\":\"SearchAction\",\"target\":{\"@type\":\"EntryPoint\",\"urlTemplate\":\"https:\\\/\\\/districos.standingout.be\\\/fr\\\/?s={search_term_string}\"},\"query-input\":{\"@type\":\"PropertyValueSpecification\",\"valueRequired\":true,\"valueName\":\"search_term_string\"}}],\"inLanguage\":\"fr-FR\"},{\"@type\":\"Organization\",\"@id\":\"https:\\\/\\\/districos.standingout.be\\\/fr\\\/#organization\",\"name\":\"Districos Webshop\",\"url\":\"https:\\\/\\\/districos.standingout.be\\\/fr\\\/\",\"logo\":{\"@type\":\"ImageObject\",\"inLanguage\":\"fr-FR\",\"@id\":\"https:\\\/\\\/districos.standingout.be\\\/fr\\\/#\\\/schema\\\/logo\\\/image\\\/\",\"url\":\"https:\\\/\\\/districos.standingout.be\\\/wp-content\\\/uploads\\\/2022\\\/09\\\/Districos_Logo_Webshop.svg\",\"contentUrl\":\"https:\\\/\\\/districos.standingout.be\\\/wp-content\\\/uploads\\\/2022\\\/09\\\/Districos_Logo_Webshop.svg\",\"caption\":\"Districos Webshop\"},\"image\":{\"@id\":\"https:\\\/\\\/districos.standingout.be\\\/fr\\\/#\\\/schema\\\/logo\\\/image\\\/\"}}]}<\/script>\n<!-- \/ Yoast SEO plugin. -->","yoast_head_json":{"title":"Namrol Option Aspiration Technique \u00e0 Sec (hors micromoteur) - Districos Webshop","robots":{"index":"noindex","follow":"follow","max-snippet":"max-snippet:-1","max-image-preview":"max-image-preview:large","max-video-preview":"max-video-preview:-1"},"og_locale":"fr_FR","og_type":"article","og_title":"Namrol Option Aspiration Technique \u00e0 Sec (hors micromoteur) - Districos Webshop","og_description":"Aspiration pour technique \u00e0 sec:&nbsp; Moteur technique \u00e0 sec requis (8377.104) Combinaison avec technique \u00e0 spray possible Technique \u00e0 spray, aspiration et turbine peuvent \u00eatre activ\u00e9s simultan\u00e9ment \u00c9galement disponible sans technique \u00e0 spray Pour l\u2019Activ, choissisez l\u2019option 8377.108.","og_url":"https:\/\/districos.standingout.be\/fr\/product\/namrol-option-aspiration-technique-a-sec-hors-micromoteur-ref-8377-105\/","og_site_name":"Districos Webshop","article_modified_time":"2026-04-28T08:54:44+00:00","twitter_card":"summary_large_image","schema":{"@context":"https:\/\/schema.org","@graph":[{"@type":"WebPage","@id":"https:\/\/districos.standingout.be\/fr\/product\/namrol-option-aspiration-technique-a-sec-hors-micromoteur-ref-8377-105\/","url":"https:\/\/districos.standingout.be\/fr\/product\/namrol-option-aspiration-technique-a-sec-hors-micromoteur-ref-8377-105\/","name":"Namrol Option Aspiration Technique \u00e0 Sec (hors micromoteur) - Districos Webshop","isPartOf":{"@id":"https:\/\/districos.standingout.be\/fr\/#website"},"primaryImageOfPage":{"@id":"https:\/\/districos.standingout.be\/fr\/product\/namrol-option-aspiration-technique-a-sec-hors-micromoteur-ref-8377-105\/#primaryimage"},"image":{"@id":"https:\/\/districos.standingout.be\/fr\/product\/namrol-option-aspiration-technique-a-sec-hors-micromoteur-ref-8377-105\/#primaryimage"},"thumbnailUrl":"https:\/\/districos.standingout.be\/wp-content\/uploads\/2025\/07\/8377.105@LowRes_1.png","datePublished":"2026-04-28T08:54:39+00:00","dateModified":"2026-04-28T08:54:44+00:00","breadcrumb":{"@id":"https:\/\/districos.standingout.be\/fr\/product\/namrol-option-aspiration-technique-a-sec-hors-micromoteur-ref-8377-105\/#breadcrumb"},"inLanguage":"fr-FR","potentialAction":[{"@type":"ReadAction","target":["https:\/\/districos.standingout.be\/fr\/product\/namrol-option-aspiration-technique-a-sec-hors-micromoteur-ref-8377-105\/"]}]},{"@type":"ImageObject","inLanguage":"fr-FR","@id":"https:\/\/districos.standingout.be\/fr\/product\/namrol-option-aspiration-technique-a-sec-hors-micromoteur-ref-8377-105\/#primaryimage","url":"https:\/\/districos.standingout.be\/wp-content\/uploads\/2025\/07\/8377.105@LowRes_1.png","contentUrl":"https:\/\/districos.standingout.be\/wp-content\/uploads\/2025\/07\/8377.105@LowRes_1.png","width":600,"height":600},{"@type":"BreadcrumbList","@id":"https:\/\/districos.standingout.be\/fr\/product\/namrol-option-aspiration-technique-a-sec-hors-micromoteur-ref-8377-105\/#breadcrumb","itemListElement":[{"@type":"ListItem","position":1,"name":"Home","item":"https:\/\/districos.standingout.be\/fr\/bienvenue-chez-districos\/"},{"@type":"ListItem","position":2,"name":"Boutique","item":"https:\/\/districos.standingout.be\/fr\/boutique\/"},{"@type":"ListItem","position":3,"name":"Namrol Option Aspiration Technique \u00e0 Sec (hors micromoteur)"}]},{"@type":"WebSite","@id":"https:\/\/districos.standingout.be\/fr\/#website","url":"https:\/\/districos.standingout.be\/fr\/","name":"Districos Webshop","description":"","publisher":{"@id":"https:\/\/districos.standingout.be\/fr\/#organization"},"potentialAction":[{"@type":"SearchAction","target":{"@type":"EntryPoint","urlTemplate":"https:\/\/districos.standingout.be\/fr\/?s={search_term_string}"},"query-input":{"@type":"PropertyValueSpecification","valueRequired":true,"valueName":"search_term_string"}}],"inLanguage":"fr-FR"},{"@type":"Organization","@id":"https:\/\/districos.standingout.be\/fr\/#organization","name":"Districos Webshop","url":"https:\/\/districos.standingout.be\/fr\/","logo":{"@type":"ImageObject","inLanguage":"fr-FR","@id":"https:\/\/districos.standingout.be\/fr\/#\/schema\/logo\/image\/","url":"https:\/\/districos.standingout.be\/wp-content\/uploads\/2022\/09\/Districos_Logo_Webshop.svg","contentUrl":"https:\/\/districos.standingout.be\/wp-content\/uploads\/2022\/09\/Districos_Logo_Webshop.svg","caption":"Districos Webshop"},"image":{"@id":"https:\/\/districos.standingout.be\/fr\/#\/schema\/logo\/image\/"}}]}},"_links":{"self":[{"href":"https:\/\/districos.standingout.be\/fr\/wp-json\/wp\/v2\/product\/138137","targetHints":{"allow":["GET"]}}],"collection":[{"href":"https:\/\/districos.standingout.be\/fr\/wp-json\/wp\/v2\/product"}],"about":[{"href":"https:\/\/districos.standingout.be\/fr\/wp-json\/wp\/v2\/types\/product"}],"replies":[{"embeddable":true,"href":"https:\/\/districos.standingout.be\/fr\/wp-json\/wp\/v2\/comments?post=138137"}],"wp:featuredmedia":[{"embeddable":true,"href":"https:\/\/districos.standingout.be\/fr\/wp-json\/wp\/v2\/media\/80486"}],"wp:attachment":[{"href":"https:\/\/districos.standingout.be\/fr\/wp-json\/wp\/v2\/media?parent=138137"}],"wp:term":[{"taxonomy":"product_brand","embeddable":true,"href":"https:\/\/districos.standingout.be\/fr\/wp-json\/wp\/v2\/product_brand?post=138137"},{"taxonomy":"product_cat","embeddable":true,"href":"https:\/\/districos.standingout.be\/fr\/wp-json\/wp\/v2\/product_cat?post=138137"},{"taxonomy":"product_tag","embeddable":true,"href":"https:\/\/districos.standingout.be\/fr\/wp-json\/wp\/v2\/product_tag?post=138137"}],"curies":[{"name":"wp","href":"https:\/\/api.w.org\/{rel}","templated":true}]}}