{"id":138245,"date":"2026-04-28T10:59:24","date_gmt":"2026-04-28T08:59:24","guid":{"rendered":"https:\/\/webshopdistricoscom.webhosting.be\/product\/couverture-sauna-1-zone-155x78-cm-36-v-ref-8386-02\/"},"modified":"2026-04-28T10:59:30","modified_gmt":"2026-04-28T08:59:30","slug":"couverture-sauna-1-zone-155x78-cm-36-v-ref-8386-02","status":"publish","type":"product","link":"https:\/\/districos.standingout.be\/fr\/product\/couverture-sauna-1-zone-155x78-cm-36-v-ref-8386-02\/","title":{"rendered":"Couverture Sauna 1 Zone 155&#215;78 cm 36 V"},"content":{"rendered":"<p >\n<p dir=ltr>ouverture sauna electrique 1 zone \u00e0 thermostatr\u00e9glable<\/p>\n<p> Caract\u00e9ristiques : <\/p>\n<ul> <\/p>\n<li>Couverture chauffante plastifi\u00e9e et lavable<\/li>\n<p> <\/p>\n<li>Avec fermeture velcro<\/li>\n<p> <\/p>\n<li>Fabriqu\u00e9e en mat\u00e9riau ignifuge<\/li>\n<p> <\/p>\n<li>S\u2019utilise tant au-dessus qu\u2019au-dessous du\/de la client(e)<\/li>\n<p> <\/p>\n<li>Fonctionnement \u00e0 36 V<\/li>\n<p> <\/p>\n<li>Temp\u00e9rature r\u00e9glable entre 30\u00b0C et 60\u00b0C. La temp\u00e9rature recommand\u00e9e est de 42\u00b0C.<\/li>\n<p> <\/p>\n<li>Puissance : 210 W<\/li>\n<p> <\/p>\n<li>Dimensions : 78 x 155 cm<\/li>\n<p> <\/ul><\/p>\n","protected":false},"excerpt":{"rendered":"<p>ouverture sauna electrique 1 zone \u00e0 thermostatr\u00e9glable Caract\u00e9ristiques : Couverture chauffante plastifi\u00e9e et lavable Avec fermeture velcro Fabriqu\u00e9e en mat\u00e9riau ignifuge S\u2019utilise tant au-dessus qu\u2019au-dessous du\/de la client(e) Fonctionnement \u00e0 36 V Temp\u00e9rature r\u00e9glable entre 30\u00b0C et 60\u00b0C. La temp\u00e9rature recommand\u00e9e est de 42\u00b0C. Puissance : 210 W Dimensions : 78 x 155 cm<\/p>\n","protected":false},"featured_media":80822,"comment_status":"open","ping_status":"closed","template":"","meta":{"_acf_changed":false},"product_brand":[10380],"product_cat":[10094,9878],"product_tag":[],"class_list":{"0":"post-138245","1":"product","2":"type-product","3":"status-publish","4":"has-post-thumbnail","6":"product_brand-districos-fr","7":"product_cat-amenagement-equipement-corps","8":"product_cat-beaute-corps-equipement","10":"first","11":"instock","12":"taxable","13":"shipping-taxable","14":"product-type-simple"},"acf":[],"yoast_head":"<!-- This site is optimized with the Yoast SEO plugin v27.3 - https:\/\/yoast.com\/product\/yoast-seo-wordpress\/ -->\n<title>Couverture Sauna 1 Zone 155x78 cm 36 V - Districos Webshop<\/title>\n<meta name=\"robots\" content=\"noindex, follow, max-snippet:-1, max-image-preview:large, max-video-preview:-1\" \/>\n<meta property=\"og:locale\" content=\"fr_FR\" \/>\n<meta property=\"og:type\" content=\"article\" \/>\n<meta property=\"og:title\" content=\"Couverture Sauna 1 Zone 155x78 cm 36 V - Districos Webshop\" \/>\n<meta property=\"og:description\" content=\"ouverture sauna electrique 1 zone \u00e0 thermostatr\u00e9glable Caract\u00e9ristiques : Couverture chauffante plastifi\u00e9e et lavable Avec fermeture velcro Fabriqu\u00e9e en mat\u00e9riau ignifuge S\u2019utilise tant au-dessus qu\u2019au-dessous du\/de la client(e) Fonctionnement \u00e0 36 V Temp\u00e9rature r\u00e9glable entre 30\u00b0C et 60\u00b0C. La temp\u00e9rature recommand\u00e9e est de 42\u00b0C. Puissance : 210 W Dimensions : 78 x 155 cm\" \/>\n<meta property=\"og:url\" content=\"https:\/\/districos.standingout.be\/fr\/product\/couverture-sauna-1-zone-155x78-cm-36-v-ref-8386-02\/\" \/>\n<meta property=\"og:site_name\" content=\"Districos Webshop\" \/>\n<meta property=\"article:modified_time\" content=\"2026-04-28T08:59:30+00:00\" \/>\n<meta name=\"twitter:card\" content=\"summary_large_image\" \/>\n<script type=\"application\/ld+json\" class=\"yoast-schema-graph\">{\"@context\":\"https:\\\/\\\/schema.org\",\"@graph\":[{\"@type\":\"WebPage\",\"@id\":\"https:\\\/\\\/districos.standingout.be\\\/fr\\\/product\\\/couverture-sauna-1-zone-155x78-cm-36-v-ref-8386-02\\\/\",\"url\":\"https:\\\/\\\/districos.standingout.be\\\/fr\\\/product\\\/couverture-sauna-1-zone-155x78-cm-36-v-ref-8386-02\\\/\",\"name\":\"Couverture Sauna 1 Zone 155x78 cm 36 V - Districos Webshop\",\"isPartOf\":{\"@id\":\"https:\\\/\\\/districos.standingout.be\\\/fr\\\/#website\"},\"primaryImageOfPage\":{\"@id\":\"https:\\\/\\\/districos.standingout.be\\\/fr\\\/product\\\/couverture-sauna-1-zone-155x78-cm-36-v-ref-8386-02\\\/#primaryimage\"},\"image\":{\"@id\":\"https:\\\/\\\/districos.standingout.be\\\/fr\\\/product\\\/couverture-sauna-1-zone-155x78-cm-36-v-ref-8386-02\\\/#primaryimage\"},\"thumbnailUrl\":\"https:\\\/\\\/districos.standingout.be\\\/wp-content\\\/uploads\\\/2025\\\/07\\\/8386.02@LowRes_1.png\",\"datePublished\":\"2026-04-28T08:59:24+00:00\",\"dateModified\":\"2026-04-28T08:59:30+00:00\",\"breadcrumb\":{\"@id\":\"https:\\\/\\\/districos.standingout.be\\\/fr\\\/product\\\/couverture-sauna-1-zone-155x78-cm-36-v-ref-8386-02\\\/#breadcrumb\"},\"inLanguage\":\"fr-FR\",\"potentialAction\":[{\"@type\":\"ReadAction\",\"target\":[\"https:\\\/\\\/districos.standingout.be\\\/fr\\\/product\\\/couverture-sauna-1-zone-155x78-cm-36-v-ref-8386-02\\\/\"]}]},{\"@type\":\"ImageObject\",\"inLanguage\":\"fr-FR\",\"@id\":\"https:\\\/\\\/districos.standingout.be\\\/fr\\\/product\\\/couverture-sauna-1-zone-155x78-cm-36-v-ref-8386-02\\\/#primaryimage\",\"url\":\"https:\\\/\\\/districos.standingout.be\\\/wp-content\\\/uploads\\\/2025\\\/07\\\/8386.02@LowRes_1.png\",\"contentUrl\":\"https:\\\/\\\/districos.standingout.be\\\/wp-content\\\/uploads\\\/2025\\\/07\\\/8386.02@LowRes_1.png\",\"width\":600,\"height\":600},{\"@type\":\"BreadcrumbList\",\"@id\":\"https:\\\/\\\/districos.standingout.be\\\/fr\\\/product\\\/couverture-sauna-1-zone-155x78-cm-36-v-ref-8386-02\\\/#breadcrumb\",\"itemListElement\":[{\"@type\":\"ListItem\",\"position\":1,\"name\":\"Home\",\"item\":\"https:\\\/\\\/districos.standingout.be\\\/fr\\\/bienvenue-chez-districos\\\/\"},{\"@type\":\"ListItem\",\"position\":2,\"name\":\"Boutique\",\"item\":\"https:\\\/\\\/districos.standingout.be\\\/fr\\\/boutique\\\/\"},{\"@type\":\"ListItem\",\"position\":3,\"name\":\"Couverture Sauna 1 Zone 155&#215;78 cm 36 V\"}]},{\"@type\":\"WebSite\",\"@id\":\"https:\\\/\\\/districos.standingout.be\\\/fr\\\/#website\",\"url\":\"https:\\\/\\\/districos.standingout.be\\\/fr\\\/\",\"name\":\"Districos Webshop\",\"description\":\"\",\"publisher\":{\"@id\":\"https:\\\/\\\/districos.standingout.be\\\/fr\\\/#organization\"},\"potentialAction\":[{\"@type\":\"SearchAction\",\"target\":{\"@type\":\"EntryPoint\",\"urlTemplate\":\"https:\\\/\\\/districos.standingout.be\\\/fr\\\/?s={search_term_string}\"},\"query-input\":{\"@type\":\"PropertyValueSpecification\",\"valueRequired\":true,\"valueName\":\"search_term_string\"}}],\"inLanguage\":\"fr-FR\"},{\"@type\":\"Organization\",\"@id\":\"https:\\\/\\\/districos.standingout.be\\\/fr\\\/#organization\",\"name\":\"Districos Webshop\",\"url\":\"https:\\\/\\\/districos.standingout.be\\\/fr\\\/\",\"logo\":{\"@type\":\"ImageObject\",\"inLanguage\":\"fr-FR\",\"@id\":\"https:\\\/\\\/districos.standingout.be\\\/fr\\\/#\\\/schema\\\/logo\\\/image\\\/\",\"url\":\"https:\\\/\\\/districos.standingout.be\\\/wp-content\\\/uploads\\\/2022\\\/09\\\/Districos_Logo_Webshop.svg\",\"contentUrl\":\"https:\\\/\\\/districos.standingout.be\\\/wp-content\\\/uploads\\\/2022\\\/09\\\/Districos_Logo_Webshop.svg\",\"caption\":\"Districos Webshop\"},\"image\":{\"@id\":\"https:\\\/\\\/districos.standingout.be\\\/fr\\\/#\\\/schema\\\/logo\\\/image\\\/\"}}]}<\/script>\n<!-- \/ Yoast SEO plugin. -->","yoast_head_json":{"title":"Couverture Sauna 1 Zone 155x78 cm 36 V - Districos Webshop","robots":{"index":"noindex","follow":"follow","max-snippet":"max-snippet:-1","max-image-preview":"max-image-preview:large","max-video-preview":"max-video-preview:-1"},"og_locale":"fr_FR","og_type":"article","og_title":"Couverture Sauna 1 Zone 155x78 cm 36 V - Districos Webshop","og_description":"ouverture sauna electrique 1 zone \u00e0 thermostatr\u00e9glable Caract\u00e9ristiques : Couverture chauffante plastifi\u00e9e et lavable Avec fermeture velcro Fabriqu\u00e9e en mat\u00e9riau ignifuge S\u2019utilise tant au-dessus qu\u2019au-dessous du\/de la client(e) Fonctionnement \u00e0 36 V Temp\u00e9rature r\u00e9glable entre 30\u00b0C et 60\u00b0C. La temp\u00e9rature recommand\u00e9e est de 42\u00b0C. Puissance : 210 W Dimensions : 78 x 155 cm","og_url":"https:\/\/districos.standingout.be\/fr\/product\/couverture-sauna-1-zone-155x78-cm-36-v-ref-8386-02\/","og_site_name":"Districos Webshop","article_modified_time":"2026-04-28T08:59:30+00:00","twitter_card":"summary_large_image","schema":{"@context":"https:\/\/schema.org","@graph":[{"@type":"WebPage","@id":"https:\/\/districos.standingout.be\/fr\/product\/couverture-sauna-1-zone-155x78-cm-36-v-ref-8386-02\/","url":"https:\/\/districos.standingout.be\/fr\/product\/couverture-sauna-1-zone-155x78-cm-36-v-ref-8386-02\/","name":"Couverture Sauna 1 Zone 155x78 cm 36 V - Districos Webshop","isPartOf":{"@id":"https:\/\/districos.standingout.be\/fr\/#website"},"primaryImageOfPage":{"@id":"https:\/\/districos.standingout.be\/fr\/product\/couverture-sauna-1-zone-155x78-cm-36-v-ref-8386-02\/#primaryimage"},"image":{"@id":"https:\/\/districos.standingout.be\/fr\/product\/couverture-sauna-1-zone-155x78-cm-36-v-ref-8386-02\/#primaryimage"},"thumbnailUrl":"https:\/\/districos.standingout.be\/wp-content\/uploads\/2025\/07\/8386.02@LowRes_1.png","datePublished":"2026-04-28T08:59:24+00:00","dateModified":"2026-04-28T08:59:30+00:00","breadcrumb":{"@id":"https:\/\/districos.standingout.be\/fr\/product\/couverture-sauna-1-zone-155x78-cm-36-v-ref-8386-02\/#breadcrumb"},"inLanguage":"fr-FR","potentialAction":[{"@type":"ReadAction","target":["https:\/\/districos.standingout.be\/fr\/product\/couverture-sauna-1-zone-155x78-cm-36-v-ref-8386-02\/"]}]},{"@type":"ImageObject","inLanguage":"fr-FR","@id":"https:\/\/districos.standingout.be\/fr\/product\/couverture-sauna-1-zone-155x78-cm-36-v-ref-8386-02\/#primaryimage","url":"https:\/\/districos.standingout.be\/wp-content\/uploads\/2025\/07\/8386.02@LowRes_1.png","contentUrl":"https:\/\/districos.standingout.be\/wp-content\/uploads\/2025\/07\/8386.02@LowRes_1.png","width":600,"height":600},{"@type":"BreadcrumbList","@id":"https:\/\/districos.standingout.be\/fr\/product\/couverture-sauna-1-zone-155x78-cm-36-v-ref-8386-02\/#breadcrumb","itemListElement":[{"@type":"ListItem","position":1,"name":"Home","item":"https:\/\/districos.standingout.be\/fr\/bienvenue-chez-districos\/"},{"@type":"ListItem","position":2,"name":"Boutique","item":"https:\/\/districos.standingout.be\/fr\/boutique\/"},{"@type":"ListItem","position":3,"name":"Couverture Sauna 1 Zone 155&#215;78 cm 36 V"}]},{"@type":"WebSite","@id":"https:\/\/districos.standingout.be\/fr\/#website","url":"https:\/\/districos.standingout.be\/fr\/","name":"Districos Webshop","description":"","publisher":{"@id":"https:\/\/districos.standingout.be\/fr\/#organization"},"potentialAction":[{"@type":"SearchAction","target":{"@type":"EntryPoint","urlTemplate":"https:\/\/districos.standingout.be\/fr\/?s={search_term_string}"},"query-input":{"@type":"PropertyValueSpecification","valueRequired":true,"valueName":"search_term_string"}}],"inLanguage":"fr-FR"},{"@type":"Organization","@id":"https:\/\/districos.standingout.be\/fr\/#organization","name":"Districos Webshop","url":"https:\/\/districos.standingout.be\/fr\/","logo":{"@type":"ImageObject","inLanguage":"fr-FR","@id":"https:\/\/districos.standingout.be\/fr\/#\/schema\/logo\/image\/","url":"https:\/\/districos.standingout.be\/wp-content\/uploads\/2022\/09\/Districos_Logo_Webshop.svg","contentUrl":"https:\/\/districos.standingout.be\/wp-content\/uploads\/2022\/09\/Districos_Logo_Webshop.svg","caption":"Districos Webshop"},"image":{"@id":"https:\/\/districos.standingout.be\/fr\/#\/schema\/logo\/image\/"}}]}},"_links":{"self":[{"href":"https:\/\/districos.standingout.be\/fr\/wp-json\/wp\/v2\/product\/138245","targetHints":{"allow":["GET"]}}],"collection":[{"href":"https:\/\/districos.standingout.be\/fr\/wp-json\/wp\/v2\/product"}],"about":[{"href":"https:\/\/districos.standingout.be\/fr\/wp-json\/wp\/v2\/types\/product"}],"replies":[{"embeddable":true,"href":"https:\/\/districos.standingout.be\/fr\/wp-json\/wp\/v2\/comments?post=138245"}],"wp:featuredmedia":[{"embeddable":true,"href":"https:\/\/districos.standingout.be\/fr\/wp-json\/wp\/v2\/media\/80822"}],"wp:attachment":[{"href":"https:\/\/districos.standingout.be\/fr\/wp-json\/wp\/v2\/media?parent=138245"}],"wp:term":[{"taxonomy":"product_brand","embeddable":true,"href":"https:\/\/districos.standingout.be\/fr\/wp-json\/wp\/v2\/product_brand?post=138245"},{"taxonomy":"product_cat","embeddable":true,"href":"https:\/\/districos.standingout.be\/fr\/wp-json\/wp\/v2\/product_cat?post=138245"},{"taxonomy":"product_tag","embeddable":true,"href":"https:\/\/districos.standingout.be\/fr\/wp-json\/wp\/v2\/product_tag?post=138245"}],"curies":[{"name":"wp","href":"https:\/\/api.w.org\/{rel}","templated":true}]}}