{"id":138247,"date":"2026-04-28T10:59:30","date_gmt":"2026-04-28T08:59:30","guid":{"rendered":"https:\/\/webshopdistricoscom.webhosting.be\/product\/couverture-sauna-3-zones-190x180-cm-36-v-ref-8386-03\/"},"modified":"2026-04-28T10:59:34","modified_gmt":"2026-04-28T08:59:34","slug":"couverture-sauna-3-zones-190x180-cm-36-v-ref-8386-03","status":"publish","type":"product","link":"https:\/\/districos.standingout.be\/fr\/product\/couverture-sauna-3-zones-190x180-cm-36-v-ref-8386-03\/","title":{"rendered":"Couverture Sauna 3 Zones 190&#215;180 cm 36 V"},"content":{"rendered":"<p >\n<p dir=\"ltr\">Une des plus grandes couvertures chauffantes sur le march\u00e9, couvrant votre client(e) jusqu\u2019au menton. Cette couverture dispose de 3 zones de chaleur r\u00e9glables s\u00e9par\u00e9ment de 30 \u00e0 60\u00b0C. (Attention ! La temp\u00e9rature recommand\u00e9e est cependant de 34\u00b0C maximum). La temp\u00e9rature et le minuteur sont r\u00e9gl\u00e9es digitalement. C\u2019est pourquoi cet article-ci se pr\u00eate parfaitement \u00e0 des enveloppement corporels complets.<br \/><b> Caract\u00e9ristiques :<\/b><\/p>\n<ul>\n<li>Couverture chauffante plastifi\u00e9e et lavable<\/li>\n<li>Avec fermeture velcro<\/li>\n<li>Fabriqu\u00e9e en mat\u00e9riel ignifuge<\/li>\n<li>Molletonn\u00e9e \u00e0 l\u2019int\u00e9rieur avec des \u00e9l\u00e9ments chauffants<\/li>\n<li>Double largeur : le\/la client(e) s\u2019installe sur la couverture et sera compl\u00e8tement recouvert(e) par la partie restante que vous repliez<\/li>\n<li>Fonctionnement \u00e0 36 V.<\/li>\n<li>Thermostat s\u00e9par\u00e9ment r\u00e9glable pour les 3 zones<\/li>\n<li>Minuteur digital : la dur\u00e9e peut \u00eatre ajust\u00e9e par zone (5-95 min.)<\/li>\n<li>Puissance : 330 W<\/li>\n<li>Dimensions : 190 x 180 cm<\/li>\n<\/ul><\/p>\n","protected":false},"excerpt":{"rendered":"<p>Une des plus grandes couvertures chauffantes sur le march\u00e9, couvrant votre client(e) jusqu\u2019au menton. Cette couverture dispose de 3 zones de chaleur r\u00e9glables s\u00e9par\u00e9ment de 30 \u00e0 60\u00b0C. (Attention ! La temp\u00e9rature recommand\u00e9e est cependant de 34\u00b0C maximum). La temp\u00e9rature et le minuteur sont r\u00e9gl\u00e9es digitalement. C\u2019est pourquoi cet article-ci se pr\u00eate parfaitement \u00e0 des [&hellip;]<\/p>\n","protected":false},"featured_media":80825,"comment_status":"open","ping_status":"closed","template":"","meta":{"_acf_changed":false},"product_brand":[10612],"product_cat":[10094,9878],"product_tag":[],"class_list":{"0":"post-138247","1":"product","2":"type-product","3":"status-publish","4":"has-post-thumbnail","6":"product_brand-zenna-fr","7":"product_cat-amenagement-equipement-corps","8":"product_cat-beaute-corps-equipement","10":"first","11":"instock","12":"taxable","13":"shipping-taxable","14":"product-type-simple"},"acf":[],"yoast_head":"<!-- This site is optimized with the Yoast SEO plugin v27.3 - https:\/\/yoast.com\/product\/yoast-seo-wordpress\/ -->\n<title>Couverture Sauna 3 Zones 190x180 cm 36 V - Districos Webshop<\/title>\n<meta name=\"robots\" content=\"noindex, follow, max-snippet:-1, max-image-preview:large, max-video-preview:-1\" \/>\n<meta property=\"og:locale\" content=\"fr_FR\" \/>\n<meta property=\"og:type\" content=\"article\" \/>\n<meta property=\"og:title\" content=\"Couverture Sauna 3 Zones 190x180 cm 36 V - Districos Webshop\" \/>\n<meta property=\"og:description\" content=\"Une des plus grandes couvertures chauffantes sur le march\u00e9, couvrant votre client(e) jusqu\u2019au menton. Cette couverture dispose de 3 zones de chaleur r\u00e9glables s\u00e9par\u00e9ment de 30 \u00e0 60\u00b0C. (Attention ! La temp\u00e9rature recommand\u00e9e est cependant de 34\u00b0C maximum). La temp\u00e9rature et le minuteur sont r\u00e9gl\u00e9es digitalement. C\u2019est pourquoi cet article-ci se pr\u00eate parfaitement \u00e0 des [&hellip;]\" \/>\n<meta property=\"og:url\" content=\"https:\/\/districos.standingout.be\/fr\/product\/couverture-sauna-3-zones-190x180-cm-36-v-ref-8386-03\/\" \/>\n<meta property=\"og:site_name\" content=\"Districos Webshop\" \/>\n<meta property=\"article:modified_time\" content=\"2026-04-28T08:59:34+00:00\" \/>\n<meta name=\"twitter:card\" content=\"summary_large_image\" \/>\n<meta name=\"twitter:label1\" content=\"Dur\u00e9e de lecture estim\u00e9e\" \/>\n\t<meta name=\"twitter:data1\" content=\"1 minute\" \/>\n<script type=\"application\/ld+json\" class=\"yoast-schema-graph\">{\"@context\":\"https:\\\/\\\/schema.org\",\"@graph\":[{\"@type\":\"WebPage\",\"@id\":\"https:\\\/\\\/districos.standingout.be\\\/fr\\\/product\\\/couverture-sauna-3-zones-190x180-cm-36-v-ref-8386-03\\\/\",\"url\":\"https:\\\/\\\/districos.standingout.be\\\/fr\\\/product\\\/couverture-sauna-3-zones-190x180-cm-36-v-ref-8386-03\\\/\",\"name\":\"Couverture Sauna 3 Zones 190x180 cm 36 V - Districos Webshop\",\"isPartOf\":{\"@id\":\"https:\\\/\\\/districos.standingout.be\\\/fr\\\/#website\"},\"primaryImageOfPage\":{\"@id\":\"https:\\\/\\\/districos.standingout.be\\\/fr\\\/product\\\/couverture-sauna-3-zones-190x180-cm-36-v-ref-8386-03\\\/#primaryimage\"},\"image\":{\"@id\":\"https:\\\/\\\/districos.standingout.be\\\/fr\\\/product\\\/couverture-sauna-3-zones-190x180-cm-36-v-ref-8386-03\\\/#primaryimage\"},\"thumbnailUrl\":\"https:\\\/\\\/districos.standingout.be\\\/wp-content\\\/uploads\\\/2025\\\/07\\\/8386.03@LowRes_1.png\",\"datePublished\":\"2026-04-28T08:59:30+00:00\",\"dateModified\":\"2026-04-28T08:59:34+00:00\",\"breadcrumb\":{\"@id\":\"https:\\\/\\\/districos.standingout.be\\\/fr\\\/product\\\/couverture-sauna-3-zones-190x180-cm-36-v-ref-8386-03\\\/#breadcrumb\"},\"inLanguage\":\"fr-FR\",\"potentialAction\":[{\"@type\":\"ReadAction\",\"target\":[\"https:\\\/\\\/districos.standingout.be\\\/fr\\\/product\\\/couverture-sauna-3-zones-190x180-cm-36-v-ref-8386-03\\\/\"]}]},{\"@type\":\"ImageObject\",\"inLanguage\":\"fr-FR\",\"@id\":\"https:\\\/\\\/districos.standingout.be\\\/fr\\\/product\\\/couverture-sauna-3-zones-190x180-cm-36-v-ref-8386-03\\\/#primaryimage\",\"url\":\"https:\\\/\\\/districos.standingout.be\\\/wp-content\\\/uploads\\\/2025\\\/07\\\/8386.03@LowRes_1.png\",\"contentUrl\":\"https:\\\/\\\/districos.standingout.be\\\/wp-content\\\/uploads\\\/2025\\\/07\\\/8386.03@LowRes_1.png\",\"width\":600,\"height\":600},{\"@type\":\"BreadcrumbList\",\"@id\":\"https:\\\/\\\/districos.standingout.be\\\/fr\\\/product\\\/couverture-sauna-3-zones-190x180-cm-36-v-ref-8386-03\\\/#breadcrumb\",\"itemListElement\":[{\"@type\":\"ListItem\",\"position\":1,\"name\":\"Home\",\"item\":\"https:\\\/\\\/districos.standingout.be\\\/fr\\\/bienvenue-chez-districos\\\/\"},{\"@type\":\"ListItem\",\"position\":2,\"name\":\"Boutique\",\"item\":\"https:\\\/\\\/districos.standingout.be\\\/fr\\\/boutique\\\/\"},{\"@type\":\"ListItem\",\"position\":3,\"name\":\"Couverture Sauna 3 Zones 190&#215;180 cm 36 V\"}]},{\"@type\":\"WebSite\",\"@id\":\"https:\\\/\\\/districos.standingout.be\\\/fr\\\/#website\",\"url\":\"https:\\\/\\\/districos.standingout.be\\\/fr\\\/\",\"name\":\"Districos Webshop\",\"description\":\"\",\"publisher\":{\"@id\":\"https:\\\/\\\/districos.standingout.be\\\/fr\\\/#organization\"},\"potentialAction\":[{\"@type\":\"SearchAction\",\"target\":{\"@type\":\"EntryPoint\",\"urlTemplate\":\"https:\\\/\\\/districos.standingout.be\\\/fr\\\/?s={search_term_string}\"},\"query-input\":{\"@type\":\"PropertyValueSpecification\",\"valueRequired\":true,\"valueName\":\"search_term_string\"}}],\"inLanguage\":\"fr-FR\"},{\"@type\":\"Organization\",\"@id\":\"https:\\\/\\\/districos.standingout.be\\\/fr\\\/#organization\",\"name\":\"Districos Webshop\",\"url\":\"https:\\\/\\\/districos.standingout.be\\\/fr\\\/\",\"logo\":{\"@type\":\"ImageObject\",\"inLanguage\":\"fr-FR\",\"@id\":\"https:\\\/\\\/districos.standingout.be\\\/fr\\\/#\\\/schema\\\/logo\\\/image\\\/\",\"url\":\"https:\\\/\\\/districos.standingout.be\\\/wp-content\\\/uploads\\\/2022\\\/09\\\/Districos_Logo_Webshop.svg\",\"contentUrl\":\"https:\\\/\\\/districos.standingout.be\\\/wp-content\\\/uploads\\\/2022\\\/09\\\/Districos_Logo_Webshop.svg\",\"caption\":\"Districos Webshop\"},\"image\":{\"@id\":\"https:\\\/\\\/districos.standingout.be\\\/fr\\\/#\\\/schema\\\/logo\\\/image\\\/\"}}]}<\/script>\n<!-- \/ Yoast SEO plugin. -->","yoast_head_json":{"title":"Couverture Sauna 3 Zones 190x180 cm 36 V - Districos Webshop","robots":{"index":"noindex","follow":"follow","max-snippet":"max-snippet:-1","max-image-preview":"max-image-preview:large","max-video-preview":"max-video-preview:-1"},"og_locale":"fr_FR","og_type":"article","og_title":"Couverture Sauna 3 Zones 190x180 cm 36 V - Districos Webshop","og_description":"Une des plus grandes couvertures chauffantes sur le march\u00e9, couvrant votre client(e) jusqu\u2019au menton. Cette couverture dispose de 3 zones de chaleur r\u00e9glables s\u00e9par\u00e9ment de 30 \u00e0 60\u00b0C. (Attention ! La temp\u00e9rature recommand\u00e9e est cependant de 34\u00b0C maximum). La temp\u00e9rature et le minuteur sont r\u00e9gl\u00e9es digitalement. C\u2019est pourquoi cet article-ci se pr\u00eate parfaitement \u00e0 des [&hellip;]","og_url":"https:\/\/districos.standingout.be\/fr\/product\/couverture-sauna-3-zones-190x180-cm-36-v-ref-8386-03\/","og_site_name":"Districos Webshop","article_modified_time":"2026-04-28T08:59:34+00:00","twitter_card":"summary_large_image","twitter_misc":{"Dur\u00e9e de lecture estim\u00e9e":"1 minute"},"schema":{"@context":"https:\/\/schema.org","@graph":[{"@type":"WebPage","@id":"https:\/\/districos.standingout.be\/fr\/product\/couverture-sauna-3-zones-190x180-cm-36-v-ref-8386-03\/","url":"https:\/\/districos.standingout.be\/fr\/product\/couverture-sauna-3-zones-190x180-cm-36-v-ref-8386-03\/","name":"Couverture Sauna 3 Zones 190x180 cm 36 V - Districos Webshop","isPartOf":{"@id":"https:\/\/districos.standingout.be\/fr\/#website"},"primaryImageOfPage":{"@id":"https:\/\/districos.standingout.be\/fr\/product\/couverture-sauna-3-zones-190x180-cm-36-v-ref-8386-03\/#primaryimage"},"image":{"@id":"https:\/\/districos.standingout.be\/fr\/product\/couverture-sauna-3-zones-190x180-cm-36-v-ref-8386-03\/#primaryimage"},"thumbnailUrl":"https:\/\/districos.standingout.be\/wp-content\/uploads\/2025\/07\/8386.03@LowRes_1.png","datePublished":"2026-04-28T08:59:30+00:00","dateModified":"2026-04-28T08:59:34+00:00","breadcrumb":{"@id":"https:\/\/districos.standingout.be\/fr\/product\/couverture-sauna-3-zones-190x180-cm-36-v-ref-8386-03\/#breadcrumb"},"inLanguage":"fr-FR","potentialAction":[{"@type":"ReadAction","target":["https:\/\/districos.standingout.be\/fr\/product\/couverture-sauna-3-zones-190x180-cm-36-v-ref-8386-03\/"]}]},{"@type":"ImageObject","inLanguage":"fr-FR","@id":"https:\/\/districos.standingout.be\/fr\/product\/couverture-sauna-3-zones-190x180-cm-36-v-ref-8386-03\/#primaryimage","url":"https:\/\/districos.standingout.be\/wp-content\/uploads\/2025\/07\/8386.03@LowRes_1.png","contentUrl":"https:\/\/districos.standingout.be\/wp-content\/uploads\/2025\/07\/8386.03@LowRes_1.png","width":600,"height":600},{"@type":"BreadcrumbList","@id":"https:\/\/districos.standingout.be\/fr\/product\/couverture-sauna-3-zones-190x180-cm-36-v-ref-8386-03\/#breadcrumb","itemListElement":[{"@type":"ListItem","position":1,"name":"Home","item":"https:\/\/districos.standingout.be\/fr\/bienvenue-chez-districos\/"},{"@type":"ListItem","position":2,"name":"Boutique","item":"https:\/\/districos.standingout.be\/fr\/boutique\/"},{"@type":"ListItem","position":3,"name":"Couverture Sauna 3 Zones 190&#215;180 cm 36 V"}]},{"@type":"WebSite","@id":"https:\/\/districos.standingout.be\/fr\/#website","url":"https:\/\/districos.standingout.be\/fr\/","name":"Districos Webshop","description":"","publisher":{"@id":"https:\/\/districos.standingout.be\/fr\/#organization"},"potentialAction":[{"@type":"SearchAction","target":{"@type":"EntryPoint","urlTemplate":"https:\/\/districos.standingout.be\/fr\/?s={search_term_string}"},"query-input":{"@type":"PropertyValueSpecification","valueRequired":true,"valueName":"search_term_string"}}],"inLanguage":"fr-FR"},{"@type":"Organization","@id":"https:\/\/districos.standingout.be\/fr\/#organization","name":"Districos Webshop","url":"https:\/\/districos.standingout.be\/fr\/","logo":{"@type":"ImageObject","inLanguage":"fr-FR","@id":"https:\/\/districos.standingout.be\/fr\/#\/schema\/logo\/image\/","url":"https:\/\/districos.standingout.be\/wp-content\/uploads\/2022\/09\/Districos_Logo_Webshop.svg","contentUrl":"https:\/\/districos.standingout.be\/wp-content\/uploads\/2022\/09\/Districos_Logo_Webshop.svg","caption":"Districos Webshop"},"image":{"@id":"https:\/\/districos.standingout.be\/fr\/#\/schema\/logo\/image\/"}}]}},"_links":{"self":[{"href":"https:\/\/districos.standingout.be\/fr\/wp-json\/wp\/v2\/product\/138247","targetHints":{"allow":["GET"]}}],"collection":[{"href":"https:\/\/districos.standingout.be\/fr\/wp-json\/wp\/v2\/product"}],"about":[{"href":"https:\/\/districos.standingout.be\/fr\/wp-json\/wp\/v2\/types\/product"}],"replies":[{"embeddable":true,"href":"https:\/\/districos.standingout.be\/fr\/wp-json\/wp\/v2\/comments?post=138247"}],"wp:featuredmedia":[{"embeddable":true,"href":"https:\/\/districos.standingout.be\/fr\/wp-json\/wp\/v2\/media\/80825"}],"wp:attachment":[{"href":"https:\/\/districos.standingout.be\/fr\/wp-json\/wp\/v2\/media?parent=138247"}],"wp:term":[{"taxonomy":"product_brand","embeddable":true,"href":"https:\/\/districos.standingout.be\/fr\/wp-json\/wp\/v2\/product_brand?post=138247"},{"taxonomy":"product_cat","embeddable":true,"href":"https:\/\/districos.standingout.be\/fr\/wp-json\/wp\/v2\/product_cat?post=138247"},{"taxonomy":"product_tag","embeddable":true,"href":"https:\/\/districos.standingout.be\/fr\/wp-json\/wp\/v2\/product_tag?post=138247"}],"curies":[{"name":"wp","href":"https:\/\/api.w.org\/{rel}","templated":true}]}}