{"id":138249,"date":"2026-04-28T10:59:34","date_gmt":"2026-04-28T08:59:34","guid":{"rendered":"https:\/\/webshopdistricoscom.webhosting.be\/product\/chauffe-fauteuil-1485x60-cm-220-v-ref-8386-04\/"},"modified":"2026-04-28T10:59:39","modified_gmt":"2026-04-28T08:59:39","slug":"chauffe-fauteuil-1485x60-cm-220-v-ref-8386-04","status":"publish","type":"product","link":"https:\/\/districos.standingout.be\/fr\/product\/chauffe-fauteuil-1485x60-cm-220-v-ref-8386-04\/","title":{"rendered":"Chauffe-Fauteuil 148,5&#215;60 cm 220 V"},"content":{"rendered":"<p >\n<p dir=ltr>Ce chauffe-fauteuil est attach\u00e9 au fauteuil ou \u00e0 la table de massage avec les bandes de fixation et procure une chaleur confortable \u00e0 votre client\u00e8le. Extr\u00eamement relaxant pendant tous vos soins. La temp\u00e9rature est r\u00e9glable de 30 \u00e0 40\u00b0C. La temp\u00e9rature conseill\u00e9e est de 34\u00b0C : \u00e0 cette temp\u00e9rature, votre client(e) ne transpirera pas. Elle est \u00e0 mettre sous la housse du fauteuil ou la table de massage. Elle est fabriqu\u00e9e en mat\u00e9riau solide et ignifuge et pourvue d&rsquo;une commande \u00e0 main digitale pour r\u00e9gler la temp\u00e9rature et le temps.<\/p>\n<p> Dimensions : 148,5 x 60 cm <\/p><\/p>\n","protected":false},"excerpt":{"rendered":"<p>Ce chauffe-fauteuil est attach\u00e9 au fauteuil ou \u00e0 la table de massage avec les bandes de fixation et procure une chaleur confortable \u00e0 votre client\u00e8le. Extr\u00eamement relaxant pendant tous vos soins. La temp\u00e9rature est r\u00e9glable de 30 \u00e0 40\u00b0C. La temp\u00e9rature conseill\u00e9e est de 34\u00b0C : \u00e0 cette temp\u00e9rature, votre client(e) ne transpirera pas. Elle [&hellip;]<\/p>\n","protected":false},"featured_media":80831,"comment_status":"open","ping_status":"closed","template":"","meta":{"_acf_changed":false},"product_brand":[10612],"product_cat":[10094,9878],"product_tag":[],"class_list":{"0":"post-138249","1":"product","2":"type-product","3":"status-publish","4":"has-post-thumbnail","6":"product_brand-zenna-fr","7":"product_cat-amenagement-equipement-corps","8":"product_cat-beaute-corps-equipement","10":"first","11":"instock","12":"taxable","13":"shipping-taxable","14":"product-type-simple"},"acf":[],"yoast_head":"<!-- This site is optimized with the Yoast SEO plugin v27.3 - https:\/\/yoast.com\/product\/yoast-seo-wordpress\/ -->\n<title>Chauffe-Fauteuil 148,5x60 cm 220 V - Districos Webshop<\/title>\n<meta name=\"robots\" content=\"noindex, follow, max-snippet:-1, max-image-preview:large, max-video-preview:-1\" \/>\n<meta property=\"og:locale\" content=\"fr_FR\" \/>\n<meta property=\"og:type\" content=\"article\" \/>\n<meta property=\"og:title\" content=\"Chauffe-Fauteuil 148,5x60 cm 220 V - Districos Webshop\" \/>\n<meta property=\"og:description\" content=\"Ce chauffe-fauteuil est attach\u00e9 au fauteuil ou \u00e0 la table de massage avec les bandes de fixation et procure une chaleur confortable \u00e0 votre client\u00e8le. Extr\u00eamement relaxant pendant tous vos soins. La temp\u00e9rature est r\u00e9glable de 30 \u00e0 40\u00b0C. La temp\u00e9rature conseill\u00e9e est de 34\u00b0C : \u00e0 cette temp\u00e9rature, votre client(e) ne transpirera pas. Elle [&hellip;]\" \/>\n<meta property=\"og:url\" content=\"https:\/\/districos.standingout.be\/fr\/product\/chauffe-fauteuil-1485x60-cm-220-v-ref-8386-04\/\" \/>\n<meta property=\"og:site_name\" content=\"Districos Webshop\" \/>\n<meta property=\"article:modified_time\" content=\"2026-04-28T08:59:39+00:00\" \/>\n<meta name=\"twitter:card\" content=\"summary_large_image\" \/>\n<script type=\"application\/ld+json\" class=\"yoast-schema-graph\">{\"@context\":\"https:\\\/\\\/schema.org\",\"@graph\":[{\"@type\":\"WebPage\",\"@id\":\"https:\\\/\\\/districos.standingout.be\\\/fr\\\/product\\\/chauffe-fauteuil-1485x60-cm-220-v-ref-8386-04\\\/\",\"url\":\"https:\\\/\\\/districos.standingout.be\\\/fr\\\/product\\\/chauffe-fauteuil-1485x60-cm-220-v-ref-8386-04\\\/\",\"name\":\"Chauffe-Fauteuil 148,5x60 cm 220 V - Districos Webshop\",\"isPartOf\":{\"@id\":\"https:\\\/\\\/districos.standingout.be\\\/fr\\\/#website\"},\"primaryImageOfPage\":{\"@id\":\"https:\\\/\\\/districos.standingout.be\\\/fr\\\/product\\\/chauffe-fauteuil-1485x60-cm-220-v-ref-8386-04\\\/#primaryimage\"},\"image\":{\"@id\":\"https:\\\/\\\/districos.standingout.be\\\/fr\\\/product\\\/chauffe-fauteuil-1485x60-cm-220-v-ref-8386-04\\\/#primaryimage\"},\"thumbnailUrl\":\"https:\\\/\\\/districos.standingout.be\\\/wp-content\\\/uploads\\\/2025\\\/07\\\/8386.04@LowRes_1.png\",\"datePublished\":\"2026-04-28T08:59:34+00:00\",\"dateModified\":\"2026-04-28T08:59:39+00:00\",\"breadcrumb\":{\"@id\":\"https:\\\/\\\/districos.standingout.be\\\/fr\\\/product\\\/chauffe-fauteuil-1485x60-cm-220-v-ref-8386-04\\\/#breadcrumb\"},\"inLanguage\":\"fr-FR\",\"potentialAction\":[{\"@type\":\"ReadAction\",\"target\":[\"https:\\\/\\\/districos.standingout.be\\\/fr\\\/product\\\/chauffe-fauteuil-1485x60-cm-220-v-ref-8386-04\\\/\"]}]},{\"@type\":\"ImageObject\",\"inLanguage\":\"fr-FR\",\"@id\":\"https:\\\/\\\/districos.standingout.be\\\/fr\\\/product\\\/chauffe-fauteuil-1485x60-cm-220-v-ref-8386-04\\\/#primaryimage\",\"url\":\"https:\\\/\\\/districos.standingout.be\\\/wp-content\\\/uploads\\\/2025\\\/07\\\/8386.04@LowRes_1.png\",\"contentUrl\":\"https:\\\/\\\/districos.standingout.be\\\/wp-content\\\/uploads\\\/2025\\\/07\\\/8386.04@LowRes_1.png\",\"width\":600,\"height\":600},{\"@type\":\"BreadcrumbList\",\"@id\":\"https:\\\/\\\/districos.standingout.be\\\/fr\\\/product\\\/chauffe-fauteuil-1485x60-cm-220-v-ref-8386-04\\\/#breadcrumb\",\"itemListElement\":[{\"@type\":\"ListItem\",\"position\":1,\"name\":\"Home\",\"item\":\"https:\\\/\\\/districos.standingout.be\\\/fr\\\/bienvenue-chez-districos\\\/\"},{\"@type\":\"ListItem\",\"position\":2,\"name\":\"Boutique\",\"item\":\"https:\\\/\\\/districos.standingout.be\\\/fr\\\/boutique\\\/\"},{\"@type\":\"ListItem\",\"position\":3,\"name\":\"Chauffe-Fauteuil 148,5&#215;60 cm 220 V\"}]},{\"@type\":\"WebSite\",\"@id\":\"https:\\\/\\\/districos.standingout.be\\\/fr\\\/#website\",\"url\":\"https:\\\/\\\/districos.standingout.be\\\/fr\\\/\",\"name\":\"Districos Webshop\",\"description\":\"\",\"publisher\":{\"@id\":\"https:\\\/\\\/districos.standingout.be\\\/fr\\\/#organization\"},\"potentialAction\":[{\"@type\":\"SearchAction\",\"target\":{\"@type\":\"EntryPoint\",\"urlTemplate\":\"https:\\\/\\\/districos.standingout.be\\\/fr\\\/?s={search_term_string}\"},\"query-input\":{\"@type\":\"PropertyValueSpecification\",\"valueRequired\":true,\"valueName\":\"search_term_string\"}}],\"inLanguage\":\"fr-FR\"},{\"@type\":\"Organization\",\"@id\":\"https:\\\/\\\/districos.standingout.be\\\/fr\\\/#organization\",\"name\":\"Districos Webshop\",\"url\":\"https:\\\/\\\/districos.standingout.be\\\/fr\\\/\",\"logo\":{\"@type\":\"ImageObject\",\"inLanguage\":\"fr-FR\",\"@id\":\"https:\\\/\\\/districos.standingout.be\\\/fr\\\/#\\\/schema\\\/logo\\\/image\\\/\",\"url\":\"https:\\\/\\\/districos.standingout.be\\\/wp-content\\\/uploads\\\/2022\\\/09\\\/Districos_Logo_Webshop.svg\",\"contentUrl\":\"https:\\\/\\\/districos.standingout.be\\\/wp-content\\\/uploads\\\/2022\\\/09\\\/Districos_Logo_Webshop.svg\",\"caption\":\"Districos Webshop\"},\"image\":{\"@id\":\"https:\\\/\\\/districos.standingout.be\\\/fr\\\/#\\\/schema\\\/logo\\\/image\\\/\"}}]}<\/script>\n<!-- \/ Yoast SEO plugin. -->","yoast_head_json":{"title":"Chauffe-Fauteuil 148,5x60 cm 220 V - Districos Webshop","robots":{"index":"noindex","follow":"follow","max-snippet":"max-snippet:-1","max-image-preview":"max-image-preview:large","max-video-preview":"max-video-preview:-1"},"og_locale":"fr_FR","og_type":"article","og_title":"Chauffe-Fauteuil 148,5x60 cm 220 V - Districos Webshop","og_description":"Ce chauffe-fauteuil est attach\u00e9 au fauteuil ou \u00e0 la table de massage avec les bandes de fixation et procure une chaleur confortable \u00e0 votre client\u00e8le. Extr\u00eamement relaxant pendant tous vos soins. La temp\u00e9rature est r\u00e9glable de 30 \u00e0 40\u00b0C. La temp\u00e9rature conseill\u00e9e est de 34\u00b0C : \u00e0 cette temp\u00e9rature, votre client(e) ne transpirera pas. Elle [&hellip;]","og_url":"https:\/\/districos.standingout.be\/fr\/product\/chauffe-fauteuil-1485x60-cm-220-v-ref-8386-04\/","og_site_name":"Districos Webshop","article_modified_time":"2026-04-28T08:59:39+00:00","twitter_card":"summary_large_image","schema":{"@context":"https:\/\/schema.org","@graph":[{"@type":"WebPage","@id":"https:\/\/districos.standingout.be\/fr\/product\/chauffe-fauteuil-1485x60-cm-220-v-ref-8386-04\/","url":"https:\/\/districos.standingout.be\/fr\/product\/chauffe-fauteuil-1485x60-cm-220-v-ref-8386-04\/","name":"Chauffe-Fauteuil 148,5x60 cm 220 V - Districos Webshop","isPartOf":{"@id":"https:\/\/districos.standingout.be\/fr\/#website"},"primaryImageOfPage":{"@id":"https:\/\/districos.standingout.be\/fr\/product\/chauffe-fauteuil-1485x60-cm-220-v-ref-8386-04\/#primaryimage"},"image":{"@id":"https:\/\/districos.standingout.be\/fr\/product\/chauffe-fauteuil-1485x60-cm-220-v-ref-8386-04\/#primaryimage"},"thumbnailUrl":"https:\/\/districos.standingout.be\/wp-content\/uploads\/2025\/07\/8386.04@LowRes_1.png","datePublished":"2026-04-28T08:59:34+00:00","dateModified":"2026-04-28T08:59:39+00:00","breadcrumb":{"@id":"https:\/\/districos.standingout.be\/fr\/product\/chauffe-fauteuil-1485x60-cm-220-v-ref-8386-04\/#breadcrumb"},"inLanguage":"fr-FR","potentialAction":[{"@type":"ReadAction","target":["https:\/\/districos.standingout.be\/fr\/product\/chauffe-fauteuil-1485x60-cm-220-v-ref-8386-04\/"]}]},{"@type":"ImageObject","inLanguage":"fr-FR","@id":"https:\/\/districos.standingout.be\/fr\/product\/chauffe-fauteuil-1485x60-cm-220-v-ref-8386-04\/#primaryimage","url":"https:\/\/districos.standingout.be\/wp-content\/uploads\/2025\/07\/8386.04@LowRes_1.png","contentUrl":"https:\/\/districos.standingout.be\/wp-content\/uploads\/2025\/07\/8386.04@LowRes_1.png","width":600,"height":600},{"@type":"BreadcrumbList","@id":"https:\/\/districos.standingout.be\/fr\/product\/chauffe-fauteuil-1485x60-cm-220-v-ref-8386-04\/#breadcrumb","itemListElement":[{"@type":"ListItem","position":1,"name":"Home","item":"https:\/\/districos.standingout.be\/fr\/bienvenue-chez-districos\/"},{"@type":"ListItem","position":2,"name":"Boutique","item":"https:\/\/districos.standingout.be\/fr\/boutique\/"},{"@type":"ListItem","position":3,"name":"Chauffe-Fauteuil 148,5&#215;60 cm 220 V"}]},{"@type":"WebSite","@id":"https:\/\/districos.standingout.be\/fr\/#website","url":"https:\/\/districos.standingout.be\/fr\/","name":"Districos Webshop","description":"","publisher":{"@id":"https:\/\/districos.standingout.be\/fr\/#organization"},"potentialAction":[{"@type":"SearchAction","target":{"@type":"EntryPoint","urlTemplate":"https:\/\/districos.standingout.be\/fr\/?s={search_term_string}"},"query-input":{"@type":"PropertyValueSpecification","valueRequired":true,"valueName":"search_term_string"}}],"inLanguage":"fr-FR"},{"@type":"Organization","@id":"https:\/\/districos.standingout.be\/fr\/#organization","name":"Districos Webshop","url":"https:\/\/districos.standingout.be\/fr\/","logo":{"@type":"ImageObject","inLanguage":"fr-FR","@id":"https:\/\/districos.standingout.be\/fr\/#\/schema\/logo\/image\/","url":"https:\/\/districos.standingout.be\/wp-content\/uploads\/2022\/09\/Districos_Logo_Webshop.svg","contentUrl":"https:\/\/districos.standingout.be\/wp-content\/uploads\/2022\/09\/Districos_Logo_Webshop.svg","caption":"Districos Webshop"},"image":{"@id":"https:\/\/districos.standingout.be\/fr\/#\/schema\/logo\/image\/"}}]}},"_links":{"self":[{"href":"https:\/\/districos.standingout.be\/fr\/wp-json\/wp\/v2\/product\/138249","targetHints":{"allow":["GET"]}}],"collection":[{"href":"https:\/\/districos.standingout.be\/fr\/wp-json\/wp\/v2\/product"}],"about":[{"href":"https:\/\/districos.standingout.be\/fr\/wp-json\/wp\/v2\/types\/product"}],"replies":[{"embeddable":true,"href":"https:\/\/districos.standingout.be\/fr\/wp-json\/wp\/v2\/comments?post=138249"}],"wp:featuredmedia":[{"embeddable":true,"href":"https:\/\/districos.standingout.be\/fr\/wp-json\/wp\/v2\/media\/80831"}],"wp:attachment":[{"href":"https:\/\/districos.standingout.be\/fr\/wp-json\/wp\/v2\/media?parent=138249"}],"wp:term":[{"taxonomy":"product_brand","embeddable":true,"href":"https:\/\/districos.standingout.be\/fr\/wp-json\/wp\/v2\/product_brand?post=138249"},{"taxonomy":"product_cat","embeddable":true,"href":"https:\/\/districos.standingout.be\/fr\/wp-json\/wp\/v2\/product_cat?post=138249"},{"taxonomy":"product_tag","embeddable":true,"href":"https:\/\/districos.standingout.be\/fr\/wp-json\/wp\/v2\/product_tag?post=138249"}],"curies":[{"name":"wp","href":"https:\/\/api.w.org\/{rel}","templated":true}]}}