{"id":138261,"date":"2026-04-28T11:01:30","date_gmt":"2026-04-28T09:01:30","guid":{"rendered":"https:\/\/webshopdistricoscom.webhosting.be\/product\/enzo-fauteuil-de-pedicure-3-moteurs-gris-ref-8403-20\/"},"modified":"2026-04-28T11:01:42","modified_gmt":"2026-04-28T09:01:42","slug":"enzo-fauteuil-de-pedicure-3-moteurs-gris-ref-8403-20","status":"publish","type":"product","link":"https:\/\/districos.standingout.be\/fr\/product\/enzo-fauteuil-de-pedicure-3-moteurs-gris-ref-8403-20\/","title":{"rendered":"Enzo Fauteuil de P\u00e9dicure 3 Moteurs Gris"},"content":{"rendered":"<p >\n<\/p>\n<\/p>\n<\/p>\n<\/p>\n<\/p>\n<\/p>\n<\/p>\n<p dir=\"ltr\"><font size=\"2\"><b>Fauteuil de p\u00e9dicure polyvalent avec repose-jambes r\u00e9glables s\u00e9par\u00e9ment \u00e0 un prix tr\u00e8s avantageux !<\/b><\/font><\/p>\n<p dir=\"ltr\"><font size=\"2\">D\u00e9couvrez notre table de traitement r\u00e9volutionnaire avec 3 moteurs qui assurent un confort ultime et un contr\u00f4le total. Avec les fonctions de r\u00e9glage en hauteur et du basculement du bassin facilement contr\u00f4l\u00e9es par la p\u00e9dale et le dossier r\u00e9glable \u00e9lectriquement par le client, cette table offre une exp\u00e9rience in\u00e9gal\u00e9e.<\/font><\/p>\n<ul>\n<li><font size=\"2\">Dimensions : 190 x 67 x 59-81 cm (L x l x h).<\/font><\/li>\n<li><font size=\"2\">3 moteurs : r\u00e9glage de l&rsquo;hauteur + du basculement du bassin par commande \u00e0 pieds, dossier r\u00e9glable \u00e9lectriquement par le client.&nbsp;<br \/><\/font><b>Attention :&nbsp;<\/b><span>Le dossier de ce fauteuil de p\u00e9dicure ne peut pas \u00eatre compl\u00e8tement plat.<\/span><\/li>\n<li><font size=\"2\">\u00c9lectriquement r\u00e9glable en hauteur de 59 \u00e0 81 cm.<\/font><\/li>\n<li><font size=\"2\">Dossier \u00e9lectriquement r\u00e9glable (\u00e0 l&rsquo;aide des boutons sur le c\u00f4t\u00e9 que le client peut actionner lui-m\u00eame).<\/font><\/li>\n<li><font size=\"2\">Accoudoirs non amovibles.<\/font><\/li>\n<li><font size=\"2\">Petit appuie-t\u00eate amovible.<\/font><\/li>\n<li><font size=\"2\">Repose-jambes : r\u00e9glables s\u00e9par\u00e9ment, peuvent \u00eatre \u00e9cart\u00e9s (\u00e0 90\u00b0)&nbsp;+ syst\u00e8me de fixation pour lever et abaisser.<\/font><\/li>\n<li><font size=\"2\">Repose-pieds manuellement \u00e9tirables.<\/font><\/li>\n<li><font size=\"2\">Rev\u00eatement : Ska\u00ef (cuir artificiel).<\/font><\/li>\n<li><font size=\"2\">Couleur : Gris (PU).<\/font><\/li>\n<li><font size=\"2\">Force portative : 150 kg en cas d\u2019usage normal.<\/font><\/li>\n<li><font size=\"2\">Poids : 60 kg.<\/font><\/li>\n<\/ul>\n<div>\n<div><b>Option :&nbsp;<\/b><\/div>\n<div>\n<div>\n<div>\n<ul>\n<li>Housse Stretch 8P Namrol Fauteuil Soins Jambes S\u00e9parables (r\u00e9f. 8376.109)<\/li>\n<\/ul>\n<div><b>\u00c9galement disponible :<\/b><\/div>\n<div>\n<ul>\n<li>Tabouret Bas Dossier Ergonomique + Si\u00e8ge XL Gris (r\u00e9f. 8415.390)<\/li>\n<\/ul>\n<\/div>\n<\/div>\n<\/div>\n<\/div>\n<\/div>\n<p dir=\"ltr\"><font size=\"2\"><font face=\"Verdana\"> <b> ATTENTION !<\/b>&nbsp;Cet article est livr\u00e9 par nos propres services apr\u00e8s que nous vous ayons appel\u00e9 pour prendre rendez-vous. Vous devez donc tenir compte que le d\u00e9lai de livraison peut atteindre jusqu\u2019\u00e0 7-10 jours ouvrables, selon la disponibilit\u00e9 et la route de notre chauffeur. Lorsque vous passez une commande, veuillez toujours donner une indication de l\u2019urgence dans la case <b>remarques<\/b>, afin de garantir un traitement rapide de votre commande. Dans le cas o\u00f9 vous n\u2019avez pas re\u00e7u d\u2019appel de notre part, n\u2019h\u00e9sitez pas \u00e0 nous contacter. Pour plus d\u2019informations, nous vous renvoyons vers nos conditions g\u00e9n\u00e9rales.<\/font><\/font><\/p><\/p>\n","protected":false},"excerpt":{"rendered":"<p>Fauteuil de p\u00e9dicure polyvalent avec repose-jambes r\u00e9glables s\u00e9par\u00e9ment \u00e0 un prix tr\u00e8s avantageux ! D\u00e9couvrez notre table de traitement r\u00e9volutionnaire avec 3 moteurs qui assurent un confort ultime et un contr\u00f4le total. Avec les fonctions de r\u00e9glage en hauteur et du basculement du bassin facilement contr\u00f4l\u00e9es par la p\u00e9dale et le dossier r\u00e9glable \u00e9lectriquement par [&hellip;]<\/p>\n","protected":false},"featured_media":80852,"comment_status":"open","ping_status":"closed","template":"","meta":{"_acf_changed":false},"product_brand":[10612],"product_cat":[9960,10066,10233],"product_tag":[],"class_list":{"0":"post-138261","1":"product","2":"type-product","3":"status-publish","4":"has-post-thumbnail","6":"product_brand-zenna-fr","7":"product_cat-beaute-pedicure-amenagement-du-cabinet","8":"product_cat-soins-des-pieds-podologie-amenagement-du-cabinet-fauteuils-de-traitement","9":"product_cat-amenagement-fauteuils-de-traitement-pedicure","11":"first","12":"instock","13":"taxable","14":"shipping-taxable","15":"product-type-simple"},"acf":[],"yoast_head":"<!-- This site is optimized with the Yoast SEO plugin v27.3 - https:\/\/yoast.com\/product\/yoast-seo-wordpress\/ -->\n<title>Enzo Fauteuil de P\u00e9dicure 3 Moteurs Gris - Districos Webshop<\/title>\n<meta name=\"robots\" content=\"noindex, follow, max-snippet:-1, max-image-preview:large, max-video-preview:-1\" \/>\n<meta property=\"og:locale\" content=\"fr_FR\" \/>\n<meta property=\"og:type\" content=\"article\" \/>\n<meta property=\"og:title\" content=\"Enzo Fauteuil de P\u00e9dicure 3 Moteurs Gris - Districos Webshop\" \/>\n<meta property=\"og:description\" content=\"Fauteuil de p\u00e9dicure polyvalent avec repose-jambes r\u00e9glables s\u00e9par\u00e9ment \u00e0 un prix tr\u00e8s avantageux ! D\u00e9couvrez notre table de traitement r\u00e9volutionnaire avec 3 moteurs qui assurent un confort ultime et un contr\u00f4le total. Avec les fonctions de r\u00e9glage en hauteur et du basculement du bassin facilement contr\u00f4l\u00e9es par la p\u00e9dale et le dossier r\u00e9glable \u00e9lectriquement par [&hellip;]\" \/>\n<meta property=\"og:url\" content=\"https:\/\/districos.standingout.be\/fr\/product\/enzo-fauteuil-de-pedicure-3-moteurs-gris-ref-8403-20\/\" \/>\n<meta property=\"og:site_name\" content=\"Districos Webshop\" \/>\n<meta property=\"article:modified_time\" content=\"2026-04-28T09:01:42+00:00\" \/>\n<meta name=\"twitter:card\" content=\"summary_large_image\" \/>\n<meta name=\"twitter:label1\" content=\"Dur\u00e9e de lecture estim\u00e9e\" \/>\n\t<meta name=\"twitter:data1\" content=\"2 minutes\" \/>\n<script type=\"application\/ld+json\" class=\"yoast-schema-graph\">{\"@context\":\"https:\\\/\\\/schema.org\",\"@graph\":[{\"@type\":\"WebPage\",\"@id\":\"https:\\\/\\\/districos.standingout.be\\\/fr\\\/product\\\/enzo-fauteuil-de-pedicure-3-moteurs-gris-ref-8403-20\\\/\",\"url\":\"https:\\\/\\\/districos.standingout.be\\\/fr\\\/product\\\/enzo-fauteuil-de-pedicure-3-moteurs-gris-ref-8403-20\\\/\",\"name\":\"Enzo Fauteuil de P\u00e9dicure 3 Moteurs Gris - Districos Webshop\",\"isPartOf\":{\"@id\":\"https:\\\/\\\/districos.standingout.be\\\/fr\\\/#website\"},\"primaryImageOfPage\":{\"@id\":\"https:\\\/\\\/districos.standingout.be\\\/fr\\\/product\\\/enzo-fauteuil-de-pedicure-3-moteurs-gris-ref-8403-20\\\/#primaryimage\"},\"image\":{\"@id\":\"https:\\\/\\\/districos.standingout.be\\\/fr\\\/product\\\/enzo-fauteuil-de-pedicure-3-moteurs-gris-ref-8403-20\\\/#primaryimage\"},\"thumbnailUrl\":\"https:\\\/\\\/districos.standingout.be\\\/wp-content\\\/uploads\\\/2025\\\/07\\\/8403.20@LowRes_1.png\",\"datePublished\":\"2026-04-28T09:01:30+00:00\",\"dateModified\":\"2026-04-28T09:01:42+00:00\",\"breadcrumb\":{\"@id\":\"https:\\\/\\\/districos.standingout.be\\\/fr\\\/product\\\/enzo-fauteuil-de-pedicure-3-moteurs-gris-ref-8403-20\\\/#breadcrumb\"},\"inLanguage\":\"fr-FR\",\"potentialAction\":[{\"@type\":\"ReadAction\",\"target\":[\"https:\\\/\\\/districos.standingout.be\\\/fr\\\/product\\\/enzo-fauteuil-de-pedicure-3-moteurs-gris-ref-8403-20\\\/\"]}]},{\"@type\":\"ImageObject\",\"inLanguage\":\"fr-FR\",\"@id\":\"https:\\\/\\\/districos.standingout.be\\\/fr\\\/product\\\/enzo-fauteuil-de-pedicure-3-moteurs-gris-ref-8403-20\\\/#primaryimage\",\"url\":\"https:\\\/\\\/districos.standingout.be\\\/wp-content\\\/uploads\\\/2025\\\/07\\\/8403.20@LowRes_1.png\",\"contentUrl\":\"https:\\\/\\\/districos.standingout.be\\\/wp-content\\\/uploads\\\/2025\\\/07\\\/8403.20@LowRes_1.png\",\"width\":600,\"height\":600},{\"@type\":\"BreadcrumbList\",\"@id\":\"https:\\\/\\\/districos.standingout.be\\\/fr\\\/product\\\/enzo-fauteuil-de-pedicure-3-moteurs-gris-ref-8403-20\\\/#breadcrumb\",\"itemListElement\":[{\"@type\":\"ListItem\",\"position\":1,\"name\":\"Home\",\"item\":\"https:\\\/\\\/districos.standingout.be\\\/fr\\\/bienvenue-chez-districos\\\/\"},{\"@type\":\"ListItem\",\"position\":2,\"name\":\"Boutique\",\"item\":\"https:\\\/\\\/districos.standingout.be\\\/fr\\\/boutique\\\/\"},{\"@type\":\"ListItem\",\"position\":3,\"name\":\"Enzo Fauteuil de P\u00e9dicure 3 Moteurs Gris\"}]},{\"@type\":\"WebSite\",\"@id\":\"https:\\\/\\\/districos.standingout.be\\\/fr\\\/#website\",\"url\":\"https:\\\/\\\/districos.standingout.be\\\/fr\\\/\",\"name\":\"Districos Webshop\",\"description\":\"\",\"publisher\":{\"@id\":\"https:\\\/\\\/districos.standingout.be\\\/fr\\\/#organization\"},\"potentialAction\":[{\"@type\":\"SearchAction\",\"target\":{\"@type\":\"EntryPoint\",\"urlTemplate\":\"https:\\\/\\\/districos.standingout.be\\\/fr\\\/?s={search_term_string}\"},\"query-input\":{\"@type\":\"PropertyValueSpecification\",\"valueRequired\":true,\"valueName\":\"search_term_string\"}}],\"inLanguage\":\"fr-FR\"},{\"@type\":\"Organization\",\"@id\":\"https:\\\/\\\/districos.standingout.be\\\/fr\\\/#organization\",\"name\":\"Districos Webshop\",\"url\":\"https:\\\/\\\/districos.standingout.be\\\/fr\\\/\",\"logo\":{\"@type\":\"ImageObject\",\"inLanguage\":\"fr-FR\",\"@id\":\"https:\\\/\\\/districos.standingout.be\\\/fr\\\/#\\\/schema\\\/logo\\\/image\\\/\",\"url\":\"https:\\\/\\\/districos.standingout.be\\\/wp-content\\\/uploads\\\/2022\\\/09\\\/Districos_Logo_Webshop.svg\",\"contentUrl\":\"https:\\\/\\\/districos.standingout.be\\\/wp-content\\\/uploads\\\/2022\\\/09\\\/Districos_Logo_Webshop.svg\",\"caption\":\"Districos Webshop\"},\"image\":{\"@id\":\"https:\\\/\\\/districos.standingout.be\\\/fr\\\/#\\\/schema\\\/logo\\\/image\\\/\"}}]}<\/script>\n<!-- \/ Yoast SEO plugin. -->","yoast_head_json":{"title":"Enzo Fauteuil de P\u00e9dicure 3 Moteurs Gris - Districos Webshop","robots":{"index":"noindex","follow":"follow","max-snippet":"max-snippet:-1","max-image-preview":"max-image-preview:large","max-video-preview":"max-video-preview:-1"},"og_locale":"fr_FR","og_type":"article","og_title":"Enzo Fauteuil de P\u00e9dicure 3 Moteurs Gris - Districos Webshop","og_description":"Fauteuil de p\u00e9dicure polyvalent avec repose-jambes r\u00e9glables s\u00e9par\u00e9ment \u00e0 un prix tr\u00e8s avantageux ! D\u00e9couvrez notre table de traitement r\u00e9volutionnaire avec 3 moteurs qui assurent un confort ultime et un contr\u00f4le total. Avec les fonctions de r\u00e9glage en hauteur et du basculement du bassin facilement contr\u00f4l\u00e9es par la p\u00e9dale et le dossier r\u00e9glable \u00e9lectriquement par [&hellip;]","og_url":"https:\/\/districos.standingout.be\/fr\/product\/enzo-fauteuil-de-pedicure-3-moteurs-gris-ref-8403-20\/","og_site_name":"Districos Webshop","article_modified_time":"2026-04-28T09:01:42+00:00","twitter_card":"summary_large_image","twitter_misc":{"Dur\u00e9e de lecture estim\u00e9e":"2 minutes"},"schema":{"@context":"https:\/\/schema.org","@graph":[{"@type":"WebPage","@id":"https:\/\/districos.standingout.be\/fr\/product\/enzo-fauteuil-de-pedicure-3-moteurs-gris-ref-8403-20\/","url":"https:\/\/districos.standingout.be\/fr\/product\/enzo-fauteuil-de-pedicure-3-moteurs-gris-ref-8403-20\/","name":"Enzo Fauteuil de P\u00e9dicure 3 Moteurs Gris - Districos Webshop","isPartOf":{"@id":"https:\/\/districos.standingout.be\/fr\/#website"},"primaryImageOfPage":{"@id":"https:\/\/districos.standingout.be\/fr\/product\/enzo-fauteuil-de-pedicure-3-moteurs-gris-ref-8403-20\/#primaryimage"},"image":{"@id":"https:\/\/districos.standingout.be\/fr\/product\/enzo-fauteuil-de-pedicure-3-moteurs-gris-ref-8403-20\/#primaryimage"},"thumbnailUrl":"https:\/\/districos.standingout.be\/wp-content\/uploads\/2025\/07\/8403.20@LowRes_1.png","datePublished":"2026-04-28T09:01:30+00:00","dateModified":"2026-04-28T09:01:42+00:00","breadcrumb":{"@id":"https:\/\/districos.standingout.be\/fr\/product\/enzo-fauteuil-de-pedicure-3-moteurs-gris-ref-8403-20\/#breadcrumb"},"inLanguage":"fr-FR","potentialAction":[{"@type":"ReadAction","target":["https:\/\/districos.standingout.be\/fr\/product\/enzo-fauteuil-de-pedicure-3-moteurs-gris-ref-8403-20\/"]}]},{"@type":"ImageObject","inLanguage":"fr-FR","@id":"https:\/\/districos.standingout.be\/fr\/product\/enzo-fauteuil-de-pedicure-3-moteurs-gris-ref-8403-20\/#primaryimage","url":"https:\/\/districos.standingout.be\/wp-content\/uploads\/2025\/07\/8403.20@LowRes_1.png","contentUrl":"https:\/\/districos.standingout.be\/wp-content\/uploads\/2025\/07\/8403.20@LowRes_1.png","width":600,"height":600},{"@type":"BreadcrumbList","@id":"https:\/\/districos.standingout.be\/fr\/product\/enzo-fauteuil-de-pedicure-3-moteurs-gris-ref-8403-20\/#breadcrumb","itemListElement":[{"@type":"ListItem","position":1,"name":"Home","item":"https:\/\/districos.standingout.be\/fr\/bienvenue-chez-districos\/"},{"@type":"ListItem","position":2,"name":"Boutique","item":"https:\/\/districos.standingout.be\/fr\/boutique\/"},{"@type":"ListItem","position":3,"name":"Enzo Fauteuil de P\u00e9dicure 3 Moteurs Gris"}]},{"@type":"WebSite","@id":"https:\/\/districos.standingout.be\/fr\/#website","url":"https:\/\/districos.standingout.be\/fr\/","name":"Districos Webshop","description":"","publisher":{"@id":"https:\/\/districos.standingout.be\/fr\/#organization"},"potentialAction":[{"@type":"SearchAction","target":{"@type":"EntryPoint","urlTemplate":"https:\/\/districos.standingout.be\/fr\/?s={search_term_string}"},"query-input":{"@type":"PropertyValueSpecification","valueRequired":true,"valueName":"search_term_string"}}],"inLanguage":"fr-FR"},{"@type":"Organization","@id":"https:\/\/districos.standingout.be\/fr\/#organization","name":"Districos Webshop","url":"https:\/\/districos.standingout.be\/fr\/","logo":{"@type":"ImageObject","inLanguage":"fr-FR","@id":"https:\/\/districos.standingout.be\/fr\/#\/schema\/logo\/image\/","url":"https:\/\/districos.standingout.be\/wp-content\/uploads\/2022\/09\/Districos_Logo_Webshop.svg","contentUrl":"https:\/\/districos.standingout.be\/wp-content\/uploads\/2022\/09\/Districos_Logo_Webshop.svg","caption":"Districos Webshop"},"image":{"@id":"https:\/\/districos.standingout.be\/fr\/#\/schema\/logo\/image\/"}}]}},"_links":{"self":[{"href":"https:\/\/districos.standingout.be\/fr\/wp-json\/wp\/v2\/product\/138261","targetHints":{"allow":["GET"]}}],"collection":[{"href":"https:\/\/districos.standingout.be\/fr\/wp-json\/wp\/v2\/product"}],"about":[{"href":"https:\/\/districos.standingout.be\/fr\/wp-json\/wp\/v2\/types\/product"}],"replies":[{"embeddable":true,"href":"https:\/\/districos.standingout.be\/fr\/wp-json\/wp\/v2\/comments?post=138261"}],"wp:featuredmedia":[{"embeddable":true,"href":"https:\/\/districos.standingout.be\/fr\/wp-json\/wp\/v2\/media\/80852"}],"wp:attachment":[{"href":"https:\/\/districos.standingout.be\/fr\/wp-json\/wp\/v2\/media?parent=138261"}],"wp:term":[{"taxonomy":"product_brand","embeddable":true,"href":"https:\/\/districos.standingout.be\/fr\/wp-json\/wp\/v2\/product_brand?post=138261"},{"taxonomy":"product_cat","embeddable":true,"href":"https:\/\/districos.standingout.be\/fr\/wp-json\/wp\/v2\/product_cat?post=138261"},{"taxonomy":"product_tag","embeddable":true,"href":"https:\/\/districos.standingout.be\/fr\/wp-json\/wp\/v2\/product_tag?post=138261"}],"curies":[{"name":"wp","href":"https:\/\/api.w.org\/{rel}","templated":true}]}}