{"id":138263,"date":"2026-04-28T11:02:02","date_gmt":"2026-04-28T09:02:02","guid":{"rendered":"https:\/\/webshopdistricoscom.webhosting.be\/product\/anthea-fauteuil-de-soins-1-moteur-noir-ref-8403-23\/"},"modified":"2026-04-28T11:02:12","modified_gmt":"2026-04-28T09:02:12","slug":"anthea-fauteuil-de-soins-1-moteur-noir-ref-8403-23","status":"publish","type":"product","link":"https:\/\/districos.standingout.be\/fr\/product\/anthea-fauteuil-de-soins-1-moteur-noir-ref-8403-23\/","title":{"rendered":"Anthea Fauteuil de Soins 1 moteur Noir"},"content":{"rendered":"<p >\n<\/p>\n<\/p>\n<\/p>\n<p dir=\"ltr\"><font size=\"2\">Fauteuil de soins confortable, id\u00e9al pour tous vos soins du visage et du corps \u00e0 un prix tr\u00e8s int\u00e9ressant !<\/font><\/p>\n<ul>\n<li><font size=\"2\">Dimensions : 185-197 x 57 x 62-83 cm (L x l x h).<\/font><\/li>\n<li><font size=\"2\">1 moteur : \u00e9lectriquement r\u00e9glable en hauteur de 62 \u00e0 83 cm.<\/font><\/li>\n<li><font size=\"2\">Dossier (v\u00e9rin \u00e0 gaz command\u00e9 par p\u00e9dale) et support-jambes (levier) manuellement r\u00e9glables.<\/font><\/li>\n<li><font size=\"2\">Largeur accoudoirs compris : 78 cm \/ Largeur sans accoudoirs : 57 cm.<\/font><\/li>\n<li><font size=\"2\">Appuie-t\u00eate amovible et cavit\u00e9 faciale.<\/font><\/li>\n<li><font size=\"2\">Rev\u00eatement : Ska\u00ef (cuir artificiel).<\/font><\/li>\n<li><font size=\"2\"><b>Couleur : noir.<\/b><\/font><\/li>\n<li><font size=\"2\">Force portative : 150 kg en cas d\u2019usage normal.<\/font><\/li>\n<li><font size=\"2\">Poids : 78 kg.<\/font><\/li>\n<\/ul>\n<div>\n<div><b>Options :<\/b><\/div>\n<div>\n<ul>\n<li>Housse Stretch 4P Blanc pour Royal\/Anthea Fauteuil de Soins (r\u00e9f. 8615.30)<\/li>\n<li>Appuie-T\u00eate pour Traitements de Cils Blanc Brillant (r\u00e9f. 8403.2950)<\/li>\n<li>Appuie-T\u00eate pour Traitements de Cils Grey Coffee (r\u00e9f. 8403.2850)<\/li>\n<\/ul>\n<\/div>\n<\/div>\n<div>\n<div><font size=\"2\"><b>Aussi disponible :<\/b><\/font><\/div>\n<div>\n<ul>\n<li><font size=\"2\">Anthea Fauteuil de Soins 1 moteur Blanc (r\u00e9f. 8403.27G)<\/font><\/li>\n<li><font size=\"2\">Anthea Podo Fauteuil de P\u00e9dicure 1 moteur Blanc Brillant (r\u00e9f. 8403.26)<\/font><\/li>\n<li><font size=\"2\">Anthea Podo Fauteuil de P\u00e9dicure 1 moteur Blanc (r\u00e9f. 8403.26G)<\/font><\/li>\n<\/ul>\n<\/div>\n<\/div>\n<p dir=\"ltr\"><font size=\"2\"><\/font><\/p>\n<div><b>ATTENTION !<\/b>&nbsp;Cet article est livr\u00e9 par nos propres services apr\u00e8s que nous vous ayons appel\u00e9 pour prendre rendez-vous. Vous devez donc tenir compte que le d\u00e9lai de livraison peut atteindre jusqu\u2019\u00e0 7-10 jours ouvrables, selon la disponibilit\u00e9 et la route de notre chauffeur. Lorsque vous passez une commande, veuillez toujours donner une indication de l\u2019urgence dans la case&nbsp;<b>remarques<\/b>, afin de garantir un traitement rapide de votre commande. Dans le cas o\u00f9 vous n\u2019avez pas re\u00e7u d\u2019appel de notre part, n\u2019h\u00e9sitez pas \u00e0 nous contacter. Pour plus d\u2019informations, nous vous renvoyons vers nos conditions g\u00e9n\u00e9rales.<\/div><\/p>\n","protected":false},"excerpt":{"rendered":"<p>Fauteuil de soins confortable, id\u00e9al pour tous vos soins du visage et du corps \u00e0 un prix tr\u00e8s int\u00e9ressant ! Dimensions : 185-197 x 57 x 62-83 cm (L x l x h). 1 moteur : \u00e9lectriquement r\u00e9glable en hauteur de 62 \u00e0 83 cm. Dossier (v\u00e9rin \u00e0 gaz command\u00e9 par p\u00e9dale) et support-jambes (levier) [&hellip;]<\/p>\n","protected":false},"featured_media":80861,"comment_status":"open","ping_status":"closed","template":"","meta":{"_acf_changed":false},"product_brand":[10612],"product_cat":[9960],"product_tag":[],"class_list":{"0":"post-138263","1":"product","2":"type-product","3":"status-publish","4":"has-post-thumbnail","6":"product_brand-zenna-fr","7":"product_cat-beaute-pedicure-amenagement-du-cabinet","9":"first","10":"instock","11":"taxable","12":"shipping-taxable","13":"product-type-simple"},"acf":[],"yoast_head":"<!-- This site is optimized with the Yoast SEO plugin v27.3 - https:\/\/yoast.com\/product\/yoast-seo-wordpress\/ -->\n<title>Anthea Fauteuil de Soins 1 moteur Noir - Districos Webshop<\/title>\n<meta name=\"robots\" content=\"noindex, follow, max-snippet:-1, max-image-preview:large, max-video-preview:-1\" \/>\n<meta property=\"og:locale\" content=\"fr_FR\" \/>\n<meta property=\"og:type\" content=\"article\" \/>\n<meta property=\"og:title\" content=\"Anthea Fauteuil de Soins 1 moteur Noir - Districos Webshop\" \/>\n<meta property=\"og:description\" content=\"Fauteuil de soins confortable, id\u00e9al pour tous vos soins du visage et du corps \u00e0 un prix tr\u00e8s int\u00e9ressant ! Dimensions : 185-197 x 57 x 62-83 cm (L x l x h). 1 moteur : \u00e9lectriquement r\u00e9glable en hauteur de 62 \u00e0 83 cm. Dossier (v\u00e9rin \u00e0 gaz command\u00e9 par p\u00e9dale) et support-jambes (levier) [&hellip;]\" \/>\n<meta property=\"og:url\" content=\"https:\/\/districos.standingout.be\/fr\/product\/anthea-fauteuil-de-soins-1-moteur-noir-ref-8403-23\/\" \/>\n<meta property=\"og:site_name\" content=\"Districos Webshop\" \/>\n<meta property=\"article:modified_time\" content=\"2026-04-28T09:02:12+00:00\" \/>\n<meta name=\"twitter:card\" content=\"summary_large_image\" \/>\n<meta name=\"twitter:label1\" content=\"Dur\u00e9e de lecture estim\u00e9e\" \/>\n\t<meta name=\"twitter:data1\" content=\"1 minute\" \/>\n<script type=\"application\/ld+json\" class=\"yoast-schema-graph\">{\"@context\":\"https:\\\/\\\/schema.org\",\"@graph\":[{\"@type\":\"WebPage\",\"@id\":\"https:\\\/\\\/districos.standingout.be\\\/fr\\\/product\\\/anthea-fauteuil-de-soins-1-moteur-noir-ref-8403-23\\\/\",\"url\":\"https:\\\/\\\/districos.standingout.be\\\/fr\\\/product\\\/anthea-fauteuil-de-soins-1-moteur-noir-ref-8403-23\\\/\",\"name\":\"Anthea Fauteuil de Soins 1 moteur Noir - Districos Webshop\",\"isPartOf\":{\"@id\":\"https:\\\/\\\/districos.standingout.be\\\/fr\\\/#website\"},\"primaryImageOfPage\":{\"@id\":\"https:\\\/\\\/districos.standingout.be\\\/fr\\\/product\\\/anthea-fauteuil-de-soins-1-moteur-noir-ref-8403-23\\\/#primaryimage\"},\"image\":{\"@id\":\"https:\\\/\\\/districos.standingout.be\\\/fr\\\/product\\\/anthea-fauteuil-de-soins-1-moteur-noir-ref-8403-23\\\/#primaryimage\"},\"thumbnailUrl\":\"https:\\\/\\\/districos.standingout.be\\\/wp-content\\\/uploads\\\/2025\\\/07\\\/8403.23@LowRes_1.png\",\"datePublished\":\"2026-04-28T09:02:02+00:00\",\"dateModified\":\"2026-04-28T09:02:12+00:00\",\"breadcrumb\":{\"@id\":\"https:\\\/\\\/districos.standingout.be\\\/fr\\\/product\\\/anthea-fauteuil-de-soins-1-moteur-noir-ref-8403-23\\\/#breadcrumb\"},\"inLanguage\":\"fr-FR\",\"potentialAction\":[{\"@type\":\"ReadAction\",\"target\":[\"https:\\\/\\\/districos.standingout.be\\\/fr\\\/product\\\/anthea-fauteuil-de-soins-1-moteur-noir-ref-8403-23\\\/\"]}]},{\"@type\":\"ImageObject\",\"inLanguage\":\"fr-FR\",\"@id\":\"https:\\\/\\\/districos.standingout.be\\\/fr\\\/product\\\/anthea-fauteuil-de-soins-1-moteur-noir-ref-8403-23\\\/#primaryimage\",\"url\":\"https:\\\/\\\/districos.standingout.be\\\/wp-content\\\/uploads\\\/2025\\\/07\\\/8403.23@LowRes_1.png\",\"contentUrl\":\"https:\\\/\\\/districos.standingout.be\\\/wp-content\\\/uploads\\\/2025\\\/07\\\/8403.23@LowRes_1.png\",\"width\":600,\"height\":600},{\"@type\":\"BreadcrumbList\",\"@id\":\"https:\\\/\\\/districos.standingout.be\\\/fr\\\/product\\\/anthea-fauteuil-de-soins-1-moteur-noir-ref-8403-23\\\/#breadcrumb\",\"itemListElement\":[{\"@type\":\"ListItem\",\"position\":1,\"name\":\"Home\",\"item\":\"https:\\\/\\\/districos.standingout.be\\\/fr\\\/bienvenue-chez-districos\\\/\"},{\"@type\":\"ListItem\",\"position\":2,\"name\":\"Boutique\",\"item\":\"https:\\\/\\\/districos.standingout.be\\\/fr\\\/boutique\\\/\"},{\"@type\":\"ListItem\",\"position\":3,\"name\":\"Anthea Fauteuil de Soins 1 moteur Noir\"}]},{\"@type\":\"WebSite\",\"@id\":\"https:\\\/\\\/districos.standingout.be\\\/fr\\\/#website\",\"url\":\"https:\\\/\\\/districos.standingout.be\\\/fr\\\/\",\"name\":\"Districos Webshop\",\"description\":\"\",\"publisher\":{\"@id\":\"https:\\\/\\\/districos.standingout.be\\\/fr\\\/#organization\"},\"potentialAction\":[{\"@type\":\"SearchAction\",\"target\":{\"@type\":\"EntryPoint\",\"urlTemplate\":\"https:\\\/\\\/districos.standingout.be\\\/fr\\\/?s={search_term_string}\"},\"query-input\":{\"@type\":\"PropertyValueSpecification\",\"valueRequired\":true,\"valueName\":\"search_term_string\"}}],\"inLanguage\":\"fr-FR\"},{\"@type\":\"Organization\",\"@id\":\"https:\\\/\\\/districos.standingout.be\\\/fr\\\/#organization\",\"name\":\"Districos Webshop\",\"url\":\"https:\\\/\\\/districos.standingout.be\\\/fr\\\/\",\"logo\":{\"@type\":\"ImageObject\",\"inLanguage\":\"fr-FR\",\"@id\":\"https:\\\/\\\/districos.standingout.be\\\/fr\\\/#\\\/schema\\\/logo\\\/image\\\/\",\"url\":\"https:\\\/\\\/districos.standingout.be\\\/wp-content\\\/uploads\\\/2022\\\/09\\\/Districos_Logo_Webshop.svg\",\"contentUrl\":\"https:\\\/\\\/districos.standingout.be\\\/wp-content\\\/uploads\\\/2022\\\/09\\\/Districos_Logo_Webshop.svg\",\"caption\":\"Districos Webshop\"},\"image\":{\"@id\":\"https:\\\/\\\/districos.standingout.be\\\/fr\\\/#\\\/schema\\\/logo\\\/image\\\/\"}}]}<\/script>\n<!-- \/ Yoast SEO plugin. -->","yoast_head_json":{"title":"Anthea Fauteuil de Soins 1 moteur Noir - Districos Webshop","robots":{"index":"noindex","follow":"follow","max-snippet":"max-snippet:-1","max-image-preview":"max-image-preview:large","max-video-preview":"max-video-preview:-1"},"og_locale":"fr_FR","og_type":"article","og_title":"Anthea Fauteuil de Soins 1 moteur Noir - Districos Webshop","og_description":"Fauteuil de soins confortable, id\u00e9al pour tous vos soins du visage et du corps \u00e0 un prix tr\u00e8s int\u00e9ressant ! Dimensions : 185-197 x 57 x 62-83 cm (L x l x h). 1 moteur : \u00e9lectriquement r\u00e9glable en hauteur de 62 \u00e0 83 cm. Dossier (v\u00e9rin \u00e0 gaz command\u00e9 par p\u00e9dale) et support-jambes (levier) [&hellip;]","og_url":"https:\/\/districos.standingout.be\/fr\/product\/anthea-fauteuil-de-soins-1-moteur-noir-ref-8403-23\/","og_site_name":"Districos Webshop","article_modified_time":"2026-04-28T09:02:12+00:00","twitter_card":"summary_large_image","twitter_misc":{"Dur\u00e9e de lecture estim\u00e9e":"1 minute"},"schema":{"@context":"https:\/\/schema.org","@graph":[{"@type":"WebPage","@id":"https:\/\/districos.standingout.be\/fr\/product\/anthea-fauteuil-de-soins-1-moteur-noir-ref-8403-23\/","url":"https:\/\/districos.standingout.be\/fr\/product\/anthea-fauteuil-de-soins-1-moteur-noir-ref-8403-23\/","name":"Anthea Fauteuil de Soins 1 moteur Noir - Districos Webshop","isPartOf":{"@id":"https:\/\/districos.standingout.be\/fr\/#website"},"primaryImageOfPage":{"@id":"https:\/\/districos.standingout.be\/fr\/product\/anthea-fauteuil-de-soins-1-moteur-noir-ref-8403-23\/#primaryimage"},"image":{"@id":"https:\/\/districos.standingout.be\/fr\/product\/anthea-fauteuil-de-soins-1-moteur-noir-ref-8403-23\/#primaryimage"},"thumbnailUrl":"https:\/\/districos.standingout.be\/wp-content\/uploads\/2025\/07\/8403.23@LowRes_1.png","datePublished":"2026-04-28T09:02:02+00:00","dateModified":"2026-04-28T09:02:12+00:00","breadcrumb":{"@id":"https:\/\/districos.standingout.be\/fr\/product\/anthea-fauteuil-de-soins-1-moteur-noir-ref-8403-23\/#breadcrumb"},"inLanguage":"fr-FR","potentialAction":[{"@type":"ReadAction","target":["https:\/\/districos.standingout.be\/fr\/product\/anthea-fauteuil-de-soins-1-moteur-noir-ref-8403-23\/"]}]},{"@type":"ImageObject","inLanguage":"fr-FR","@id":"https:\/\/districos.standingout.be\/fr\/product\/anthea-fauteuil-de-soins-1-moteur-noir-ref-8403-23\/#primaryimage","url":"https:\/\/districos.standingout.be\/wp-content\/uploads\/2025\/07\/8403.23@LowRes_1.png","contentUrl":"https:\/\/districos.standingout.be\/wp-content\/uploads\/2025\/07\/8403.23@LowRes_1.png","width":600,"height":600},{"@type":"BreadcrumbList","@id":"https:\/\/districos.standingout.be\/fr\/product\/anthea-fauteuil-de-soins-1-moteur-noir-ref-8403-23\/#breadcrumb","itemListElement":[{"@type":"ListItem","position":1,"name":"Home","item":"https:\/\/districos.standingout.be\/fr\/bienvenue-chez-districos\/"},{"@type":"ListItem","position":2,"name":"Boutique","item":"https:\/\/districos.standingout.be\/fr\/boutique\/"},{"@type":"ListItem","position":3,"name":"Anthea Fauteuil de Soins 1 moteur Noir"}]},{"@type":"WebSite","@id":"https:\/\/districos.standingout.be\/fr\/#website","url":"https:\/\/districos.standingout.be\/fr\/","name":"Districos Webshop","description":"","publisher":{"@id":"https:\/\/districos.standingout.be\/fr\/#organization"},"potentialAction":[{"@type":"SearchAction","target":{"@type":"EntryPoint","urlTemplate":"https:\/\/districos.standingout.be\/fr\/?s={search_term_string}"},"query-input":{"@type":"PropertyValueSpecification","valueRequired":true,"valueName":"search_term_string"}}],"inLanguage":"fr-FR"},{"@type":"Organization","@id":"https:\/\/districos.standingout.be\/fr\/#organization","name":"Districos Webshop","url":"https:\/\/districos.standingout.be\/fr\/","logo":{"@type":"ImageObject","inLanguage":"fr-FR","@id":"https:\/\/districos.standingout.be\/fr\/#\/schema\/logo\/image\/","url":"https:\/\/districos.standingout.be\/wp-content\/uploads\/2022\/09\/Districos_Logo_Webshop.svg","contentUrl":"https:\/\/districos.standingout.be\/wp-content\/uploads\/2022\/09\/Districos_Logo_Webshop.svg","caption":"Districos Webshop"},"image":{"@id":"https:\/\/districos.standingout.be\/fr\/#\/schema\/logo\/image\/"}}]}},"_links":{"self":[{"href":"https:\/\/districos.standingout.be\/fr\/wp-json\/wp\/v2\/product\/138263","targetHints":{"allow":["GET"]}}],"collection":[{"href":"https:\/\/districos.standingout.be\/fr\/wp-json\/wp\/v2\/product"}],"about":[{"href":"https:\/\/districos.standingout.be\/fr\/wp-json\/wp\/v2\/types\/product"}],"replies":[{"embeddable":true,"href":"https:\/\/districos.standingout.be\/fr\/wp-json\/wp\/v2\/comments?post=138263"}],"wp:featuredmedia":[{"embeddable":true,"href":"https:\/\/districos.standingout.be\/fr\/wp-json\/wp\/v2\/media\/80861"}],"wp:attachment":[{"href":"https:\/\/districos.standingout.be\/fr\/wp-json\/wp\/v2\/media?parent=138263"}],"wp:term":[{"taxonomy":"product_brand","embeddable":true,"href":"https:\/\/districos.standingout.be\/fr\/wp-json\/wp\/v2\/product_brand?post=138263"},{"taxonomy":"product_cat","embeddable":true,"href":"https:\/\/districos.standingout.be\/fr\/wp-json\/wp\/v2\/product_cat?post=138263"},{"taxonomy":"product_tag","embeddable":true,"href":"https:\/\/districos.standingout.be\/fr\/wp-json\/wp\/v2\/product_tag?post=138263"}],"curies":[{"name":"wp","href":"https:\/\/api.w.org\/{rel}","templated":true}]}}