{"id":138279,"date":"2026-04-28T11:04:13","date_gmt":"2026-04-28T09:04:13","guid":{"rendered":"https:\/\/webshopdistricoscom.webhosting.be\/product\/luna-fauteuil-de-soins-4-moteurs-blanc-ref-8403-34\/"},"modified":"2026-04-28T11:04:25","modified_gmt":"2026-04-28T09:04:25","slug":"luna-fauteuil-de-soins-4-moteurs-blanc-ref-8403-34","status":"publish","type":"product","link":"https:\/\/districos.standingout.be\/fr\/product\/luna-fauteuil-de-soins-4-moteurs-blanc-ref-8403-34\/","title":{"rendered":"Luna Fauteuil de Soins 4 moteurs Blanc"},"content":{"rendered":"<p >\n<\/p>\n<\/p>\n<div><span>Fauteuil de soins confortable et compl\u00e8tement \u00e9lectrique pour tous vos soins du corps, du visage et p\u00e9dicures. Pied en m\u00e9tal et laqu\u00e9 en blanc qui garantit une forte stabilit\u00e9. Le repose-pieds peut \u00eatre repli\u00e9 jusqu\u2019\u00e0 90\u00b0 afin que le bain de pieds avec poign\u00e9e puisse s\u2019adapter parfaitement.<\/span><\/div>\n<ul>\n<li>Dimensions : 190-225 x 62 x 61-92 cm (L x l x h).<\/li>\n<li>4 moteurs : r\u00e9glage \u00e9lectrique de la hauteur, du basculement du bassin, du dossier et du support-jambes.<\/li>\n<li>\u00c9lectriquement r\u00e9glable en hauteur de 61 \u00e0 92 cm.<\/li>\n<li>Largeur du si\u00e8ge : 62 cm (87 cm avec accoudoirs).<\/li>\n<li><b>Sans 3 fonctions m\u00e9moire programmables et chauffage !<\/b><\/li>\n<li>Appuie-t\u00eate et repose-pieds amovibles.<\/li>\n<li>Rev\u00eatement : Ska\u00ef (cuir artificiel).<\/li>\n<li><b>Couleur : Blanc.<\/b><\/li>\n<li>Force portative : 200 kg en cas d\u2019usage normal.<\/li>\n<li>Poids : 75 kg.<\/li>\n<\/ul>\n<p dir=\"ltr\"><b>Options :<\/b><\/p>\n<ul>\n<li>Set de 4 Roulettes (r\u00e9f. 8375.022)<\/li>\n<li>Housse Stretch 5P Blanc pour Luna Fauteuil de Soins (r\u00e9f. 8616.13)<\/li>\n<li>Commande \u00e0 Pied pour Luna Fauteuil de Soins (r\u00e9f. 8403.348)<\/li>\n<li>Bain de Pieds sur Roulettes avec Poign\u00e9e (r\u00e9f. 8360.018)<\/li>\n<\/ul>\n<p dir=\"ltr\"><b>Aussi disponible :<\/b><\/p>\n<ul>\n<li>Luna Fauteuil de Soins 4 moteurs Blanc (r\u00e9f. 8403.34)<\/li>\n<li>Luna Fauteuil de Soins 4 moteurs Blanc M\u00e9moire+Chauffage (r\u00e9f. 8403.32)<\/li>\n<li>Luna Fauteuil de Soins 4 moteurs Grey Coffee (r\u00e9f. 8403.28)<\/li>\n<li>Luna Fauteuil de Soins 4 moteurs Grey Coffee M\u00e9moire+Chauffage (r\u00e9f. 8403.37)<\/li>\n<\/ul>\n<p dir=\"ltr\"><b>ATTENTION !<\/b>&nbsp;Cet article est livr\u00e9 par nos propres services apr\u00e8s que nous vous ayons appel\u00e9 pour prendre rendez-vous. Vous devez donc tenir compte que le d\u00e9lai de livraison peut atteindre jusqu\u2019\u00e0 7-10 jours ouvrables, selon la disponibilit\u00e9 et la route de notre chauffeur. Lorsque vous passez une commande, veuillez toujours donner une indication de l\u2019urgence dans la case&nbsp;<b>remarques<\/b>, afin de garantir un traitement rapide de votre commande. Dans le cas o\u00f9 vous n\u2019avez pas re\u00e7u d\u2019appel de notre part, n\u2019h\u00e9sitez pas \u00e0 nous contacter. Pour plus d\u2019informations, nous vous renvoyons vers nos conditions g\u00e9n\u00e9rales.<\/p>\n","protected":false},"excerpt":{"rendered":"<p>Fauteuil de soins confortable et compl\u00e8tement \u00e9lectrique pour tous vos soins du corps, du visage et p\u00e9dicures. Pied en m\u00e9tal et laqu\u00e9 en blanc qui garantit une forte stabilit\u00e9. Le repose-pieds peut \u00eatre repli\u00e9 jusqu\u2019\u00e0 90\u00b0 afin que le bain de pieds avec poign\u00e9e puisse s\u2019adapter parfaitement. Dimensions : 190-225 x 62 x 61-92 cm [&hellip;]<\/p>\n","protected":false},"featured_media":80939,"comment_status":"open","ping_status":"closed","template":"","meta":{"_acf_changed":false},"product_brand":[10612],"product_cat":[9960],"product_tag":[],"class_list":{"0":"post-138279","1":"product","2":"type-product","3":"status-publish","4":"has-post-thumbnail","6":"product_brand-zenna-fr","7":"product_cat-beaute-pedicure-amenagement-du-cabinet","9":"first","10":"instock","11":"taxable","12":"shipping-taxable","13":"product-type-simple"},"acf":[],"yoast_head":"<!-- This site is optimized with the Yoast SEO plugin v27.3 - https:\/\/yoast.com\/product\/yoast-seo-wordpress\/ -->\n<title>Luna Fauteuil de Soins 4 moteurs Blanc - Districos Webshop<\/title>\n<meta name=\"robots\" content=\"noindex, follow, max-snippet:-1, max-image-preview:large, max-video-preview:-1\" \/>\n<meta property=\"og:locale\" content=\"fr_FR\" \/>\n<meta property=\"og:type\" content=\"article\" \/>\n<meta property=\"og:title\" content=\"Luna Fauteuil de Soins 4 moteurs Blanc - Districos Webshop\" \/>\n<meta property=\"og:description\" content=\"Fauteuil de soins confortable et compl\u00e8tement \u00e9lectrique pour tous vos soins du corps, du visage et p\u00e9dicures. Pied en m\u00e9tal et laqu\u00e9 en blanc qui garantit une forte stabilit\u00e9. Le repose-pieds peut \u00eatre repli\u00e9 jusqu\u2019\u00e0 90\u00b0 afin que le bain de pieds avec poign\u00e9e puisse s\u2019adapter parfaitement. Dimensions : 190-225 x 62 x 61-92 cm [&hellip;]\" \/>\n<meta property=\"og:url\" content=\"https:\/\/districos.standingout.be\/fr\/product\/luna-fauteuil-de-soins-4-moteurs-blanc-ref-8403-34\/\" \/>\n<meta property=\"og:site_name\" content=\"Districos Webshop\" \/>\n<meta property=\"article:modified_time\" content=\"2026-04-28T09:04:25+00:00\" \/>\n<meta name=\"twitter:card\" content=\"summary_large_image\" \/>\n<meta name=\"twitter:label1\" content=\"Dur\u00e9e de lecture estim\u00e9e\" \/>\n\t<meta name=\"twitter:data1\" content=\"2 minutes\" \/>\n<script type=\"application\/ld+json\" class=\"yoast-schema-graph\">{\"@context\":\"https:\\\/\\\/schema.org\",\"@graph\":[{\"@type\":\"WebPage\",\"@id\":\"https:\\\/\\\/districos.standingout.be\\\/fr\\\/product\\\/luna-fauteuil-de-soins-4-moteurs-blanc-ref-8403-34\\\/\",\"url\":\"https:\\\/\\\/districos.standingout.be\\\/fr\\\/product\\\/luna-fauteuil-de-soins-4-moteurs-blanc-ref-8403-34\\\/\",\"name\":\"Luna Fauteuil de Soins 4 moteurs Blanc - Districos Webshop\",\"isPartOf\":{\"@id\":\"https:\\\/\\\/districos.standingout.be\\\/fr\\\/#website\"},\"primaryImageOfPage\":{\"@id\":\"https:\\\/\\\/districos.standingout.be\\\/fr\\\/product\\\/luna-fauteuil-de-soins-4-moteurs-blanc-ref-8403-34\\\/#primaryimage\"},\"image\":{\"@id\":\"https:\\\/\\\/districos.standingout.be\\\/fr\\\/product\\\/luna-fauteuil-de-soins-4-moteurs-blanc-ref-8403-34\\\/#primaryimage\"},\"thumbnailUrl\":\"https:\\\/\\\/districos.standingout.be\\\/wp-content\\\/uploads\\\/2025\\\/07\\\/8403.34@LowRes_1.png\",\"datePublished\":\"2026-04-28T09:04:13+00:00\",\"dateModified\":\"2026-04-28T09:04:25+00:00\",\"breadcrumb\":{\"@id\":\"https:\\\/\\\/districos.standingout.be\\\/fr\\\/product\\\/luna-fauteuil-de-soins-4-moteurs-blanc-ref-8403-34\\\/#breadcrumb\"},\"inLanguage\":\"fr-FR\",\"potentialAction\":[{\"@type\":\"ReadAction\",\"target\":[\"https:\\\/\\\/districos.standingout.be\\\/fr\\\/product\\\/luna-fauteuil-de-soins-4-moteurs-blanc-ref-8403-34\\\/\"]}]},{\"@type\":\"ImageObject\",\"inLanguage\":\"fr-FR\",\"@id\":\"https:\\\/\\\/districos.standingout.be\\\/fr\\\/product\\\/luna-fauteuil-de-soins-4-moteurs-blanc-ref-8403-34\\\/#primaryimage\",\"url\":\"https:\\\/\\\/districos.standingout.be\\\/wp-content\\\/uploads\\\/2025\\\/07\\\/8403.34@LowRes_1.png\",\"contentUrl\":\"https:\\\/\\\/districos.standingout.be\\\/wp-content\\\/uploads\\\/2025\\\/07\\\/8403.34@LowRes_1.png\",\"width\":600,\"height\":600},{\"@type\":\"BreadcrumbList\",\"@id\":\"https:\\\/\\\/districos.standingout.be\\\/fr\\\/product\\\/luna-fauteuil-de-soins-4-moteurs-blanc-ref-8403-34\\\/#breadcrumb\",\"itemListElement\":[{\"@type\":\"ListItem\",\"position\":1,\"name\":\"Home\",\"item\":\"https:\\\/\\\/districos.standingout.be\\\/fr\\\/bienvenue-chez-districos\\\/\"},{\"@type\":\"ListItem\",\"position\":2,\"name\":\"Boutique\",\"item\":\"https:\\\/\\\/districos.standingout.be\\\/fr\\\/boutique\\\/\"},{\"@type\":\"ListItem\",\"position\":3,\"name\":\"Luna Fauteuil de Soins 4 moteurs Blanc\"}]},{\"@type\":\"WebSite\",\"@id\":\"https:\\\/\\\/districos.standingout.be\\\/fr\\\/#website\",\"url\":\"https:\\\/\\\/districos.standingout.be\\\/fr\\\/\",\"name\":\"Districos Webshop\",\"description\":\"\",\"publisher\":{\"@id\":\"https:\\\/\\\/districos.standingout.be\\\/fr\\\/#organization\"},\"potentialAction\":[{\"@type\":\"SearchAction\",\"target\":{\"@type\":\"EntryPoint\",\"urlTemplate\":\"https:\\\/\\\/districos.standingout.be\\\/fr\\\/?s={search_term_string}\"},\"query-input\":{\"@type\":\"PropertyValueSpecification\",\"valueRequired\":true,\"valueName\":\"search_term_string\"}}],\"inLanguage\":\"fr-FR\"},{\"@type\":\"Organization\",\"@id\":\"https:\\\/\\\/districos.standingout.be\\\/fr\\\/#organization\",\"name\":\"Districos Webshop\",\"url\":\"https:\\\/\\\/districos.standingout.be\\\/fr\\\/\",\"logo\":{\"@type\":\"ImageObject\",\"inLanguage\":\"fr-FR\",\"@id\":\"https:\\\/\\\/districos.standingout.be\\\/fr\\\/#\\\/schema\\\/logo\\\/image\\\/\",\"url\":\"https:\\\/\\\/districos.standingout.be\\\/wp-content\\\/uploads\\\/2022\\\/09\\\/Districos_Logo_Webshop.svg\",\"contentUrl\":\"https:\\\/\\\/districos.standingout.be\\\/wp-content\\\/uploads\\\/2022\\\/09\\\/Districos_Logo_Webshop.svg\",\"caption\":\"Districos Webshop\"},\"image\":{\"@id\":\"https:\\\/\\\/districos.standingout.be\\\/fr\\\/#\\\/schema\\\/logo\\\/image\\\/\"}}]}<\/script>\n<!-- \/ Yoast SEO plugin. -->","yoast_head_json":{"title":"Luna Fauteuil de Soins 4 moteurs Blanc - Districos Webshop","robots":{"index":"noindex","follow":"follow","max-snippet":"max-snippet:-1","max-image-preview":"max-image-preview:large","max-video-preview":"max-video-preview:-1"},"og_locale":"fr_FR","og_type":"article","og_title":"Luna Fauteuil de Soins 4 moteurs Blanc - Districos Webshop","og_description":"Fauteuil de soins confortable et compl\u00e8tement \u00e9lectrique pour tous vos soins du corps, du visage et p\u00e9dicures. Pied en m\u00e9tal et laqu\u00e9 en blanc qui garantit une forte stabilit\u00e9. Le repose-pieds peut \u00eatre repli\u00e9 jusqu\u2019\u00e0 90\u00b0 afin que le bain de pieds avec poign\u00e9e puisse s\u2019adapter parfaitement. Dimensions : 190-225 x 62 x 61-92 cm [&hellip;]","og_url":"https:\/\/districos.standingout.be\/fr\/product\/luna-fauteuil-de-soins-4-moteurs-blanc-ref-8403-34\/","og_site_name":"Districos Webshop","article_modified_time":"2026-04-28T09:04:25+00:00","twitter_card":"summary_large_image","twitter_misc":{"Dur\u00e9e de lecture estim\u00e9e":"2 minutes"},"schema":{"@context":"https:\/\/schema.org","@graph":[{"@type":"WebPage","@id":"https:\/\/districos.standingout.be\/fr\/product\/luna-fauteuil-de-soins-4-moteurs-blanc-ref-8403-34\/","url":"https:\/\/districos.standingout.be\/fr\/product\/luna-fauteuil-de-soins-4-moteurs-blanc-ref-8403-34\/","name":"Luna Fauteuil de Soins 4 moteurs Blanc - Districos Webshop","isPartOf":{"@id":"https:\/\/districos.standingout.be\/fr\/#website"},"primaryImageOfPage":{"@id":"https:\/\/districos.standingout.be\/fr\/product\/luna-fauteuil-de-soins-4-moteurs-blanc-ref-8403-34\/#primaryimage"},"image":{"@id":"https:\/\/districos.standingout.be\/fr\/product\/luna-fauteuil-de-soins-4-moteurs-blanc-ref-8403-34\/#primaryimage"},"thumbnailUrl":"https:\/\/districos.standingout.be\/wp-content\/uploads\/2025\/07\/8403.34@LowRes_1.png","datePublished":"2026-04-28T09:04:13+00:00","dateModified":"2026-04-28T09:04:25+00:00","breadcrumb":{"@id":"https:\/\/districos.standingout.be\/fr\/product\/luna-fauteuil-de-soins-4-moteurs-blanc-ref-8403-34\/#breadcrumb"},"inLanguage":"fr-FR","potentialAction":[{"@type":"ReadAction","target":["https:\/\/districos.standingout.be\/fr\/product\/luna-fauteuil-de-soins-4-moteurs-blanc-ref-8403-34\/"]}]},{"@type":"ImageObject","inLanguage":"fr-FR","@id":"https:\/\/districos.standingout.be\/fr\/product\/luna-fauteuil-de-soins-4-moteurs-blanc-ref-8403-34\/#primaryimage","url":"https:\/\/districos.standingout.be\/wp-content\/uploads\/2025\/07\/8403.34@LowRes_1.png","contentUrl":"https:\/\/districos.standingout.be\/wp-content\/uploads\/2025\/07\/8403.34@LowRes_1.png","width":600,"height":600},{"@type":"BreadcrumbList","@id":"https:\/\/districos.standingout.be\/fr\/product\/luna-fauteuil-de-soins-4-moteurs-blanc-ref-8403-34\/#breadcrumb","itemListElement":[{"@type":"ListItem","position":1,"name":"Home","item":"https:\/\/districos.standingout.be\/fr\/bienvenue-chez-districos\/"},{"@type":"ListItem","position":2,"name":"Boutique","item":"https:\/\/districos.standingout.be\/fr\/boutique\/"},{"@type":"ListItem","position":3,"name":"Luna Fauteuil de Soins 4 moteurs Blanc"}]},{"@type":"WebSite","@id":"https:\/\/districos.standingout.be\/fr\/#website","url":"https:\/\/districos.standingout.be\/fr\/","name":"Districos Webshop","description":"","publisher":{"@id":"https:\/\/districos.standingout.be\/fr\/#organization"},"potentialAction":[{"@type":"SearchAction","target":{"@type":"EntryPoint","urlTemplate":"https:\/\/districos.standingout.be\/fr\/?s={search_term_string}"},"query-input":{"@type":"PropertyValueSpecification","valueRequired":true,"valueName":"search_term_string"}}],"inLanguage":"fr-FR"},{"@type":"Organization","@id":"https:\/\/districos.standingout.be\/fr\/#organization","name":"Districos Webshop","url":"https:\/\/districos.standingout.be\/fr\/","logo":{"@type":"ImageObject","inLanguage":"fr-FR","@id":"https:\/\/districos.standingout.be\/fr\/#\/schema\/logo\/image\/","url":"https:\/\/districos.standingout.be\/wp-content\/uploads\/2022\/09\/Districos_Logo_Webshop.svg","contentUrl":"https:\/\/districos.standingout.be\/wp-content\/uploads\/2022\/09\/Districos_Logo_Webshop.svg","caption":"Districos Webshop"},"image":{"@id":"https:\/\/districos.standingout.be\/fr\/#\/schema\/logo\/image\/"}}]}},"_links":{"self":[{"href":"https:\/\/districos.standingout.be\/fr\/wp-json\/wp\/v2\/product\/138279","targetHints":{"allow":["GET"]}}],"collection":[{"href":"https:\/\/districos.standingout.be\/fr\/wp-json\/wp\/v2\/product"}],"about":[{"href":"https:\/\/districos.standingout.be\/fr\/wp-json\/wp\/v2\/types\/product"}],"replies":[{"embeddable":true,"href":"https:\/\/districos.standingout.be\/fr\/wp-json\/wp\/v2\/comments?post=138279"}],"wp:featuredmedia":[{"embeddable":true,"href":"https:\/\/districos.standingout.be\/fr\/wp-json\/wp\/v2\/media\/80939"}],"wp:attachment":[{"href":"https:\/\/districos.standingout.be\/fr\/wp-json\/wp\/v2\/media?parent=138279"}],"wp:term":[{"taxonomy":"product_brand","embeddable":true,"href":"https:\/\/districos.standingout.be\/fr\/wp-json\/wp\/v2\/product_brand?post=138279"},{"taxonomy":"product_cat","embeddable":true,"href":"https:\/\/districos.standingout.be\/fr\/wp-json\/wp\/v2\/product_cat?post=138279"},{"taxonomy":"product_tag","embeddable":true,"href":"https:\/\/districos.standingout.be\/fr\/wp-json\/wp\/v2\/product_tag?post=138279"}],"curies":[{"name":"wp","href":"https:\/\/api.w.org\/{rel}","templated":true}]}}