{"id":138303,"date":"2026-04-28T11:07:44","date_gmt":"2026-04-28T09:07:44","guid":{"rendered":"https:\/\/webshopdistricoscom.webhosting.be\/product\/statif-roulant-alourdi-pour-lampe-loupe-blanc-gris-ref-8404-491\/"},"modified":"2026-04-28T11:07:47","modified_gmt":"2026-04-28T09:07:47","slug":"statif-roulant-alourdi-pour-lampe-loupe-blanc-gris-ref-8404-491","status":"publish","type":"product","link":"https:\/\/districos.standingout.be\/fr\/product\/statif-roulant-alourdi-pour-lampe-loupe-blanc-gris-ref-8404-491\/","title":{"rendered":"Statif Roulant Alourdi pour Lampe Loupe Blanc\/Gris"},"content":{"rendered":"<p >\n<\/p>\n<\/p>\n<p dir=\"ltr\"><b>Statif alourdi pour lampes loupes.<\/b><\/p>\n<p dir=\"ltr\">\n<ul>\n<li>Base \u00e0 5 pieds avec roulettes<\/li>\n<li>Non r\u00e9glable (hauteur : 71 cm)<\/li>\n<li>Poids : +\/- 7 kg pour plus de stabilit\u00e9<\/li>\n<li>Diam\u00e8tre de la base : 68 cm<\/li>\n<li>Couleur : blanc-gris<\/li>\n<\/ul>\n<div>\n<div><b>\u00c9galement disponible :<\/b><\/div>\n<div>\n<ul>\n<li>Statif Roulant Alourdi pour Lampe Loupe Noir (<a href=\"https:\/\/webshop.districos.com\/ProductDetail\/8404.492\" target=\"_blank\" rel=\"noopener noreferrer nofollow\">r\u00e9f. 8404.492<\/a>)<\/li>\n<\/ul>\n<\/div>\n<\/div>\n","protected":false},"excerpt":{"rendered":"<p>Statif alourdi pour lampes loupes. Base \u00e0 5 pieds avec roulettes Non r\u00e9glable (hauteur : 71 cm) Poids : +\/- 7 kg pour plus de stabilit\u00e9 Diam\u00e8tre de la base : 68 cm Couleur : blanc-gris \u00c9galement disponible : Statif Roulant Alourdi pour Lampe Loupe Noir (r\u00e9f. 8404.492)<\/p>\n","protected":false},"featured_media":147850,"comment_status":"open","ping_status":"closed","template":"","meta":{"_acf_changed":false},"product_brand":[10612],"product_cat":[9862],"product_tag":[],"class_list":{"0":"post-138303","1":"product","2":"type-product","3":"status-publish","4":"has-post-thumbnail","6":"product_brand-zenna-fr","7":"product_cat-beaute-visage-equipement","9":"first","10":"instock","11":"taxable","12":"shipping-taxable","13":"product-type-simple"},"acf":[],"yoast_head":"<!-- This site is optimized with the Yoast SEO plugin v27.3 - https:\/\/yoast.com\/product\/yoast-seo-wordpress\/ -->\n<title>Statif Roulant Alourdi pour Lampe Loupe Blanc\/Gris - Districos Webshop<\/title>\n<meta name=\"robots\" content=\"noindex, follow, max-snippet:-1, max-image-preview:large, max-video-preview:-1\" \/>\n<meta property=\"og:locale\" content=\"fr_FR\" \/>\n<meta property=\"og:type\" content=\"article\" \/>\n<meta property=\"og:title\" content=\"Statif Roulant Alourdi pour Lampe Loupe Blanc\/Gris - Districos Webshop\" \/>\n<meta property=\"og:description\" content=\"Statif alourdi pour lampes loupes. Base \u00e0 5 pieds avec roulettes Non r\u00e9glable (hauteur : 71 cm) Poids : +\/- 7 kg pour plus de stabilit\u00e9 Diam\u00e8tre de la base : 68 cm Couleur : blanc-gris \u00c9galement disponible : Statif Roulant Alourdi pour Lampe Loupe Noir (r\u00e9f. 8404.492)\" \/>\n<meta property=\"og:url\" content=\"https:\/\/districos.standingout.be\/fr\/product\/statif-roulant-alourdi-pour-lampe-loupe-blanc-gris-ref-8404-491\/\" \/>\n<meta property=\"og:site_name\" content=\"Districos Webshop\" \/>\n<meta property=\"article:modified_time\" content=\"2026-04-28T09:07:47+00:00\" \/>\n<meta name=\"twitter:card\" content=\"summary_large_image\" \/>\n<script type=\"application\/ld+json\" class=\"yoast-schema-graph\">{\"@context\":\"https:\\\/\\\/schema.org\",\"@graph\":[{\"@type\":\"WebPage\",\"@id\":\"https:\\\/\\\/districos.standingout.be\\\/fr\\\/product\\\/statif-roulant-alourdi-pour-lampe-loupe-blanc-gris-ref-8404-491\\\/\",\"url\":\"https:\\\/\\\/districos.standingout.be\\\/fr\\\/product\\\/statif-roulant-alourdi-pour-lampe-loupe-blanc-gris-ref-8404-491\\\/\",\"name\":\"Statif Roulant Alourdi pour Lampe Loupe Blanc\\\/Gris - Districos Webshop\",\"isPartOf\":{\"@id\":\"https:\\\/\\\/districos.standingout.be\\\/fr\\\/#website\"},\"primaryImageOfPage\":{\"@id\":\"https:\\\/\\\/districos.standingout.be\\\/fr\\\/product\\\/statif-roulant-alourdi-pour-lampe-loupe-blanc-gris-ref-8404-491\\\/#primaryimage\"},\"image\":{\"@id\":\"https:\\\/\\\/districos.standingout.be\\\/fr\\\/product\\\/statif-roulant-alourdi-pour-lampe-loupe-blanc-gris-ref-8404-491\\\/#primaryimage\"},\"thumbnailUrl\":\"https:\\\/\\\/districos.standingout.be\\\/wp-content\\\/uploads\\\/2026\\\/04\\\/8404.491@Verzwaard-Rolstatief-voor-Loeplamp-Wit-Grijs_1-1.png\",\"datePublished\":\"2026-04-28T09:07:44+00:00\",\"dateModified\":\"2026-04-28T09:07:47+00:00\",\"breadcrumb\":{\"@id\":\"https:\\\/\\\/districos.standingout.be\\\/fr\\\/product\\\/statif-roulant-alourdi-pour-lampe-loupe-blanc-gris-ref-8404-491\\\/#breadcrumb\"},\"inLanguage\":\"fr-FR\",\"potentialAction\":[{\"@type\":\"ReadAction\",\"target\":[\"https:\\\/\\\/districos.standingout.be\\\/fr\\\/product\\\/statif-roulant-alourdi-pour-lampe-loupe-blanc-gris-ref-8404-491\\\/\"]}]},{\"@type\":\"ImageObject\",\"inLanguage\":\"fr-FR\",\"@id\":\"https:\\\/\\\/districos.standingout.be\\\/fr\\\/product\\\/statif-roulant-alourdi-pour-lampe-loupe-blanc-gris-ref-8404-491\\\/#primaryimage\",\"url\":\"https:\\\/\\\/districos.standingout.be\\\/wp-content\\\/uploads\\\/2026\\\/04\\\/8404.491@Verzwaard-Rolstatief-voor-Loeplamp-Wit-Grijs_1-1.png\",\"contentUrl\":\"https:\\\/\\\/districos.standingout.be\\\/wp-content\\\/uploads\\\/2026\\\/04\\\/8404.491@Verzwaard-Rolstatief-voor-Loeplamp-Wit-Grijs_1-1.png\",\"width\":600,\"height\":600},{\"@type\":\"BreadcrumbList\",\"@id\":\"https:\\\/\\\/districos.standingout.be\\\/fr\\\/product\\\/statif-roulant-alourdi-pour-lampe-loupe-blanc-gris-ref-8404-491\\\/#breadcrumb\",\"itemListElement\":[{\"@type\":\"ListItem\",\"position\":1,\"name\":\"Home\",\"item\":\"https:\\\/\\\/districos.standingout.be\\\/fr\\\/bienvenue-chez-districos\\\/\"},{\"@type\":\"ListItem\",\"position\":2,\"name\":\"Boutique\",\"item\":\"https:\\\/\\\/districos.standingout.be\\\/fr\\\/boutique\\\/\"},{\"@type\":\"ListItem\",\"position\":3,\"name\":\"Statif Roulant Alourdi pour Lampe Loupe Blanc\\\/Gris\"}]},{\"@type\":\"WebSite\",\"@id\":\"https:\\\/\\\/districos.standingout.be\\\/fr\\\/#website\",\"url\":\"https:\\\/\\\/districos.standingout.be\\\/fr\\\/\",\"name\":\"Districos Webshop\",\"description\":\"\",\"publisher\":{\"@id\":\"https:\\\/\\\/districos.standingout.be\\\/fr\\\/#organization\"},\"potentialAction\":[{\"@type\":\"SearchAction\",\"target\":{\"@type\":\"EntryPoint\",\"urlTemplate\":\"https:\\\/\\\/districos.standingout.be\\\/fr\\\/?s={search_term_string}\"},\"query-input\":{\"@type\":\"PropertyValueSpecification\",\"valueRequired\":true,\"valueName\":\"search_term_string\"}}],\"inLanguage\":\"fr-FR\"},{\"@type\":\"Organization\",\"@id\":\"https:\\\/\\\/districos.standingout.be\\\/fr\\\/#organization\",\"name\":\"Districos Webshop\",\"url\":\"https:\\\/\\\/districos.standingout.be\\\/fr\\\/\",\"logo\":{\"@type\":\"ImageObject\",\"inLanguage\":\"fr-FR\",\"@id\":\"https:\\\/\\\/districos.standingout.be\\\/fr\\\/#\\\/schema\\\/logo\\\/image\\\/\",\"url\":\"https:\\\/\\\/districos.standingout.be\\\/wp-content\\\/uploads\\\/2022\\\/09\\\/Districos_Logo_Webshop.svg\",\"contentUrl\":\"https:\\\/\\\/districos.standingout.be\\\/wp-content\\\/uploads\\\/2022\\\/09\\\/Districos_Logo_Webshop.svg\",\"caption\":\"Districos Webshop\"},\"image\":{\"@id\":\"https:\\\/\\\/districos.standingout.be\\\/fr\\\/#\\\/schema\\\/logo\\\/image\\\/\"}}]}<\/script>\n<!-- \/ Yoast SEO plugin. -->","yoast_head_json":{"title":"Statif Roulant Alourdi pour Lampe Loupe Blanc\/Gris - Districos Webshop","robots":{"index":"noindex","follow":"follow","max-snippet":"max-snippet:-1","max-image-preview":"max-image-preview:large","max-video-preview":"max-video-preview:-1"},"og_locale":"fr_FR","og_type":"article","og_title":"Statif Roulant Alourdi pour Lampe Loupe Blanc\/Gris - Districos Webshop","og_description":"Statif alourdi pour lampes loupes. Base \u00e0 5 pieds avec roulettes Non r\u00e9glable (hauteur : 71 cm) Poids : +\/- 7 kg pour plus de stabilit\u00e9 Diam\u00e8tre de la base : 68 cm Couleur : blanc-gris \u00c9galement disponible : Statif Roulant Alourdi pour Lampe Loupe Noir (r\u00e9f. 8404.492)","og_url":"https:\/\/districos.standingout.be\/fr\/product\/statif-roulant-alourdi-pour-lampe-loupe-blanc-gris-ref-8404-491\/","og_site_name":"Districos Webshop","article_modified_time":"2026-04-28T09:07:47+00:00","twitter_card":"summary_large_image","schema":{"@context":"https:\/\/schema.org","@graph":[{"@type":"WebPage","@id":"https:\/\/districos.standingout.be\/fr\/product\/statif-roulant-alourdi-pour-lampe-loupe-blanc-gris-ref-8404-491\/","url":"https:\/\/districos.standingout.be\/fr\/product\/statif-roulant-alourdi-pour-lampe-loupe-blanc-gris-ref-8404-491\/","name":"Statif Roulant Alourdi pour Lampe Loupe Blanc\/Gris - Districos Webshop","isPartOf":{"@id":"https:\/\/districos.standingout.be\/fr\/#website"},"primaryImageOfPage":{"@id":"https:\/\/districos.standingout.be\/fr\/product\/statif-roulant-alourdi-pour-lampe-loupe-blanc-gris-ref-8404-491\/#primaryimage"},"image":{"@id":"https:\/\/districos.standingout.be\/fr\/product\/statif-roulant-alourdi-pour-lampe-loupe-blanc-gris-ref-8404-491\/#primaryimage"},"thumbnailUrl":"https:\/\/districos.standingout.be\/wp-content\/uploads\/2026\/04\/8404.491@Verzwaard-Rolstatief-voor-Loeplamp-Wit-Grijs_1-1.png","datePublished":"2026-04-28T09:07:44+00:00","dateModified":"2026-04-28T09:07:47+00:00","breadcrumb":{"@id":"https:\/\/districos.standingout.be\/fr\/product\/statif-roulant-alourdi-pour-lampe-loupe-blanc-gris-ref-8404-491\/#breadcrumb"},"inLanguage":"fr-FR","potentialAction":[{"@type":"ReadAction","target":["https:\/\/districos.standingout.be\/fr\/product\/statif-roulant-alourdi-pour-lampe-loupe-blanc-gris-ref-8404-491\/"]}]},{"@type":"ImageObject","inLanguage":"fr-FR","@id":"https:\/\/districos.standingout.be\/fr\/product\/statif-roulant-alourdi-pour-lampe-loupe-blanc-gris-ref-8404-491\/#primaryimage","url":"https:\/\/districos.standingout.be\/wp-content\/uploads\/2026\/04\/8404.491@Verzwaard-Rolstatief-voor-Loeplamp-Wit-Grijs_1-1.png","contentUrl":"https:\/\/districos.standingout.be\/wp-content\/uploads\/2026\/04\/8404.491@Verzwaard-Rolstatief-voor-Loeplamp-Wit-Grijs_1-1.png","width":600,"height":600},{"@type":"BreadcrumbList","@id":"https:\/\/districos.standingout.be\/fr\/product\/statif-roulant-alourdi-pour-lampe-loupe-blanc-gris-ref-8404-491\/#breadcrumb","itemListElement":[{"@type":"ListItem","position":1,"name":"Home","item":"https:\/\/districos.standingout.be\/fr\/bienvenue-chez-districos\/"},{"@type":"ListItem","position":2,"name":"Boutique","item":"https:\/\/districos.standingout.be\/fr\/boutique\/"},{"@type":"ListItem","position":3,"name":"Statif Roulant Alourdi pour Lampe Loupe Blanc\/Gris"}]},{"@type":"WebSite","@id":"https:\/\/districos.standingout.be\/fr\/#website","url":"https:\/\/districos.standingout.be\/fr\/","name":"Districos Webshop","description":"","publisher":{"@id":"https:\/\/districos.standingout.be\/fr\/#organization"},"potentialAction":[{"@type":"SearchAction","target":{"@type":"EntryPoint","urlTemplate":"https:\/\/districos.standingout.be\/fr\/?s={search_term_string}"},"query-input":{"@type":"PropertyValueSpecification","valueRequired":true,"valueName":"search_term_string"}}],"inLanguage":"fr-FR"},{"@type":"Organization","@id":"https:\/\/districos.standingout.be\/fr\/#organization","name":"Districos Webshop","url":"https:\/\/districos.standingout.be\/fr\/","logo":{"@type":"ImageObject","inLanguage":"fr-FR","@id":"https:\/\/districos.standingout.be\/fr\/#\/schema\/logo\/image\/","url":"https:\/\/districos.standingout.be\/wp-content\/uploads\/2022\/09\/Districos_Logo_Webshop.svg","contentUrl":"https:\/\/districos.standingout.be\/wp-content\/uploads\/2022\/09\/Districos_Logo_Webshop.svg","caption":"Districos Webshop"},"image":{"@id":"https:\/\/districos.standingout.be\/fr\/#\/schema\/logo\/image\/"}}]}},"_links":{"self":[{"href":"https:\/\/districos.standingout.be\/fr\/wp-json\/wp\/v2\/product\/138303","targetHints":{"allow":["GET"]}}],"collection":[{"href":"https:\/\/districos.standingout.be\/fr\/wp-json\/wp\/v2\/product"}],"about":[{"href":"https:\/\/districos.standingout.be\/fr\/wp-json\/wp\/v2\/types\/product"}],"replies":[{"embeddable":true,"href":"https:\/\/districos.standingout.be\/fr\/wp-json\/wp\/v2\/comments?post=138303"}],"wp:featuredmedia":[{"embeddable":true,"href":"https:\/\/districos.standingout.be\/fr\/wp-json\/wp\/v2\/media\/147850"}],"wp:attachment":[{"href":"https:\/\/districos.standingout.be\/fr\/wp-json\/wp\/v2\/media?parent=138303"}],"wp:term":[{"taxonomy":"product_brand","embeddable":true,"href":"https:\/\/districos.standingout.be\/fr\/wp-json\/wp\/v2\/product_brand?post=138303"},{"taxonomy":"product_cat","embeddable":true,"href":"https:\/\/districos.standingout.be\/fr\/wp-json\/wp\/v2\/product_cat?post=138303"},{"taxonomy":"product_tag","embeddable":true,"href":"https:\/\/districos.standingout.be\/fr\/wp-json\/wp\/v2\/product_tag?post=138303"}],"curies":[{"name":"wp","href":"https:\/\/api.w.org\/{rel}","templated":true}]}}