{"id":138307,"date":"2026-04-28T11:07:51","date_gmt":"2026-04-28T09:07:51","guid":{"rendered":"https:\/\/webshopdistricoscom.webhosting.be\/product\/clearview-led-lampe-loupe-sur-statif-roulant-ref-8404-49l\/"},"modified":"2026-04-28T11:07:56","modified_gmt":"2026-04-28T09:07:56","slug":"clearview-led-lampe-loupe-sur-statif-roulant-ref-8404-49l","status":"publish","type":"product","link":"https:\/\/districos.standingout.be\/fr\/product\/clearview-led-lampe-loupe-sur-statif-roulant-ref-8404-49l\/","title":{"rendered":"ClearView LED Lampe Loupe sur Statif Roulant"},"content":{"rendered":"<p >\n<\/p>\n<\/p>\n<\/p>\n<p dir=\"ltr\"><b>Lampe loupe \u00e9l\u00e9gante et fine sur un statif roulant stable, allourdi et rond.<\/b><br \/>Avec armature solide et durable et bras facilement maniable \u00e0 ressorts internes. Avec 60 lampes LED pour pouvoir rester plus longtemps concentr\u00e9(e), sans ressentir de fatigue oculaire.<br \/><b>Caract\u00e9ristiques :<\/b><\/p>\n<ul>\n<li>Diam\u00e8tre lentille : 140 mm<\/li>\n<li>Puissance de lentille : 3 Dioptries<\/li>\n<li>Cache protecteur pour la loupe<\/li>\n<li>Source lumineuse : 60LED, 10W<\/li>\n<li>220\/240 Volt<\/li>\n<li>Design moderne \u00e0 ressorts internes<\/li>\n<li>R\u00e9glage facile du bras<\/li>\n<li>Statif roulant rond et stable<\/li>\n<li>Couleur : blanc et gris<\/li>\n<\/ul>\n<p><b>Options :<\/b> fixation murale (R\u00e9f. : 8360.93)&nbsp;<br \/><b> Toutes nos lampes loupes ont 4 possibilit\u00e9s d\u2019installation <\/b>:<\/p>\n<ul>\n<li>Fixation sur chariot dans l\u2019emplacement pr\u00e9vu.<\/li>\n<li>Fixation par pince de table.<\/li>\n<li>Fixation sur statif roulant.<\/li>\n<li>Fixation murale.<\/li>\n<\/ul>\n<ul> <\/ul><\/p>\n","protected":false},"excerpt":{"rendered":"<p>Lampe loupe \u00e9l\u00e9gante et fine sur un statif roulant stable, allourdi et rond.Avec armature solide et durable et bras facilement maniable \u00e0 ressorts internes. Avec 60 lampes LED pour pouvoir rester plus longtemps concentr\u00e9(e), sans ressentir de fatigue oculaire.Caract\u00e9ristiques : Diam\u00e8tre lentille : 140 mm Puissance de lentille : 3 Dioptries Cache protecteur pour la [&hellip;]<\/p>\n","protected":false},"featured_media":80987,"comment_status":"open","ping_status":"closed","template":"","meta":{"_acf_changed":false},"product_brand":[10612],"product_cat":[9862,10108,10070],"product_tag":[],"class_list":{"0":"post-138307","1":"product","2":"type-product","3":"status-publish","4":"has-post-thumbnail","6":"product_brand-zenna-fr","7":"product_cat-beaute-visage-equipement","8":"product_cat-amenagement-amenagement-lampes","9":"product_cat-soins-des-pieds-podologie-amenagement-du-cabinet-lampes","11":"first","12":"instock","13":"taxable","14":"shipping-taxable","15":"product-type-simple"},"acf":[],"yoast_head":"<!-- This site is optimized with the Yoast SEO plugin v27.3 - https:\/\/yoast.com\/product\/yoast-seo-wordpress\/ -->\n<title>ClearView LED Lampe Loupe sur Statif Roulant - Districos Webshop<\/title>\n<meta name=\"robots\" content=\"noindex, follow, max-snippet:-1, max-image-preview:large, max-video-preview:-1\" \/>\n<meta property=\"og:locale\" content=\"fr_FR\" \/>\n<meta property=\"og:type\" content=\"article\" \/>\n<meta property=\"og:title\" content=\"ClearView LED Lampe Loupe sur Statif Roulant - Districos Webshop\" \/>\n<meta property=\"og:description\" content=\"Lampe loupe \u00e9l\u00e9gante et fine sur un statif roulant stable, allourdi et rond.Avec armature solide et durable et bras facilement maniable \u00e0 ressorts internes. Avec 60 lampes LED pour pouvoir rester plus longtemps concentr\u00e9(e), sans ressentir de fatigue oculaire.Caract\u00e9ristiques : Diam\u00e8tre lentille : 140 mm Puissance de lentille : 3 Dioptries Cache protecteur pour la [&hellip;]\" \/>\n<meta property=\"og:url\" content=\"https:\/\/districos.standingout.be\/fr\/product\/clearview-led-lampe-loupe-sur-statif-roulant-ref-8404-49l\/\" \/>\n<meta property=\"og:site_name\" content=\"Districos Webshop\" \/>\n<meta property=\"article:modified_time\" content=\"2026-04-28T09:07:56+00:00\" \/>\n<meta name=\"twitter:card\" content=\"summary_large_image\" \/>\n<meta name=\"twitter:label1\" content=\"Dur\u00e9e de lecture estim\u00e9e\" \/>\n\t<meta name=\"twitter:data1\" content=\"1 minute\" \/>\n<script type=\"application\/ld+json\" class=\"yoast-schema-graph\">{\"@context\":\"https:\\\/\\\/schema.org\",\"@graph\":[{\"@type\":\"WebPage\",\"@id\":\"https:\\\/\\\/districos.standingout.be\\\/fr\\\/product\\\/clearview-led-lampe-loupe-sur-statif-roulant-ref-8404-49l\\\/\",\"url\":\"https:\\\/\\\/districos.standingout.be\\\/fr\\\/product\\\/clearview-led-lampe-loupe-sur-statif-roulant-ref-8404-49l\\\/\",\"name\":\"ClearView LED Lampe Loupe sur Statif Roulant - Districos Webshop\",\"isPartOf\":{\"@id\":\"https:\\\/\\\/districos.standingout.be\\\/fr\\\/#website\"},\"primaryImageOfPage\":{\"@id\":\"https:\\\/\\\/districos.standingout.be\\\/fr\\\/product\\\/clearview-led-lampe-loupe-sur-statif-roulant-ref-8404-49l\\\/#primaryimage\"},\"image\":{\"@id\":\"https:\\\/\\\/districos.standingout.be\\\/fr\\\/product\\\/clearview-led-lampe-loupe-sur-statif-roulant-ref-8404-49l\\\/#primaryimage\"},\"thumbnailUrl\":\"https:\\\/\\\/districos.standingout.be\\\/wp-content\\\/uploads\\\/2025\\\/07\\\/8404.49L@LowRes_1.png\",\"datePublished\":\"2026-04-28T09:07:51+00:00\",\"dateModified\":\"2026-04-28T09:07:56+00:00\",\"breadcrumb\":{\"@id\":\"https:\\\/\\\/districos.standingout.be\\\/fr\\\/product\\\/clearview-led-lampe-loupe-sur-statif-roulant-ref-8404-49l\\\/#breadcrumb\"},\"inLanguage\":\"fr-FR\",\"potentialAction\":[{\"@type\":\"ReadAction\",\"target\":[\"https:\\\/\\\/districos.standingout.be\\\/fr\\\/product\\\/clearview-led-lampe-loupe-sur-statif-roulant-ref-8404-49l\\\/\"]}]},{\"@type\":\"ImageObject\",\"inLanguage\":\"fr-FR\",\"@id\":\"https:\\\/\\\/districos.standingout.be\\\/fr\\\/product\\\/clearview-led-lampe-loupe-sur-statif-roulant-ref-8404-49l\\\/#primaryimage\",\"url\":\"https:\\\/\\\/districos.standingout.be\\\/wp-content\\\/uploads\\\/2025\\\/07\\\/8404.49L@LowRes_1.png\",\"contentUrl\":\"https:\\\/\\\/districos.standingout.be\\\/wp-content\\\/uploads\\\/2025\\\/07\\\/8404.49L@LowRes_1.png\",\"width\":600,\"height\":600},{\"@type\":\"BreadcrumbList\",\"@id\":\"https:\\\/\\\/districos.standingout.be\\\/fr\\\/product\\\/clearview-led-lampe-loupe-sur-statif-roulant-ref-8404-49l\\\/#breadcrumb\",\"itemListElement\":[{\"@type\":\"ListItem\",\"position\":1,\"name\":\"Home\",\"item\":\"https:\\\/\\\/districos.standingout.be\\\/fr\\\/bienvenue-chez-districos\\\/\"},{\"@type\":\"ListItem\",\"position\":2,\"name\":\"Boutique\",\"item\":\"https:\\\/\\\/districos.standingout.be\\\/fr\\\/boutique\\\/\"},{\"@type\":\"ListItem\",\"position\":3,\"name\":\"ClearView LED Lampe Loupe sur Statif Roulant\"}]},{\"@type\":\"WebSite\",\"@id\":\"https:\\\/\\\/districos.standingout.be\\\/fr\\\/#website\",\"url\":\"https:\\\/\\\/districos.standingout.be\\\/fr\\\/\",\"name\":\"Districos Webshop\",\"description\":\"\",\"publisher\":{\"@id\":\"https:\\\/\\\/districos.standingout.be\\\/fr\\\/#organization\"},\"potentialAction\":[{\"@type\":\"SearchAction\",\"target\":{\"@type\":\"EntryPoint\",\"urlTemplate\":\"https:\\\/\\\/districos.standingout.be\\\/fr\\\/?s={search_term_string}\"},\"query-input\":{\"@type\":\"PropertyValueSpecification\",\"valueRequired\":true,\"valueName\":\"search_term_string\"}}],\"inLanguage\":\"fr-FR\"},{\"@type\":\"Organization\",\"@id\":\"https:\\\/\\\/districos.standingout.be\\\/fr\\\/#organization\",\"name\":\"Districos Webshop\",\"url\":\"https:\\\/\\\/districos.standingout.be\\\/fr\\\/\",\"logo\":{\"@type\":\"ImageObject\",\"inLanguage\":\"fr-FR\",\"@id\":\"https:\\\/\\\/districos.standingout.be\\\/fr\\\/#\\\/schema\\\/logo\\\/image\\\/\",\"url\":\"https:\\\/\\\/districos.standingout.be\\\/wp-content\\\/uploads\\\/2022\\\/09\\\/Districos_Logo_Webshop.svg\",\"contentUrl\":\"https:\\\/\\\/districos.standingout.be\\\/wp-content\\\/uploads\\\/2022\\\/09\\\/Districos_Logo_Webshop.svg\",\"caption\":\"Districos Webshop\"},\"image\":{\"@id\":\"https:\\\/\\\/districos.standingout.be\\\/fr\\\/#\\\/schema\\\/logo\\\/image\\\/\"}}]}<\/script>\n<!-- \/ Yoast SEO plugin. -->","yoast_head_json":{"title":"ClearView LED Lampe Loupe sur Statif Roulant - Districos Webshop","robots":{"index":"noindex","follow":"follow","max-snippet":"max-snippet:-1","max-image-preview":"max-image-preview:large","max-video-preview":"max-video-preview:-1"},"og_locale":"fr_FR","og_type":"article","og_title":"ClearView LED Lampe Loupe sur Statif Roulant - Districos Webshop","og_description":"Lampe loupe \u00e9l\u00e9gante et fine sur un statif roulant stable, allourdi et rond.Avec armature solide et durable et bras facilement maniable \u00e0 ressorts internes. Avec 60 lampes LED pour pouvoir rester plus longtemps concentr\u00e9(e), sans ressentir de fatigue oculaire.Caract\u00e9ristiques : Diam\u00e8tre lentille : 140 mm Puissance de lentille : 3 Dioptries Cache protecteur pour la [&hellip;]","og_url":"https:\/\/districos.standingout.be\/fr\/product\/clearview-led-lampe-loupe-sur-statif-roulant-ref-8404-49l\/","og_site_name":"Districos Webshop","article_modified_time":"2026-04-28T09:07:56+00:00","twitter_card":"summary_large_image","twitter_misc":{"Dur\u00e9e de lecture estim\u00e9e":"1 minute"},"schema":{"@context":"https:\/\/schema.org","@graph":[{"@type":"WebPage","@id":"https:\/\/districos.standingout.be\/fr\/product\/clearview-led-lampe-loupe-sur-statif-roulant-ref-8404-49l\/","url":"https:\/\/districos.standingout.be\/fr\/product\/clearview-led-lampe-loupe-sur-statif-roulant-ref-8404-49l\/","name":"ClearView LED Lampe Loupe sur Statif Roulant - Districos Webshop","isPartOf":{"@id":"https:\/\/districos.standingout.be\/fr\/#website"},"primaryImageOfPage":{"@id":"https:\/\/districos.standingout.be\/fr\/product\/clearview-led-lampe-loupe-sur-statif-roulant-ref-8404-49l\/#primaryimage"},"image":{"@id":"https:\/\/districos.standingout.be\/fr\/product\/clearview-led-lampe-loupe-sur-statif-roulant-ref-8404-49l\/#primaryimage"},"thumbnailUrl":"https:\/\/districos.standingout.be\/wp-content\/uploads\/2025\/07\/8404.49L@LowRes_1.png","datePublished":"2026-04-28T09:07:51+00:00","dateModified":"2026-04-28T09:07:56+00:00","breadcrumb":{"@id":"https:\/\/districos.standingout.be\/fr\/product\/clearview-led-lampe-loupe-sur-statif-roulant-ref-8404-49l\/#breadcrumb"},"inLanguage":"fr-FR","potentialAction":[{"@type":"ReadAction","target":["https:\/\/districos.standingout.be\/fr\/product\/clearview-led-lampe-loupe-sur-statif-roulant-ref-8404-49l\/"]}]},{"@type":"ImageObject","inLanguage":"fr-FR","@id":"https:\/\/districos.standingout.be\/fr\/product\/clearview-led-lampe-loupe-sur-statif-roulant-ref-8404-49l\/#primaryimage","url":"https:\/\/districos.standingout.be\/wp-content\/uploads\/2025\/07\/8404.49L@LowRes_1.png","contentUrl":"https:\/\/districos.standingout.be\/wp-content\/uploads\/2025\/07\/8404.49L@LowRes_1.png","width":600,"height":600},{"@type":"BreadcrumbList","@id":"https:\/\/districos.standingout.be\/fr\/product\/clearview-led-lampe-loupe-sur-statif-roulant-ref-8404-49l\/#breadcrumb","itemListElement":[{"@type":"ListItem","position":1,"name":"Home","item":"https:\/\/districos.standingout.be\/fr\/bienvenue-chez-districos\/"},{"@type":"ListItem","position":2,"name":"Boutique","item":"https:\/\/districos.standingout.be\/fr\/boutique\/"},{"@type":"ListItem","position":3,"name":"ClearView LED Lampe Loupe sur Statif Roulant"}]},{"@type":"WebSite","@id":"https:\/\/districos.standingout.be\/fr\/#website","url":"https:\/\/districos.standingout.be\/fr\/","name":"Districos Webshop","description":"","publisher":{"@id":"https:\/\/districos.standingout.be\/fr\/#organization"},"potentialAction":[{"@type":"SearchAction","target":{"@type":"EntryPoint","urlTemplate":"https:\/\/districos.standingout.be\/fr\/?s={search_term_string}"},"query-input":{"@type":"PropertyValueSpecification","valueRequired":true,"valueName":"search_term_string"}}],"inLanguage":"fr-FR"},{"@type":"Organization","@id":"https:\/\/districos.standingout.be\/fr\/#organization","name":"Districos Webshop","url":"https:\/\/districos.standingout.be\/fr\/","logo":{"@type":"ImageObject","inLanguage":"fr-FR","@id":"https:\/\/districos.standingout.be\/fr\/#\/schema\/logo\/image\/","url":"https:\/\/districos.standingout.be\/wp-content\/uploads\/2022\/09\/Districos_Logo_Webshop.svg","contentUrl":"https:\/\/districos.standingout.be\/wp-content\/uploads\/2022\/09\/Districos_Logo_Webshop.svg","caption":"Districos Webshop"},"image":{"@id":"https:\/\/districos.standingout.be\/fr\/#\/schema\/logo\/image\/"}}]}},"_links":{"self":[{"href":"https:\/\/districos.standingout.be\/fr\/wp-json\/wp\/v2\/product\/138307","targetHints":{"allow":["GET"]}}],"collection":[{"href":"https:\/\/districos.standingout.be\/fr\/wp-json\/wp\/v2\/product"}],"about":[{"href":"https:\/\/districos.standingout.be\/fr\/wp-json\/wp\/v2\/types\/product"}],"replies":[{"embeddable":true,"href":"https:\/\/districos.standingout.be\/fr\/wp-json\/wp\/v2\/comments?post=138307"}],"wp:featuredmedia":[{"embeddable":true,"href":"https:\/\/districos.standingout.be\/fr\/wp-json\/wp\/v2\/media\/80987"}],"wp:attachment":[{"href":"https:\/\/districos.standingout.be\/fr\/wp-json\/wp\/v2\/media?parent=138307"}],"wp:term":[{"taxonomy":"product_brand","embeddable":true,"href":"https:\/\/districos.standingout.be\/fr\/wp-json\/wp\/v2\/product_brand?post=138307"},{"taxonomy":"product_cat","embeddable":true,"href":"https:\/\/districos.standingout.be\/fr\/wp-json\/wp\/v2\/product_cat?post=138307"},{"taxonomy":"product_tag","embeddable":true,"href":"https:\/\/districos.standingout.be\/fr\/wp-json\/wp\/v2\/product_tag?post=138307"}],"curies":[{"name":"wp","href":"https:\/\/api.w.org\/{rel}","templated":true}]}}