{"id":138313,"date":"2026-04-28T11:08:03","date_gmt":"2026-04-28T09:08:03","guid":{"rendered":"https:\/\/webshopdistricoscom.webhosting.be\/product\/kit-hot-stone-compact-28-pierres-ref-8404-511\/"},"modified":"2026-04-28T11:08:07","modified_gmt":"2026-04-28T09:08:07","slug":"kit-hot-stone-compact-28-pierres-ref-8404-511","status":"publish","type":"product","link":"https:\/\/districos.standingout.be\/fr\/product\/kit-hot-stone-compact-28-pierres-ref-8404-511\/","title":{"rendered":"Kit Hot Stone Compact (28 pierres)"},"content":{"rendered":"<p >\n<\/p>\n<p dir=\"ltr\"><b>D\u00e9tente bienfaisante avec cet ensemble compact de massage aux pierres chaudes avec chauffe-pierre<\/b><br \/>Un massage aux pierres chaudes est l&rsquo;extension id\u00e9ale pour tout professionnel souhaitant \u00e9largir ses comp\u00e9tences en massage manuel et choyer ses clients avec le massage relaxant ultime. Avec cet ensemble compact, vous disposez de tout ce dont vous avez besoin pour offrir un massage d&rsquo;environ 60 minutes avec un investissement minimal.<\/p>\n<p><b>Contenu<\/b><\/p>\n<ul>\n<li>1 x Appareil de chauffage pour pierres chaudes\/boules d&rsquo;herbes 5 l<\/li>\n<li>1 x Bo\u00eete de rangement en bambou avec 28 pierres de massage<\/li>\n<li>1 x Cuill\u00e8re en bois pour les pierres<\/li>\n<li>1 x Huile essentielle d&rsquo;arbre \u00e0 th\u00e9 Belfeet 15 ml<\/li>\n<li>1 x Huile de massage corporel Bio Balance Relaxante 250 ml<\/li>\n<\/ul>\n<p dir=\"ltr\"><\/p>\n<p><b>ASTUCE<\/b><br \/>L&rsquo;appareil de chauffage convient aussi bien aux pierres chaudes qu&rsquo;aux boules d&rsquo;herbes !<\/p>\n<p><b>\u00c9galement disponible<\/b><br \/>Kit avec un ensemble de pierres plus grand (massage de 2 heures ou plusieurs s\u00e9ances cons\u00e9cutives) <a href=\"https:\/\/webshop.districos.com\/ProductDetail\/8404.51\" target=\"_blank\" rel=\"noopener noreferrer nofollow\">r\u00e9f. 8404.51<\/a> ou kit avec un appareil de chauffage plus grand de 16 litres (<a href=\"https:\/\/webshop.districos.com\/ProductDetail\/8404.58\" target=\"_blank\" rel=\"noopener noreferrer nofollow\">r\u00e9f. 8404.58<\/a>)<\/p>\n","protected":false},"excerpt":{"rendered":"<p>D\u00e9tente bienfaisante avec cet ensemble compact de massage aux pierres chaudes avec chauffe-pierreUn massage aux pierres chaudes est l&rsquo;extension id\u00e9ale pour tout professionnel souhaitant \u00e9largir ses comp\u00e9tences en massage manuel et choyer ses clients avec le massage relaxant ultime. Avec cet ensemble compact, vous disposez de tout ce dont vous avez besoin pour offrir un [&hellip;]<\/p>\n","protected":false},"featured_media":147856,"comment_status":"open","ping_status":"closed","template":"","meta":{"_acf_changed":false},"product_brand":[10380],"product_cat":[9874],"product_tag":[],"class_list":{"0":"post-138313","1":"product","2":"type-product","3":"status-publish","4":"has-post-thumbnail","6":"product_brand-districos-fr","7":"product_cat-beaute-corps-massage","9":"first","10":"instock","11":"taxable","12":"shipping-taxable","13":"product-type-simple"},"acf":[],"yoast_head":"<!-- This site is optimized with the Yoast SEO plugin v27.3 - https:\/\/yoast.com\/product\/yoast-seo-wordpress\/ -->\n<title>Kit Hot Stone Compact (28 pierres) - Districos Webshop<\/title>\n<meta name=\"robots\" content=\"noindex, follow, max-snippet:-1, max-image-preview:large, max-video-preview:-1\" \/>\n<meta property=\"og:locale\" content=\"fr_FR\" \/>\n<meta property=\"og:type\" content=\"article\" \/>\n<meta property=\"og:title\" content=\"Kit Hot Stone Compact (28 pierres) - Districos Webshop\" \/>\n<meta property=\"og:description\" content=\"D\u00e9tente bienfaisante avec cet ensemble compact de massage aux pierres chaudes avec chauffe-pierreUn massage aux pierres chaudes est l&rsquo;extension id\u00e9ale pour tout professionnel souhaitant \u00e9largir ses comp\u00e9tences en massage manuel et choyer ses clients avec le massage relaxant ultime. Avec cet ensemble compact, vous disposez de tout ce dont vous avez besoin pour offrir un [&hellip;]\" \/>\n<meta property=\"og:url\" content=\"https:\/\/districos.standingout.be\/fr\/product\/kit-hot-stone-compact-28-pierres-ref-8404-511\/\" \/>\n<meta property=\"og:site_name\" content=\"Districos Webshop\" \/>\n<meta property=\"article:modified_time\" content=\"2026-04-28T09:08:07+00:00\" \/>\n<meta name=\"twitter:card\" content=\"summary_large_image\" \/>\n<meta name=\"twitter:label1\" content=\"Dur\u00e9e de lecture estim\u00e9e\" \/>\n\t<meta name=\"twitter:data1\" content=\"1 minute\" \/>\n<script type=\"application\/ld+json\" class=\"yoast-schema-graph\">{\"@context\":\"https:\\\/\\\/schema.org\",\"@graph\":[{\"@type\":\"WebPage\",\"@id\":\"https:\\\/\\\/districos.standingout.be\\\/fr\\\/product\\\/kit-hot-stone-compact-28-pierres-ref-8404-511\\\/\",\"url\":\"https:\\\/\\\/districos.standingout.be\\\/fr\\\/product\\\/kit-hot-stone-compact-28-pierres-ref-8404-511\\\/\",\"name\":\"Kit Hot Stone Compact (28 pierres) - Districos Webshop\",\"isPartOf\":{\"@id\":\"https:\\\/\\\/districos.standingout.be\\\/fr\\\/#website\"},\"primaryImageOfPage\":{\"@id\":\"https:\\\/\\\/districos.standingout.be\\\/fr\\\/product\\\/kit-hot-stone-compact-28-pierres-ref-8404-511\\\/#primaryimage\"},\"image\":{\"@id\":\"https:\\\/\\\/districos.standingout.be\\\/fr\\\/product\\\/kit-hot-stone-compact-28-pierres-ref-8404-511\\\/#primaryimage\"},\"thumbnailUrl\":\"https:\\\/\\\/districos.standingout.be\\\/wp-content\\\/uploads\\\/2026\\\/04\\\/8404.511@Hotstoneverwarmer-Klein-5-l-6420-Stenen_1-1.png\",\"datePublished\":\"2026-04-28T09:08:03+00:00\",\"dateModified\":\"2026-04-28T09:08:07+00:00\",\"breadcrumb\":{\"@id\":\"https:\\\/\\\/districos.standingout.be\\\/fr\\\/product\\\/kit-hot-stone-compact-28-pierres-ref-8404-511\\\/#breadcrumb\"},\"inLanguage\":\"fr-FR\",\"potentialAction\":[{\"@type\":\"ReadAction\",\"target\":[\"https:\\\/\\\/districos.standingout.be\\\/fr\\\/product\\\/kit-hot-stone-compact-28-pierres-ref-8404-511\\\/\"]}]},{\"@type\":\"ImageObject\",\"inLanguage\":\"fr-FR\",\"@id\":\"https:\\\/\\\/districos.standingout.be\\\/fr\\\/product\\\/kit-hot-stone-compact-28-pierres-ref-8404-511\\\/#primaryimage\",\"url\":\"https:\\\/\\\/districos.standingout.be\\\/wp-content\\\/uploads\\\/2026\\\/04\\\/8404.511@Hotstoneverwarmer-Klein-5-l-6420-Stenen_1-1.png\",\"contentUrl\":\"https:\\\/\\\/districos.standingout.be\\\/wp-content\\\/uploads\\\/2026\\\/04\\\/8404.511@Hotstoneverwarmer-Klein-5-l-6420-Stenen_1-1.png\",\"width\":600,\"height\":600},{\"@type\":\"BreadcrumbList\",\"@id\":\"https:\\\/\\\/districos.standingout.be\\\/fr\\\/product\\\/kit-hot-stone-compact-28-pierres-ref-8404-511\\\/#breadcrumb\",\"itemListElement\":[{\"@type\":\"ListItem\",\"position\":1,\"name\":\"Home\",\"item\":\"https:\\\/\\\/districos.standingout.be\\\/fr\\\/bienvenue-chez-districos\\\/\"},{\"@type\":\"ListItem\",\"position\":2,\"name\":\"Boutique\",\"item\":\"https:\\\/\\\/districos.standingout.be\\\/fr\\\/boutique\\\/\"},{\"@type\":\"ListItem\",\"position\":3,\"name\":\"Kit Hot Stone Compact (28 pierres)\"}]},{\"@type\":\"WebSite\",\"@id\":\"https:\\\/\\\/districos.standingout.be\\\/fr\\\/#website\",\"url\":\"https:\\\/\\\/districos.standingout.be\\\/fr\\\/\",\"name\":\"Districos Webshop\",\"description\":\"\",\"publisher\":{\"@id\":\"https:\\\/\\\/districos.standingout.be\\\/fr\\\/#organization\"},\"potentialAction\":[{\"@type\":\"SearchAction\",\"target\":{\"@type\":\"EntryPoint\",\"urlTemplate\":\"https:\\\/\\\/districos.standingout.be\\\/fr\\\/?s={search_term_string}\"},\"query-input\":{\"@type\":\"PropertyValueSpecification\",\"valueRequired\":true,\"valueName\":\"search_term_string\"}}],\"inLanguage\":\"fr-FR\"},{\"@type\":\"Organization\",\"@id\":\"https:\\\/\\\/districos.standingout.be\\\/fr\\\/#organization\",\"name\":\"Districos Webshop\",\"url\":\"https:\\\/\\\/districos.standingout.be\\\/fr\\\/\",\"logo\":{\"@type\":\"ImageObject\",\"inLanguage\":\"fr-FR\",\"@id\":\"https:\\\/\\\/districos.standingout.be\\\/fr\\\/#\\\/schema\\\/logo\\\/image\\\/\",\"url\":\"https:\\\/\\\/districos.standingout.be\\\/wp-content\\\/uploads\\\/2022\\\/09\\\/Districos_Logo_Webshop.svg\",\"contentUrl\":\"https:\\\/\\\/districos.standingout.be\\\/wp-content\\\/uploads\\\/2022\\\/09\\\/Districos_Logo_Webshop.svg\",\"caption\":\"Districos Webshop\"},\"image\":{\"@id\":\"https:\\\/\\\/districos.standingout.be\\\/fr\\\/#\\\/schema\\\/logo\\\/image\\\/\"}}]}<\/script>\n<!-- \/ Yoast SEO plugin. -->","yoast_head_json":{"title":"Kit Hot Stone Compact (28 pierres) - Districos Webshop","robots":{"index":"noindex","follow":"follow","max-snippet":"max-snippet:-1","max-image-preview":"max-image-preview:large","max-video-preview":"max-video-preview:-1"},"og_locale":"fr_FR","og_type":"article","og_title":"Kit Hot Stone Compact (28 pierres) - Districos Webshop","og_description":"D\u00e9tente bienfaisante avec cet ensemble compact de massage aux pierres chaudes avec chauffe-pierreUn massage aux pierres chaudes est l&rsquo;extension id\u00e9ale pour tout professionnel souhaitant \u00e9largir ses comp\u00e9tences en massage manuel et choyer ses clients avec le massage relaxant ultime. Avec cet ensemble compact, vous disposez de tout ce dont vous avez besoin pour offrir un [&hellip;]","og_url":"https:\/\/districos.standingout.be\/fr\/product\/kit-hot-stone-compact-28-pierres-ref-8404-511\/","og_site_name":"Districos Webshop","article_modified_time":"2026-04-28T09:08:07+00:00","twitter_card":"summary_large_image","twitter_misc":{"Dur\u00e9e de lecture estim\u00e9e":"1 minute"},"schema":{"@context":"https:\/\/schema.org","@graph":[{"@type":"WebPage","@id":"https:\/\/districos.standingout.be\/fr\/product\/kit-hot-stone-compact-28-pierres-ref-8404-511\/","url":"https:\/\/districos.standingout.be\/fr\/product\/kit-hot-stone-compact-28-pierres-ref-8404-511\/","name":"Kit Hot Stone Compact (28 pierres) - Districos Webshop","isPartOf":{"@id":"https:\/\/districos.standingout.be\/fr\/#website"},"primaryImageOfPage":{"@id":"https:\/\/districos.standingout.be\/fr\/product\/kit-hot-stone-compact-28-pierres-ref-8404-511\/#primaryimage"},"image":{"@id":"https:\/\/districos.standingout.be\/fr\/product\/kit-hot-stone-compact-28-pierres-ref-8404-511\/#primaryimage"},"thumbnailUrl":"https:\/\/districos.standingout.be\/wp-content\/uploads\/2026\/04\/8404.511@Hotstoneverwarmer-Klein-5-l-6420-Stenen_1-1.png","datePublished":"2026-04-28T09:08:03+00:00","dateModified":"2026-04-28T09:08:07+00:00","breadcrumb":{"@id":"https:\/\/districos.standingout.be\/fr\/product\/kit-hot-stone-compact-28-pierres-ref-8404-511\/#breadcrumb"},"inLanguage":"fr-FR","potentialAction":[{"@type":"ReadAction","target":["https:\/\/districos.standingout.be\/fr\/product\/kit-hot-stone-compact-28-pierres-ref-8404-511\/"]}]},{"@type":"ImageObject","inLanguage":"fr-FR","@id":"https:\/\/districos.standingout.be\/fr\/product\/kit-hot-stone-compact-28-pierres-ref-8404-511\/#primaryimage","url":"https:\/\/districos.standingout.be\/wp-content\/uploads\/2026\/04\/8404.511@Hotstoneverwarmer-Klein-5-l-6420-Stenen_1-1.png","contentUrl":"https:\/\/districos.standingout.be\/wp-content\/uploads\/2026\/04\/8404.511@Hotstoneverwarmer-Klein-5-l-6420-Stenen_1-1.png","width":600,"height":600},{"@type":"BreadcrumbList","@id":"https:\/\/districos.standingout.be\/fr\/product\/kit-hot-stone-compact-28-pierres-ref-8404-511\/#breadcrumb","itemListElement":[{"@type":"ListItem","position":1,"name":"Home","item":"https:\/\/districos.standingout.be\/fr\/bienvenue-chez-districos\/"},{"@type":"ListItem","position":2,"name":"Boutique","item":"https:\/\/districos.standingout.be\/fr\/boutique\/"},{"@type":"ListItem","position":3,"name":"Kit Hot Stone Compact (28 pierres)"}]},{"@type":"WebSite","@id":"https:\/\/districos.standingout.be\/fr\/#website","url":"https:\/\/districos.standingout.be\/fr\/","name":"Districos Webshop","description":"","publisher":{"@id":"https:\/\/districos.standingout.be\/fr\/#organization"},"potentialAction":[{"@type":"SearchAction","target":{"@type":"EntryPoint","urlTemplate":"https:\/\/districos.standingout.be\/fr\/?s={search_term_string}"},"query-input":{"@type":"PropertyValueSpecification","valueRequired":true,"valueName":"search_term_string"}}],"inLanguage":"fr-FR"},{"@type":"Organization","@id":"https:\/\/districos.standingout.be\/fr\/#organization","name":"Districos Webshop","url":"https:\/\/districos.standingout.be\/fr\/","logo":{"@type":"ImageObject","inLanguage":"fr-FR","@id":"https:\/\/districos.standingout.be\/fr\/#\/schema\/logo\/image\/","url":"https:\/\/districos.standingout.be\/wp-content\/uploads\/2022\/09\/Districos_Logo_Webshop.svg","contentUrl":"https:\/\/districos.standingout.be\/wp-content\/uploads\/2022\/09\/Districos_Logo_Webshop.svg","caption":"Districos Webshop"},"image":{"@id":"https:\/\/districos.standingout.be\/fr\/#\/schema\/logo\/image\/"}}]}},"_links":{"self":[{"href":"https:\/\/districos.standingout.be\/fr\/wp-json\/wp\/v2\/product\/138313","targetHints":{"allow":["GET"]}}],"collection":[{"href":"https:\/\/districos.standingout.be\/fr\/wp-json\/wp\/v2\/product"}],"about":[{"href":"https:\/\/districos.standingout.be\/fr\/wp-json\/wp\/v2\/types\/product"}],"replies":[{"embeddable":true,"href":"https:\/\/districos.standingout.be\/fr\/wp-json\/wp\/v2\/comments?post=138313"}],"wp:featuredmedia":[{"embeddable":true,"href":"https:\/\/districos.standingout.be\/fr\/wp-json\/wp\/v2\/media\/147856"}],"wp:attachment":[{"href":"https:\/\/districos.standingout.be\/fr\/wp-json\/wp\/v2\/media?parent=138313"}],"wp:term":[{"taxonomy":"product_brand","embeddable":true,"href":"https:\/\/districos.standingout.be\/fr\/wp-json\/wp\/v2\/product_brand?post=138313"},{"taxonomy":"product_cat","embeddable":true,"href":"https:\/\/districos.standingout.be\/fr\/wp-json\/wp\/v2\/product_cat?post=138313"},{"taxonomy":"product_tag","embeddable":true,"href":"https:\/\/districos.standingout.be\/fr\/wp-json\/wp\/v2\/product_tag?post=138313"}],"curies":[{"name":"wp","href":"https:\/\/api.w.org\/{rel}","templated":true}]}}