{"id":138315,"date":"2026-04-28T11:08:08","date_gmt":"2026-04-28T09:08:08","guid":{"rendered":"https:\/\/webshopdistricoscom.webhosting.be\/product\/kit-hot-stone-grand-16-l-ref-8404-58\/"},"modified":"2026-04-28T11:08:12","modified_gmt":"2026-04-28T09:08:12","slug":"kit-hot-stone-grand-16-l-ref-8404-58","status":"publish","type":"product","link":"https:\/\/districos.standingout.be\/fr\/product\/kit-hot-stone-grand-16-l-ref-8404-58\/","title":{"rendered":"Kit Hot Stone Grand 16 l"},"content":{"rendered":"<p >\n<\/p>\n<p dir=\"ltr\"><b>La chaleur de pierres pour une sensation de bien-\u00eatre<\/b><br \/>Les pierres chaudes sont reconnues pour leurs effets salutaires depuis des si\u00e8cles, ce n\u2019est donc pas \u00e9tonnant que les massages hot stone soient aussi populaires. Cette technique de massagen qui utilise des pierres de lave chauff\u00e9es, se caract\u00e9rise par ses actions extr\u00eamement calmantes et relaxantes. La chaleur des pierres, en combinaison avec un massage et des huiles essentielles, harmonise l\u2019\u00e9nergie du corps et de l\u2019esprit. En outre, elle encourage la circulation sanguine, apaise les douleurs et soulage les muscles fatigu\u00e9s. Un massage hot stone est une exp\u00e9rience unique et procure une sensation de bien-\u00eatre in\u00e9galable.&nbsp;<\/p>\n<p><b>Contenu<\/b><\/p>\n<ul>\n<li>1 x Appareil Chauffant Hot Stone\/Pochons d&rsquo;Herbes Grand 16 l<\/li>\n<li>1 x Coffret en Bambou avec 76 Pierres de Massage<\/li>\n<li>1 x \u00c9cumoire<\/li>\n<li>1 x Belfeet Tea Tree Oil 150 ml<\/li>\n<li>1 x Bio Balance Body Massage Oil Relaxing 250 ml<\/li>\n<li>Poster, mode d\u2019emploi<\/li>\n<\/ul>\n<div><b>CONSEIL<\/b><\/div>\n<div>L&rsquo;appareil chauffant convient aussi bien aux pierres de basalte qu&rsquo;aux pochons d&rsquo;herbes !<\/div>\n<div><\/div>\n<div><b>Aussi disponible<\/b><\/div>\n<div>Kit avec un appareil chauffant plus petit de 5 litres (<u><a href=\"https:\/\/districos.com\/ProductDetail\/8404.51\" target=\"_blank\" rel=\"noopener noreferrer nofollow\">r\u00e9f. 8404.51<\/a><\/u>)<\/div>\n<div><\/div>\n","protected":false},"excerpt":{"rendered":"<p>La chaleur de pierres pour une sensation de bien-\u00eatreLes pierres chaudes sont reconnues pour leurs effets salutaires depuis des si\u00e8cles, ce n\u2019est donc pas \u00e9tonnant que les massages hot stone soient aussi populaires. Cette technique de massagen qui utilise des pierres de lave chauff\u00e9es, se caract\u00e9rise par ses actions extr\u00eamement calmantes et relaxantes. La chaleur [&hellip;]<\/p>\n","protected":false},"featured_media":80993,"comment_status":"open","ping_status":"closed","template":"","meta":{"_acf_changed":false},"product_brand":[10380],"product_cat":[9874],"product_tag":[],"class_list":{"0":"post-138315","1":"product","2":"type-product","3":"status-publish","4":"has-post-thumbnail","6":"product_brand-districos-fr","7":"product_cat-beaute-corps-massage","9":"first","10":"instock","11":"taxable","12":"shipping-taxable","13":"product-type-simple"},"acf":[],"yoast_head":"<!-- This site is optimized with the Yoast SEO plugin v27.3 - https:\/\/yoast.com\/product\/yoast-seo-wordpress\/ -->\n<title>Kit Hot Stone Grand 16 l - Districos Webshop<\/title>\n<meta name=\"robots\" content=\"noindex, follow, max-snippet:-1, max-image-preview:large, max-video-preview:-1\" \/>\n<meta property=\"og:locale\" content=\"fr_FR\" \/>\n<meta property=\"og:type\" content=\"article\" \/>\n<meta property=\"og:title\" content=\"Kit Hot Stone Grand 16 l - Districos Webshop\" \/>\n<meta property=\"og:description\" content=\"La chaleur de pierres pour une sensation de bien-\u00eatreLes pierres chaudes sont reconnues pour leurs effets salutaires depuis des si\u00e8cles, ce n\u2019est donc pas \u00e9tonnant que les massages hot stone soient aussi populaires. Cette technique de massagen qui utilise des pierres de lave chauff\u00e9es, se caract\u00e9rise par ses actions extr\u00eamement calmantes et relaxantes. La chaleur [&hellip;]\" \/>\n<meta property=\"og:url\" content=\"https:\/\/districos.standingout.be\/fr\/product\/kit-hot-stone-grand-16-l-ref-8404-58\/\" \/>\n<meta property=\"og:site_name\" content=\"Districos Webshop\" \/>\n<meta property=\"article:modified_time\" content=\"2026-04-28T09:08:12+00:00\" \/>\n<meta name=\"twitter:card\" content=\"summary_large_image\" \/>\n<meta name=\"twitter:label1\" content=\"Dur\u00e9e de lecture estim\u00e9e\" \/>\n\t<meta name=\"twitter:data1\" content=\"1 minute\" \/>\n<script type=\"application\/ld+json\" class=\"yoast-schema-graph\">{\"@context\":\"https:\\\/\\\/schema.org\",\"@graph\":[{\"@type\":\"WebPage\",\"@id\":\"https:\\\/\\\/districos.standingout.be\\\/fr\\\/product\\\/kit-hot-stone-grand-16-l-ref-8404-58\\\/\",\"url\":\"https:\\\/\\\/districos.standingout.be\\\/fr\\\/product\\\/kit-hot-stone-grand-16-l-ref-8404-58\\\/\",\"name\":\"Kit Hot Stone Grand 16 l - Districos Webshop\",\"isPartOf\":{\"@id\":\"https:\\\/\\\/districos.standingout.be\\\/fr\\\/#website\"},\"primaryImageOfPage\":{\"@id\":\"https:\\\/\\\/districos.standingout.be\\\/fr\\\/product\\\/kit-hot-stone-grand-16-l-ref-8404-58\\\/#primaryimage\"},\"image\":{\"@id\":\"https:\\\/\\\/districos.standingout.be\\\/fr\\\/product\\\/kit-hot-stone-grand-16-l-ref-8404-58\\\/#primaryimage\"},\"thumbnailUrl\":\"https:\\\/\\\/districos.standingout.be\\\/wp-content\\\/uploads\\\/2025\\\/07\\\/8404.58@LowRes_1.png\",\"datePublished\":\"2026-04-28T09:08:08+00:00\",\"dateModified\":\"2026-04-28T09:08:12+00:00\",\"breadcrumb\":{\"@id\":\"https:\\\/\\\/districos.standingout.be\\\/fr\\\/product\\\/kit-hot-stone-grand-16-l-ref-8404-58\\\/#breadcrumb\"},\"inLanguage\":\"fr-FR\",\"potentialAction\":[{\"@type\":\"ReadAction\",\"target\":[\"https:\\\/\\\/districos.standingout.be\\\/fr\\\/product\\\/kit-hot-stone-grand-16-l-ref-8404-58\\\/\"]}]},{\"@type\":\"ImageObject\",\"inLanguage\":\"fr-FR\",\"@id\":\"https:\\\/\\\/districos.standingout.be\\\/fr\\\/product\\\/kit-hot-stone-grand-16-l-ref-8404-58\\\/#primaryimage\",\"url\":\"https:\\\/\\\/districos.standingout.be\\\/wp-content\\\/uploads\\\/2025\\\/07\\\/8404.58@LowRes_1.png\",\"contentUrl\":\"https:\\\/\\\/districos.standingout.be\\\/wp-content\\\/uploads\\\/2025\\\/07\\\/8404.58@LowRes_1.png\",\"width\":600,\"height\":600},{\"@type\":\"BreadcrumbList\",\"@id\":\"https:\\\/\\\/districos.standingout.be\\\/fr\\\/product\\\/kit-hot-stone-grand-16-l-ref-8404-58\\\/#breadcrumb\",\"itemListElement\":[{\"@type\":\"ListItem\",\"position\":1,\"name\":\"Home\",\"item\":\"https:\\\/\\\/districos.standingout.be\\\/fr\\\/bienvenue-chez-districos\\\/\"},{\"@type\":\"ListItem\",\"position\":2,\"name\":\"Boutique\",\"item\":\"https:\\\/\\\/districos.standingout.be\\\/fr\\\/boutique\\\/\"},{\"@type\":\"ListItem\",\"position\":3,\"name\":\"Kit Hot Stone Grand 16 l\"}]},{\"@type\":\"WebSite\",\"@id\":\"https:\\\/\\\/districos.standingout.be\\\/fr\\\/#website\",\"url\":\"https:\\\/\\\/districos.standingout.be\\\/fr\\\/\",\"name\":\"Districos Webshop\",\"description\":\"\",\"publisher\":{\"@id\":\"https:\\\/\\\/districos.standingout.be\\\/fr\\\/#organization\"},\"potentialAction\":[{\"@type\":\"SearchAction\",\"target\":{\"@type\":\"EntryPoint\",\"urlTemplate\":\"https:\\\/\\\/districos.standingout.be\\\/fr\\\/?s={search_term_string}\"},\"query-input\":{\"@type\":\"PropertyValueSpecification\",\"valueRequired\":true,\"valueName\":\"search_term_string\"}}],\"inLanguage\":\"fr-FR\"},{\"@type\":\"Organization\",\"@id\":\"https:\\\/\\\/districos.standingout.be\\\/fr\\\/#organization\",\"name\":\"Districos Webshop\",\"url\":\"https:\\\/\\\/districos.standingout.be\\\/fr\\\/\",\"logo\":{\"@type\":\"ImageObject\",\"inLanguage\":\"fr-FR\",\"@id\":\"https:\\\/\\\/districos.standingout.be\\\/fr\\\/#\\\/schema\\\/logo\\\/image\\\/\",\"url\":\"https:\\\/\\\/districos.standingout.be\\\/wp-content\\\/uploads\\\/2022\\\/09\\\/Districos_Logo_Webshop.svg\",\"contentUrl\":\"https:\\\/\\\/districos.standingout.be\\\/wp-content\\\/uploads\\\/2022\\\/09\\\/Districos_Logo_Webshop.svg\",\"caption\":\"Districos Webshop\"},\"image\":{\"@id\":\"https:\\\/\\\/districos.standingout.be\\\/fr\\\/#\\\/schema\\\/logo\\\/image\\\/\"}}]}<\/script>\n<!-- \/ Yoast SEO plugin. -->","yoast_head_json":{"title":"Kit Hot Stone Grand 16 l - Districos Webshop","robots":{"index":"noindex","follow":"follow","max-snippet":"max-snippet:-1","max-image-preview":"max-image-preview:large","max-video-preview":"max-video-preview:-1"},"og_locale":"fr_FR","og_type":"article","og_title":"Kit Hot Stone Grand 16 l - Districos Webshop","og_description":"La chaleur de pierres pour une sensation de bien-\u00eatreLes pierres chaudes sont reconnues pour leurs effets salutaires depuis des si\u00e8cles, ce n\u2019est donc pas \u00e9tonnant que les massages hot stone soient aussi populaires. Cette technique de massagen qui utilise des pierres de lave chauff\u00e9es, se caract\u00e9rise par ses actions extr\u00eamement calmantes et relaxantes. La chaleur [&hellip;]","og_url":"https:\/\/districos.standingout.be\/fr\/product\/kit-hot-stone-grand-16-l-ref-8404-58\/","og_site_name":"Districos Webshop","article_modified_time":"2026-04-28T09:08:12+00:00","twitter_card":"summary_large_image","twitter_misc":{"Dur\u00e9e de lecture estim\u00e9e":"1 minute"},"schema":{"@context":"https:\/\/schema.org","@graph":[{"@type":"WebPage","@id":"https:\/\/districos.standingout.be\/fr\/product\/kit-hot-stone-grand-16-l-ref-8404-58\/","url":"https:\/\/districos.standingout.be\/fr\/product\/kit-hot-stone-grand-16-l-ref-8404-58\/","name":"Kit Hot Stone Grand 16 l - Districos Webshop","isPartOf":{"@id":"https:\/\/districos.standingout.be\/fr\/#website"},"primaryImageOfPage":{"@id":"https:\/\/districos.standingout.be\/fr\/product\/kit-hot-stone-grand-16-l-ref-8404-58\/#primaryimage"},"image":{"@id":"https:\/\/districos.standingout.be\/fr\/product\/kit-hot-stone-grand-16-l-ref-8404-58\/#primaryimage"},"thumbnailUrl":"https:\/\/districos.standingout.be\/wp-content\/uploads\/2025\/07\/8404.58@LowRes_1.png","datePublished":"2026-04-28T09:08:08+00:00","dateModified":"2026-04-28T09:08:12+00:00","breadcrumb":{"@id":"https:\/\/districos.standingout.be\/fr\/product\/kit-hot-stone-grand-16-l-ref-8404-58\/#breadcrumb"},"inLanguage":"fr-FR","potentialAction":[{"@type":"ReadAction","target":["https:\/\/districos.standingout.be\/fr\/product\/kit-hot-stone-grand-16-l-ref-8404-58\/"]}]},{"@type":"ImageObject","inLanguage":"fr-FR","@id":"https:\/\/districos.standingout.be\/fr\/product\/kit-hot-stone-grand-16-l-ref-8404-58\/#primaryimage","url":"https:\/\/districos.standingout.be\/wp-content\/uploads\/2025\/07\/8404.58@LowRes_1.png","contentUrl":"https:\/\/districos.standingout.be\/wp-content\/uploads\/2025\/07\/8404.58@LowRes_1.png","width":600,"height":600},{"@type":"BreadcrumbList","@id":"https:\/\/districos.standingout.be\/fr\/product\/kit-hot-stone-grand-16-l-ref-8404-58\/#breadcrumb","itemListElement":[{"@type":"ListItem","position":1,"name":"Home","item":"https:\/\/districos.standingout.be\/fr\/bienvenue-chez-districos\/"},{"@type":"ListItem","position":2,"name":"Boutique","item":"https:\/\/districos.standingout.be\/fr\/boutique\/"},{"@type":"ListItem","position":3,"name":"Kit Hot Stone Grand 16 l"}]},{"@type":"WebSite","@id":"https:\/\/districos.standingout.be\/fr\/#website","url":"https:\/\/districos.standingout.be\/fr\/","name":"Districos Webshop","description":"","publisher":{"@id":"https:\/\/districos.standingout.be\/fr\/#organization"},"potentialAction":[{"@type":"SearchAction","target":{"@type":"EntryPoint","urlTemplate":"https:\/\/districos.standingout.be\/fr\/?s={search_term_string}"},"query-input":{"@type":"PropertyValueSpecification","valueRequired":true,"valueName":"search_term_string"}}],"inLanguage":"fr-FR"},{"@type":"Organization","@id":"https:\/\/districos.standingout.be\/fr\/#organization","name":"Districos Webshop","url":"https:\/\/districos.standingout.be\/fr\/","logo":{"@type":"ImageObject","inLanguage":"fr-FR","@id":"https:\/\/districos.standingout.be\/fr\/#\/schema\/logo\/image\/","url":"https:\/\/districos.standingout.be\/wp-content\/uploads\/2022\/09\/Districos_Logo_Webshop.svg","contentUrl":"https:\/\/districos.standingout.be\/wp-content\/uploads\/2022\/09\/Districos_Logo_Webshop.svg","caption":"Districos Webshop"},"image":{"@id":"https:\/\/districos.standingout.be\/fr\/#\/schema\/logo\/image\/"}}]}},"_links":{"self":[{"href":"https:\/\/districos.standingout.be\/fr\/wp-json\/wp\/v2\/product\/138315","targetHints":{"allow":["GET"]}}],"collection":[{"href":"https:\/\/districos.standingout.be\/fr\/wp-json\/wp\/v2\/product"}],"about":[{"href":"https:\/\/districos.standingout.be\/fr\/wp-json\/wp\/v2\/types\/product"}],"replies":[{"embeddable":true,"href":"https:\/\/districos.standingout.be\/fr\/wp-json\/wp\/v2\/comments?post=138315"}],"wp:featuredmedia":[{"embeddable":true,"href":"https:\/\/districos.standingout.be\/fr\/wp-json\/wp\/v2\/media\/80993"}],"wp:attachment":[{"href":"https:\/\/districos.standingout.be\/fr\/wp-json\/wp\/v2\/media?parent=138315"}],"wp:term":[{"taxonomy":"product_brand","embeddable":true,"href":"https:\/\/districos.standingout.be\/fr\/wp-json\/wp\/v2\/product_brand?post=138315"},{"taxonomy":"product_cat","embeddable":true,"href":"https:\/\/districos.standingout.be\/fr\/wp-json\/wp\/v2\/product_cat?post=138315"},{"taxonomy":"product_tag","embeddable":true,"href":"https:\/\/districos.standingout.be\/fr\/wp-json\/wp\/v2\/product_tag?post=138315"}],"curies":[{"name":"wp","href":"https:\/\/api.w.org\/{rel}","templated":true}]}}