{"id":138323,"date":"2026-04-28T11:08:48","date_gmt":"2026-04-28T09:08:48","guid":{"rendered":"https:\/\/webshopdistricoscom.webhosting.be\/product\/set-de-15-pierres-froides-ref-8404-632\/"},"modified":"2026-04-28T11:08:51","modified_gmt":"2026-04-28T09:08:51","slug":"set-de-15-pierres-froides-ref-8404-632","status":"publish","type":"product","link":"https:\/\/districos.standingout.be\/fr\/product\/set-de-15-pierres-froides-ref-8404-632\/","title":{"rendered":"Set De 15 Pierres Froides"},"content":{"rendered":"<p >\n<\/p>\n<\/p>\n<p>Ce set de 15 pierres de massage froides est id\u00e9al en combinaison avec la th\u00e9rapie aux pierres chaudes ou vous offre la possibilit\u00e9 de prodiguer \u00e0 vos clients un massage rafra\u00eechissant. Parfait pour les journ\u00e9es chaudes ou apr\u00e8s un effort sportif intense.<\/p>\n<p>Ce set contient des pierres de diff\u00e9rentes tailles, adapt\u00e9es aussi bien pour le&nbsp; corps que le visage.<\/p>\n<\/p>\n<p>Les pierres sont en marbre, ce qui leur permet de rester fra\u00eeches longtemps. Pour pr\u00e9parer les pierres, placez-les au pr\u00e9alable sur de la glace ou conservez-les au cong\u00e9lateur.<span id=\"_cursorpos\" color=\"\"><\/span><\/p>\n<p><b>Contenu :<\/b><\/p>\n<ul>\n<li>6 pierres froides S en marbre 3 x 4 cm<\/li>\n<li>6 x pierres froides en marbre M 6,5 x 4,5 cm<\/li>\n<li>3 x pierres froides en marbre L 9 x 6,5 cm<\/li>\n<\/ul>\n<p>Livr\u00e9es dans un sachet pratique (velours)<\/p>\n<p> <timestamp:20058746:76\/> <\/p>\n","protected":false},"excerpt":{"rendered":"<p>Ce set de 15 pierres de massage froides est id\u00e9al en combinaison avec la th\u00e9rapie aux pierres chaudes ou vous offre la possibilit\u00e9 de prodiguer \u00e0 vos clients un massage rafra\u00eechissant. Parfait pour les journ\u00e9es chaudes ou apr\u00e8s un effort sportif intense. Ce set contient des pierres de diff\u00e9rentes tailles, adapt\u00e9es aussi bien pour le&nbsp; [&hellip;]<\/p>\n","protected":false},"featured_media":147864,"comment_status":"open","ping_status":"closed","template":"","meta":{"_acf_changed":false},"product_brand":[10380],"product_cat":[9874],"product_tag":[],"class_list":{"0":"post-138323","1":"product","2":"type-product","3":"status-publish","4":"has-post-thumbnail","6":"product_brand-districos-fr","7":"product_cat-beaute-corps-massage","9":"first","10":"instock","11":"taxable","12":"shipping-taxable","13":"product-type-simple"},"acf":[],"yoast_head":"<!-- This site is optimized with the Yoast SEO plugin v27.3 - https:\/\/yoast.com\/product\/yoast-seo-wordpress\/ -->\n<title>Set De 15 Pierres Froides - Districos Webshop<\/title>\n<meta name=\"robots\" content=\"noindex, follow, max-snippet:-1, max-image-preview:large, max-video-preview:-1\" \/>\n<meta property=\"og:locale\" content=\"fr_FR\" \/>\n<meta property=\"og:type\" content=\"article\" \/>\n<meta property=\"og:title\" content=\"Set De 15 Pierres Froides - Districos Webshop\" \/>\n<meta property=\"og:description\" content=\"Ce set de 15 pierres de massage froides est id\u00e9al en combinaison avec la th\u00e9rapie aux pierres chaudes ou vous offre la possibilit\u00e9 de prodiguer \u00e0 vos clients un massage rafra\u00eechissant. Parfait pour les journ\u00e9es chaudes ou apr\u00e8s un effort sportif intense. Ce set contient des pierres de diff\u00e9rentes tailles, adapt\u00e9es aussi bien pour le&nbsp; [&hellip;]\" \/>\n<meta property=\"og:url\" content=\"https:\/\/districos.standingout.be\/fr\/product\/set-de-15-pierres-froides-ref-8404-632\/\" \/>\n<meta property=\"og:site_name\" content=\"Districos Webshop\" \/>\n<meta property=\"article:modified_time\" content=\"2026-04-28T09:08:51+00:00\" \/>\n<meta name=\"twitter:card\" content=\"summary_large_image\" \/>\n<meta name=\"twitter:label1\" content=\"Dur\u00e9e de lecture estim\u00e9e\" \/>\n\t<meta name=\"twitter:data1\" content=\"1 minute\" \/>\n<script type=\"application\/ld+json\" class=\"yoast-schema-graph\">{\"@context\":\"https:\\\/\\\/schema.org\",\"@graph\":[{\"@type\":\"WebPage\",\"@id\":\"https:\\\/\\\/districos.standingout.be\\\/fr\\\/product\\\/set-de-15-pierres-froides-ref-8404-632\\\/\",\"url\":\"https:\\\/\\\/districos.standingout.be\\\/fr\\\/product\\\/set-de-15-pierres-froides-ref-8404-632\\\/\",\"name\":\"Set De 15 Pierres Froides - Districos Webshop\",\"isPartOf\":{\"@id\":\"https:\\\/\\\/districos.standingout.be\\\/fr\\\/#website\"},\"primaryImageOfPage\":{\"@id\":\"https:\\\/\\\/districos.standingout.be\\\/fr\\\/product\\\/set-de-15-pierres-froides-ref-8404-632\\\/#primaryimage\"},\"image\":{\"@id\":\"https:\\\/\\\/districos.standingout.be\\\/fr\\\/product\\\/set-de-15-pierres-froides-ref-8404-632\\\/#primaryimage\"},\"thumbnailUrl\":\"https:\\\/\\\/districos.standingout.be\\\/wp-content\\\/uploads\\\/2026\\\/04\\\/8404.632@Cold-Stone-Set-15-Stenen_1.png\",\"datePublished\":\"2026-04-28T09:08:48+00:00\",\"dateModified\":\"2026-04-28T09:08:51+00:00\",\"breadcrumb\":{\"@id\":\"https:\\\/\\\/districos.standingout.be\\\/fr\\\/product\\\/set-de-15-pierres-froides-ref-8404-632\\\/#breadcrumb\"},\"inLanguage\":\"fr-FR\",\"potentialAction\":[{\"@type\":\"ReadAction\",\"target\":[\"https:\\\/\\\/districos.standingout.be\\\/fr\\\/product\\\/set-de-15-pierres-froides-ref-8404-632\\\/\"]}]},{\"@type\":\"ImageObject\",\"inLanguage\":\"fr-FR\",\"@id\":\"https:\\\/\\\/districos.standingout.be\\\/fr\\\/product\\\/set-de-15-pierres-froides-ref-8404-632\\\/#primaryimage\",\"url\":\"https:\\\/\\\/districos.standingout.be\\\/wp-content\\\/uploads\\\/2026\\\/04\\\/8404.632@Cold-Stone-Set-15-Stenen_1.png\",\"contentUrl\":\"https:\\\/\\\/districos.standingout.be\\\/wp-content\\\/uploads\\\/2026\\\/04\\\/8404.632@Cold-Stone-Set-15-Stenen_1.png\",\"width\":600,\"height\":600},{\"@type\":\"BreadcrumbList\",\"@id\":\"https:\\\/\\\/districos.standingout.be\\\/fr\\\/product\\\/set-de-15-pierres-froides-ref-8404-632\\\/#breadcrumb\",\"itemListElement\":[{\"@type\":\"ListItem\",\"position\":1,\"name\":\"Home\",\"item\":\"https:\\\/\\\/districos.standingout.be\\\/fr\\\/bienvenue-chez-districos\\\/\"},{\"@type\":\"ListItem\",\"position\":2,\"name\":\"Boutique\",\"item\":\"https:\\\/\\\/districos.standingout.be\\\/fr\\\/boutique\\\/\"},{\"@type\":\"ListItem\",\"position\":3,\"name\":\"Set De 15 Pierres Froides\"}]},{\"@type\":\"WebSite\",\"@id\":\"https:\\\/\\\/districos.standingout.be\\\/fr\\\/#website\",\"url\":\"https:\\\/\\\/districos.standingout.be\\\/fr\\\/\",\"name\":\"Districos Webshop\",\"description\":\"\",\"publisher\":{\"@id\":\"https:\\\/\\\/districos.standingout.be\\\/fr\\\/#organization\"},\"potentialAction\":[{\"@type\":\"SearchAction\",\"target\":{\"@type\":\"EntryPoint\",\"urlTemplate\":\"https:\\\/\\\/districos.standingout.be\\\/fr\\\/?s={search_term_string}\"},\"query-input\":{\"@type\":\"PropertyValueSpecification\",\"valueRequired\":true,\"valueName\":\"search_term_string\"}}],\"inLanguage\":\"fr-FR\"},{\"@type\":\"Organization\",\"@id\":\"https:\\\/\\\/districos.standingout.be\\\/fr\\\/#organization\",\"name\":\"Districos Webshop\",\"url\":\"https:\\\/\\\/districos.standingout.be\\\/fr\\\/\",\"logo\":{\"@type\":\"ImageObject\",\"inLanguage\":\"fr-FR\",\"@id\":\"https:\\\/\\\/districos.standingout.be\\\/fr\\\/#\\\/schema\\\/logo\\\/image\\\/\",\"url\":\"https:\\\/\\\/districos.standingout.be\\\/wp-content\\\/uploads\\\/2022\\\/09\\\/Districos_Logo_Webshop.svg\",\"contentUrl\":\"https:\\\/\\\/districos.standingout.be\\\/wp-content\\\/uploads\\\/2022\\\/09\\\/Districos_Logo_Webshop.svg\",\"caption\":\"Districos Webshop\"},\"image\":{\"@id\":\"https:\\\/\\\/districos.standingout.be\\\/fr\\\/#\\\/schema\\\/logo\\\/image\\\/\"}}]}<\/script>\n<!-- \/ Yoast SEO plugin. -->","yoast_head_json":{"title":"Set De 15 Pierres Froides - Districos Webshop","robots":{"index":"noindex","follow":"follow","max-snippet":"max-snippet:-1","max-image-preview":"max-image-preview:large","max-video-preview":"max-video-preview:-1"},"og_locale":"fr_FR","og_type":"article","og_title":"Set De 15 Pierres Froides - Districos Webshop","og_description":"Ce set de 15 pierres de massage froides est id\u00e9al en combinaison avec la th\u00e9rapie aux pierres chaudes ou vous offre la possibilit\u00e9 de prodiguer \u00e0 vos clients un massage rafra\u00eechissant. Parfait pour les journ\u00e9es chaudes ou apr\u00e8s un effort sportif intense. Ce set contient des pierres de diff\u00e9rentes tailles, adapt\u00e9es aussi bien pour le&nbsp; [&hellip;]","og_url":"https:\/\/districos.standingout.be\/fr\/product\/set-de-15-pierres-froides-ref-8404-632\/","og_site_name":"Districos Webshop","article_modified_time":"2026-04-28T09:08:51+00:00","twitter_card":"summary_large_image","twitter_misc":{"Dur\u00e9e de lecture estim\u00e9e":"1 minute"},"schema":{"@context":"https:\/\/schema.org","@graph":[{"@type":"WebPage","@id":"https:\/\/districos.standingout.be\/fr\/product\/set-de-15-pierres-froides-ref-8404-632\/","url":"https:\/\/districos.standingout.be\/fr\/product\/set-de-15-pierres-froides-ref-8404-632\/","name":"Set De 15 Pierres Froides - Districos Webshop","isPartOf":{"@id":"https:\/\/districos.standingout.be\/fr\/#website"},"primaryImageOfPage":{"@id":"https:\/\/districos.standingout.be\/fr\/product\/set-de-15-pierres-froides-ref-8404-632\/#primaryimage"},"image":{"@id":"https:\/\/districos.standingout.be\/fr\/product\/set-de-15-pierres-froides-ref-8404-632\/#primaryimage"},"thumbnailUrl":"https:\/\/districos.standingout.be\/wp-content\/uploads\/2026\/04\/8404.632@Cold-Stone-Set-15-Stenen_1.png","datePublished":"2026-04-28T09:08:48+00:00","dateModified":"2026-04-28T09:08:51+00:00","breadcrumb":{"@id":"https:\/\/districos.standingout.be\/fr\/product\/set-de-15-pierres-froides-ref-8404-632\/#breadcrumb"},"inLanguage":"fr-FR","potentialAction":[{"@type":"ReadAction","target":["https:\/\/districos.standingout.be\/fr\/product\/set-de-15-pierres-froides-ref-8404-632\/"]}]},{"@type":"ImageObject","inLanguage":"fr-FR","@id":"https:\/\/districos.standingout.be\/fr\/product\/set-de-15-pierres-froides-ref-8404-632\/#primaryimage","url":"https:\/\/districos.standingout.be\/wp-content\/uploads\/2026\/04\/8404.632@Cold-Stone-Set-15-Stenen_1.png","contentUrl":"https:\/\/districos.standingout.be\/wp-content\/uploads\/2026\/04\/8404.632@Cold-Stone-Set-15-Stenen_1.png","width":600,"height":600},{"@type":"BreadcrumbList","@id":"https:\/\/districos.standingout.be\/fr\/product\/set-de-15-pierres-froides-ref-8404-632\/#breadcrumb","itemListElement":[{"@type":"ListItem","position":1,"name":"Home","item":"https:\/\/districos.standingout.be\/fr\/bienvenue-chez-districos\/"},{"@type":"ListItem","position":2,"name":"Boutique","item":"https:\/\/districos.standingout.be\/fr\/boutique\/"},{"@type":"ListItem","position":3,"name":"Set De 15 Pierres Froides"}]},{"@type":"WebSite","@id":"https:\/\/districos.standingout.be\/fr\/#website","url":"https:\/\/districos.standingout.be\/fr\/","name":"Districos Webshop","description":"","publisher":{"@id":"https:\/\/districos.standingout.be\/fr\/#organization"},"potentialAction":[{"@type":"SearchAction","target":{"@type":"EntryPoint","urlTemplate":"https:\/\/districos.standingout.be\/fr\/?s={search_term_string}"},"query-input":{"@type":"PropertyValueSpecification","valueRequired":true,"valueName":"search_term_string"}}],"inLanguage":"fr-FR"},{"@type":"Organization","@id":"https:\/\/districos.standingout.be\/fr\/#organization","name":"Districos Webshop","url":"https:\/\/districos.standingout.be\/fr\/","logo":{"@type":"ImageObject","inLanguage":"fr-FR","@id":"https:\/\/districos.standingout.be\/fr\/#\/schema\/logo\/image\/","url":"https:\/\/districos.standingout.be\/wp-content\/uploads\/2022\/09\/Districos_Logo_Webshop.svg","contentUrl":"https:\/\/districos.standingout.be\/wp-content\/uploads\/2022\/09\/Districos_Logo_Webshop.svg","caption":"Districos Webshop"},"image":{"@id":"https:\/\/districos.standingout.be\/fr\/#\/schema\/logo\/image\/"}}]}},"_links":{"self":[{"href":"https:\/\/districos.standingout.be\/fr\/wp-json\/wp\/v2\/product\/138323","targetHints":{"allow":["GET"]}}],"collection":[{"href":"https:\/\/districos.standingout.be\/fr\/wp-json\/wp\/v2\/product"}],"about":[{"href":"https:\/\/districos.standingout.be\/fr\/wp-json\/wp\/v2\/types\/product"}],"replies":[{"embeddable":true,"href":"https:\/\/districos.standingout.be\/fr\/wp-json\/wp\/v2\/comments?post=138323"}],"wp:featuredmedia":[{"embeddable":true,"href":"https:\/\/districos.standingout.be\/fr\/wp-json\/wp\/v2\/media\/147864"}],"wp:attachment":[{"href":"https:\/\/districos.standingout.be\/fr\/wp-json\/wp\/v2\/media?parent=138323"}],"wp:term":[{"taxonomy":"product_brand","embeddable":true,"href":"https:\/\/districos.standingout.be\/fr\/wp-json\/wp\/v2\/product_brand?post=138323"},{"taxonomy":"product_cat","embeddable":true,"href":"https:\/\/districos.standingout.be\/fr\/wp-json\/wp\/v2\/product_cat?post=138323"},{"taxonomy":"product_tag","embeddable":true,"href":"https:\/\/districos.standingout.be\/fr\/wp-json\/wp\/v2\/product_tag?post=138323"}],"curies":[{"name":"wp","href":"https:\/\/api.w.org\/{rel}","templated":true}]}}