{"id":138325,"date":"2026-04-28T11:08:51","date_gmt":"2026-04-28T09:08:51","guid":{"rendered":"https:\/\/webshopdistricoscom.webhosting.be\/product\/cold-stone-taille-l-1-pierre-ref-8404-634\/"},"modified":"2026-04-28T11:08:54","modified_gmt":"2026-04-28T09:08:54","slug":"cold-stone-taille-l-1-pierre-ref-8404-634","status":"publish","type":"product","link":"https:\/\/districos.standingout.be\/fr\/product\/cold-stone-taille-l-1-pierre-ref-8404-634\/","title":{"rendered":"Cold Stone Taille L 1 Pierre"},"content":{"rendered":"<p >\n<\/p>\n<\/p>\n<p>1 pierre de massage Cold Stone taille L (6 x 9 cm) est id\u00e9ale en combinaison avec la th\u00e9rapie Hot Stone ou vous offre la possibilit\u00e9 de prodiguer \u00e0 vos clients un massage rafra\u00eechissant. Parfaite pour un soin rafra\u00eechissant mais bienfaisant pendant les journ\u00e9es chaudes ou apr\u00e8s un effort sportif intense.<\/p>\n<p><\/p>\n<p>Cette pierre est fabriqu\u00e9e en marbre, ce qui lui permet de rester fra\u00eeche longtemps. Pour pr\u00e9parer les pierres, placez-les au pr\u00e9alable sur de la glace ou conservez-les au cong\u00e9lateur.<\/p>\n<div><\/div>\n","protected":false},"excerpt":{"rendered":"<p>1 pierre de massage Cold Stone taille L (6 x 9 cm) est id\u00e9ale en combinaison avec la th\u00e9rapie Hot Stone ou vous offre la possibilit\u00e9 de prodiguer \u00e0 vos clients un massage rafra\u00eechissant. Parfaite pour un soin rafra\u00eechissant mais bienfaisant pendant les journ\u00e9es chaudes ou apr\u00e8s un effort sportif intense. Cette pierre est fabriqu\u00e9e [&hellip;]<\/p>\n","protected":false},"featured_media":147866,"comment_status":"open","ping_status":"closed","template":"","meta":{"_acf_changed":false},"product_brand":[10380],"product_cat":[9874],"product_tag":[],"class_list":{"0":"post-138325","1":"product","2":"type-product","3":"status-publish","4":"has-post-thumbnail","6":"product_brand-districos-fr","7":"product_cat-beaute-corps-massage","9":"first","10":"instock","11":"taxable","12":"shipping-taxable","13":"product-type-simple"},"acf":[],"yoast_head":"<!-- This site is optimized with the Yoast SEO plugin v27.3 - https:\/\/yoast.com\/product\/yoast-seo-wordpress\/ -->\n<title>Cold Stone Taille L 1 Pierre - Districos Webshop<\/title>\n<meta name=\"robots\" content=\"noindex, follow, max-snippet:-1, max-image-preview:large, max-video-preview:-1\" \/>\n<meta property=\"og:locale\" content=\"fr_FR\" \/>\n<meta property=\"og:type\" content=\"article\" \/>\n<meta property=\"og:title\" content=\"Cold Stone Taille L 1 Pierre - Districos Webshop\" \/>\n<meta property=\"og:description\" content=\"1 pierre de massage Cold Stone taille L (6 x 9 cm) est id\u00e9ale en combinaison avec la th\u00e9rapie Hot Stone ou vous offre la possibilit\u00e9 de prodiguer \u00e0 vos clients un massage rafra\u00eechissant. Parfaite pour un soin rafra\u00eechissant mais bienfaisant pendant les journ\u00e9es chaudes ou apr\u00e8s un effort sportif intense. Cette pierre est fabriqu\u00e9e [&hellip;]\" \/>\n<meta property=\"og:url\" content=\"https:\/\/districos.standingout.be\/fr\/product\/cold-stone-taille-l-1-pierre-ref-8404-634\/\" \/>\n<meta property=\"og:site_name\" content=\"Districos Webshop\" \/>\n<meta property=\"article:modified_time\" content=\"2026-04-28T09:08:54+00:00\" \/>\n<meta name=\"twitter:card\" content=\"summary_large_image\" \/>\n<script type=\"application\/ld+json\" class=\"yoast-schema-graph\">{\"@context\":\"https:\\\/\\\/schema.org\",\"@graph\":[{\"@type\":\"WebPage\",\"@id\":\"https:\\\/\\\/districos.standingout.be\\\/fr\\\/product\\\/cold-stone-taille-l-1-pierre-ref-8404-634\\\/\",\"url\":\"https:\\\/\\\/districos.standingout.be\\\/fr\\\/product\\\/cold-stone-taille-l-1-pierre-ref-8404-634\\\/\",\"name\":\"Cold Stone Taille L 1 Pierre - Districos Webshop\",\"isPartOf\":{\"@id\":\"https:\\\/\\\/districos.standingout.be\\\/fr\\\/#website\"},\"primaryImageOfPage\":{\"@id\":\"https:\\\/\\\/districos.standingout.be\\\/fr\\\/product\\\/cold-stone-taille-l-1-pierre-ref-8404-634\\\/#primaryimage\"},\"image\":{\"@id\":\"https:\\\/\\\/districos.standingout.be\\\/fr\\\/product\\\/cold-stone-taille-l-1-pierre-ref-8404-634\\\/#primaryimage\"},\"thumbnailUrl\":\"https:\\\/\\\/districos.standingout.be\\\/wp-content\\\/uploads\\\/2026\\\/04\\\/8404.634@Cold-Stone-Maat-L-1-Steen_1.png\",\"datePublished\":\"2026-04-28T09:08:51+00:00\",\"dateModified\":\"2026-04-28T09:08:54+00:00\",\"breadcrumb\":{\"@id\":\"https:\\\/\\\/districos.standingout.be\\\/fr\\\/product\\\/cold-stone-taille-l-1-pierre-ref-8404-634\\\/#breadcrumb\"},\"inLanguage\":\"fr-FR\",\"potentialAction\":[{\"@type\":\"ReadAction\",\"target\":[\"https:\\\/\\\/districos.standingout.be\\\/fr\\\/product\\\/cold-stone-taille-l-1-pierre-ref-8404-634\\\/\"]}]},{\"@type\":\"ImageObject\",\"inLanguage\":\"fr-FR\",\"@id\":\"https:\\\/\\\/districos.standingout.be\\\/fr\\\/product\\\/cold-stone-taille-l-1-pierre-ref-8404-634\\\/#primaryimage\",\"url\":\"https:\\\/\\\/districos.standingout.be\\\/wp-content\\\/uploads\\\/2026\\\/04\\\/8404.634@Cold-Stone-Maat-L-1-Steen_1.png\",\"contentUrl\":\"https:\\\/\\\/districos.standingout.be\\\/wp-content\\\/uploads\\\/2026\\\/04\\\/8404.634@Cold-Stone-Maat-L-1-Steen_1.png\",\"width\":600,\"height\":600},{\"@type\":\"BreadcrumbList\",\"@id\":\"https:\\\/\\\/districos.standingout.be\\\/fr\\\/product\\\/cold-stone-taille-l-1-pierre-ref-8404-634\\\/#breadcrumb\",\"itemListElement\":[{\"@type\":\"ListItem\",\"position\":1,\"name\":\"Home\",\"item\":\"https:\\\/\\\/districos.standingout.be\\\/fr\\\/bienvenue-chez-districos\\\/\"},{\"@type\":\"ListItem\",\"position\":2,\"name\":\"Boutique\",\"item\":\"https:\\\/\\\/districos.standingout.be\\\/fr\\\/boutique\\\/\"},{\"@type\":\"ListItem\",\"position\":3,\"name\":\"Cold Stone Taille L 1 Pierre\"}]},{\"@type\":\"WebSite\",\"@id\":\"https:\\\/\\\/districos.standingout.be\\\/fr\\\/#website\",\"url\":\"https:\\\/\\\/districos.standingout.be\\\/fr\\\/\",\"name\":\"Districos Webshop\",\"description\":\"\",\"publisher\":{\"@id\":\"https:\\\/\\\/districos.standingout.be\\\/fr\\\/#organization\"},\"potentialAction\":[{\"@type\":\"SearchAction\",\"target\":{\"@type\":\"EntryPoint\",\"urlTemplate\":\"https:\\\/\\\/districos.standingout.be\\\/fr\\\/?s={search_term_string}\"},\"query-input\":{\"@type\":\"PropertyValueSpecification\",\"valueRequired\":true,\"valueName\":\"search_term_string\"}}],\"inLanguage\":\"fr-FR\"},{\"@type\":\"Organization\",\"@id\":\"https:\\\/\\\/districos.standingout.be\\\/fr\\\/#organization\",\"name\":\"Districos Webshop\",\"url\":\"https:\\\/\\\/districos.standingout.be\\\/fr\\\/\",\"logo\":{\"@type\":\"ImageObject\",\"inLanguage\":\"fr-FR\",\"@id\":\"https:\\\/\\\/districos.standingout.be\\\/fr\\\/#\\\/schema\\\/logo\\\/image\\\/\",\"url\":\"https:\\\/\\\/districos.standingout.be\\\/wp-content\\\/uploads\\\/2022\\\/09\\\/Districos_Logo_Webshop.svg\",\"contentUrl\":\"https:\\\/\\\/districos.standingout.be\\\/wp-content\\\/uploads\\\/2022\\\/09\\\/Districos_Logo_Webshop.svg\",\"caption\":\"Districos Webshop\"},\"image\":{\"@id\":\"https:\\\/\\\/districos.standingout.be\\\/fr\\\/#\\\/schema\\\/logo\\\/image\\\/\"}}]}<\/script>\n<!-- \/ Yoast SEO plugin. -->","yoast_head_json":{"title":"Cold Stone Taille L 1 Pierre - Districos Webshop","robots":{"index":"noindex","follow":"follow","max-snippet":"max-snippet:-1","max-image-preview":"max-image-preview:large","max-video-preview":"max-video-preview:-1"},"og_locale":"fr_FR","og_type":"article","og_title":"Cold Stone Taille L 1 Pierre - Districos Webshop","og_description":"1 pierre de massage Cold Stone taille L (6 x 9 cm) est id\u00e9ale en combinaison avec la th\u00e9rapie Hot Stone ou vous offre la possibilit\u00e9 de prodiguer \u00e0 vos clients un massage rafra\u00eechissant. Parfaite pour un soin rafra\u00eechissant mais bienfaisant pendant les journ\u00e9es chaudes ou apr\u00e8s un effort sportif intense. Cette pierre est fabriqu\u00e9e [&hellip;]","og_url":"https:\/\/districos.standingout.be\/fr\/product\/cold-stone-taille-l-1-pierre-ref-8404-634\/","og_site_name":"Districos Webshop","article_modified_time":"2026-04-28T09:08:54+00:00","twitter_card":"summary_large_image","schema":{"@context":"https:\/\/schema.org","@graph":[{"@type":"WebPage","@id":"https:\/\/districos.standingout.be\/fr\/product\/cold-stone-taille-l-1-pierre-ref-8404-634\/","url":"https:\/\/districos.standingout.be\/fr\/product\/cold-stone-taille-l-1-pierre-ref-8404-634\/","name":"Cold Stone Taille L 1 Pierre - Districos Webshop","isPartOf":{"@id":"https:\/\/districos.standingout.be\/fr\/#website"},"primaryImageOfPage":{"@id":"https:\/\/districos.standingout.be\/fr\/product\/cold-stone-taille-l-1-pierre-ref-8404-634\/#primaryimage"},"image":{"@id":"https:\/\/districos.standingout.be\/fr\/product\/cold-stone-taille-l-1-pierre-ref-8404-634\/#primaryimage"},"thumbnailUrl":"https:\/\/districos.standingout.be\/wp-content\/uploads\/2026\/04\/8404.634@Cold-Stone-Maat-L-1-Steen_1.png","datePublished":"2026-04-28T09:08:51+00:00","dateModified":"2026-04-28T09:08:54+00:00","breadcrumb":{"@id":"https:\/\/districos.standingout.be\/fr\/product\/cold-stone-taille-l-1-pierre-ref-8404-634\/#breadcrumb"},"inLanguage":"fr-FR","potentialAction":[{"@type":"ReadAction","target":["https:\/\/districos.standingout.be\/fr\/product\/cold-stone-taille-l-1-pierre-ref-8404-634\/"]}]},{"@type":"ImageObject","inLanguage":"fr-FR","@id":"https:\/\/districos.standingout.be\/fr\/product\/cold-stone-taille-l-1-pierre-ref-8404-634\/#primaryimage","url":"https:\/\/districos.standingout.be\/wp-content\/uploads\/2026\/04\/8404.634@Cold-Stone-Maat-L-1-Steen_1.png","contentUrl":"https:\/\/districos.standingout.be\/wp-content\/uploads\/2026\/04\/8404.634@Cold-Stone-Maat-L-1-Steen_1.png","width":600,"height":600},{"@type":"BreadcrumbList","@id":"https:\/\/districos.standingout.be\/fr\/product\/cold-stone-taille-l-1-pierre-ref-8404-634\/#breadcrumb","itemListElement":[{"@type":"ListItem","position":1,"name":"Home","item":"https:\/\/districos.standingout.be\/fr\/bienvenue-chez-districos\/"},{"@type":"ListItem","position":2,"name":"Boutique","item":"https:\/\/districos.standingout.be\/fr\/boutique\/"},{"@type":"ListItem","position":3,"name":"Cold Stone Taille L 1 Pierre"}]},{"@type":"WebSite","@id":"https:\/\/districos.standingout.be\/fr\/#website","url":"https:\/\/districos.standingout.be\/fr\/","name":"Districos Webshop","description":"","publisher":{"@id":"https:\/\/districos.standingout.be\/fr\/#organization"},"potentialAction":[{"@type":"SearchAction","target":{"@type":"EntryPoint","urlTemplate":"https:\/\/districos.standingout.be\/fr\/?s={search_term_string}"},"query-input":{"@type":"PropertyValueSpecification","valueRequired":true,"valueName":"search_term_string"}}],"inLanguage":"fr-FR"},{"@type":"Organization","@id":"https:\/\/districos.standingout.be\/fr\/#organization","name":"Districos Webshop","url":"https:\/\/districos.standingout.be\/fr\/","logo":{"@type":"ImageObject","inLanguage":"fr-FR","@id":"https:\/\/districos.standingout.be\/fr\/#\/schema\/logo\/image\/","url":"https:\/\/districos.standingout.be\/wp-content\/uploads\/2022\/09\/Districos_Logo_Webshop.svg","contentUrl":"https:\/\/districos.standingout.be\/wp-content\/uploads\/2022\/09\/Districos_Logo_Webshop.svg","caption":"Districos Webshop"},"image":{"@id":"https:\/\/districos.standingout.be\/fr\/#\/schema\/logo\/image\/"}}]}},"_links":{"self":[{"href":"https:\/\/districos.standingout.be\/fr\/wp-json\/wp\/v2\/product\/138325","targetHints":{"allow":["GET"]}}],"collection":[{"href":"https:\/\/districos.standingout.be\/fr\/wp-json\/wp\/v2\/product"}],"about":[{"href":"https:\/\/districos.standingout.be\/fr\/wp-json\/wp\/v2\/types\/product"}],"replies":[{"embeddable":true,"href":"https:\/\/districos.standingout.be\/fr\/wp-json\/wp\/v2\/comments?post=138325"}],"wp:featuredmedia":[{"embeddable":true,"href":"https:\/\/districos.standingout.be\/fr\/wp-json\/wp\/v2\/media\/147866"}],"wp:attachment":[{"href":"https:\/\/districos.standingout.be\/fr\/wp-json\/wp\/v2\/media?parent=138325"}],"wp:term":[{"taxonomy":"product_brand","embeddable":true,"href":"https:\/\/districos.standingout.be\/fr\/wp-json\/wp\/v2\/product_brand?post=138325"},{"taxonomy":"product_cat","embeddable":true,"href":"https:\/\/districos.standingout.be\/fr\/wp-json\/wp\/v2\/product_cat?post=138325"},{"taxonomy":"product_tag","embeddable":true,"href":"https:\/\/districos.standingout.be\/fr\/wp-json\/wp\/v2\/product_tag?post=138325"}],"curies":[{"name":"wp","href":"https:\/\/api.w.org\/{rel}","templated":true}]}}