{"id":138331,"date":"2026-04-28T11:08:58","date_gmt":"2026-04-28T09:08:58","guid":{"rendered":"https:\/\/webshopdistricoscom.webhosting.be\/product\/set-hot-stone-76-pierres-ref-8404-691\/"},"modified":"2026-04-28T11:09:01","modified_gmt":"2026-04-28T09:09:01","slug":"set-hot-stone-76-pierres-ref-8404-691","status":"publish","type":"product","link":"https:\/\/districos.standingout.be\/fr\/product\/set-hot-stone-76-pierres-ref-8404-691\/","title":{"rendered":"Set Hot Stone 76 Pierres"},"content":{"rendered":"<p >\n<\/p>\n<p dir=\"ltr\">Ce set de 76 pierres de massage aux pierres chaudes est notre ensemble le plus complet et vous offre suffisamment de pierres pour offrir un massage relaxant de 2 heures. Chauffez les pierres (\u00e0 l&rsquo;exception des pierres froides en marbre) \u00e0 environ 55\u00b0C, choisissez une huile essentielle adapt\u00e9e, et laissez votre client ressentir la d\u00e9tente et le calme d&rsquo;un d\u00e9licieux massage aux pierres chaudes.<\/p>\n<p dir=\"ltr\"><\/p>\n<p dir=\"ltr\">Contenu complet de 84 pierres de massage de diff\u00e9rents formats dans un coffret en bambou.<\/p>\n<p><b>Contenu<\/b><\/p>\n<ul>\n<li>43 pierres de basalte pour un massage complet des points de pression, du corps ou du visage<\/li>\n<li>20 pierres de basalte, sp\u00e9cifiquement pour un massage des pieds<\/li>\n<li>7 pierres chakras<\/li>\n<li>6 pierres froides de marbre pour une th\u00e9rapie par le froid<\/li>\n<\/ul>\n<p>&nbsp;<\/p>\n","protected":false},"excerpt":{"rendered":"<p>Ce set de 76 pierres de massage aux pierres chaudes est notre ensemble le plus complet et vous offre suffisamment de pierres pour offrir un massage relaxant de 2 heures. Chauffez les pierres (\u00e0 l&rsquo;exception des pierres froides en marbre) \u00e0 environ 55\u00b0C, choisissez une huile essentielle adapt\u00e9e, et laissez votre client ressentir la d\u00e9tente [&hellip;]<\/p>\n","protected":false},"featured_media":91010,"comment_status":"open","ping_status":"closed","template":"","meta":{"_acf_changed":false},"product_brand":[10380],"product_cat":[9874],"product_tag":[],"class_list":{"0":"post-138331","1":"product","2":"type-product","3":"status-publish","4":"has-post-thumbnail","6":"product_brand-districos-fr","7":"product_cat-beaute-corps-massage","9":"first","10":"instock","11":"taxable","12":"shipping-taxable","13":"product-type-simple"},"acf":[],"yoast_head":"<!-- This site is optimized with the Yoast SEO plugin v27.3 - https:\/\/yoast.com\/product\/yoast-seo-wordpress\/ -->\n<title>Set Hot Stone 76 Pierres - Districos Webshop<\/title>\n<meta name=\"robots\" content=\"noindex, follow, max-snippet:-1, max-image-preview:large, max-video-preview:-1\" \/>\n<meta property=\"og:locale\" content=\"fr_FR\" \/>\n<meta property=\"og:type\" content=\"article\" \/>\n<meta property=\"og:title\" content=\"Set Hot Stone 76 Pierres - Districos Webshop\" \/>\n<meta property=\"og:description\" content=\"Ce set de 76 pierres de massage aux pierres chaudes est notre ensemble le plus complet et vous offre suffisamment de pierres pour offrir un massage relaxant de 2 heures. Chauffez les pierres (\u00e0 l&rsquo;exception des pierres froides en marbre) \u00e0 environ 55\u00b0C, choisissez une huile essentielle adapt\u00e9e, et laissez votre client ressentir la d\u00e9tente [&hellip;]\" \/>\n<meta property=\"og:url\" content=\"https:\/\/districos.standingout.be\/fr\/product\/set-hot-stone-76-pierres-ref-8404-691\/\" \/>\n<meta property=\"og:site_name\" content=\"Districos Webshop\" \/>\n<meta property=\"article:modified_time\" content=\"2026-04-28T09:09:01+00:00\" \/>\n<meta name=\"twitter:card\" content=\"summary_large_image\" \/>\n<meta name=\"twitter:label1\" content=\"Dur\u00e9e de lecture estim\u00e9e\" \/>\n\t<meta name=\"twitter:data1\" content=\"1 minute\" \/>\n<script type=\"application\/ld+json\" class=\"yoast-schema-graph\">{\"@context\":\"https:\\\/\\\/schema.org\",\"@graph\":[{\"@type\":\"WebPage\",\"@id\":\"https:\\\/\\\/districos.standingout.be\\\/fr\\\/product\\\/set-hot-stone-76-pierres-ref-8404-691\\\/\",\"url\":\"https:\\\/\\\/districos.standingout.be\\\/fr\\\/product\\\/set-hot-stone-76-pierres-ref-8404-691\\\/\",\"name\":\"Set Hot Stone 76 Pierres - Districos Webshop\",\"isPartOf\":{\"@id\":\"https:\\\/\\\/districos.standingout.be\\\/fr\\\/#website\"},\"primaryImageOfPage\":{\"@id\":\"https:\\\/\\\/districos.standingout.be\\\/fr\\\/product\\\/set-hot-stone-76-pierres-ref-8404-691\\\/#primaryimage\"},\"image\":{\"@id\":\"https:\\\/\\\/districos.standingout.be\\\/fr\\\/product\\\/set-hot-stone-76-pierres-ref-8404-691\\\/#primaryimage\"},\"thumbnailUrl\":\"https:\\\/\\\/districos.standingout.be\\\/wp-content\\\/uploads\\\/2026\\\/01\\\/8404.691@LowRes_0_99.png\",\"datePublished\":\"2026-04-28T09:08:58+00:00\",\"dateModified\":\"2026-04-28T09:09:01+00:00\",\"breadcrumb\":{\"@id\":\"https:\\\/\\\/districos.standingout.be\\\/fr\\\/product\\\/set-hot-stone-76-pierres-ref-8404-691\\\/#breadcrumb\"},\"inLanguage\":\"fr-FR\",\"potentialAction\":[{\"@type\":\"ReadAction\",\"target\":[\"https:\\\/\\\/districos.standingout.be\\\/fr\\\/product\\\/set-hot-stone-76-pierres-ref-8404-691\\\/\"]}]},{\"@type\":\"ImageObject\",\"inLanguage\":\"fr-FR\",\"@id\":\"https:\\\/\\\/districos.standingout.be\\\/fr\\\/product\\\/set-hot-stone-76-pierres-ref-8404-691\\\/#primaryimage\",\"url\":\"https:\\\/\\\/districos.standingout.be\\\/wp-content\\\/uploads\\\/2026\\\/01\\\/8404.691@LowRes_0_99.png\",\"contentUrl\":\"https:\\\/\\\/districos.standingout.be\\\/wp-content\\\/uploads\\\/2026\\\/01\\\/8404.691@LowRes_0_99.png\",\"width\":600,\"height\":600},{\"@type\":\"BreadcrumbList\",\"@id\":\"https:\\\/\\\/districos.standingout.be\\\/fr\\\/product\\\/set-hot-stone-76-pierres-ref-8404-691\\\/#breadcrumb\",\"itemListElement\":[{\"@type\":\"ListItem\",\"position\":1,\"name\":\"Home\",\"item\":\"https:\\\/\\\/districos.standingout.be\\\/fr\\\/bienvenue-chez-districos\\\/\"},{\"@type\":\"ListItem\",\"position\":2,\"name\":\"Boutique\",\"item\":\"https:\\\/\\\/districos.standingout.be\\\/fr\\\/boutique\\\/\"},{\"@type\":\"ListItem\",\"position\":3,\"name\":\"Set Hot Stone 76 Pierres\"}]},{\"@type\":\"WebSite\",\"@id\":\"https:\\\/\\\/districos.standingout.be\\\/fr\\\/#website\",\"url\":\"https:\\\/\\\/districos.standingout.be\\\/fr\\\/\",\"name\":\"Districos Webshop\",\"description\":\"\",\"publisher\":{\"@id\":\"https:\\\/\\\/districos.standingout.be\\\/fr\\\/#organization\"},\"potentialAction\":[{\"@type\":\"SearchAction\",\"target\":{\"@type\":\"EntryPoint\",\"urlTemplate\":\"https:\\\/\\\/districos.standingout.be\\\/fr\\\/?s={search_term_string}\"},\"query-input\":{\"@type\":\"PropertyValueSpecification\",\"valueRequired\":true,\"valueName\":\"search_term_string\"}}],\"inLanguage\":\"fr-FR\"},{\"@type\":\"Organization\",\"@id\":\"https:\\\/\\\/districos.standingout.be\\\/fr\\\/#organization\",\"name\":\"Districos Webshop\",\"url\":\"https:\\\/\\\/districos.standingout.be\\\/fr\\\/\",\"logo\":{\"@type\":\"ImageObject\",\"inLanguage\":\"fr-FR\",\"@id\":\"https:\\\/\\\/districos.standingout.be\\\/fr\\\/#\\\/schema\\\/logo\\\/image\\\/\",\"url\":\"https:\\\/\\\/districos.standingout.be\\\/wp-content\\\/uploads\\\/2022\\\/09\\\/Districos_Logo_Webshop.svg\",\"contentUrl\":\"https:\\\/\\\/districos.standingout.be\\\/wp-content\\\/uploads\\\/2022\\\/09\\\/Districos_Logo_Webshop.svg\",\"caption\":\"Districos Webshop\"},\"image\":{\"@id\":\"https:\\\/\\\/districos.standingout.be\\\/fr\\\/#\\\/schema\\\/logo\\\/image\\\/\"}}]}<\/script>\n<!-- \/ Yoast SEO plugin. -->","yoast_head_json":{"title":"Set Hot Stone 76 Pierres - Districos Webshop","robots":{"index":"noindex","follow":"follow","max-snippet":"max-snippet:-1","max-image-preview":"max-image-preview:large","max-video-preview":"max-video-preview:-1"},"og_locale":"fr_FR","og_type":"article","og_title":"Set Hot Stone 76 Pierres - Districos Webshop","og_description":"Ce set de 76 pierres de massage aux pierres chaudes est notre ensemble le plus complet et vous offre suffisamment de pierres pour offrir un massage relaxant de 2 heures. Chauffez les pierres (\u00e0 l&rsquo;exception des pierres froides en marbre) \u00e0 environ 55\u00b0C, choisissez une huile essentielle adapt\u00e9e, et laissez votre client ressentir la d\u00e9tente [&hellip;]","og_url":"https:\/\/districos.standingout.be\/fr\/product\/set-hot-stone-76-pierres-ref-8404-691\/","og_site_name":"Districos Webshop","article_modified_time":"2026-04-28T09:09:01+00:00","twitter_card":"summary_large_image","twitter_misc":{"Dur\u00e9e de lecture estim\u00e9e":"1 minute"},"schema":{"@context":"https:\/\/schema.org","@graph":[{"@type":"WebPage","@id":"https:\/\/districos.standingout.be\/fr\/product\/set-hot-stone-76-pierres-ref-8404-691\/","url":"https:\/\/districos.standingout.be\/fr\/product\/set-hot-stone-76-pierres-ref-8404-691\/","name":"Set Hot Stone 76 Pierres - Districos Webshop","isPartOf":{"@id":"https:\/\/districos.standingout.be\/fr\/#website"},"primaryImageOfPage":{"@id":"https:\/\/districos.standingout.be\/fr\/product\/set-hot-stone-76-pierres-ref-8404-691\/#primaryimage"},"image":{"@id":"https:\/\/districos.standingout.be\/fr\/product\/set-hot-stone-76-pierres-ref-8404-691\/#primaryimage"},"thumbnailUrl":"https:\/\/districos.standingout.be\/wp-content\/uploads\/2026\/01\/8404.691@LowRes_0_99.png","datePublished":"2026-04-28T09:08:58+00:00","dateModified":"2026-04-28T09:09:01+00:00","breadcrumb":{"@id":"https:\/\/districos.standingout.be\/fr\/product\/set-hot-stone-76-pierres-ref-8404-691\/#breadcrumb"},"inLanguage":"fr-FR","potentialAction":[{"@type":"ReadAction","target":["https:\/\/districos.standingout.be\/fr\/product\/set-hot-stone-76-pierres-ref-8404-691\/"]}]},{"@type":"ImageObject","inLanguage":"fr-FR","@id":"https:\/\/districos.standingout.be\/fr\/product\/set-hot-stone-76-pierres-ref-8404-691\/#primaryimage","url":"https:\/\/districos.standingout.be\/wp-content\/uploads\/2026\/01\/8404.691@LowRes_0_99.png","contentUrl":"https:\/\/districos.standingout.be\/wp-content\/uploads\/2026\/01\/8404.691@LowRes_0_99.png","width":600,"height":600},{"@type":"BreadcrumbList","@id":"https:\/\/districos.standingout.be\/fr\/product\/set-hot-stone-76-pierres-ref-8404-691\/#breadcrumb","itemListElement":[{"@type":"ListItem","position":1,"name":"Home","item":"https:\/\/districos.standingout.be\/fr\/bienvenue-chez-districos\/"},{"@type":"ListItem","position":2,"name":"Boutique","item":"https:\/\/districos.standingout.be\/fr\/boutique\/"},{"@type":"ListItem","position":3,"name":"Set Hot Stone 76 Pierres"}]},{"@type":"WebSite","@id":"https:\/\/districos.standingout.be\/fr\/#website","url":"https:\/\/districos.standingout.be\/fr\/","name":"Districos Webshop","description":"","publisher":{"@id":"https:\/\/districos.standingout.be\/fr\/#organization"},"potentialAction":[{"@type":"SearchAction","target":{"@type":"EntryPoint","urlTemplate":"https:\/\/districos.standingout.be\/fr\/?s={search_term_string}"},"query-input":{"@type":"PropertyValueSpecification","valueRequired":true,"valueName":"search_term_string"}}],"inLanguage":"fr-FR"},{"@type":"Organization","@id":"https:\/\/districos.standingout.be\/fr\/#organization","name":"Districos Webshop","url":"https:\/\/districos.standingout.be\/fr\/","logo":{"@type":"ImageObject","inLanguage":"fr-FR","@id":"https:\/\/districos.standingout.be\/fr\/#\/schema\/logo\/image\/","url":"https:\/\/districos.standingout.be\/wp-content\/uploads\/2022\/09\/Districos_Logo_Webshop.svg","contentUrl":"https:\/\/districos.standingout.be\/wp-content\/uploads\/2022\/09\/Districos_Logo_Webshop.svg","caption":"Districos Webshop"},"image":{"@id":"https:\/\/districos.standingout.be\/fr\/#\/schema\/logo\/image\/"}}]}},"_links":{"self":[{"href":"https:\/\/districos.standingout.be\/fr\/wp-json\/wp\/v2\/product\/138331","targetHints":{"allow":["GET"]}}],"collection":[{"href":"https:\/\/districos.standingout.be\/fr\/wp-json\/wp\/v2\/product"}],"about":[{"href":"https:\/\/districos.standingout.be\/fr\/wp-json\/wp\/v2\/types\/product"}],"replies":[{"embeddable":true,"href":"https:\/\/districos.standingout.be\/fr\/wp-json\/wp\/v2\/comments?post=138331"}],"wp:featuredmedia":[{"embeddable":true,"href":"https:\/\/districos.standingout.be\/fr\/wp-json\/wp\/v2\/media\/91010"}],"wp:attachment":[{"href":"https:\/\/districos.standingout.be\/fr\/wp-json\/wp\/v2\/media?parent=138331"}],"wp:term":[{"taxonomy":"product_brand","embeddable":true,"href":"https:\/\/districos.standingout.be\/fr\/wp-json\/wp\/v2\/product_brand?post=138331"},{"taxonomy":"product_cat","embeddable":true,"href":"https:\/\/districos.standingout.be\/fr\/wp-json\/wp\/v2\/product_cat?post=138331"},{"taxonomy":"product_tag","embeddable":true,"href":"https:\/\/districos.standingout.be\/fr\/wp-json\/wp\/v2\/product_tag?post=138331"}],"curies":[{"name":"wp","href":"https:\/\/api.w.org\/{rel}","templated":true}]}}