{"id":138333,"date":"2026-04-28T11:09:01","date_gmt":"2026-04-28T09:09:01","guid":{"rendered":"https:\/\/webshopdistricoscom.webhosting.be\/product\/set-hot-stone-28-pierres-ref-8404-695\/"},"modified":"2026-04-28T11:09:04","modified_gmt":"2026-04-28T09:09:04","slug":"set-hot-stone-28-pierres-ref-8404-695","status":"publish","type":"product","link":"https:\/\/districos.standingout.be\/fr\/product\/set-hot-stone-28-pierres-ref-8404-695\/","title":{"rendered":"Set Hot Stone 28 Pierres"},"content":{"rendered":"<p > Cet ensemble compact de 28 pierres de massage aux pierres chaudes est id\u00e9al pour un massage corporel complet d&rsquo;environ 45 \u00e0 60 minutes sur la t\u00eate, le visage, le cou, le dos, les bras, les jambes et les pieds. Chauffez les pierres \u00e0 environ 55 \u00b0C et offrez \u00e0 votre client un massage aux pierres chaudes apaisant.<\/p>\n<p>Contenu :<\/p>\n<ul>\n<li>8 pierres de basalte ovales de grande taille pour le corps<\/li>\n<\/ul>\n<p> &nbsp;&nbsp;&nbsp;&nbsp;&nbsp;&nbsp;&nbsp;&nbsp;&nbsp;&nbsp;&nbsp;&nbsp;&nbsp;&nbsp;&nbsp;&nbsp;&nbsp;&nbsp;4 pour le dos et 4 pour les cuisses<\/p>\n<ul>\n<li><span>12 pierres de basalte ovales de taille moyenne pour le corps<\/span><\/li>\n<\/ul>\n<p>&nbsp; &nbsp; &nbsp; &nbsp; &nbsp;&nbsp; &nbsp; &nbsp;&nbsp;&nbsp;&nbsp;4 pour les mollets, 2 pour les pieds, 4 pour les bras, 2 pour les paumes<\/p>\n<ul>\n<li>4 petites pierres de basalte pour le corps<\/li>\n<\/ul>\n<p> &nbsp;&nbsp;&nbsp;&nbsp;&nbsp;&nbsp;&nbsp;&nbsp;&nbsp;&nbsp;&nbsp;&nbsp;&nbsp;&nbsp;&nbsp;&nbsp;&nbsp;&nbsp;2 pour le front et 2 pour le sommet de la t\u00eate<\/p>\n<ul>\n<li>4 pierres de basalte allong\u00e9es pour le massage des points de pression<\/li>\n<li><span>1 belle bo\u00eete de rangement en bambou<\/span>&nbsp;<\/li>\n<\/ul>\n","protected":false},"excerpt":{"rendered":"<p>Cet ensemble compact de 28 pierres de massage aux pierres chaudes est id\u00e9al pour un massage corporel complet d&rsquo;environ 45 \u00e0 60 minutes sur la t\u00eate, le visage, le cou, le dos, les bras, les jambes et les pieds. Chauffez les pierres \u00e0 environ 55 \u00b0C et offrez \u00e0 votre client un massage aux pierres [&hellip;]<\/p>\n","protected":false},"featured_media":147872,"comment_status":"open","ping_status":"closed","template":"","meta":{"_acf_changed":false},"product_brand":[10380],"product_cat":[9874],"product_tag":[],"class_list":{"0":"post-138333","1":"product","2":"type-product","3":"status-publish","4":"has-post-thumbnail","6":"product_brand-districos-fr","7":"product_cat-beaute-corps-massage","9":"first","10":"instock","11":"taxable","12":"shipping-taxable","13":"product-type-simple"},"acf":[],"yoast_head":"<!-- This site is optimized with the Yoast SEO plugin v27.3 - https:\/\/yoast.com\/product\/yoast-seo-wordpress\/ -->\n<title>Set Hot Stone 28 Pierres - Districos Webshop<\/title>\n<meta name=\"robots\" content=\"noindex, follow, max-snippet:-1, max-image-preview:large, max-video-preview:-1\" \/>\n<meta property=\"og:locale\" content=\"fr_FR\" \/>\n<meta property=\"og:type\" content=\"article\" \/>\n<meta property=\"og:title\" content=\"Set Hot Stone 28 Pierres - Districos Webshop\" \/>\n<meta property=\"og:description\" content=\"Cet ensemble compact de 28 pierres de massage aux pierres chaudes est id\u00e9al pour un massage corporel complet d&rsquo;environ 45 \u00e0 60 minutes sur la t\u00eate, le visage, le cou, le dos, les bras, les jambes et les pieds. Chauffez les pierres \u00e0 environ 55 \u00b0C et offrez \u00e0 votre client un massage aux pierres [&hellip;]\" \/>\n<meta property=\"og:url\" content=\"https:\/\/districos.standingout.be\/fr\/product\/set-hot-stone-28-pierres-ref-8404-695\/\" \/>\n<meta property=\"og:site_name\" content=\"Districos Webshop\" \/>\n<meta property=\"article:modified_time\" content=\"2026-04-28T09:09:04+00:00\" \/>\n<meta name=\"twitter:card\" content=\"summary_large_image\" \/>\n<meta name=\"twitter:label1\" content=\"Dur\u00e9e de lecture estim\u00e9e\" \/>\n\t<meta name=\"twitter:data1\" content=\"1 minute\" \/>\n<script type=\"application\/ld+json\" class=\"yoast-schema-graph\">{\"@context\":\"https:\\\/\\\/schema.org\",\"@graph\":[{\"@type\":\"WebPage\",\"@id\":\"https:\\\/\\\/districos.standingout.be\\\/fr\\\/product\\\/set-hot-stone-28-pierres-ref-8404-695\\\/\",\"url\":\"https:\\\/\\\/districos.standingout.be\\\/fr\\\/product\\\/set-hot-stone-28-pierres-ref-8404-695\\\/\",\"name\":\"Set Hot Stone 28 Pierres - Districos Webshop\",\"isPartOf\":{\"@id\":\"https:\\\/\\\/districos.standingout.be\\\/fr\\\/#website\"},\"primaryImageOfPage\":{\"@id\":\"https:\\\/\\\/districos.standingout.be\\\/fr\\\/product\\\/set-hot-stone-28-pierres-ref-8404-695\\\/#primaryimage\"},\"image\":{\"@id\":\"https:\\\/\\\/districos.standingout.be\\\/fr\\\/product\\\/set-hot-stone-28-pierres-ref-8404-695\\\/#primaryimage\"},\"thumbnailUrl\":\"https:\\\/\\\/districos.standingout.be\\\/wp-content\\\/uploads\\\/2026\\\/04\\\/8404.695@Hot-Stone-Set-28-Stenen_1-1.png\",\"datePublished\":\"2026-04-28T09:09:01+00:00\",\"dateModified\":\"2026-04-28T09:09:04+00:00\",\"breadcrumb\":{\"@id\":\"https:\\\/\\\/districos.standingout.be\\\/fr\\\/product\\\/set-hot-stone-28-pierres-ref-8404-695\\\/#breadcrumb\"},\"inLanguage\":\"fr-FR\",\"potentialAction\":[{\"@type\":\"ReadAction\",\"target\":[\"https:\\\/\\\/districos.standingout.be\\\/fr\\\/product\\\/set-hot-stone-28-pierres-ref-8404-695\\\/\"]}]},{\"@type\":\"ImageObject\",\"inLanguage\":\"fr-FR\",\"@id\":\"https:\\\/\\\/districos.standingout.be\\\/fr\\\/product\\\/set-hot-stone-28-pierres-ref-8404-695\\\/#primaryimage\",\"url\":\"https:\\\/\\\/districos.standingout.be\\\/wp-content\\\/uploads\\\/2026\\\/04\\\/8404.695@Hot-Stone-Set-28-Stenen_1-1.png\",\"contentUrl\":\"https:\\\/\\\/districos.standingout.be\\\/wp-content\\\/uploads\\\/2026\\\/04\\\/8404.695@Hot-Stone-Set-28-Stenen_1-1.png\",\"width\":600,\"height\":600},{\"@type\":\"BreadcrumbList\",\"@id\":\"https:\\\/\\\/districos.standingout.be\\\/fr\\\/product\\\/set-hot-stone-28-pierres-ref-8404-695\\\/#breadcrumb\",\"itemListElement\":[{\"@type\":\"ListItem\",\"position\":1,\"name\":\"Home\",\"item\":\"https:\\\/\\\/districos.standingout.be\\\/fr\\\/bienvenue-chez-districos\\\/\"},{\"@type\":\"ListItem\",\"position\":2,\"name\":\"Boutique\",\"item\":\"https:\\\/\\\/districos.standingout.be\\\/fr\\\/boutique\\\/\"},{\"@type\":\"ListItem\",\"position\":3,\"name\":\"Set Hot Stone 28 Pierres\"}]},{\"@type\":\"WebSite\",\"@id\":\"https:\\\/\\\/districos.standingout.be\\\/fr\\\/#website\",\"url\":\"https:\\\/\\\/districos.standingout.be\\\/fr\\\/\",\"name\":\"Districos Webshop\",\"description\":\"\",\"publisher\":{\"@id\":\"https:\\\/\\\/districos.standingout.be\\\/fr\\\/#organization\"},\"potentialAction\":[{\"@type\":\"SearchAction\",\"target\":{\"@type\":\"EntryPoint\",\"urlTemplate\":\"https:\\\/\\\/districos.standingout.be\\\/fr\\\/?s={search_term_string}\"},\"query-input\":{\"@type\":\"PropertyValueSpecification\",\"valueRequired\":true,\"valueName\":\"search_term_string\"}}],\"inLanguage\":\"fr-FR\"},{\"@type\":\"Organization\",\"@id\":\"https:\\\/\\\/districos.standingout.be\\\/fr\\\/#organization\",\"name\":\"Districos Webshop\",\"url\":\"https:\\\/\\\/districos.standingout.be\\\/fr\\\/\",\"logo\":{\"@type\":\"ImageObject\",\"inLanguage\":\"fr-FR\",\"@id\":\"https:\\\/\\\/districos.standingout.be\\\/fr\\\/#\\\/schema\\\/logo\\\/image\\\/\",\"url\":\"https:\\\/\\\/districos.standingout.be\\\/wp-content\\\/uploads\\\/2022\\\/09\\\/Districos_Logo_Webshop.svg\",\"contentUrl\":\"https:\\\/\\\/districos.standingout.be\\\/wp-content\\\/uploads\\\/2022\\\/09\\\/Districos_Logo_Webshop.svg\",\"caption\":\"Districos Webshop\"},\"image\":{\"@id\":\"https:\\\/\\\/districos.standingout.be\\\/fr\\\/#\\\/schema\\\/logo\\\/image\\\/\"}}]}<\/script>\n<!-- \/ Yoast SEO plugin. -->","yoast_head_json":{"title":"Set Hot Stone 28 Pierres - Districos Webshop","robots":{"index":"noindex","follow":"follow","max-snippet":"max-snippet:-1","max-image-preview":"max-image-preview:large","max-video-preview":"max-video-preview:-1"},"og_locale":"fr_FR","og_type":"article","og_title":"Set Hot Stone 28 Pierres - Districos Webshop","og_description":"Cet ensemble compact de 28 pierres de massage aux pierres chaudes est id\u00e9al pour un massage corporel complet d&rsquo;environ 45 \u00e0 60 minutes sur la t\u00eate, le visage, le cou, le dos, les bras, les jambes et les pieds. Chauffez les pierres \u00e0 environ 55 \u00b0C et offrez \u00e0 votre client un massage aux pierres [&hellip;]","og_url":"https:\/\/districos.standingout.be\/fr\/product\/set-hot-stone-28-pierres-ref-8404-695\/","og_site_name":"Districos Webshop","article_modified_time":"2026-04-28T09:09:04+00:00","twitter_card":"summary_large_image","twitter_misc":{"Dur\u00e9e de lecture estim\u00e9e":"1 minute"},"schema":{"@context":"https:\/\/schema.org","@graph":[{"@type":"WebPage","@id":"https:\/\/districos.standingout.be\/fr\/product\/set-hot-stone-28-pierres-ref-8404-695\/","url":"https:\/\/districos.standingout.be\/fr\/product\/set-hot-stone-28-pierres-ref-8404-695\/","name":"Set Hot Stone 28 Pierres - Districos Webshop","isPartOf":{"@id":"https:\/\/districos.standingout.be\/fr\/#website"},"primaryImageOfPage":{"@id":"https:\/\/districos.standingout.be\/fr\/product\/set-hot-stone-28-pierres-ref-8404-695\/#primaryimage"},"image":{"@id":"https:\/\/districos.standingout.be\/fr\/product\/set-hot-stone-28-pierres-ref-8404-695\/#primaryimage"},"thumbnailUrl":"https:\/\/districos.standingout.be\/wp-content\/uploads\/2026\/04\/8404.695@Hot-Stone-Set-28-Stenen_1-1.png","datePublished":"2026-04-28T09:09:01+00:00","dateModified":"2026-04-28T09:09:04+00:00","breadcrumb":{"@id":"https:\/\/districos.standingout.be\/fr\/product\/set-hot-stone-28-pierres-ref-8404-695\/#breadcrumb"},"inLanguage":"fr-FR","potentialAction":[{"@type":"ReadAction","target":["https:\/\/districos.standingout.be\/fr\/product\/set-hot-stone-28-pierres-ref-8404-695\/"]}]},{"@type":"ImageObject","inLanguage":"fr-FR","@id":"https:\/\/districos.standingout.be\/fr\/product\/set-hot-stone-28-pierres-ref-8404-695\/#primaryimage","url":"https:\/\/districos.standingout.be\/wp-content\/uploads\/2026\/04\/8404.695@Hot-Stone-Set-28-Stenen_1-1.png","contentUrl":"https:\/\/districos.standingout.be\/wp-content\/uploads\/2026\/04\/8404.695@Hot-Stone-Set-28-Stenen_1-1.png","width":600,"height":600},{"@type":"BreadcrumbList","@id":"https:\/\/districos.standingout.be\/fr\/product\/set-hot-stone-28-pierres-ref-8404-695\/#breadcrumb","itemListElement":[{"@type":"ListItem","position":1,"name":"Home","item":"https:\/\/districos.standingout.be\/fr\/bienvenue-chez-districos\/"},{"@type":"ListItem","position":2,"name":"Boutique","item":"https:\/\/districos.standingout.be\/fr\/boutique\/"},{"@type":"ListItem","position":3,"name":"Set Hot Stone 28 Pierres"}]},{"@type":"WebSite","@id":"https:\/\/districos.standingout.be\/fr\/#website","url":"https:\/\/districos.standingout.be\/fr\/","name":"Districos Webshop","description":"","publisher":{"@id":"https:\/\/districos.standingout.be\/fr\/#organization"},"potentialAction":[{"@type":"SearchAction","target":{"@type":"EntryPoint","urlTemplate":"https:\/\/districos.standingout.be\/fr\/?s={search_term_string}"},"query-input":{"@type":"PropertyValueSpecification","valueRequired":true,"valueName":"search_term_string"}}],"inLanguage":"fr-FR"},{"@type":"Organization","@id":"https:\/\/districos.standingout.be\/fr\/#organization","name":"Districos Webshop","url":"https:\/\/districos.standingout.be\/fr\/","logo":{"@type":"ImageObject","inLanguage":"fr-FR","@id":"https:\/\/districos.standingout.be\/fr\/#\/schema\/logo\/image\/","url":"https:\/\/districos.standingout.be\/wp-content\/uploads\/2022\/09\/Districos_Logo_Webshop.svg","contentUrl":"https:\/\/districos.standingout.be\/wp-content\/uploads\/2022\/09\/Districos_Logo_Webshop.svg","caption":"Districos Webshop"},"image":{"@id":"https:\/\/districos.standingout.be\/fr\/#\/schema\/logo\/image\/"}}]}},"_links":{"self":[{"href":"https:\/\/districos.standingout.be\/fr\/wp-json\/wp\/v2\/product\/138333","targetHints":{"allow":["GET"]}}],"collection":[{"href":"https:\/\/districos.standingout.be\/fr\/wp-json\/wp\/v2\/product"}],"about":[{"href":"https:\/\/districos.standingout.be\/fr\/wp-json\/wp\/v2\/types\/product"}],"replies":[{"embeddable":true,"href":"https:\/\/districos.standingout.be\/fr\/wp-json\/wp\/v2\/comments?post=138333"}],"wp:featuredmedia":[{"embeddable":true,"href":"https:\/\/districos.standingout.be\/fr\/wp-json\/wp\/v2\/media\/147872"}],"wp:attachment":[{"href":"https:\/\/districos.standingout.be\/fr\/wp-json\/wp\/v2\/media?parent=138333"}],"wp:term":[{"taxonomy":"product_brand","embeddable":true,"href":"https:\/\/districos.standingout.be\/fr\/wp-json\/wp\/v2\/product_brand?post=138333"},{"taxonomy":"product_cat","embeddable":true,"href":"https:\/\/districos.standingout.be\/fr\/wp-json\/wp\/v2\/product_cat?post=138333"},{"taxonomy":"product_tag","embeddable":true,"href":"https:\/\/districos.standingout.be\/fr\/wp-json\/wp\/v2\/product_tag?post=138333"}],"curies":[{"name":"wp","href":"https:\/\/api.w.org\/{rel}","templated":true}]}}