{"id":138351,"date":"2026-04-28T11:09:24","date_gmt":"2026-04-28T09:09:24","guid":{"rendered":"https:\/\/webshopdistricoscom.webhosting.be\/product\/sacs-en-plastique-pour-bain-de-pieds-spa-haut-25-pcs-ref-8404-831\/"},"modified":"2026-04-28T11:09:25","modified_gmt":"2026-04-28T09:09:25","slug":"sacs-en-plastique-pour-bain-de-pieds-spa-haut-25-pcs-ref-8404-831","status":"publish","type":"product","link":"https:\/\/districos.standingout.be\/fr\/product\/sacs-en-plastique-pour-bain-de-pieds-spa-haut-25-pcs-ref-8404-831\/","title":{"rendered":"Sacs en Plastique pour Bain de Pieds Spa Haut 25 pcs."},"content":{"rendered":"<p >\n<p dir=ltr>Sacs en plastique pour le bain de pieds spa en bois que vous pouvez remplacer apr\u00e8s chaque client(e). De cette mani\u00e8re vous \u00e9vitez tout risque de transfert de mycoses et de bact\u00e9ries. Vous ne devez d\u00e9sormais plus consacrer de temps au nettoyage de votre bain de pieds. Bref, \u00e7a sert donc \u00e0 une hygi\u00e8ne optimale ! <\/p>\n<p> Emballage: 25 pi\u00e8ces sur rouleau<\/p><\/p>\n","protected":false},"excerpt":{"rendered":"<p>Sacs en plastique pour le bain de pieds spa en bois que vous pouvez remplacer apr\u00e8s chaque client(e). De cette mani\u00e8re vous \u00e9vitez tout risque de transfert de mycoses et de bact\u00e9ries. Vous ne devez d\u00e9sormais plus consacrer de temps au nettoyage de votre bain de pieds. Bref, \u00e7a sert donc \u00e0 une hygi\u00e8ne optimale [&hellip;]<\/p>\n","protected":false},"featured_media":81020,"comment_status":"open","ping_status":"closed","template":"","meta":{"_acf_changed":false},"product_brand":[10380],"product_cat":[9960,10066,10233],"product_tag":[],"class_list":{"0":"post-138351","1":"product","2":"type-product","3":"status-publish","4":"has-post-thumbnail","6":"product_brand-districos-fr","7":"product_cat-beaute-pedicure-amenagement-du-cabinet","8":"product_cat-soins-des-pieds-podologie-amenagement-du-cabinet-fauteuils-de-traitement","9":"product_cat-amenagement-fauteuils-de-traitement-pedicure","11":"first","12":"instock","13":"taxable","14":"shipping-taxable","15":"product-type-simple"},"acf":[],"yoast_head":"<!-- This site is optimized with the Yoast SEO plugin v27.3 - https:\/\/yoast.com\/product\/yoast-seo-wordpress\/ -->\n<title>Sacs en Plastique pour Bain de Pieds Spa Haut 25 pcs. - Districos Webshop<\/title>\n<meta name=\"robots\" content=\"noindex, follow, max-snippet:-1, max-image-preview:large, max-video-preview:-1\" \/>\n<meta property=\"og:locale\" content=\"fr_FR\" \/>\n<meta property=\"og:type\" content=\"article\" \/>\n<meta property=\"og:title\" content=\"Sacs en Plastique pour Bain de Pieds Spa Haut 25 pcs. - Districos Webshop\" \/>\n<meta property=\"og:description\" content=\"Sacs en plastique pour le bain de pieds spa en bois que vous pouvez remplacer apr\u00e8s chaque client(e). De cette mani\u00e8re vous \u00e9vitez tout risque de transfert de mycoses et de bact\u00e9ries. Vous ne devez d\u00e9sormais plus consacrer de temps au nettoyage de votre bain de pieds. Bref, \u00e7a sert donc \u00e0 une hygi\u00e8ne optimale [&hellip;]\" \/>\n<meta property=\"og:url\" content=\"https:\/\/districos.standingout.be\/fr\/product\/sacs-en-plastique-pour-bain-de-pieds-spa-haut-25-pcs-ref-8404-831\/\" \/>\n<meta property=\"og:site_name\" content=\"Districos Webshop\" \/>\n<meta property=\"article:modified_time\" content=\"2026-04-28T09:09:25+00:00\" \/>\n<meta name=\"twitter:card\" content=\"summary_large_image\" \/>\n<script type=\"application\/ld+json\" class=\"yoast-schema-graph\">{\"@context\":\"https:\\\/\\\/schema.org\",\"@graph\":[{\"@type\":\"WebPage\",\"@id\":\"https:\\\/\\\/districos.standingout.be\\\/fr\\\/product\\\/sacs-en-plastique-pour-bain-de-pieds-spa-haut-25-pcs-ref-8404-831\\\/\",\"url\":\"https:\\\/\\\/districos.standingout.be\\\/fr\\\/product\\\/sacs-en-plastique-pour-bain-de-pieds-spa-haut-25-pcs-ref-8404-831\\\/\",\"name\":\"Sacs en Plastique pour Bain de Pieds Spa Haut 25 pcs. - Districos Webshop\",\"isPartOf\":{\"@id\":\"https:\\\/\\\/districos.standingout.be\\\/fr\\\/#website\"},\"primaryImageOfPage\":{\"@id\":\"https:\\\/\\\/districos.standingout.be\\\/fr\\\/product\\\/sacs-en-plastique-pour-bain-de-pieds-spa-haut-25-pcs-ref-8404-831\\\/#primaryimage\"},\"image\":{\"@id\":\"https:\\\/\\\/districos.standingout.be\\\/fr\\\/product\\\/sacs-en-plastique-pour-bain-de-pieds-spa-haut-25-pcs-ref-8404-831\\\/#primaryimage\"},\"thumbnailUrl\":\"https:\\\/\\\/districos.standingout.be\\\/wp-content\\\/uploads\\\/2025\\\/07\\\/8404.831@LowRes_1_0.png\",\"datePublished\":\"2026-04-28T09:09:24+00:00\",\"dateModified\":\"2026-04-28T09:09:25+00:00\",\"breadcrumb\":{\"@id\":\"https:\\\/\\\/districos.standingout.be\\\/fr\\\/product\\\/sacs-en-plastique-pour-bain-de-pieds-spa-haut-25-pcs-ref-8404-831\\\/#breadcrumb\"},\"inLanguage\":\"fr-FR\",\"potentialAction\":[{\"@type\":\"ReadAction\",\"target\":[\"https:\\\/\\\/districos.standingout.be\\\/fr\\\/product\\\/sacs-en-plastique-pour-bain-de-pieds-spa-haut-25-pcs-ref-8404-831\\\/\"]}]},{\"@type\":\"ImageObject\",\"inLanguage\":\"fr-FR\",\"@id\":\"https:\\\/\\\/districos.standingout.be\\\/fr\\\/product\\\/sacs-en-plastique-pour-bain-de-pieds-spa-haut-25-pcs-ref-8404-831\\\/#primaryimage\",\"url\":\"https:\\\/\\\/districos.standingout.be\\\/wp-content\\\/uploads\\\/2025\\\/07\\\/8404.831@LowRes_1_0.png\",\"contentUrl\":\"https:\\\/\\\/districos.standingout.be\\\/wp-content\\\/uploads\\\/2025\\\/07\\\/8404.831@LowRes_1_0.png\",\"width\":600,\"height\":600},{\"@type\":\"BreadcrumbList\",\"@id\":\"https:\\\/\\\/districos.standingout.be\\\/fr\\\/product\\\/sacs-en-plastique-pour-bain-de-pieds-spa-haut-25-pcs-ref-8404-831\\\/#breadcrumb\",\"itemListElement\":[{\"@type\":\"ListItem\",\"position\":1,\"name\":\"Home\",\"item\":\"https:\\\/\\\/districos.standingout.be\\\/fr\\\/bienvenue-chez-districos\\\/\"},{\"@type\":\"ListItem\",\"position\":2,\"name\":\"Boutique\",\"item\":\"https:\\\/\\\/districos.standingout.be\\\/fr\\\/boutique\\\/\"},{\"@type\":\"ListItem\",\"position\":3,\"name\":\"Sacs en Plastique pour Bain de Pieds Spa Haut 25 pcs.\"}]},{\"@type\":\"WebSite\",\"@id\":\"https:\\\/\\\/districos.standingout.be\\\/fr\\\/#website\",\"url\":\"https:\\\/\\\/districos.standingout.be\\\/fr\\\/\",\"name\":\"Districos Webshop\",\"description\":\"\",\"publisher\":{\"@id\":\"https:\\\/\\\/districos.standingout.be\\\/fr\\\/#organization\"},\"potentialAction\":[{\"@type\":\"SearchAction\",\"target\":{\"@type\":\"EntryPoint\",\"urlTemplate\":\"https:\\\/\\\/districos.standingout.be\\\/fr\\\/?s={search_term_string}\"},\"query-input\":{\"@type\":\"PropertyValueSpecification\",\"valueRequired\":true,\"valueName\":\"search_term_string\"}}],\"inLanguage\":\"fr-FR\"},{\"@type\":\"Organization\",\"@id\":\"https:\\\/\\\/districos.standingout.be\\\/fr\\\/#organization\",\"name\":\"Districos Webshop\",\"url\":\"https:\\\/\\\/districos.standingout.be\\\/fr\\\/\",\"logo\":{\"@type\":\"ImageObject\",\"inLanguage\":\"fr-FR\",\"@id\":\"https:\\\/\\\/districos.standingout.be\\\/fr\\\/#\\\/schema\\\/logo\\\/image\\\/\",\"url\":\"https:\\\/\\\/districos.standingout.be\\\/wp-content\\\/uploads\\\/2022\\\/09\\\/Districos_Logo_Webshop.svg\",\"contentUrl\":\"https:\\\/\\\/districos.standingout.be\\\/wp-content\\\/uploads\\\/2022\\\/09\\\/Districos_Logo_Webshop.svg\",\"caption\":\"Districos Webshop\"},\"image\":{\"@id\":\"https:\\\/\\\/districos.standingout.be\\\/fr\\\/#\\\/schema\\\/logo\\\/image\\\/\"}}]}<\/script>\n<!-- \/ Yoast SEO plugin. -->","yoast_head_json":{"title":"Sacs en Plastique pour Bain de Pieds Spa Haut 25 pcs. - Districos Webshop","robots":{"index":"noindex","follow":"follow","max-snippet":"max-snippet:-1","max-image-preview":"max-image-preview:large","max-video-preview":"max-video-preview:-1"},"og_locale":"fr_FR","og_type":"article","og_title":"Sacs en Plastique pour Bain de Pieds Spa Haut 25 pcs. - Districos Webshop","og_description":"Sacs en plastique pour le bain de pieds spa en bois que vous pouvez remplacer apr\u00e8s chaque client(e). De cette mani\u00e8re vous \u00e9vitez tout risque de transfert de mycoses et de bact\u00e9ries. Vous ne devez d\u00e9sormais plus consacrer de temps au nettoyage de votre bain de pieds. Bref, \u00e7a sert donc \u00e0 une hygi\u00e8ne optimale [&hellip;]","og_url":"https:\/\/districos.standingout.be\/fr\/product\/sacs-en-plastique-pour-bain-de-pieds-spa-haut-25-pcs-ref-8404-831\/","og_site_name":"Districos Webshop","article_modified_time":"2026-04-28T09:09:25+00:00","twitter_card":"summary_large_image","schema":{"@context":"https:\/\/schema.org","@graph":[{"@type":"WebPage","@id":"https:\/\/districos.standingout.be\/fr\/product\/sacs-en-plastique-pour-bain-de-pieds-spa-haut-25-pcs-ref-8404-831\/","url":"https:\/\/districos.standingout.be\/fr\/product\/sacs-en-plastique-pour-bain-de-pieds-spa-haut-25-pcs-ref-8404-831\/","name":"Sacs en Plastique pour Bain de Pieds Spa Haut 25 pcs. - Districos Webshop","isPartOf":{"@id":"https:\/\/districos.standingout.be\/fr\/#website"},"primaryImageOfPage":{"@id":"https:\/\/districos.standingout.be\/fr\/product\/sacs-en-plastique-pour-bain-de-pieds-spa-haut-25-pcs-ref-8404-831\/#primaryimage"},"image":{"@id":"https:\/\/districos.standingout.be\/fr\/product\/sacs-en-plastique-pour-bain-de-pieds-spa-haut-25-pcs-ref-8404-831\/#primaryimage"},"thumbnailUrl":"https:\/\/districos.standingout.be\/wp-content\/uploads\/2025\/07\/8404.831@LowRes_1_0.png","datePublished":"2026-04-28T09:09:24+00:00","dateModified":"2026-04-28T09:09:25+00:00","breadcrumb":{"@id":"https:\/\/districos.standingout.be\/fr\/product\/sacs-en-plastique-pour-bain-de-pieds-spa-haut-25-pcs-ref-8404-831\/#breadcrumb"},"inLanguage":"fr-FR","potentialAction":[{"@type":"ReadAction","target":["https:\/\/districos.standingout.be\/fr\/product\/sacs-en-plastique-pour-bain-de-pieds-spa-haut-25-pcs-ref-8404-831\/"]}]},{"@type":"ImageObject","inLanguage":"fr-FR","@id":"https:\/\/districos.standingout.be\/fr\/product\/sacs-en-plastique-pour-bain-de-pieds-spa-haut-25-pcs-ref-8404-831\/#primaryimage","url":"https:\/\/districos.standingout.be\/wp-content\/uploads\/2025\/07\/8404.831@LowRes_1_0.png","contentUrl":"https:\/\/districos.standingout.be\/wp-content\/uploads\/2025\/07\/8404.831@LowRes_1_0.png","width":600,"height":600},{"@type":"BreadcrumbList","@id":"https:\/\/districos.standingout.be\/fr\/product\/sacs-en-plastique-pour-bain-de-pieds-spa-haut-25-pcs-ref-8404-831\/#breadcrumb","itemListElement":[{"@type":"ListItem","position":1,"name":"Home","item":"https:\/\/districos.standingout.be\/fr\/bienvenue-chez-districos\/"},{"@type":"ListItem","position":2,"name":"Boutique","item":"https:\/\/districos.standingout.be\/fr\/boutique\/"},{"@type":"ListItem","position":3,"name":"Sacs en Plastique pour Bain de Pieds Spa Haut 25 pcs."}]},{"@type":"WebSite","@id":"https:\/\/districos.standingout.be\/fr\/#website","url":"https:\/\/districos.standingout.be\/fr\/","name":"Districos Webshop","description":"","publisher":{"@id":"https:\/\/districos.standingout.be\/fr\/#organization"},"potentialAction":[{"@type":"SearchAction","target":{"@type":"EntryPoint","urlTemplate":"https:\/\/districos.standingout.be\/fr\/?s={search_term_string}"},"query-input":{"@type":"PropertyValueSpecification","valueRequired":true,"valueName":"search_term_string"}}],"inLanguage":"fr-FR"},{"@type":"Organization","@id":"https:\/\/districos.standingout.be\/fr\/#organization","name":"Districos Webshop","url":"https:\/\/districos.standingout.be\/fr\/","logo":{"@type":"ImageObject","inLanguage":"fr-FR","@id":"https:\/\/districos.standingout.be\/fr\/#\/schema\/logo\/image\/","url":"https:\/\/districos.standingout.be\/wp-content\/uploads\/2022\/09\/Districos_Logo_Webshop.svg","contentUrl":"https:\/\/districos.standingout.be\/wp-content\/uploads\/2022\/09\/Districos_Logo_Webshop.svg","caption":"Districos Webshop"},"image":{"@id":"https:\/\/districos.standingout.be\/fr\/#\/schema\/logo\/image\/"}}]}},"_links":{"self":[{"href":"https:\/\/districos.standingout.be\/fr\/wp-json\/wp\/v2\/product\/138351","targetHints":{"allow":["GET"]}}],"collection":[{"href":"https:\/\/districos.standingout.be\/fr\/wp-json\/wp\/v2\/product"}],"about":[{"href":"https:\/\/districos.standingout.be\/fr\/wp-json\/wp\/v2\/types\/product"}],"replies":[{"embeddable":true,"href":"https:\/\/districos.standingout.be\/fr\/wp-json\/wp\/v2\/comments?post=138351"}],"wp:featuredmedia":[{"embeddable":true,"href":"https:\/\/districos.standingout.be\/fr\/wp-json\/wp\/v2\/media\/81020"}],"wp:attachment":[{"href":"https:\/\/districos.standingout.be\/fr\/wp-json\/wp\/v2\/media?parent=138351"}],"wp:term":[{"taxonomy":"product_brand","embeddable":true,"href":"https:\/\/districos.standingout.be\/fr\/wp-json\/wp\/v2\/product_brand?post=138351"},{"taxonomy":"product_cat","embeddable":true,"href":"https:\/\/districos.standingout.be\/fr\/wp-json\/wp\/v2\/product_cat?post=138351"},{"taxonomy":"product_tag","embeddable":true,"href":"https:\/\/districos.standingout.be\/fr\/wp-json\/wp\/v2\/product_tag?post=138351"}],"curies":[{"name":"wp","href":"https:\/\/api.w.org\/{rel}","templated":true}]}}