{"id":138353,"date":"2026-04-28T11:09:47","date_gmt":"2026-04-28T09:09:47","guid":{"rendered":"https:\/\/webshopdistricoscom.webhosting.be\/product\/cobra-luminanails-lampe-de-table-demi-lune-blanc-ref-8405-60\/"},"modified":"2026-04-28T11:09:51","modified_gmt":"2026-04-28T09:09:51","slug":"cobra-luminanails-lampe-de-table-demi-lune-blanc-ref-8405-60","status":"publish","type":"product","link":"https:\/\/districos.standingout.be\/fr\/product\/cobra-luminanails-lampe-de-table-demi-lune-blanc-ref-8405-60\/","title":{"rendered":"Cobra LuminaNails Lampe de Table Demi-Lune Blanc"},"content":{"rendered":"<p >\n<\/p>\n<\/p>\n<\/p>\n<p dir=\"ltr\"><b>L&rsquo;\u00c9CLAIRAGE PARFAIT POUR VOTRE TABLE DE MANUCURE !<\/b><\/p>\n<p dir=\"ltr\">\u00c9levez votre espace de travail avec <b>la lampe de table en demi-lune <span data-start=\"104\" data-end=\"150\">Cobra LuminaNails<\/span><\/b> \u2013 la lampe ultime pour les stylistes ongulaires et les professionnels de la beaut\u00e9, offrant une lumi\u00e8re claire et sans ombre ! Gr\u00e2ce \u00e0 son design \u00e9l\u00e9gant et \u00e0 sa luminosit\u00e9 r\u00e9glable et ses diff\u00e9rentes temp\u00e9ratures de couleur, vous cr\u00e9ez toujours l\u2019environnement de travail id\u00e9al. Fini la fatigue oculaire, seulement une lumi\u00e8re parfaite et uniforme pour un travail de pr\u00e9cision.<\/p>\n<p dir=\"ltr\"><b>Caract\u00e9ristiques :<\/b><\/p>\n<ul>\n<li>Design fin et moderne<\/li>\n<li>Couleur : blanc<\/li>\n<li>Source lumineuse : 364 LED<\/li>\n<li>Intensit\u00e9 lumineuse r\u00e9glable : 2800 lumen au maximum<\/li>\n<li>Temp\u00e9rature de couleur : 2700 &#8211; 5600 K (r\u00e9glable)<\/li>\n<li>R\u00e9glage continu de la luminosit\u00e9 et de la temp\u00e9rature de couleur via 2 boutons rotatifs<\/li>\n<li><span>Structure m\u00e9tallique robuste et durable<\/span><\/li>\n<li><span>CRI : 95+<\/span><\/li>\n<li><span>Dimensions : 75 x 6 x 44,3 cm (L x l x h)<\/span><\/li>\n<li><span>Poids :&nbsp;<\/span>1,8 kg<\/li>\n<li><span>Avec support pour smartphone (amovible)<\/span><\/li>\n<\/ul>\n<div><b>\u00c9galement disponible :<\/b><\/div>\n<div>\n<ul>\n<li>LuminaNails Lampe de Table Demi-Lune Noir (<a href=\"https:\/\/webshop.districos.com\/ProductDetail\/8405.61\" target=\"_blank\" rel=\"noopener noreferrer nofollow\">r\u00e9f. 8405.61<\/a>)<\/li>\n<li><span>LuminaLash Lamp Demi-Lune sur Pied Blanc (<a href=\"https:\/\/webshop.districos.com\/ProductDetail\/8405.70\" target=\"_blank\" rel=\"noopener noreferrer nofollow\">r\u00e9f. 8405.70<\/a>) ou Noir (<a href=\"https:\/\/webshop.districos.com\/ProductDetail\/8405.71\" target=\"_blank\" rel=\"noopener noreferrer nofollow\">r\u00e9f. 8405.71<\/a>)<\/span>&nbsp;<\/li>\n<\/ul>\n<\/div>\n","protected":false},"excerpt":{"rendered":"<p>L&rsquo;\u00c9CLAIRAGE PARFAIT POUR VOTRE TABLE DE MANUCURE ! \u00c9levez votre espace de travail avec la lampe de table en demi-lune Cobra LuminaNails \u2013 la lampe ultime pour les stylistes ongulaires et les professionnels de la beaut\u00e9, offrant une lumi\u00e8re claire et sans ombre ! Gr\u00e2ce \u00e0 son design \u00e9l\u00e9gant et \u00e0 sa luminosit\u00e9 r\u00e9glable et [&hellip;]<\/p>\n","protected":false},"featured_media":147880,"comment_status":"open","ping_status":"closed","template":"","meta":{"_acf_changed":false},"product_brand":[10334],"product_cat":[9862],"product_tag":[],"class_list":{"0":"post-138353","1":"product","2":"type-product","3":"status-publish","4":"has-post-thumbnail","6":"product_brand-cobra-fr","7":"product_cat-beaute-visage-equipement","9":"first","10":"instock","11":"taxable","12":"shipping-taxable","13":"product-type-simple"},"acf":[],"yoast_head":"<!-- This site is optimized with the Yoast SEO plugin v27.3 - https:\/\/yoast.com\/product\/yoast-seo-wordpress\/ -->\n<title>Cobra LuminaNails Lampe de Table Demi-Lune Blanc - Districos Webshop<\/title>\n<meta name=\"robots\" content=\"noindex, follow, max-snippet:-1, max-image-preview:large, max-video-preview:-1\" \/>\n<meta property=\"og:locale\" content=\"fr_FR\" \/>\n<meta property=\"og:type\" content=\"article\" \/>\n<meta property=\"og:title\" content=\"Cobra LuminaNails Lampe de Table Demi-Lune Blanc - Districos Webshop\" \/>\n<meta property=\"og:description\" content=\"L&rsquo;\u00c9CLAIRAGE PARFAIT POUR VOTRE TABLE DE MANUCURE ! \u00c9levez votre espace de travail avec la lampe de table en demi-lune Cobra LuminaNails \u2013 la lampe ultime pour les stylistes ongulaires et les professionnels de la beaut\u00e9, offrant une lumi\u00e8re claire et sans ombre ! Gr\u00e2ce \u00e0 son design \u00e9l\u00e9gant et \u00e0 sa luminosit\u00e9 r\u00e9glable et [&hellip;]\" \/>\n<meta property=\"og:url\" content=\"https:\/\/districos.standingout.be\/fr\/product\/cobra-luminanails-lampe-de-table-demi-lune-blanc-ref-8405-60\/\" \/>\n<meta property=\"og:site_name\" content=\"Districos Webshop\" \/>\n<meta property=\"article:modified_time\" content=\"2026-04-28T09:09:51+00:00\" \/>\n<meta name=\"twitter:card\" content=\"summary_large_image\" \/>\n<meta name=\"twitter:label1\" content=\"Dur\u00e9e de lecture estim\u00e9e\" \/>\n\t<meta name=\"twitter:data1\" content=\"1 minute\" \/>\n<script type=\"application\/ld+json\" class=\"yoast-schema-graph\">{\"@context\":\"https:\\\/\\\/schema.org\",\"@graph\":[{\"@type\":\"WebPage\",\"@id\":\"https:\\\/\\\/districos.standingout.be\\\/fr\\\/product\\\/cobra-luminanails-lampe-de-table-demi-lune-blanc-ref-8405-60\\\/\",\"url\":\"https:\\\/\\\/districos.standingout.be\\\/fr\\\/product\\\/cobra-luminanails-lampe-de-table-demi-lune-blanc-ref-8405-60\\\/\",\"name\":\"Cobra LuminaNails Lampe de Table Demi-Lune Blanc - Districos Webshop\",\"isPartOf\":{\"@id\":\"https:\\\/\\\/districos.standingout.be\\\/fr\\\/#website\"},\"primaryImageOfPage\":{\"@id\":\"https:\\\/\\\/districos.standingout.be\\\/fr\\\/product\\\/cobra-luminanails-lampe-de-table-demi-lune-blanc-ref-8405-60\\\/#primaryimage\"},\"image\":{\"@id\":\"https:\\\/\\\/districos.standingout.be\\\/fr\\\/product\\\/cobra-luminanails-lampe-de-table-demi-lune-blanc-ref-8405-60\\\/#primaryimage\"},\"thumbnailUrl\":\"https:\\\/\\\/districos.standingout.be\\\/wp-content\\\/uploads\\\/2026\\\/04\\\/8405.60@Cobra-LuminaNails-Half-Moon-Tafellamp-Wit_1-1.png\",\"datePublished\":\"2026-04-28T09:09:47+00:00\",\"dateModified\":\"2026-04-28T09:09:51+00:00\",\"breadcrumb\":{\"@id\":\"https:\\\/\\\/districos.standingout.be\\\/fr\\\/product\\\/cobra-luminanails-lampe-de-table-demi-lune-blanc-ref-8405-60\\\/#breadcrumb\"},\"inLanguage\":\"fr-FR\",\"potentialAction\":[{\"@type\":\"ReadAction\",\"target\":[\"https:\\\/\\\/districos.standingout.be\\\/fr\\\/product\\\/cobra-luminanails-lampe-de-table-demi-lune-blanc-ref-8405-60\\\/\"]}]},{\"@type\":\"ImageObject\",\"inLanguage\":\"fr-FR\",\"@id\":\"https:\\\/\\\/districos.standingout.be\\\/fr\\\/product\\\/cobra-luminanails-lampe-de-table-demi-lune-blanc-ref-8405-60\\\/#primaryimage\",\"url\":\"https:\\\/\\\/districos.standingout.be\\\/wp-content\\\/uploads\\\/2026\\\/04\\\/8405.60@Cobra-LuminaNails-Half-Moon-Tafellamp-Wit_1-1.png\",\"contentUrl\":\"https:\\\/\\\/districos.standingout.be\\\/wp-content\\\/uploads\\\/2026\\\/04\\\/8405.60@Cobra-LuminaNails-Half-Moon-Tafellamp-Wit_1-1.png\",\"width\":600,\"height\":600},{\"@type\":\"BreadcrumbList\",\"@id\":\"https:\\\/\\\/districos.standingout.be\\\/fr\\\/product\\\/cobra-luminanails-lampe-de-table-demi-lune-blanc-ref-8405-60\\\/#breadcrumb\",\"itemListElement\":[{\"@type\":\"ListItem\",\"position\":1,\"name\":\"Home\",\"item\":\"https:\\\/\\\/districos.standingout.be\\\/fr\\\/bienvenue-chez-districos\\\/\"},{\"@type\":\"ListItem\",\"position\":2,\"name\":\"Boutique\",\"item\":\"https:\\\/\\\/districos.standingout.be\\\/fr\\\/boutique\\\/\"},{\"@type\":\"ListItem\",\"position\":3,\"name\":\"Cobra LuminaNails Lampe de Table Demi-Lune Blanc\"}]},{\"@type\":\"WebSite\",\"@id\":\"https:\\\/\\\/districos.standingout.be\\\/fr\\\/#website\",\"url\":\"https:\\\/\\\/districos.standingout.be\\\/fr\\\/\",\"name\":\"Districos Webshop\",\"description\":\"\",\"publisher\":{\"@id\":\"https:\\\/\\\/districos.standingout.be\\\/fr\\\/#organization\"},\"potentialAction\":[{\"@type\":\"SearchAction\",\"target\":{\"@type\":\"EntryPoint\",\"urlTemplate\":\"https:\\\/\\\/districos.standingout.be\\\/fr\\\/?s={search_term_string}\"},\"query-input\":{\"@type\":\"PropertyValueSpecification\",\"valueRequired\":true,\"valueName\":\"search_term_string\"}}],\"inLanguage\":\"fr-FR\"},{\"@type\":\"Organization\",\"@id\":\"https:\\\/\\\/districos.standingout.be\\\/fr\\\/#organization\",\"name\":\"Districos Webshop\",\"url\":\"https:\\\/\\\/districos.standingout.be\\\/fr\\\/\",\"logo\":{\"@type\":\"ImageObject\",\"inLanguage\":\"fr-FR\",\"@id\":\"https:\\\/\\\/districos.standingout.be\\\/fr\\\/#\\\/schema\\\/logo\\\/image\\\/\",\"url\":\"https:\\\/\\\/districos.standingout.be\\\/wp-content\\\/uploads\\\/2022\\\/09\\\/Districos_Logo_Webshop.svg\",\"contentUrl\":\"https:\\\/\\\/districos.standingout.be\\\/wp-content\\\/uploads\\\/2022\\\/09\\\/Districos_Logo_Webshop.svg\",\"caption\":\"Districos Webshop\"},\"image\":{\"@id\":\"https:\\\/\\\/districos.standingout.be\\\/fr\\\/#\\\/schema\\\/logo\\\/image\\\/\"}}]}<\/script>\n<!-- \/ Yoast SEO plugin. -->","yoast_head_json":{"title":"Cobra LuminaNails Lampe de Table Demi-Lune Blanc - Districos Webshop","robots":{"index":"noindex","follow":"follow","max-snippet":"max-snippet:-1","max-image-preview":"max-image-preview:large","max-video-preview":"max-video-preview:-1"},"og_locale":"fr_FR","og_type":"article","og_title":"Cobra LuminaNails Lampe de Table Demi-Lune Blanc - Districos Webshop","og_description":"L&rsquo;\u00c9CLAIRAGE PARFAIT POUR VOTRE TABLE DE MANUCURE ! \u00c9levez votre espace de travail avec la lampe de table en demi-lune Cobra LuminaNails \u2013 la lampe ultime pour les stylistes ongulaires et les professionnels de la beaut\u00e9, offrant une lumi\u00e8re claire et sans ombre ! Gr\u00e2ce \u00e0 son design \u00e9l\u00e9gant et \u00e0 sa luminosit\u00e9 r\u00e9glable et [&hellip;]","og_url":"https:\/\/districos.standingout.be\/fr\/product\/cobra-luminanails-lampe-de-table-demi-lune-blanc-ref-8405-60\/","og_site_name":"Districos Webshop","article_modified_time":"2026-04-28T09:09:51+00:00","twitter_card":"summary_large_image","twitter_misc":{"Dur\u00e9e de lecture estim\u00e9e":"1 minute"},"schema":{"@context":"https:\/\/schema.org","@graph":[{"@type":"WebPage","@id":"https:\/\/districos.standingout.be\/fr\/product\/cobra-luminanails-lampe-de-table-demi-lune-blanc-ref-8405-60\/","url":"https:\/\/districos.standingout.be\/fr\/product\/cobra-luminanails-lampe-de-table-demi-lune-blanc-ref-8405-60\/","name":"Cobra LuminaNails Lampe de Table Demi-Lune Blanc - Districos Webshop","isPartOf":{"@id":"https:\/\/districos.standingout.be\/fr\/#website"},"primaryImageOfPage":{"@id":"https:\/\/districos.standingout.be\/fr\/product\/cobra-luminanails-lampe-de-table-demi-lune-blanc-ref-8405-60\/#primaryimage"},"image":{"@id":"https:\/\/districos.standingout.be\/fr\/product\/cobra-luminanails-lampe-de-table-demi-lune-blanc-ref-8405-60\/#primaryimage"},"thumbnailUrl":"https:\/\/districos.standingout.be\/wp-content\/uploads\/2026\/04\/8405.60@Cobra-LuminaNails-Half-Moon-Tafellamp-Wit_1-1.png","datePublished":"2026-04-28T09:09:47+00:00","dateModified":"2026-04-28T09:09:51+00:00","breadcrumb":{"@id":"https:\/\/districos.standingout.be\/fr\/product\/cobra-luminanails-lampe-de-table-demi-lune-blanc-ref-8405-60\/#breadcrumb"},"inLanguage":"fr-FR","potentialAction":[{"@type":"ReadAction","target":["https:\/\/districos.standingout.be\/fr\/product\/cobra-luminanails-lampe-de-table-demi-lune-blanc-ref-8405-60\/"]}]},{"@type":"ImageObject","inLanguage":"fr-FR","@id":"https:\/\/districos.standingout.be\/fr\/product\/cobra-luminanails-lampe-de-table-demi-lune-blanc-ref-8405-60\/#primaryimage","url":"https:\/\/districos.standingout.be\/wp-content\/uploads\/2026\/04\/8405.60@Cobra-LuminaNails-Half-Moon-Tafellamp-Wit_1-1.png","contentUrl":"https:\/\/districos.standingout.be\/wp-content\/uploads\/2026\/04\/8405.60@Cobra-LuminaNails-Half-Moon-Tafellamp-Wit_1-1.png","width":600,"height":600},{"@type":"BreadcrumbList","@id":"https:\/\/districos.standingout.be\/fr\/product\/cobra-luminanails-lampe-de-table-demi-lune-blanc-ref-8405-60\/#breadcrumb","itemListElement":[{"@type":"ListItem","position":1,"name":"Home","item":"https:\/\/districos.standingout.be\/fr\/bienvenue-chez-districos\/"},{"@type":"ListItem","position":2,"name":"Boutique","item":"https:\/\/districos.standingout.be\/fr\/boutique\/"},{"@type":"ListItem","position":3,"name":"Cobra LuminaNails Lampe de Table Demi-Lune Blanc"}]},{"@type":"WebSite","@id":"https:\/\/districos.standingout.be\/fr\/#website","url":"https:\/\/districos.standingout.be\/fr\/","name":"Districos Webshop","description":"","publisher":{"@id":"https:\/\/districos.standingout.be\/fr\/#organization"},"potentialAction":[{"@type":"SearchAction","target":{"@type":"EntryPoint","urlTemplate":"https:\/\/districos.standingout.be\/fr\/?s={search_term_string}"},"query-input":{"@type":"PropertyValueSpecification","valueRequired":true,"valueName":"search_term_string"}}],"inLanguage":"fr-FR"},{"@type":"Organization","@id":"https:\/\/districos.standingout.be\/fr\/#organization","name":"Districos Webshop","url":"https:\/\/districos.standingout.be\/fr\/","logo":{"@type":"ImageObject","inLanguage":"fr-FR","@id":"https:\/\/districos.standingout.be\/fr\/#\/schema\/logo\/image\/","url":"https:\/\/districos.standingout.be\/wp-content\/uploads\/2022\/09\/Districos_Logo_Webshop.svg","contentUrl":"https:\/\/districos.standingout.be\/wp-content\/uploads\/2022\/09\/Districos_Logo_Webshop.svg","caption":"Districos Webshop"},"image":{"@id":"https:\/\/districos.standingout.be\/fr\/#\/schema\/logo\/image\/"}}]}},"_links":{"self":[{"href":"https:\/\/districos.standingout.be\/fr\/wp-json\/wp\/v2\/product\/138353","targetHints":{"allow":["GET"]}}],"collection":[{"href":"https:\/\/districos.standingout.be\/fr\/wp-json\/wp\/v2\/product"}],"about":[{"href":"https:\/\/districos.standingout.be\/fr\/wp-json\/wp\/v2\/types\/product"}],"replies":[{"embeddable":true,"href":"https:\/\/districos.standingout.be\/fr\/wp-json\/wp\/v2\/comments?post=138353"}],"wp:featuredmedia":[{"embeddable":true,"href":"https:\/\/districos.standingout.be\/fr\/wp-json\/wp\/v2\/media\/147880"}],"wp:attachment":[{"href":"https:\/\/districos.standingout.be\/fr\/wp-json\/wp\/v2\/media?parent=138353"}],"wp:term":[{"taxonomy":"product_brand","embeddable":true,"href":"https:\/\/districos.standingout.be\/fr\/wp-json\/wp\/v2\/product_brand?post=138353"},{"taxonomy":"product_cat","embeddable":true,"href":"https:\/\/districos.standingout.be\/fr\/wp-json\/wp\/v2\/product_cat?post=138353"},{"taxonomy":"product_tag","embeddable":true,"href":"https:\/\/districos.standingout.be\/fr\/wp-json\/wp\/v2\/product_tag?post=138353"}],"curies":[{"name":"wp","href":"https:\/\/api.w.org\/{rel}","templated":true}]}}