{"id":138357,"date":"2026-04-28T11:09:55","date_gmt":"2026-04-28T09:09:55","guid":{"rendered":"https:\/\/webshopdistricoscom.webhosting.be\/product\/cobra-luminalash-lampe-demi-lune-blanc-ref-8405-70\/"},"modified":"2026-04-28T11:09:58","modified_gmt":"2026-04-28T09:09:58","slug":"cobra-luminalash-lampe-demi-lune-blanc-ref-8405-70","status":"publish","type":"product","link":"https:\/\/districos.standingout.be\/fr\/product\/cobra-luminalash-lampe-demi-lune-blanc-ref-8405-70\/","title":{"rendered":"Cobra LuminaLash Lampe Demi-Lune Blanc"},"content":{"rendered":"<p >\n<\/p>\n<\/p>\n<\/p>\n<\/p>\n<p dir=\"ltr\"><b>L&rsquo;\u00c9CLAIRAGE PARFAIT POUR TOUTE STYLISTE DE CILS ET LES PROFESSIONNELS DE LA BEAUT\u00c9 !&nbsp;<\/b><\/p>\n<p dir=\"ltr\"><span>\u00c9levez votre espace de travail avec&nbsp;<\/span><b>la lampe demi-lune&nbsp;<span data-start=\"104\" data-end=\"150\">Cobra LuminaLash<\/span><\/b><span>\u2013 la lampe ultime pour les stylistes de cils et les professionnels de la beaut\u00e9, offrant une lumi\u00e8re claire et sans ombre ! Gr\u00e2ce \u00e0 son design \u00e9l\u00e9gant et \u00e0 sa luminosit\u00e9 r\u00e9glable et ses diff\u00e9rentes temp\u00e9ratures de couleur, vous cr\u00e9ez toujours l\u2019environnement de travail id\u00e9al. Fini la fatigue oculaire, seulement une lumi\u00e8re parfaite et uniforme pour un travail de pr\u00e9cision.<\/span><\/p>\n<p dir=\"ltr\"><b>Caract\u00e9ristiques:<\/b><\/p>\n<ul>\n<li>Design fin et moderne avec un tr\u00e9pied robuste<\/li>\n<li>Couleur: blanc<\/li>\n<li>Source lumineuse: 364 LED<\/li>\n<li>Intensit\u00e9 lumineuse r\u00e9glable : 1600 lumen au maximum<\/li>\n<li>Temp\u00e9rature de couleur : 2700 &#8211; 5600 K (r\u00e9glable)<\/li>\n<li>R\u00e9glage continu de la luminosit\u00e9 et de la temp\u00e9rature de couleur via 2 boutons rotatifs<\/li>\n<li><span>Structure m\u00e9tallique robuste et durable<\/span><\/li>\n<li><span>CRI : 95+<\/span><\/li>\n<li><span>Dimensions : 68 cm (longueur de la lampe) x 122-171 (hauteur r\u00e9glable)<\/span><\/li>\n<li><span>Poids : 6,3<\/span>&nbsp;kg<\/li>\n<li><span>Avec support pour smartphone (amovible)<\/span><\/li>\n<\/ul>\n<div><b>\u00c9galement disponible:<\/b><\/div>\n<div>\n<ul>\n<li><span>LuminaLash Lamp Demi-Lune sur Pied Noir (<a href=\"https:\/\/webshop.districos.com\/ProductDetail\/8405.71\" target=\"_blank\" rel=\"noopener noreferrer nofollow\">r\u00e9f. 8405.71<\/a>)<\/span><\/li>\n<li>LuminaNails Lampe de Table Demi-Lune Blanc (<a href=\"https:\/\/webshop.districos.com\/ProductDetail\/8405.60\" target=\"_blank\" rel=\"noopener noreferrer nofollow\">r\u00e9f. 8405.60<\/a>) ou Noir (<a href=\"https:\/\/webshop.districos.com\/ProductDetail\/8405.61\" target=\"_blank\" rel=\"noopener noreferrer nofollow\">r\u00e9f. 8405.61<\/a>)<\/li>\n<\/ul>\n<\/div>\n","protected":false},"excerpt":{"rendered":"<p>L&rsquo;\u00c9CLAIRAGE PARFAIT POUR TOUTE STYLISTE DE CILS ET LES PROFESSIONNELS DE LA BEAUT\u00c9 !&nbsp; \u00c9levez votre espace de travail avec&nbsp;la lampe demi-lune&nbsp;Cobra LuminaLash\u2013 la lampe ultime pour les stylistes de cils et les professionnels de la beaut\u00e9, offrant une lumi\u00e8re claire et sans ombre ! Gr\u00e2ce \u00e0 son design \u00e9l\u00e9gant et \u00e0 sa luminosit\u00e9 r\u00e9glable [&hellip;]<\/p>\n","protected":false},"featured_media":147888,"comment_status":"open","ping_status":"closed","template":"","meta":{"_acf_changed":false},"product_brand":[10334],"product_cat":[9862],"product_tag":[],"class_list":{"0":"post-138357","1":"product","2":"type-product","3":"status-publish","4":"has-post-thumbnail","6":"product_brand-cobra-fr","7":"product_cat-beaute-visage-equipement","9":"first","10":"instock","11":"taxable","12":"shipping-taxable","13":"product-type-simple"},"acf":[],"yoast_head":"<!-- This site is optimized with the Yoast SEO plugin v27.3 - https:\/\/yoast.com\/product\/yoast-seo-wordpress\/ -->\n<title>Cobra LuminaLash Lampe Demi-Lune Blanc - Districos Webshop<\/title>\n<meta name=\"robots\" content=\"noindex, follow, max-snippet:-1, max-image-preview:large, max-video-preview:-1\" \/>\n<meta property=\"og:locale\" content=\"fr_FR\" \/>\n<meta property=\"og:type\" content=\"article\" \/>\n<meta property=\"og:title\" content=\"Cobra LuminaLash Lampe Demi-Lune Blanc - Districos Webshop\" \/>\n<meta property=\"og:description\" content=\"L&rsquo;\u00c9CLAIRAGE PARFAIT POUR TOUTE STYLISTE DE CILS ET LES PROFESSIONNELS DE LA BEAUT\u00c9 !&nbsp; \u00c9levez votre espace de travail avec&nbsp;la lampe demi-lune&nbsp;Cobra LuminaLash\u2013 la lampe ultime pour les stylistes de cils et les professionnels de la beaut\u00e9, offrant une lumi\u00e8re claire et sans ombre ! Gr\u00e2ce \u00e0 son design \u00e9l\u00e9gant et \u00e0 sa luminosit\u00e9 r\u00e9glable [&hellip;]\" \/>\n<meta property=\"og:url\" content=\"https:\/\/districos.standingout.be\/fr\/product\/cobra-luminalash-lampe-demi-lune-blanc-ref-8405-70\/\" \/>\n<meta property=\"og:site_name\" content=\"Districos Webshop\" \/>\n<meta property=\"article:modified_time\" content=\"2026-04-28T09:09:58+00:00\" \/>\n<meta name=\"twitter:card\" content=\"summary_large_image\" \/>\n<meta name=\"twitter:label1\" content=\"Dur\u00e9e de lecture estim\u00e9e\" \/>\n\t<meta name=\"twitter:data1\" content=\"1 minute\" \/>\n<script type=\"application\/ld+json\" class=\"yoast-schema-graph\">{\"@context\":\"https:\\\/\\\/schema.org\",\"@graph\":[{\"@type\":\"WebPage\",\"@id\":\"https:\\\/\\\/districos.standingout.be\\\/fr\\\/product\\\/cobra-luminalash-lampe-demi-lune-blanc-ref-8405-70\\\/\",\"url\":\"https:\\\/\\\/districos.standingout.be\\\/fr\\\/product\\\/cobra-luminalash-lampe-demi-lune-blanc-ref-8405-70\\\/\",\"name\":\"Cobra LuminaLash Lampe Demi-Lune Blanc - Districos Webshop\",\"isPartOf\":{\"@id\":\"https:\\\/\\\/districos.standingout.be\\\/fr\\\/#website\"},\"primaryImageOfPage\":{\"@id\":\"https:\\\/\\\/districos.standingout.be\\\/fr\\\/product\\\/cobra-luminalash-lampe-demi-lune-blanc-ref-8405-70\\\/#primaryimage\"},\"image\":{\"@id\":\"https:\\\/\\\/districos.standingout.be\\\/fr\\\/product\\\/cobra-luminalash-lampe-demi-lune-blanc-ref-8405-70\\\/#primaryimage\"},\"thumbnailUrl\":\"https:\\\/\\\/districos.standingout.be\\\/wp-content\\\/uploads\\\/2026\\\/04\\\/8405.70@Cobra-LuminaLash-Half-Moon-Lamp-Wit_1-1.png\",\"datePublished\":\"2026-04-28T09:09:55+00:00\",\"dateModified\":\"2026-04-28T09:09:58+00:00\",\"breadcrumb\":{\"@id\":\"https:\\\/\\\/districos.standingout.be\\\/fr\\\/product\\\/cobra-luminalash-lampe-demi-lune-blanc-ref-8405-70\\\/#breadcrumb\"},\"inLanguage\":\"fr-FR\",\"potentialAction\":[{\"@type\":\"ReadAction\",\"target\":[\"https:\\\/\\\/districos.standingout.be\\\/fr\\\/product\\\/cobra-luminalash-lampe-demi-lune-blanc-ref-8405-70\\\/\"]}]},{\"@type\":\"ImageObject\",\"inLanguage\":\"fr-FR\",\"@id\":\"https:\\\/\\\/districos.standingout.be\\\/fr\\\/product\\\/cobra-luminalash-lampe-demi-lune-blanc-ref-8405-70\\\/#primaryimage\",\"url\":\"https:\\\/\\\/districos.standingout.be\\\/wp-content\\\/uploads\\\/2026\\\/04\\\/8405.70@Cobra-LuminaLash-Half-Moon-Lamp-Wit_1-1.png\",\"contentUrl\":\"https:\\\/\\\/districos.standingout.be\\\/wp-content\\\/uploads\\\/2026\\\/04\\\/8405.70@Cobra-LuminaLash-Half-Moon-Lamp-Wit_1-1.png\",\"width\":600,\"height\":600},{\"@type\":\"BreadcrumbList\",\"@id\":\"https:\\\/\\\/districos.standingout.be\\\/fr\\\/product\\\/cobra-luminalash-lampe-demi-lune-blanc-ref-8405-70\\\/#breadcrumb\",\"itemListElement\":[{\"@type\":\"ListItem\",\"position\":1,\"name\":\"Home\",\"item\":\"https:\\\/\\\/districos.standingout.be\\\/fr\\\/bienvenue-chez-districos\\\/\"},{\"@type\":\"ListItem\",\"position\":2,\"name\":\"Boutique\",\"item\":\"https:\\\/\\\/districos.standingout.be\\\/fr\\\/boutique\\\/\"},{\"@type\":\"ListItem\",\"position\":3,\"name\":\"Cobra LuminaLash Lampe Demi-Lune Blanc\"}]},{\"@type\":\"WebSite\",\"@id\":\"https:\\\/\\\/districos.standingout.be\\\/fr\\\/#website\",\"url\":\"https:\\\/\\\/districos.standingout.be\\\/fr\\\/\",\"name\":\"Districos Webshop\",\"description\":\"\",\"publisher\":{\"@id\":\"https:\\\/\\\/districos.standingout.be\\\/fr\\\/#organization\"},\"potentialAction\":[{\"@type\":\"SearchAction\",\"target\":{\"@type\":\"EntryPoint\",\"urlTemplate\":\"https:\\\/\\\/districos.standingout.be\\\/fr\\\/?s={search_term_string}\"},\"query-input\":{\"@type\":\"PropertyValueSpecification\",\"valueRequired\":true,\"valueName\":\"search_term_string\"}}],\"inLanguage\":\"fr-FR\"},{\"@type\":\"Organization\",\"@id\":\"https:\\\/\\\/districos.standingout.be\\\/fr\\\/#organization\",\"name\":\"Districos Webshop\",\"url\":\"https:\\\/\\\/districos.standingout.be\\\/fr\\\/\",\"logo\":{\"@type\":\"ImageObject\",\"inLanguage\":\"fr-FR\",\"@id\":\"https:\\\/\\\/districos.standingout.be\\\/fr\\\/#\\\/schema\\\/logo\\\/image\\\/\",\"url\":\"https:\\\/\\\/districos.standingout.be\\\/wp-content\\\/uploads\\\/2022\\\/09\\\/Districos_Logo_Webshop.svg\",\"contentUrl\":\"https:\\\/\\\/districos.standingout.be\\\/wp-content\\\/uploads\\\/2022\\\/09\\\/Districos_Logo_Webshop.svg\",\"caption\":\"Districos Webshop\"},\"image\":{\"@id\":\"https:\\\/\\\/districos.standingout.be\\\/fr\\\/#\\\/schema\\\/logo\\\/image\\\/\"}}]}<\/script>\n<!-- \/ Yoast SEO plugin. -->","yoast_head_json":{"title":"Cobra LuminaLash Lampe Demi-Lune Blanc - Districos Webshop","robots":{"index":"noindex","follow":"follow","max-snippet":"max-snippet:-1","max-image-preview":"max-image-preview:large","max-video-preview":"max-video-preview:-1"},"og_locale":"fr_FR","og_type":"article","og_title":"Cobra LuminaLash Lampe Demi-Lune Blanc - Districos Webshop","og_description":"L&rsquo;\u00c9CLAIRAGE PARFAIT POUR TOUTE STYLISTE DE CILS ET LES PROFESSIONNELS DE LA BEAUT\u00c9 !&nbsp; \u00c9levez votre espace de travail avec&nbsp;la lampe demi-lune&nbsp;Cobra LuminaLash\u2013 la lampe ultime pour les stylistes de cils et les professionnels de la beaut\u00e9, offrant une lumi\u00e8re claire et sans ombre ! Gr\u00e2ce \u00e0 son design \u00e9l\u00e9gant et \u00e0 sa luminosit\u00e9 r\u00e9glable [&hellip;]","og_url":"https:\/\/districos.standingout.be\/fr\/product\/cobra-luminalash-lampe-demi-lune-blanc-ref-8405-70\/","og_site_name":"Districos Webshop","article_modified_time":"2026-04-28T09:09:58+00:00","twitter_card":"summary_large_image","twitter_misc":{"Dur\u00e9e de lecture estim\u00e9e":"1 minute"},"schema":{"@context":"https:\/\/schema.org","@graph":[{"@type":"WebPage","@id":"https:\/\/districos.standingout.be\/fr\/product\/cobra-luminalash-lampe-demi-lune-blanc-ref-8405-70\/","url":"https:\/\/districos.standingout.be\/fr\/product\/cobra-luminalash-lampe-demi-lune-blanc-ref-8405-70\/","name":"Cobra LuminaLash Lampe Demi-Lune Blanc - Districos Webshop","isPartOf":{"@id":"https:\/\/districos.standingout.be\/fr\/#website"},"primaryImageOfPage":{"@id":"https:\/\/districos.standingout.be\/fr\/product\/cobra-luminalash-lampe-demi-lune-blanc-ref-8405-70\/#primaryimage"},"image":{"@id":"https:\/\/districos.standingout.be\/fr\/product\/cobra-luminalash-lampe-demi-lune-blanc-ref-8405-70\/#primaryimage"},"thumbnailUrl":"https:\/\/districos.standingout.be\/wp-content\/uploads\/2026\/04\/8405.70@Cobra-LuminaLash-Half-Moon-Lamp-Wit_1-1.png","datePublished":"2026-04-28T09:09:55+00:00","dateModified":"2026-04-28T09:09:58+00:00","breadcrumb":{"@id":"https:\/\/districos.standingout.be\/fr\/product\/cobra-luminalash-lampe-demi-lune-blanc-ref-8405-70\/#breadcrumb"},"inLanguage":"fr-FR","potentialAction":[{"@type":"ReadAction","target":["https:\/\/districos.standingout.be\/fr\/product\/cobra-luminalash-lampe-demi-lune-blanc-ref-8405-70\/"]}]},{"@type":"ImageObject","inLanguage":"fr-FR","@id":"https:\/\/districos.standingout.be\/fr\/product\/cobra-luminalash-lampe-demi-lune-blanc-ref-8405-70\/#primaryimage","url":"https:\/\/districos.standingout.be\/wp-content\/uploads\/2026\/04\/8405.70@Cobra-LuminaLash-Half-Moon-Lamp-Wit_1-1.png","contentUrl":"https:\/\/districos.standingout.be\/wp-content\/uploads\/2026\/04\/8405.70@Cobra-LuminaLash-Half-Moon-Lamp-Wit_1-1.png","width":600,"height":600},{"@type":"BreadcrumbList","@id":"https:\/\/districos.standingout.be\/fr\/product\/cobra-luminalash-lampe-demi-lune-blanc-ref-8405-70\/#breadcrumb","itemListElement":[{"@type":"ListItem","position":1,"name":"Home","item":"https:\/\/districos.standingout.be\/fr\/bienvenue-chez-districos\/"},{"@type":"ListItem","position":2,"name":"Boutique","item":"https:\/\/districos.standingout.be\/fr\/boutique\/"},{"@type":"ListItem","position":3,"name":"Cobra LuminaLash Lampe Demi-Lune Blanc"}]},{"@type":"WebSite","@id":"https:\/\/districos.standingout.be\/fr\/#website","url":"https:\/\/districos.standingout.be\/fr\/","name":"Districos Webshop","description":"","publisher":{"@id":"https:\/\/districos.standingout.be\/fr\/#organization"},"potentialAction":[{"@type":"SearchAction","target":{"@type":"EntryPoint","urlTemplate":"https:\/\/districos.standingout.be\/fr\/?s={search_term_string}"},"query-input":{"@type":"PropertyValueSpecification","valueRequired":true,"valueName":"search_term_string"}}],"inLanguage":"fr-FR"},{"@type":"Organization","@id":"https:\/\/districos.standingout.be\/fr\/#organization","name":"Districos Webshop","url":"https:\/\/districos.standingout.be\/fr\/","logo":{"@type":"ImageObject","inLanguage":"fr-FR","@id":"https:\/\/districos.standingout.be\/fr\/#\/schema\/logo\/image\/","url":"https:\/\/districos.standingout.be\/wp-content\/uploads\/2022\/09\/Districos_Logo_Webshop.svg","contentUrl":"https:\/\/districos.standingout.be\/wp-content\/uploads\/2022\/09\/Districos_Logo_Webshop.svg","caption":"Districos Webshop"},"image":{"@id":"https:\/\/districos.standingout.be\/fr\/#\/schema\/logo\/image\/"}}]}},"_links":{"self":[{"href":"https:\/\/districos.standingout.be\/fr\/wp-json\/wp\/v2\/product\/138357","targetHints":{"allow":["GET"]}}],"collection":[{"href":"https:\/\/districos.standingout.be\/fr\/wp-json\/wp\/v2\/product"}],"about":[{"href":"https:\/\/districos.standingout.be\/fr\/wp-json\/wp\/v2\/types\/product"}],"replies":[{"embeddable":true,"href":"https:\/\/districos.standingout.be\/fr\/wp-json\/wp\/v2\/comments?post=138357"}],"wp:featuredmedia":[{"embeddable":true,"href":"https:\/\/districos.standingout.be\/fr\/wp-json\/wp\/v2\/media\/147888"}],"wp:attachment":[{"href":"https:\/\/districos.standingout.be\/fr\/wp-json\/wp\/v2\/media?parent=138357"}],"wp:term":[{"taxonomy":"product_brand","embeddable":true,"href":"https:\/\/districos.standingout.be\/fr\/wp-json\/wp\/v2\/product_brand?post=138357"},{"taxonomy":"product_cat","embeddable":true,"href":"https:\/\/districos.standingout.be\/fr\/wp-json\/wp\/v2\/product_cat?post=138357"},{"taxonomy":"product_tag","embeddable":true,"href":"https:\/\/districos.standingout.be\/fr\/wp-json\/wp\/v2\/product_tag?post=138357"}],"curies":[{"name":"wp","href":"https:\/\/api.w.org\/{rel}","templated":true}]}}