{"id":138387,"date":"2026-04-28T11:14:36","date_gmt":"2026-04-28T09:14:36","guid":{"rendered":"https:\/\/webshopdistricoscom.webhosting.be\/product\/taisa-table-de-massage-3-moteurs-caramel-ref-8409-14\/"},"modified":"2026-04-28T11:14:46","modified_gmt":"2026-04-28T09:14:46","slug":"taisa-table-de-massage-3-moteurs-caramel-ref-8409-14","status":"publish","type":"product","link":"https:\/\/districos.standingout.be\/fr\/product\/taisa-table-de-massage-3-moteurs-caramel-ref-8409-14\/","title":{"rendered":"Taisa Table de Massage 3 moteurs Caramel"},"content":{"rendered":"<p >\n<\/p>\n<\/p>\n<\/p>\n<\/p>\n<\/p>\n<p><span lang=\"FR\">Table de massage classique et \u00e9l\u00e9gante avec pied styl\u00e9, laqu\u00e9 en brun fonc\u00e9. Gr\u00e2ce \u00e0 ses dimensions, le Ta\u00efsa ne prend qu\u2019un minimum de place. Le dossier peut \u00eatre redress\u00e9 jusqu\u2019\u00e0 presque 90\u00b0. Pourvue d\u2019une cavit\u00e9 faciale avec coussin pr\u00e9form\u00e9 et d\u2019un oreiller confortable qui se retire facilement avec le bouton \u00e0 pression qui se trouve \u00e0 l\u2019arri\u00e8re. Ce mod\u00e8le a un matelas Soft Top avec une mousse \u00e0 m\u00e9moire de forme pour encore plus de confort !<o:p><\/o:p><\/span><\/p>\n<\/p>\n<ul>\n<li><span lang=\"FR\">R\u00e9glage \u00e9lectrique de hauteur : 68 &#8211; 88 cm<\/span><\/li>\n<li><span lang=\"FR\">R\u00e9glage \u00e9lectrique du dossier et de cambrure du genou<\/span><\/li>\n<li><span lang=\"FR\">Fonction programmable : non<\/span><\/li>\n<li><span lang=\"FR\">Pourvue d\u2019une cavit\u00e9 faciale avec coussin pr\u00e9form\u00e9 et d\u2019un oreiller confortable<\/span><\/li>\n<li><span lang=\"FR\">Pourvue d&rsquo;un matelas standard (\u00e9galement disponible avec matelas Soft Top pour encore plus de confort)<\/span><\/li>\n<li><span lang=\"FR\">Largeur : 72 cm<\/span><\/li>\n<li><span lang=\"FR\">Dimensions : 190 x 72 x 68-88 cm (L x l x h)<\/span><\/li>\n<li><span lang=\"FR\">Rev\u00eatement : ska\u00ef (cuir artificiel)<\/span><\/li>\n<li><span lang=\"FR\"><b>Couleur : caramel avec un bord brun fonc\u00e9 (pied : bois brun fonc\u00e9)<\/b><\/span><\/li>\n<li><span lang=\"FR\">Force portative : 180 kg en cas d\u2019usage normal<\/span><\/li>\n<\/ul>\n<p><span lang=\"FR\"><b>Options :<\/b><o:p><\/o:p><\/span><\/p>\n<\/p>\n<ul>\n<li><span lang=\"FR\">Housse Stretch 2P Blanc pour Ta\u00efsa Table de Massage (r\u00e9f. 8615.23)<\/span><\/li>\n<li><span lang=\"FR\">\u00c9galement possible avec matelas Soft Top (r\u00e9f 8409.15)<\/span><\/li>\n<\/ul>\n<p><span lang=\"FR\"><b>Disponible en 2 couleurs et sans\/avec matelas Soft Top :<\/b><o:p><\/o:p><\/span><\/p>\n<\/p>\n<ul>\n<li><span lang=\"FR\">Ta\u00efsa Table de Massage 3 moteurs Caramel (r\u00e9f. 8409.14) + Soft Top (r\u00e9f. 8409.15)<\/span><\/li>\n<li><span lang=\"FR\">Ta\u00efsa Table de Massage 3 moteurs Blanc (rt\u00e9f. 8409.14W) + Soft Top (r\u00e9f. 8409.15W)<\/span><\/li>\n<\/ul>\n<p><b>ATTENTION !<\/b><span>&nbsp;Cet article est livr\u00e9 par nos propres services apr\u00e8s que nous vous ayons appel\u00e9 pour prendre rendez-vous. Vous devez donc tenir compte que le d\u00e9lai de livraison peut atteindre jusqu\u2019\u00e0 7-10 jours ouvrables, selon la disponibilit\u00e9 et la route de notre chauffeur. Lorsque vous passez une commande, veuillez toujours donner une indication de l\u2019urgence dans la case&nbsp;<\/span><b>remarques<\/b><span>, afin de garantir un traitement rapide de votre commande. Dans le cas o\u00f9 vous n\u2019avez pas re\u00e7u d\u2019appel de notre part, n\u2019h\u00e9sitez pas \u00e0 nous contacter. Pour plus d\u2019informations, nous vous renvoyons vers nos conditions g\u00e9n\u00e9rales.<\/span><\/p>\n","protected":false},"excerpt":{"rendered":"<p>Table de massage classique et \u00e9l\u00e9gante avec pied styl\u00e9, laqu\u00e9 en brun fonc\u00e9. Gr\u00e2ce \u00e0 ses dimensions, le Ta\u00efsa ne prend qu\u2019un minimum de place. Le dossier peut \u00eatre redress\u00e9 jusqu\u2019\u00e0 presque 90\u00b0. Pourvue d\u2019une cavit\u00e9 faciale avec coussin pr\u00e9form\u00e9 et d\u2019un oreiller confortable qui se retire facilement avec le bouton \u00e0 pression qui se [&hellip;]<\/p>\n","protected":false},"featured_media":81164,"comment_status":"open","ping_status":"closed","template":"","meta":{"_acf_changed":false},"product_brand":[10612],"product_cat":[9960,10237],"product_tag":[],"class_list":{"0":"post-138387","1":"product","2":"type-product","3":"status-publish","4":"has-post-thumbnail","6":"product_brand-zenna-fr","7":"product_cat-beaute-pedicure-amenagement-du-cabinet","8":"product_cat-amenagement-fauteuils-de-traitement-massage","10":"first","11":"instock","12":"taxable","13":"shipping-taxable","14":"product-type-simple"},"acf":[],"yoast_head":"<!-- This site is optimized with the Yoast SEO plugin v27.3 - https:\/\/yoast.com\/product\/yoast-seo-wordpress\/ -->\n<title>Taisa Table de Massage 3 moteurs Caramel - Districos Webshop<\/title>\n<meta name=\"robots\" content=\"noindex, follow, max-snippet:-1, max-image-preview:large, max-video-preview:-1\" \/>\n<meta property=\"og:locale\" content=\"fr_FR\" \/>\n<meta property=\"og:type\" content=\"article\" \/>\n<meta property=\"og:title\" content=\"Taisa Table de Massage 3 moteurs Caramel - Districos Webshop\" \/>\n<meta property=\"og:description\" content=\"Table de massage classique et \u00e9l\u00e9gante avec pied styl\u00e9, laqu\u00e9 en brun fonc\u00e9. Gr\u00e2ce \u00e0 ses dimensions, le Ta\u00efsa ne prend qu\u2019un minimum de place. Le dossier peut \u00eatre redress\u00e9 jusqu\u2019\u00e0 presque 90\u00b0. Pourvue d\u2019une cavit\u00e9 faciale avec coussin pr\u00e9form\u00e9 et d\u2019un oreiller confortable qui se retire facilement avec le bouton \u00e0 pression qui se [&hellip;]\" \/>\n<meta property=\"og:url\" content=\"https:\/\/districos.standingout.be\/fr\/product\/taisa-table-de-massage-3-moteurs-caramel-ref-8409-14\/\" \/>\n<meta property=\"og:site_name\" content=\"Districos Webshop\" \/>\n<meta property=\"article:modified_time\" content=\"2026-04-28T09:14:46+00:00\" \/>\n<meta name=\"twitter:card\" content=\"summary_large_image\" \/>\n<meta name=\"twitter:label1\" content=\"Dur\u00e9e de lecture estim\u00e9e\" \/>\n\t<meta name=\"twitter:data1\" content=\"2 minutes\" \/>\n<script type=\"application\/ld+json\" class=\"yoast-schema-graph\">{\"@context\":\"https:\\\/\\\/schema.org\",\"@graph\":[{\"@type\":\"WebPage\",\"@id\":\"https:\\\/\\\/districos.standingout.be\\\/fr\\\/product\\\/taisa-table-de-massage-3-moteurs-caramel-ref-8409-14\\\/\",\"url\":\"https:\\\/\\\/districos.standingout.be\\\/fr\\\/product\\\/taisa-table-de-massage-3-moteurs-caramel-ref-8409-14\\\/\",\"name\":\"Taisa Table de Massage 3 moteurs Caramel - Districos Webshop\",\"isPartOf\":{\"@id\":\"https:\\\/\\\/districos.standingout.be\\\/fr\\\/#website\"},\"primaryImageOfPage\":{\"@id\":\"https:\\\/\\\/districos.standingout.be\\\/fr\\\/product\\\/taisa-table-de-massage-3-moteurs-caramel-ref-8409-14\\\/#primaryimage\"},\"image\":{\"@id\":\"https:\\\/\\\/districos.standingout.be\\\/fr\\\/product\\\/taisa-table-de-massage-3-moteurs-caramel-ref-8409-14\\\/#primaryimage\"},\"thumbnailUrl\":\"https:\\\/\\\/districos.standingout.be\\\/wp-content\\\/uploads\\\/2025\\\/07\\\/8409.14@LowRes_1.png\",\"datePublished\":\"2026-04-28T09:14:36+00:00\",\"dateModified\":\"2026-04-28T09:14:46+00:00\",\"breadcrumb\":{\"@id\":\"https:\\\/\\\/districos.standingout.be\\\/fr\\\/product\\\/taisa-table-de-massage-3-moteurs-caramel-ref-8409-14\\\/#breadcrumb\"},\"inLanguage\":\"fr-FR\",\"potentialAction\":[{\"@type\":\"ReadAction\",\"target\":[\"https:\\\/\\\/districos.standingout.be\\\/fr\\\/product\\\/taisa-table-de-massage-3-moteurs-caramel-ref-8409-14\\\/\"]}]},{\"@type\":\"ImageObject\",\"inLanguage\":\"fr-FR\",\"@id\":\"https:\\\/\\\/districos.standingout.be\\\/fr\\\/product\\\/taisa-table-de-massage-3-moteurs-caramel-ref-8409-14\\\/#primaryimage\",\"url\":\"https:\\\/\\\/districos.standingout.be\\\/wp-content\\\/uploads\\\/2025\\\/07\\\/8409.14@LowRes_1.png\",\"contentUrl\":\"https:\\\/\\\/districos.standingout.be\\\/wp-content\\\/uploads\\\/2025\\\/07\\\/8409.14@LowRes_1.png\",\"width\":2430,\"height\":1743},{\"@type\":\"BreadcrumbList\",\"@id\":\"https:\\\/\\\/districos.standingout.be\\\/fr\\\/product\\\/taisa-table-de-massage-3-moteurs-caramel-ref-8409-14\\\/#breadcrumb\",\"itemListElement\":[{\"@type\":\"ListItem\",\"position\":1,\"name\":\"Home\",\"item\":\"https:\\\/\\\/districos.standingout.be\\\/fr\\\/bienvenue-chez-districos\\\/\"},{\"@type\":\"ListItem\",\"position\":2,\"name\":\"Boutique\",\"item\":\"https:\\\/\\\/districos.standingout.be\\\/fr\\\/boutique\\\/\"},{\"@type\":\"ListItem\",\"position\":3,\"name\":\"Taisa Table de Massage 3 moteurs Caramel\"}]},{\"@type\":\"WebSite\",\"@id\":\"https:\\\/\\\/districos.standingout.be\\\/fr\\\/#website\",\"url\":\"https:\\\/\\\/districos.standingout.be\\\/fr\\\/\",\"name\":\"Districos Webshop\",\"description\":\"\",\"publisher\":{\"@id\":\"https:\\\/\\\/districos.standingout.be\\\/fr\\\/#organization\"},\"potentialAction\":[{\"@type\":\"SearchAction\",\"target\":{\"@type\":\"EntryPoint\",\"urlTemplate\":\"https:\\\/\\\/districos.standingout.be\\\/fr\\\/?s={search_term_string}\"},\"query-input\":{\"@type\":\"PropertyValueSpecification\",\"valueRequired\":true,\"valueName\":\"search_term_string\"}}],\"inLanguage\":\"fr-FR\"},{\"@type\":\"Organization\",\"@id\":\"https:\\\/\\\/districos.standingout.be\\\/fr\\\/#organization\",\"name\":\"Districos Webshop\",\"url\":\"https:\\\/\\\/districos.standingout.be\\\/fr\\\/\",\"logo\":{\"@type\":\"ImageObject\",\"inLanguage\":\"fr-FR\",\"@id\":\"https:\\\/\\\/districos.standingout.be\\\/fr\\\/#\\\/schema\\\/logo\\\/image\\\/\",\"url\":\"https:\\\/\\\/districos.standingout.be\\\/wp-content\\\/uploads\\\/2022\\\/09\\\/Districos_Logo_Webshop.svg\",\"contentUrl\":\"https:\\\/\\\/districos.standingout.be\\\/wp-content\\\/uploads\\\/2022\\\/09\\\/Districos_Logo_Webshop.svg\",\"caption\":\"Districos Webshop\"},\"image\":{\"@id\":\"https:\\\/\\\/districos.standingout.be\\\/fr\\\/#\\\/schema\\\/logo\\\/image\\\/\"}}]}<\/script>\n<!-- \/ Yoast SEO plugin. -->","yoast_head_json":{"title":"Taisa Table de Massage 3 moteurs Caramel - Districos Webshop","robots":{"index":"noindex","follow":"follow","max-snippet":"max-snippet:-1","max-image-preview":"max-image-preview:large","max-video-preview":"max-video-preview:-1"},"og_locale":"fr_FR","og_type":"article","og_title":"Taisa Table de Massage 3 moteurs Caramel - Districos Webshop","og_description":"Table de massage classique et \u00e9l\u00e9gante avec pied styl\u00e9, laqu\u00e9 en brun fonc\u00e9. Gr\u00e2ce \u00e0 ses dimensions, le Ta\u00efsa ne prend qu\u2019un minimum de place. Le dossier peut \u00eatre redress\u00e9 jusqu\u2019\u00e0 presque 90\u00b0. Pourvue d\u2019une cavit\u00e9 faciale avec coussin pr\u00e9form\u00e9 et d\u2019un oreiller confortable qui se retire facilement avec le bouton \u00e0 pression qui se [&hellip;]","og_url":"https:\/\/districos.standingout.be\/fr\/product\/taisa-table-de-massage-3-moteurs-caramel-ref-8409-14\/","og_site_name":"Districos Webshop","article_modified_time":"2026-04-28T09:14:46+00:00","twitter_card":"summary_large_image","twitter_misc":{"Dur\u00e9e de lecture estim\u00e9e":"2 minutes"},"schema":{"@context":"https:\/\/schema.org","@graph":[{"@type":"WebPage","@id":"https:\/\/districos.standingout.be\/fr\/product\/taisa-table-de-massage-3-moteurs-caramel-ref-8409-14\/","url":"https:\/\/districos.standingout.be\/fr\/product\/taisa-table-de-massage-3-moteurs-caramel-ref-8409-14\/","name":"Taisa Table de Massage 3 moteurs Caramel - Districos Webshop","isPartOf":{"@id":"https:\/\/districos.standingout.be\/fr\/#website"},"primaryImageOfPage":{"@id":"https:\/\/districos.standingout.be\/fr\/product\/taisa-table-de-massage-3-moteurs-caramel-ref-8409-14\/#primaryimage"},"image":{"@id":"https:\/\/districos.standingout.be\/fr\/product\/taisa-table-de-massage-3-moteurs-caramel-ref-8409-14\/#primaryimage"},"thumbnailUrl":"https:\/\/districos.standingout.be\/wp-content\/uploads\/2025\/07\/8409.14@LowRes_1.png","datePublished":"2026-04-28T09:14:36+00:00","dateModified":"2026-04-28T09:14:46+00:00","breadcrumb":{"@id":"https:\/\/districos.standingout.be\/fr\/product\/taisa-table-de-massage-3-moteurs-caramel-ref-8409-14\/#breadcrumb"},"inLanguage":"fr-FR","potentialAction":[{"@type":"ReadAction","target":["https:\/\/districos.standingout.be\/fr\/product\/taisa-table-de-massage-3-moteurs-caramel-ref-8409-14\/"]}]},{"@type":"ImageObject","inLanguage":"fr-FR","@id":"https:\/\/districos.standingout.be\/fr\/product\/taisa-table-de-massage-3-moteurs-caramel-ref-8409-14\/#primaryimage","url":"https:\/\/districos.standingout.be\/wp-content\/uploads\/2025\/07\/8409.14@LowRes_1.png","contentUrl":"https:\/\/districos.standingout.be\/wp-content\/uploads\/2025\/07\/8409.14@LowRes_1.png","width":2430,"height":1743},{"@type":"BreadcrumbList","@id":"https:\/\/districos.standingout.be\/fr\/product\/taisa-table-de-massage-3-moteurs-caramel-ref-8409-14\/#breadcrumb","itemListElement":[{"@type":"ListItem","position":1,"name":"Home","item":"https:\/\/districos.standingout.be\/fr\/bienvenue-chez-districos\/"},{"@type":"ListItem","position":2,"name":"Boutique","item":"https:\/\/districos.standingout.be\/fr\/boutique\/"},{"@type":"ListItem","position":3,"name":"Taisa Table de Massage 3 moteurs Caramel"}]},{"@type":"WebSite","@id":"https:\/\/districos.standingout.be\/fr\/#website","url":"https:\/\/districos.standingout.be\/fr\/","name":"Districos Webshop","description":"","publisher":{"@id":"https:\/\/districos.standingout.be\/fr\/#organization"},"potentialAction":[{"@type":"SearchAction","target":{"@type":"EntryPoint","urlTemplate":"https:\/\/districos.standingout.be\/fr\/?s={search_term_string}"},"query-input":{"@type":"PropertyValueSpecification","valueRequired":true,"valueName":"search_term_string"}}],"inLanguage":"fr-FR"},{"@type":"Organization","@id":"https:\/\/districos.standingout.be\/fr\/#organization","name":"Districos Webshop","url":"https:\/\/districos.standingout.be\/fr\/","logo":{"@type":"ImageObject","inLanguage":"fr-FR","@id":"https:\/\/districos.standingout.be\/fr\/#\/schema\/logo\/image\/","url":"https:\/\/districos.standingout.be\/wp-content\/uploads\/2022\/09\/Districos_Logo_Webshop.svg","contentUrl":"https:\/\/districos.standingout.be\/wp-content\/uploads\/2022\/09\/Districos_Logo_Webshop.svg","caption":"Districos Webshop"},"image":{"@id":"https:\/\/districos.standingout.be\/fr\/#\/schema\/logo\/image\/"}}]}},"_links":{"self":[{"href":"https:\/\/districos.standingout.be\/fr\/wp-json\/wp\/v2\/product\/138387","targetHints":{"allow":["GET"]}}],"collection":[{"href":"https:\/\/districos.standingout.be\/fr\/wp-json\/wp\/v2\/product"}],"about":[{"href":"https:\/\/districos.standingout.be\/fr\/wp-json\/wp\/v2\/types\/product"}],"replies":[{"embeddable":true,"href":"https:\/\/districos.standingout.be\/fr\/wp-json\/wp\/v2\/comments?post=138387"}],"wp:featuredmedia":[{"embeddable":true,"href":"https:\/\/districos.standingout.be\/fr\/wp-json\/wp\/v2\/media\/81164"}],"wp:attachment":[{"href":"https:\/\/districos.standingout.be\/fr\/wp-json\/wp\/v2\/media?parent=138387"}],"wp:term":[{"taxonomy":"product_brand","embeddable":true,"href":"https:\/\/districos.standingout.be\/fr\/wp-json\/wp\/v2\/product_brand?post=138387"},{"taxonomy":"product_cat","embeddable":true,"href":"https:\/\/districos.standingout.be\/fr\/wp-json\/wp\/v2\/product_cat?post=138387"},{"taxonomy":"product_tag","embeddable":true,"href":"https:\/\/districos.standingout.be\/fr\/wp-json\/wp\/v2\/product_tag?post=138387"}],"curies":[{"name":"wp","href":"https:\/\/api.w.org\/{rel}","templated":true}]}}