{"id":138415,"date":"2026-04-28T11:18:04","date_gmt":"2026-04-28T09:18:04","guid":{"rendered":"https:\/\/webshopdistricoscom.webhosting.be\/product\/housse-en-eponge-2p-pour-table-de-massage-snooz-ref-8410-110\/"},"modified":"2026-04-28T11:18:09","modified_gmt":"2026-04-28T09:18:09","slug":"housse-en-eponge-2p-pour-table-de-massage-snooz-ref-8410-110","status":"publish","type":"product","link":"https:\/\/districos.standingout.be\/fr\/product\/housse-en-eponge-2p-pour-table-de-massage-snooz-ref-8410-110\/","title":{"rendered":"Housse en \u00c9ponge 2P pour Table de Massage Snooz"},"content":{"rendered":"<p >\n<\/p>\n<\/p>\n<\/p>\n<p>Housse en tissue \u00e9ponge pour la table de massage de type Snooz compos\u00e9e de 2 pi\u00e8ces :<\/p>\n<div>\n<ul>\n<li><span>Housse pour le coussin pour la cavit\u00e9 faciale<\/span><\/li>\n<li><span>Housse pour la table de massage incluant les coussins pour les bras (pas de housse s\u00e9par\u00e9e pour les coussins pour les bras) avec une d\u00e9coupe pour la cavit\u00e9 faciale<\/span><\/li>\n<\/ul>\n<\/div>\n","protected":false},"excerpt":{"rendered":"<p>Housse en tissue \u00e9ponge pour la table de massage de type Snooz compos\u00e9e de 2 pi\u00e8ces : Housse pour le coussin pour la cavit\u00e9 faciale Housse pour la table de massage incluant les coussins pour les bras (pas de housse s\u00e9par\u00e9e pour les coussins pour les bras) avec une d\u00e9coupe pour la cavit\u00e9 faciale<\/p>\n","protected":false},"featured_media":81239,"comment_status":"open","ping_status":"closed","template":"","meta":{"_acf_changed":false},"product_brand":[10612],"product_cat":[10144,10214,10134,9964],"product_tag":[],"class_list":{"0":"post-138415","1":"product","2":"type-product","3":"status-publish","4":"has-post-thumbnail","6":"product_brand-zenna-fr","7":"product_cat-hygiene-articles-jetables-articles-jetables-housses-de-protection","8":"product_cat-fournitures-pour-cabinet-textile-housses-de-protection","9":"product_cat-hygiene-articles-jetables-hygiene-protection-protection-de-table","10":"product_cat-beaute-materiel-pratique-textile","12":"first","13":"instock","14":"taxable","15":"shipping-taxable","16":"product-type-simple"},"acf":[],"yoast_head":"<!-- This site is optimized with the Yoast SEO plugin v27.3 - https:\/\/yoast.com\/product\/yoast-seo-wordpress\/ -->\n<title>Housse en \u00c9ponge 2P pour Table de Massage Snooz - Districos Webshop<\/title>\n<meta name=\"robots\" content=\"noindex, follow, max-snippet:-1, max-image-preview:large, max-video-preview:-1\" \/>\n<meta property=\"og:locale\" content=\"fr_FR\" \/>\n<meta property=\"og:type\" content=\"article\" \/>\n<meta property=\"og:title\" content=\"Housse en \u00c9ponge 2P pour Table de Massage Snooz - Districos Webshop\" \/>\n<meta property=\"og:description\" content=\"Housse en tissue \u00e9ponge pour la table de massage de type Snooz compos\u00e9e de 2 pi\u00e8ces : Housse pour le coussin pour la cavit\u00e9 faciale Housse pour la table de massage incluant les coussins pour les bras (pas de housse s\u00e9par\u00e9e pour les coussins pour les bras) avec une d\u00e9coupe pour la cavit\u00e9 faciale\" \/>\n<meta property=\"og:url\" content=\"https:\/\/districos.standingout.be\/fr\/product\/housse-en-eponge-2p-pour-table-de-massage-snooz-ref-8410-110\/\" \/>\n<meta property=\"og:site_name\" content=\"Districos Webshop\" \/>\n<meta property=\"article:modified_time\" content=\"2026-04-28T09:18:09+00:00\" \/>\n<meta name=\"twitter:card\" content=\"summary_large_image\" \/>\n<script type=\"application\/ld+json\" class=\"yoast-schema-graph\">{\"@context\":\"https:\\\/\\\/schema.org\",\"@graph\":[{\"@type\":\"WebPage\",\"@id\":\"https:\\\/\\\/districos.standingout.be\\\/fr\\\/product\\\/housse-en-eponge-2p-pour-table-de-massage-snooz-ref-8410-110\\\/\",\"url\":\"https:\\\/\\\/districos.standingout.be\\\/fr\\\/product\\\/housse-en-eponge-2p-pour-table-de-massage-snooz-ref-8410-110\\\/\",\"name\":\"Housse en \u00c9ponge 2P pour Table de Massage Snooz - Districos Webshop\",\"isPartOf\":{\"@id\":\"https:\\\/\\\/districos.standingout.be\\\/fr\\\/#website\"},\"primaryImageOfPage\":{\"@id\":\"https:\\\/\\\/districos.standingout.be\\\/fr\\\/product\\\/housse-en-eponge-2p-pour-table-de-massage-snooz-ref-8410-110\\\/#primaryimage\"},\"image\":{\"@id\":\"https:\\\/\\\/districos.standingout.be\\\/fr\\\/product\\\/housse-en-eponge-2p-pour-table-de-massage-snooz-ref-8410-110\\\/#primaryimage\"},\"thumbnailUrl\":\"https:\\\/\\\/districos.standingout.be\\\/wp-content\\\/uploads\\\/2025\\\/07\\\/8410.110@LowRes_1.png\",\"datePublished\":\"2026-04-28T09:18:04+00:00\",\"dateModified\":\"2026-04-28T09:18:09+00:00\",\"breadcrumb\":{\"@id\":\"https:\\\/\\\/districos.standingout.be\\\/fr\\\/product\\\/housse-en-eponge-2p-pour-table-de-massage-snooz-ref-8410-110\\\/#breadcrumb\"},\"inLanguage\":\"fr-FR\",\"potentialAction\":[{\"@type\":\"ReadAction\",\"target\":[\"https:\\\/\\\/districos.standingout.be\\\/fr\\\/product\\\/housse-en-eponge-2p-pour-table-de-massage-snooz-ref-8410-110\\\/\"]}]},{\"@type\":\"ImageObject\",\"inLanguage\":\"fr-FR\",\"@id\":\"https:\\\/\\\/districos.standingout.be\\\/fr\\\/product\\\/housse-en-eponge-2p-pour-table-de-massage-snooz-ref-8410-110\\\/#primaryimage\",\"url\":\"https:\\\/\\\/districos.standingout.be\\\/wp-content\\\/uploads\\\/2025\\\/07\\\/8410.110@LowRes_1.png\",\"contentUrl\":\"https:\\\/\\\/districos.standingout.be\\\/wp-content\\\/uploads\\\/2025\\\/07\\\/8410.110@LowRes_1.png\",\"width\":600,\"height\":600},{\"@type\":\"BreadcrumbList\",\"@id\":\"https:\\\/\\\/districos.standingout.be\\\/fr\\\/product\\\/housse-en-eponge-2p-pour-table-de-massage-snooz-ref-8410-110\\\/#breadcrumb\",\"itemListElement\":[{\"@type\":\"ListItem\",\"position\":1,\"name\":\"Home\",\"item\":\"https:\\\/\\\/districos.standingout.be\\\/fr\\\/bienvenue-chez-districos\\\/\"},{\"@type\":\"ListItem\",\"position\":2,\"name\":\"Boutique\",\"item\":\"https:\\\/\\\/districos.standingout.be\\\/fr\\\/boutique\\\/\"},{\"@type\":\"ListItem\",\"position\":3,\"name\":\"Housse en \u00c9ponge 2P pour Table de Massage Snooz\"}]},{\"@type\":\"WebSite\",\"@id\":\"https:\\\/\\\/districos.standingout.be\\\/fr\\\/#website\",\"url\":\"https:\\\/\\\/districos.standingout.be\\\/fr\\\/\",\"name\":\"Districos Webshop\",\"description\":\"\",\"publisher\":{\"@id\":\"https:\\\/\\\/districos.standingout.be\\\/fr\\\/#organization\"},\"potentialAction\":[{\"@type\":\"SearchAction\",\"target\":{\"@type\":\"EntryPoint\",\"urlTemplate\":\"https:\\\/\\\/districos.standingout.be\\\/fr\\\/?s={search_term_string}\"},\"query-input\":{\"@type\":\"PropertyValueSpecification\",\"valueRequired\":true,\"valueName\":\"search_term_string\"}}],\"inLanguage\":\"fr-FR\"},{\"@type\":\"Organization\",\"@id\":\"https:\\\/\\\/districos.standingout.be\\\/fr\\\/#organization\",\"name\":\"Districos Webshop\",\"url\":\"https:\\\/\\\/districos.standingout.be\\\/fr\\\/\",\"logo\":{\"@type\":\"ImageObject\",\"inLanguage\":\"fr-FR\",\"@id\":\"https:\\\/\\\/districos.standingout.be\\\/fr\\\/#\\\/schema\\\/logo\\\/image\\\/\",\"url\":\"https:\\\/\\\/districos.standingout.be\\\/wp-content\\\/uploads\\\/2022\\\/09\\\/Districos_Logo_Webshop.svg\",\"contentUrl\":\"https:\\\/\\\/districos.standingout.be\\\/wp-content\\\/uploads\\\/2022\\\/09\\\/Districos_Logo_Webshop.svg\",\"caption\":\"Districos Webshop\"},\"image\":{\"@id\":\"https:\\\/\\\/districos.standingout.be\\\/fr\\\/#\\\/schema\\\/logo\\\/image\\\/\"}}]}<\/script>\n<!-- \/ Yoast SEO plugin. -->","yoast_head_json":{"title":"Housse en \u00c9ponge 2P pour Table de Massage Snooz - Districos Webshop","robots":{"index":"noindex","follow":"follow","max-snippet":"max-snippet:-1","max-image-preview":"max-image-preview:large","max-video-preview":"max-video-preview:-1"},"og_locale":"fr_FR","og_type":"article","og_title":"Housse en \u00c9ponge 2P pour Table de Massage Snooz - Districos Webshop","og_description":"Housse en tissue \u00e9ponge pour la table de massage de type Snooz compos\u00e9e de 2 pi\u00e8ces : Housse pour le coussin pour la cavit\u00e9 faciale Housse pour la table de massage incluant les coussins pour les bras (pas de housse s\u00e9par\u00e9e pour les coussins pour les bras) avec une d\u00e9coupe pour la cavit\u00e9 faciale","og_url":"https:\/\/districos.standingout.be\/fr\/product\/housse-en-eponge-2p-pour-table-de-massage-snooz-ref-8410-110\/","og_site_name":"Districos Webshop","article_modified_time":"2026-04-28T09:18:09+00:00","twitter_card":"summary_large_image","schema":{"@context":"https:\/\/schema.org","@graph":[{"@type":"WebPage","@id":"https:\/\/districos.standingout.be\/fr\/product\/housse-en-eponge-2p-pour-table-de-massage-snooz-ref-8410-110\/","url":"https:\/\/districos.standingout.be\/fr\/product\/housse-en-eponge-2p-pour-table-de-massage-snooz-ref-8410-110\/","name":"Housse en \u00c9ponge 2P pour Table de Massage Snooz - Districos Webshop","isPartOf":{"@id":"https:\/\/districos.standingout.be\/fr\/#website"},"primaryImageOfPage":{"@id":"https:\/\/districos.standingout.be\/fr\/product\/housse-en-eponge-2p-pour-table-de-massage-snooz-ref-8410-110\/#primaryimage"},"image":{"@id":"https:\/\/districos.standingout.be\/fr\/product\/housse-en-eponge-2p-pour-table-de-massage-snooz-ref-8410-110\/#primaryimage"},"thumbnailUrl":"https:\/\/districos.standingout.be\/wp-content\/uploads\/2025\/07\/8410.110@LowRes_1.png","datePublished":"2026-04-28T09:18:04+00:00","dateModified":"2026-04-28T09:18:09+00:00","breadcrumb":{"@id":"https:\/\/districos.standingout.be\/fr\/product\/housse-en-eponge-2p-pour-table-de-massage-snooz-ref-8410-110\/#breadcrumb"},"inLanguage":"fr-FR","potentialAction":[{"@type":"ReadAction","target":["https:\/\/districos.standingout.be\/fr\/product\/housse-en-eponge-2p-pour-table-de-massage-snooz-ref-8410-110\/"]}]},{"@type":"ImageObject","inLanguage":"fr-FR","@id":"https:\/\/districos.standingout.be\/fr\/product\/housse-en-eponge-2p-pour-table-de-massage-snooz-ref-8410-110\/#primaryimage","url":"https:\/\/districos.standingout.be\/wp-content\/uploads\/2025\/07\/8410.110@LowRes_1.png","contentUrl":"https:\/\/districos.standingout.be\/wp-content\/uploads\/2025\/07\/8410.110@LowRes_1.png","width":600,"height":600},{"@type":"BreadcrumbList","@id":"https:\/\/districos.standingout.be\/fr\/product\/housse-en-eponge-2p-pour-table-de-massage-snooz-ref-8410-110\/#breadcrumb","itemListElement":[{"@type":"ListItem","position":1,"name":"Home","item":"https:\/\/districos.standingout.be\/fr\/bienvenue-chez-districos\/"},{"@type":"ListItem","position":2,"name":"Boutique","item":"https:\/\/districos.standingout.be\/fr\/boutique\/"},{"@type":"ListItem","position":3,"name":"Housse en \u00c9ponge 2P pour Table de Massage Snooz"}]},{"@type":"WebSite","@id":"https:\/\/districos.standingout.be\/fr\/#website","url":"https:\/\/districos.standingout.be\/fr\/","name":"Districos Webshop","description":"","publisher":{"@id":"https:\/\/districos.standingout.be\/fr\/#organization"},"potentialAction":[{"@type":"SearchAction","target":{"@type":"EntryPoint","urlTemplate":"https:\/\/districos.standingout.be\/fr\/?s={search_term_string}"},"query-input":{"@type":"PropertyValueSpecification","valueRequired":true,"valueName":"search_term_string"}}],"inLanguage":"fr-FR"},{"@type":"Organization","@id":"https:\/\/districos.standingout.be\/fr\/#organization","name":"Districos Webshop","url":"https:\/\/districos.standingout.be\/fr\/","logo":{"@type":"ImageObject","inLanguage":"fr-FR","@id":"https:\/\/districos.standingout.be\/fr\/#\/schema\/logo\/image\/","url":"https:\/\/districos.standingout.be\/wp-content\/uploads\/2022\/09\/Districos_Logo_Webshop.svg","contentUrl":"https:\/\/districos.standingout.be\/wp-content\/uploads\/2022\/09\/Districos_Logo_Webshop.svg","caption":"Districos Webshop"},"image":{"@id":"https:\/\/districos.standingout.be\/fr\/#\/schema\/logo\/image\/"}}]}},"_links":{"self":[{"href":"https:\/\/districos.standingout.be\/fr\/wp-json\/wp\/v2\/product\/138415","targetHints":{"allow":["GET"]}}],"collection":[{"href":"https:\/\/districos.standingout.be\/fr\/wp-json\/wp\/v2\/product"}],"about":[{"href":"https:\/\/districos.standingout.be\/fr\/wp-json\/wp\/v2\/types\/product"}],"replies":[{"embeddable":true,"href":"https:\/\/districos.standingout.be\/fr\/wp-json\/wp\/v2\/comments?post=138415"}],"wp:featuredmedia":[{"embeddable":true,"href":"https:\/\/districos.standingout.be\/fr\/wp-json\/wp\/v2\/media\/81239"}],"wp:attachment":[{"href":"https:\/\/districos.standingout.be\/fr\/wp-json\/wp\/v2\/media?parent=138415"}],"wp:term":[{"taxonomy":"product_brand","embeddable":true,"href":"https:\/\/districos.standingout.be\/fr\/wp-json\/wp\/v2\/product_brand?post=138415"},{"taxonomy":"product_cat","embeddable":true,"href":"https:\/\/districos.standingout.be\/fr\/wp-json\/wp\/v2\/product_cat?post=138415"},{"taxonomy":"product_tag","embeddable":true,"href":"https:\/\/districos.standingout.be\/fr\/wp-json\/wp\/v2\/product_tag?post=138415"}],"curies":[{"name":"wp","href":"https:\/\/api.w.org\/{rel}","templated":true}]}}