{"id":138423,"date":"2026-04-28T11:19:16","date_gmt":"2026-04-28T09:19:16","guid":{"rendered":"https:\/\/webshopdistricoscom.webhosting.be\/product\/hag-capisco-puls-8020-soft-seating-ref-8413-20-2\/"},"modified":"2026-04-28T11:19:26","modified_gmt":"2026-04-28T09:19:26","slug":"hag-capisco-puls-8020-soft-seating-ref-8413-20","status":"publish","type":"product","link":"https:\/\/districos.standingout.be\/fr\/product\/hag-capisco-puls-8020-soft-seating-ref-8413-20\/","title":{"rendered":"Hag Capisco Puls 8020 Soft Seating"},"content":{"rendered":"<p >\n<p dir=ltr>Le Capisco Puls \u00e9quilibre intuitivement votre corps de sorte que vous soyez toujours assis correctement en adoptant une position de travail active et ergonomique. Rev\u00eatement en ska\u00ef (cuir artificiel) d\u00e9sinfectable, \u00e0 d\u00e9sinfecter \u00e0 l\u2019aide de D\u00fcrr FD 366 (R\u00e9f. 7091.85\/87) avec un nettoyage suppl\u00e9mentaire r\u00e9gulier avec le nettoyant et hydratant D\u00fcrr FD 360 (R\u00e9f. 7091.89).<\/p>\n<p> Caract\u00e9ristiques : <\/p>\n<ul> <\/p>\n<li>Pied pentagonal aluminium<\/li>\n<p> <\/p>\n<li>Repose-pieds int\u00e9gr\u00e9 au pied<\/li>\n<p> <\/p>\n<li>Hauteur r\u00e9glable entre 48 et 62 cm (standard)<\/li>\n<p> <\/p>\n<li>Dossier dynamique : r\u00e9glable en hauteur et basculant<\/li>\n<p> <\/p>\n<li>Si\u00e8ge-selle dynamique avec coussin extra confortable et lavable (Soft Seating) : fonction basculante peut \u00eatre verrouill\u00e9e et la r\u00e9sistance basculante ajust\u00e9e<\/li>\n<p> <\/p>\n<li>Largeur du si\u00e8ge : 46,5 cm<\/li>\n<p> <\/p>\n<li>Rev\u00eatement : ska\u00ef (cuir artificiel) d\u00e9sinfectable <\/li>\n<p> <\/p>\n<li>Couleur : noir-blanc<\/li>\n<p> <\/ul>\n<p> Option : housses universelles pour tabourets en coton stretch ou stretch velours, blanches ou vanille <\/p>\n<p> HAG\u00ae Capisco Puls 8020 Soft Seating, 8413.20<\/p><\/p>\n","protected":false},"excerpt":{"rendered":"<p>Le Capisco Puls \u00e9quilibre intuitivement votre corps de sorte que vous soyez toujours assis correctement en adoptant une position de travail active et ergonomique. Rev\u00eatement en ska\u00ef (cuir artificiel) d\u00e9sinfectable, \u00e0 d\u00e9sinfecter \u00e0 l\u2019aide de D\u00fcrr FD 366 (R\u00e9f. 7091.85\/87) avec un nettoyage suppl\u00e9mentaire r\u00e9gulier avec le nettoyant et hydratant D\u00fcrr FD 360 (R\u00e9f. 7091.89). [&hellip;]<\/p>\n","protected":false},"featured_media":81272,"comment_status":"open","ping_status":"closed","template":"","meta":{"_acf_changed":false},"product_brand":[10422],"product_cat":[9960,10233,10068,10106],"product_tag":[],"class_list":{"0":"post-138423","1":"product","2":"type-product","3":"status-publish","4":"has-post-thumbnail","6":"product_brand-hag-fr","7":"product_cat-beaute-pedicure-amenagement-du-cabinet","8":"product_cat-amenagement-fauteuils-de-traitement-pedicure","9":"product_cat-soins-des-pieds-podologie-amenagement-du-cabinet-tabourets","10":"product_cat-amenagement-amenagement-tabourets","12":"first","13":"instock","14":"taxable","15":"shipping-taxable","16":"product-type-simple"},"acf":[],"yoast_head":"<!-- This site is optimized with the Yoast SEO plugin v27.3 - https:\/\/yoast.com\/product\/yoast-seo-wordpress\/ -->\n<title>Hag Capisco Puls 8020 Soft Seating - Districos Webshop<\/title>\n<meta name=\"robots\" content=\"noindex, follow, max-snippet:-1, max-image-preview:large, max-video-preview:-1\" \/>\n<meta property=\"og:locale\" content=\"fr_FR\" \/>\n<meta property=\"og:type\" content=\"article\" \/>\n<meta property=\"og:title\" content=\"Hag Capisco Puls 8020 Soft Seating - Districos Webshop\" \/>\n<meta property=\"og:description\" content=\"Le Capisco Puls \u00e9quilibre intuitivement votre corps de sorte que vous soyez toujours assis correctement en adoptant une position de travail active et ergonomique. Rev\u00eatement en ska\u00ef (cuir artificiel) d\u00e9sinfectable, \u00e0 d\u00e9sinfecter \u00e0 l\u2019aide de D\u00fcrr FD 366 (R\u00e9f. 7091.85\/87) avec un nettoyage suppl\u00e9mentaire r\u00e9gulier avec le nettoyant et hydratant D\u00fcrr FD 360 (R\u00e9f. 7091.89). [&hellip;]\" \/>\n<meta property=\"og:url\" content=\"https:\/\/districos.standingout.be\/fr\/product\/hag-capisco-puls-8020-soft-seating-ref-8413-20\/\" \/>\n<meta property=\"og:site_name\" content=\"Districos Webshop\" \/>\n<meta property=\"article:modified_time\" content=\"2026-04-28T09:19:26+00:00\" \/>\n<meta name=\"twitter:card\" content=\"summary_large_image\" \/>\n<meta name=\"twitter:label1\" content=\"Dur\u00e9e de lecture estim\u00e9e\" \/>\n\t<meta name=\"twitter:data1\" content=\"1 minute\" \/>\n<script type=\"application\/ld+json\" class=\"yoast-schema-graph\">{\"@context\":\"https:\\\/\\\/schema.org\",\"@graph\":[{\"@type\":\"WebPage\",\"@id\":\"https:\\\/\\\/districos.standingout.be\\\/fr\\\/product\\\/hag-capisco-puls-8020-soft-seating-ref-8413-20\\\/\",\"url\":\"https:\\\/\\\/districos.standingout.be\\\/fr\\\/product\\\/hag-capisco-puls-8020-soft-seating-ref-8413-20\\\/\",\"name\":\"Hag Capisco Puls 8020 Soft Seating - Districos Webshop\",\"isPartOf\":{\"@id\":\"https:\\\/\\\/districos.standingout.be\\\/fr\\\/#website\"},\"primaryImageOfPage\":{\"@id\":\"https:\\\/\\\/districos.standingout.be\\\/fr\\\/product\\\/hag-capisco-puls-8020-soft-seating-ref-8413-20\\\/#primaryimage\"},\"image\":{\"@id\":\"https:\\\/\\\/districos.standingout.be\\\/fr\\\/product\\\/hag-capisco-puls-8020-soft-seating-ref-8413-20\\\/#primaryimage\"},\"thumbnailUrl\":\"https:\\\/\\\/districos.standingout.be\\\/wp-content\\\/uploads\\\/2025\\\/07\\\/8413.20@LowRes_1.png\",\"datePublished\":\"2026-04-28T09:19:16+00:00\",\"dateModified\":\"2026-04-28T09:19:26+00:00\",\"breadcrumb\":{\"@id\":\"https:\\\/\\\/districos.standingout.be\\\/fr\\\/product\\\/hag-capisco-puls-8020-soft-seating-ref-8413-20\\\/#breadcrumb\"},\"inLanguage\":\"fr-FR\",\"potentialAction\":[{\"@type\":\"ReadAction\",\"target\":[\"https:\\\/\\\/districos.standingout.be\\\/fr\\\/product\\\/hag-capisco-puls-8020-soft-seating-ref-8413-20\\\/\"]}]},{\"@type\":\"ImageObject\",\"inLanguage\":\"fr-FR\",\"@id\":\"https:\\\/\\\/districos.standingout.be\\\/fr\\\/product\\\/hag-capisco-puls-8020-soft-seating-ref-8413-20\\\/#primaryimage\",\"url\":\"https:\\\/\\\/districos.standingout.be\\\/wp-content\\\/uploads\\\/2025\\\/07\\\/8413.20@LowRes_1.png\",\"contentUrl\":\"https:\\\/\\\/districos.standingout.be\\\/wp-content\\\/uploads\\\/2025\\\/07\\\/8413.20@LowRes_1.png\",\"width\":600,\"height\":600},{\"@type\":\"BreadcrumbList\",\"@id\":\"https:\\\/\\\/districos.standingout.be\\\/fr\\\/product\\\/hag-capisco-puls-8020-soft-seating-ref-8413-20\\\/#breadcrumb\",\"itemListElement\":[{\"@type\":\"ListItem\",\"position\":1,\"name\":\"Home\",\"item\":\"https:\\\/\\\/districos.standingout.be\\\/fr\\\/bienvenue-chez-districos\\\/\"},{\"@type\":\"ListItem\",\"position\":2,\"name\":\"Boutique\",\"item\":\"https:\\\/\\\/districos.standingout.be\\\/fr\\\/boutique\\\/\"},{\"@type\":\"ListItem\",\"position\":3,\"name\":\"Hag Capisco Puls 8020 Soft Seating\"}]},{\"@type\":\"WebSite\",\"@id\":\"https:\\\/\\\/districos.standingout.be\\\/fr\\\/#website\",\"url\":\"https:\\\/\\\/districos.standingout.be\\\/fr\\\/\",\"name\":\"Districos Webshop\",\"description\":\"\",\"publisher\":{\"@id\":\"https:\\\/\\\/districos.standingout.be\\\/fr\\\/#organization\"},\"potentialAction\":[{\"@type\":\"SearchAction\",\"target\":{\"@type\":\"EntryPoint\",\"urlTemplate\":\"https:\\\/\\\/districos.standingout.be\\\/fr\\\/?s={search_term_string}\"},\"query-input\":{\"@type\":\"PropertyValueSpecification\",\"valueRequired\":true,\"valueName\":\"search_term_string\"}}],\"inLanguage\":\"fr-FR\"},{\"@type\":\"Organization\",\"@id\":\"https:\\\/\\\/districos.standingout.be\\\/fr\\\/#organization\",\"name\":\"Districos Webshop\",\"url\":\"https:\\\/\\\/districos.standingout.be\\\/fr\\\/\",\"logo\":{\"@type\":\"ImageObject\",\"inLanguage\":\"fr-FR\",\"@id\":\"https:\\\/\\\/districos.standingout.be\\\/fr\\\/#\\\/schema\\\/logo\\\/image\\\/\",\"url\":\"https:\\\/\\\/districos.standingout.be\\\/wp-content\\\/uploads\\\/2022\\\/09\\\/Districos_Logo_Webshop.svg\",\"contentUrl\":\"https:\\\/\\\/districos.standingout.be\\\/wp-content\\\/uploads\\\/2022\\\/09\\\/Districos_Logo_Webshop.svg\",\"caption\":\"Districos Webshop\"},\"image\":{\"@id\":\"https:\\\/\\\/districos.standingout.be\\\/fr\\\/#\\\/schema\\\/logo\\\/image\\\/\"}}]}<\/script>\n<!-- \/ Yoast SEO plugin. -->","yoast_head_json":{"title":"Hag Capisco Puls 8020 Soft Seating - Districos Webshop","robots":{"index":"noindex","follow":"follow","max-snippet":"max-snippet:-1","max-image-preview":"max-image-preview:large","max-video-preview":"max-video-preview:-1"},"og_locale":"fr_FR","og_type":"article","og_title":"Hag Capisco Puls 8020 Soft Seating - Districos Webshop","og_description":"Le Capisco Puls \u00e9quilibre intuitivement votre corps de sorte que vous soyez toujours assis correctement en adoptant une position de travail active et ergonomique. Rev\u00eatement en ska\u00ef (cuir artificiel) d\u00e9sinfectable, \u00e0 d\u00e9sinfecter \u00e0 l\u2019aide de D\u00fcrr FD 366 (R\u00e9f. 7091.85\/87) avec un nettoyage suppl\u00e9mentaire r\u00e9gulier avec le nettoyant et hydratant D\u00fcrr FD 360 (R\u00e9f. 7091.89). [&hellip;]","og_url":"https:\/\/districos.standingout.be\/fr\/product\/hag-capisco-puls-8020-soft-seating-ref-8413-20\/","og_site_name":"Districos Webshop","article_modified_time":"2026-04-28T09:19:26+00:00","twitter_card":"summary_large_image","twitter_misc":{"Dur\u00e9e de lecture estim\u00e9e":"1 minute"},"schema":{"@context":"https:\/\/schema.org","@graph":[{"@type":"WebPage","@id":"https:\/\/districos.standingout.be\/fr\/product\/hag-capisco-puls-8020-soft-seating-ref-8413-20\/","url":"https:\/\/districos.standingout.be\/fr\/product\/hag-capisco-puls-8020-soft-seating-ref-8413-20\/","name":"Hag Capisco Puls 8020 Soft Seating - Districos Webshop","isPartOf":{"@id":"https:\/\/districos.standingout.be\/fr\/#website"},"primaryImageOfPage":{"@id":"https:\/\/districos.standingout.be\/fr\/product\/hag-capisco-puls-8020-soft-seating-ref-8413-20\/#primaryimage"},"image":{"@id":"https:\/\/districos.standingout.be\/fr\/product\/hag-capisco-puls-8020-soft-seating-ref-8413-20\/#primaryimage"},"thumbnailUrl":"https:\/\/districos.standingout.be\/wp-content\/uploads\/2025\/07\/8413.20@LowRes_1.png","datePublished":"2026-04-28T09:19:16+00:00","dateModified":"2026-04-28T09:19:26+00:00","breadcrumb":{"@id":"https:\/\/districos.standingout.be\/fr\/product\/hag-capisco-puls-8020-soft-seating-ref-8413-20\/#breadcrumb"},"inLanguage":"fr-FR","potentialAction":[{"@type":"ReadAction","target":["https:\/\/districos.standingout.be\/fr\/product\/hag-capisco-puls-8020-soft-seating-ref-8413-20\/"]}]},{"@type":"ImageObject","inLanguage":"fr-FR","@id":"https:\/\/districos.standingout.be\/fr\/product\/hag-capisco-puls-8020-soft-seating-ref-8413-20\/#primaryimage","url":"https:\/\/districos.standingout.be\/wp-content\/uploads\/2025\/07\/8413.20@LowRes_1.png","contentUrl":"https:\/\/districos.standingout.be\/wp-content\/uploads\/2025\/07\/8413.20@LowRes_1.png","width":600,"height":600},{"@type":"BreadcrumbList","@id":"https:\/\/districos.standingout.be\/fr\/product\/hag-capisco-puls-8020-soft-seating-ref-8413-20\/#breadcrumb","itemListElement":[{"@type":"ListItem","position":1,"name":"Home","item":"https:\/\/districos.standingout.be\/fr\/bienvenue-chez-districos\/"},{"@type":"ListItem","position":2,"name":"Boutique","item":"https:\/\/districos.standingout.be\/fr\/boutique\/"},{"@type":"ListItem","position":3,"name":"Hag Capisco Puls 8020 Soft Seating"}]},{"@type":"WebSite","@id":"https:\/\/districos.standingout.be\/fr\/#website","url":"https:\/\/districos.standingout.be\/fr\/","name":"Districos Webshop","description":"","publisher":{"@id":"https:\/\/districos.standingout.be\/fr\/#organization"},"potentialAction":[{"@type":"SearchAction","target":{"@type":"EntryPoint","urlTemplate":"https:\/\/districos.standingout.be\/fr\/?s={search_term_string}"},"query-input":{"@type":"PropertyValueSpecification","valueRequired":true,"valueName":"search_term_string"}}],"inLanguage":"fr-FR"},{"@type":"Organization","@id":"https:\/\/districos.standingout.be\/fr\/#organization","name":"Districos Webshop","url":"https:\/\/districos.standingout.be\/fr\/","logo":{"@type":"ImageObject","inLanguage":"fr-FR","@id":"https:\/\/districos.standingout.be\/fr\/#\/schema\/logo\/image\/","url":"https:\/\/districos.standingout.be\/wp-content\/uploads\/2022\/09\/Districos_Logo_Webshop.svg","contentUrl":"https:\/\/districos.standingout.be\/wp-content\/uploads\/2022\/09\/Districos_Logo_Webshop.svg","caption":"Districos Webshop"},"image":{"@id":"https:\/\/districos.standingout.be\/fr\/#\/schema\/logo\/image\/"}}]}},"_links":{"self":[{"href":"https:\/\/districos.standingout.be\/fr\/wp-json\/wp\/v2\/product\/138423","targetHints":{"allow":["GET"]}}],"collection":[{"href":"https:\/\/districos.standingout.be\/fr\/wp-json\/wp\/v2\/product"}],"about":[{"href":"https:\/\/districos.standingout.be\/fr\/wp-json\/wp\/v2\/types\/product"}],"replies":[{"embeddable":true,"href":"https:\/\/districos.standingout.be\/fr\/wp-json\/wp\/v2\/comments?post=138423"}],"wp:featuredmedia":[{"embeddable":true,"href":"https:\/\/districos.standingout.be\/fr\/wp-json\/wp\/v2\/media\/81272"}],"wp:attachment":[{"href":"https:\/\/districos.standingout.be\/fr\/wp-json\/wp\/v2\/media?parent=138423"}],"wp:term":[{"taxonomy":"product_brand","embeddable":true,"href":"https:\/\/districos.standingout.be\/fr\/wp-json\/wp\/v2\/product_brand?post=138423"},{"taxonomy":"product_cat","embeddable":true,"href":"https:\/\/districos.standingout.be\/fr\/wp-json\/wp\/v2\/product_cat?post=138423"},{"taxonomy":"product_tag","embeddable":true,"href":"https:\/\/districos.standingout.be\/fr\/wp-json\/wp\/v2\/product_tag?post=138423"}],"curies":[{"name":"wp","href":"https:\/\/api.w.org\/{rel}","templated":true}]}}