{"id":138429,"date":"2026-04-28T11:19:45","date_gmt":"2026-04-28T09:19:45","guid":{"rendered":"https:\/\/webshopdistricoscom.webhosting.be\/product\/tabouret-bas-sans-dossier-blanc-brillant-ref-8415-070\/"},"modified":"2026-04-28T11:19:50","modified_gmt":"2026-04-28T09:19:50","slug":"tabouret-bas-sans-dossier-blanc-brillant-ref-8415-070","status":"publish","type":"product","link":"https:\/\/districos.standingout.be\/fr\/product\/tabouret-bas-sans-dossier-blanc-brillant-ref-8415-070\/","title":{"rendered":"Tabouret Bas sans Dossier Blanc Brillant"},"content":{"rendered":"<p >\n<p dir=\"ltr\"><b>Tabouret moderne et styl\u00e9 rond.<\/b><br \/><span>Ce tabouret peut \u00eatre \u00e9quip\u00e9 des v\u00e9rins \u00e0 gaz diff\u00e9rents (voir options). Ajoutez, si vous d\u00e9sirez une autre hauteur, le v\u00e9rin \u00e0 gaz de votre choix \u00e0 votre commande.<\/span><br \/>Caract\u00e9ristiques :<\/p>\n<ul>\n<li>Pied pentagonal chrom\u00e9<\/li>\n<li>Hauteur r\u00e9glable entre 43 et 57 cm (standard)<\/li>\n<li>Hauteur r\u00e9glable avec v\u00e9rin \u00e0 gaz (-5, +10 en +20 cm)<\/li>\n<li>Diam\u00e8tre du si\u00e8ge : 36 cm<\/li>\n<li>Rev\u00eatement : skai non m\u00e9dical<\/li>\n<li>Couleur : blanc brillant<\/li>\n<\/ul>\n<div>Options :<\/div>\n<ul>\n<li><span lang=\"FR\">Repose-pieds chrom\u00e9 (r\u00e9f. 8502.351)<\/span><\/li>\n<li><span lang=\"FR\">V\u00e9rin \u00e0 gaz extra bas (-5 cm,&nbsp;<a href=\"https:\/\/webshop.districos.com\/ProductDetail\/8403.500\" target=\"_blank\" rel=\"noopener noreferrer nofollow\">r\u00e9f. 8403.500<\/a>), v\u00e9rin \u00e0 gaz long (+10 cm,&nbsp;<a href=\"https:\/\/webshop.districos.com\/ProductDetail\/8403.501\" target=\"_blank\" rel=\"noopener noreferrer nofollow\">r\u00e9f. 8403.501<\/a>) ou v\u00e9rin \u00e0 gaz extra long (+20 cm,&nbsp;<a href=\"https:\/\/webshop.districos.com\/ProductDetail\/8403.502\" target=\"_blank\" rel=\"noopener noreferrer nofollow\">r\u00e9f. 8403.502<\/a>)<\/span><\/li>\n<li><span lang=\"FR\">Housses universelles pour tabourets en coton stretch ou stretch velours, blanches ou vanille<\/span><\/li>\n<\/ul>\n<div><font face=\"Verdana, sans-serif\">Disponible en 3 couleurs :&nbsp;<\/font><\/div>\n<ul>\n<li>Blanc (r\u00e9f. 8415.020)<\/li>\n<li>Noir (r\u00e9f. 8415.030)<\/li>\n<li>Blanc Brillant (r\u00e9f. 8415.070)<\/li>\n<\/ul>\n<div><\/div>\n<div><i><span>Ce tabouret peut \u00eatre \u00e9quip\u00e9e de v\u00e9rins \u00e0 gaz alternatifs, permettant une hauteur r\u00e9glable diff\u00e9rente.&nbsp;<\/span><font face=\"Verdana\">Veuillez contacter notre service client\u00e8le si vous souhaitez ce tabouret avec un autre v\u00e9rin \u00e0 gaz ou ajoutez le v\u00e9rin \u00e0 gaz souhait\u00e9 \u00e0 votre commande.<\/font><br \/><\/i><\/p>\n<ul>\n<li><i>V\u00e9rin \u00e0 gaz extra bas (<a href=\"https:\/\/webshop.districos.com\/ProductDetail\/8403.500\" target=\"_blank\" rel=\"noopener noreferrer nofollow\">ref. 8403.500<\/a>) : -5 cm.<\/i><\/li>\n<li><i>V\u00e9rin \u00e0 gaz bas (standard).<\/i><\/li>\n<li><i>V\u00e9rin \u00e0 gaz haut (<a href=\"https:\/\/webshop.districos.com\/ProductDetail\/8403.501\" target=\"_blank\" rel=\"noopener noreferrer nofollow\">r\u00e9f. 8403.501<\/a>) : +10 cm.<\/i><\/li>\n<li><i>V\u00e9rin \u00e0 gaz extra haut (<a href=\"https:\/\/webshop.districos.com\/ProductDetail\/8403.502\" target=\"_blank\" rel=\"noopener noreferrer nofollow\">r\u00e9f. 8403.502<\/a>) : +20 cm.<\/i><\/li>\n<\/ul>\n<\/div>\n","protected":false},"excerpt":{"rendered":"<p>Tabouret moderne et styl\u00e9 rond.Ce tabouret peut \u00eatre \u00e9quip\u00e9 des v\u00e9rins \u00e0 gaz diff\u00e9rents (voir options). Ajoutez, si vous d\u00e9sirez une autre hauteur, le v\u00e9rin \u00e0 gaz de votre choix \u00e0 votre commande.Caract\u00e9ristiques : Pied pentagonal chrom\u00e9 Hauteur r\u00e9glable entre 43 et 57 cm (standard) Hauteur r\u00e9glable avec v\u00e9rin \u00e0 gaz (-5, +10 en +20 [&hellip;]<\/p>\n","protected":false},"featured_media":81287,"comment_status":"open","ping_status":"closed","template":"","meta":{"_acf_changed":false},"product_brand":[10612],"product_cat":[9960,10233,10068,10106],"product_tag":[],"class_list":{"0":"post-138429","1":"product","2":"type-product","3":"status-publish","4":"has-post-thumbnail","6":"product_brand-zenna-fr","7":"product_cat-beaute-pedicure-amenagement-du-cabinet","8":"product_cat-amenagement-fauteuils-de-traitement-pedicure","9":"product_cat-soins-des-pieds-podologie-amenagement-du-cabinet-tabourets","10":"product_cat-amenagement-amenagement-tabourets","12":"first","13":"instock","14":"taxable","15":"shipping-taxable","16":"product-type-simple"},"acf":[],"yoast_head":"<!-- This site is optimized with the Yoast SEO plugin v27.3 - https:\/\/yoast.com\/product\/yoast-seo-wordpress\/ -->\n<title>Tabouret Bas sans Dossier Blanc Brillant - Districos Webshop<\/title>\n<meta name=\"robots\" content=\"noindex, follow, max-snippet:-1, max-image-preview:large, max-video-preview:-1\" \/>\n<meta property=\"og:locale\" content=\"fr_FR\" \/>\n<meta property=\"og:type\" content=\"article\" \/>\n<meta property=\"og:title\" content=\"Tabouret Bas sans Dossier Blanc Brillant - Districos Webshop\" \/>\n<meta property=\"og:description\" content=\"Tabouret moderne et styl\u00e9 rond.Ce tabouret peut \u00eatre \u00e9quip\u00e9 des v\u00e9rins \u00e0 gaz diff\u00e9rents (voir options). Ajoutez, si vous d\u00e9sirez une autre hauteur, le v\u00e9rin \u00e0 gaz de votre choix \u00e0 votre commande.Caract\u00e9ristiques : Pied pentagonal chrom\u00e9 Hauteur r\u00e9glable entre 43 et 57 cm (standard) Hauteur r\u00e9glable avec v\u00e9rin \u00e0 gaz (-5, +10 en +20 [&hellip;]\" \/>\n<meta property=\"og:url\" content=\"https:\/\/districos.standingout.be\/fr\/product\/tabouret-bas-sans-dossier-blanc-brillant-ref-8415-070\/\" \/>\n<meta property=\"og:site_name\" content=\"Districos Webshop\" \/>\n<meta property=\"article:modified_time\" content=\"2026-04-28T09:19:50+00:00\" \/>\n<meta name=\"twitter:card\" content=\"summary_large_image\" \/>\n<meta name=\"twitter:label1\" content=\"Dur\u00e9e de lecture estim\u00e9e\" \/>\n\t<meta name=\"twitter:data1\" content=\"1 minute\" \/>\n<script type=\"application\/ld+json\" class=\"yoast-schema-graph\">{\"@context\":\"https:\\\/\\\/schema.org\",\"@graph\":[{\"@type\":\"WebPage\",\"@id\":\"https:\\\/\\\/districos.standingout.be\\\/fr\\\/product\\\/tabouret-bas-sans-dossier-blanc-brillant-ref-8415-070\\\/\",\"url\":\"https:\\\/\\\/districos.standingout.be\\\/fr\\\/product\\\/tabouret-bas-sans-dossier-blanc-brillant-ref-8415-070\\\/\",\"name\":\"Tabouret Bas sans Dossier Blanc Brillant - Districos Webshop\",\"isPartOf\":{\"@id\":\"https:\\\/\\\/districos.standingout.be\\\/fr\\\/#website\"},\"primaryImageOfPage\":{\"@id\":\"https:\\\/\\\/districos.standingout.be\\\/fr\\\/product\\\/tabouret-bas-sans-dossier-blanc-brillant-ref-8415-070\\\/#primaryimage\"},\"image\":{\"@id\":\"https:\\\/\\\/districos.standingout.be\\\/fr\\\/product\\\/tabouret-bas-sans-dossier-blanc-brillant-ref-8415-070\\\/#primaryimage\"},\"thumbnailUrl\":\"https:\\\/\\\/districos.standingout.be\\\/wp-content\\\/uploads\\\/2025\\\/07\\\/8415.070@LowRes_1.png\",\"datePublished\":\"2026-04-28T09:19:45+00:00\",\"dateModified\":\"2026-04-28T09:19:50+00:00\",\"breadcrumb\":{\"@id\":\"https:\\\/\\\/districos.standingout.be\\\/fr\\\/product\\\/tabouret-bas-sans-dossier-blanc-brillant-ref-8415-070\\\/#breadcrumb\"},\"inLanguage\":\"fr-FR\",\"potentialAction\":[{\"@type\":\"ReadAction\",\"target\":[\"https:\\\/\\\/districos.standingout.be\\\/fr\\\/product\\\/tabouret-bas-sans-dossier-blanc-brillant-ref-8415-070\\\/\"]}]},{\"@type\":\"ImageObject\",\"inLanguage\":\"fr-FR\",\"@id\":\"https:\\\/\\\/districos.standingout.be\\\/fr\\\/product\\\/tabouret-bas-sans-dossier-blanc-brillant-ref-8415-070\\\/#primaryimage\",\"url\":\"https:\\\/\\\/districos.standingout.be\\\/wp-content\\\/uploads\\\/2025\\\/07\\\/8415.070@LowRes_1.png\",\"contentUrl\":\"https:\\\/\\\/districos.standingout.be\\\/wp-content\\\/uploads\\\/2025\\\/07\\\/8415.070@LowRes_1.png\",\"width\":600,\"height\":600},{\"@type\":\"BreadcrumbList\",\"@id\":\"https:\\\/\\\/districos.standingout.be\\\/fr\\\/product\\\/tabouret-bas-sans-dossier-blanc-brillant-ref-8415-070\\\/#breadcrumb\",\"itemListElement\":[{\"@type\":\"ListItem\",\"position\":1,\"name\":\"Home\",\"item\":\"https:\\\/\\\/districos.standingout.be\\\/fr\\\/bienvenue-chez-districos\\\/\"},{\"@type\":\"ListItem\",\"position\":2,\"name\":\"Boutique\",\"item\":\"https:\\\/\\\/districos.standingout.be\\\/fr\\\/boutique\\\/\"},{\"@type\":\"ListItem\",\"position\":3,\"name\":\"Tabouret Bas sans Dossier Blanc Brillant\"}]},{\"@type\":\"WebSite\",\"@id\":\"https:\\\/\\\/districos.standingout.be\\\/fr\\\/#website\",\"url\":\"https:\\\/\\\/districos.standingout.be\\\/fr\\\/\",\"name\":\"Districos Webshop\",\"description\":\"\",\"publisher\":{\"@id\":\"https:\\\/\\\/districos.standingout.be\\\/fr\\\/#organization\"},\"potentialAction\":[{\"@type\":\"SearchAction\",\"target\":{\"@type\":\"EntryPoint\",\"urlTemplate\":\"https:\\\/\\\/districos.standingout.be\\\/fr\\\/?s={search_term_string}\"},\"query-input\":{\"@type\":\"PropertyValueSpecification\",\"valueRequired\":true,\"valueName\":\"search_term_string\"}}],\"inLanguage\":\"fr-FR\"},{\"@type\":\"Organization\",\"@id\":\"https:\\\/\\\/districos.standingout.be\\\/fr\\\/#organization\",\"name\":\"Districos Webshop\",\"url\":\"https:\\\/\\\/districos.standingout.be\\\/fr\\\/\",\"logo\":{\"@type\":\"ImageObject\",\"inLanguage\":\"fr-FR\",\"@id\":\"https:\\\/\\\/districos.standingout.be\\\/fr\\\/#\\\/schema\\\/logo\\\/image\\\/\",\"url\":\"https:\\\/\\\/districos.standingout.be\\\/wp-content\\\/uploads\\\/2022\\\/09\\\/Districos_Logo_Webshop.svg\",\"contentUrl\":\"https:\\\/\\\/districos.standingout.be\\\/wp-content\\\/uploads\\\/2022\\\/09\\\/Districos_Logo_Webshop.svg\",\"caption\":\"Districos Webshop\"},\"image\":{\"@id\":\"https:\\\/\\\/districos.standingout.be\\\/fr\\\/#\\\/schema\\\/logo\\\/image\\\/\"}}]}<\/script>\n<!-- \/ Yoast SEO plugin. -->","yoast_head_json":{"title":"Tabouret Bas sans Dossier Blanc Brillant - Districos Webshop","robots":{"index":"noindex","follow":"follow","max-snippet":"max-snippet:-1","max-image-preview":"max-image-preview:large","max-video-preview":"max-video-preview:-1"},"og_locale":"fr_FR","og_type":"article","og_title":"Tabouret Bas sans Dossier Blanc Brillant - Districos Webshop","og_description":"Tabouret moderne et styl\u00e9 rond.Ce tabouret peut \u00eatre \u00e9quip\u00e9 des v\u00e9rins \u00e0 gaz diff\u00e9rents (voir options). Ajoutez, si vous d\u00e9sirez une autre hauteur, le v\u00e9rin \u00e0 gaz de votre choix \u00e0 votre commande.Caract\u00e9ristiques : Pied pentagonal chrom\u00e9 Hauteur r\u00e9glable entre 43 et 57 cm (standard) Hauteur r\u00e9glable avec v\u00e9rin \u00e0 gaz (-5, +10 en +20 [&hellip;]","og_url":"https:\/\/districos.standingout.be\/fr\/product\/tabouret-bas-sans-dossier-blanc-brillant-ref-8415-070\/","og_site_name":"Districos Webshop","article_modified_time":"2026-04-28T09:19:50+00:00","twitter_card":"summary_large_image","twitter_misc":{"Dur\u00e9e de lecture estim\u00e9e":"1 minute"},"schema":{"@context":"https:\/\/schema.org","@graph":[{"@type":"WebPage","@id":"https:\/\/districos.standingout.be\/fr\/product\/tabouret-bas-sans-dossier-blanc-brillant-ref-8415-070\/","url":"https:\/\/districos.standingout.be\/fr\/product\/tabouret-bas-sans-dossier-blanc-brillant-ref-8415-070\/","name":"Tabouret Bas sans Dossier Blanc Brillant - Districos Webshop","isPartOf":{"@id":"https:\/\/districos.standingout.be\/fr\/#website"},"primaryImageOfPage":{"@id":"https:\/\/districos.standingout.be\/fr\/product\/tabouret-bas-sans-dossier-blanc-brillant-ref-8415-070\/#primaryimage"},"image":{"@id":"https:\/\/districos.standingout.be\/fr\/product\/tabouret-bas-sans-dossier-blanc-brillant-ref-8415-070\/#primaryimage"},"thumbnailUrl":"https:\/\/districos.standingout.be\/wp-content\/uploads\/2025\/07\/8415.070@LowRes_1.png","datePublished":"2026-04-28T09:19:45+00:00","dateModified":"2026-04-28T09:19:50+00:00","breadcrumb":{"@id":"https:\/\/districos.standingout.be\/fr\/product\/tabouret-bas-sans-dossier-blanc-brillant-ref-8415-070\/#breadcrumb"},"inLanguage":"fr-FR","potentialAction":[{"@type":"ReadAction","target":["https:\/\/districos.standingout.be\/fr\/product\/tabouret-bas-sans-dossier-blanc-brillant-ref-8415-070\/"]}]},{"@type":"ImageObject","inLanguage":"fr-FR","@id":"https:\/\/districos.standingout.be\/fr\/product\/tabouret-bas-sans-dossier-blanc-brillant-ref-8415-070\/#primaryimage","url":"https:\/\/districos.standingout.be\/wp-content\/uploads\/2025\/07\/8415.070@LowRes_1.png","contentUrl":"https:\/\/districos.standingout.be\/wp-content\/uploads\/2025\/07\/8415.070@LowRes_1.png","width":600,"height":600},{"@type":"BreadcrumbList","@id":"https:\/\/districos.standingout.be\/fr\/product\/tabouret-bas-sans-dossier-blanc-brillant-ref-8415-070\/#breadcrumb","itemListElement":[{"@type":"ListItem","position":1,"name":"Home","item":"https:\/\/districos.standingout.be\/fr\/bienvenue-chez-districos\/"},{"@type":"ListItem","position":2,"name":"Boutique","item":"https:\/\/districos.standingout.be\/fr\/boutique\/"},{"@type":"ListItem","position":3,"name":"Tabouret Bas sans Dossier Blanc Brillant"}]},{"@type":"WebSite","@id":"https:\/\/districos.standingout.be\/fr\/#website","url":"https:\/\/districos.standingout.be\/fr\/","name":"Districos Webshop","description":"","publisher":{"@id":"https:\/\/districos.standingout.be\/fr\/#organization"},"potentialAction":[{"@type":"SearchAction","target":{"@type":"EntryPoint","urlTemplate":"https:\/\/districos.standingout.be\/fr\/?s={search_term_string}"},"query-input":{"@type":"PropertyValueSpecification","valueRequired":true,"valueName":"search_term_string"}}],"inLanguage":"fr-FR"},{"@type":"Organization","@id":"https:\/\/districos.standingout.be\/fr\/#organization","name":"Districos Webshop","url":"https:\/\/districos.standingout.be\/fr\/","logo":{"@type":"ImageObject","inLanguage":"fr-FR","@id":"https:\/\/districos.standingout.be\/fr\/#\/schema\/logo\/image\/","url":"https:\/\/districos.standingout.be\/wp-content\/uploads\/2022\/09\/Districos_Logo_Webshop.svg","contentUrl":"https:\/\/districos.standingout.be\/wp-content\/uploads\/2022\/09\/Districos_Logo_Webshop.svg","caption":"Districos Webshop"},"image":{"@id":"https:\/\/districos.standingout.be\/fr\/#\/schema\/logo\/image\/"}}]}},"_links":{"self":[{"href":"https:\/\/districos.standingout.be\/fr\/wp-json\/wp\/v2\/product\/138429","targetHints":{"allow":["GET"]}}],"collection":[{"href":"https:\/\/districos.standingout.be\/fr\/wp-json\/wp\/v2\/product"}],"about":[{"href":"https:\/\/districos.standingout.be\/fr\/wp-json\/wp\/v2\/types\/product"}],"replies":[{"embeddable":true,"href":"https:\/\/districos.standingout.be\/fr\/wp-json\/wp\/v2\/comments?post=138429"}],"wp:featuredmedia":[{"embeddable":true,"href":"https:\/\/districos.standingout.be\/fr\/wp-json\/wp\/v2\/media\/81287"}],"wp:attachment":[{"href":"https:\/\/districos.standingout.be\/fr\/wp-json\/wp\/v2\/media?parent=138429"}],"wp:term":[{"taxonomy":"product_brand","embeddable":true,"href":"https:\/\/districos.standingout.be\/fr\/wp-json\/wp\/v2\/product_brand?post=138429"},{"taxonomy":"product_cat","embeddable":true,"href":"https:\/\/districos.standingout.be\/fr\/wp-json\/wp\/v2\/product_cat?post=138429"},{"taxonomy":"product_tag","embeddable":true,"href":"https:\/\/districos.standingout.be\/fr\/wp-json\/wp\/v2\/product_tag?post=138429"}],"curies":[{"name":"wp","href":"https:\/\/api.w.org\/{rel}","templated":true}]}}