{"id":138465,"date":"2026-04-28T11:25:15","date_gmt":"2026-04-28T09:25:15","guid":{"rendered":"https:\/\/webshopdistricoscom.webhosting.be\/product\/veda-pedie-table-de-soins-3-moteurs-ref-8420-53\/"},"modified":"2026-04-28T11:25:29","modified_gmt":"2026-04-28T09:25:29","slug":"veda-pedie-table-de-soins-3-moteurs-ref-8420-53","status":"publish","type":"product","link":"https:\/\/districos.standingout.be\/fr\/product\/veda-pedie-table-de-soins-3-moteurs-ref-8420-53\/","title":{"rendered":"Veda Pedie Table de Soins 3 moteurs"},"content":{"rendered":"<p >\n<p dir=ltr>Table exclusive, \u00e9l\u00e9gante et polyvalente pour les soins de beaut\u00e9, wellness et m\u00eame les soins des pieds. Vous pouvez effectuer confortablement et de fa\u00e7on d\u00e9tendue tous vos soins avec cette table de soins compl\u00e8tement \u00e9lectrique, aussi bien en position assise que debout. Gr\u00e2ce \u00e0 la matelassure ergothermique qui s\u2019adapte aux contours du corps, votre client(e) \u00e9prouvera une relaxation ultime pendant le soin. <\/p>\n<ul> <\/p>\n<li>R\u00e9glage \u00e9lectrique de hauteur : 56-87 cm<\/li>\n<p> <\/p>\n<li>R\u00e9glage \u00e9lectrique de pliage des genoux et de dossier<\/li>\n<p> <\/p>\n<li>Avec cavit\u00e9 faciale<\/li>\n<p> <\/p>\n<li>Appuie-t\u00eate et accoudoirs amovibles<\/li>\n<p> <\/p>\n<li>Repose-pieds \u00e9tirable et amovible pour les soins de p\u00e9dicure (\u00e9galement disponible sans)<\/li>\n<p> <\/p>\n<li>Coussin ergothermique pour une position couch\u00e9e agr\u00e9able<\/li>\n<p> <\/p>\n<li>Rev\u00eatement : ska\u00ef (cuir artificiel)<\/li>\n<p> <\/p>\n<li>Fonctions programmables : oui, 3 positions pr\u00e9f\u00e9rentielles<\/li>\n<p> <\/p>\n<li>Chauffage : non (\u00e9galement disponible avec)<\/li>\n<p> <\/p>\n<li>Dimensions : 207-225 x 78 x 56-87 cm<\/li>\n<p> <\/p>\n<li>Poids : 70 kg<\/li>\n<p> <\/p>\n<li>Force portative : 200 kg<\/li>\n<p> <\/ul>\n<p> Options : <\/p>\n<ul> <\/p>\n<li>Housse stretch Veda Pedie 8 pi\u00e8ces (R\u00e9f. 8420.97)<\/li>\n<p> <\/p>\n<li>Housses protection non-tiss\u00e9es pour tables de soins 10 pcs. (R\u00e9f. 8894.01)<\/li>\n<p> <\/p>\n<li>Plateau de rangement blanc ou weng\u00e9 (R\u00e9f. resp. 8420.61\/62)<\/li>\n<p> <\/ul>\n<p> <b>ATTENTION :&nbsp;<\/b>Cet article est livr\u00e9 par nos propres services apr\u00e8s que nous vous ayons appel\u00e9 pour prendre rendez-vous. Vous devez donc tenir compte que le d\u00e9lai de livraison peut atteindre jusqu\u2019\u00e0 7 \u00e0 10 jours ouvrables, selon la disponibilit\u00e9 et la route de notre chauffeur. Lorsque vous passez une commande, veuillez toujours \u00e0 donner une indication de l\u2019urgence dans la case&nbsp;<i>remarques<\/i>, afin de garantir un traitement rapide de votre commande. Dans le cas o\u00f9 vous n\u2019avez pas re\u00e7u d\u2019appel de notre part, n\u2019h\u00e9sitez pas \u00e0 nous contacter. Pour plus d\u2019informations, nous vous renvoyons vers nos&nbsp;<i>conditions&nbsp;<\/i><i>g\u00e9n\u00e9rales.<\/i> <\/p>\n<p> \u00c9galement disponible : <\/p>\n<ul> <\/p>\n<li>Table de Soins Veda sans repose-pieds amovible et sans chauffage (R\u00e9f. 8420.51)<\/li>\n<p> <\/p>\n<li>Table de Soins Veda H avec chauffage (R\u00e9f. 8420.52)<\/li>\n<p> <\/p>\n<li>Table de Soins Veda Pedie H avec repose-pieds amovible pour les soins des pieds et avec chauffage (R\u00e9f. 8420.54)<\/li>\n<p> <\/ul><\/p>\n","protected":false},"excerpt":{"rendered":"<p>Table exclusive, \u00e9l\u00e9gante et polyvalente pour les soins de beaut\u00e9, wellness et m\u00eame les soins des pieds. Vous pouvez effectuer confortablement et de fa\u00e7on d\u00e9tendue tous vos soins avec cette table de soins compl\u00e8tement \u00e9lectrique, aussi bien en position assise que debout. Gr\u00e2ce \u00e0 la matelassure ergothermique qui s\u2019adapte aux contours du corps, votre client(e) [&hellip;]<\/p>\n","protected":false},"featured_media":81485,"comment_status":"open","ping_status":"closed","template":"","meta":{"_acf_changed":false},"product_brand":[10348],"product_cat":[9960,10237],"product_tag":[],"class_list":{"0":"post-138465","1":"product","2":"type-product","3":"status-publish","4":"has-post-thumbnail","6":"product_brand-cosmoderm-fr","7":"product_cat-beaute-pedicure-amenagement-du-cabinet","8":"product_cat-amenagement-fauteuils-de-traitement-massage","10":"first","11":"outofstock","12":"taxable","13":"shipping-taxable","14":"product-type-simple"},"acf":[],"yoast_head":"<!-- This site is optimized with the Yoast SEO plugin v27.3 - https:\/\/yoast.com\/product\/yoast-seo-wordpress\/ -->\n<title>Veda Pedie Table de Soins 3 moteurs - Districos Webshop<\/title>\n<meta name=\"robots\" content=\"noindex, follow, max-snippet:-1, max-image-preview:large, max-video-preview:-1\" \/>\n<meta property=\"og:locale\" content=\"fr_FR\" \/>\n<meta property=\"og:type\" content=\"article\" \/>\n<meta property=\"og:title\" content=\"Veda Pedie Table de Soins 3 moteurs - Districos Webshop\" \/>\n<meta property=\"og:description\" content=\"Table exclusive, \u00e9l\u00e9gante et polyvalente pour les soins de beaut\u00e9, wellness et m\u00eame les soins des pieds. Vous pouvez effectuer confortablement et de fa\u00e7on d\u00e9tendue tous vos soins avec cette table de soins compl\u00e8tement \u00e9lectrique, aussi bien en position assise que debout. Gr\u00e2ce \u00e0 la matelassure ergothermique qui s\u2019adapte aux contours du corps, votre client(e) [&hellip;]\" \/>\n<meta property=\"og:url\" content=\"https:\/\/districos.standingout.be\/fr\/product\/veda-pedie-table-de-soins-3-moteurs-ref-8420-53\/\" \/>\n<meta property=\"og:site_name\" content=\"Districos Webshop\" \/>\n<meta property=\"article:modified_time\" content=\"2026-04-28T09:25:29+00:00\" \/>\n<meta name=\"twitter:card\" content=\"summary_large_image\" \/>\n<meta name=\"twitter:label1\" content=\"Dur\u00e9e de lecture estim\u00e9e\" \/>\n\t<meta name=\"twitter:data1\" content=\"2 minutes\" \/>\n<script type=\"application\/ld+json\" class=\"yoast-schema-graph\">{\"@context\":\"https:\\\/\\\/schema.org\",\"@graph\":[{\"@type\":\"WebPage\",\"@id\":\"https:\\\/\\\/districos.standingout.be\\\/fr\\\/product\\\/veda-pedie-table-de-soins-3-moteurs-ref-8420-53\\\/\",\"url\":\"https:\\\/\\\/districos.standingout.be\\\/fr\\\/product\\\/veda-pedie-table-de-soins-3-moteurs-ref-8420-53\\\/\",\"name\":\"Veda Pedie Table de Soins 3 moteurs - Districos Webshop\",\"isPartOf\":{\"@id\":\"https:\\\/\\\/districos.standingout.be\\\/fr\\\/#website\"},\"primaryImageOfPage\":{\"@id\":\"https:\\\/\\\/districos.standingout.be\\\/fr\\\/product\\\/veda-pedie-table-de-soins-3-moteurs-ref-8420-53\\\/#primaryimage\"},\"image\":{\"@id\":\"https:\\\/\\\/districos.standingout.be\\\/fr\\\/product\\\/veda-pedie-table-de-soins-3-moteurs-ref-8420-53\\\/#primaryimage\"},\"thumbnailUrl\":\"https:\\\/\\\/districos.standingout.be\\\/wp-content\\\/uploads\\\/2025\\\/07\\\/8420.53@LowRes_1.png\",\"datePublished\":\"2026-04-28T09:25:15+00:00\",\"dateModified\":\"2026-04-28T09:25:29+00:00\",\"breadcrumb\":{\"@id\":\"https:\\\/\\\/districos.standingout.be\\\/fr\\\/product\\\/veda-pedie-table-de-soins-3-moteurs-ref-8420-53\\\/#breadcrumb\"},\"inLanguage\":\"fr-FR\",\"potentialAction\":[{\"@type\":\"ReadAction\",\"target\":[\"https:\\\/\\\/districos.standingout.be\\\/fr\\\/product\\\/veda-pedie-table-de-soins-3-moteurs-ref-8420-53\\\/\"]}]},{\"@type\":\"ImageObject\",\"inLanguage\":\"fr-FR\",\"@id\":\"https:\\\/\\\/districos.standingout.be\\\/fr\\\/product\\\/veda-pedie-table-de-soins-3-moteurs-ref-8420-53\\\/#primaryimage\",\"url\":\"https:\\\/\\\/districos.standingout.be\\\/wp-content\\\/uploads\\\/2025\\\/07\\\/8420.53@LowRes_1.png\",\"contentUrl\":\"https:\\\/\\\/districos.standingout.be\\\/wp-content\\\/uploads\\\/2025\\\/07\\\/8420.53@LowRes_1.png\",\"width\":600,\"height\":600},{\"@type\":\"BreadcrumbList\",\"@id\":\"https:\\\/\\\/districos.standingout.be\\\/fr\\\/product\\\/veda-pedie-table-de-soins-3-moteurs-ref-8420-53\\\/#breadcrumb\",\"itemListElement\":[{\"@type\":\"ListItem\",\"position\":1,\"name\":\"Home\",\"item\":\"https:\\\/\\\/districos.standingout.be\\\/fr\\\/bienvenue-chez-districos\\\/\"},{\"@type\":\"ListItem\",\"position\":2,\"name\":\"Boutique\",\"item\":\"https:\\\/\\\/districos.standingout.be\\\/fr\\\/boutique\\\/\"},{\"@type\":\"ListItem\",\"position\":3,\"name\":\"Veda Pedie Table de Soins 3 moteurs\"}]},{\"@type\":\"WebSite\",\"@id\":\"https:\\\/\\\/districos.standingout.be\\\/fr\\\/#website\",\"url\":\"https:\\\/\\\/districos.standingout.be\\\/fr\\\/\",\"name\":\"Districos Webshop\",\"description\":\"\",\"publisher\":{\"@id\":\"https:\\\/\\\/districos.standingout.be\\\/fr\\\/#organization\"},\"potentialAction\":[{\"@type\":\"SearchAction\",\"target\":{\"@type\":\"EntryPoint\",\"urlTemplate\":\"https:\\\/\\\/districos.standingout.be\\\/fr\\\/?s={search_term_string}\"},\"query-input\":{\"@type\":\"PropertyValueSpecification\",\"valueRequired\":true,\"valueName\":\"search_term_string\"}}],\"inLanguage\":\"fr-FR\"},{\"@type\":\"Organization\",\"@id\":\"https:\\\/\\\/districos.standingout.be\\\/fr\\\/#organization\",\"name\":\"Districos Webshop\",\"url\":\"https:\\\/\\\/districos.standingout.be\\\/fr\\\/\",\"logo\":{\"@type\":\"ImageObject\",\"inLanguage\":\"fr-FR\",\"@id\":\"https:\\\/\\\/districos.standingout.be\\\/fr\\\/#\\\/schema\\\/logo\\\/image\\\/\",\"url\":\"https:\\\/\\\/districos.standingout.be\\\/wp-content\\\/uploads\\\/2022\\\/09\\\/Districos_Logo_Webshop.svg\",\"contentUrl\":\"https:\\\/\\\/districos.standingout.be\\\/wp-content\\\/uploads\\\/2022\\\/09\\\/Districos_Logo_Webshop.svg\",\"caption\":\"Districos Webshop\"},\"image\":{\"@id\":\"https:\\\/\\\/districos.standingout.be\\\/fr\\\/#\\\/schema\\\/logo\\\/image\\\/\"}}]}<\/script>\n<!-- \/ Yoast SEO plugin. -->","yoast_head_json":{"title":"Veda Pedie Table de Soins 3 moteurs - Districos Webshop","robots":{"index":"noindex","follow":"follow","max-snippet":"max-snippet:-1","max-image-preview":"max-image-preview:large","max-video-preview":"max-video-preview:-1"},"og_locale":"fr_FR","og_type":"article","og_title":"Veda Pedie Table de Soins 3 moteurs - Districos Webshop","og_description":"Table exclusive, \u00e9l\u00e9gante et polyvalente pour les soins de beaut\u00e9, wellness et m\u00eame les soins des pieds. Vous pouvez effectuer confortablement et de fa\u00e7on d\u00e9tendue tous vos soins avec cette table de soins compl\u00e8tement \u00e9lectrique, aussi bien en position assise que debout. Gr\u00e2ce \u00e0 la matelassure ergothermique qui s\u2019adapte aux contours du corps, votre client(e) [&hellip;]","og_url":"https:\/\/districos.standingout.be\/fr\/product\/veda-pedie-table-de-soins-3-moteurs-ref-8420-53\/","og_site_name":"Districos Webshop","article_modified_time":"2026-04-28T09:25:29+00:00","twitter_card":"summary_large_image","twitter_misc":{"Dur\u00e9e de lecture estim\u00e9e":"2 minutes"},"schema":{"@context":"https:\/\/schema.org","@graph":[{"@type":"WebPage","@id":"https:\/\/districos.standingout.be\/fr\/product\/veda-pedie-table-de-soins-3-moteurs-ref-8420-53\/","url":"https:\/\/districos.standingout.be\/fr\/product\/veda-pedie-table-de-soins-3-moteurs-ref-8420-53\/","name":"Veda Pedie Table de Soins 3 moteurs - Districos Webshop","isPartOf":{"@id":"https:\/\/districos.standingout.be\/fr\/#website"},"primaryImageOfPage":{"@id":"https:\/\/districos.standingout.be\/fr\/product\/veda-pedie-table-de-soins-3-moteurs-ref-8420-53\/#primaryimage"},"image":{"@id":"https:\/\/districos.standingout.be\/fr\/product\/veda-pedie-table-de-soins-3-moteurs-ref-8420-53\/#primaryimage"},"thumbnailUrl":"https:\/\/districos.standingout.be\/wp-content\/uploads\/2025\/07\/8420.53@LowRes_1.png","datePublished":"2026-04-28T09:25:15+00:00","dateModified":"2026-04-28T09:25:29+00:00","breadcrumb":{"@id":"https:\/\/districos.standingout.be\/fr\/product\/veda-pedie-table-de-soins-3-moteurs-ref-8420-53\/#breadcrumb"},"inLanguage":"fr-FR","potentialAction":[{"@type":"ReadAction","target":["https:\/\/districos.standingout.be\/fr\/product\/veda-pedie-table-de-soins-3-moteurs-ref-8420-53\/"]}]},{"@type":"ImageObject","inLanguage":"fr-FR","@id":"https:\/\/districos.standingout.be\/fr\/product\/veda-pedie-table-de-soins-3-moteurs-ref-8420-53\/#primaryimage","url":"https:\/\/districos.standingout.be\/wp-content\/uploads\/2025\/07\/8420.53@LowRes_1.png","contentUrl":"https:\/\/districos.standingout.be\/wp-content\/uploads\/2025\/07\/8420.53@LowRes_1.png","width":600,"height":600},{"@type":"BreadcrumbList","@id":"https:\/\/districos.standingout.be\/fr\/product\/veda-pedie-table-de-soins-3-moteurs-ref-8420-53\/#breadcrumb","itemListElement":[{"@type":"ListItem","position":1,"name":"Home","item":"https:\/\/districos.standingout.be\/fr\/bienvenue-chez-districos\/"},{"@type":"ListItem","position":2,"name":"Boutique","item":"https:\/\/districos.standingout.be\/fr\/boutique\/"},{"@type":"ListItem","position":3,"name":"Veda Pedie Table de Soins 3 moteurs"}]},{"@type":"WebSite","@id":"https:\/\/districos.standingout.be\/fr\/#website","url":"https:\/\/districos.standingout.be\/fr\/","name":"Districos Webshop","description":"","publisher":{"@id":"https:\/\/districos.standingout.be\/fr\/#organization"},"potentialAction":[{"@type":"SearchAction","target":{"@type":"EntryPoint","urlTemplate":"https:\/\/districos.standingout.be\/fr\/?s={search_term_string}"},"query-input":{"@type":"PropertyValueSpecification","valueRequired":true,"valueName":"search_term_string"}}],"inLanguage":"fr-FR"},{"@type":"Organization","@id":"https:\/\/districos.standingout.be\/fr\/#organization","name":"Districos Webshop","url":"https:\/\/districos.standingout.be\/fr\/","logo":{"@type":"ImageObject","inLanguage":"fr-FR","@id":"https:\/\/districos.standingout.be\/fr\/#\/schema\/logo\/image\/","url":"https:\/\/districos.standingout.be\/wp-content\/uploads\/2022\/09\/Districos_Logo_Webshop.svg","contentUrl":"https:\/\/districos.standingout.be\/wp-content\/uploads\/2022\/09\/Districos_Logo_Webshop.svg","caption":"Districos Webshop"},"image":{"@id":"https:\/\/districos.standingout.be\/fr\/#\/schema\/logo\/image\/"}}]}},"_links":{"self":[{"href":"https:\/\/districos.standingout.be\/fr\/wp-json\/wp\/v2\/product\/138465","targetHints":{"allow":["GET"]}}],"collection":[{"href":"https:\/\/districos.standingout.be\/fr\/wp-json\/wp\/v2\/product"}],"about":[{"href":"https:\/\/districos.standingout.be\/fr\/wp-json\/wp\/v2\/types\/product"}],"replies":[{"embeddable":true,"href":"https:\/\/districos.standingout.be\/fr\/wp-json\/wp\/v2\/comments?post=138465"}],"wp:featuredmedia":[{"embeddable":true,"href":"https:\/\/districos.standingout.be\/fr\/wp-json\/wp\/v2\/media\/81485"}],"wp:attachment":[{"href":"https:\/\/districos.standingout.be\/fr\/wp-json\/wp\/v2\/media?parent=138465"}],"wp:term":[{"taxonomy":"product_brand","embeddable":true,"href":"https:\/\/districos.standingout.be\/fr\/wp-json\/wp\/v2\/product_brand?post=138465"},{"taxonomy":"product_cat","embeddable":true,"href":"https:\/\/districos.standingout.be\/fr\/wp-json\/wp\/v2\/product_cat?post=138465"},{"taxonomy":"product_tag","embeddable":true,"href":"https:\/\/districos.standingout.be\/fr\/wp-json\/wp\/v2\/product_tag?post=138465"}],"curies":[{"name":"wp","href":"https:\/\/api.w.org\/{rel}","templated":true}]}}