{"id":138467,"date":"2026-04-28T11:25:29","date_gmt":"2026-04-28T09:25:29","guid":{"rendered":"https:\/\/webshopdistricoscom.webhosting.be\/product\/softlind-siege-selle-bas-avec-dossier-ref-8420-72\/"},"modified":"2026-04-28T11:25:41","modified_gmt":"2026-04-28T09:25:41","slug":"softlind-siege-selle-bas-avec-dossier-ref-8420-72","status":"publish","type":"product","link":"https:\/\/districos.standingout.be\/fr\/product\/softlind-siege-selle-bas-avec-dossier-ref-8420-72\/","title":{"rendered":"Softlind Si\u00e8ge-Selle Bas avec Dossier"},"content":{"rendered":"<p >\n<p dir=ltr>Si\u00e8ge-selle ergonomique pour une position de travail tout \u00e0 fait relaxant et raisonnable. En plus, le coussin ergothermique du si\u00e8ge s\u2019adapte au contour du corps.<\/p>\n<p> Ce tabouret peut \u00eatre \u00e9quip\u00e9 des v\u00e9rins \u00e0 gaz diff\u00e9rents (voir options). Ajoutez, si vous d\u00e9sirez une autre hauteur, le v\u00e9rin \u00e0 gaz de votre choix \u00e0 votre commande.<\/p>\n<p> Caract\u00e9ristiques : <\/p>\n<ul> <\/p>\n<li>Pied pentagonal chrom\u00e9<\/li>\n<p> <\/p>\n<li>Hauteur r\u00e9glable entre 45 et 58 cm (standard)<\/li>\n<p> <\/p>\n<li>Hauteur r\u00e9glable avec v\u00e9rin \u00e0 gaz (-5, +10 en +20 cm)<\/li>\n<p> <\/p>\n<li>Dossier creus\u00e9 dynamique : r\u00e9glable en hauteur et basculant<\/li>\n<p> <\/p>\n<li>Si\u00e8ge-selle ergonomique<\/li>\n<p> <\/p>\n<li>Largeur du si\u00e8ge : 42 cm<\/li>\n<p> <\/p>\n<li>Rev\u00eatement : ska\u00ef (cuir artificiel)<\/li>\n<p> <\/p>\n<li>Couleur : blanc<\/li>\n<p> <\/ul>\n<p> Options : <\/p>\n<ul> <\/p>\n<li>Repose-pieds chrom\u00e9 (R\u00e9f. 8502.351)<\/li>\n<p> <\/p>\n<li>V\u00e9rin \u00e0 gaz extra bas (-5 cm, R\u00e9f. 8403.500), v\u00e9rin \u00e0 gaz long (+10 cm, R\u00e9f. 8403.501) ou v\u00e9rin \u00e0 gaz extra long (+20 cm, R\u00e9f. 8403.502)<\/li>\n<p> <\/p>\n<li>Housses universelles pour tabourets en coton stretch ou stretch velours, blanches ou vanille<\/li>\n<p> <\/ul>\n<p> Si\u00e8ge-selle Softlind avec Dossier, 8420.72 <\/p>\n<ul> <\/ul><\/p>\n","protected":false},"excerpt":{"rendered":"<p>Si\u00e8ge-selle ergonomique pour une position de travail tout \u00e0 fait relaxant et raisonnable. En plus, le coussin ergothermique du si\u00e8ge s\u2019adapte au contour du corps. Ce tabouret peut \u00eatre \u00e9quip\u00e9 des v\u00e9rins \u00e0 gaz diff\u00e9rents (voir options). Ajoutez, si vous d\u00e9sirez une autre hauteur, le v\u00e9rin \u00e0 gaz de votre choix \u00e0 votre commande. Caract\u00e9ristiques [&hellip;]<\/p>\n","protected":false},"featured_media":81491,"comment_status":"open","ping_status":"closed","template":"","meta":{"_acf_changed":false},"product_brand":[10348],"product_cat":[9960,10233,10068,10106],"product_tag":[],"class_list":{"0":"post-138467","1":"product","2":"type-product","3":"status-publish","4":"has-post-thumbnail","6":"product_brand-cosmoderm-fr","7":"product_cat-beaute-pedicure-amenagement-du-cabinet","8":"product_cat-amenagement-fauteuils-de-traitement-pedicure","9":"product_cat-soins-des-pieds-podologie-amenagement-du-cabinet-tabourets","10":"product_cat-amenagement-amenagement-tabourets","12":"first","13":"instock","14":"taxable","15":"shipping-taxable","16":"product-type-simple"},"acf":[],"yoast_head":"<!-- This site is optimized with the Yoast SEO plugin v27.3 - https:\/\/yoast.com\/product\/yoast-seo-wordpress\/ -->\n<title>Softlind Si\u00e8ge-Selle Bas avec Dossier - Districos Webshop<\/title>\n<meta name=\"robots\" content=\"noindex, follow, max-snippet:-1, max-image-preview:large, max-video-preview:-1\" \/>\n<meta property=\"og:locale\" content=\"fr_FR\" \/>\n<meta property=\"og:type\" content=\"article\" \/>\n<meta property=\"og:title\" content=\"Softlind Si\u00e8ge-Selle Bas avec Dossier - Districos Webshop\" \/>\n<meta property=\"og:description\" content=\"Si\u00e8ge-selle ergonomique pour une position de travail tout \u00e0 fait relaxant et raisonnable. En plus, le coussin ergothermique du si\u00e8ge s\u2019adapte au contour du corps. Ce tabouret peut \u00eatre \u00e9quip\u00e9 des v\u00e9rins \u00e0 gaz diff\u00e9rents (voir options). Ajoutez, si vous d\u00e9sirez une autre hauteur, le v\u00e9rin \u00e0 gaz de votre choix \u00e0 votre commande. Caract\u00e9ristiques [&hellip;]\" \/>\n<meta property=\"og:url\" content=\"https:\/\/districos.standingout.be\/fr\/product\/softlind-siege-selle-bas-avec-dossier-ref-8420-72\/\" \/>\n<meta property=\"og:site_name\" content=\"Districos Webshop\" \/>\n<meta property=\"article:modified_time\" content=\"2026-04-28T09:25:41+00:00\" \/>\n<meta name=\"twitter:card\" content=\"summary_large_image\" \/>\n<meta name=\"twitter:label1\" content=\"Dur\u00e9e de lecture estim\u00e9e\" \/>\n\t<meta name=\"twitter:data1\" content=\"1 minute\" \/>\n<script type=\"application\/ld+json\" class=\"yoast-schema-graph\">{\"@context\":\"https:\\\/\\\/schema.org\",\"@graph\":[{\"@type\":\"WebPage\",\"@id\":\"https:\\\/\\\/districos.standingout.be\\\/fr\\\/product\\\/softlind-siege-selle-bas-avec-dossier-ref-8420-72\\\/\",\"url\":\"https:\\\/\\\/districos.standingout.be\\\/fr\\\/product\\\/softlind-siege-selle-bas-avec-dossier-ref-8420-72\\\/\",\"name\":\"Softlind Si\u00e8ge-Selle Bas avec Dossier - Districos Webshop\",\"isPartOf\":{\"@id\":\"https:\\\/\\\/districos.standingout.be\\\/fr\\\/#website\"},\"primaryImageOfPage\":{\"@id\":\"https:\\\/\\\/districos.standingout.be\\\/fr\\\/product\\\/softlind-siege-selle-bas-avec-dossier-ref-8420-72\\\/#primaryimage\"},\"image\":{\"@id\":\"https:\\\/\\\/districos.standingout.be\\\/fr\\\/product\\\/softlind-siege-selle-bas-avec-dossier-ref-8420-72\\\/#primaryimage\"},\"thumbnailUrl\":\"https:\\\/\\\/districos.standingout.be\\\/wp-content\\\/uploads\\\/2025\\\/07\\\/8420.72@LowRes_1.png\",\"datePublished\":\"2026-04-28T09:25:29+00:00\",\"dateModified\":\"2026-04-28T09:25:41+00:00\",\"breadcrumb\":{\"@id\":\"https:\\\/\\\/districos.standingout.be\\\/fr\\\/product\\\/softlind-siege-selle-bas-avec-dossier-ref-8420-72\\\/#breadcrumb\"},\"inLanguage\":\"fr-FR\",\"potentialAction\":[{\"@type\":\"ReadAction\",\"target\":[\"https:\\\/\\\/districos.standingout.be\\\/fr\\\/product\\\/softlind-siege-selle-bas-avec-dossier-ref-8420-72\\\/\"]}]},{\"@type\":\"ImageObject\",\"inLanguage\":\"fr-FR\",\"@id\":\"https:\\\/\\\/districos.standingout.be\\\/fr\\\/product\\\/softlind-siege-selle-bas-avec-dossier-ref-8420-72\\\/#primaryimage\",\"url\":\"https:\\\/\\\/districos.standingout.be\\\/wp-content\\\/uploads\\\/2025\\\/07\\\/8420.72@LowRes_1.png\",\"contentUrl\":\"https:\\\/\\\/districos.standingout.be\\\/wp-content\\\/uploads\\\/2025\\\/07\\\/8420.72@LowRes_1.png\",\"width\":600,\"height\":600},{\"@type\":\"BreadcrumbList\",\"@id\":\"https:\\\/\\\/districos.standingout.be\\\/fr\\\/product\\\/softlind-siege-selle-bas-avec-dossier-ref-8420-72\\\/#breadcrumb\",\"itemListElement\":[{\"@type\":\"ListItem\",\"position\":1,\"name\":\"Home\",\"item\":\"https:\\\/\\\/districos.standingout.be\\\/fr\\\/bienvenue-chez-districos\\\/\"},{\"@type\":\"ListItem\",\"position\":2,\"name\":\"Boutique\",\"item\":\"https:\\\/\\\/districos.standingout.be\\\/fr\\\/boutique\\\/\"},{\"@type\":\"ListItem\",\"position\":3,\"name\":\"Softlind Si\u00e8ge-Selle Bas avec Dossier\"}]},{\"@type\":\"WebSite\",\"@id\":\"https:\\\/\\\/districos.standingout.be\\\/fr\\\/#website\",\"url\":\"https:\\\/\\\/districos.standingout.be\\\/fr\\\/\",\"name\":\"Districos Webshop\",\"description\":\"\",\"publisher\":{\"@id\":\"https:\\\/\\\/districos.standingout.be\\\/fr\\\/#organization\"},\"potentialAction\":[{\"@type\":\"SearchAction\",\"target\":{\"@type\":\"EntryPoint\",\"urlTemplate\":\"https:\\\/\\\/districos.standingout.be\\\/fr\\\/?s={search_term_string}\"},\"query-input\":{\"@type\":\"PropertyValueSpecification\",\"valueRequired\":true,\"valueName\":\"search_term_string\"}}],\"inLanguage\":\"fr-FR\"},{\"@type\":\"Organization\",\"@id\":\"https:\\\/\\\/districos.standingout.be\\\/fr\\\/#organization\",\"name\":\"Districos Webshop\",\"url\":\"https:\\\/\\\/districos.standingout.be\\\/fr\\\/\",\"logo\":{\"@type\":\"ImageObject\",\"inLanguage\":\"fr-FR\",\"@id\":\"https:\\\/\\\/districos.standingout.be\\\/fr\\\/#\\\/schema\\\/logo\\\/image\\\/\",\"url\":\"https:\\\/\\\/districos.standingout.be\\\/wp-content\\\/uploads\\\/2022\\\/09\\\/Districos_Logo_Webshop.svg\",\"contentUrl\":\"https:\\\/\\\/districos.standingout.be\\\/wp-content\\\/uploads\\\/2022\\\/09\\\/Districos_Logo_Webshop.svg\",\"caption\":\"Districos Webshop\"},\"image\":{\"@id\":\"https:\\\/\\\/districos.standingout.be\\\/fr\\\/#\\\/schema\\\/logo\\\/image\\\/\"}}]}<\/script>\n<!-- \/ Yoast SEO plugin. -->","yoast_head_json":{"title":"Softlind Si\u00e8ge-Selle Bas avec Dossier - Districos Webshop","robots":{"index":"noindex","follow":"follow","max-snippet":"max-snippet:-1","max-image-preview":"max-image-preview:large","max-video-preview":"max-video-preview:-1"},"og_locale":"fr_FR","og_type":"article","og_title":"Softlind Si\u00e8ge-Selle Bas avec Dossier - Districos Webshop","og_description":"Si\u00e8ge-selle ergonomique pour une position de travail tout \u00e0 fait relaxant et raisonnable. En plus, le coussin ergothermique du si\u00e8ge s\u2019adapte au contour du corps. Ce tabouret peut \u00eatre \u00e9quip\u00e9 des v\u00e9rins \u00e0 gaz diff\u00e9rents (voir options). Ajoutez, si vous d\u00e9sirez une autre hauteur, le v\u00e9rin \u00e0 gaz de votre choix \u00e0 votre commande. Caract\u00e9ristiques [&hellip;]","og_url":"https:\/\/districos.standingout.be\/fr\/product\/softlind-siege-selle-bas-avec-dossier-ref-8420-72\/","og_site_name":"Districos Webshop","article_modified_time":"2026-04-28T09:25:41+00:00","twitter_card":"summary_large_image","twitter_misc":{"Dur\u00e9e de lecture estim\u00e9e":"1 minute"},"schema":{"@context":"https:\/\/schema.org","@graph":[{"@type":"WebPage","@id":"https:\/\/districos.standingout.be\/fr\/product\/softlind-siege-selle-bas-avec-dossier-ref-8420-72\/","url":"https:\/\/districos.standingout.be\/fr\/product\/softlind-siege-selle-bas-avec-dossier-ref-8420-72\/","name":"Softlind Si\u00e8ge-Selle Bas avec Dossier - Districos Webshop","isPartOf":{"@id":"https:\/\/districos.standingout.be\/fr\/#website"},"primaryImageOfPage":{"@id":"https:\/\/districos.standingout.be\/fr\/product\/softlind-siege-selle-bas-avec-dossier-ref-8420-72\/#primaryimage"},"image":{"@id":"https:\/\/districos.standingout.be\/fr\/product\/softlind-siege-selle-bas-avec-dossier-ref-8420-72\/#primaryimage"},"thumbnailUrl":"https:\/\/districos.standingout.be\/wp-content\/uploads\/2025\/07\/8420.72@LowRes_1.png","datePublished":"2026-04-28T09:25:29+00:00","dateModified":"2026-04-28T09:25:41+00:00","breadcrumb":{"@id":"https:\/\/districos.standingout.be\/fr\/product\/softlind-siege-selle-bas-avec-dossier-ref-8420-72\/#breadcrumb"},"inLanguage":"fr-FR","potentialAction":[{"@type":"ReadAction","target":["https:\/\/districos.standingout.be\/fr\/product\/softlind-siege-selle-bas-avec-dossier-ref-8420-72\/"]}]},{"@type":"ImageObject","inLanguage":"fr-FR","@id":"https:\/\/districos.standingout.be\/fr\/product\/softlind-siege-selle-bas-avec-dossier-ref-8420-72\/#primaryimage","url":"https:\/\/districos.standingout.be\/wp-content\/uploads\/2025\/07\/8420.72@LowRes_1.png","contentUrl":"https:\/\/districos.standingout.be\/wp-content\/uploads\/2025\/07\/8420.72@LowRes_1.png","width":600,"height":600},{"@type":"BreadcrumbList","@id":"https:\/\/districos.standingout.be\/fr\/product\/softlind-siege-selle-bas-avec-dossier-ref-8420-72\/#breadcrumb","itemListElement":[{"@type":"ListItem","position":1,"name":"Home","item":"https:\/\/districos.standingout.be\/fr\/bienvenue-chez-districos\/"},{"@type":"ListItem","position":2,"name":"Boutique","item":"https:\/\/districos.standingout.be\/fr\/boutique\/"},{"@type":"ListItem","position":3,"name":"Softlind Si\u00e8ge-Selle Bas avec Dossier"}]},{"@type":"WebSite","@id":"https:\/\/districos.standingout.be\/fr\/#website","url":"https:\/\/districos.standingout.be\/fr\/","name":"Districos Webshop","description":"","publisher":{"@id":"https:\/\/districos.standingout.be\/fr\/#organization"},"potentialAction":[{"@type":"SearchAction","target":{"@type":"EntryPoint","urlTemplate":"https:\/\/districos.standingout.be\/fr\/?s={search_term_string}"},"query-input":{"@type":"PropertyValueSpecification","valueRequired":true,"valueName":"search_term_string"}}],"inLanguage":"fr-FR"},{"@type":"Organization","@id":"https:\/\/districos.standingout.be\/fr\/#organization","name":"Districos Webshop","url":"https:\/\/districos.standingout.be\/fr\/","logo":{"@type":"ImageObject","inLanguage":"fr-FR","@id":"https:\/\/districos.standingout.be\/fr\/#\/schema\/logo\/image\/","url":"https:\/\/districos.standingout.be\/wp-content\/uploads\/2022\/09\/Districos_Logo_Webshop.svg","contentUrl":"https:\/\/districos.standingout.be\/wp-content\/uploads\/2022\/09\/Districos_Logo_Webshop.svg","caption":"Districos Webshop"},"image":{"@id":"https:\/\/districos.standingout.be\/fr\/#\/schema\/logo\/image\/"}}]}},"_links":{"self":[{"href":"https:\/\/districos.standingout.be\/fr\/wp-json\/wp\/v2\/product\/138467","targetHints":{"allow":["GET"]}}],"collection":[{"href":"https:\/\/districos.standingout.be\/fr\/wp-json\/wp\/v2\/product"}],"about":[{"href":"https:\/\/districos.standingout.be\/fr\/wp-json\/wp\/v2\/types\/product"}],"replies":[{"embeddable":true,"href":"https:\/\/districos.standingout.be\/fr\/wp-json\/wp\/v2\/comments?post=138467"}],"wp:featuredmedia":[{"embeddable":true,"href":"https:\/\/districos.standingout.be\/fr\/wp-json\/wp\/v2\/media\/81491"}],"wp:attachment":[{"href":"https:\/\/districos.standingout.be\/fr\/wp-json\/wp\/v2\/media?parent=138467"}],"wp:term":[{"taxonomy":"product_brand","embeddable":true,"href":"https:\/\/districos.standingout.be\/fr\/wp-json\/wp\/v2\/product_brand?post=138467"},{"taxonomy":"product_cat","embeddable":true,"href":"https:\/\/districos.standingout.be\/fr\/wp-json\/wp\/v2\/product_cat?post=138467"},{"taxonomy":"product_tag","embeddable":true,"href":"https:\/\/districos.standingout.be\/fr\/wp-json\/wp\/v2\/product_tag?post=138467"}],"curies":[{"name":"wp","href":"https:\/\/api.w.org\/{rel}","templated":true}]}}