{"id":138485,"date":"2026-04-28T11:26:15","date_gmt":"2026-04-28T09:26:15","guid":{"rendered":"https:\/\/webshopdistricoscom.webhosting.be\/product\/martha-gueridon-3-niveaux-ref-8429-05\/"},"modified":"2026-04-28T11:26:25","modified_gmt":"2026-04-28T09:26:25","slug":"martha-gueridon-3-niveaux-ref-8429-05","status":"publish","type":"product","link":"https:\/\/districos.standingout.be\/fr\/product\/martha-gueridon-3-niveaux-ref-8429-05\/","title":{"rendered":"Martha Gu\u00e9ridon 3 Niveaux"},"content":{"rendered":"<p >\n<p dir=ltr>Chariot \u00e0 3 \u00e9tages. Mat\u00e9riau durable de finition \u00e9l\u00e9gante.<\/p>\n<p> Dimensions : 61 x 43 x 82 cm (L x l x h)<\/p>\n<p> Couleur : blanc<br \/> Mat\u00e9riau : <\/p>\n<ul> <\/p>\n<li>Cadre : m\u00e9tal de rev\u00eatement en poudre<\/li>\n<p> <\/p>\n<li>Tablettes : panneaux de fibres lamin\u00e9s<\/li>\n<p> <\/p>\n<li>Roulettes : plastiques<\/li>\n<p> <\/ul><\/p>\n","protected":false},"excerpt":{"rendered":"<p>Chariot \u00e0 3 \u00e9tages. Mat\u00e9riau durable de finition \u00e9l\u00e9gante. Dimensions : 61 x 43 x 82 cm (L x l x h) Couleur : blanc Mat\u00e9riau : Cadre : m\u00e9tal de rev\u00eatement en poudre Tablettes : panneaux de fibres lamin\u00e9s Roulettes : plastiques<\/p>\n","protected":false},"featured_media":81524,"comment_status":"open","ping_status":"closed","template":"","meta":{"_acf_changed":false},"product_brand":[10612],"product_cat":[10110,10233,10072],"product_tag":[],"class_list":{"0":"post-138485","1":"product","2":"type-product","3":"status-publish","4":"has-post-thumbnail","6":"product_brand-zenna-fr","7":"product_cat-amenagement-amenagement-gueridons","8":"product_cat-amenagement-fauteuils-de-traitement-pedicure","9":"product_cat-soins-des-pieds-podologie-amenagement-du-cabinet-tables-de-travail","11":"first","12":"instock","13":"taxable","14":"shipping-taxable","15":"product-type-simple"},"acf":[],"yoast_head":"<!-- This site is optimized with the Yoast SEO plugin v27.3 - https:\/\/yoast.com\/product\/yoast-seo-wordpress\/ -->\n<title>Martha Gu\u00e9ridon 3 Niveaux - Districos Webshop<\/title>\n<meta name=\"robots\" content=\"noindex, follow, max-snippet:-1, max-image-preview:large, max-video-preview:-1\" \/>\n<meta property=\"og:locale\" content=\"fr_FR\" \/>\n<meta property=\"og:type\" content=\"article\" \/>\n<meta property=\"og:title\" content=\"Martha Gu\u00e9ridon 3 Niveaux - Districos Webshop\" \/>\n<meta property=\"og:description\" content=\"Chariot \u00e0 3 \u00e9tages. Mat\u00e9riau durable de finition \u00e9l\u00e9gante. Dimensions : 61 x 43 x 82 cm (L x l x h) Couleur : blanc Mat\u00e9riau : Cadre : m\u00e9tal de rev\u00eatement en poudre Tablettes : panneaux de fibres lamin\u00e9s Roulettes : plastiques\" \/>\n<meta property=\"og:url\" content=\"https:\/\/districos.standingout.be\/fr\/product\/martha-gueridon-3-niveaux-ref-8429-05\/\" \/>\n<meta property=\"og:site_name\" content=\"Districos Webshop\" \/>\n<meta property=\"article:modified_time\" content=\"2026-04-28T09:26:25+00:00\" \/>\n<meta name=\"twitter:card\" content=\"summary_large_image\" \/>\n<script type=\"application\/ld+json\" class=\"yoast-schema-graph\">{\"@context\":\"https:\\\/\\\/schema.org\",\"@graph\":[{\"@type\":\"WebPage\",\"@id\":\"https:\\\/\\\/districos.standingout.be\\\/fr\\\/product\\\/martha-gueridon-3-niveaux-ref-8429-05\\\/\",\"url\":\"https:\\\/\\\/districos.standingout.be\\\/fr\\\/product\\\/martha-gueridon-3-niveaux-ref-8429-05\\\/\",\"name\":\"Martha Gu\u00e9ridon 3 Niveaux - Districos Webshop\",\"isPartOf\":{\"@id\":\"https:\\\/\\\/districos.standingout.be\\\/fr\\\/#website\"},\"primaryImageOfPage\":{\"@id\":\"https:\\\/\\\/districos.standingout.be\\\/fr\\\/product\\\/martha-gueridon-3-niveaux-ref-8429-05\\\/#primaryimage\"},\"image\":{\"@id\":\"https:\\\/\\\/districos.standingout.be\\\/fr\\\/product\\\/martha-gueridon-3-niveaux-ref-8429-05\\\/#primaryimage\"},\"thumbnailUrl\":\"https:\\\/\\\/districos.standingout.be\\\/wp-content\\\/uploads\\\/2025\\\/07\\\/8429.05@LowRes_1.png\",\"datePublished\":\"2026-04-28T09:26:15+00:00\",\"dateModified\":\"2026-04-28T09:26:25+00:00\",\"breadcrumb\":{\"@id\":\"https:\\\/\\\/districos.standingout.be\\\/fr\\\/product\\\/martha-gueridon-3-niveaux-ref-8429-05\\\/#breadcrumb\"},\"inLanguage\":\"fr-FR\",\"potentialAction\":[{\"@type\":\"ReadAction\",\"target\":[\"https:\\\/\\\/districos.standingout.be\\\/fr\\\/product\\\/martha-gueridon-3-niveaux-ref-8429-05\\\/\"]}]},{\"@type\":\"ImageObject\",\"inLanguage\":\"fr-FR\",\"@id\":\"https:\\\/\\\/districos.standingout.be\\\/fr\\\/product\\\/martha-gueridon-3-niveaux-ref-8429-05\\\/#primaryimage\",\"url\":\"https:\\\/\\\/districos.standingout.be\\\/wp-content\\\/uploads\\\/2025\\\/07\\\/8429.05@LowRes_1.png\",\"contentUrl\":\"https:\\\/\\\/districos.standingout.be\\\/wp-content\\\/uploads\\\/2025\\\/07\\\/8429.05@LowRes_1.png\",\"width\":600,\"height\":600},{\"@type\":\"BreadcrumbList\",\"@id\":\"https:\\\/\\\/districos.standingout.be\\\/fr\\\/product\\\/martha-gueridon-3-niveaux-ref-8429-05\\\/#breadcrumb\",\"itemListElement\":[{\"@type\":\"ListItem\",\"position\":1,\"name\":\"Home\",\"item\":\"https:\\\/\\\/districos.standingout.be\\\/fr\\\/bienvenue-chez-districos\\\/\"},{\"@type\":\"ListItem\",\"position\":2,\"name\":\"Boutique\",\"item\":\"https:\\\/\\\/districos.standingout.be\\\/fr\\\/boutique\\\/\"},{\"@type\":\"ListItem\",\"position\":3,\"name\":\"Martha Gu\u00e9ridon 3 Niveaux\"}]},{\"@type\":\"WebSite\",\"@id\":\"https:\\\/\\\/districos.standingout.be\\\/fr\\\/#website\",\"url\":\"https:\\\/\\\/districos.standingout.be\\\/fr\\\/\",\"name\":\"Districos Webshop\",\"description\":\"\",\"publisher\":{\"@id\":\"https:\\\/\\\/districos.standingout.be\\\/fr\\\/#organization\"},\"potentialAction\":[{\"@type\":\"SearchAction\",\"target\":{\"@type\":\"EntryPoint\",\"urlTemplate\":\"https:\\\/\\\/districos.standingout.be\\\/fr\\\/?s={search_term_string}\"},\"query-input\":{\"@type\":\"PropertyValueSpecification\",\"valueRequired\":true,\"valueName\":\"search_term_string\"}}],\"inLanguage\":\"fr-FR\"},{\"@type\":\"Organization\",\"@id\":\"https:\\\/\\\/districos.standingout.be\\\/fr\\\/#organization\",\"name\":\"Districos Webshop\",\"url\":\"https:\\\/\\\/districos.standingout.be\\\/fr\\\/\",\"logo\":{\"@type\":\"ImageObject\",\"inLanguage\":\"fr-FR\",\"@id\":\"https:\\\/\\\/districos.standingout.be\\\/fr\\\/#\\\/schema\\\/logo\\\/image\\\/\",\"url\":\"https:\\\/\\\/districos.standingout.be\\\/wp-content\\\/uploads\\\/2022\\\/09\\\/Districos_Logo_Webshop.svg\",\"contentUrl\":\"https:\\\/\\\/districos.standingout.be\\\/wp-content\\\/uploads\\\/2022\\\/09\\\/Districos_Logo_Webshop.svg\",\"caption\":\"Districos Webshop\"},\"image\":{\"@id\":\"https:\\\/\\\/districos.standingout.be\\\/fr\\\/#\\\/schema\\\/logo\\\/image\\\/\"}}]}<\/script>\n<!-- \/ Yoast SEO plugin. -->","yoast_head_json":{"title":"Martha Gu\u00e9ridon 3 Niveaux - Districos Webshop","robots":{"index":"noindex","follow":"follow","max-snippet":"max-snippet:-1","max-image-preview":"max-image-preview:large","max-video-preview":"max-video-preview:-1"},"og_locale":"fr_FR","og_type":"article","og_title":"Martha Gu\u00e9ridon 3 Niveaux - Districos Webshop","og_description":"Chariot \u00e0 3 \u00e9tages. Mat\u00e9riau durable de finition \u00e9l\u00e9gante. Dimensions : 61 x 43 x 82 cm (L x l x h) Couleur : blanc Mat\u00e9riau : Cadre : m\u00e9tal de rev\u00eatement en poudre Tablettes : panneaux de fibres lamin\u00e9s Roulettes : plastiques","og_url":"https:\/\/districos.standingout.be\/fr\/product\/martha-gueridon-3-niveaux-ref-8429-05\/","og_site_name":"Districos Webshop","article_modified_time":"2026-04-28T09:26:25+00:00","twitter_card":"summary_large_image","schema":{"@context":"https:\/\/schema.org","@graph":[{"@type":"WebPage","@id":"https:\/\/districos.standingout.be\/fr\/product\/martha-gueridon-3-niveaux-ref-8429-05\/","url":"https:\/\/districos.standingout.be\/fr\/product\/martha-gueridon-3-niveaux-ref-8429-05\/","name":"Martha Gu\u00e9ridon 3 Niveaux - Districos Webshop","isPartOf":{"@id":"https:\/\/districos.standingout.be\/fr\/#website"},"primaryImageOfPage":{"@id":"https:\/\/districos.standingout.be\/fr\/product\/martha-gueridon-3-niveaux-ref-8429-05\/#primaryimage"},"image":{"@id":"https:\/\/districos.standingout.be\/fr\/product\/martha-gueridon-3-niveaux-ref-8429-05\/#primaryimage"},"thumbnailUrl":"https:\/\/districos.standingout.be\/wp-content\/uploads\/2025\/07\/8429.05@LowRes_1.png","datePublished":"2026-04-28T09:26:15+00:00","dateModified":"2026-04-28T09:26:25+00:00","breadcrumb":{"@id":"https:\/\/districos.standingout.be\/fr\/product\/martha-gueridon-3-niveaux-ref-8429-05\/#breadcrumb"},"inLanguage":"fr-FR","potentialAction":[{"@type":"ReadAction","target":["https:\/\/districos.standingout.be\/fr\/product\/martha-gueridon-3-niveaux-ref-8429-05\/"]}]},{"@type":"ImageObject","inLanguage":"fr-FR","@id":"https:\/\/districos.standingout.be\/fr\/product\/martha-gueridon-3-niveaux-ref-8429-05\/#primaryimage","url":"https:\/\/districos.standingout.be\/wp-content\/uploads\/2025\/07\/8429.05@LowRes_1.png","contentUrl":"https:\/\/districos.standingout.be\/wp-content\/uploads\/2025\/07\/8429.05@LowRes_1.png","width":600,"height":600},{"@type":"BreadcrumbList","@id":"https:\/\/districos.standingout.be\/fr\/product\/martha-gueridon-3-niveaux-ref-8429-05\/#breadcrumb","itemListElement":[{"@type":"ListItem","position":1,"name":"Home","item":"https:\/\/districos.standingout.be\/fr\/bienvenue-chez-districos\/"},{"@type":"ListItem","position":2,"name":"Boutique","item":"https:\/\/districos.standingout.be\/fr\/boutique\/"},{"@type":"ListItem","position":3,"name":"Martha Gu\u00e9ridon 3 Niveaux"}]},{"@type":"WebSite","@id":"https:\/\/districos.standingout.be\/fr\/#website","url":"https:\/\/districos.standingout.be\/fr\/","name":"Districos Webshop","description":"","publisher":{"@id":"https:\/\/districos.standingout.be\/fr\/#organization"},"potentialAction":[{"@type":"SearchAction","target":{"@type":"EntryPoint","urlTemplate":"https:\/\/districos.standingout.be\/fr\/?s={search_term_string}"},"query-input":{"@type":"PropertyValueSpecification","valueRequired":true,"valueName":"search_term_string"}}],"inLanguage":"fr-FR"},{"@type":"Organization","@id":"https:\/\/districos.standingout.be\/fr\/#organization","name":"Districos Webshop","url":"https:\/\/districos.standingout.be\/fr\/","logo":{"@type":"ImageObject","inLanguage":"fr-FR","@id":"https:\/\/districos.standingout.be\/fr\/#\/schema\/logo\/image\/","url":"https:\/\/districos.standingout.be\/wp-content\/uploads\/2022\/09\/Districos_Logo_Webshop.svg","contentUrl":"https:\/\/districos.standingout.be\/wp-content\/uploads\/2022\/09\/Districos_Logo_Webshop.svg","caption":"Districos Webshop"},"image":{"@id":"https:\/\/districos.standingout.be\/fr\/#\/schema\/logo\/image\/"}}]}},"_links":{"self":[{"href":"https:\/\/districos.standingout.be\/fr\/wp-json\/wp\/v2\/product\/138485","targetHints":{"allow":["GET"]}}],"collection":[{"href":"https:\/\/districos.standingout.be\/fr\/wp-json\/wp\/v2\/product"}],"about":[{"href":"https:\/\/districos.standingout.be\/fr\/wp-json\/wp\/v2\/types\/product"}],"replies":[{"embeddable":true,"href":"https:\/\/districos.standingout.be\/fr\/wp-json\/wp\/v2\/comments?post=138485"}],"wp:featuredmedia":[{"embeddable":true,"href":"https:\/\/districos.standingout.be\/fr\/wp-json\/wp\/v2\/media\/81524"}],"wp:attachment":[{"href":"https:\/\/districos.standingout.be\/fr\/wp-json\/wp\/v2\/media?parent=138485"}],"wp:term":[{"taxonomy":"product_brand","embeddable":true,"href":"https:\/\/districos.standingout.be\/fr\/wp-json\/wp\/v2\/product_brand?post=138485"},{"taxonomy":"product_cat","embeddable":true,"href":"https:\/\/districos.standingout.be\/fr\/wp-json\/wp\/v2\/product_cat?post=138485"},{"taxonomy":"product_tag","embeddable":true,"href":"https:\/\/districos.standingout.be\/fr\/wp-json\/wp\/v2\/product_tag?post=138485"}],"curies":[{"name":"wp","href":"https:\/\/api.w.org\/{rel}","templated":true}]}}